{"id":2052,"date":"2023-10-22T14:25:42","date_gmt":"2023-10-22T14:25:42","guid":{"rendered":"https:\/\/exceladvisor.org\/tr\/calisma-kitabini-kaydet\/"},"modified":"2023-12-10T05:59:12","modified_gmt":"2023-12-10T05:59:12","slug":"calisma-kitabini-kaydet","status":"publish","type":"page","link":"https:\/\/exceladvisor.org\/tr\/calisma-kitabini-kaydet\/","title":{"rendered":"\u00c7al\u0131\u015fma kitab\u0131n\u0131 excel&#39;e kaydetmenin 5 yolu"},"content":{"rendered":"<div class=\"excel-icerikten-once\" id=\"excel-2292574560\"><script type=\"text\/javascript\">\r\n\tatOptions = {\r\n\t\t'key' : 'c1158f160081d6540a8409e6925dab94',\r\n\t\t'format' : 'iframe',\r\n\t\t'height' : 250,\r\n\t\t'width' : 300,\r\n\t\t'params' : {}\r\n\t};\r\n<\/script>\r\n<script type=\"text\/javascript\" src=\"\/\/www.highperformanceformat.com\/c1158f160081d6540a8409e6925dab94\/invoke.js\"><\/script><\/div> <p>VBA kullanarak bir Excel \u00e7al\u0131\u015fma kitab\u0131n\u0131 kaydetmek i\u00e7in, makro yazmak amac\u0131yla KAYDET y\u00f6ntemini kullanman\u0131z gerekir. Ve bu makroda kaydetmek istedi\u011finiz \u00e7al\u0131\u015fma kitab\u0131n\u0131 belirtmeniz ve ard\u0131ndan KAYDET y\u00f6ntemini kullanman\u0131z gerekir. Bu kodu \u00e7al\u0131\u015ft\u0131rd\u0131\u011f\u0131n\u0131zda klavye k\u0131sayolu (Ctrl + S) gibi \u00e7al\u0131\u015f\u0131r. <\/p><div class=\"wp-block-image\"><figure class=\"aligncenter size-large is-resized\"><img loading=\"lazy\" decoding=\"async\" class=\"wp-image-53053\" src=\"https:\/\/exceladvisor.org\/wp-content\/uploads\/2023\/08\/1-specifiez-le-classeur-que-vous-souhaitez-enregistrer.png\" sizes=\"auto, \" srcset=\"\" alt=\"kaydetmek istedi\u011finiz \u00e7al\u0131\u015fma kitab\u0131n\u0131 belirtin\" width=\"468\" height=\"315\"><\/figure><\/div><ol type=\"1\"><li> Kaydetmek istedi\u011finiz \u00e7al\u0131\u015fma kitab\u0131 \u015fapkas\u0131n\u0131 belirtin.<\/li><li> T\u00fcm \u00f6zelliklerin ve y\u00f6ntemlerin listesini almak i\u00e7in bir nokta yaz\u0131n.<\/li><li> Bunlardan \u201cKaydet\u201d y\u00f6ntemini se\u00e7in veya \u201cKaydet\u201de dokunun<\/li><li> Sonunda \u00e7al\u0131\u015fma kitab\u0131n\u0131 kaydetmek i\u00e7in kodu \u00e7al\u0131\u015ft\u0131r\u0131n.<\/li><\/ol><p> Bu e\u011fitimde \u00e7al\u0131\u015fma kitab\u0131n\u0131 kaydetmenin farkl\u0131 yollar\u0131na bakaca\u011f\u0131z. Bu e\u011fitimde sahip oldu\u011funuz kodu kullanmak i\u00e7in geli\u015ftirici sekmesinden VBA d\u00fczenleyicisini a\u00e7t\u0131\u011f\u0131n\u0131zdan emin olun.<\/p><h2 class=\"wp-block-heading\"> Etkin \u00e7al\u0131\u015fma kitab\u0131n\u0131 kaydet<\/h2><p> Bu durumda aktif olan \u00e7al\u0131\u015fma kitab\u0131n\u0131 kaydetmek istiyorsan\u0131z \u00e7al\u0131\u015fma kitab\u0131n\u0131 ismiyle belirtmek yerine a\u015fa\u011f\u0131daki kod gibi bir kod kullanabilirsiniz.<\/p><pre class=\"wp-block-code\"> <code class=\"language-visual-basic\" lang=\"visual-basic\">ActiveWorkbook.Save<\/code><\/pre><p> ActiveWorkbook&#8217;u \u00e7al\u0131\u015fma kitab\u0131 olarak kulland\u0131\u011f\u0131n\u0131zda, VBA, kodu yazd\u0131\u011f\u0131n\u0131z dosyadan ba\u011f\u0131ms\u0131z olarak her zaman etkin olan \u00e7al\u0131\u015fma kitab\u0131n\u0131 ifade eder.<\/p><h2 class=\"wp-block-heading\"> Kodu yazd\u0131\u011f\u0131n\u0131z \u00e7al\u0131\u015fma kitab\u0131n\u0131 kaydedin<\/h2><p> Kodu yazd\u0131\u011f\u0131n\u0131z dosyay\u0131 kaydetmek istiyorsan\u0131z \u00e7al\u0131\u015fma kitab\u0131 ad\u0131 yerine &#8220;ThisWorkbook&#8221; kullanmal\u0131s\u0131n\u0131z.<\/p><pre class=\"wp-block-code\"> <code class=\"language-visual-basic\" lang=\"visual-basic\">ThisWorkbook.Save<\/code><\/pre><h2 class=\"wp-block-heading\"> T\u00fcm a\u00e7\u0131k \u00e7al\u0131\u015fma kitaplar\u0131n\u0131 kaydet<\/h2><p> Burada t\u00fcm a\u00e7\u0131k \u00e7al\u0131\u015fma kitaplar\u0131n\u0131 g\u00f6zden ge\u00e7irmek ve bunlar\u0131 birer birer kaydetmek i\u00e7in bir d\u00f6ng\u00fc kullanabiliriz. A\u015fa\u011f\u0131daki koda bak\u0131n.<\/p><pre class=\"wp-block-code\"> <code class=\"language-visual-basic\" lang=\"visual-basic\">Sub vba_save_workbook() 'variable to use as a workbook Dim wb As Workbook 'For each to loop through each open workbook and save it For Each wb In Workbooks wb.Save Next wb End Sub<\/code><\/pre><p> Yukar\u0131daki kod her \u00e7al\u0131\u015fma kitab\u0131nda FOR EACH d\u00f6ng\u00fcs\u00fcn\u00fc kullan\u0131r, her dosya i\u00e7in tek tek SAVE y\u00f6ntemini kullan\u0131r.<\/p><p class=\"qt-tip\"> <strong>Not:<\/strong> Hen\u00fcz kaydedilmemi\u015f bir \u00e7al\u0131\u015fma kitab\u0131n\u0131 KAYDET y\u00f6ntemiyle kaydetmeye \u00e7al\u0131\u015f\u0131rsan\u0131z, Excel bu dosyay\u0131 kaydetme izninizi isteyen bir ileti\u015fim kutusu g\u00f6r\u00fcnt\u00fcler ve ard\u0131ndan bu dosyay\u0131 varsay\u0131lan konuma kaydetmek isteyip istemedi\u011finizi se\u00e7meniz gerekir. varsay\u0131lan formatta.<\/p><p> <strong>\u015eimdi mesele \u015fu:<\/strong> \u00c7al\u0131\u015fma kitab\u0131n\u0131 kaydetmek i\u00e7in bir makro kulland\u0131\u011f\u0131n\u0131zdan, bu dosyan\u0131n makro uyumlu formatta kaydedilmesi gerekir ve bu durumu \u00e7\u00f6zmenin en iyi yolu FARKLI KAYDET y\u00f6ntemini kullanmakt\u0131r (sonraki b\u00f6l\u00fcmde g\u00f6rece\u011fiz). Bu e\u011fitimin).<\/p><h2 class=\"wp-block-heading\"> Excel dosyas\u0131 olarak kaydet<\/h2><p> Hen\u00fcz kaydedilmemi\u015f bir dosyay\u0131 VBA kullanarak KAYDETMEK i\u00e7in FARKLI KAYDET y\u00f6ntemini kullanman\u0131z gerekir. Bu y\u00f6ntemde, dosya ad\u0131n\u0131 ve dosyay\u0131 kaydetmek istedi\u011finiz yolu ayarlayabilirsiniz ve bunun d\u0131\u015f\u0131nda ayarlayabilece\u011finiz on ba\u011f\u0131ms\u0131z de\u011fi\u015fken daha vard\u0131r.<\/p><pre class=\"wp-block-code\"> <code class=\"language-visual-basic\" lang=\"visual-basic\">expression.SaveAs (FileName, FileFormat, Password, WriteResPassword, ReadOnlyRecommended, CreateBackup, AccessMode, ConflictResolution, AddToMru, TextCodepage, TextVisualLayout, Local)<\/code><\/pre><p> A\u015fa\u011f\u0131daki kodda &#8220;Farkl\u0131 Kaydet&#8221; y\u00f6ntemiyle ilgili hi\u00e7bir ba\u011f\u0131ms\u0131z de\u011fi\u015fkeniniz yoktur. <\/p><div class=\"wp-block-image\"><figure class=\"aligncenter size-large is-resized\"><img loading=\"lazy\" decoding=\"async\" class=\"wp-image-53054\" src=\"https:\/\/exceladvisor.org\/wp-content\/uploads\/2023\/08\/2-enregistrer-en-tant-que-fichier-excel.png\" sizes=\"auto, \" srcset=\"\" alt=\"excel dosyas\u0131 olarak kaydet\" width=\"404\" height=\"223\"><\/figure><\/div><p> Bu kodu \u00e7al\u0131\u015ft\u0131rd\u0131\u011f\u0131n\u0131zda size, dosyay\u0131 kaydetmek i\u00e7in hangi format\u0131 kullanmak istedi\u011finiz veya ayn\u0131 adla \u00f6nceden kaydedilmi\u015f mevcut dosyan\u0131n \u00fczerine yazmak isteyip istemedi\u011finiz gibi birka\u00e7 \u015fey sorulur. Bu nedenle baz\u0131 arg\u00fcmanlar\u0131n kullan\u0131m\u0131n\u0131 tan\u0131mlamak daha iyidir.<\/p><h2 class=\"wp-block-heading\"> Ge\u00e7erli konumda dosya olarak kaydet<\/h2><p> Varsay\u0131lan olarak VBA, dosyay\u0131 kaydetmek i\u00e7in ge\u00e7erli konumu kullan\u0131r. SAVE AS y\u00f6ntemiyle kod yaz\u0131p sadece ad\u0131n\u0131 belirtti\u011finizde bu dosya do\u011frudan ge\u00e7erli klas\u00f6re gider. Aktif \u00e7al\u0131\u015fma kitab\u0131n\u0131 kaydeden kodun nerede oldu\u011funu a\u015fa\u011f\u0131daki kodda g\u00f6rebilirsiniz. <\/p><div class=\"wp-block-image\"><figure class=\"aligncenter size-large is-resized\"><img loading=\"lazy\" decoding=\"async\" class=\"wp-image-53055\" src=\"https:\/\/exceladvisor.org\/wp-content\/uploads\/2023\/08\/3-enregistrer-en-tant-que-fichier-a-lemplacement-actuel.png\" sizes=\"auto, \" srcset=\"\" alt=\"ge\u00e7erli konuma dosya olarak kaydet\" width=\"603\" height=\"138\"><\/figure><\/div><pre class=\"wp-block-code\"> <code class=\"language-visual-basic\" lang=\"visual-basic\">Sub save_as_file() ActiveWorkbook.SaveAs Filename:=\"myNewWorkbook\" End Sub<\/code><\/pre><h2 class=\"wp-block-heading\"> Belirli bir konuma dosya olarak kaydet<\/h2><p> Dosya ad\u0131 ba\u011f\u0131ms\u0131z de\u011fi\u015fkeni, dosyay\u0131 kaydetmek i\u00e7in farkl\u0131 bir konum kullanmak istemeniz durumunda yolu kullanman\u0131za da olanak tan\u0131r. <\/p><div class=\"wp-block-image\"><figure class=\"aligncenter size-large is-resized\"><img loading=\"lazy\" decoding=\"async\" class=\"wp-image-53056\" src=\"https:\/\/exceladvisor.org\/wp-content\/uploads\/2023\/08\/4-enregistrer-en-tant-que-fichier-a-un-emplacement-specifique.png\" sizes=\"auto, \" srcset=\"\" alt=\"belirli bir konuma dosya olarak kaydet\" width=\"639\" height=\"316\"><\/figure><\/div><pre class=\"wp-block-code\"> <code class=\"language-visual-basic\" lang=\"visual-basic\">Sub save_as_file() ActiveWorkbook.SaveAs _ Filename:=\"C:UsersDellDesktopmyNewBook\" End Sub<\/code><\/pre><p> Yukar\u0131daki kodda, DosyaAd\u0131 ba\u011f\u0131ms\u0131z de\u011fi\u015fkeninde yol bulunur ve VBA, dosyan\u0131n bu yolunu kullan\u0131r.<\/p><p class=\"qt-tip\"> <strong>Not:<\/strong> Bu y\u00f6ntemi, \u00e7al\u0131\u015fma kitab\u0131n\u0131 belirli bir konuma kaydetmek i\u00e7in FARKLI KAYDET y\u00f6ntemini kullanmadan \u00f6nce bir \u00e7al\u0131\u015fma kitab\u0131n\u0131n bir klas\u00f6rde bulunup bulunmad\u0131\u011f\u0131n\u0131 kontrol etmek i\u00e7in de kullanabilirsiniz ve buradan FARKLI KAYDET y\u00f6ntemi hakk\u0131nda daha fazla bilgi edinebilirsiniz.<\/p><div class=\"gb-container gb-container-4db6181c gb-container-mt\"> <a class=\"gb-button gb-button-c5897111 gb-button-text gb-button-mt-button\" href=\"https:\/\/exceladvisor.org\/tr\/vba\/\">VBA nedir<\/a><h2 class=\"gb-headline gb-headline-665e5f6b gb-headline-text gb-headline-mt-heading\"> \u0130lgili e\u011fitimler <\/h2><div class=\"gb-grid-wrapper gb-grid-wrapper-a20baf7c gb-grid-wrapper-mt-grid\"><div class=\"gb-grid-column gb-grid-column-50067b57\"><div class=\"gb-container gb-container-50067b57\"><ul><li> <a href=\"https:\/\/exceladvisor.org\/tr\/bu-defter\/\">VBA ThisWorkbook (ge\u00e7erli Excel dosyas\u0131)<\/a><\/li><li> <a href=\"https:\/\/exceladvisor.org\/tr\/baglayici\/\">VBA \u00c7al\u0131\u015fma Kitab\u0131 \u2013 VBA&#8217;da \u00e7al\u0131\u015fma kitaplar\u0131yla \u00e7al\u0131\u015fmaya y\u00f6nelik bir k\u0131lavuz<\/a><\/li><li> <a href=\"https:\/\/exceladvisor.org\/tr\/calisma-kitabinin-olup-olmadigini-kontrol-edin\/\">VBA Bir klas\u00f6rde \u00e7al\u0131\u015fma kitab\u0131n\u0131n olup olmad\u0131\u011f\u0131n\u0131 kontrol edin (Excel dosyas\u0131)<\/a><\/li><li> <a href=\"https:\/\/exceladvisor.org\/tr\/acik-calisma-kitabini-kontrol-et\/\">VBA Bir \u00e7al\u0131\u015fma kitab\u0131n\u0131n a\u00e7\u0131k olup olmad\u0131\u011f\u0131n\u0131 kontrol edin (Excel dosyas\u0131)<\/a><\/li><li> <a href=\"https:\/\/exceladvisor.org\/tr\/makroya-gore-etkin-calisma-kitabi\/\">Makro \u00f6zellikli bir Excel \u00e7al\u0131\u015fma kitab\u0131n\u0131 kaydedin (.xlsm dosya t\u00fcr\u00fc)<\/a><\/li><\/ul><\/div><\/div><\/div><\/div>","protected":false},"excerpt":{"rendered":"","protected":false},"author":1,"featured_media":0,"parent":0,"menu_order":0,"comment_status":"open","ping_status":"closed","template":"","meta":{"ub_ctt_via":"","footnotes":""},"class_list":["post-2052","page","type-page","status-publish","hentry"],"featured_image_src":null,"yoast_head":"<!-- This site is optimized with the Yoast SEO plugin v25.4 - https:\/\/yoast.com\/wordpress\/plugins\/seo\/ -->\n<title>\u25b7 \u00c7al\u0131\u015fma Kitab\u0131n\u0131 Excel&#039;e Kaydetmenin 5 Yolu (E\u011fitim 2023)<\/title>\n<meta name=\"description\" content=\"\u00c7al\u0131\u015fma kitab\u0131n\u0131 kaydetmenin farkl\u0131 yollar\u0131n\u0131 \u00f6\u011frenin. \u0130htiyac\u0131n\u0131z olan y\u00f6ntem ba\u011f\u0131ms\u0131z de\u011fi\u015fkenleri olarak kaydet ve kaydet nas\u0131l kullan\u0131l\u0131r?\" \/>\n<meta name=\"robots\" content=\"index, follow, max-snippet:-1, max-image-preview:large, max-video-preview:-1\" \/>\n<link rel=\"canonical\" href=\"https:\/\/exceladvisor.org\/tr\/calisma-kitabini-kaydet\/\" \/>\n<meta property=\"og:locale\" content=\"tr_TR\" \/>\n<meta property=\"og:type\" content=\"article\" \/>\n<meta property=\"og:title\" content=\"\u25b7 \u00c7al\u0131\u015fma Kitab\u0131n\u0131 Excel&#039;e Kaydetmenin 5 Yolu (E\u011fitim 2023)\" \/>\n<meta property=\"og:description\" content=\"\u00c7al\u0131\u015fma kitab\u0131n\u0131 kaydetmenin farkl\u0131 yollar\u0131n\u0131 \u00f6\u011frenin. \u0130htiyac\u0131n\u0131z olan y\u00f6ntem ba\u011f\u0131ms\u0131z de\u011fi\u015fkenleri olarak kaydet ve kaydet nas\u0131l kullan\u0131l\u0131r?\" \/>\n<meta property=\"og:url\" content=\"https:\/\/exceladvisor.org\/tr\/calisma-kitabini-kaydet\/\" \/>\n<meta property=\"og:site_name\" content=\"Excel Advisor\" \/>\n<meta property=\"article:modified_time\" content=\"2023-12-10T05:59:12+00:00\" \/>\n<meta property=\"og:image\" content=\"https:\/\/exceladvisor.org\/wp-content\/uploads\/2023\/08\/1-specifiez-le-classeur-que-vous-souhaitez-enregistrer.png\" \/>\n<meta name=\"twitter:card\" content=\"summary_large_image\" \/>\n<meta name=\"twitter:label1\" content=\"Tahmini okuma s\u00fcresi\" \/>\n\t<meta name=\"twitter:data1\" content=\"4 dakika\" \/>\n<script type=\"application\/ld+json\" class=\"yoast-schema-graph\">{\"@context\":\"https:\/\/schema.org\",\"@graph\":[{\"@type\":\"WebPage\",\"@id\":\"https:\/\/exceladvisor.org\/tr\/calisma-kitabini-kaydet\/\",\"url\":\"https:\/\/exceladvisor.org\/tr\/calisma-kitabini-kaydet\/\",\"name\":\"\u25b7 \u00c7al\u0131\u015fma Kitab\u0131n\u0131 Excel&#39;e Kaydetmenin 5 Yolu (E\u011fitim 2023)\",\"isPartOf\":{\"@id\":\"https:\/\/exceladvisor.org\/tr\/#website\"},\"primaryImageOfPage\":{\"@id\":\"https:\/\/exceladvisor.org\/tr\/calisma-kitabini-kaydet\/#primaryimage\"},\"image\":{\"@id\":\"https:\/\/exceladvisor.org\/tr\/calisma-kitabini-kaydet\/#primaryimage\"},\"thumbnailUrl\":\"https:\/\/exceladvisor.org\/wp-content\/uploads\/2023\/08\/1-specifiez-le-classeur-que-vous-souhaitez-enregistrer.png\",\"datePublished\":\"2023-10-22T14:25:42+00:00\",\"dateModified\":\"2023-12-10T05:59:12+00:00\",\"description\":\"\u00c7al\u0131\u015fma kitab\u0131n\u0131 kaydetmenin farkl\u0131 yollar\u0131n\u0131 \u00f6\u011frenin. \u0130htiyac\u0131n\u0131z olan y\u00f6ntem ba\u011f\u0131ms\u0131z de\u011fi\u015fkenleri olarak kaydet ve kaydet nas\u0131l kullan\u0131l\u0131r?\",\"breadcrumb\":{\"@id\":\"https:\/\/exceladvisor.org\/tr\/calisma-kitabini-kaydet\/#breadcrumb\"},\"inLanguage\":\"tr\",\"potentialAction\":[{\"@type\":\"ReadAction\",\"target\":[\"https:\/\/exceladvisor.org\/tr\/calisma-kitabini-kaydet\/\"]}]},{\"@type\":\"ImageObject\",\"inLanguage\":\"tr\",\"@id\":\"https:\/\/exceladvisor.org\/tr\/calisma-kitabini-kaydet\/#primaryimage\",\"url\":\"https:\/\/exceladvisor.org\/wp-content\/uploads\/2023\/08\/1-specifiez-le-classeur-que-vous-souhaitez-enregistrer.png\",\"contentUrl\":\"https:\/\/exceladvisor.org\/wp-content\/uploads\/2023\/08\/1-specifiez-le-classeur-que-vous-souhaitez-enregistrer.png\"},{\"@type\":\"BreadcrumbList\",\"@id\":\"https:\/\/exceladvisor.org\/tr\/calisma-kitabini-kaydet\/#breadcrumb\",\"itemListElement\":[{\"@type\":\"ListItem\",\"position\":1,\"name\":\"Ev\",\"item\":\"https:\/\/exceladvisor.org\/tr\/\"},{\"@type\":\"ListItem\",\"position\":2,\"name\":\"\u00c7al\u0131\u015fma kitab\u0131n\u0131 excel&#39;e kaydetmenin 5 yolu\"}]},{\"@type\":\"WebSite\",\"@id\":\"https:\/\/exceladvisor.org\/tr\/#website\",\"url\":\"https:\/\/exceladvisor.org\/tr\/\",\"name\":\"Excel Advisor\",\"description\":\"Veri hakimiyetine y\u00f6nelik nihai rehberiniz!\",\"publisher\":{\"@id\":\"https:\/\/exceladvisor.org\/tr\/#organization\"},\"potentialAction\":[{\"@type\":\"SearchAction\",\"target\":{\"@type\":\"EntryPoint\",\"urlTemplate\":\"https:\/\/exceladvisor.org\/tr\/?s={search_term_string}\"},\"query-input\":{\"@type\":\"PropertyValueSpecification\",\"valueRequired\":true,\"valueName\":\"search_term_string\"}}],\"inLanguage\":\"tr\"},{\"@type\":\"Organization\",\"@id\":\"https:\/\/exceladvisor.org\/tr\/#organization\",\"name\":\"Excel Advisor\",\"url\":\"https:\/\/exceladvisor.org\/tr\/\",\"logo\":{\"@type\":\"ImageObject\",\"inLanguage\":\"tr\",\"@id\":\"https:\/\/exceladvisor.org\/tr\/#\/schema\/logo\/image\/\",\"url\":\"https:\/\/exceladvisor.org\/tr\/wp-content\/uploads\/2023\/12\/exceladvisor.org_.png\",\"contentUrl\":\"https:\/\/exceladvisor.org\/tr\/wp-content\/uploads\/2023\/12\/exceladvisor.org_.png\",\"width\":105,\"height\":36,\"caption\":\"Excel Advisor\"},\"image\":{\"@id\":\"https:\/\/exceladvisor.org\/tr\/#\/schema\/logo\/image\/\"}}]}<\/script>\n<!-- \/ Yoast SEO plugin. -->","yoast_head_json":{"title":"\u25b7 \u00c7al\u0131\u015fma Kitab\u0131n\u0131 Excel&#39;e Kaydetmenin 5 Yolu (E\u011fitim 2023)","description":"\u00c7al\u0131\u015fma kitab\u0131n\u0131 kaydetmenin farkl\u0131 yollar\u0131n\u0131 \u00f6\u011frenin. \u0130htiyac\u0131n\u0131z olan y\u00f6ntem ba\u011f\u0131ms\u0131z de\u011fi\u015fkenleri olarak kaydet ve kaydet nas\u0131l kullan\u0131l\u0131r?","robots":{"index":"index","follow":"follow","max-snippet":"max-snippet:-1","max-image-preview":"max-image-preview:large","max-video-preview":"max-video-preview:-1"},"canonical":"https:\/\/exceladvisor.org\/tr\/calisma-kitabini-kaydet\/","og_locale":"tr_TR","og_type":"article","og_title":"\u25b7 \u00c7al\u0131\u015fma Kitab\u0131n\u0131 Excel&#39;e Kaydetmenin 5 Yolu (E\u011fitim 2023)","og_description":"\u00c7al\u0131\u015fma kitab\u0131n\u0131 kaydetmenin farkl\u0131 yollar\u0131n\u0131 \u00f6\u011frenin. \u0130htiyac\u0131n\u0131z olan y\u00f6ntem ba\u011f\u0131ms\u0131z de\u011fi\u015fkenleri olarak kaydet ve kaydet nas\u0131l kullan\u0131l\u0131r?","og_url":"https:\/\/exceladvisor.org\/tr\/calisma-kitabini-kaydet\/","og_site_name":"Excel Advisor","article_modified_time":"2023-12-10T05:59:12+00:00","og_image":[{"url":"https:\/\/exceladvisor.org\/wp-content\/uploads\/2023\/08\/1-specifiez-le-classeur-que-vous-souhaitez-enregistrer.png","type":"","width":"","height":""}],"twitter_card":"summary_large_image","twitter_misc":{"Tahmini okuma s\u00fcresi":"4 dakika"},"schema":{"@context":"https:\/\/schema.org","@graph":[{"@type":"WebPage","@id":"https:\/\/exceladvisor.org\/tr\/calisma-kitabini-kaydet\/","url":"https:\/\/exceladvisor.org\/tr\/calisma-kitabini-kaydet\/","name":"\u25b7 \u00c7al\u0131\u015fma Kitab\u0131n\u0131 Excel&#39;e Kaydetmenin 5 Yolu (E\u011fitim 2023)","isPartOf":{"@id":"https:\/\/exceladvisor.org\/tr\/#website"},"primaryImageOfPage":{"@id":"https:\/\/exceladvisor.org\/tr\/calisma-kitabini-kaydet\/#primaryimage"},"image":{"@id":"https:\/\/exceladvisor.org\/tr\/calisma-kitabini-kaydet\/#primaryimage"},"thumbnailUrl":"https:\/\/exceladvisor.org\/wp-content\/uploads\/2023\/08\/1-specifiez-le-classeur-que-vous-souhaitez-enregistrer.png","datePublished":"2023-10-22T14:25:42+00:00","dateModified":"2023-12-10T05:59:12+00:00","description":"\u00c7al\u0131\u015fma kitab\u0131n\u0131 kaydetmenin farkl\u0131 yollar\u0131n\u0131 \u00f6\u011frenin. \u0130htiyac\u0131n\u0131z olan y\u00f6ntem ba\u011f\u0131ms\u0131z de\u011fi\u015fkenleri olarak kaydet ve kaydet nas\u0131l kullan\u0131l\u0131r?","breadcrumb":{"@id":"https:\/\/exceladvisor.org\/tr\/calisma-kitabini-kaydet\/#breadcrumb"},"inLanguage":"tr","potentialAction":[{"@type":"ReadAction","target":["https:\/\/exceladvisor.org\/tr\/calisma-kitabini-kaydet\/"]}]},{"@type":"ImageObject","inLanguage":"tr","@id":"https:\/\/exceladvisor.org\/tr\/calisma-kitabini-kaydet\/#primaryimage","url":"https:\/\/exceladvisor.org\/wp-content\/uploads\/2023\/08\/1-specifiez-le-classeur-que-vous-souhaitez-enregistrer.png","contentUrl":"https:\/\/exceladvisor.org\/wp-content\/uploads\/2023\/08\/1-specifiez-le-classeur-que-vous-souhaitez-enregistrer.png"},{"@type":"BreadcrumbList","@id":"https:\/\/exceladvisor.org\/tr\/calisma-kitabini-kaydet\/#breadcrumb","itemListElement":[{"@type":"ListItem","position":1,"name":"Ev","item":"https:\/\/exceladvisor.org\/tr\/"},{"@type":"ListItem","position":2,"name":"\u00c7al\u0131\u015fma kitab\u0131n\u0131 excel&#39;e kaydetmenin 5 yolu"}]},{"@type":"WebSite","@id":"https:\/\/exceladvisor.org\/tr\/#website","url":"https:\/\/exceladvisor.org\/tr\/","name":"Excel Advisor","description":"Veri hakimiyetine y\u00f6nelik nihai rehberiniz!","publisher":{"@id":"https:\/\/exceladvisor.org\/tr\/#organization"},"potentialAction":[{"@type":"SearchAction","target":{"@type":"EntryPoint","urlTemplate":"https:\/\/exceladvisor.org\/tr\/?s={search_term_string}"},"query-input":{"@type":"PropertyValueSpecification","valueRequired":true,"valueName":"search_term_string"}}],"inLanguage":"tr"},{"@type":"Organization","@id":"https:\/\/exceladvisor.org\/tr\/#organization","name":"Excel Advisor","url":"https:\/\/exceladvisor.org\/tr\/","logo":{"@type":"ImageObject","inLanguage":"tr","@id":"https:\/\/exceladvisor.org\/tr\/#\/schema\/logo\/image\/","url":"https:\/\/exceladvisor.org\/tr\/wp-content\/uploads\/2023\/12\/exceladvisor.org_.png","contentUrl":"https:\/\/exceladvisor.org\/tr\/wp-content\/uploads\/2023\/12\/exceladvisor.org_.png","width":105,"height":36,"caption":"Excel Advisor"},"image":{"@id":"https:\/\/exceladvisor.org\/tr\/#\/schema\/logo\/image\/"}}]}},"yoast_meta":{"yoast_wpseo_title":"","yoast_wpseo_metadesc":"","yoast_wpseo_canonical":""},"_links":{"self":[{"href":"https:\/\/exceladvisor.org\/tr\/wp-json\/wp\/v2\/pages\/2052","targetHints":{"allow":["GET"]}}],"collection":[{"href":"https:\/\/exceladvisor.org\/tr\/wp-json\/wp\/v2\/pages"}],"about":[{"href":"https:\/\/exceladvisor.org\/tr\/wp-json\/wp\/v2\/types\/page"}],"author":[{"embeddable":true,"href":"https:\/\/exceladvisor.org\/tr\/wp-json\/wp\/v2\/users\/1"}],"replies":[{"embeddable":true,"href":"https:\/\/exceladvisor.org\/tr\/wp-json\/wp\/v2\/comments?post=2052"}],"version-history":[{"count":1,"href":"https:\/\/exceladvisor.org\/tr\/wp-json\/wp\/v2\/pages\/2052\/revisions"}],"predecessor-version":[{"id":2303,"href":"https:\/\/exceladvisor.org\/tr\/wp-json\/wp\/v2\/pages\/2052\/revisions\/2303"}],"wp:attachment":[{"href":"https:\/\/exceladvisor.org\/tr\/wp-json\/wp\/v2\/media?parent=2052"}],"curies":[{"name":"wp","href":"https:\/\/api.w.org\/{rel}","templated":true}]}}