{"id":2053,"date":"2023-10-22T09:11:23","date_gmt":"2023-10-22T09:11:23","guid":{"rendered":"https:\/\/exceladvisor.org\/tr\/isimli-plaj\/"},"modified":"2023-12-10T06:06:11","modified_gmt":"2023-12-10T06:06:11","slug":"isimli-plaj","status":"publish","type":"page","link":"https:\/\/exceladvisor.org\/tr\/isimli-plaj\/","title":{"rendered":"Vba kullanarak adland\u0131r\u0131lm\u0131\u015f bir aral\u0131k nas\u0131l olu\u015fturulur?"},"content":{"rendered":"<div class=\"excel-icerikten-once\" id=\"excel-771490211\"><script type=\"text\/javascript\">\r\n\tatOptions = {\r\n\t\t'key' : 'c1158f160081d6540a8409e6925dab94',\r\n\t\t'format' : 'iframe',\r\n\t\t'height' : 250,\r\n\t\t'width' : 300,\r\n\t\t'params' : {}\r\n\t};\r\n<\/script>\r\n<script type=\"text\/javascript\" src=\"\/\/www.highperformanceformat.com\/c1158f160081d6540a8409e6925dab94\/invoke.js\"><\/script><\/div> <p>VBA&#8217;y\u0131 kullanarak adland\u0131r\u0131lm\u0131\u015f bir aral\u0131k olu\u015fturmak i\u00e7in, &#8220;Adlar&#8221; \u00f6zelli\u011fini &#8220;Ekle&#8221; y\u00f6ntemiyle birlikte kullanman\u0131z gerekir. Ekleme y\u00f6nteminde, aral\u0131\u011fa hangi ad\u0131 vermek istedi\u011finizi tan\u0131mlamak ve aral\u0131\u011f\u0131n adresini belirtmek i\u00e7in arg\u00fcmanlar\u0131n\u0131z vard\u0131r (aral\u0131\u011f\u0131 dondurmak i\u00e7in adresle birlikte dolar i\u015faretini kulland\u0131\u011f\u0131n\u0131zdan emin olun).<\/p><h2 class=\"wp-block-heading\"> VBA&#8217;y\u0131 kullanarak ad aral\u0131\u011f\u0131 olu\u015fturma<\/h2><ol type=\"1\"><li> Adland\u0131r\u0131lm\u0131\u015f aral\u0131\u011f\u0131 olu\u015fturmak istedi\u011finiz \u00e7al\u0131\u015fma kitab\u0131n\u0131 tan\u0131mlay\u0131n.<\/li><li> Names \u00f6zelli\u011fini kullan\u0131n ve ard\u0131ndan ek bir y\u00f6ntem ekleyin.<\/li><li> \u201cAd\u201d ba\u011f\u0131ms\u0131z de\u011fi\u015fkeninde ad\u0131 belirtin.<\/li><li> \u201cReferTo\u201d ba\u011f\u0131ms\u0131z de\u011fi\u015fkenini kullanarak aral\u0131\u011fa bak\u0131n. <\/li><\/ol><div class=\"wp-block-image\"><figure class=\"aligncenter size-large is-resized\"><img loading=\"lazy\" decoding=\"async\" class=\"wp-image-53866\" src=\"https:\/\/exceladvisor.org\/wp-content\/uploads\/2023\/08\/1-creer-une-plage-de-noms-en-utilisant-vba.png\" sizes=\"auto, \" srcset=\"\" alt=\"vba kullanarak bir ad aral\u0131\u011f\u0131 olu\u015fturun\" width=\"669\" height=\"284\"><\/figure><\/div><p> Yukar\u0131daki \u00f6rnekte, etkin bir \u00e7al\u0131\u015fma kitab\u0131n\u0131z var, ard\u0131ndan &#8220;Adlar&#8221; \u00f6zelli\u011fini kullanarak &#8220;Ekle&#8221; y\u00f6ntemini kullanarak aral\u0131\u011f\u0131n ad\u0131n\u0131 ve sonunda kullanmak istedi\u011finiz aral\u0131\u011f\u0131n adresini ayarlars\u0131n\u0131z.<\/p><p> Daha \u00f6nce de s\u00f6yledi\u011fim gibi adres aral\u0131\u011f\u0131nda adresi dondurmak i\u00e7in $ i\u015faretini kullanman\u0131z gerekiyor. <a href=\"https:\/\/exceladvisor.org\/tr\/bu-defter\/\">ThisWorkbook&#8217;u, kodu yazd\u0131\u011f\u0131n\u0131z \u00e7al\u0131\u015fma kitab\u0131na ba\u015fvurmak i\u00e7in<\/a> de kullanabilirsiniz veya \u00e7al\u0131\u015fma kitab\u0131 nesnesini kullanarak ba\u015fka bir \u00e7al\u0131\u015fma kitab\u0131na ba\u015fvurmay\u0131 kullanabilirsiniz.<\/p><h2 class=\"wp-block-heading\"> Se\u00e7imden adland\u0131r\u0131lm\u0131\u015f aral\u0131k olu\u015fturmak i\u00e7in VBA<\/h2><p> Se\u00e7imden adland\u0131r\u0131lm\u0131\u015f bir aral\u0131k olu\u015fturmak i\u00e7in se\u00e7im \u00f6zelli\u011fini de kullanabilirsiniz. A\u015fa\u011f\u0131daki kodu g\u00f6z \u00f6n\u00fcnde bulundurun.<\/p><pre class=\"wp-block-code\"> <code class=\"language-visual-basic\" lang=\"visual-basic\">ActiveSheet.Names.Add Name:=\"myRangeName\", RefersTo:=Selection<\/code><\/pre><p> Ve a\u015fa\u011f\u0131daki kodda, adland\u0131r\u0131lm\u0131\u015f aral\u0131\u011fa vermek istedi\u011finiz ad\u0131 girebilece\u011finiz <a href=\"https:\/\/exceladvisor.org\/tr\/vba-mesaj-kutusu\/\">bir mesaj kutunuz var<\/a> .<\/p><pre class=\"wp-block-code\"> <code class=\"language-visual-basic\" lang=\"visual-basic\">Sub vba_named_range() Dim iName As String iName = InputBox(\"Enter Name for the Selection.\") ActiveSheet.Names.Add Name:=iName, RefersTo:=Selection End Sub<\/code><\/pre><h2 class=\"wp-block-heading\"> VBA&#8217;y\u0131 (Dinamik Adland\u0131r\u0131lm\u0131\u015f Aral\u0131k) kullanarak adland\u0131r\u0131lm\u0131\u015f bir aral\u0131\u011f\u0131 yeniden boyutland\u0131rma<\/h2><p> \u00c7al\u0131\u015fma sayfas\u0131nda zaten mevcut olan adland\u0131r\u0131lm\u0131\u015f bir aral\u0131\u011f\u0131 yeniden boyutland\u0131rmak i\u00e7in yeniden boyutland\u0131rma \u00f6zelli\u011fini kullanman\u0131z ve VBA&#8217;ya ge\u00e7erli aral\u0131ktan ka\u00e7 sat\u0131r ve s\u00fctunu geni\u015fletmek istedi\u011finizi s\u00f6ylemeniz gerekir. Ba\u015flang\u0131\u00e7ta aral\u0131\u011f\u0131 olarak A1 h\u00fccresine sahip olan ancak onu M s\u00fctunu ve 11. sat\u0131r olarak yeniden boyutland\u0131ran &#8220;myRange&#8221; adl\u0131 aral\u0131\u011f\u0131 geni\u015fleten a\u015fa\u011f\u0131daki kodu g\u00f6z \u00f6n\u00fcnde bulundurun. <\/p><div class=\"wp-block-image\"><figure class=\"aligncenter size-large is-resized\"><img loading=\"lazy\" decoding=\"async\" class=\"wp-image-53867\" src=\"https:\/\/exceladvisor.org\/wp-content\/uploads\/2023\/08\/2-redimensionner-une-plage-nommee.png\" sizes=\"auto, \" srcset=\"\" alt=\"adland\u0131r\u0131lm\u0131\u015f bir aral\u0131\u011f\u0131 yeniden boyutland\u0131rma\" width=\"739\" height=\"465\"><\/figure><\/div><pre class=\"wp-block-code\"> <code class=\"language-visual-basic\" lang=\"visual-basic\">Sub vba_named_range() Dim iRow As Long Dim iColumn As Long iRow = ActiveSheet.Range(\"A1\").End(xlDown).Row iColumn = ActiveSheet.Range(\"A1\").End(xlToRight).Column ActiveSheet.Range(\"myRange\") _ .Resize(iRow, iColumn).Name = \"myRange\" End Sub<\/code><\/pre><p> Bunu size a\u00e7\u0131kl\u0131\u011fa kavu\u015fturmak i\u00e7in \u00fc\u00e7 b\u00f6l\u00fcme ay\u0131rd\u0131m, \u015fimdi konuya ge\u00e7elim. <\/p><div class=\"wp-block-image\"><figure class=\"aligncenter size-large is-resized\"><img loading=\"lazy\" decoding=\"async\" class=\"wp-image-53868\" src=\"https:\/\/exceladvisor.org\/wp-content\/uploads\/2023\/08\/3-divise-en-trois-parties.png\" sizes=\"auto, \" srcset=\"\" alt=\"\u00fc\u00e7 par\u00e7aya b\u00f6l\u00fcnm\u00fc\u015f\" width=\"596\" height=\"351\"><\/figure><\/div><ul><li> \u0130LK b\u00f6l\u00fcmde sat\u0131rlar\u0131 ve s\u00fctun say\u0131s\u0131n\u0131 depolamak i\u00e7in tan\u0131mlanm\u0131\u015f de\u011fi\u015fkenleriniz var.<\/li><li> \u0130K\u0130NC\u0130 b\u00f6l\u00fcmde son sat\u0131r\u0131 ve s\u00fctunu almak ve de\u011fi\u015fkenler i\u00e7in saklamak i\u00e7in aral\u0131kla birlikte &#8220;END&#8221; y\u00f6ntemini kulland\u0131n\u0131z.<\/li><li> \u00dc\u00c7\u00dcNC\u00dc B\u00f6l\u00fcmde \u201cmyRange\u201d isimli aral\u0131kla Resize \u00f6zelli\u011fini kulland\u0131n\u0131z. Ve bundan sonra de\u011fi\u015fkenlerdeki sat\u0131r ve s\u00fctun numaralar\u0131. <\/li><\/ul><div class=\"wp-block-image\"><figure class=\"aligncenter size-large is-resized\"><img loading=\"lazy\" decoding=\"async\" class=\"wp-image-53869\" src=\"https:\/\/exceladvisor.org\/wp-content\/uploads\/2023\/08\/4-variables-declarees-pour-stocker-des-lignes.png\" sizes=\"auto, \" srcset=\"\" alt=\"sat\u0131rlar\u0131 depolamak i\u00e7in bildirilen de\u011fi\u015fkenler\" width=\"656\" height=\"307\"><\/figure><\/div><p> Bu kodu \u00e7al\u0131\u015ft\u0131rd\u0131\u011f\u0131n\u0131zda, sahip oldu\u011funuz verilere g\u00f6re eski aral\u0131\u011f\u0131 yeniden boyutland\u0131r\u0131r ve onu dinamik bir adland\u0131r\u0131lm\u0131\u015f aral\u0131k haline getirir. G\u00fcncellemeniz gerekti\u011finde kodu \u00e7al\u0131\u015ft\u0131rabilir ve mevcut adland\u0131r\u0131lm\u0131\u015f aral\u0131\u011f\u0131 yeniden boyutland\u0131rabilirsiniz.<\/p><div class=\"gb-container gb-container-4db6181c gb-container-mt\"> <a class=\"gb-button gb-button-c5897111 gb-button-text gb-button-mt-button\" href=\"https:\/\/exceladvisor.org\/tr\/vba\/\">VBA nedir<\/a><h2 class=\"gb-headline gb-headline-665e5f6b gb-headline-text gb-headline-mt-heading\"> \u0130lgili e\u011fitimler <\/h2><div class=\"gb-grid-wrapper gb-grid-wrapper-a20baf7c gb-grid-wrapper-mt-grid\"><div class=\"gb-grid-column gb-grid-column-65ddf67e\"><div class=\"gb-container gb-container-65ddf67e\"><ul><li> <a href=\"https:\/\/exceladvisor.org\/tr\/satir-sayisi\/\">Excel&#8217;de VBA kullanarak sat\u0131rlar\u0131 sayma<\/a><\/li><li> <a href=\"https:\/\/exceladvisor.org\/tr\/karakter-yazi-tipi\/\">Excel VBA yaz\u0131 tipi (renk, boyut, t\u00fcr ve kal\u0131n)<\/a><\/li><li> <a href=\"https:\/\/exceladvisor.org\/tr\/sutun-satirini-gosteri-gizle\/\">Excel VBA Bir s\u00fctunu veya sat\u0131r\u0131 gizleyin ve g\u00f6sterin<\/a><\/li><li> <a href=\"https:\/\/exceladvisor.org\/tr\/aralik-1\/\">Excel VBA Aral\u0131\u011f\u0131 \u2013 Aral\u0131k ve H\u00fccrelerle \u00c7al\u0131\u015fmak<\/a><\/li><li> <a href=\"https:\/\/exceladvisor.org\/tr\/sinirlar\/\">Excel&#8217;de VBA kullanarak h\u00fccreye kenarl\u0131klar uygulama<\/a><\/li><\/ul><\/div><\/div><\/div><\/div>","protected":false},"excerpt":{"rendered":"","protected":false},"author":1,"featured_media":0,"parent":0,"menu_order":0,"comment_status":"open","ping_status":"closed","template":"","meta":{"ub_ctt_via":"","footnotes":""},"class_list":["post-2053","page","type-page","status-publish","hentry"],"featured_image_src":null,"yoast_head":"<!-- This site is optimized with the Yoast SEO plugin v25.4 - https:\/\/yoast.com\/wordpress\/plugins\/seo\/ -->\n<title>VBA kullanarak adland\u0131r\u0131lm\u0131\u015f bir aral\u0131k nas\u0131l olu\u015fturulur?<\/title>\n<meta name=\"description\" content=\"Excel&#039;de ADLI ARALIK olu\u015fturmak i\u00e7in VBA&#039;y\u0131 nas\u0131l kullanaca\u011f\u0131n\u0131z\u0131 \u00f6\u011frenin. Se\u00e7imden adland\u0131r\u0131lm\u0131\u015f aral\u0131k + adland\u0131r\u0131lm\u0131\u015f bir aral\u0131\u011f\u0131n yeniden boyutland\u0131r\u0131lmas\u0131.\" \/>\n<meta name=\"robots\" content=\"index, follow, max-snippet:-1, max-image-preview:large, max-video-preview:-1\" \/>\n<link rel=\"canonical\" href=\"https:\/\/exceladvisor.org\/tr\/isimli-plaj\/\" \/>\n<meta property=\"og:locale\" content=\"tr_TR\" \/>\n<meta property=\"og:type\" content=\"article\" \/>\n<meta property=\"og:title\" content=\"VBA kullanarak adland\u0131r\u0131lm\u0131\u015f bir aral\u0131k nas\u0131l olu\u015fturulur?\" \/>\n<meta property=\"og:description\" content=\"Excel&#039;de ADLI ARALIK olu\u015fturmak i\u00e7in VBA&#039;y\u0131 nas\u0131l kullanaca\u011f\u0131n\u0131z\u0131 \u00f6\u011frenin. Se\u00e7imden adland\u0131r\u0131lm\u0131\u015f aral\u0131k + adland\u0131r\u0131lm\u0131\u015f bir aral\u0131\u011f\u0131n yeniden boyutland\u0131r\u0131lmas\u0131.\" \/>\n<meta property=\"og:url\" content=\"https:\/\/exceladvisor.org\/tr\/isimli-plaj\/\" \/>\n<meta property=\"og:site_name\" content=\"Excel Advisor\" \/>\n<meta property=\"article:modified_time\" content=\"2023-12-10T06:06:11+00:00\" \/>\n<meta property=\"og:image\" content=\"https:\/\/exceladvisor.org\/wp-content\/uploads\/2023\/08\/1-creer-une-plage-de-noms-en-utilisant-vba.png\" \/>\n<meta name=\"twitter:card\" content=\"summary_large_image\" \/>\n<meta name=\"twitter:label1\" content=\"Tahmini okuma s\u00fcresi\" \/>\n\t<meta name=\"twitter:data1\" content=\"3 dakika\" \/>\n<script type=\"application\/ld+json\" class=\"yoast-schema-graph\">{\"@context\":\"https:\/\/schema.org\",\"@graph\":[{\"@type\":\"WebPage\",\"@id\":\"https:\/\/exceladvisor.org\/tr\/isimli-plaj\/\",\"url\":\"https:\/\/exceladvisor.org\/tr\/isimli-plaj\/\",\"name\":\"VBA kullanarak adland\u0131r\u0131lm\u0131\u015f bir aral\u0131k nas\u0131l olu\u015fturulur?\",\"isPartOf\":{\"@id\":\"https:\/\/exceladvisor.org\/tr\/#website\"},\"primaryImageOfPage\":{\"@id\":\"https:\/\/exceladvisor.org\/tr\/isimli-plaj\/#primaryimage\"},\"image\":{\"@id\":\"https:\/\/exceladvisor.org\/tr\/isimli-plaj\/#primaryimage\"},\"thumbnailUrl\":\"https:\/\/exceladvisor.org\/wp-content\/uploads\/2023\/08\/1-creer-une-plage-de-noms-en-utilisant-vba.png\",\"datePublished\":\"2023-10-22T09:11:23+00:00\",\"dateModified\":\"2023-12-10T06:06:11+00:00\",\"description\":\"Excel&#39;de ADLI ARALIK olu\u015fturmak i\u00e7in VBA&#39;y\u0131 nas\u0131l kullanaca\u011f\u0131n\u0131z\u0131 \u00f6\u011frenin. Se\u00e7imden adland\u0131r\u0131lm\u0131\u015f aral\u0131k + adland\u0131r\u0131lm\u0131\u015f bir aral\u0131\u011f\u0131n yeniden boyutland\u0131r\u0131lmas\u0131.\",\"breadcrumb\":{\"@id\":\"https:\/\/exceladvisor.org\/tr\/isimli-plaj\/#breadcrumb\"},\"inLanguage\":\"tr\",\"potentialAction\":[{\"@type\":\"ReadAction\",\"target\":[\"https:\/\/exceladvisor.org\/tr\/isimli-plaj\/\"]}]},{\"@type\":\"ImageObject\",\"inLanguage\":\"tr\",\"@id\":\"https:\/\/exceladvisor.org\/tr\/isimli-plaj\/#primaryimage\",\"url\":\"https:\/\/exceladvisor.org\/wp-content\/uploads\/2023\/08\/1-creer-une-plage-de-noms-en-utilisant-vba.png\",\"contentUrl\":\"https:\/\/exceladvisor.org\/wp-content\/uploads\/2023\/08\/1-creer-une-plage-de-noms-en-utilisant-vba.png\"},{\"@type\":\"BreadcrumbList\",\"@id\":\"https:\/\/exceladvisor.org\/tr\/isimli-plaj\/#breadcrumb\",\"itemListElement\":[{\"@type\":\"ListItem\",\"position\":1,\"name\":\"Ev\",\"item\":\"https:\/\/exceladvisor.org\/tr\/\"},{\"@type\":\"ListItem\",\"position\":2,\"name\":\"Vba kullanarak adland\u0131r\u0131lm\u0131\u015f bir aral\u0131k nas\u0131l olu\u015fturulur?\"}]},{\"@type\":\"WebSite\",\"@id\":\"https:\/\/exceladvisor.org\/tr\/#website\",\"url\":\"https:\/\/exceladvisor.org\/tr\/\",\"name\":\"Excel Advisor\",\"description\":\"Veri hakimiyetine y\u00f6nelik nihai rehberiniz!\",\"publisher\":{\"@id\":\"https:\/\/exceladvisor.org\/tr\/#organization\"},\"potentialAction\":[{\"@type\":\"SearchAction\",\"target\":{\"@type\":\"EntryPoint\",\"urlTemplate\":\"https:\/\/exceladvisor.org\/tr\/?s={search_term_string}\"},\"query-input\":{\"@type\":\"PropertyValueSpecification\",\"valueRequired\":true,\"valueName\":\"search_term_string\"}}],\"inLanguage\":\"tr\"},{\"@type\":\"Organization\",\"@id\":\"https:\/\/exceladvisor.org\/tr\/#organization\",\"name\":\"Excel Advisor\",\"url\":\"https:\/\/exceladvisor.org\/tr\/\",\"logo\":{\"@type\":\"ImageObject\",\"inLanguage\":\"tr\",\"@id\":\"https:\/\/exceladvisor.org\/tr\/#\/schema\/logo\/image\/\",\"url\":\"https:\/\/exceladvisor.org\/tr\/wp-content\/uploads\/2023\/12\/exceladvisor.org_.png\",\"contentUrl\":\"https:\/\/exceladvisor.org\/tr\/wp-content\/uploads\/2023\/12\/exceladvisor.org_.png\",\"width\":105,\"height\":36,\"caption\":\"Excel Advisor\"},\"image\":{\"@id\":\"https:\/\/exceladvisor.org\/tr\/#\/schema\/logo\/image\/\"}}]}<\/script>\n<!-- \/ Yoast SEO plugin. -->","yoast_head_json":{"title":"VBA kullanarak adland\u0131r\u0131lm\u0131\u015f bir aral\u0131k nas\u0131l olu\u015fturulur?","description":"Excel&#39;de ADLI ARALIK olu\u015fturmak i\u00e7in VBA&#39;y\u0131 nas\u0131l kullanaca\u011f\u0131n\u0131z\u0131 \u00f6\u011frenin. Se\u00e7imden adland\u0131r\u0131lm\u0131\u015f aral\u0131k + adland\u0131r\u0131lm\u0131\u015f bir aral\u0131\u011f\u0131n yeniden boyutland\u0131r\u0131lmas\u0131.","robots":{"index":"index","follow":"follow","max-snippet":"max-snippet:-1","max-image-preview":"max-image-preview:large","max-video-preview":"max-video-preview:-1"},"canonical":"https:\/\/exceladvisor.org\/tr\/isimli-plaj\/","og_locale":"tr_TR","og_type":"article","og_title":"VBA kullanarak adland\u0131r\u0131lm\u0131\u015f bir aral\u0131k nas\u0131l olu\u015fturulur?","og_description":"Excel&#39;de ADLI ARALIK olu\u015fturmak i\u00e7in VBA&#39;y\u0131 nas\u0131l kullanaca\u011f\u0131n\u0131z\u0131 \u00f6\u011frenin. Se\u00e7imden adland\u0131r\u0131lm\u0131\u015f aral\u0131k + adland\u0131r\u0131lm\u0131\u015f bir aral\u0131\u011f\u0131n yeniden boyutland\u0131r\u0131lmas\u0131.","og_url":"https:\/\/exceladvisor.org\/tr\/isimli-plaj\/","og_site_name":"Excel Advisor","article_modified_time":"2023-12-10T06:06:11+00:00","og_image":[{"url":"https:\/\/exceladvisor.org\/wp-content\/uploads\/2023\/08\/1-creer-une-plage-de-noms-en-utilisant-vba.png","type":"","width":"","height":""}],"twitter_card":"summary_large_image","twitter_misc":{"Tahmini okuma s\u00fcresi":"3 dakika"},"schema":{"@context":"https:\/\/schema.org","@graph":[{"@type":"WebPage","@id":"https:\/\/exceladvisor.org\/tr\/isimli-plaj\/","url":"https:\/\/exceladvisor.org\/tr\/isimli-plaj\/","name":"VBA kullanarak adland\u0131r\u0131lm\u0131\u015f bir aral\u0131k nas\u0131l olu\u015fturulur?","isPartOf":{"@id":"https:\/\/exceladvisor.org\/tr\/#website"},"primaryImageOfPage":{"@id":"https:\/\/exceladvisor.org\/tr\/isimli-plaj\/#primaryimage"},"image":{"@id":"https:\/\/exceladvisor.org\/tr\/isimli-plaj\/#primaryimage"},"thumbnailUrl":"https:\/\/exceladvisor.org\/wp-content\/uploads\/2023\/08\/1-creer-une-plage-de-noms-en-utilisant-vba.png","datePublished":"2023-10-22T09:11:23+00:00","dateModified":"2023-12-10T06:06:11+00:00","description":"Excel&#39;de ADLI ARALIK olu\u015fturmak i\u00e7in VBA&#39;y\u0131 nas\u0131l kullanaca\u011f\u0131n\u0131z\u0131 \u00f6\u011frenin. Se\u00e7imden adland\u0131r\u0131lm\u0131\u015f aral\u0131k + adland\u0131r\u0131lm\u0131\u015f bir aral\u0131\u011f\u0131n yeniden boyutland\u0131r\u0131lmas\u0131.","breadcrumb":{"@id":"https:\/\/exceladvisor.org\/tr\/isimli-plaj\/#breadcrumb"},"inLanguage":"tr","potentialAction":[{"@type":"ReadAction","target":["https:\/\/exceladvisor.org\/tr\/isimli-plaj\/"]}]},{"@type":"ImageObject","inLanguage":"tr","@id":"https:\/\/exceladvisor.org\/tr\/isimli-plaj\/#primaryimage","url":"https:\/\/exceladvisor.org\/wp-content\/uploads\/2023\/08\/1-creer-une-plage-de-noms-en-utilisant-vba.png","contentUrl":"https:\/\/exceladvisor.org\/wp-content\/uploads\/2023\/08\/1-creer-une-plage-de-noms-en-utilisant-vba.png"},{"@type":"BreadcrumbList","@id":"https:\/\/exceladvisor.org\/tr\/isimli-plaj\/#breadcrumb","itemListElement":[{"@type":"ListItem","position":1,"name":"Ev","item":"https:\/\/exceladvisor.org\/tr\/"},{"@type":"ListItem","position":2,"name":"Vba kullanarak adland\u0131r\u0131lm\u0131\u015f bir aral\u0131k nas\u0131l olu\u015fturulur?"}]},{"@type":"WebSite","@id":"https:\/\/exceladvisor.org\/tr\/#website","url":"https:\/\/exceladvisor.org\/tr\/","name":"Excel Advisor","description":"Veri hakimiyetine y\u00f6nelik nihai rehberiniz!","publisher":{"@id":"https:\/\/exceladvisor.org\/tr\/#organization"},"potentialAction":[{"@type":"SearchAction","target":{"@type":"EntryPoint","urlTemplate":"https:\/\/exceladvisor.org\/tr\/?s={search_term_string}"},"query-input":{"@type":"PropertyValueSpecification","valueRequired":true,"valueName":"search_term_string"}}],"inLanguage":"tr"},{"@type":"Organization","@id":"https:\/\/exceladvisor.org\/tr\/#organization","name":"Excel Advisor","url":"https:\/\/exceladvisor.org\/tr\/","logo":{"@type":"ImageObject","inLanguage":"tr","@id":"https:\/\/exceladvisor.org\/tr\/#\/schema\/logo\/image\/","url":"https:\/\/exceladvisor.org\/tr\/wp-content\/uploads\/2023\/12\/exceladvisor.org_.png","contentUrl":"https:\/\/exceladvisor.org\/tr\/wp-content\/uploads\/2023\/12\/exceladvisor.org_.png","width":105,"height":36,"caption":"Excel Advisor"},"image":{"@id":"https:\/\/exceladvisor.org\/tr\/#\/schema\/logo\/image\/"}}]}},"yoast_meta":{"yoast_wpseo_title":"","yoast_wpseo_metadesc":"","yoast_wpseo_canonical":""},"_links":{"self":[{"href":"https:\/\/exceladvisor.org\/tr\/wp-json\/wp\/v2\/pages\/2053","targetHints":{"allow":["GET"]}}],"collection":[{"href":"https:\/\/exceladvisor.org\/tr\/wp-json\/wp\/v2\/pages"}],"about":[{"href":"https:\/\/exceladvisor.org\/tr\/wp-json\/wp\/v2\/types\/page"}],"author":[{"embeddable":true,"href":"https:\/\/exceladvisor.org\/tr\/wp-json\/wp\/v2\/users\/1"}],"replies":[{"embeddable":true,"href":"https:\/\/exceladvisor.org\/tr\/wp-json\/wp\/v2\/comments?post=2053"}],"version-history":[{"count":1,"href":"https:\/\/exceladvisor.org\/tr\/wp-json\/wp\/v2\/pages\/2053\/revisions"}],"predecessor-version":[{"id":2855,"href":"https:\/\/exceladvisor.org\/tr\/wp-json\/wp\/v2\/pages\/2053\/revisions\/2855"}],"wp:attachment":[{"href":"https:\/\/exceladvisor.org\/tr\/wp-json\/wp\/v2\/media?parent=2053"}],"curies":[{"name":"wp","href":"https:\/\/api.w.org\/{rel}","templated":true}]}}