{"id":2056,"date":"2023-10-22T04:39:17","date_gmt":"2023-10-22T04:39:17","guid":{"rendered":"https:\/\/exceladvisor.org\/tr\/onceki-pazar-2\/"},"modified":"2023-12-10T06:01:52","modified_gmt":"2023-12-10T06:01:52","slug":"onceki-pazar-2","status":"publish","type":"page","link":"https:\/\/exceladvisor.org\/tr\/onceki-pazar-2\/","title":{"rendered":"Excel&#39;de \u00f6nceki pazar g\u00fcn\u00fcn\u00fcn tarihi nas\u0131l al\u0131n\u0131r?"},"content":{"rendered":"<div class=\"excel-icerikten-once\" id=\"excel-3807815536\"><script type=\"text\/javascript\">\r\n\tatOptions = {\r\n\t\t'key' : 'c1158f160081d6540a8409e6925dab94',\r\n\t\t'format' : 'iframe',\r\n\t\t'height' : 250,\r\n\t\t'width' : 300,\r\n\t\t'params' : {}\r\n\t};\r\n<\/script>\r\n<script type=\"text\/javascript\" src=\"\/\/www.highperformanceformat.com\/c1158f160081d6540a8409e6925dab94\/invoke.js\"><\/script><\/div> <p>Excel&#8217;de belirli bir tarihin \u00f6nceki Pazar tarihini almak istiyorsan\u0131z Excel&#8217;in HAFTAG\u00dcN\u00dc fonksiyonunu kullanarak form\u00fcl yazman\u0131z gerekir. <\/p><div class=\"wp-block-image\"><figure class=\"aligncenter size-full is-resized\"><img loading=\"lazy\" decoding=\"async\" class=\"wp-image-83667\" src=\"https:\/\/exceladvisor.org\/wp-content\/uploads\/2023\/08\/1-obtenir-le-dimanche-precedent.png\" sizes=\"auto, \" srcset=\"\" alt=\"pazar-\u00f6nceki olsun\" width=\"472\" height=\"320\"><\/figure><\/div><h2 class=\"wp-block-heading\"> Ge\u00e7en Pazar g\u00fcn\u00fc elde edilecek form\u00fcl<\/h2><p> \u0130zlenecek ad\u0131mlar a\u015fa\u011f\u0131da verilmi\u015ftir:<\/p><ol type=\"1\"><li> Ge\u00e7erli tarihin bulundu\u011fu A1 h\u00fccresine bak\u0131n.<\/li><li> Eksi operat\u00f6r\u00fcn\u00fc (-) yaz\u0131n.<\/li><li> HAFTAG\u00dcN\u00dc i\u015flevini ekleyin; \u0130lk ba\u011f\u0131ms\u0131z de\u011fi\u015fkende (), A1 h\u00fccresine bak\u0131n.<\/li><li> \u0130kinci arg\u00fcmana (11) girin ve sonucu almak i\u00e7in Enter tu\u015funa bas\u0131n. <\/li><\/ol><div class=\"wp-block-image\"><figure class=\"aligncenter size-full is-resized\"><img loading=\"lazy\" decoding=\"async\" class=\"wp-image-83668\" src=\"https:\/\/exceladvisor.org\/wp-content\/uploads\/2023\/08\/2-formules-a-obtenir-dimanche-dernier.png\" sizes=\"auto, \" srcset=\"\" alt=\"ge\u00e7en pazar al\u0131nacak form\u00fcl\" width=\"527\" height=\"351\"><\/figure><\/div><p> Enter tu\u015funa bast\u0131\u011f\u0131n\u0131zda, A1 h\u00fccresindeki orijinal tarihinizden ge\u00e7en Pazar g\u00fcn\u00fcn\u00fcn tarihi d\u00f6nd\u00fcr\u00fcl\u00fcr. <\/p><div class=\"wp-block-image\"><figure class=\"aligncenter size-full is-resized\"><img loading=\"lazy\" decoding=\"async\" class=\"wp-image-83669\" src=\"https:\/\/exceladvisor.org\/wp-content\/uploads\/2023\/08\/3-renvoie-la-date-du-dernier-dimanche.png\" sizes=\"auto, \" srcset=\"\" alt=\"ge\u00e7en Pazar g\u00fcn\u00fcn\u00fcn-d\u00f6n\u00fc\u015f tarihi\" width=\"538\" height=\"363\"><\/figure><\/div><h3 class=\"wp-block-heading\"> Bu form\u00fcl nas\u0131l \u00e7al\u0131\u015f\u0131yor?<\/h3><p> Bu form\u00fcl\u00fc anlamak i\u00e7in \u00f6ncelikle HAFTAG\u00dcN\u00dc i\u015flevini anlamal\u0131s\u0131n\u0131z. WEEKDAY fonksiyonunda bir tarihe ba\u015fvurdu\u011funuzda, se\u00e7ti\u011finiz tarihin g\u00fcn\u00fcne ve hafta yap\u0131s\u0131na ba\u011fl\u0131 olarak 1 ile 7 aras\u0131nda bir say\u0131 d\u00f6nd\u00fcr\u00fcr. <\/p><div class=\"wp-block-image\"><figure class=\"aligncenter size-full is-resized\"><img loading=\"lazy\" decoding=\"async\" class=\"wp-image-83670\" src=\"https:\/\/exceladvisor.org\/wp-content\/uploads\/2023\/08\/4-comprendre-la-fonction-des-jours-de-la-semaine.png\" sizes=\"auto, \" srcset=\"\" alt=\"hafta i\u00e7i-i\u015flevini anlay\u0131n\" width=\"584\" height=\"119\"><\/figure><\/div><p> \u0130kinci ba\u011f\u0131ms\u0131z de\u011fi\u015fkende (d\u00f6n\u00fc\u015f_t\u00fcr\u00fc), i\u015fleve haftan\u0131n ilk g\u00fcn\u00fcn\u00fc dikkate almas\u0131n\u0131 s\u00f6yleyen bir say\u0131 belirtmelisiniz. Ve (2 veya 11) se\u00e7ene\u011fini belirlerseniz hafta Pazartesi&#8217;den ba\u015flayacakt\u0131r.<\/p><p> \u00d6rne\u011fin: <strong>e\u011fer g\u00fcn \u00c7ar\u015famba ise ve hafta Pazartesi ba\u015fl\u0131yorsa, tarihin g\u00fcn say\u0131s\u0131 3 olacakt\u0131r.<\/strong> A\u015fa\u011f\u0131da sonu\u00e7ta 3 oldu\u011funu g\u00f6rebilirsiniz. <\/p><div class=\"wp-block-image\"><figure class=\"aligncenter size-full is-resized\"><img loading=\"lazy\" decoding=\"async\" class=\"wp-image-83671\" src=\"https:\/\/exceladvisor.org\/wp-content\/uploads\/2023\/08\/5-resultats-du-jour-de-la-semaine.png\" sizes=\"auto, \" srcset=\"\" alt=\"haftan\u0131n g\u00fcn\u00fcn\u00fcn sonucu\" width=\"470\" height=\"203\"><\/figure><\/div><p> Ve sonunda, WEEKDAY&#8217;in 3&#8217;\u00fcn\u00fc elde etti\u011finizde ve bunu orijinal tarihten \u00e7\u0131kard\u0131\u011f\u0131n\u0131zda, sonu\u00e7ta bir \u00f6nceki Pazar g\u00fcn\u00fcn\u00fcn tarihini al\u0131rs\u0131n\u0131z. <\/p><div class=\"wp-block-image\"><figure class=\"aligncenter size-full is-resized\"><img loading=\"lazy\" decoding=\"async\" class=\"wp-image-83672\" src=\"https:\/\/exceladvisor.org\/wp-content\/uploads\/2023\/08\/6-date-du-dimanche-precedent.png\" sizes=\"auto, \" srcset=\"\" alt=\"\u00f6nceki pazar tarihi\" width=\"599\" height=\"195\"><\/figure><\/div><h3 class=\"wp-block-heading\"> Di\u011fer \u00f6nceki g\u00fcnleri al<\/h3><p> \u0130sterseniz \u00f6nceki g\u00fcnleri de alabilirsiniz. <\/p><div class=\"wp-block-image\"><figure class=\"aligncenter size-full is-resized\"><img loading=\"lazy\" decoding=\"async\" class=\"wp-image-83674\" src=\"https:\/\/exceladvisor.org\/wp-content\/uploads\/2023\/08\/7-obtenir-dautres-jours-precedents.png\" sizes=\"auto, \" srcset=\"\" alt=\"\u00f6nceki-di\u011fer-g\u00fcnleri-al\" width=\"587\" height=\"320\"><\/figure><\/div><pre class=\"wp-block-code\"> <code class=\"language-excel-formula\" lang=\"excel-formula\">=date-WEEKDAY(date,11) =date-WEEKDAY(date,12) =date-WEEKDAY(date,13) =date -WEEKDAY(date,14) =date -WEEKDAY(date,15) =date -WEEKDAY(date,16) =date-WEEKDAY(date,17)<\/code><\/pre><p> Haftan\u0131n ba\u015flang\u0131\u00e7 g\u00fcn\u00fcn\u00fc de\u011fi\u015ftirmek i\u00e7in i\u015flevdeki [return_type] ba\u011f\u0131ms\u0131z de\u011fi\u015fkenini ayarlaman\u0131z gerekir.<\/p><h3 class=\"wp-block-heading\"> Tarihle birlikte g\u00fcn bi\u00e7imlendirmesini uygulama<\/h3><p> Bir h\u00fccreye tarih ald\u0131\u011f\u0131n\u0131zda, g\u00fcn\u00fcn ad\u0131n\u0131 h\u00fccreye alamazs\u0131n\u0131z. Ancak bunu h\u0131zl\u0131 bir \u015fekilde ger\u00e7ekle\u015ftirmek i\u00e7in bi\u00e7imlendirmeyi de\u011fi\u015ftirebilirsiniz.<\/p><ol type=\"1\"><li> H\u00fccreyi se\u00e7in ve H\u00fccreleri Bi\u00e7imlendir se\u00e7ene\u011fini a\u00e7\u0131n (Ctrl+1).<\/li><li> \u00d6zel kategorisine t\u0131klay\u0131n ve giri\u015f \u00e7ubu\u011fuyla (Tip) t\u0131klay\u0131n.<\/li><li> (gg-aa-yy, dd) girin ve uygulamak i\u00e7in Tamam&#8217;a t\u0131klay\u0131n. <\/li><\/ol><div class=\"wp-block-image\"><figure class=\"aligncenter size-full is-resized\"><img loading=\"lazy\" decoding=\"async\" class=\"wp-image-83675\" src=\"https:\/\/exceladvisor.org\/wp-content\/uploads\/2023\/08\/Formatage-8-jours-avec-date.png\" sizes=\"auto, \" srcset=\"\" alt=\"tarihle-g\u00fcn-bi\u00e7imlendirmesi\" width=\"589\" height=\"584\"><\/figure><\/div><h2 class=\"wp-block-heading\"> \u0130kinci y\u00f6ntem<\/h2><p> \u00d6nceki Pazar g\u00fcn\u00fcn\u00fc almak i\u00e7in SELECT&#8217;i DAY OF WEEK ile birlikte de kullanabilirsiniz. <\/p><div class=\"wp-block-image\"><figure class=\"aligncenter size-full is-resized\"><img loading=\"lazy\" decoding=\"async\" class=\"wp-image-83676\" src=\"https:\/\/exceladvisor.org\/wp-content\/uploads\/2023\/08\/Methode-en-9-secondes-pour-obtenir-le-dimanche-precedent.png\" sizes=\"auto, \" srcset=\"\" alt=\"\u00f6nceki-Pazar-alman\u0131n ikinci y\u00f6ntemi\" width=\"569\" height=\"332\"><\/figure><\/div><pre class=\"wp-block-code\"> <code class=\"language-excel-formula\" lang=\"excel-formula\">=A1-CHOOSE(WEEKDAY(A1),0,1,2,3,4,5,6)<\/code><\/pre><p> Bu form\u00fclde, [return_type] arg\u00fcman\u0131n\u0131 belirtmeden WEEKDAY kulland\u0131k ve varsay\u0131lan de\u011feri al\u0131p haftan\u0131n ilk g\u00fcn\u00fc olarak Pazar&#8217;\u0131 kullan\u0131yor.<\/p><p> \u00c7ar\u015famba g\u00fcn\u00fcn\u00fcz varsa WEEKNUM sonu\u00e7ta 4 de\u011ferini, CHOOSE ise say\u0131 listesinde 3 de\u011ferini d\u00f6nd\u00fcr\u00fcr. Ve sonunda orijinal tarihten 3 g\u00fcn \u00e7\u0131kar\u0131larak Pazar tarihini elde edersiniz.<\/p><p> Not: \u00d6nceki Pazar g\u00fcn\u00fcn\u00fc veya herhangi bir g\u00fcn\u00fc almak i\u00e7in ilk y\u00f6ntemi kullanmak en iyisidir. <\/p><div class=\"gb-container gb-container-52dfcee1 gb-container-sample-file\"><h2 class=\"gb-headline gb-headline-e289c143 gb-headline-text gb-headline-4f7959c2\"> Excel dosyas\u0131n\u0131 al\u0131n<\/h2><p> <a class=\"gb-button gb-button-e88d6bee gb-button-text gb-button-button1\" href=\"https:\/\/exceladvisor.org\/tr\/a\/\" rel=\"nofollow\">\u0130ndirmek<\/a><\/p><\/div><div class=\"gb-container gb-container-0df56012 gb-container-mt\"> <a class=\"gb-button gb-button-f9f432f4 gb-button-text gb-button-mt-button\" href=\"https:\/\/exceladvisor.org\/tr\/formuller\/\">Excel form\u00fcllerinin listesi<\/a><h2 class=\"gb-headline gb-headline-233444e8 gb-headline-text gb-headline-mt-heading\"> \u0130lgili form\u00fcller <\/h2><div class=\"gb-grid-wrapper gb-grid-wrapper-a16fa65c gb-grid-wrapper-mt-grid\"><div class=\"gb-grid-column gb-grid-column-50d07e0d\"><div class=\"gb-container gb-container-50d07e0d\"><ul><li> <a href=\"https:\/\/exceladvisor.org\/tr\/haftanin-tarihini-ekle\/\">Excel&#8217;deki bir tarihten hafta ekleme-\u00e7\u0131karma<\/a><\/li><li> <a href=\"https:\/\/exceladvisor.org\/tr\/gunun-adini-ogren\/\">Excel&#8217;deki bir tarihten g\u00fcn\u00fcn ad\u0131n\u0131 al\u0131n<\/a><\/li><li> <a href=\"https:\/\/exceladvisor.org\/tr\/ayin-gunleri\/\">Excel&#8217;de aylar\u0131n toplam g\u00fcn say\u0131s\u0131n\u0131 al\u0131n<\/a><\/li><li> <a href=\"https:\/\/exceladvisor.org\/tr\/ay-is-gunu\/\">Bir ayda i\u015f g\u00fcn\u00fc<\/a><\/li><li> <a href=\"https:\/\/exceladvisor.org\/tr\/metin-tarihi-2\/\">Tarihi metne d\u00f6n\u00fc\u015ft\u00fcr<\/a><\/li><\/ul><\/div><\/div><\/div><\/div>","protected":false},"excerpt":{"rendered":"","protected":false},"author":1,"featured_media":0,"parent":0,"menu_order":0,"comment_status":"open","ping_status":"closed","template":"","meta":{"ub_ctt_via":"","footnotes":""},"class_list":["post-2056","page","type-page","status-publish","hentry"],"featured_image_src":null,"yoast_head":"<!-- This site is optimized with the Yoast SEO plugin v25.4 - https:\/\/yoast.com\/wordpress\/plugins\/seo\/ -->\n<title>Excel&#039;de \u00f6nceki Pazar g\u00fcn\u00fcn\u00fcn tarihi nas\u0131l al\u0131n\u0131r?<\/title>\n<meta name=\"description\" content=\"Bu e\u011fitimde size \u00f6nceki Pazar g\u00fcn\u00fcn\u00fcn tarihini almak i\u00e7in bir Excel form\u00fcl\u00fcn\u00fcn nas\u0131l yaz\u0131laca\u011f\u0131 \u00f6\u011fretilecektir. Bunu kontrol edelim\u2026\" \/>\n<meta name=\"robots\" content=\"index, follow, max-snippet:-1, max-image-preview:large, max-video-preview:-1\" \/>\n<link rel=\"canonical\" href=\"https:\/\/exceladvisor.org\/tr\/onceki-pazar-2\/\" \/>\n<meta property=\"og:locale\" content=\"tr_TR\" \/>\n<meta property=\"og:type\" content=\"article\" \/>\n<meta property=\"og:title\" content=\"Excel&#039;de \u00f6nceki Pazar g\u00fcn\u00fcn\u00fcn tarihi nas\u0131l al\u0131n\u0131r?\" \/>\n<meta property=\"og:description\" content=\"Bu e\u011fitimde size \u00f6nceki Pazar g\u00fcn\u00fcn\u00fcn tarihini almak i\u00e7in bir Excel form\u00fcl\u00fcn\u00fcn nas\u0131l yaz\u0131laca\u011f\u0131 \u00f6\u011fretilecektir. Bunu kontrol edelim\u2026\" \/>\n<meta property=\"og:url\" content=\"https:\/\/exceladvisor.org\/tr\/onceki-pazar-2\/\" \/>\n<meta property=\"og:site_name\" content=\"Excel Advisor\" \/>\n<meta property=\"article:modified_time\" content=\"2023-12-10T06:01:52+00:00\" \/>\n<meta property=\"og:image\" content=\"https:\/\/exceladvisor.org\/wp-content\/uploads\/2023\/08\/1-obtenir-le-dimanche-precedent.png\" \/>\n<meta name=\"twitter:card\" content=\"summary_large_image\" \/>\n<meta name=\"twitter:label1\" content=\"Tahmini okuma s\u00fcresi\" \/>\n\t<meta name=\"twitter:data1\" content=\"3 dakika\" \/>\n<script type=\"application\/ld+json\" class=\"yoast-schema-graph\">{\"@context\":\"https:\/\/schema.org\",\"@graph\":[{\"@type\":\"WebPage\",\"@id\":\"https:\/\/exceladvisor.org\/tr\/onceki-pazar-2\/\",\"url\":\"https:\/\/exceladvisor.org\/tr\/onceki-pazar-2\/\",\"name\":\"Excel&#39;de \u00f6nceki Pazar g\u00fcn\u00fcn\u00fcn tarihi nas\u0131l al\u0131n\u0131r?\",\"isPartOf\":{\"@id\":\"https:\/\/exceladvisor.org\/tr\/#website\"},\"primaryImageOfPage\":{\"@id\":\"https:\/\/exceladvisor.org\/tr\/onceki-pazar-2\/#primaryimage\"},\"image\":{\"@id\":\"https:\/\/exceladvisor.org\/tr\/onceki-pazar-2\/#primaryimage\"},\"thumbnailUrl\":\"https:\/\/exceladvisor.org\/wp-content\/uploads\/2023\/08\/1-obtenir-le-dimanche-precedent.png\",\"datePublished\":\"2023-10-22T04:39:17+00:00\",\"dateModified\":\"2023-12-10T06:01:52+00:00\",\"description\":\"Bu e\u011fitimde size \u00f6nceki Pazar g\u00fcn\u00fcn\u00fcn tarihini almak i\u00e7in bir Excel form\u00fcl\u00fcn\u00fcn nas\u0131l yaz\u0131laca\u011f\u0131 \u00f6\u011fretilecektir. Bunu kontrol edelim\u2026\",\"breadcrumb\":{\"@id\":\"https:\/\/exceladvisor.org\/tr\/onceki-pazar-2\/#breadcrumb\"},\"inLanguage\":\"tr\",\"potentialAction\":[{\"@type\":\"ReadAction\",\"target\":[\"https:\/\/exceladvisor.org\/tr\/onceki-pazar-2\/\"]}]},{\"@type\":\"ImageObject\",\"inLanguage\":\"tr\",\"@id\":\"https:\/\/exceladvisor.org\/tr\/onceki-pazar-2\/#primaryimage\",\"url\":\"https:\/\/exceladvisor.org\/wp-content\/uploads\/2023\/08\/1-obtenir-le-dimanche-precedent.png\",\"contentUrl\":\"https:\/\/exceladvisor.org\/wp-content\/uploads\/2023\/08\/1-obtenir-le-dimanche-precedent.png\"},{\"@type\":\"BreadcrumbList\",\"@id\":\"https:\/\/exceladvisor.org\/tr\/onceki-pazar-2\/#breadcrumb\",\"itemListElement\":[{\"@type\":\"ListItem\",\"position\":1,\"name\":\"Ev\",\"item\":\"https:\/\/exceladvisor.org\/tr\/\"},{\"@type\":\"ListItem\",\"position\":2,\"name\":\"Excel&#39;de \u00f6nceki pazar g\u00fcn\u00fcn\u00fcn tarihi nas\u0131l al\u0131n\u0131r?\"}]},{\"@type\":\"WebSite\",\"@id\":\"https:\/\/exceladvisor.org\/tr\/#website\",\"url\":\"https:\/\/exceladvisor.org\/tr\/\",\"name\":\"Excel Advisor\",\"description\":\"Veri hakimiyetine y\u00f6nelik nihai rehberiniz!\",\"publisher\":{\"@id\":\"https:\/\/exceladvisor.org\/tr\/#organization\"},\"potentialAction\":[{\"@type\":\"SearchAction\",\"target\":{\"@type\":\"EntryPoint\",\"urlTemplate\":\"https:\/\/exceladvisor.org\/tr\/?s={search_term_string}\"},\"query-input\":{\"@type\":\"PropertyValueSpecification\",\"valueRequired\":true,\"valueName\":\"search_term_string\"}}],\"inLanguage\":\"tr\"},{\"@type\":\"Organization\",\"@id\":\"https:\/\/exceladvisor.org\/tr\/#organization\",\"name\":\"Excel Advisor\",\"url\":\"https:\/\/exceladvisor.org\/tr\/\",\"logo\":{\"@type\":\"ImageObject\",\"inLanguage\":\"tr\",\"@id\":\"https:\/\/exceladvisor.org\/tr\/#\/schema\/logo\/image\/\",\"url\":\"https:\/\/exceladvisor.org\/tr\/wp-content\/uploads\/2023\/12\/exceladvisor.org_.png\",\"contentUrl\":\"https:\/\/exceladvisor.org\/tr\/wp-content\/uploads\/2023\/12\/exceladvisor.org_.png\",\"width\":105,\"height\":36,\"caption\":\"Excel Advisor\"},\"image\":{\"@id\":\"https:\/\/exceladvisor.org\/tr\/#\/schema\/logo\/image\/\"}}]}<\/script>\n<!-- \/ Yoast SEO plugin. -->","yoast_head_json":{"title":"Excel&#39;de \u00f6nceki Pazar g\u00fcn\u00fcn\u00fcn tarihi nas\u0131l al\u0131n\u0131r?","description":"Bu e\u011fitimde size \u00f6nceki Pazar g\u00fcn\u00fcn\u00fcn tarihini almak i\u00e7in bir Excel form\u00fcl\u00fcn\u00fcn nas\u0131l yaz\u0131laca\u011f\u0131 \u00f6\u011fretilecektir. Bunu kontrol edelim\u2026","robots":{"index":"index","follow":"follow","max-snippet":"max-snippet:-1","max-image-preview":"max-image-preview:large","max-video-preview":"max-video-preview:-1"},"canonical":"https:\/\/exceladvisor.org\/tr\/onceki-pazar-2\/","og_locale":"tr_TR","og_type":"article","og_title":"Excel&#39;de \u00f6nceki Pazar g\u00fcn\u00fcn\u00fcn tarihi nas\u0131l al\u0131n\u0131r?","og_description":"Bu e\u011fitimde size \u00f6nceki Pazar g\u00fcn\u00fcn\u00fcn tarihini almak i\u00e7in bir Excel form\u00fcl\u00fcn\u00fcn nas\u0131l yaz\u0131laca\u011f\u0131 \u00f6\u011fretilecektir. Bunu kontrol edelim\u2026","og_url":"https:\/\/exceladvisor.org\/tr\/onceki-pazar-2\/","og_site_name":"Excel Advisor","article_modified_time":"2023-12-10T06:01:52+00:00","og_image":[{"url":"https:\/\/exceladvisor.org\/wp-content\/uploads\/2023\/08\/1-obtenir-le-dimanche-precedent.png","type":"","width":"","height":""}],"twitter_card":"summary_large_image","twitter_misc":{"Tahmini okuma s\u00fcresi":"3 dakika"},"schema":{"@context":"https:\/\/schema.org","@graph":[{"@type":"WebPage","@id":"https:\/\/exceladvisor.org\/tr\/onceki-pazar-2\/","url":"https:\/\/exceladvisor.org\/tr\/onceki-pazar-2\/","name":"Excel&#39;de \u00f6nceki Pazar g\u00fcn\u00fcn\u00fcn tarihi nas\u0131l al\u0131n\u0131r?","isPartOf":{"@id":"https:\/\/exceladvisor.org\/tr\/#website"},"primaryImageOfPage":{"@id":"https:\/\/exceladvisor.org\/tr\/onceki-pazar-2\/#primaryimage"},"image":{"@id":"https:\/\/exceladvisor.org\/tr\/onceki-pazar-2\/#primaryimage"},"thumbnailUrl":"https:\/\/exceladvisor.org\/wp-content\/uploads\/2023\/08\/1-obtenir-le-dimanche-precedent.png","datePublished":"2023-10-22T04:39:17+00:00","dateModified":"2023-12-10T06:01:52+00:00","description":"Bu e\u011fitimde size \u00f6nceki Pazar g\u00fcn\u00fcn\u00fcn tarihini almak i\u00e7in bir Excel form\u00fcl\u00fcn\u00fcn nas\u0131l yaz\u0131laca\u011f\u0131 \u00f6\u011fretilecektir. Bunu kontrol edelim\u2026","breadcrumb":{"@id":"https:\/\/exceladvisor.org\/tr\/onceki-pazar-2\/#breadcrumb"},"inLanguage":"tr","potentialAction":[{"@type":"ReadAction","target":["https:\/\/exceladvisor.org\/tr\/onceki-pazar-2\/"]}]},{"@type":"ImageObject","inLanguage":"tr","@id":"https:\/\/exceladvisor.org\/tr\/onceki-pazar-2\/#primaryimage","url":"https:\/\/exceladvisor.org\/wp-content\/uploads\/2023\/08\/1-obtenir-le-dimanche-precedent.png","contentUrl":"https:\/\/exceladvisor.org\/wp-content\/uploads\/2023\/08\/1-obtenir-le-dimanche-precedent.png"},{"@type":"BreadcrumbList","@id":"https:\/\/exceladvisor.org\/tr\/onceki-pazar-2\/#breadcrumb","itemListElement":[{"@type":"ListItem","position":1,"name":"Ev","item":"https:\/\/exceladvisor.org\/tr\/"},{"@type":"ListItem","position":2,"name":"Excel&#39;de \u00f6nceki pazar g\u00fcn\u00fcn\u00fcn tarihi nas\u0131l al\u0131n\u0131r?"}]},{"@type":"WebSite","@id":"https:\/\/exceladvisor.org\/tr\/#website","url":"https:\/\/exceladvisor.org\/tr\/","name":"Excel Advisor","description":"Veri hakimiyetine y\u00f6nelik nihai rehberiniz!","publisher":{"@id":"https:\/\/exceladvisor.org\/tr\/#organization"},"potentialAction":[{"@type":"SearchAction","target":{"@type":"EntryPoint","urlTemplate":"https:\/\/exceladvisor.org\/tr\/?s={search_term_string}"},"query-input":{"@type":"PropertyValueSpecification","valueRequired":true,"valueName":"search_term_string"}}],"inLanguage":"tr"},{"@type":"Organization","@id":"https:\/\/exceladvisor.org\/tr\/#organization","name":"Excel Advisor","url":"https:\/\/exceladvisor.org\/tr\/","logo":{"@type":"ImageObject","inLanguage":"tr","@id":"https:\/\/exceladvisor.org\/tr\/#\/schema\/logo\/image\/","url":"https:\/\/exceladvisor.org\/tr\/wp-content\/uploads\/2023\/12\/exceladvisor.org_.png","contentUrl":"https:\/\/exceladvisor.org\/tr\/wp-content\/uploads\/2023\/12\/exceladvisor.org_.png","width":105,"height":36,"caption":"Excel Advisor"},"image":{"@id":"https:\/\/exceladvisor.org\/tr\/#\/schema\/logo\/image\/"}}]}},"yoast_meta":{"yoast_wpseo_title":"","yoast_wpseo_metadesc":"","yoast_wpseo_canonical":""},"_links":{"self":[{"href":"https:\/\/exceladvisor.org\/tr\/wp-json\/wp\/v2\/pages\/2056","targetHints":{"allow":["GET"]}}],"collection":[{"href":"https:\/\/exceladvisor.org\/tr\/wp-json\/wp\/v2\/pages"}],"about":[{"href":"https:\/\/exceladvisor.org\/tr\/wp-json\/wp\/v2\/types\/page"}],"author":[{"embeddable":true,"href":"https:\/\/exceladvisor.org\/tr\/wp-json\/wp\/v2\/users\/1"}],"replies":[{"embeddable":true,"href":"https:\/\/exceladvisor.org\/tr\/wp-json\/wp\/v2\/comments?post=2056"}],"version-history":[{"count":1,"href":"https:\/\/exceladvisor.org\/tr\/wp-json\/wp\/v2\/pages\/2056\/revisions"}],"predecessor-version":[{"id":2563,"href":"https:\/\/exceladvisor.org\/tr\/wp-json\/wp\/v2\/pages\/2056\/revisions\/2563"}],"wp:attachment":[{"href":"https:\/\/exceladvisor.org\/tr\/wp-json\/wp\/v2\/media?parent=2056"}],"curies":[{"name":"wp","href":"https:\/\/api.w.org\/{rel}","templated":true}]}}