{"id":2057,"date":"2023-10-22T04:31:54","date_gmt":"2023-10-22T04:31:54","guid":{"rendered":"https:\/\/exceladvisor.org\/tr\/son-karakteri-sil-2\/"},"modified":"2023-12-10T05:58:49","modified_gmt":"2023-12-10T05:58:49","slug":"son-karakteri-sil-2","status":"publish","type":"page","link":"https:\/\/exceladvisor.org\/tr\/son-karakteri-sil-2\/","title":{"rendered":"Bir dizedeki son karakter nas\u0131l kald\u0131r\u0131l\u0131r?"},"content":{"rendered":"<div class=\"excel-icerikten-once\" id=\"excel-1972014352\"><script type=\"text\/javascript\">\r\n\tatOptions = {\r\n\t\t'key' : 'c1158f160081d6540a8409e6925dab94',\r\n\t\t'format' : 'iframe',\r\n\t\t'height' : 250,\r\n\t\t'width' : 300,\r\n\t\t'params' : {}\r\n\t};\r\n<\/script>\r\n<script type=\"text\/javascript\" src=\"\/\/www.highperformanceformat.com\/c1158f160081d6540a8409e6925dab94\/invoke.js\"><\/script><\/div> <p>Excel&#8217;de bir h\u00fccredeki dizenin son karakterini kald\u0131rmak i\u00e7in SOL ve UZUNLUK i\u015flevlerini birle\u015ftirerek bir form\u00fcl olu\u015fturman\u0131z gerekir. Bu i\u015flevler, dizeyi \u00e7\u0131kar\u0131rken son karakteri (sa\u011f taraftaki) k\u0131rparak kald\u0131rman\u0131za olanak tan\u0131r. <\/p><div class=\"wp-block-image\"><figure class=\"aligncenter size-full is-resized\"><img loading=\"lazy\" decoding=\"async\" class=\"wp-image-83682\" src=\"https:\/\/exceladvisor.org\/wp-content\/uploads\/2023\/08\/1-supprimer-le-dernier-caractere-dune-chaine.png\" sizes=\"auto, \" srcset=\"\" alt=\"bir dizedeki son karakteri kald\u0131r\" width=\"688\" height=\"358\"><\/figure><\/div><p> Bu form\u00fcl\u00fc yazmak i\u00e7in a\u015fa\u011f\u0131daki ad\u0131mlar\u0131 kullan\u0131n:<\/p><ol type=\"1\"><li> \u0130lk \u00f6nce SOL i\u015flevini bir h\u00fccreye girin ve ilk arg\u00fcmanda orijinal metni i\u00e7eren h\u00fccreye bak\u0131n.<\/li><li> Daha sonra LEFT&#8217;in ikinci arg\u00fcman\u0131na UZUNLUK fonksiyonunu girin.<\/li><li> Bundan sonra, UZUNLUK i\u015flevinde A2 h\u00fccresine bak\u0131n, ard\u0131ndan UZUNLUK i\u015flevini kapatma parantezleriyle kapat\u0131n.<\/li><li> Sonunda, [num_chars] i\u00e7indeki UZUNLUK fonksiyonunun eksi 1&#8217;ini ve SOL fonksiyonunu kapat\u0131n. <\/li><\/ol><div class=\"wp-block-image\"><figure class=\"aligncenter size-full is-resized\"><img loading=\"lazy\" decoding=\"async\" class=\"wp-image-83684\" src=\"https:\/\/exceladvisor.org\/wp-content\/uploads\/2023\/08\/2-a-gauche-et-len-pour-supprimer-le-dernier-caractere.png\" sizes=\"auto, \" srcset=\"\" alt=\"son-karakteri-kald\u0131rmak i\u00e7in sol-ve-uzunluk\" width=\"597\" height=\"190\"><\/figure><\/div><p> Enter tu\u015funa bast\u0131\u011f\u0131n\u0131zda, son karakteri \u00e7\u0131kard\u0131ktan sonra size orijinal dizeden yeni bir dize verir.<\/p><pre class=\"wp-block-code\"> <code class=\"language-excel-formula\" lang=\"excel-formula\">=LEFT(A1,LEN(A1)-1)<\/code><\/pre><p> Dizeden sonra ve \u00f6nce sahip oldu\u011funuz istenmeyen bo\u015fluklar\u0131 kald\u0131rmak i\u00e7in TRIM i\u015flevini de kullanabilirsiniz. \u00d6rne\u011fimizde \u201cAlanlar\u201d ile \u201c1\u201d aras\u0131nda bo\u015fluk var. <\/p><div class=\"wp-block-image\"><figure class=\"aligncenter size-full is-resized\"><img loading=\"lazy\" decoding=\"async\" class=\"wp-image-83685\" src=\"https:\/\/exceladvisor.org\/wp-content\/uploads\/2023\/08\/3-garnitures-pour-supprimer-lespace-indesirable.png\" sizes=\"auto, \" srcset=\"\" alt=\"gereksiz alan\u0131 kald\u0131rmak i\u00e7in kes\" width=\"697\" height=\"340\"><\/figure><\/div><p> Ve son karakteri kald\u0131rd\u0131\u011f\u0131n\u0131zda bo\u015fluk dizede kal\u0131r. A\u015fa\u011f\u0131daki anl\u0131k g\u00f6r\u00fcnt\u00fcye bak\u0131n. <\/p><div class=\"wp-block-image\"><figure class=\"aligncenter size-full is-resized\"><img loading=\"lazy\" decoding=\"async\" class=\"wp-image-83686\" src=\"https:\/\/exceladvisor.org\/wp-content\/uploads\/2023\/08\/4-trim-avec-gauche-et-len.png\" sizes=\"auto, \" srcset=\"\" alt=\"sol-ve-uzunlukla-k\u0131rp\" width=\"651\" height=\"333\"><\/figure><\/div><p> Bu nedenle TRIM&#8217;i LEFT ve LEN ile birlikte kullanmak en iyisidir. <\/p><div class=\"gb-container gb-container-52dfcee1 gb-container-sample-file\"><h2 class=\"gb-headline gb-headline-e289c143 gb-headline-text gb-headline-4f7959c2\"> Excel dosyas\u0131n\u0131 al\u0131n<\/h2><p> <a class=\"gb-button gb-button-e88d6bee gb-button-text gb-button-button1\" href=\"https:\/\/exceladvisor.org\/tr\/a\/\" rel=\"nofollow\">\u0130ndirmek<\/a><\/p><\/div><div class=\"gb-container gb-container-4db6181c gb-container-mt\"> <a class=\"gb-button gb-button-c5897111 gb-button-text gb-button-mt-button\" href=\"https:\/\/exceladvisor.org\/tr\/vba\/\">VBA nedir<\/a><h2 class=\"gb-headline gb-headline-665e5f6b gb-headline-text gb-headline-mt-heading\"> \u0130lgili e\u011fitimler <\/h2><div class=\"gb-grid-wrapper gb-grid-wrapper-a20baf7c gb-grid-wrapper-mt-grid\"><div class=\"gb-grid-column gb-grid-column-65ddf67e\"><div class=\"gb-container gb-container-65ddf67e\"><ul><li> Excel&#8217;deki bir h\u00fccreden ilk karakteri kald\u0131rma<\/li><li> <a href=\"https:\/\/exceladvisor.org\/tr\/fazladan-bosluklari-kaldir\/\">Excel&#8217;deki fazladan bo\u015fluklar\u0131 kald\u0131r\u0131n<\/a><\/li><li> <a href=\"https:\/\/exceladvisor.org\/tr\/ilk-son-kelimeyi-al\/\">Excel&#8217;de Ayr\u0131 Adlar \u2013 (Ad ve Soyad\u0131)<\/a><\/li><li> <a href=\"https:\/\/exceladvisor.org\/tr\/son-kelimeyi-cikar-2\/\">H\u00fccredeki son kelimeyi \u00e7\u0131karma<\/a><\/li><li> <a href=\"https:\/\/exceladvisor.org\/tr\/satir-sonunu-kaldir-2\/\">H\u00fccredeki sat\u0131r sonunu kald\u0131rma<\/a><\/li><\/ul><\/div><\/div><\/div><\/div>","protected":false},"excerpt":{"rendered":"","protected":false},"author":1,"featured_media":0,"parent":0,"menu_order":0,"comment_status":"open","ping_status":"closed","template":"","meta":{"ub_ctt_via":"","footnotes":""},"class_list":["post-2057","page","type-page","status-publish","hentry"],"featured_image_src":null,"yoast_head":"<!-- This site is optimized with the Yoast SEO plugin v25.4 - https:\/\/yoast.com\/wordpress\/plugins\/seo\/ -->\n<title>Excel&#039;deki bir dizedeki son karakter nas\u0131l kald\u0131r\u0131l\u0131r?<\/title>\n<meta name=\"description\" content=\"Bu e\u011fitim size bir dizedeki son karakteri kald\u0131rmak i\u00e7in bir Excel form\u00fcl\u00fcn\u00fcn nas\u0131l yaz\u0131laca\u011f\u0131n\u0131 \u00f6\u011fretecektir. Bunu kontrol edelim\u2026\" \/>\n<meta name=\"robots\" content=\"index, follow, max-snippet:-1, max-image-preview:large, max-video-preview:-1\" \/>\n<link rel=\"canonical\" href=\"https:\/\/exceladvisor.org\/tr\/son-karakteri-sil-2\/\" \/>\n<meta property=\"og:locale\" content=\"tr_TR\" \/>\n<meta property=\"og:type\" content=\"article\" \/>\n<meta property=\"og:title\" content=\"Excel&#039;deki bir dizedeki son karakter nas\u0131l kald\u0131r\u0131l\u0131r?\" \/>\n<meta property=\"og:description\" content=\"Bu e\u011fitim size bir dizedeki son karakteri kald\u0131rmak i\u00e7in bir Excel form\u00fcl\u00fcn\u00fcn nas\u0131l yaz\u0131laca\u011f\u0131n\u0131 \u00f6\u011fretecektir. Bunu kontrol edelim\u2026\" \/>\n<meta property=\"og:url\" content=\"https:\/\/exceladvisor.org\/tr\/son-karakteri-sil-2\/\" \/>\n<meta property=\"og:site_name\" content=\"Excel Advisor\" \/>\n<meta property=\"article:modified_time\" content=\"2023-12-10T05:58:49+00:00\" \/>\n<meta property=\"og:image\" content=\"https:\/\/exceladvisor.org\/wp-content\/uploads\/2023\/08\/1-supprimer-le-dernier-caractere-dune-chaine.png\" \/>\n<meta name=\"twitter:card\" content=\"summary_large_image\" \/>\n<meta name=\"twitter:label1\" content=\"Tahmini okuma s\u00fcresi\" \/>\n\t<meta name=\"twitter:data1\" content=\"1 dakika\" \/>\n<script type=\"application\/ld+json\" class=\"yoast-schema-graph\">{\"@context\":\"https:\/\/schema.org\",\"@graph\":[{\"@type\":\"WebPage\",\"@id\":\"https:\/\/exceladvisor.org\/tr\/son-karakteri-sil-2\/\",\"url\":\"https:\/\/exceladvisor.org\/tr\/son-karakteri-sil-2\/\",\"name\":\"Excel&#39;deki bir dizedeki son karakter nas\u0131l kald\u0131r\u0131l\u0131r?\",\"isPartOf\":{\"@id\":\"https:\/\/exceladvisor.org\/tr\/#website\"},\"primaryImageOfPage\":{\"@id\":\"https:\/\/exceladvisor.org\/tr\/son-karakteri-sil-2\/#primaryimage\"},\"image\":{\"@id\":\"https:\/\/exceladvisor.org\/tr\/son-karakteri-sil-2\/#primaryimage\"},\"thumbnailUrl\":\"https:\/\/exceladvisor.org\/wp-content\/uploads\/2023\/08\/1-supprimer-le-dernier-caractere-dune-chaine.png\",\"datePublished\":\"2023-10-22T04:31:54+00:00\",\"dateModified\":\"2023-12-10T05:58:49+00:00\",\"description\":\"Bu e\u011fitim size bir dizedeki son karakteri kald\u0131rmak i\u00e7in bir Excel form\u00fcl\u00fcn\u00fcn nas\u0131l yaz\u0131laca\u011f\u0131n\u0131 \u00f6\u011fretecektir. Bunu kontrol edelim\u2026\",\"breadcrumb\":{\"@id\":\"https:\/\/exceladvisor.org\/tr\/son-karakteri-sil-2\/#breadcrumb\"},\"inLanguage\":\"tr\",\"potentialAction\":[{\"@type\":\"ReadAction\",\"target\":[\"https:\/\/exceladvisor.org\/tr\/son-karakteri-sil-2\/\"]}]},{\"@type\":\"ImageObject\",\"inLanguage\":\"tr\",\"@id\":\"https:\/\/exceladvisor.org\/tr\/son-karakteri-sil-2\/#primaryimage\",\"url\":\"https:\/\/exceladvisor.org\/wp-content\/uploads\/2023\/08\/1-supprimer-le-dernier-caractere-dune-chaine.png\",\"contentUrl\":\"https:\/\/exceladvisor.org\/wp-content\/uploads\/2023\/08\/1-supprimer-le-dernier-caractere-dune-chaine.png\"},{\"@type\":\"BreadcrumbList\",\"@id\":\"https:\/\/exceladvisor.org\/tr\/son-karakteri-sil-2\/#breadcrumb\",\"itemListElement\":[{\"@type\":\"ListItem\",\"position\":1,\"name\":\"Ev\",\"item\":\"https:\/\/exceladvisor.org\/tr\/\"},{\"@type\":\"ListItem\",\"position\":2,\"name\":\"Bir dizedeki son karakter nas\u0131l kald\u0131r\u0131l\u0131r?\"}]},{\"@type\":\"WebSite\",\"@id\":\"https:\/\/exceladvisor.org\/tr\/#website\",\"url\":\"https:\/\/exceladvisor.org\/tr\/\",\"name\":\"Excel Advisor\",\"description\":\"Veri hakimiyetine y\u00f6nelik nihai rehberiniz!\",\"publisher\":{\"@id\":\"https:\/\/exceladvisor.org\/tr\/#organization\"},\"potentialAction\":[{\"@type\":\"SearchAction\",\"target\":{\"@type\":\"EntryPoint\",\"urlTemplate\":\"https:\/\/exceladvisor.org\/tr\/?s={search_term_string}\"},\"query-input\":{\"@type\":\"PropertyValueSpecification\",\"valueRequired\":true,\"valueName\":\"search_term_string\"}}],\"inLanguage\":\"tr\"},{\"@type\":\"Organization\",\"@id\":\"https:\/\/exceladvisor.org\/tr\/#organization\",\"name\":\"Excel Advisor\",\"url\":\"https:\/\/exceladvisor.org\/tr\/\",\"logo\":{\"@type\":\"ImageObject\",\"inLanguage\":\"tr\",\"@id\":\"https:\/\/exceladvisor.org\/tr\/#\/schema\/logo\/image\/\",\"url\":\"https:\/\/exceladvisor.org\/tr\/wp-content\/uploads\/2023\/12\/exceladvisor.org_.png\",\"contentUrl\":\"https:\/\/exceladvisor.org\/tr\/wp-content\/uploads\/2023\/12\/exceladvisor.org_.png\",\"width\":105,\"height\":36,\"caption\":\"Excel Advisor\"},\"image\":{\"@id\":\"https:\/\/exceladvisor.org\/tr\/#\/schema\/logo\/image\/\"}}]}<\/script>\n<!-- \/ Yoast SEO plugin. -->","yoast_head_json":{"title":"Excel&#39;deki bir dizedeki son karakter nas\u0131l kald\u0131r\u0131l\u0131r?","description":"Bu e\u011fitim size bir dizedeki son karakteri kald\u0131rmak i\u00e7in bir Excel form\u00fcl\u00fcn\u00fcn nas\u0131l yaz\u0131laca\u011f\u0131n\u0131 \u00f6\u011fretecektir. Bunu kontrol edelim\u2026","robots":{"index":"index","follow":"follow","max-snippet":"max-snippet:-1","max-image-preview":"max-image-preview:large","max-video-preview":"max-video-preview:-1"},"canonical":"https:\/\/exceladvisor.org\/tr\/son-karakteri-sil-2\/","og_locale":"tr_TR","og_type":"article","og_title":"Excel&#39;deki bir dizedeki son karakter nas\u0131l kald\u0131r\u0131l\u0131r?","og_description":"Bu e\u011fitim size bir dizedeki son karakteri kald\u0131rmak i\u00e7in bir Excel form\u00fcl\u00fcn\u00fcn nas\u0131l yaz\u0131laca\u011f\u0131n\u0131 \u00f6\u011fretecektir. Bunu kontrol edelim\u2026","og_url":"https:\/\/exceladvisor.org\/tr\/son-karakteri-sil-2\/","og_site_name":"Excel Advisor","article_modified_time":"2023-12-10T05:58:49+00:00","og_image":[{"url":"https:\/\/exceladvisor.org\/wp-content\/uploads\/2023\/08\/1-supprimer-le-dernier-caractere-dune-chaine.png","type":"","width":"","height":""}],"twitter_card":"summary_large_image","twitter_misc":{"Tahmini okuma s\u00fcresi":"1 dakika"},"schema":{"@context":"https:\/\/schema.org","@graph":[{"@type":"WebPage","@id":"https:\/\/exceladvisor.org\/tr\/son-karakteri-sil-2\/","url":"https:\/\/exceladvisor.org\/tr\/son-karakteri-sil-2\/","name":"Excel&#39;deki bir dizedeki son karakter nas\u0131l kald\u0131r\u0131l\u0131r?","isPartOf":{"@id":"https:\/\/exceladvisor.org\/tr\/#website"},"primaryImageOfPage":{"@id":"https:\/\/exceladvisor.org\/tr\/son-karakteri-sil-2\/#primaryimage"},"image":{"@id":"https:\/\/exceladvisor.org\/tr\/son-karakteri-sil-2\/#primaryimage"},"thumbnailUrl":"https:\/\/exceladvisor.org\/wp-content\/uploads\/2023\/08\/1-supprimer-le-dernier-caractere-dune-chaine.png","datePublished":"2023-10-22T04:31:54+00:00","dateModified":"2023-12-10T05:58:49+00:00","description":"Bu e\u011fitim size bir dizedeki son karakteri kald\u0131rmak i\u00e7in bir Excel form\u00fcl\u00fcn\u00fcn nas\u0131l yaz\u0131laca\u011f\u0131n\u0131 \u00f6\u011fretecektir. Bunu kontrol edelim\u2026","breadcrumb":{"@id":"https:\/\/exceladvisor.org\/tr\/son-karakteri-sil-2\/#breadcrumb"},"inLanguage":"tr","potentialAction":[{"@type":"ReadAction","target":["https:\/\/exceladvisor.org\/tr\/son-karakteri-sil-2\/"]}]},{"@type":"ImageObject","inLanguage":"tr","@id":"https:\/\/exceladvisor.org\/tr\/son-karakteri-sil-2\/#primaryimage","url":"https:\/\/exceladvisor.org\/wp-content\/uploads\/2023\/08\/1-supprimer-le-dernier-caractere-dune-chaine.png","contentUrl":"https:\/\/exceladvisor.org\/wp-content\/uploads\/2023\/08\/1-supprimer-le-dernier-caractere-dune-chaine.png"},{"@type":"BreadcrumbList","@id":"https:\/\/exceladvisor.org\/tr\/son-karakteri-sil-2\/#breadcrumb","itemListElement":[{"@type":"ListItem","position":1,"name":"Ev","item":"https:\/\/exceladvisor.org\/tr\/"},{"@type":"ListItem","position":2,"name":"Bir dizedeki son karakter nas\u0131l kald\u0131r\u0131l\u0131r?"}]},{"@type":"WebSite","@id":"https:\/\/exceladvisor.org\/tr\/#website","url":"https:\/\/exceladvisor.org\/tr\/","name":"Excel Advisor","description":"Veri hakimiyetine y\u00f6nelik nihai rehberiniz!","publisher":{"@id":"https:\/\/exceladvisor.org\/tr\/#organization"},"potentialAction":[{"@type":"SearchAction","target":{"@type":"EntryPoint","urlTemplate":"https:\/\/exceladvisor.org\/tr\/?s={search_term_string}"},"query-input":{"@type":"PropertyValueSpecification","valueRequired":true,"valueName":"search_term_string"}}],"inLanguage":"tr"},{"@type":"Organization","@id":"https:\/\/exceladvisor.org\/tr\/#organization","name":"Excel Advisor","url":"https:\/\/exceladvisor.org\/tr\/","logo":{"@type":"ImageObject","inLanguage":"tr","@id":"https:\/\/exceladvisor.org\/tr\/#\/schema\/logo\/image\/","url":"https:\/\/exceladvisor.org\/tr\/wp-content\/uploads\/2023\/12\/exceladvisor.org_.png","contentUrl":"https:\/\/exceladvisor.org\/tr\/wp-content\/uploads\/2023\/12\/exceladvisor.org_.png","width":105,"height":36,"caption":"Excel Advisor"},"image":{"@id":"https:\/\/exceladvisor.org\/tr\/#\/schema\/logo\/image\/"}}]}},"yoast_meta":{"yoast_wpseo_title":"","yoast_wpseo_metadesc":"","yoast_wpseo_canonical":""},"_links":{"self":[{"href":"https:\/\/exceladvisor.org\/tr\/wp-json\/wp\/v2\/pages\/2057","targetHints":{"allow":["GET"]}}],"collection":[{"href":"https:\/\/exceladvisor.org\/tr\/wp-json\/wp\/v2\/pages"}],"about":[{"href":"https:\/\/exceladvisor.org\/tr\/wp-json\/wp\/v2\/types\/page"}],"author":[{"embeddable":true,"href":"https:\/\/exceladvisor.org\/tr\/wp-json\/wp\/v2\/users\/1"}],"replies":[{"embeddable":true,"href":"https:\/\/exceladvisor.org\/tr\/wp-json\/wp\/v2\/comments?post=2057"}],"version-history":[{"count":1,"href":"https:\/\/exceladvisor.org\/tr\/wp-json\/wp\/v2\/pages\/2057\/revisions"}],"predecessor-version":[{"id":2273,"href":"https:\/\/exceladvisor.org\/tr\/wp-json\/wp\/v2\/pages\/2057\/revisions\/2273"}],"wp:attachment":[{"href":"https:\/\/exceladvisor.org\/tr\/wp-json\/wp\/v2\/media?parent=2057"}],"curies":[{"name":"wp","href":"https:\/\/api.w.org\/{rel}","templated":true}]}}