{"id":2059,"date":"2023-10-21T13:57:49","date_gmt":"2023-10-21T13:57:49","guid":{"rendered":"https:\/\/exceladvisor.org\/tr\/karakter-yazi-tipi\/"},"modified":"2023-12-10T06:06:31","modified_gmt":"2023-12-10T06:06:31","slug":"karakter-yazi-tipi","status":"publish","type":"page","link":"https:\/\/exceladvisor.org\/tr\/karakter-yazi-tipi\/","title":{"rendered":"Vba kullanarak yaz\u0131 tipinde nas\u0131l de\u011fi\u015fiklik yap\u0131l\u0131r?"},"content":{"rendered":"<div class=\"excel-icerikten-once\" id=\"excel-603737414\"><script type=\"text\/javascript\">\r\n\tatOptions = {\r\n\t\t'key' : 'c1158f160081d6540a8409e6925dab94',\r\n\t\t'format' : 'iframe',\r\n\t\t'height' : 250,\r\n\t\t'width' : 300,\r\n\t\t'params' : {}\r\n\t};\r\n<\/script>\r\n<script type=\"text\/javascript\" src=\"\/\/www.highperformanceformat.com\/c1158f160081d6540a8409e6925dab94\/invoke.js\"><\/script><\/div> <h2 class=\"wp-block-heading\">\u00d6nemli notlar<\/h2><ul><li> Bir yaz\u0131 tipinde de\u011fi\u015fiklik yapmak i\u00e7in VBA Yaz\u0131 Tipi nesnesini kullanman\u0131z gerekir.<\/li><li> Font nesnesinin eri\u015febilece\u011finiz ve \u00fczerinde de\u011fi\u015fiklik yapabilece\u011finiz toplam 18 \u00f6zelli\u011fi vard\u0131r.<\/li><\/ul><h2 class=\"wp-block-heading\"> VBA yaz\u0131 tipi nesnesi<\/h2><p> VBA&#8217;da, yaz\u0131 tipi rengi, yaz\u0131 tipi boyutu, yaz\u0131 tipi gibi yaz\u0131 tipi \u00f6zelliklerini bir h\u00fccreden de\u011fi\u015ftirmek i\u00e7in kullanabilece\u011finiz bir yaz\u0131 tipi nesnesi vard\u0131r ve ayr\u0131ca yaz\u0131 tipine kal\u0131n ve italik uygulayabilirsiniz.<\/p><h3 class=\"wp-block-heading\"> S\u00f6zdizimi<\/h3><pre class=\"wp-block-code\"> <code class=\"language-visual-basic\" lang=\"visual-basic\">expression.font<\/code><\/pre><p> Kullanmak i\u00e7in \u00f6ncelikle a\u015fa\u011f\u0131daki yollarla belirtebilece\u011finiz h\u00fccre adresini ayarlaman\u0131z gerekir.<\/p><pre class=\"wp-block-code\"> <code class=\"language-visual-basic\" lang=\"visual-basic\">Selection.Font Range(\"A1\").Font Cells(1, 1).Font Range(\"A1:A5\").Font<\/code><\/pre><h2 class=\"wp-block-heading\"> VBA yaz\u0131 tipi rengi<\/h2><p> Yaz\u0131 tipi rengini de\u011fi\u015ftirmek i\u00e7in iki farkl\u0131 yolunuz vard\u0131r:<\/p><h3 class=\"wp-block-heading\"> 1. Renk sabitlerini kullanma<\/h3><p> Excel&#8217;de yaz\u0131 tipine renk uygulamak i\u00e7in kullanabilece\u011finiz birka\u00e7 renk sabiti vard\u0131r. \u00d6rne\u011fin A1 h\u00fccresindeki yaz\u0131 tipine k\u0131rm\u0131z\u0131 rengini uygulamak istiyorsan\u0131z kod a\u015fa\u011f\u0131daki gibi olacakt\u0131r: <\/p><pre class=\"wp-block-code\"> <code class=\"language-visual-basic\" lang=\"visual-basic\">Range(\"A1\").Font.Color = vbRed<\/code><\/pre><div class=\"wp-block-image\"><figure class=\"aligncenter size-large is-resized\"><img loading=\"lazy\" decoding=\"async\" class=\"wp-image-50948\" src=\"https:\/\/exceladvisor.org\/wp-content\/uploads\/2023\/08\/1-en-utilisant-des-constantes-de-couleur.png\" sizes=\"auto, \" srcset=\"\" alt=\"renk sabitlerini kullan\" width=\"317\" height=\"157\"><\/figure><\/div><p> Yukar\u0131daki kodda, yaz\u0131 tipi nesnesinden sonra renk \u00f6zelli\u011fidir ve VBA&#8217;ya A1 h\u00fccresine k\u0131rm\u0131z\u0131 renk uygulamas\u0131n\u0131 s\u00f6yleyen vbRed sabitini kulland\u0131n\u0131z. Kullanabilece\u011finiz toplam sekiz sabit vard\u0131r:<\/p><ol type=\"1\"><li> vbSiyah: Siyah<\/li><li> vbK\u0131rm\u0131z\u0131: K\u0131rm\u0131z\u0131<\/li><li> vbYe\u015fil: Ye\u015fil<\/li><li> vbSar\u0131: Sar\u0131<\/li><li> vbMavi: Mavi<\/li><li> vbMagenta: Macenta<\/li><li> vbCyan: camg\u00f6be\u011fi<\/li><li> vbBeyaz: Beyaz<\/li><\/ol><h3 class=\"wp-block-heading\"> 2. RGB&#8217;yi kullanma<\/h3><p> Yaz\u0131 tipine renk uygulamak i\u00e7in RGB renk kodlamas\u0131n\u0131 da kullanabilirsiniz. RGB, kod kullanarak \u00f6zel bir renk olu\u015fturabilece\u011finiz k\u0131rm\u0131z\u0131, ye\u015fil ve mavinin renk birle\u015fimidir. Diyelim ki A1 h\u00fccresine ye\u015fil ve mavi renk kombinasyonu uygulamak istiyorsan\u0131z kod \u015f\u00f6yle olacakt\u0131r: <\/p><pre class=\"wp-block-code\"> <code class=\"language-visual-basic\" lang=\"visual-basic\">Range(\"A1\").Font.Color = RGB(0, 255, 255)<\/code><\/pre><div class=\"wp-block-image\"><figure class=\"aligncenter size-large is-resized\"><img loading=\"lazy\" decoding=\"async\" class=\"wp-image-50949\" src=\"https:\/\/exceladvisor.org\/wp-content\/uploads\/2023\/08\/2-en-utilisant-RVB.png\" sizes=\"auto, \" srcset=\"\" alt=\"RGB kullan\u0131m\u0131\" width=\"462\" height=\"174\"><\/figure><\/div><h2 class=\"wp-block-heading\"> VBA yaz\u0131 tipi boyutu<\/h2><p> Font nesnesi ayr\u0131ca yaz\u0131 tipinin size \u00f6zelli\u011fine eri\u015fmenizi sa\u011flar. Diyelim ki A1 h\u00fccresindeki yaz\u0131 tipine 16 yaz\u0131 tipi boyutunu uygulamak istiyorsunuz, kod \u015f\u00f6yle olacakt\u0131r: <\/p><pre class=\"wp-block-code\"> <code class=\"language-visual-basic\" lang=\"visual-basic\">Range(\"A1\").Font.Size = 16<\/code><\/pre><div class=\"wp-block-image\"><figure class=\"aligncenter size-large is-resized\"><img loading=\"lazy\" decoding=\"async\" class=\"wp-image-50950\" src=\"https:\/\/exceladvisor.org\/wp-content\/uploads\/2023\/08\/3-taille-de-police-vba.png\" sizes=\"auto, \" srcset=\"\" alt=\"vba yaz\u0131 tipi boyutu\" width=\"363\" height=\"161\"><\/figure><\/div><p> Yaz\u0131 tipi boyutunu \u00e7al\u0131\u015fma sayfas\u0131ndaki t\u00fcm h\u00fccrelere uygulamak istiyorsan\u0131z a\u015fa\u011f\u0131daki kodu kullanabilirsiniz:<\/p><pre class=\"wp-block-code\"> <code class=\"language-visual-basic\" lang=\"visual-basic\">Cells.Font.Size = 16<\/code><\/pre><p> Yaz\u0131 tipi boyutunu yaln\u0131zca verilerinizin bulundu\u011fu h\u00fccrelere uygulamak istiyorsan\u0131z kod \u015f\u00f6yle olacakt\u0131r:<\/p><pre class=\"wp-block-code\"> <code class=\"language-visual-basic\" lang=\"visual-basic\">ActiveSheet.UsedRange.Font.Size = 16<\/code><\/pre><p> Veya se\u00e7ilen h\u00fccreye.<\/p><pre class=\"wp-block-code\"> <code class=\"language-visual-basic\" lang=\"visual-basic\">Selection.Font.Size = 16<\/code><\/pre><h2 class=\"wp-block-heading\"> VBA yaz\u0131 tipi ad\u0131<\/h2><p> Benzer \u015fekilde, yaz\u0131 tipi nesnesinin name \u00f6zelli\u011fini kullanarak yaz\u0131 tipi ad\u0131n\u0131 da de\u011fi\u015ftirebilirsiniz. A1 h\u00fccresine <a href=\"https:\/\/exceladvisor.org\/tr\/en-iyi-yazi-tipleri\/\">&#8220;Consolas&#8221; yaz\u0131 tipini uygulamak istedi\u011finizi<\/a> varsayal\u0131m. Kod \u015f\u00f6yle olacakt\u0131r: <\/p><pre class=\"wp-block-code\"> <code class=\"language-visual-basic\" lang=\"visual-basic\">Range(\"A1\").Font.Name = \"Consolas\"<\/code><\/pre><div class=\"wp-block-image\"><figure class=\"aligncenter size-large is-resized\"><img loading=\"lazy\" decoding=\"async\" class=\"wp-image-50951\" src=\"https:\/\/exceladvisor.org\/wp-content\/uploads\/2023\/08\/4-nom-de-police-vba.png\" sizes=\"auto, \" srcset=\"\" alt=\"vba-yaz\u0131 tipi ad\u0131\" width=\"344\" height=\"144\"><\/figure><\/div><p> Bu \u00f6zelli\u011fi kullan\u0131rken uygulamak istedi\u011finiz fontun ad\u0131n\u0131 do\u011fru yazman\u0131z gerekir, e\u011fer isim yanl\u0131\u015fsa size hata g\u00f6stermez.<\/p><h2 class=\"wp-block-heading\"> Kal\u0131n, italik ve alt\u0131 \u00e7izili VBA yaz\u0131 tipi<\/h2><p> Yaz\u0131 tipini kal\u0131n, italik ve alt\u0131 \u00e7izili yapmak i\u00e7in kullanabilece\u011finiz \u00f6zellikler de vard\u0131r. Bunun i\u00e7in yazman\u0131z gereken kodlar a\u015fa\u011f\u0131dad\u0131r. <\/p><pre class=\"wp-block-code\"> <code class=\"language-visual-basic\" lang=\"visual-basic\">Range(\"A1\").Font.Bold = True Range(\"A1\").Font.Italic = True Range(\"A1\").Font.Underline = True<\/code><\/pre><div class=\"wp-block-image\"><figure class=\"aligncenter size-large is-resized\"><img loading=\"lazy\" decoding=\"async\" class=\"wp-image-50952\" src=\"https:\/\/exceladvisor.org\/wp-content\/uploads\/2023\/08\/5-police-vba-gras-italique-souligne.png\" sizes=\"auto, \" srcset=\"\" alt=\"vba-kal\u0131n-yaz\u0131 tipi-italik-alt\u0131 \u00e7izili\" width=\"327\" height=\"163\"><\/figure><\/div><p> Bu \u00f6zelliklerle DO\u011eRU veya YANLI\u015e&#8217;\u0131 ayarlaman\u0131z gerekir. Yani yaz\u0131 tipi zaten kal\u0131n veya italik ise ve onu kald\u0131rmak istiyorsan\u0131z, kald\u0131rmak i\u00e7in FALSE kullanman\u0131z gerekir.<\/p><h2 class=\"wp-block-heading\"> Di\u011fer Yararl\u0131 Yaz\u0131 Tipi \u00d6zellikleri<\/h2><p> \u0130\u015finize yarayabilecek baz\u0131 ek \u00f6zellikleri buraya ekleyin ( <a href=\"https:\/\/exceladvisor.org\/tr\/kamis\/\">\u00dcst \u00c7izgi<\/a> , <a href=\"https:\/\/exceladvisor.org\/tr\/dizin-2\/\">Alt Simge<\/a> ve <a href=\"https:\/\/exceladvisor.org\/tr\/us\/\">\u00dcst Simge<\/a> ).<\/p><pre class=\"wp-block-code\"> <code class=\"language-visual-basic\" lang=\"visual-basic\">Range(\"A1\").Font.Strikethrough = True Range(\"A1\").Font.Subscript = True Range(\"A1\").Font.Superscript = True<\/code><\/pre><div class=\"gb-container gb-container-4db6181c gb-container-mt\"> <a class=\"gb-button gb-button-c5897111 gb-button-text gb-button-mt-button\" href=\"https:\/\/exceladvisor.org\/tr\/vba\/\">VBA nedir<\/a><h2 class=\"gb-headline gb-headline-665e5f6b gb-headline-text gb-headline-mt-heading\"> \u0130lgili e\u011fitimler <\/h2><div class=\"gb-grid-wrapper gb-grid-wrapper-a20baf7c gb-grid-wrapper-mt-grid\"><div class=\"gb-grid-column gb-grid-column-65ddf67e\"><div class=\"gb-container gb-container-65ddf67e\"><ul><li> <a href=\"https:\/\/exceladvisor.org\/tr\/satir-sayisi\/\">Excel&#8217;de VBA kullanarak sat\u0131rlar\u0131 sayma<\/a><\/li><li> <a href=\"https:\/\/exceladvisor.org\/tr\/sutun-satirini-gosteri-gizle\/\">Excel VBA Bir s\u00fctunu veya sat\u0131r\u0131 gizleyin ve g\u00f6sterin<\/a><\/li><li> <a href=\"https:\/\/exceladvisor.org\/tr\/aralik-1\/\">Excel VBA Aral\u0131\u011f\u0131 \u2013 Aral\u0131k ve H\u00fccrelerle \u00c7al\u0131\u015fmak<\/a><\/li><li> <a href=\"https:\/\/exceladvisor.org\/tr\/sinirlar\/\">Excel&#8217;de VBA kullanarak h\u00fccreye kenarl\u0131klar uygulama<\/a><\/li><li> <a href=\"https:\/\/exceladvisor.org\/tr\/son-satirin-sutununun-hucresini-bulun\/\">Excel&#8217;de VBA Kullanarak Son Sat\u0131r\u0131, S\u00fctunu ve H\u00fccreyi Bulma<\/a><\/li><\/ul><\/div><\/div><\/div><\/div>","protected":false},"excerpt":{"rendered":"","protected":false},"author":1,"featured_media":0,"parent":0,"menu_order":0,"comment_status":"open","ping_status":"closed","template":"","meta":{"ub_ctt_via":"","footnotes":""},"class_list":["post-2059","page","type-page","status-publish","hentry"],"featured_image_src":null,"yoast_head":"<!-- This site is optimized with the Yoast SEO plugin v25.4 - https:\/\/yoast.com\/wordpress\/plugins\/seo\/ -->\n<title>VBA kullanarak yaz\u0131 tipinde nas\u0131l de\u011fi\u015fiklik yap\u0131l\u0131r?<\/title>\n<meta name=\"description\" content=\"Bir h\u00fccredeki yaz\u0131 tipinde de\u011fi\u015fiklik yapmak i\u00e7in VBA yaz\u0131 tipi nesnesini kullanman\u0131z gerekir.\" \/>\n<meta name=\"robots\" content=\"index, follow, max-snippet:-1, max-image-preview:large, max-video-preview:-1\" \/>\n<link rel=\"canonical\" href=\"https:\/\/exceladvisor.org\/tr\/karakter-yazi-tipi\/\" \/>\n<meta property=\"og:locale\" content=\"tr_TR\" \/>\n<meta property=\"og:type\" content=\"article\" \/>\n<meta property=\"og:title\" content=\"VBA kullanarak yaz\u0131 tipinde nas\u0131l de\u011fi\u015fiklik yap\u0131l\u0131r?\" \/>\n<meta property=\"og:description\" content=\"Bir h\u00fccredeki yaz\u0131 tipinde de\u011fi\u015fiklik yapmak i\u00e7in VBA yaz\u0131 tipi nesnesini kullanman\u0131z gerekir.\" \/>\n<meta property=\"og:url\" content=\"https:\/\/exceladvisor.org\/tr\/karakter-yazi-tipi\/\" \/>\n<meta property=\"og:site_name\" content=\"Excel Advisor\" \/>\n<meta property=\"article:modified_time\" content=\"2023-12-10T06:06:31+00:00\" \/>\n<meta property=\"og:image\" content=\"https:\/\/exceladvisor.org\/wp-content\/uploads\/2023\/08\/1-en-utilisant-des-constantes-de-couleur.png\" \/>\n<meta name=\"twitter:card\" content=\"summary_large_image\" \/>\n<meta name=\"twitter:label1\" content=\"Tahmini okuma s\u00fcresi\" \/>\n\t<meta name=\"twitter:data1\" content=\"3 dakika\" \/>\n<script type=\"application\/ld+json\" class=\"yoast-schema-graph\">{\"@context\":\"https:\/\/schema.org\",\"@graph\":[{\"@type\":\"WebPage\",\"@id\":\"https:\/\/exceladvisor.org\/tr\/karakter-yazi-tipi\/\",\"url\":\"https:\/\/exceladvisor.org\/tr\/karakter-yazi-tipi\/\",\"name\":\"VBA kullanarak yaz\u0131 tipinde nas\u0131l de\u011fi\u015fiklik yap\u0131l\u0131r?\",\"isPartOf\":{\"@id\":\"https:\/\/exceladvisor.org\/tr\/#website\"},\"primaryImageOfPage\":{\"@id\":\"https:\/\/exceladvisor.org\/tr\/karakter-yazi-tipi\/#primaryimage\"},\"image\":{\"@id\":\"https:\/\/exceladvisor.org\/tr\/karakter-yazi-tipi\/#primaryimage\"},\"thumbnailUrl\":\"https:\/\/exceladvisor.org\/wp-content\/uploads\/2023\/08\/1-en-utilisant-des-constantes-de-couleur.png\",\"datePublished\":\"2023-10-21T13:57:49+00:00\",\"dateModified\":\"2023-12-10T06:06:31+00:00\",\"description\":\"Bir h\u00fccredeki yaz\u0131 tipinde de\u011fi\u015fiklik yapmak i\u00e7in VBA yaz\u0131 tipi nesnesini kullanman\u0131z gerekir.\",\"breadcrumb\":{\"@id\":\"https:\/\/exceladvisor.org\/tr\/karakter-yazi-tipi\/#breadcrumb\"},\"inLanguage\":\"tr\",\"potentialAction\":[{\"@type\":\"ReadAction\",\"target\":[\"https:\/\/exceladvisor.org\/tr\/karakter-yazi-tipi\/\"]}]},{\"@type\":\"ImageObject\",\"inLanguage\":\"tr\",\"@id\":\"https:\/\/exceladvisor.org\/tr\/karakter-yazi-tipi\/#primaryimage\",\"url\":\"https:\/\/exceladvisor.org\/wp-content\/uploads\/2023\/08\/1-en-utilisant-des-constantes-de-couleur.png\",\"contentUrl\":\"https:\/\/exceladvisor.org\/wp-content\/uploads\/2023\/08\/1-en-utilisant-des-constantes-de-couleur.png\"},{\"@type\":\"BreadcrumbList\",\"@id\":\"https:\/\/exceladvisor.org\/tr\/karakter-yazi-tipi\/#breadcrumb\",\"itemListElement\":[{\"@type\":\"ListItem\",\"position\":1,\"name\":\"Ev\",\"item\":\"https:\/\/exceladvisor.org\/tr\/\"},{\"@type\":\"ListItem\",\"position\":2,\"name\":\"Vba kullanarak yaz\u0131 tipinde nas\u0131l de\u011fi\u015fiklik yap\u0131l\u0131r?\"}]},{\"@type\":\"WebSite\",\"@id\":\"https:\/\/exceladvisor.org\/tr\/#website\",\"url\":\"https:\/\/exceladvisor.org\/tr\/\",\"name\":\"Excel Advisor\",\"description\":\"Veri hakimiyetine y\u00f6nelik nihai rehberiniz!\",\"publisher\":{\"@id\":\"https:\/\/exceladvisor.org\/tr\/#organization\"},\"potentialAction\":[{\"@type\":\"SearchAction\",\"target\":{\"@type\":\"EntryPoint\",\"urlTemplate\":\"https:\/\/exceladvisor.org\/tr\/?s={search_term_string}\"},\"query-input\":{\"@type\":\"PropertyValueSpecification\",\"valueRequired\":true,\"valueName\":\"search_term_string\"}}],\"inLanguage\":\"tr\"},{\"@type\":\"Organization\",\"@id\":\"https:\/\/exceladvisor.org\/tr\/#organization\",\"name\":\"Excel Advisor\",\"url\":\"https:\/\/exceladvisor.org\/tr\/\",\"logo\":{\"@type\":\"ImageObject\",\"inLanguage\":\"tr\",\"@id\":\"https:\/\/exceladvisor.org\/tr\/#\/schema\/logo\/image\/\",\"url\":\"https:\/\/exceladvisor.org\/tr\/wp-content\/uploads\/2023\/12\/exceladvisor.org_.png\",\"contentUrl\":\"https:\/\/exceladvisor.org\/tr\/wp-content\/uploads\/2023\/12\/exceladvisor.org_.png\",\"width\":105,\"height\":36,\"caption\":\"Excel Advisor\"},\"image\":{\"@id\":\"https:\/\/exceladvisor.org\/tr\/#\/schema\/logo\/image\/\"}}]}<\/script>\n<!-- \/ Yoast SEO plugin. -->","yoast_head_json":{"title":"VBA kullanarak yaz\u0131 tipinde nas\u0131l de\u011fi\u015fiklik yap\u0131l\u0131r?","description":"Bir h\u00fccredeki yaz\u0131 tipinde de\u011fi\u015fiklik yapmak i\u00e7in VBA yaz\u0131 tipi nesnesini kullanman\u0131z gerekir.","robots":{"index":"index","follow":"follow","max-snippet":"max-snippet:-1","max-image-preview":"max-image-preview:large","max-video-preview":"max-video-preview:-1"},"canonical":"https:\/\/exceladvisor.org\/tr\/karakter-yazi-tipi\/","og_locale":"tr_TR","og_type":"article","og_title":"VBA kullanarak yaz\u0131 tipinde nas\u0131l de\u011fi\u015fiklik yap\u0131l\u0131r?","og_description":"Bir h\u00fccredeki yaz\u0131 tipinde de\u011fi\u015fiklik yapmak i\u00e7in VBA yaz\u0131 tipi nesnesini kullanman\u0131z gerekir.","og_url":"https:\/\/exceladvisor.org\/tr\/karakter-yazi-tipi\/","og_site_name":"Excel Advisor","article_modified_time":"2023-12-10T06:06:31+00:00","og_image":[{"url":"https:\/\/exceladvisor.org\/wp-content\/uploads\/2023\/08\/1-en-utilisant-des-constantes-de-couleur.png","type":"","width":"","height":""}],"twitter_card":"summary_large_image","twitter_misc":{"Tahmini okuma s\u00fcresi":"3 dakika"},"schema":{"@context":"https:\/\/schema.org","@graph":[{"@type":"WebPage","@id":"https:\/\/exceladvisor.org\/tr\/karakter-yazi-tipi\/","url":"https:\/\/exceladvisor.org\/tr\/karakter-yazi-tipi\/","name":"VBA kullanarak yaz\u0131 tipinde nas\u0131l de\u011fi\u015fiklik yap\u0131l\u0131r?","isPartOf":{"@id":"https:\/\/exceladvisor.org\/tr\/#website"},"primaryImageOfPage":{"@id":"https:\/\/exceladvisor.org\/tr\/karakter-yazi-tipi\/#primaryimage"},"image":{"@id":"https:\/\/exceladvisor.org\/tr\/karakter-yazi-tipi\/#primaryimage"},"thumbnailUrl":"https:\/\/exceladvisor.org\/wp-content\/uploads\/2023\/08\/1-en-utilisant-des-constantes-de-couleur.png","datePublished":"2023-10-21T13:57:49+00:00","dateModified":"2023-12-10T06:06:31+00:00","description":"Bir h\u00fccredeki yaz\u0131 tipinde de\u011fi\u015fiklik yapmak i\u00e7in VBA yaz\u0131 tipi nesnesini kullanman\u0131z gerekir.","breadcrumb":{"@id":"https:\/\/exceladvisor.org\/tr\/karakter-yazi-tipi\/#breadcrumb"},"inLanguage":"tr","potentialAction":[{"@type":"ReadAction","target":["https:\/\/exceladvisor.org\/tr\/karakter-yazi-tipi\/"]}]},{"@type":"ImageObject","inLanguage":"tr","@id":"https:\/\/exceladvisor.org\/tr\/karakter-yazi-tipi\/#primaryimage","url":"https:\/\/exceladvisor.org\/wp-content\/uploads\/2023\/08\/1-en-utilisant-des-constantes-de-couleur.png","contentUrl":"https:\/\/exceladvisor.org\/wp-content\/uploads\/2023\/08\/1-en-utilisant-des-constantes-de-couleur.png"},{"@type":"BreadcrumbList","@id":"https:\/\/exceladvisor.org\/tr\/karakter-yazi-tipi\/#breadcrumb","itemListElement":[{"@type":"ListItem","position":1,"name":"Ev","item":"https:\/\/exceladvisor.org\/tr\/"},{"@type":"ListItem","position":2,"name":"Vba kullanarak yaz\u0131 tipinde nas\u0131l de\u011fi\u015fiklik yap\u0131l\u0131r?"}]},{"@type":"WebSite","@id":"https:\/\/exceladvisor.org\/tr\/#website","url":"https:\/\/exceladvisor.org\/tr\/","name":"Excel Advisor","description":"Veri hakimiyetine y\u00f6nelik nihai rehberiniz!","publisher":{"@id":"https:\/\/exceladvisor.org\/tr\/#organization"},"potentialAction":[{"@type":"SearchAction","target":{"@type":"EntryPoint","urlTemplate":"https:\/\/exceladvisor.org\/tr\/?s={search_term_string}"},"query-input":{"@type":"PropertyValueSpecification","valueRequired":true,"valueName":"search_term_string"}}],"inLanguage":"tr"},{"@type":"Organization","@id":"https:\/\/exceladvisor.org\/tr\/#organization","name":"Excel Advisor","url":"https:\/\/exceladvisor.org\/tr\/","logo":{"@type":"ImageObject","inLanguage":"tr","@id":"https:\/\/exceladvisor.org\/tr\/#\/schema\/logo\/image\/","url":"https:\/\/exceladvisor.org\/tr\/wp-content\/uploads\/2023\/12\/exceladvisor.org_.png","contentUrl":"https:\/\/exceladvisor.org\/tr\/wp-content\/uploads\/2023\/12\/exceladvisor.org_.png","width":105,"height":36,"caption":"Excel Advisor"},"image":{"@id":"https:\/\/exceladvisor.org\/tr\/#\/schema\/logo\/image\/"}}]}},"yoast_meta":{"yoast_wpseo_title":"","yoast_wpseo_metadesc":"","yoast_wpseo_canonical":""},"_links":{"self":[{"href":"https:\/\/exceladvisor.org\/tr\/wp-json\/wp\/v2\/pages\/2059","targetHints":{"allow":["GET"]}}],"collection":[{"href":"https:\/\/exceladvisor.org\/tr\/wp-json\/wp\/v2\/pages"}],"about":[{"href":"https:\/\/exceladvisor.org\/tr\/wp-json\/wp\/v2\/types\/page"}],"author":[{"embeddable":true,"href":"https:\/\/exceladvisor.org\/tr\/wp-json\/wp\/v2\/users\/1"}],"replies":[{"embeddable":true,"href":"https:\/\/exceladvisor.org\/tr\/wp-json\/wp\/v2\/comments?post=2059"}],"version-history":[{"count":1,"href":"https:\/\/exceladvisor.org\/tr\/wp-json\/wp\/v2\/pages\/2059\/revisions"}],"predecessor-version":[{"id":2875,"href":"https:\/\/exceladvisor.org\/tr\/wp-json\/wp\/v2\/pages\/2059\/revisions\/2875"}],"wp:attachment":[{"href":"https:\/\/exceladvisor.org\/tr\/wp-json\/wp\/v2\/media?parent=2059"}],"curies":[{"name":"wp","href":"https:\/\/api.w.org\/{rel}","templated":true}]}}