{"id":2061,"date":"2023-10-21T12:39:59","date_gmt":"2023-10-21T12:39:59","guid":{"rendered":"https:\/\/exceladvisor.org\/tr\/ekran-guncellemesi\/"},"modified":"2023-12-10T06:07:38","modified_gmt":"2023-12-10T06:07:38","slug":"ekran-guncellemesi","status":"publish","type":"page","link":"https:\/\/exceladvisor.org\/tr\/ekran-guncellemesi\/","title":{"rendered":"Vba&#39;da ekran g\u00fcncelleme nas\u0131l etkinle\u015ftirilir ve devre d\u0131\u015f\u0131 b\u0131rak\u0131l\u0131r?"},"content":{"rendered":"<div class=\"excel-icerikten-once\" id=\"excel-2380983440\"><script type=\"text\/javascript\">\r\n\tatOptions = {\r\n\t\t'key' : 'c1158f160081d6540a8409e6925dab94',\r\n\t\t'format' : 'iframe',\r\n\t\t'height' : 250,\r\n\t\t'width' : 300,\r\n\t\t'params' : {}\r\n\t};\r\n<\/script>\r\n<script type=\"text\/javascript\" src=\"\/\/www.highperformanceformat.com\/c1158f160081d6540a8409e6925dab94\/invoke.js\"><\/script><\/div> <h2 class=\"wp-block-heading\">VBA ekran g\u00fcncellemesi nedir?<\/h2><p> ScreenUpdating, VBA&#8217;da kod \u00e7al\u0131\u015ft\u0131r\u0131rken ekran g\u00fcncellemeyi &#8220;A\u00c7IK&#8221; ve &#8220;KAPALI&#8221; duruma getirmek i\u00e7in kullanabilece\u011finiz bir \u00f6zelliktir. Kodunuzun y\u00fcr\u00fct\u00fclmesini h\u0131zland\u0131ran herhangi bir kodu \u00e7al\u0131\u015ft\u0131rmadan \u00f6nce bunu devre d\u0131\u015f\u0131 b\u0131rakabilir, kodun y\u00fcr\u00fct\u00fclmesi bittikten sonra tekrar etkinle\u015ftirebilirsiniz. Bu \u00f6zelli\u011fi okuyabilir ve yazabilirsiniz. <\/p><div class=\"wp-block-image\"><figure class=\"aligncenter size-large is-resized\"><img loading=\"lazy\" decoding=\"async\" class=\"wp-image-55686\" src=\"https:\/\/exceladvisor.org\/wp-content\/uploads\/2023\/08\/1-mise-a-jour-de-lecran-vba.png\" sizes=\"auto, \" srcset=\"\" alt=\"vba ekran g\u00fcncellemesi\" width=\"512\" height=\"332\"><\/figure><\/div><p> Varsay\u0131lan olarak ekran g\u00fcncelleme Excel&#8217;de \u201cA\u00c7IK\u201d durumdad\u0131r. <a href=\"https:\/\/exceladvisor.org\/tr\/makro-2yi-calistir\/\">Bir kodu normal \u015fekilde \u00e7al\u0131\u015ft\u0131rd\u0131\u011f\u0131n\u0131zda,<\/a> kodun uzun s\u00fcrmesi durumunda \u00e7ok fazla titreme olur, ancak ekran g\u00fcncellemeyi kapat\u0131rsan\u0131z \u00e7al\u0131\u015fmas\u0131 normalden daha az zaman al\u0131r.<\/p><h2 class=\"wp-block-heading\"> VBA&#8217;da ekran g\u00fcncellemeyi devre d\u0131\u015f\u0131 b\u0131rak<\/h2><ol type=\"1\"><li> \u0130lk \u00f6nce \u201cUygulama\u201d anahtar kelimesini yaz\u0131n.<\/li><li> Bundan sonra bir \u201c\u00fczerine dokunun. \u00bb \u00d6zellikler ve y\u00f6ntemlerin listesini a\u00e7mak i\u00e7in.<\/li><li> \u015eimdi \u201cEkran G\u00fcncelleme\u201dyi se\u00e7in.<\/li><li> Sonunda \u201cYanl\u0131\u015f\u201d se\u00e7ene\u011fini belirtin. <\/li><\/ol><div class=\"wp-block-image\"><figure class=\"aligncenter size-large is-resized\"><img loading=\"lazy\" decoding=\"async\" class=\"wp-image-55687\" src=\"https:\/\/exceladvisor.org\/wp-content\/uploads\/2023\/08\/2-desactiver-la-mise-a-jour-de-lecran.png\" sizes=\"auto, \" srcset=\"\" alt=\"\" width=\"463\" height=\"180\"><\/figure><\/div><p> Ekran g\u00fcncellemeyi devre d\u0131\u015f\u0131 b\u0131rakt\u0131\u011f\u0131n\u0131zda VBA, kod \u00e7al\u0131\u015ft\u0131r\u0131ld\u0131ktan sonra bunu etkinle\u015ftirmez. Bu nedenle, kendi taraf\u0131n\u0131zda kapatmak her zaman daha iyidir. Kod a\u015fa\u011f\u0131daki gibi olacakt\u0131r. <\/p><div class=\"wp-block-image\"><figure class=\"aligncenter size-large is-resized\"><img loading=\"lazy\" decoding=\"async\" class=\"wp-image-55688\" src=\"https:\/\/exceladvisor.org\/wp-content\/uploads\/2023\/08\/3-desactiver-la-mise-a-jour-de-lecran.png\" sizes=\"auto, \" srcset=\"\" alt=\"\" width=\"477\" height=\"363\"><\/figure><\/div><h2 class=\"wp-block-heading\"> D\u00fc\u015f\u00fcn\u00fclmesi gereken \u015feyler<\/h2><ul><li> Kullan\u0131c\u0131 formunu kullan\u0131rken ekran\u0131n &#8220;A\u00c7IK&#8221; olarak g\u00fcncellendi\u011finden emin olun.<\/li><li> Kodda hata ay\u0131klama yap\u0131yorsan\u0131z, t\u00fcm etkinlikleri oldu\u011fu gibi g\u00f6rebilmeniz i\u00e7in &#8220;A\u00c7IK&#8221; bir g\u00fcncelleme ekran\u0131na sahip olmak en iyisidir.<\/li><\/ul><div class=\"gb-container gb-container-4db6181c gb-container-mt\"> <a class=\"gb-button gb-button-c5897111 gb-button-text gb-button-mt-button\" href=\"https:\/\/exceladvisor.org\/tr\/vba\/\">VBA nedir<\/a><h2 class=\"gb-headline gb-headline-665e5f6b gb-headline-text gb-headline-mt-heading\"> \u0130lgili e\u011fitimler <\/h2><div class=\"gb-grid-wrapper gb-grid-wrapper-a20baf7c gb-grid-wrapper-mt-grid\"><div class=\"gb-grid-column gb-grid-column-65ddf67e\"><div class=\"gb-container gb-container-65ddf67e\"><ul><li> <a href=\"https:\/\/exceladvisor.org\/tr\/yinelenen-degerleri-vurgula\/\">VBA&#8217;y\u0131 kullanarak yinelenen de\u011ferleri vurgulay\u0131n<\/a><\/li><li> <a href=\"https:\/\/exceladvisor.org\/tr\/kopru-baglantisini-cikar\/\">K\u00f6pr\u00fc adresini (URL) VBA&#8217;dan \u00e7\u0131kar\u0131n<\/a><\/li><li> <a href=\"https:\/\/exceladvisor.org\/tr\/giris-alani\/\">VBA&#8217;daki giri\u015f kutusu<\/a><\/li><li> <a href=\"https:\/\/exceladvisor.org\/tr\/metin-dosyalari\/\">VBA bir metin dosyas\u0131 olu\u015fturma ve yazma<\/a><\/li><\/ul><\/div><\/div><\/div><\/div>","protected":false},"excerpt":{"rendered":"","protected":false},"author":1,"featured_media":0,"parent":0,"menu_order":0,"comment_status":"open","ping_status":"closed","template":"","meta":{"ub_ctt_via":"","footnotes":""},"class_list":["post-2061","page","type-page","status-publish","hentry"],"featured_image_src":null,"yoast_head":"<!-- This site is optimized with the Yoast SEO plugin v25.4 - https:\/\/yoast.com\/wordpress\/plugins\/seo\/ -->\n<title>VBA&#039;da ekran g\u00fcncelleme nas\u0131l etkinle\u015ftirilir ve devre d\u0131\u015f\u0131 b\u0131rak\u0131l\u0131r?<\/title>\n<meta name=\"description\" content=\"VBA ekran g\u00fcncellemesi nedir? VBA&#039;da ekran g\u00fcncellemeyi nas\u0131l etkinle\u015ftirece\u011finizi ve devre d\u0131\u015f\u0131 b\u0131rakaca\u011f\u0131n\u0131z\u0131 \u00f6\u011frenin.\" \/>\n<meta name=\"robots\" content=\"index, follow, max-snippet:-1, max-image-preview:large, max-video-preview:-1\" \/>\n<link rel=\"canonical\" href=\"https:\/\/exceladvisor.org\/tr\/ekran-guncellemesi\/\" \/>\n<meta property=\"og:locale\" content=\"tr_TR\" \/>\n<meta property=\"og:type\" content=\"article\" \/>\n<meta property=\"og:title\" content=\"VBA&#039;da ekran g\u00fcncelleme nas\u0131l etkinle\u015ftirilir ve devre d\u0131\u015f\u0131 b\u0131rak\u0131l\u0131r?\" \/>\n<meta property=\"og:description\" content=\"VBA ekran g\u00fcncellemesi nedir? VBA&#039;da ekran g\u00fcncellemeyi nas\u0131l etkinle\u015ftirece\u011finizi ve devre d\u0131\u015f\u0131 b\u0131rakaca\u011f\u0131n\u0131z\u0131 \u00f6\u011frenin.\" \/>\n<meta property=\"og:url\" content=\"https:\/\/exceladvisor.org\/tr\/ekran-guncellemesi\/\" \/>\n<meta property=\"og:site_name\" content=\"Excel Advisor\" \/>\n<meta property=\"article:modified_time\" content=\"2023-12-10T06:07:38+00:00\" \/>\n<meta property=\"og:image\" content=\"https:\/\/exceladvisor.org\/wp-content\/uploads\/2023\/08\/1-mise-a-jour-de-lecran-vba.png\" \/>\n<meta name=\"twitter:card\" content=\"summary_large_image\" \/>\n<meta name=\"twitter:label1\" content=\"Tahmini okuma s\u00fcresi\" \/>\n\t<meta name=\"twitter:data1\" content=\"1 dakika\" \/>\n<script type=\"application\/ld+json\" class=\"yoast-schema-graph\">{\"@context\":\"https:\/\/schema.org\",\"@graph\":[{\"@type\":\"WebPage\",\"@id\":\"https:\/\/exceladvisor.org\/tr\/ekran-guncellemesi\/\",\"url\":\"https:\/\/exceladvisor.org\/tr\/ekran-guncellemesi\/\",\"name\":\"VBA&#39;da ekran g\u00fcncelleme nas\u0131l etkinle\u015ftirilir ve devre d\u0131\u015f\u0131 b\u0131rak\u0131l\u0131r?\",\"isPartOf\":{\"@id\":\"https:\/\/exceladvisor.org\/tr\/#website\"},\"primaryImageOfPage\":{\"@id\":\"https:\/\/exceladvisor.org\/tr\/ekran-guncellemesi\/#primaryimage\"},\"image\":{\"@id\":\"https:\/\/exceladvisor.org\/tr\/ekran-guncellemesi\/#primaryimage\"},\"thumbnailUrl\":\"https:\/\/exceladvisor.org\/wp-content\/uploads\/2023\/08\/1-mise-a-jour-de-lecran-vba.png\",\"datePublished\":\"2023-10-21T12:39:59+00:00\",\"dateModified\":\"2023-12-10T06:07:38+00:00\",\"description\":\"VBA ekran g\u00fcncellemesi nedir? VBA&#39;da ekran g\u00fcncellemeyi nas\u0131l etkinle\u015ftirece\u011finizi ve devre d\u0131\u015f\u0131 b\u0131rakaca\u011f\u0131n\u0131z\u0131 \u00f6\u011frenin.\",\"breadcrumb\":{\"@id\":\"https:\/\/exceladvisor.org\/tr\/ekran-guncellemesi\/#breadcrumb\"},\"inLanguage\":\"tr\",\"potentialAction\":[{\"@type\":\"ReadAction\",\"target\":[\"https:\/\/exceladvisor.org\/tr\/ekran-guncellemesi\/\"]}]},{\"@type\":\"ImageObject\",\"inLanguage\":\"tr\",\"@id\":\"https:\/\/exceladvisor.org\/tr\/ekran-guncellemesi\/#primaryimage\",\"url\":\"https:\/\/exceladvisor.org\/wp-content\/uploads\/2023\/08\/1-mise-a-jour-de-lecran-vba.png\",\"contentUrl\":\"https:\/\/exceladvisor.org\/wp-content\/uploads\/2023\/08\/1-mise-a-jour-de-lecran-vba.png\"},{\"@type\":\"BreadcrumbList\",\"@id\":\"https:\/\/exceladvisor.org\/tr\/ekran-guncellemesi\/#breadcrumb\",\"itemListElement\":[{\"@type\":\"ListItem\",\"position\":1,\"name\":\"Ev\",\"item\":\"https:\/\/exceladvisor.org\/tr\/\"},{\"@type\":\"ListItem\",\"position\":2,\"name\":\"Vba&#39;da ekran g\u00fcncelleme nas\u0131l etkinle\u015ftirilir ve devre d\u0131\u015f\u0131 b\u0131rak\u0131l\u0131r?\"}]},{\"@type\":\"WebSite\",\"@id\":\"https:\/\/exceladvisor.org\/tr\/#website\",\"url\":\"https:\/\/exceladvisor.org\/tr\/\",\"name\":\"Excel Advisor\",\"description\":\"Veri hakimiyetine y\u00f6nelik nihai rehberiniz!\",\"publisher\":{\"@id\":\"https:\/\/exceladvisor.org\/tr\/#organization\"},\"potentialAction\":[{\"@type\":\"SearchAction\",\"target\":{\"@type\":\"EntryPoint\",\"urlTemplate\":\"https:\/\/exceladvisor.org\/tr\/?s={search_term_string}\"},\"query-input\":{\"@type\":\"PropertyValueSpecification\",\"valueRequired\":true,\"valueName\":\"search_term_string\"}}],\"inLanguage\":\"tr\"},{\"@type\":\"Organization\",\"@id\":\"https:\/\/exceladvisor.org\/tr\/#organization\",\"name\":\"Excel Advisor\",\"url\":\"https:\/\/exceladvisor.org\/tr\/\",\"logo\":{\"@type\":\"ImageObject\",\"inLanguage\":\"tr\",\"@id\":\"https:\/\/exceladvisor.org\/tr\/#\/schema\/logo\/image\/\",\"url\":\"https:\/\/exceladvisor.org\/tr\/wp-content\/uploads\/2023\/12\/exceladvisor.org_.png\",\"contentUrl\":\"https:\/\/exceladvisor.org\/tr\/wp-content\/uploads\/2023\/12\/exceladvisor.org_.png\",\"width\":105,\"height\":36,\"caption\":\"Excel Advisor\"},\"image\":{\"@id\":\"https:\/\/exceladvisor.org\/tr\/#\/schema\/logo\/image\/\"}}]}<\/script>\n<!-- \/ Yoast SEO plugin. -->","yoast_head_json":{"title":"VBA&#39;da ekran g\u00fcncelleme nas\u0131l etkinle\u015ftirilir ve devre d\u0131\u015f\u0131 b\u0131rak\u0131l\u0131r?","description":"VBA ekran g\u00fcncellemesi nedir? VBA&#39;da ekran g\u00fcncellemeyi nas\u0131l etkinle\u015ftirece\u011finizi ve devre d\u0131\u015f\u0131 b\u0131rakaca\u011f\u0131n\u0131z\u0131 \u00f6\u011frenin.","robots":{"index":"index","follow":"follow","max-snippet":"max-snippet:-1","max-image-preview":"max-image-preview:large","max-video-preview":"max-video-preview:-1"},"canonical":"https:\/\/exceladvisor.org\/tr\/ekran-guncellemesi\/","og_locale":"tr_TR","og_type":"article","og_title":"VBA&#39;da ekran g\u00fcncelleme nas\u0131l etkinle\u015ftirilir ve devre d\u0131\u015f\u0131 b\u0131rak\u0131l\u0131r?","og_description":"VBA ekran g\u00fcncellemesi nedir? VBA&#39;da ekran g\u00fcncellemeyi nas\u0131l etkinle\u015ftirece\u011finizi ve devre d\u0131\u015f\u0131 b\u0131rakaca\u011f\u0131n\u0131z\u0131 \u00f6\u011frenin.","og_url":"https:\/\/exceladvisor.org\/tr\/ekran-guncellemesi\/","og_site_name":"Excel Advisor","article_modified_time":"2023-12-10T06:07:38+00:00","og_image":[{"url":"https:\/\/exceladvisor.org\/wp-content\/uploads\/2023\/08\/1-mise-a-jour-de-lecran-vba.png","type":"","width":"","height":""}],"twitter_card":"summary_large_image","twitter_misc":{"Tahmini okuma s\u00fcresi":"1 dakika"},"schema":{"@context":"https:\/\/schema.org","@graph":[{"@type":"WebPage","@id":"https:\/\/exceladvisor.org\/tr\/ekran-guncellemesi\/","url":"https:\/\/exceladvisor.org\/tr\/ekran-guncellemesi\/","name":"VBA&#39;da ekran g\u00fcncelleme nas\u0131l etkinle\u015ftirilir ve devre d\u0131\u015f\u0131 b\u0131rak\u0131l\u0131r?","isPartOf":{"@id":"https:\/\/exceladvisor.org\/tr\/#website"},"primaryImageOfPage":{"@id":"https:\/\/exceladvisor.org\/tr\/ekran-guncellemesi\/#primaryimage"},"image":{"@id":"https:\/\/exceladvisor.org\/tr\/ekran-guncellemesi\/#primaryimage"},"thumbnailUrl":"https:\/\/exceladvisor.org\/wp-content\/uploads\/2023\/08\/1-mise-a-jour-de-lecran-vba.png","datePublished":"2023-10-21T12:39:59+00:00","dateModified":"2023-12-10T06:07:38+00:00","description":"VBA ekran g\u00fcncellemesi nedir? VBA&#39;da ekran g\u00fcncellemeyi nas\u0131l etkinle\u015ftirece\u011finizi ve devre d\u0131\u015f\u0131 b\u0131rakaca\u011f\u0131n\u0131z\u0131 \u00f6\u011frenin.","breadcrumb":{"@id":"https:\/\/exceladvisor.org\/tr\/ekran-guncellemesi\/#breadcrumb"},"inLanguage":"tr","potentialAction":[{"@type":"ReadAction","target":["https:\/\/exceladvisor.org\/tr\/ekran-guncellemesi\/"]}]},{"@type":"ImageObject","inLanguage":"tr","@id":"https:\/\/exceladvisor.org\/tr\/ekran-guncellemesi\/#primaryimage","url":"https:\/\/exceladvisor.org\/wp-content\/uploads\/2023\/08\/1-mise-a-jour-de-lecran-vba.png","contentUrl":"https:\/\/exceladvisor.org\/wp-content\/uploads\/2023\/08\/1-mise-a-jour-de-lecran-vba.png"},{"@type":"BreadcrumbList","@id":"https:\/\/exceladvisor.org\/tr\/ekran-guncellemesi\/#breadcrumb","itemListElement":[{"@type":"ListItem","position":1,"name":"Ev","item":"https:\/\/exceladvisor.org\/tr\/"},{"@type":"ListItem","position":2,"name":"Vba&#39;da ekran g\u00fcncelleme nas\u0131l etkinle\u015ftirilir ve devre d\u0131\u015f\u0131 b\u0131rak\u0131l\u0131r?"}]},{"@type":"WebSite","@id":"https:\/\/exceladvisor.org\/tr\/#website","url":"https:\/\/exceladvisor.org\/tr\/","name":"Excel Advisor","description":"Veri hakimiyetine y\u00f6nelik nihai rehberiniz!","publisher":{"@id":"https:\/\/exceladvisor.org\/tr\/#organization"},"potentialAction":[{"@type":"SearchAction","target":{"@type":"EntryPoint","urlTemplate":"https:\/\/exceladvisor.org\/tr\/?s={search_term_string}"},"query-input":{"@type":"PropertyValueSpecification","valueRequired":true,"valueName":"search_term_string"}}],"inLanguage":"tr"},{"@type":"Organization","@id":"https:\/\/exceladvisor.org\/tr\/#organization","name":"Excel Advisor","url":"https:\/\/exceladvisor.org\/tr\/","logo":{"@type":"ImageObject","inLanguage":"tr","@id":"https:\/\/exceladvisor.org\/tr\/#\/schema\/logo\/image\/","url":"https:\/\/exceladvisor.org\/tr\/wp-content\/uploads\/2023\/12\/exceladvisor.org_.png","contentUrl":"https:\/\/exceladvisor.org\/tr\/wp-content\/uploads\/2023\/12\/exceladvisor.org_.png","width":105,"height":36,"caption":"Excel Advisor"},"image":{"@id":"https:\/\/exceladvisor.org\/tr\/#\/schema\/logo\/image\/"}}]}},"yoast_meta":{"yoast_wpseo_title":"","yoast_wpseo_metadesc":"","yoast_wpseo_canonical":""},"_links":{"self":[{"href":"https:\/\/exceladvisor.org\/tr\/wp-json\/wp\/v2\/pages\/2061","targetHints":{"allow":["GET"]}}],"collection":[{"href":"https:\/\/exceladvisor.org\/tr\/wp-json\/wp\/v2\/pages"}],"about":[{"href":"https:\/\/exceladvisor.org\/tr\/wp-json\/wp\/v2\/types\/page"}],"author":[{"embeddable":true,"href":"https:\/\/exceladvisor.org\/tr\/wp-json\/wp\/v2\/users\/1"}],"replies":[{"embeddable":true,"href":"https:\/\/exceladvisor.org\/tr\/wp-json\/wp\/v2\/comments?post=2061"}],"version-history":[{"count":1,"href":"https:\/\/exceladvisor.org\/tr\/wp-json\/wp\/v2\/pages\/2061\/revisions"}],"predecessor-version":[{"id":2942,"href":"https:\/\/exceladvisor.org\/tr\/wp-json\/wp\/v2\/pages\/2061\/revisions\/2942"}],"wp:attachment":[{"href":"https:\/\/exceladvisor.org\/tr\/wp-json\/wp\/v2\/media?parent=2061"}],"curies":[{"name":"wp","href":"https:\/\/api.w.org\/{rel}","templated":true}]}}