{"id":2064,"date":"2023-10-21T10:46:36","date_gmt":"2023-10-21T10:46:36","guid":{"rendered":"https:\/\/exceladvisor.org\/tr\/acik-formatli-hucre-secenekleri\/"},"modified":"2023-12-10T06:04:08","modified_gmt":"2023-12-10T06:04:08","slug":"acik-formatli-hucre-secenekleri","status":"publish","type":"page","link":"https:\/\/exceladvisor.org\/tr\/acik-formatli-hucre-secenekleri\/","title":{"rendered":"H\u00fccreleri bi\u00e7imlendirme se\u00e7ene\u011fi nas\u0131l a\u00e7\u0131l\u0131r?"},"content":{"rendered":"<div class=\"excel-icerikten-once\" id=\"excel-1448868535\"><script type=\"text\/javascript\">\r\n\tatOptions = {\r\n\t\t'key' : 'c1158f160081d6540a8409e6925dab94',\r\n\t\t'format' : 'iframe',\r\n\t\t'height' : 250,\r\n\t\t'width' : 300,\r\n\t\t'params' : {}\r\n\t};\r\n<\/script>\r\n<script type=\"text\/javascript\" src=\"\/\/www.highperformanceformat.com\/c1158f160081d6540a8409e6925dab94\/invoke.js\"><\/script><\/div> <p>Microsoft Excel&#8217;deki &#8220;h\u00fccreleri bi\u00e7imlendir&#8221; \u00f6zelli\u011fi, \u00e7e\u015fitli bi\u00e7imlendirme se\u00e7eneklerini ayarlayarak h\u00fccrelerin g\u00f6r\u00fcn\u00fcm\u00fcn\u00fc \u00f6zelle\u015ftirmenize olanak tan\u0131r.<\/p><p> H\u00fccreleri Bi\u00e7imlendir ileti\u015fim kutusuna eri\u015fmek i\u00e7in bir h\u00fccreye veya h\u00fccre aral\u0131\u011f\u0131na sa\u011f t\u0131klay\u0131p i\u00e7erik men\u00fcs\u00fcnden H\u00fccreleri Bi\u00e7imlendir&#8217;i se\u00e7ebilirsiniz. Bunu ayr\u0131ca \u015feridin Giri\u015f sekmesinde Say\u0131 grubu d\u00fc\u011fmesinin alt\u0131nda da bulabilirsiniz.<\/p><h2> Klavye k\u0131sayolunu kullanarak bi\u00e7imlendirme h\u00fccrelerini a\u00e7\u0131n<\/h2><p> Excel&#8217;de H\u00fccreleri Bi\u00e7imlendir se\u00e7ene\u011fini a\u00e7mak i\u00e7in bir h\u00fccreyi veya h\u00fccre aral\u0131\u011f\u0131n\u0131 se\u00e7meniz ve ard\u0131ndan a\u015fa\u011f\u0131daki klavye k\u0131sayoluna basman\u0131z gerekir: <\/p><div class=\"wp-block-image\"><figure class=\"aligncenter size-full\"><img loading=\"lazy\" decoding=\"async\" class=\"wp-image-61075\" src=\"https:\/\/exceladvisor.org\/wp-content\/uploads\/2023\/08\/options-de-cellule-de-format-de-raccourci-clavier-1.png\" sizes=\"auto, \" srcset=\"\" alt=\"k\u0131sayol tu\u015fu format\u0131 h\u00fccre se\u00e7enekleri\" width=\"1742\" height=\"404\"><\/figure><\/div><p class=\"has-text-align-left\"> <kbd class=\"has-medium-font-size\">Kontrol+1<\/kbd><\/p><p> Bu k\u0131sayol tu\u015funa bast\u0131\u011f\u0131n\u0131zda, size a\u015fa\u011f\u0131daki ileti\u015fim kutusunu veren h\u00fccreleri bi\u00e7imlendir se\u00e7ene\u011fi an\u0131nda a\u00e7\u0131l\u0131r.<\/p><h3 class=\"wp-block-heading\"> Bu nas\u0131l kullan\u0131l\u0131r<\/h3><ol><li> \u0130lk olarak, h\u00fccre format\u0131 se\u00e7eneklerini kullanmak istedi\u011finiz h\u00fccreyi veya h\u00fccre aral\u0131\u011f\u0131n\u0131 se\u00e7in.<\/li><li> Bundan sonra klavyenin sol taraf\u0131ndaki <kbd>Kontrol tu\u015funu<\/kbd> bas\u0131l\u0131 tutun.<\/li><li> Daha sonra klavyenin \u00fcst k\u0131sm\u0131ndaki <kbd>1<\/kbd> tu\u015funa bas\u0131n.<\/li><li> Sonunda se\u00e7enekler aras\u0131ndan sekmeyi se\u00e7in.<\/li><\/ol><div class=\"gb-container gb-container-2116538e gb-container-mt\"> <a class=\"gb-button gb-button-f7d2c131 gb-button-text gb-button-mt-button\" href=\"https:\/\/exceladvisor.org\/tr\/klavye-kisayollari\/\">Excel PDF klavye k\u0131sayollar\u0131<\/a><h2 class=\"gb-headline gb-headline-7ed68554 gb-headline-text gb-headline-mt-heading\"> Daha fazla k\u0131sayol <\/h2><div class=\"gb-grid-wrapper gb-grid-wrapper-edeef538 gb-grid-wrapper-mt-grid\"><div class=\"gb-grid-column gb-grid-column-6ab6fbc6\"><div class=\"gb-container gb-container-6ab6fbc6\"><ul><li style=\"list-style-type: none;\"><ul><li> <a href=\"https:\/\/exceladvisor.org\/tr\/otomatik-ayar\/\">Otomatik ayarlama<\/a><\/li><li> <a href=\"https:\/\/exceladvisor.org\/tr\/ressam-formati-1\/\">Ressam format\u0131<\/a><\/li><li> <a href=\"https:\/\/exceladvisor.org\/tr\/metni-sar\/\">Metni kayd\u0131r<\/a><\/li><li> <a href=\"https:\/\/exceladvisor.org\/tr\/yorum-ekle\/\">Yorum ekle<\/a><\/li><\/ul><\/li><\/ul><\/div><\/div><\/div><\/div>","protected":false},"excerpt":{"rendered":"","protected":false},"author":1,"featured_media":0,"parent":0,"menu_order":0,"comment_status":"open","ping_status":"closed","template":"","meta":{"ub_ctt_via":"","footnotes":""},"class_list":["post-2064","page","type-page","status-publish","hentry"],"featured_image_src":null,"yoast_head":"<!-- This site is optimized with the Yoast SEO plugin v25.4 - https:\/\/yoast.com\/wordpress\/plugins\/seo\/ -->\n<title>Excel&#039;de h\u00fccreleri bi\u00e7imlendirme se\u00e7ene\u011fi nas\u0131l a\u00e7\u0131l\u0131r?<\/title>\n<meta name=\"description\" content=\"Excel&#039;de h\u00fccre bi\u00e7imi se\u00e7eneklerini a\u00e7mak i\u00e7in k\u0131sayol tu\u015funu \u00f6\u011frenin.\" \/>\n<meta name=\"robots\" content=\"index, follow, max-snippet:-1, max-image-preview:large, max-video-preview:-1\" \/>\n<link rel=\"canonical\" href=\"https:\/\/exceladvisor.org\/tr\/acik-formatli-hucre-secenekleri\/\" \/>\n<meta property=\"og:locale\" content=\"tr_TR\" \/>\n<meta property=\"og:type\" content=\"article\" \/>\n<meta property=\"og:title\" content=\"Excel&#039;de h\u00fccreleri bi\u00e7imlendirme se\u00e7ene\u011fi nas\u0131l a\u00e7\u0131l\u0131r?\" \/>\n<meta property=\"og:description\" content=\"Excel&#039;de h\u00fccre bi\u00e7imi se\u00e7eneklerini a\u00e7mak i\u00e7in k\u0131sayol tu\u015funu \u00f6\u011frenin.\" \/>\n<meta property=\"og:url\" content=\"https:\/\/exceladvisor.org\/tr\/acik-formatli-hucre-secenekleri\/\" \/>\n<meta property=\"og:site_name\" content=\"Excel Advisor\" \/>\n<meta property=\"article:modified_time\" content=\"2023-12-10T06:04:08+00:00\" \/>\n<meta property=\"og:image\" content=\"https:\/\/exceladvisor.org\/wp-content\/uploads\/2023\/08\/options-de-cellule-de-format-de-raccourci-clavier-1.png\" \/>\n<meta name=\"twitter:card\" content=\"summary_large_image\" \/>\n<meta name=\"twitter:label1\" content=\"Tahmini okuma s\u00fcresi\" \/>\n\t<meta name=\"twitter:data1\" content=\"1 dakika\" \/>\n<script type=\"application\/ld+json\" class=\"yoast-schema-graph\">{\"@context\":\"https:\/\/schema.org\",\"@graph\":[{\"@type\":\"WebPage\",\"@id\":\"https:\/\/exceladvisor.org\/tr\/acik-formatli-hucre-secenekleri\/\",\"url\":\"https:\/\/exceladvisor.org\/tr\/acik-formatli-hucre-secenekleri\/\",\"name\":\"Excel&#39;de h\u00fccreleri bi\u00e7imlendirme se\u00e7ene\u011fi nas\u0131l a\u00e7\u0131l\u0131r?\",\"isPartOf\":{\"@id\":\"https:\/\/exceladvisor.org\/tr\/#website\"},\"primaryImageOfPage\":{\"@id\":\"https:\/\/exceladvisor.org\/tr\/acik-formatli-hucre-secenekleri\/#primaryimage\"},\"image\":{\"@id\":\"https:\/\/exceladvisor.org\/tr\/acik-formatli-hucre-secenekleri\/#primaryimage\"},\"thumbnailUrl\":\"https:\/\/exceladvisor.org\/wp-content\/uploads\/2023\/08\/options-de-cellule-de-format-de-raccourci-clavier-1.png\",\"datePublished\":\"2023-10-21T10:46:36+00:00\",\"dateModified\":\"2023-12-10T06:04:08+00:00\",\"description\":\"Excel&#39;de h\u00fccre bi\u00e7imi se\u00e7eneklerini a\u00e7mak i\u00e7in k\u0131sayol tu\u015funu \u00f6\u011frenin.\",\"breadcrumb\":{\"@id\":\"https:\/\/exceladvisor.org\/tr\/acik-formatli-hucre-secenekleri\/#breadcrumb\"},\"inLanguage\":\"tr\",\"potentialAction\":[{\"@type\":\"ReadAction\",\"target\":[\"https:\/\/exceladvisor.org\/tr\/acik-formatli-hucre-secenekleri\/\"]}]},{\"@type\":\"ImageObject\",\"inLanguage\":\"tr\",\"@id\":\"https:\/\/exceladvisor.org\/tr\/acik-formatli-hucre-secenekleri\/#primaryimage\",\"url\":\"https:\/\/exceladvisor.org\/wp-content\/uploads\/2023\/08\/options-de-cellule-de-format-de-raccourci-clavier-1.png\",\"contentUrl\":\"https:\/\/exceladvisor.org\/wp-content\/uploads\/2023\/08\/options-de-cellule-de-format-de-raccourci-clavier-1.png\"},{\"@type\":\"BreadcrumbList\",\"@id\":\"https:\/\/exceladvisor.org\/tr\/acik-formatli-hucre-secenekleri\/#breadcrumb\",\"itemListElement\":[{\"@type\":\"ListItem\",\"position\":1,\"name\":\"Ev\",\"item\":\"https:\/\/exceladvisor.org\/tr\/\"},{\"@type\":\"ListItem\",\"position\":2,\"name\":\"H\u00fccreleri bi\u00e7imlendirme se\u00e7ene\u011fi nas\u0131l a\u00e7\u0131l\u0131r?\"}]},{\"@type\":\"WebSite\",\"@id\":\"https:\/\/exceladvisor.org\/tr\/#website\",\"url\":\"https:\/\/exceladvisor.org\/tr\/\",\"name\":\"Excel Advisor\",\"description\":\"Veri hakimiyetine y\u00f6nelik nihai rehberiniz!\",\"publisher\":{\"@id\":\"https:\/\/exceladvisor.org\/tr\/#organization\"},\"potentialAction\":[{\"@type\":\"SearchAction\",\"target\":{\"@type\":\"EntryPoint\",\"urlTemplate\":\"https:\/\/exceladvisor.org\/tr\/?s={search_term_string}\"},\"query-input\":{\"@type\":\"PropertyValueSpecification\",\"valueRequired\":true,\"valueName\":\"search_term_string\"}}],\"inLanguage\":\"tr\"},{\"@type\":\"Organization\",\"@id\":\"https:\/\/exceladvisor.org\/tr\/#organization\",\"name\":\"Excel Advisor\",\"url\":\"https:\/\/exceladvisor.org\/tr\/\",\"logo\":{\"@type\":\"ImageObject\",\"inLanguage\":\"tr\",\"@id\":\"https:\/\/exceladvisor.org\/tr\/#\/schema\/logo\/image\/\",\"url\":\"https:\/\/exceladvisor.org\/tr\/wp-content\/uploads\/2023\/12\/exceladvisor.org_.png\",\"contentUrl\":\"https:\/\/exceladvisor.org\/tr\/wp-content\/uploads\/2023\/12\/exceladvisor.org_.png\",\"width\":105,\"height\":36,\"caption\":\"Excel Advisor\"},\"image\":{\"@id\":\"https:\/\/exceladvisor.org\/tr\/#\/schema\/logo\/image\/\"}}]}<\/script>\n<!-- \/ Yoast SEO plugin. -->","yoast_head_json":{"title":"Excel&#39;de h\u00fccreleri bi\u00e7imlendirme se\u00e7ene\u011fi nas\u0131l a\u00e7\u0131l\u0131r?","description":"Excel&#39;de h\u00fccre bi\u00e7imi se\u00e7eneklerini a\u00e7mak i\u00e7in k\u0131sayol tu\u015funu \u00f6\u011frenin.","robots":{"index":"index","follow":"follow","max-snippet":"max-snippet:-1","max-image-preview":"max-image-preview:large","max-video-preview":"max-video-preview:-1"},"canonical":"https:\/\/exceladvisor.org\/tr\/acik-formatli-hucre-secenekleri\/","og_locale":"tr_TR","og_type":"article","og_title":"Excel&#39;de h\u00fccreleri bi\u00e7imlendirme se\u00e7ene\u011fi nas\u0131l a\u00e7\u0131l\u0131r?","og_description":"Excel&#39;de h\u00fccre bi\u00e7imi se\u00e7eneklerini a\u00e7mak i\u00e7in k\u0131sayol tu\u015funu \u00f6\u011frenin.","og_url":"https:\/\/exceladvisor.org\/tr\/acik-formatli-hucre-secenekleri\/","og_site_name":"Excel Advisor","article_modified_time":"2023-12-10T06:04:08+00:00","og_image":[{"url":"https:\/\/exceladvisor.org\/wp-content\/uploads\/2023\/08\/options-de-cellule-de-format-de-raccourci-clavier-1.png","type":"","width":"","height":""}],"twitter_card":"summary_large_image","twitter_misc":{"Tahmini okuma s\u00fcresi":"1 dakika"},"schema":{"@context":"https:\/\/schema.org","@graph":[{"@type":"WebPage","@id":"https:\/\/exceladvisor.org\/tr\/acik-formatli-hucre-secenekleri\/","url":"https:\/\/exceladvisor.org\/tr\/acik-formatli-hucre-secenekleri\/","name":"Excel&#39;de h\u00fccreleri bi\u00e7imlendirme se\u00e7ene\u011fi nas\u0131l a\u00e7\u0131l\u0131r?","isPartOf":{"@id":"https:\/\/exceladvisor.org\/tr\/#website"},"primaryImageOfPage":{"@id":"https:\/\/exceladvisor.org\/tr\/acik-formatli-hucre-secenekleri\/#primaryimage"},"image":{"@id":"https:\/\/exceladvisor.org\/tr\/acik-formatli-hucre-secenekleri\/#primaryimage"},"thumbnailUrl":"https:\/\/exceladvisor.org\/wp-content\/uploads\/2023\/08\/options-de-cellule-de-format-de-raccourci-clavier-1.png","datePublished":"2023-10-21T10:46:36+00:00","dateModified":"2023-12-10T06:04:08+00:00","description":"Excel&#39;de h\u00fccre bi\u00e7imi se\u00e7eneklerini a\u00e7mak i\u00e7in k\u0131sayol tu\u015funu \u00f6\u011frenin.","breadcrumb":{"@id":"https:\/\/exceladvisor.org\/tr\/acik-formatli-hucre-secenekleri\/#breadcrumb"},"inLanguage":"tr","potentialAction":[{"@type":"ReadAction","target":["https:\/\/exceladvisor.org\/tr\/acik-formatli-hucre-secenekleri\/"]}]},{"@type":"ImageObject","inLanguage":"tr","@id":"https:\/\/exceladvisor.org\/tr\/acik-formatli-hucre-secenekleri\/#primaryimage","url":"https:\/\/exceladvisor.org\/wp-content\/uploads\/2023\/08\/options-de-cellule-de-format-de-raccourci-clavier-1.png","contentUrl":"https:\/\/exceladvisor.org\/wp-content\/uploads\/2023\/08\/options-de-cellule-de-format-de-raccourci-clavier-1.png"},{"@type":"BreadcrumbList","@id":"https:\/\/exceladvisor.org\/tr\/acik-formatli-hucre-secenekleri\/#breadcrumb","itemListElement":[{"@type":"ListItem","position":1,"name":"Ev","item":"https:\/\/exceladvisor.org\/tr\/"},{"@type":"ListItem","position":2,"name":"H\u00fccreleri bi\u00e7imlendirme se\u00e7ene\u011fi nas\u0131l a\u00e7\u0131l\u0131r?"}]},{"@type":"WebSite","@id":"https:\/\/exceladvisor.org\/tr\/#website","url":"https:\/\/exceladvisor.org\/tr\/","name":"Excel Advisor","description":"Veri hakimiyetine y\u00f6nelik nihai rehberiniz!","publisher":{"@id":"https:\/\/exceladvisor.org\/tr\/#organization"},"potentialAction":[{"@type":"SearchAction","target":{"@type":"EntryPoint","urlTemplate":"https:\/\/exceladvisor.org\/tr\/?s={search_term_string}"},"query-input":{"@type":"PropertyValueSpecification","valueRequired":true,"valueName":"search_term_string"}}],"inLanguage":"tr"},{"@type":"Organization","@id":"https:\/\/exceladvisor.org\/tr\/#organization","name":"Excel Advisor","url":"https:\/\/exceladvisor.org\/tr\/","logo":{"@type":"ImageObject","inLanguage":"tr","@id":"https:\/\/exceladvisor.org\/tr\/#\/schema\/logo\/image\/","url":"https:\/\/exceladvisor.org\/tr\/wp-content\/uploads\/2023\/12\/exceladvisor.org_.png","contentUrl":"https:\/\/exceladvisor.org\/tr\/wp-content\/uploads\/2023\/12\/exceladvisor.org_.png","width":105,"height":36,"caption":"Excel Advisor"},"image":{"@id":"https:\/\/exceladvisor.org\/tr\/#\/schema\/logo\/image\/"}}]}},"yoast_meta":{"yoast_wpseo_title":"","yoast_wpseo_metadesc":"","yoast_wpseo_canonical":""},"_links":{"self":[{"href":"https:\/\/exceladvisor.org\/tr\/wp-json\/wp\/v2\/pages\/2064","targetHints":{"allow":["GET"]}}],"collection":[{"href":"https:\/\/exceladvisor.org\/tr\/wp-json\/wp\/v2\/pages"}],"about":[{"href":"https:\/\/exceladvisor.org\/tr\/wp-json\/wp\/v2\/types\/page"}],"author":[{"embeddable":true,"href":"https:\/\/exceladvisor.org\/tr\/wp-json\/wp\/v2\/users\/1"}],"replies":[{"embeddable":true,"href":"https:\/\/exceladvisor.org\/tr\/wp-json\/wp\/v2\/comments?post=2064"}],"version-history":[{"count":1,"href":"https:\/\/exceladvisor.org\/tr\/wp-json\/wp\/v2\/pages\/2064\/revisions"}],"predecessor-version":[{"id":2693,"href":"https:\/\/exceladvisor.org\/tr\/wp-json\/wp\/v2\/pages\/2064\/revisions\/2693"}],"wp:attachment":[{"href":"https:\/\/exceladvisor.org\/tr\/wp-json\/wp\/v2\/media?parent=2064"}],"curies":[{"name":"wp","href":"https:\/\/api.w.org\/{rel}","templated":true}]}}