{"id":2065,"date":"2023-10-21T10:16:02","date_gmt":"2023-10-21T10:16:02","guid":{"rendered":"https:\/\/exceladvisor.org\/tr\/ayrisan-hucreleri-birlestirme-1\/"},"modified":"2023-12-10T06:01:02","modified_gmt":"2023-12-10T06:01:02","slug":"ayrisan-hucreleri-birlestirme-1","status":"publish","type":"page","link":"https:\/\/exceladvisor.org\/tr\/ayrisan-hucreleri-birlestirme-1\/","title":{"rendered":"Excel&#39;de h\u00fccreleri birle\u015ftirme-birle\u015ftirme nas\u0131l yap\u0131l\u0131r?"},"content":{"rendered":"<div class=\"excel-icerikten-once\" id=\"excel-1554716573\"><script type=\"text\/javascript\">\r\n\tatOptions = {\r\n\t\t'key' : 'c1158f160081d6540a8409e6925dab94',\r\n\t\t'format' : 'iframe',\r\n\t\t'height' : 250,\r\n\t\t'width' : 300,\r\n\t\t'params' : {}\r\n\t};\r\n<\/script>\r\n<script type=\"text\/javascript\" src=\"\/\/www.highperformanceformat.com\/c1158f160081d6540a8409e6925dab94\/invoke.js\"><\/script><\/div> <p>Birden fazla h\u00fccreyi tek bir h\u00fccrede birle\u015ftirmek i\u00e7in <kbd>Alt \u279c H \u279c M \u279c A<\/kbd> k\u0131sayol tu\u015flar\u0131n\u0131 kullanabilirsiniz. Bu k\u0131sayol tu\u015funa bast\u0131\u011f\u0131n\u0131zda t\u00fcm h\u00fccreler birle\u015ftirilir ancak yaln\u0131zca sol \u00fcstteki de\u011fer (ilk h\u00fccrede sahip oldu\u011funuz de\u011fer) al\u0131n\u0131r. Size &#8220;h\u00fccreleri birle\u015ftirmek yaln\u0131zca sol \u00fcstteki de\u011feri korur ve di\u011fer de\u011ferleri kald\u0131r\u0131r&#8221; yazan bir mesaj g\u00f6sterir. <\/p><div class=\"wp-block-image\"><figure class=\"aligncenter size-full is-resized\"><img loading=\"lazy\" decoding=\"async\" class=\"wp-image-62309\" src=\"https:\/\/exceladvisor.org\/wp-content\/uploads\/2023\/08\/1-fusion-de-cellules.png\" sizes=\"auto, \" srcset=\"\" alt=\"h\u00fccre f\u00fczyonu\" width=\"448\" height=\"340\"><\/figure><\/div><p> Ve Tamam&#8217;\u0131 t\u0131klad\u0131\u011f\u0131n\u0131zda t\u00fcm h\u00fccreleri birle\u015ftirir <\/p><div class=\"wp-block-image\"><figure class=\"aligncenter size-full is-resized\"><img loading=\"lazy\" decoding=\"async\" class=\"wp-image-62317\" src=\"https:\/\/exceladvisor.org\/wp-content\/uploads\/2023\/08\/2-cellules-fusionnees.png\" sizes=\"auto, \" srcset=\"\" alt=\"birle\u015ftirilmi\u015f h\u00fccreler\" width=\"462\" height=\"256\"><\/figure><\/div><p> <kbd>Alt \u279c H \u279c M \u279c A<\/kbd> <\/p><div class=\"wp-block-image\"><figure class=\"aligncenter size-full is-resized\"><img loading=\"lazy\" decoding=\"async\" class=\"wp-image-62321\" src=\"https:\/\/exceladvisor.org\/wp-content\/uploads\/2023\/08\/Raccourci-de-fusion-de-3-cellules.png\" sizes=\"auto, \" srcset=\"\" alt=\"h\u00fccre birle\u015ftirme k\u0131sayolu\" width=\"843\" height=\"194\"><\/figure><\/div><p> H\u00fccrelerin grubunu \u00e7\u00f6zmek istiyorsan\u0131z bunun i\u00e7in ayn\u0131 k\u0131sayol tu\u015flar\u0131n\u0131 kullanman\u0131z gerekir. Ve burada h\u00fccre birle\u015ftirmeyle ilgili di\u011fer baz\u0131 \u00f6nemli k\u0131sayol tu\u015flar\u0131 var.<\/p><ul><li> <kbd>Alt \u279c H \u279c M \u279c A<\/kbd> : Se\u00e7ilen h\u00fccreleri sat\u0131rlar halinde birle\u015ftirmek i\u00e7in.<\/li><li> <kbd>Alt \u279c H \u279c M \u279c C<\/kbd> : H\u00fccreleri birle\u015ftirmek ve de\u011feri ortalamak i\u00e7in. <\/li><\/ul><div class=\"wp-block-group more-tutorials is-layout-flow\"><div class=\"wp-block-group__inner-container\"><h2 class=\"wp-block-heading\"> Daha fazla e\u011fitim <\/h2><div class=\"wp-block-columns is-layout-flex wp-container-45\"><div class=\"wp-block-column is-layout-flow\"><ul><li> <a href=\"https:\/\/exceladvisor.org\/tr\/1.-sutunu-ekle\/\">S\u00fctun ekle<\/a><\/li><li> <a href=\"https:\/\/exceladvisor.org\/tr\/hucreyi-sil\/\">H\u00fccreyi sil<\/a><\/li><li> <a href=\"https:\/\/exceladvisor.org\/tr\/satiri-sil\/\">Sat\u0131rlar\u0131 sil<\/a><\/li><li> <a href=\"https:\/\/exceladvisor.org\/tr\/hucreyi-duzenle\/\">H\u00fccreyi d\u00fczenle<\/a><\/li><\/ul><\/div><\/div><\/div><\/div>","protected":false},"excerpt":{"rendered":"","protected":false},"author":1,"featured_media":0,"parent":0,"menu_order":0,"comment_status":"open","ping_status":"closed","template":"","meta":{"ub_ctt_via":"","footnotes":""},"class_list":["post-2065","page","type-page","status-publish","hentry"],"featured_image_src":null,"yoast_head":"<!-- This site is optimized with the Yoast SEO plugin v25.4 - https:\/\/yoast.com\/wordpress\/plugins\/seo\/ -->\n<title>\u25b7 Excel&#039;de h\u00fccreleri birle\u015ftirme ve ay\u0131rma i\u015flemleri nas\u0131l yap\u0131l\u0131r?<\/title>\n<meta name=\"description\" content=\"Excel&#039;de h\u00fccreleri nas\u0131l birle\u015ftirece\u011finizi\/birle\u015fimlerini nas\u0131l kald\u0131raca\u011f\u0131n\u0131z\u0131 \u00f6\u011frenin. Excel&#039;de birle\u015ftirme ve grubu \u00e7\u00f6zme k\u0131sayol tu\u015fu.\" \/>\n<meta name=\"robots\" content=\"index, follow, max-snippet:-1, max-image-preview:large, max-video-preview:-1\" \/>\n<link rel=\"canonical\" href=\"https:\/\/exceladvisor.org\/tr\/ayrisan-hucreleri-birlestirme-1\/\" \/>\n<meta property=\"og:locale\" content=\"tr_TR\" \/>\n<meta property=\"og:type\" content=\"article\" \/>\n<meta property=\"og:title\" content=\"\u25b7 Excel&#039;de h\u00fccreleri birle\u015ftirme ve ay\u0131rma i\u015flemleri nas\u0131l yap\u0131l\u0131r?\" \/>\n<meta property=\"og:description\" content=\"Excel&#039;de h\u00fccreleri nas\u0131l birle\u015ftirece\u011finizi\/birle\u015fimlerini nas\u0131l kald\u0131raca\u011f\u0131n\u0131z\u0131 \u00f6\u011frenin. Excel&#039;de birle\u015ftirme ve grubu \u00e7\u00f6zme k\u0131sayol tu\u015fu.\" \/>\n<meta property=\"og:url\" content=\"https:\/\/exceladvisor.org\/tr\/ayrisan-hucreleri-birlestirme-1\/\" \/>\n<meta property=\"og:site_name\" content=\"Excel Advisor\" \/>\n<meta property=\"article:modified_time\" content=\"2023-12-10T06:01:02+00:00\" \/>\n<meta property=\"og:image\" content=\"https:\/\/exceladvisor.org\/wp-content\/uploads\/2023\/08\/1-fusion-de-cellules.png\" \/>\n<meta name=\"twitter:card\" content=\"summary_large_image\" \/>\n<meta name=\"twitter:label1\" content=\"Tahmini okuma s\u00fcresi\" \/>\n\t<meta name=\"twitter:data1\" content=\"1 dakika\" \/>\n<script type=\"application\/ld+json\" class=\"yoast-schema-graph\">{\"@context\":\"https:\/\/schema.org\",\"@graph\":[{\"@type\":\"WebPage\",\"@id\":\"https:\/\/exceladvisor.org\/tr\/ayrisan-hucreleri-birlestirme-1\/\",\"url\":\"https:\/\/exceladvisor.org\/tr\/ayrisan-hucreleri-birlestirme-1\/\",\"name\":\"\u25b7 Excel&#39;de h\u00fccreleri birle\u015ftirme ve ay\u0131rma i\u015flemleri nas\u0131l yap\u0131l\u0131r?\",\"isPartOf\":{\"@id\":\"https:\/\/exceladvisor.org\/tr\/#website\"},\"primaryImageOfPage\":{\"@id\":\"https:\/\/exceladvisor.org\/tr\/ayrisan-hucreleri-birlestirme-1\/#primaryimage\"},\"image\":{\"@id\":\"https:\/\/exceladvisor.org\/tr\/ayrisan-hucreleri-birlestirme-1\/#primaryimage\"},\"thumbnailUrl\":\"https:\/\/exceladvisor.org\/wp-content\/uploads\/2023\/08\/1-fusion-de-cellules.png\",\"datePublished\":\"2023-10-21T10:16:02+00:00\",\"dateModified\":\"2023-12-10T06:01:02+00:00\",\"description\":\"Excel&#39;de h\u00fccreleri nas\u0131l birle\u015ftirece\u011finizi\/birle\u015fimlerini nas\u0131l kald\u0131raca\u011f\u0131n\u0131z\u0131 \u00f6\u011frenin. Excel&#39;de birle\u015ftirme ve grubu \u00e7\u00f6zme k\u0131sayol tu\u015fu.\",\"breadcrumb\":{\"@id\":\"https:\/\/exceladvisor.org\/tr\/ayrisan-hucreleri-birlestirme-1\/#breadcrumb\"},\"inLanguage\":\"tr\",\"potentialAction\":[{\"@type\":\"ReadAction\",\"target\":[\"https:\/\/exceladvisor.org\/tr\/ayrisan-hucreleri-birlestirme-1\/\"]}]},{\"@type\":\"ImageObject\",\"inLanguage\":\"tr\",\"@id\":\"https:\/\/exceladvisor.org\/tr\/ayrisan-hucreleri-birlestirme-1\/#primaryimage\",\"url\":\"https:\/\/exceladvisor.org\/wp-content\/uploads\/2023\/08\/1-fusion-de-cellules.png\",\"contentUrl\":\"https:\/\/exceladvisor.org\/wp-content\/uploads\/2023\/08\/1-fusion-de-cellules.png\"},{\"@type\":\"BreadcrumbList\",\"@id\":\"https:\/\/exceladvisor.org\/tr\/ayrisan-hucreleri-birlestirme-1\/#breadcrumb\",\"itemListElement\":[{\"@type\":\"ListItem\",\"position\":1,\"name\":\"Ev\",\"item\":\"https:\/\/exceladvisor.org\/tr\/\"},{\"@type\":\"ListItem\",\"position\":2,\"name\":\"Excel&#39;de h\u00fccreleri birle\u015ftirme-birle\u015ftirme nas\u0131l yap\u0131l\u0131r?\"}]},{\"@type\":\"WebSite\",\"@id\":\"https:\/\/exceladvisor.org\/tr\/#website\",\"url\":\"https:\/\/exceladvisor.org\/tr\/\",\"name\":\"Excel Advisor\",\"description\":\"Veri hakimiyetine y\u00f6nelik nihai rehberiniz!\",\"publisher\":{\"@id\":\"https:\/\/exceladvisor.org\/tr\/#organization\"},\"potentialAction\":[{\"@type\":\"SearchAction\",\"target\":{\"@type\":\"EntryPoint\",\"urlTemplate\":\"https:\/\/exceladvisor.org\/tr\/?s={search_term_string}\"},\"query-input\":{\"@type\":\"PropertyValueSpecification\",\"valueRequired\":true,\"valueName\":\"search_term_string\"}}],\"inLanguage\":\"tr\"},{\"@type\":\"Organization\",\"@id\":\"https:\/\/exceladvisor.org\/tr\/#organization\",\"name\":\"Excel Advisor\",\"url\":\"https:\/\/exceladvisor.org\/tr\/\",\"logo\":{\"@type\":\"ImageObject\",\"inLanguage\":\"tr\",\"@id\":\"https:\/\/exceladvisor.org\/tr\/#\/schema\/logo\/image\/\",\"url\":\"https:\/\/exceladvisor.org\/tr\/wp-content\/uploads\/2023\/12\/exceladvisor.org_.png\",\"contentUrl\":\"https:\/\/exceladvisor.org\/tr\/wp-content\/uploads\/2023\/12\/exceladvisor.org_.png\",\"width\":105,\"height\":36,\"caption\":\"Excel Advisor\"},\"image\":{\"@id\":\"https:\/\/exceladvisor.org\/tr\/#\/schema\/logo\/image\/\"}}]}<\/script>\n<!-- \/ Yoast SEO plugin. -->","yoast_head_json":{"title":"\u25b7 Excel&#39;de h\u00fccreleri birle\u015ftirme ve ay\u0131rma i\u015flemleri nas\u0131l yap\u0131l\u0131r?","description":"Excel&#39;de h\u00fccreleri nas\u0131l birle\u015ftirece\u011finizi\/birle\u015fimlerini nas\u0131l kald\u0131raca\u011f\u0131n\u0131z\u0131 \u00f6\u011frenin. Excel&#39;de birle\u015ftirme ve grubu \u00e7\u00f6zme k\u0131sayol tu\u015fu.","robots":{"index":"index","follow":"follow","max-snippet":"max-snippet:-1","max-image-preview":"max-image-preview:large","max-video-preview":"max-video-preview:-1"},"canonical":"https:\/\/exceladvisor.org\/tr\/ayrisan-hucreleri-birlestirme-1\/","og_locale":"tr_TR","og_type":"article","og_title":"\u25b7 Excel&#39;de h\u00fccreleri birle\u015ftirme ve ay\u0131rma i\u015flemleri nas\u0131l yap\u0131l\u0131r?","og_description":"Excel&#39;de h\u00fccreleri nas\u0131l birle\u015ftirece\u011finizi\/birle\u015fimlerini nas\u0131l kald\u0131raca\u011f\u0131n\u0131z\u0131 \u00f6\u011frenin. Excel&#39;de birle\u015ftirme ve grubu \u00e7\u00f6zme k\u0131sayol tu\u015fu.","og_url":"https:\/\/exceladvisor.org\/tr\/ayrisan-hucreleri-birlestirme-1\/","og_site_name":"Excel Advisor","article_modified_time":"2023-12-10T06:01:02+00:00","og_image":[{"url":"https:\/\/exceladvisor.org\/wp-content\/uploads\/2023\/08\/1-fusion-de-cellules.png","type":"","width":"","height":""}],"twitter_card":"summary_large_image","twitter_misc":{"Tahmini okuma s\u00fcresi":"1 dakika"},"schema":{"@context":"https:\/\/schema.org","@graph":[{"@type":"WebPage","@id":"https:\/\/exceladvisor.org\/tr\/ayrisan-hucreleri-birlestirme-1\/","url":"https:\/\/exceladvisor.org\/tr\/ayrisan-hucreleri-birlestirme-1\/","name":"\u25b7 Excel&#39;de h\u00fccreleri birle\u015ftirme ve ay\u0131rma i\u015flemleri nas\u0131l yap\u0131l\u0131r?","isPartOf":{"@id":"https:\/\/exceladvisor.org\/tr\/#website"},"primaryImageOfPage":{"@id":"https:\/\/exceladvisor.org\/tr\/ayrisan-hucreleri-birlestirme-1\/#primaryimage"},"image":{"@id":"https:\/\/exceladvisor.org\/tr\/ayrisan-hucreleri-birlestirme-1\/#primaryimage"},"thumbnailUrl":"https:\/\/exceladvisor.org\/wp-content\/uploads\/2023\/08\/1-fusion-de-cellules.png","datePublished":"2023-10-21T10:16:02+00:00","dateModified":"2023-12-10T06:01:02+00:00","description":"Excel&#39;de h\u00fccreleri nas\u0131l birle\u015ftirece\u011finizi\/birle\u015fimlerini nas\u0131l kald\u0131raca\u011f\u0131n\u0131z\u0131 \u00f6\u011frenin. Excel&#39;de birle\u015ftirme ve grubu \u00e7\u00f6zme k\u0131sayol tu\u015fu.","breadcrumb":{"@id":"https:\/\/exceladvisor.org\/tr\/ayrisan-hucreleri-birlestirme-1\/#breadcrumb"},"inLanguage":"tr","potentialAction":[{"@type":"ReadAction","target":["https:\/\/exceladvisor.org\/tr\/ayrisan-hucreleri-birlestirme-1\/"]}]},{"@type":"ImageObject","inLanguage":"tr","@id":"https:\/\/exceladvisor.org\/tr\/ayrisan-hucreleri-birlestirme-1\/#primaryimage","url":"https:\/\/exceladvisor.org\/wp-content\/uploads\/2023\/08\/1-fusion-de-cellules.png","contentUrl":"https:\/\/exceladvisor.org\/wp-content\/uploads\/2023\/08\/1-fusion-de-cellules.png"},{"@type":"BreadcrumbList","@id":"https:\/\/exceladvisor.org\/tr\/ayrisan-hucreleri-birlestirme-1\/#breadcrumb","itemListElement":[{"@type":"ListItem","position":1,"name":"Ev","item":"https:\/\/exceladvisor.org\/tr\/"},{"@type":"ListItem","position":2,"name":"Excel&#39;de h\u00fccreleri birle\u015ftirme-birle\u015ftirme nas\u0131l yap\u0131l\u0131r?"}]},{"@type":"WebSite","@id":"https:\/\/exceladvisor.org\/tr\/#website","url":"https:\/\/exceladvisor.org\/tr\/","name":"Excel Advisor","description":"Veri hakimiyetine y\u00f6nelik nihai rehberiniz!","publisher":{"@id":"https:\/\/exceladvisor.org\/tr\/#organization"},"potentialAction":[{"@type":"SearchAction","target":{"@type":"EntryPoint","urlTemplate":"https:\/\/exceladvisor.org\/tr\/?s={search_term_string}"},"query-input":{"@type":"PropertyValueSpecification","valueRequired":true,"valueName":"search_term_string"}}],"inLanguage":"tr"},{"@type":"Organization","@id":"https:\/\/exceladvisor.org\/tr\/#organization","name":"Excel Advisor","url":"https:\/\/exceladvisor.org\/tr\/","logo":{"@type":"ImageObject","inLanguage":"tr","@id":"https:\/\/exceladvisor.org\/tr\/#\/schema\/logo\/image\/","url":"https:\/\/exceladvisor.org\/tr\/wp-content\/uploads\/2023\/12\/exceladvisor.org_.png","contentUrl":"https:\/\/exceladvisor.org\/tr\/wp-content\/uploads\/2023\/12\/exceladvisor.org_.png","width":105,"height":36,"caption":"Excel Advisor"},"image":{"@id":"https:\/\/exceladvisor.org\/tr\/#\/schema\/logo\/image\/"}}]}},"yoast_meta":{"yoast_wpseo_title":"","yoast_wpseo_metadesc":"","yoast_wpseo_canonical":""},"_links":{"self":[{"href":"https:\/\/exceladvisor.org\/tr\/wp-json\/wp\/v2\/pages\/2065","targetHints":{"allow":["GET"]}}],"collection":[{"href":"https:\/\/exceladvisor.org\/tr\/wp-json\/wp\/v2\/pages"}],"about":[{"href":"https:\/\/exceladvisor.org\/tr\/wp-json\/wp\/v2\/types\/page"}],"author":[{"embeddable":true,"href":"https:\/\/exceladvisor.org\/tr\/wp-json\/wp\/v2\/users\/1"}],"replies":[{"embeddable":true,"href":"https:\/\/exceladvisor.org\/tr\/wp-json\/wp\/v2\/comments?post=2065"}],"version-history":[{"count":1,"href":"https:\/\/exceladvisor.org\/tr\/wp-json\/wp\/v2\/pages\/2065\/revisions"}],"predecessor-version":[{"id":2461,"href":"https:\/\/exceladvisor.org\/tr\/wp-json\/wp\/v2\/pages\/2065\/revisions\/2461"}],"wp:attachment":[{"href":"https:\/\/exceladvisor.org\/tr\/wp-json\/wp\/v2\/media?parent=2065"}],"curies":[{"name":"wp","href":"https:\/\/api.w.org\/{rel}","templated":true}]}}