{"id":2068,"date":"2023-10-21T07:50:53","date_gmt":"2023-10-21T07:50:53","guid":{"rendered":"https:\/\/exceladvisor.org\/tr\/us\/"},"modified":"2023-12-10T05:59:56","modified_gmt":"2023-12-10T05:59:56","slug":"us","status":"publish","type":"page","link":"https:\/\/exceladvisor.org\/tr\/us\/","title":{"rendered":"Excel k\u0131sayolunu kullanarak \u00fcst simge nas\u0131l yaz\u0131l\u0131r?"},"content":{"rendered":"<div class=\"excel-icerikten-once\" id=\"excel-786712726\"><script type=\"text\/javascript\">\r\n\tatOptions = {\r\n\t\t'key' : 'c1158f160081d6540a8409e6925dab94',\r\n\t\t'format' : 'iframe',\r\n\t\t'height' : 250,\r\n\t\t'width' : 300,\r\n\t\t'params' : {}\r\n\t};\r\n<\/script>\r\n<script type=\"text\/javascript\" src=\"\/\/www.highperformanceformat.com\/c1158f160081d6540a8409e6925dab94\/invoke.js\"><\/script><\/div> <p>\u00dcst simge, herhangi bir metni veya say\u0131sal de\u011feri h\u00fccredeki metnin geri kalan\u0131n\u0131n biraz \u00fcst\u00fcne ta\u015f\u0131mak i\u00e7in kullan\u0131lan metin bi\u00e7imlendirmesidir.<\/p><p> Excel&#8217;de \u00fcst simge, telif hakk\u0131 ve ticari marka ile <sup>@<\/sup> <sub>,<\/sub> <sup>RM<\/sup> , <sup>*<\/sup> gibi di\u011fer simgeleri, Sqm <sup>2<\/sup> , <sup>cm2<\/sup> matematiksel denklemlerini ve <sup>1.<\/sup> ve 2. <sup>e<\/sup> gibi s\u0131ralama dizilerini sunmak i\u00e7in kullan\u0131labilir.<\/p><h2 class=\"wp-block-heading\"> Excel&#8217;de \u00fcst simge i\u00e7in klavye k\u0131sayolu<\/h2><p> Excel&#8217;de \u00fcs kullanmak i\u00e7in kullan\u0131c\u0131n\u0131n a\u015fa\u011f\u0131daki tu\u015f kombinasyonunu izlemesi gerekir; \u00e7\u00fcnk\u00fc Excel&#8217;de bunun i\u00e7in ayarlanm\u0131\u015f varsay\u0131lan bir k\u0131sayol yoktur.<\/p><p> <kbd>Ctrl<\/kbd> + <kbd>1<\/kbd> , ard\u0131ndan <kbd>Alt<\/kbd> + <kbd>E<\/kbd> \u2192 <kbd>Enter<\/kbd> <\/p><div class=\"wp-block-image\"><figure class=\"aligncenter size-full is-resized\"><img loading=\"lazy\" decoding=\"async\" class=\"wp-image-67557\" src=\"https:\/\/exceladvisor.org\/wp-content\/uploads\/2023\/08\/1-raccourci-vers-lexposant.png\" sizes=\"auto, \" srcset=\"\" alt=\"\u00fcss\u00fcn k\u0131sayolu\" width=\"826\" height=\"323\"><\/figure><\/div><h2 class=\"wp-block-heading\"> Klavye k\u0131sayolunu kullanarak \u00fcss\u00fc kullanma ad\u0131mlar\u0131<\/h2><ol><li> \u00d6ncelikle h\u00fccreye \u00e7ift t\u0131klay\u0131n ve yaln\u0131zca \u00fcst simge olarak kullanmak istedi\u011finiz metni se\u00e7in. <br><img decoding=\"async\" title=\"2-\u00fcst simge i\u00e7in metni se\u00e7\" src=\"https:\/\/exceladvisor.org\/wp-content\/uploads\/2023\/08\/2-selectionner-le-texte-pour-lexposant.png\" sizes=\"\" srcset=\"\" alt=\"select-text-for-superscript\"><\/li><li> Bundan sonra \u201cCtrl + 1\u201d tu\u015flar\u0131na bast\u0131\u011f\u0131n\u0131zda \u201cH\u00fccreleri Bi\u00e7imlendir\u201d ileti\u015fim kutusunu a\u00e7acaks\u0131n\u0131z.<\/li><li> \u015eimdi \u00dcs se\u00e7ene\u011fini i\u015faretlemek \u00fczere se\u00e7imi ta\u015f\u0131mak i\u00e7in \u201cAlt + E\u201d tu\u015flar\u0131na bas\u0131n. <br><img loading=\"lazy\" decoding=\"async\" title=\"3-bi\u00e7imli-h\u00fccreler-a\u00e7\u0131k-ileti\u015fim kutusu\" src=\"https:\/\/exceladvisor.org\/wp-content\/uploads\/2023\/08\/3-boite-de-dialogue-de-mise-en-forme-des-cellules-ouverte.png\" sizes=\"auto, \" srcset=\"\" alt=\"format-cells-dialog-box-opened\" width=\"509\" height=\"431\"><\/li><li> Sonunda &#8220;Enter&#8221; tu\u015funa bas\u0131n; se\u00e7ti\u011finiz metin h\u00fccredeki di\u011fer karakterlerin biraz \u00fczerine ta\u015f\u0131nacakt\u0131r. <br><img decoding=\"async\" title=\"4 \u00fcst simge i\u00e7eren metin\" src=\"https:\/\/exceladvisor.org\/wp-content\/uploads\/2023\/08\/4-texte-en-exposant.png\" sizes=\"\" srcset=\"\" alt=\"superscript-text\"><\/li><\/ol><div class=\"gb-container gb-container-2116538e gb-container-mt\"> <a class=\"gb-button gb-button-f7d2c131 gb-button-text gb-button-mt-button\" href=\"https:\/\/exceladvisor.org\/tr\/klavye-kisayollari\/\">Excel PDF klavye k\u0131sayollar\u0131<\/a><h2 class=\"gb-headline gb-headline-7ed68554 gb-headline-text gb-headline-mt-heading\"> Daha fazla k\u0131sayol <\/h2><div class=\"gb-grid-wrapper gb-grid-wrapper-edeef538 gb-grid-wrapper-mt-grid\"><div class=\"gb-grid-column gb-grid-column-766d598b\"><div class=\"gb-container gb-container-766d598b\"><ul><li> <a href=\"https:\/\/exceladvisor.org\/tr\/para-birimi-bicimi\/\">Applu para birimi bi\u00e7imi<\/a><\/li><li> <a href=\"https:\/\/exceladvisor.org\/tr\/yuzde-bicimi\/\">Bi\u00e7im y\u00fczdesi<\/a><\/li><li> <a href=\"https:\/\/exceladvisor.org\/tr\/tarih-formati\/\">Tarih bi\u00e7imini uygula<\/a><\/li><li> <a href=\"https:\/\/exceladvisor.org\/tr\/zaman-formati\/\">Saat bi\u00e7imini uygula<\/a><\/li><\/ul><\/div><\/div><\/div><\/div>","protected":false},"excerpt":{"rendered":"","protected":false},"author":1,"featured_media":0,"parent":0,"menu_order":0,"comment_status":"open","ping_status":"closed","template":"","meta":{"ub_ctt_via":"","footnotes":""},"class_list":["post-2068","page","type-page","status-publish","hentry"],"featured_image_src":null,"yoast_head":"<!-- This site is optimized with the Yoast SEO plugin v25.4 - https:\/\/yoast.com\/wordpress\/plugins\/seo\/ -->\n<title>\u25b7 Excel k\u0131sayolunu kullanarak \u00fcst simge nas\u0131l olu\u015fturulur?<\/title>\n<meta name=\"description\" content=\"Excel&#039;deki bir \u00e7al\u0131\u015fma sayfas\u0131na \u00fcs uygulamak i\u00e7in klavye k\u0131sayolunun nas\u0131l kullan\u0131laca\u011f\u0131n\u0131 \u00f6\u011frenelim. Bunu kontrol edelim\u2026\" \/>\n<meta name=\"robots\" content=\"index, follow, max-snippet:-1, max-image-preview:large, max-video-preview:-1\" \/>\n<link rel=\"canonical\" href=\"https:\/\/exceladvisor.org\/tr\/us\/\" \/>\n<meta property=\"og:locale\" content=\"tr_TR\" \/>\n<meta property=\"og:type\" content=\"article\" \/>\n<meta property=\"og:title\" content=\"\u25b7 Excel k\u0131sayolunu kullanarak \u00fcst simge nas\u0131l olu\u015fturulur?\" \/>\n<meta property=\"og:description\" content=\"Excel&#039;deki bir \u00e7al\u0131\u015fma sayfas\u0131na \u00fcs uygulamak i\u00e7in klavye k\u0131sayolunun nas\u0131l kullan\u0131laca\u011f\u0131n\u0131 \u00f6\u011frenelim. Bunu kontrol edelim\u2026\" \/>\n<meta property=\"og:url\" content=\"https:\/\/exceladvisor.org\/tr\/us\/\" \/>\n<meta property=\"og:site_name\" content=\"Excel Advisor\" \/>\n<meta property=\"article:modified_time\" content=\"2023-12-10T05:59:56+00:00\" \/>\n<meta property=\"og:image\" content=\"https:\/\/exceladvisor.org\/wp-content\/uploads\/2023\/08\/1-raccourci-vers-lexposant.png\" \/>\n<meta name=\"twitter:card\" content=\"summary_large_image\" \/>\n<meta name=\"twitter:label1\" content=\"Tahmini okuma s\u00fcresi\" \/>\n\t<meta name=\"twitter:data1\" content=\"1 dakika\" \/>\n<script type=\"application\/ld+json\" class=\"yoast-schema-graph\">{\"@context\":\"https:\/\/schema.org\",\"@graph\":[{\"@type\":\"WebPage\",\"@id\":\"https:\/\/exceladvisor.org\/tr\/us\/\",\"url\":\"https:\/\/exceladvisor.org\/tr\/us\/\",\"name\":\"\u25b7 Excel k\u0131sayolunu kullanarak \u00fcst simge nas\u0131l olu\u015fturulur?\",\"isPartOf\":{\"@id\":\"https:\/\/exceladvisor.org\/tr\/#website\"},\"primaryImageOfPage\":{\"@id\":\"https:\/\/exceladvisor.org\/tr\/us\/#primaryimage\"},\"image\":{\"@id\":\"https:\/\/exceladvisor.org\/tr\/us\/#primaryimage\"},\"thumbnailUrl\":\"https:\/\/exceladvisor.org\/wp-content\/uploads\/2023\/08\/1-raccourci-vers-lexposant.png\",\"datePublished\":\"2023-10-21T07:50:53+00:00\",\"dateModified\":\"2023-12-10T05:59:56+00:00\",\"description\":\"Excel&#39;deki bir \u00e7al\u0131\u015fma sayfas\u0131na \u00fcs uygulamak i\u00e7in klavye k\u0131sayolunun nas\u0131l kullan\u0131laca\u011f\u0131n\u0131 \u00f6\u011frenelim. Bunu kontrol edelim\u2026\",\"breadcrumb\":{\"@id\":\"https:\/\/exceladvisor.org\/tr\/us\/#breadcrumb\"},\"inLanguage\":\"tr\",\"potentialAction\":[{\"@type\":\"ReadAction\",\"target\":[\"https:\/\/exceladvisor.org\/tr\/us\/\"]}]},{\"@type\":\"ImageObject\",\"inLanguage\":\"tr\",\"@id\":\"https:\/\/exceladvisor.org\/tr\/us\/#primaryimage\",\"url\":\"https:\/\/exceladvisor.org\/wp-content\/uploads\/2023\/08\/1-raccourci-vers-lexposant.png\",\"contentUrl\":\"https:\/\/exceladvisor.org\/wp-content\/uploads\/2023\/08\/1-raccourci-vers-lexposant.png\"},{\"@type\":\"BreadcrumbList\",\"@id\":\"https:\/\/exceladvisor.org\/tr\/us\/#breadcrumb\",\"itemListElement\":[{\"@type\":\"ListItem\",\"position\":1,\"name\":\"Ev\",\"item\":\"https:\/\/exceladvisor.org\/tr\/\"},{\"@type\":\"ListItem\",\"position\":2,\"name\":\"Excel k\u0131sayolunu kullanarak \u00fcst simge nas\u0131l yaz\u0131l\u0131r?\"}]},{\"@type\":\"WebSite\",\"@id\":\"https:\/\/exceladvisor.org\/tr\/#website\",\"url\":\"https:\/\/exceladvisor.org\/tr\/\",\"name\":\"Excel Advisor\",\"description\":\"Veri hakimiyetine y\u00f6nelik nihai rehberiniz!\",\"publisher\":{\"@id\":\"https:\/\/exceladvisor.org\/tr\/#organization\"},\"potentialAction\":[{\"@type\":\"SearchAction\",\"target\":{\"@type\":\"EntryPoint\",\"urlTemplate\":\"https:\/\/exceladvisor.org\/tr\/?s={search_term_string}\"},\"query-input\":{\"@type\":\"PropertyValueSpecification\",\"valueRequired\":true,\"valueName\":\"search_term_string\"}}],\"inLanguage\":\"tr\"},{\"@type\":\"Organization\",\"@id\":\"https:\/\/exceladvisor.org\/tr\/#organization\",\"name\":\"Excel Advisor\",\"url\":\"https:\/\/exceladvisor.org\/tr\/\",\"logo\":{\"@type\":\"ImageObject\",\"inLanguage\":\"tr\",\"@id\":\"https:\/\/exceladvisor.org\/tr\/#\/schema\/logo\/image\/\",\"url\":\"https:\/\/exceladvisor.org\/tr\/wp-content\/uploads\/2023\/12\/exceladvisor.org_.png\",\"contentUrl\":\"https:\/\/exceladvisor.org\/tr\/wp-content\/uploads\/2023\/12\/exceladvisor.org_.png\",\"width\":105,\"height\":36,\"caption\":\"Excel Advisor\"},\"image\":{\"@id\":\"https:\/\/exceladvisor.org\/tr\/#\/schema\/logo\/image\/\"}}]}<\/script>\n<!-- \/ Yoast SEO plugin. -->","yoast_head_json":{"title":"\u25b7 Excel k\u0131sayolunu kullanarak \u00fcst simge nas\u0131l olu\u015fturulur?","description":"Excel&#39;deki bir \u00e7al\u0131\u015fma sayfas\u0131na \u00fcs uygulamak i\u00e7in klavye k\u0131sayolunun nas\u0131l kullan\u0131laca\u011f\u0131n\u0131 \u00f6\u011frenelim. Bunu kontrol edelim\u2026","robots":{"index":"index","follow":"follow","max-snippet":"max-snippet:-1","max-image-preview":"max-image-preview:large","max-video-preview":"max-video-preview:-1"},"canonical":"https:\/\/exceladvisor.org\/tr\/us\/","og_locale":"tr_TR","og_type":"article","og_title":"\u25b7 Excel k\u0131sayolunu kullanarak \u00fcst simge nas\u0131l olu\u015fturulur?","og_description":"Excel&#39;deki bir \u00e7al\u0131\u015fma sayfas\u0131na \u00fcs uygulamak i\u00e7in klavye k\u0131sayolunun nas\u0131l kullan\u0131laca\u011f\u0131n\u0131 \u00f6\u011frenelim. Bunu kontrol edelim\u2026","og_url":"https:\/\/exceladvisor.org\/tr\/us\/","og_site_name":"Excel Advisor","article_modified_time":"2023-12-10T05:59:56+00:00","og_image":[{"url":"https:\/\/exceladvisor.org\/wp-content\/uploads\/2023\/08\/1-raccourci-vers-lexposant.png","type":"","width":"","height":""}],"twitter_card":"summary_large_image","twitter_misc":{"Tahmini okuma s\u00fcresi":"1 dakika"},"schema":{"@context":"https:\/\/schema.org","@graph":[{"@type":"WebPage","@id":"https:\/\/exceladvisor.org\/tr\/us\/","url":"https:\/\/exceladvisor.org\/tr\/us\/","name":"\u25b7 Excel k\u0131sayolunu kullanarak \u00fcst simge nas\u0131l olu\u015fturulur?","isPartOf":{"@id":"https:\/\/exceladvisor.org\/tr\/#website"},"primaryImageOfPage":{"@id":"https:\/\/exceladvisor.org\/tr\/us\/#primaryimage"},"image":{"@id":"https:\/\/exceladvisor.org\/tr\/us\/#primaryimage"},"thumbnailUrl":"https:\/\/exceladvisor.org\/wp-content\/uploads\/2023\/08\/1-raccourci-vers-lexposant.png","datePublished":"2023-10-21T07:50:53+00:00","dateModified":"2023-12-10T05:59:56+00:00","description":"Excel&#39;deki bir \u00e7al\u0131\u015fma sayfas\u0131na \u00fcs uygulamak i\u00e7in klavye k\u0131sayolunun nas\u0131l kullan\u0131laca\u011f\u0131n\u0131 \u00f6\u011frenelim. Bunu kontrol edelim\u2026","breadcrumb":{"@id":"https:\/\/exceladvisor.org\/tr\/us\/#breadcrumb"},"inLanguage":"tr","potentialAction":[{"@type":"ReadAction","target":["https:\/\/exceladvisor.org\/tr\/us\/"]}]},{"@type":"ImageObject","inLanguage":"tr","@id":"https:\/\/exceladvisor.org\/tr\/us\/#primaryimage","url":"https:\/\/exceladvisor.org\/wp-content\/uploads\/2023\/08\/1-raccourci-vers-lexposant.png","contentUrl":"https:\/\/exceladvisor.org\/wp-content\/uploads\/2023\/08\/1-raccourci-vers-lexposant.png"},{"@type":"BreadcrumbList","@id":"https:\/\/exceladvisor.org\/tr\/us\/#breadcrumb","itemListElement":[{"@type":"ListItem","position":1,"name":"Ev","item":"https:\/\/exceladvisor.org\/tr\/"},{"@type":"ListItem","position":2,"name":"Excel k\u0131sayolunu kullanarak \u00fcst simge nas\u0131l yaz\u0131l\u0131r?"}]},{"@type":"WebSite","@id":"https:\/\/exceladvisor.org\/tr\/#website","url":"https:\/\/exceladvisor.org\/tr\/","name":"Excel Advisor","description":"Veri hakimiyetine y\u00f6nelik nihai rehberiniz!","publisher":{"@id":"https:\/\/exceladvisor.org\/tr\/#organization"},"potentialAction":[{"@type":"SearchAction","target":{"@type":"EntryPoint","urlTemplate":"https:\/\/exceladvisor.org\/tr\/?s={search_term_string}"},"query-input":{"@type":"PropertyValueSpecification","valueRequired":true,"valueName":"search_term_string"}}],"inLanguage":"tr"},{"@type":"Organization","@id":"https:\/\/exceladvisor.org\/tr\/#organization","name":"Excel Advisor","url":"https:\/\/exceladvisor.org\/tr\/","logo":{"@type":"ImageObject","inLanguage":"tr","@id":"https:\/\/exceladvisor.org\/tr\/#\/schema\/logo\/image\/","url":"https:\/\/exceladvisor.org\/tr\/wp-content\/uploads\/2023\/12\/exceladvisor.org_.png","contentUrl":"https:\/\/exceladvisor.org\/tr\/wp-content\/uploads\/2023\/12\/exceladvisor.org_.png","width":105,"height":36,"caption":"Excel Advisor"},"image":{"@id":"https:\/\/exceladvisor.org\/tr\/#\/schema\/logo\/image\/"}}]}},"yoast_meta":{"yoast_wpseo_title":"","yoast_wpseo_metadesc":"","yoast_wpseo_canonical":""},"_links":{"self":[{"href":"https:\/\/exceladvisor.org\/tr\/wp-json\/wp\/v2\/pages\/2068","targetHints":{"allow":["GET"]}}],"collection":[{"href":"https:\/\/exceladvisor.org\/tr\/wp-json\/wp\/v2\/pages"}],"about":[{"href":"https:\/\/exceladvisor.org\/tr\/wp-json\/wp\/v2\/types\/page"}],"author":[{"embeddable":true,"href":"https:\/\/exceladvisor.org\/tr\/wp-json\/wp\/v2\/users\/1"}],"replies":[{"embeddable":true,"href":"https:\/\/exceladvisor.org\/tr\/wp-json\/wp\/v2\/comments?post=2068"}],"version-history":[{"count":1,"href":"https:\/\/exceladvisor.org\/tr\/wp-json\/wp\/v2\/pages\/2068\/revisions"}],"predecessor-version":[{"id":2367,"href":"https:\/\/exceladvisor.org\/tr\/wp-json\/wp\/v2\/pages\/2068\/revisions\/2367"}],"wp:attachment":[{"href":"https:\/\/exceladvisor.org\/tr\/wp-json\/wp\/v2\/media?parent=2068"}],"curies":[{"name":"wp","href":"https:\/\/api.w.org\/{rel}","templated":true}]}}