{"id":2069,"date":"2023-10-20T23:41:23","date_gmt":"2023-10-20T23:41:23","guid":{"rendered":"https:\/\/exceladvisor.org\/tr\/tam-ekran\/"},"modified":"2023-12-10T06:04:34","modified_gmt":"2023-12-10T06:04:34","slug":"tam-ekran","status":"publish","type":"page","link":"https:\/\/exceladvisor.org\/tr\/tam-ekran\/","title":{"rendered":"Tam ekran i\u00e7in excel klavye k\u0131sayolu"},"content":{"rendered":"<div class=\"excel-icerikten-once\" id=\"excel-407911861\"><script type=\"text\/javascript\">\r\n\tatOptions = {\r\n\t\t'key' : 'c1158f160081d6540a8409e6925dab94',\r\n\t\t'format' : 'iframe',\r\n\t\t'height' : 250,\r\n\t\t'width' : 300,\r\n\t\t'params' : {}\r\n\t};\r\n<\/script>\r\n<script type=\"text\/javascript\" src=\"\/\/www.highperformanceformat.com\/c1158f160081d6540a8409e6925dab94\/invoke.js\"><\/script><\/div> <p>Excel&#8217;deki tam ekran, ara\u00e7 \u00e7ubu\u011funu, \u015feridi ve durum \u00e7ubu\u011funu gizler ve ekranda yaln\u0131zca \u00e7al\u0131\u015fma sayfas\u0131n\u0131 g\u00f6sterir; bu, \u00e7al\u0131\u015fma sayfas\u0131 i\u00e7in daha fazla alan ve dolay\u0131s\u0131yla daha fazla g\u00f6r\u00fcn\u00fcr sat\u0131r anlam\u0131na gelir.<\/p><p> Excel&#8217;de ekranda bo\u015fluk i\u00e7eren \u00e7al\u0131\u015fma sayfas\u0131 \u00fczerinde her zaman g\u00f6r\u00fcnen bir ara\u00e7 \u00e7ubu\u011fu, \u015ferit, form\u00fcl \u00e7ubu\u011fu ve durum \u00e7ubu\u011fu bulunur ve gerekirse bu ara\u00e7 \u00e7ubu\u011funu gizleyerek \u00e7al\u0131\u015fma sayfas\u0131 g\u00f6r\u00fcn\u00fcm\u00fcn\u00fc normal g\u00f6r\u00fcn\u00fcmden tam ekran g\u00f6r\u00fcn\u00fcm\u00fcne de\u011fi\u015ftirebilirsiniz, Ekranda daha fazla alan yaratarak daha fazla sat\u0131r\u0131n g\u00f6r\u00fcn\u00fcr olmas\u0131n\u0131 sa\u011flamak i\u00e7in \u015ferit ve durum \u00e7ubu\u011fu.<\/p><p> Excel 2016 ve \u00fczeri s\u00fcr\u00fcmlerde, \u00e7al\u0131\u015fma sayfas\u0131n\u0131 tam ekran g\u00f6r\u00fcn\u00fcm\u00fcne d\u00f6n\u00fc\u015ft\u00fcrmek amac\u0131yla ara\u00e7 \u00e7ubu\u011funu, \u015feridi ve durum \u00e7ubu\u011funu gizlemek i\u00e7in klavye k\u0131sayolunu kullanabilirsiniz. <\/p><div class=\"wp-block-image\"><figure class=\"aligncenter size-full is-resized\"><img loading=\"lazy\" decoding=\"async\" class=\"wp-image-70436\" src=\"https:\/\/exceladvisor.org\/wp-content\/uploads\/2023\/08\/1-feuille-de-calcul-vue-normale.png\" sizes=\"auto, \" srcset=\"\" alt=\"e-tablo-normal-g\u00f6r\u00fcn\u00fcm\" width=\"774\" height=\"235\"><\/figure><\/div><h2 class=\"wp-block-heading\"> Excel&#8217;de tam ekrana klavye k\u0131sayolu<\/h2><p> <kbd>Ctrl<\/kbd> + <kbd>\u00dcst Karakter<\/kbd> + <kbd>F1<\/kbd> <\/p><div class=\"wp-block-image\"><figure class=\"aligncenter size-full is-resized\"><img loading=\"lazy\" decoding=\"async\" class=\"wp-image-70437\" src=\"https:\/\/exceladvisor.org\/wp-content\/uploads\/2023\/08\/2-raccourcis-pour-faire-une-vue-complete-de-la-feuille.png\" sizes=\"auto, \" srcset=\"\" alt=\"sayfan\u0131n tam g\u00f6r\u00fcn\u00fcm\u00fcn\u00fc olu\u015fturmak i\u00e7in k\u0131sayol\" width=\"781\" height=\"306\"><\/figure><\/div><h2 class=\"wp-block-heading\"> Klavye K\u0131sayolu Kullanarak Tam Ekran G\u00f6r\u00fcn\u00fcm\u00fc Olu\u015fturma Ad\u0131mlar\u0131<\/h2><ul><li> Tam ekran g\u00f6r\u00fcnt\u00fclemek istedi\u011finiz e-tabloya gidin.<\/li><li> \u015eimdi ara\u00e7 \u00e7ubu\u011funu, \u015feridi ve durum \u00e7ubu\u011funu gizlemek i\u00e7in \u201cCtrl + Shift + F1\u201d tu\u015flar\u0131na basarak e-tabloyu tam ekran g\u00f6r\u00fcn\u00fcm\u00fcne d\u00f6n\u00fc\u015ft\u00fcr\u00fcn.<\/li><li> Normal g\u00f6r\u00fcn\u00fcme d\u00f6nmek i\u00e7in tekrar \u201cCtrl + Shift + F1\u201d tu\u015flar\u0131na bast\u0131\u011f\u0131n\u0131zda \u00e7al\u0131\u015fma sayfan\u0131z ara\u00e7 \u00e7ubu\u011fu, \u015ferit ve durum \u00e7ubu\u011funun g\u00f6r\u00fcn\u00fcr oldu\u011fu normal g\u00f6r\u00fcn\u00fcmle de\u011fi\u015ftirilecektir. <\/li><\/ul><div class=\"wp-block-image\"><figure class=\"aligncenter size-full is-resized\"><img loading=\"lazy\" decoding=\"async\" class=\"wp-image-70438\" src=\"https:\/\/exceladvisor.org\/wp-content\/uploads\/2023\/08\/3-feuilles-de-calcul-en-plein-ecran.png\" sizes=\"auto, \" srcset=\"\" alt=\"elektronik tablonun tam g\u00f6r\u00fcn\u00fcm\u00fc\" width=\"808\" height=\"181\"><\/figure><\/div><div class=\"wp-block-group more-tutorials is-layout-flow\"><div class=\"wp-block-group__inner-container\"><h2 class=\"wp-block-heading\"> Daha fazla e\u011fitim <\/h2><div class=\"wp-block-columns is-layout-flex wp-container-11\"><div class=\"wp-block-column is-layout-flow\"><ul><li> <a href=\"https:\/\/exceladvisor.org\/tr\/kapali\/\">Kapal\u0131<\/a><\/li><li> <a href=\"https:\/\/exceladvisor.org\/tr\/bant\/\">Bant<\/a><\/li><li> <a href=\"https:\/\/exceladvisor.org\/tr\/baski-onizleme-1\/\">Yazd\u0131rmadan \u00f6nce \u00f6nizleme<\/a><\/li><\/ul><\/div><div class=\"wp-block-column is-layout-flow\"><ul><li> <a href=\"https:\/\/exceladvisor.org\/tr\/farkli-kaydet\/\">Farkl\u0131 kaydet<\/a><\/li><li> <a href=\"https:\/\/exceladvisor.org\/tr\/sekmeyi-degistir\/\">Sekmeyi de\u011fi\u015ftir<\/a><\/li><li> <a href=\"https:\/\/exceladvisor.org\/tr\/yinelemeyi-geri-al\/\">Geri al ve yinele<\/a><\/li><\/ul><\/div><\/div><\/div><\/div>","protected":false},"excerpt":{"rendered":"","protected":false},"author":1,"featured_media":0,"parent":0,"menu_order":0,"comment_status":"open","ping_status":"closed","template":"","meta":{"ub_ctt_via":"","footnotes":""},"class_list":["post-2069","page","type-page","status-publish","hentry"],"featured_image_src":null,"yoast_head":"<!-- This site is optimized with the Yoast SEO plugin v25.4 - https:\/\/yoast.com\/wordpress\/plugins\/seo\/ -->\n<title>Excel&#039;de tam ekrana klavye k\u0131sayolu nedir?<\/title>\n<meta name=\"description\" content=\"Bu e\u011fitimde Excel&#039;de tam ekran\u0131 g\u00f6stermek i\u00e7in klavye k\u0131sayolunun nas\u0131l kullan\u0131laca\u011f\u0131n\u0131 \u00f6\u011freneceksiniz.\" \/>\n<meta name=\"robots\" content=\"index, follow, max-snippet:-1, max-image-preview:large, max-video-preview:-1\" \/>\n<link rel=\"canonical\" href=\"https:\/\/exceladvisor.org\/tr\/tam-ekran\/\" \/>\n<meta property=\"og:locale\" content=\"tr_TR\" \/>\n<meta property=\"og:type\" content=\"article\" \/>\n<meta property=\"og:title\" content=\"Excel&#039;de tam ekrana klavye k\u0131sayolu nedir?\" \/>\n<meta property=\"og:description\" content=\"Bu e\u011fitimde Excel&#039;de tam ekran\u0131 g\u00f6stermek i\u00e7in klavye k\u0131sayolunun nas\u0131l kullan\u0131laca\u011f\u0131n\u0131 \u00f6\u011freneceksiniz.\" \/>\n<meta property=\"og:url\" content=\"https:\/\/exceladvisor.org\/tr\/tam-ekran\/\" \/>\n<meta property=\"og:site_name\" content=\"Excel Advisor\" \/>\n<meta property=\"article:modified_time\" content=\"2023-12-10T06:04:34+00:00\" \/>\n<meta property=\"og:image\" content=\"https:\/\/exceladvisor.org\/wp-content\/uploads\/2023\/08\/1-feuille-de-calcul-vue-normale.png\" \/>\n<meta name=\"twitter:card\" content=\"summary_large_image\" \/>\n<meta name=\"twitter:label1\" content=\"Tahmini okuma s\u00fcresi\" \/>\n\t<meta name=\"twitter:data1\" content=\"1 dakika\" \/>\n<script type=\"application\/ld+json\" class=\"yoast-schema-graph\">{\"@context\":\"https:\/\/schema.org\",\"@graph\":[{\"@type\":\"WebPage\",\"@id\":\"https:\/\/exceladvisor.org\/tr\/tam-ekran\/\",\"url\":\"https:\/\/exceladvisor.org\/tr\/tam-ekran\/\",\"name\":\"Excel&#39;de tam ekrana klavye k\u0131sayolu nedir?\",\"isPartOf\":{\"@id\":\"https:\/\/exceladvisor.org\/tr\/#website\"},\"primaryImageOfPage\":{\"@id\":\"https:\/\/exceladvisor.org\/tr\/tam-ekran\/#primaryimage\"},\"image\":{\"@id\":\"https:\/\/exceladvisor.org\/tr\/tam-ekran\/#primaryimage\"},\"thumbnailUrl\":\"https:\/\/exceladvisor.org\/wp-content\/uploads\/2023\/08\/1-feuille-de-calcul-vue-normale.png\",\"datePublished\":\"2023-10-20T23:41:23+00:00\",\"dateModified\":\"2023-12-10T06:04:34+00:00\",\"description\":\"Bu e\u011fitimde Excel&#39;de tam ekran\u0131 g\u00f6stermek i\u00e7in klavye k\u0131sayolunun nas\u0131l kullan\u0131laca\u011f\u0131n\u0131 \u00f6\u011freneceksiniz.\",\"breadcrumb\":{\"@id\":\"https:\/\/exceladvisor.org\/tr\/tam-ekran\/#breadcrumb\"},\"inLanguage\":\"tr\",\"potentialAction\":[{\"@type\":\"ReadAction\",\"target\":[\"https:\/\/exceladvisor.org\/tr\/tam-ekran\/\"]}]},{\"@type\":\"ImageObject\",\"inLanguage\":\"tr\",\"@id\":\"https:\/\/exceladvisor.org\/tr\/tam-ekran\/#primaryimage\",\"url\":\"https:\/\/exceladvisor.org\/wp-content\/uploads\/2023\/08\/1-feuille-de-calcul-vue-normale.png\",\"contentUrl\":\"https:\/\/exceladvisor.org\/wp-content\/uploads\/2023\/08\/1-feuille-de-calcul-vue-normale.png\"},{\"@type\":\"BreadcrumbList\",\"@id\":\"https:\/\/exceladvisor.org\/tr\/tam-ekran\/#breadcrumb\",\"itemListElement\":[{\"@type\":\"ListItem\",\"position\":1,\"name\":\"Ev\",\"item\":\"https:\/\/exceladvisor.org\/tr\/\"},{\"@type\":\"ListItem\",\"position\":2,\"name\":\"Tam ekran i\u00e7in excel klavye k\u0131sayolu\"}]},{\"@type\":\"WebSite\",\"@id\":\"https:\/\/exceladvisor.org\/tr\/#website\",\"url\":\"https:\/\/exceladvisor.org\/tr\/\",\"name\":\"Excel Advisor\",\"description\":\"Veri hakimiyetine y\u00f6nelik nihai rehberiniz!\",\"publisher\":{\"@id\":\"https:\/\/exceladvisor.org\/tr\/#organization\"},\"potentialAction\":[{\"@type\":\"SearchAction\",\"target\":{\"@type\":\"EntryPoint\",\"urlTemplate\":\"https:\/\/exceladvisor.org\/tr\/?s={search_term_string}\"},\"query-input\":{\"@type\":\"PropertyValueSpecification\",\"valueRequired\":true,\"valueName\":\"search_term_string\"}}],\"inLanguage\":\"tr\"},{\"@type\":\"Organization\",\"@id\":\"https:\/\/exceladvisor.org\/tr\/#organization\",\"name\":\"Excel Advisor\",\"url\":\"https:\/\/exceladvisor.org\/tr\/\",\"logo\":{\"@type\":\"ImageObject\",\"inLanguage\":\"tr\",\"@id\":\"https:\/\/exceladvisor.org\/tr\/#\/schema\/logo\/image\/\",\"url\":\"https:\/\/exceladvisor.org\/tr\/wp-content\/uploads\/2023\/12\/exceladvisor.org_.png\",\"contentUrl\":\"https:\/\/exceladvisor.org\/tr\/wp-content\/uploads\/2023\/12\/exceladvisor.org_.png\",\"width\":105,\"height\":36,\"caption\":\"Excel Advisor\"},\"image\":{\"@id\":\"https:\/\/exceladvisor.org\/tr\/#\/schema\/logo\/image\/\"}}]}<\/script>\n<!-- \/ Yoast SEO plugin. -->","yoast_head_json":{"title":"Excel&#39;de tam ekrana klavye k\u0131sayolu nedir?","description":"Bu e\u011fitimde Excel&#39;de tam ekran\u0131 g\u00f6stermek i\u00e7in klavye k\u0131sayolunun nas\u0131l kullan\u0131laca\u011f\u0131n\u0131 \u00f6\u011freneceksiniz.","robots":{"index":"index","follow":"follow","max-snippet":"max-snippet:-1","max-image-preview":"max-image-preview:large","max-video-preview":"max-video-preview:-1"},"canonical":"https:\/\/exceladvisor.org\/tr\/tam-ekran\/","og_locale":"tr_TR","og_type":"article","og_title":"Excel&#39;de tam ekrana klavye k\u0131sayolu nedir?","og_description":"Bu e\u011fitimde Excel&#39;de tam ekran\u0131 g\u00f6stermek i\u00e7in klavye k\u0131sayolunun nas\u0131l kullan\u0131laca\u011f\u0131n\u0131 \u00f6\u011freneceksiniz.","og_url":"https:\/\/exceladvisor.org\/tr\/tam-ekran\/","og_site_name":"Excel Advisor","article_modified_time":"2023-12-10T06:04:34+00:00","og_image":[{"url":"https:\/\/exceladvisor.org\/wp-content\/uploads\/2023\/08\/1-feuille-de-calcul-vue-normale.png","type":"","width":"","height":""}],"twitter_card":"summary_large_image","twitter_misc":{"Tahmini okuma s\u00fcresi":"1 dakika"},"schema":{"@context":"https:\/\/schema.org","@graph":[{"@type":"WebPage","@id":"https:\/\/exceladvisor.org\/tr\/tam-ekran\/","url":"https:\/\/exceladvisor.org\/tr\/tam-ekran\/","name":"Excel&#39;de tam ekrana klavye k\u0131sayolu nedir?","isPartOf":{"@id":"https:\/\/exceladvisor.org\/tr\/#website"},"primaryImageOfPage":{"@id":"https:\/\/exceladvisor.org\/tr\/tam-ekran\/#primaryimage"},"image":{"@id":"https:\/\/exceladvisor.org\/tr\/tam-ekran\/#primaryimage"},"thumbnailUrl":"https:\/\/exceladvisor.org\/wp-content\/uploads\/2023\/08\/1-feuille-de-calcul-vue-normale.png","datePublished":"2023-10-20T23:41:23+00:00","dateModified":"2023-12-10T06:04:34+00:00","description":"Bu e\u011fitimde Excel&#39;de tam ekran\u0131 g\u00f6stermek i\u00e7in klavye k\u0131sayolunun nas\u0131l kullan\u0131laca\u011f\u0131n\u0131 \u00f6\u011freneceksiniz.","breadcrumb":{"@id":"https:\/\/exceladvisor.org\/tr\/tam-ekran\/#breadcrumb"},"inLanguage":"tr","potentialAction":[{"@type":"ReadAction","target":["https:\/\/exceladvisor.org\/tr\/tam-ekran\/"]}]},{"@type":"ImageObject","inLanguage":"tr","@id":"https:\/\/exceladvisor.org\/tr\/tam-ekran\/#primaryimage","url":"https:\/\/exceladvisor.org\/wp-content\/uploads\/2023\/08\/1-feuille-de-calcul-vue-normale.png","contentUrl":"https:\/\/exceladvisor.org\/wp-content\/uploads\/2023\/08\/1-feuille-de-calcul-vue-normale.png"},{"@type":"BreadcrumbList","@id":"https:\/\/exceladvisor.org\/tr\/tam-ekran\/#breadcrumb","itemListElement":[{"@type":"ListItem","position":1,"name":"Ev","item":"https:\/\/exceladvisor.org\/tr\/"},{"@type":"ListItem","position":2,"name":"Tam ekran i\u00e7in excel klavye k\u0131sayolu"}]},{"@type":"WebSite","@id":"https:\/\/exceladvisor.org\/tr\/#website","url":"https:\/\/exceladvisor.org\/tr\/","name":"Excel Advisor","description":"Veri hakimiyetine y\u00f6nelik nihai rehberiniz!","publisher":{"@id":"https:\/\/exceladvisor.org\/tr\/#organization"},"potentialAction":[{"@type":"SearchAction","target":{"@type":"EntryPoint","urlTemplate":"https:\/\/exceladvisor.org\/tr\/?s={search_term_string}"},"query-input":{"@type":"PropertyValueSpecification","valueRequired":true,"valueName":"search_term_string"}}],"inLanguage":"tr"},{"@type":"Organization","@id":"https:\/\/exceladvisor.org\/tr\/#organization","name":"Excel Advisor","url":"https:\/\/exceladvisor.org\/tr\/","logo":{"@type":"ImageObject","inLanguage":"tr","@id":"https:\/\/exceladvisor.org\/tr\/#\/schema\/logo\/image\/","url":"https:\/\/exceladvisor.org\/tr\/wp-content\/uploads\/2023\/12\/exceladvisor.org_.png","contentUrl":"https:\/\/exceladvisor.org\/tr\/wp-content\/uploads\/2023\/12\/exceladvisor.org_.png","width":105,"height":36,"caption":"Excel Advisor"},"image":{"@id":"https:\/\/exceladvisor.org\/tr\/#\/schema\/logo\/image\/"}}]}},"yoast_meta":{"yoast_wpseo_title":"","yoast_wpseo_metadesc":"","yoast_wpseo_canonical":""},"_links":{"self":[{"href":"https:\/\/exceladvisor.org\/tr\/wp-json\/wp\/v2\/pages\/2069","targetHints":{"allow":["GET"]}}],"collection":[{"href":"https:\/\/exceladvisor.org\/tr\/wp-json\/wp\/v2\/pages"}],"about":[{"href":"https:\/\/exceladvisor.org\/tr\/wp-json\/wp\/v2\/types\/page"}],"author":[{"embeddable":true,"href":"https:\/\/exceladvisor.org\/tr\/wp-json\/wp\/v2\/users\/1"}],"replies":[{"embeddable":true,"href":"https:\/\/exceladvisor.org\/tr\/wp-json\/wp\/v2\/comments?post=2069"}],"version-history":[{"count":1,"href":"https:\/\/exceladvisor.org\/tr\/wp-json\/wp\/v2\/pages\/2069\/revisions"}],"predecessor-version":[{"id":2740,"href":"https:\/\/exceladvisor.org\/tr\/wp-json\/wp\/v2\/pages\/2069\/revisions\/2740"}],"wp:attachment":[{"href":"https:\/\/exceladvisor.org\/tr\/wp-json\/wp\/v2\/media?parent=2069"}],"curies":[{"name":"wp","href":"https:\/\/api.w.org\/{rel}","templated":true}]}}