{"id":2071,"date":"2023-10-20T19:36:46","date_gmt":"2023-10-20T19:36:46","guid":{"rendered":"https:\/\/exceladvisor.org\/tr\/gitmek\/"},"modified":"2023-12-10T05:59:47","modified_gmt":"2023-12-10T05:59:47","slug":"gitmek","status":"publish","type":"page","link":"https:\/\/exceladvisor.org\/tr\/gitmek\/","title":{"rendered":"Excel k\u0131sayolunu kullanarak \u201cgit\u201d nas\u0131l a\u00e7\u0131l\u0131r?"},"content":{"rendered":"<div class=\"excel-icerikten-once\" id=\"excel-3534184513\"><script type=\"text\/javascript\">\r\n\tatOptions = {\r\n\t\t'key' : 'c1158f160081d6540a8409e6925dab94',\r\n\t\t'format' : 'iframe',\r\n\t\t'height' : 250,\r\n\t\t'width' : 300,\r\n\t\t'params' : {}\r\n\t};\r\n<\/script>\r\n<script type=\"text\/javascript\" src=\"\/\/www.highperformanceformat.com\/c1158f160081d6540a8409e6925dab94\/invoke.js\"><\/script><\/div> <p>Excel&#8217;de Git se\u00e7ene\u011fi, \u00e7al\u0131\u015fma kitab\u0131ndaki mevcut herhangi bir ad aral\u0131\u011f\u0131na do\u011frudan atlamak i\u00e7in kullan\u0131l\u0131r.<\/p><p> Git se\u00e7ene\u011fiyle kullan\u0131c\u0131lar, ge\u00e7erli \u00e7al\u0131\u015fma kitab\u0131n\u0131n herhangi bir sayfas\u0131nda bulunan herhangi bir ad aral\u0131\u011f\u0131na \u00e7ok h\u0131zl\u0131 bir \u015fekilde ve sekme de\u011fi\u015ftirmeden atlayabilirler.<\/p><p> Bu nedenle, birden \u00e7ok ad aral\u0131\u011f\u0131na ve birden \u00e7ok sayfadaki verilere sahip b\u00fcy\u00fck veri k\u00fcmeleri \u00fczerinde \u00e7al\u0131\u015fan kullan\u0131c\u0131lar i\u00e7in, Ad aral\u0131klar\u0131 aras\u0131nda \u00e7ok h\u0131zl\u0131 ge\u00e7i\u015f yapmak i\u00e7in Git se\u00e7ene\u011fi en iyisidir.<\/p><h2 class=\"wp-block-heading\"> Excel&#8217;de Git se\u00e7ene\u011fini a\u00e7mak i\u00e7in klavye k\u0131sayolu<\/h2><p> <kbd>Ctrl<\/kbd> + <kbd>G<\/kbd> <\/p><div class=\"wp-block-image\"><figure class=\"aligncenter size-full is-resized\"><img loading=\"lazy\" decoding=\"async\" class=\"wp-image-74585\" src=\"https:\/\/exceladvisor.org\/wp-content\/uploads\/2023\/08\/1-raccourci-pour-ouvrir-aller-a-loption.png\" sizes=\"auto, \" srcset=\"\" alt=\"a\u00e7ma k\u0131sayolu-se\u00e7ene\u011fe git\" width=\"749\" height=\"295\"><\/figure><\/div><h2 class=\"wp-block-heading\"> Klavye k\u0131sayolunu kullanarak Git se\u00e7ene\u011fini a\u00e7ma ad\u0131mlar\u0131<\/h2><ol><li> \u00d6ncelikle mevcut \u00e7al\u0131\u015fma kitab\u0131na gidin ve \u201cCtrl + G\u201d tu\u015flar\u0131na birlikte basman\u0131z yeterlidir; \u201cGit\u201d ileti\u015fim kutusunu a\u00e7acaks\u0131n\u0131z.<\/li><li> \u015eimdi mevcut \u00e7al\u0131\u015fma kitab\u0131nda tan\u0131mlananlardan gitmek istedi\u011finiz ad aral\u0131\u011f\u0131n\u0131 se\u00e7in, ard\u0131ndan Enter tu\u015funa bas\u0131n ve do\u011frudan bu ad aral\u0131\u011f\u0131na ula\u015facaks\u0131n\u0131z. <\/li><\/ol><div class=\"wp-block-image\"><figure class=\"aligncenter size-full is-resized\"><img loading=\"lazy\" decoding=\"async\" class=\"wp-image-74586\" src=\"https:\/\/exceladvisor.org\/wp-content\/uploads\/2023\/08\/2-aller-a-la-boite-de-dialogue.png\" sizes=\"auto, \" srcset=\"\" alt=\"diyalo\u011fa git\" width=\"366\" height=\"305\"><\/figure><\/div><div class=\"wp-block-group more-tutorials is-layout-flow\"><div class=\"wp-block-group__inner-container\"><h2 class=\"wp-block-heading\"> Daha fazla e\u011fitim <\/h2><div class=\"wp-block-columns is-layout-flex wp-container-118\"><div class=\"wp-block-column is-layout-flow\"><ul><li> <a href=\"https:\/\/exceladvisor.org\/tr\/mutlak-referans\/\">Mutlak referans<\/a><\/li><li> <a href=\"https:\/\/exceladvisor.org\/tr\/kopyala-yapistir\/\">Kopyala ve yap\u0131\u015ft\u0131r<\/a><\/li><li> <a href=\"https:\/\/exceladvisor.org\/tr\/kes-ve-yapistir\/\">Kes ve yap\u0131\u015ft\u0131r<\/a><\/li><li> H\u00fccreleri kilitle<\/li><\/ul><\/div><\/div><\/div><\/div>","protected":false},"excerpt":{"rendered":"","protected":false},"author":1,"featured_media":0,"parent":0,"menu_order":0,"comment_status":"open","ping_status":"closed","template":"","meta":{"ub_ctt_via":"","footnotes":""},"class_list":["post-2071","page","type-page","status-publish","hentry"],"featured_image_src":null,"yoast_head":"<!-- This site is optimized with the Yoast SEO plugin v25.4 - https:\/\/yoast.com\/wordpress\/plugins\/seo\/ -->\n<title>\u25b7 Excel k\u0131sayolunu kullanarak \u201cGit\u201d nas\u0131l a\u00e7\u0131l\u0131r?<\/title>\n<meta name=\"description\" content=\"Git se\u00e7ene\u011fini a\u00e7mak i\u00e7in klavye k\u0131sayolunu \u00f6\u011frenin. Ayr\u0131ca konuyla ilgili baz\u0131 \u00f6nemli noktalar\u0131 da ele alacaks\u0131n\u0131z...\" \/>\n<meta name=\"robots\" content=\"index, follow, max-snippet:-1, max-image-preview:large, max-video-preview:-1\" \/>\n<link rel=\"canonical\" href=\"https:\/\/exceladvisor.org\/tr\/gitmek\/\" \/>\n<meta property=\"og:locale\" content=\"tr_TR\" \/>\n<meta property=\"og:type\" content=\"article\" \/>\n<meta property=\"og:title\" content=\"\u25b7 Excel k\u0131sayolunu kullanarak \u201cGit\u201d nas\u0131l a\u00e7\u0131l\u0131r?\" \/>\n<meta property=\"og:description\" content=\"Git se\u00e7ene\u011fini a\u00e7mak i\u00e7in klavye k\u0131sayolunu \u00f6\u011frenin. Ayr\u0131ca konuyla ilgili baz\u0131 \u00f6nemli noktalar\u0131 da ele alacaks\u0131n\u0131z...\" \/>\n<meta property=\"og:url\" content=\"https:\/\/exceladvisor.org\/tr\/gitmek\/\" \/>\n<meta property=\"og:site_name\" content=\"Excel Advisor\" \/>\n<meta property=\"article:modified_time\" content=\"2023-12-10T05:59:47+00:00\" \/>\n<meta property=\"og:image\" content=\"https:\/\/exceladvisor.org\/wp-content\/uploads\/2023\/08\/1-raccourci-pour-ouvrir-aller-a-loption.png\" \/>\n<meta name=\"twitter:card\" content=\"summary_large_image\" \/>\n<meta name=\"twitter:label1\" content=\"Tahmini okuma s\u00fcresi\" \/>\n\t<meta name=\"twitter:data1\" content=\"1 dakika\" \/>\n<script type=\"application\/ld+json\" class=\"yoast-schema-graph\">{\"@context\":\"https:\/\/schema.org\",\"@graph\":[{\"@type\":\"WebPage\",\"@id\":\"https:\/\/exceladvisor.org\/tr\/gitmek\/\",\"url\":\"https:\/\/exceladvisor.org\/tr\/gitmek\/\",\"name\":\"\u25b7 Excel k\u0131sayolunu kullanarak \u201cGit\u201d nas\u0131l a\u00e7\u0131l\u0131r?\",\"isPartOf\":{\"@id\":\"https:\/\/exceladvisor.org\/tr\/#website\"},\"primaryImageOfPage\":{\"@id\":\"https:\/\/exceladvisor.org\/tr\/gitmek\/#primaryimage\"},\"image\":{\"@id\":\"https:\/\/exceladvisor.org\/tr\/gitmek\/#primaryimage\"},\"thumbnailUrl\":\"https:\/\/exceladvisor.org\/wp-content\/uploads\/2023\/08\/1-raccourci-pour-ouvrir-aller-a-loption.png\",\"datePublished\":\"2023-10-20T19:36:46+00:00\",\"dateModified\":\"2023-12-10T05:59:47+00:00\",\"description\":\"Git se\u00e7ene\u011fini a\u00e7mak i\u00e7in klavye k\u0131sayolunu \u00f6\u011frenin. Ayr\u0131ca konuyla ilgili baz\u0131 \u00f6nemli noktalar\u0131 da ele alacaks\u0131n\u0131z...\",\"breadcrumb\":{\"@id\":\"https:\/\/exceladvisor.org\/tr\/gitmek\/#breadcrumb\"},\"inLanguage\":\"tr\",\"potentialAction\":[{\"@type\":\"ReadAction\",\"target\":[\"https:\/\/exceladvisor.org\/tr\/gitmek\/\"]}]},{\"@type\":\"ImageObject\",\"inLanguage\":\"tr\",\"@id\":\"https:\/\/exceladvisor.org\/tr\/gitmek\/#primaryimage\",\"url\":\"https:\/\/exceladvisor.org\/wp-content\/uploads\/2023\/08\/1-raccourci-pour-ouvrir-aller-a-loption.png\",\"contentUrl\":\"https:\/\/exceladvisor.org\/wp-content\/uploads\/2023\/08\/1-raccourci-pour-ouvrir-aller-a-loption.png\"},{\"@type\":\"BreadcrumbList\",\"@id\":\"https:\/\/exceladvisor.org\/tr\/gitmek\/#breadcrumb\",\"itemListElement\":[{\"@type\":\"ListItem\",\"position\":1,\"name\":\"Ev\",\"item\":\"https:\/\/exceladvisor.org\/tr\/\"},{\"@type\":\"ListItem\",\"position\":2,\"name\":\"Excel k\u0131sayolunu kullanarak \u201cgit\u201d nas\u0131l a\u00e7\u0131l\u0131r?\"}]},{\"@type\":\"WebSite\",\"@id\":\"https:\/\/exceladvisor.org\/tr\/#website\",\"url\":\"https:\/\/exceladvisor.org\/tr\/\",\"name\":\"Excel Advisor\",\"description\":\"Veri hakimiyetine y\u00f6nelik nihai rehberiniz!\",\"publisher\":{\"@id\":\"https:\/\/exceladvisor.org\/tr\/#organization\"},\"potentialAction\":[{\"@type\":\"SearchAction\",\"target\":{\"@type\":\"EntryPoint\",\"urlTemplate\":\"https:\/\/exceladvisor.org\/tr\/?s={search_term_string}\"},\"query-input\":{\"@type\":\"PropertyValueSpecification\",\"valueRequired\":true,\"valueName\":\"search_term_string\"}}],\"inLanguage\":\"tr\"},{\"@type\":\"Organization\",\"@id\":\"https:\/\/exceladvisor.org\/tr\/#organization\",\"name\":\"Excel Advisor\",\"url\":\"https:\/\/exceladvisor.org\/tr\/\",\"logo\":{\"@type\":\"ImageObject\",\"inLanguage\":\"tr\",\"@id\":\"https:\/\/exceladvisor.org\/tr\/#\/schema\/logo\/image\/\",\"url\":\"https:\/\/exceladvisor.org\/tr\/wp-content\/uploads\/2023\/12\/exceladvisor.org_.png\",\"contentUrl\":\"https:\/\/exceladvisor.org\/tr\/wp-content\/uploads\/2023\/12\/exceladvisor.org_.png\",\"width\":105,\"height\":36,\"caption\":\"Excel Advisor\"},\"image\":{\"@id\":\"https:\/\/exceladvisor.org\/tr\/#\/schema\/logo\/image\/\"}}]}<\/script>\n<!-- \/ Yoast SEO plugin. -->","yoast_head_json":{"title":"\u25b7 Excel k\u0131sayolunu kullanarak \u201cGit\u201d nas\u0131l a\u00e7\u0131l\u0131r?","description":"Git se\u00e7ene\u011fini a\u00e7mak i\u00e7in klavye k\u0131sayolunu \u00f6\u011frenin. Ayr\u0131ca konuyla ilgili baz\u0131 \u00f6nemli noktalar\u0131 da ele alacaks\u0131n\u0131z...","robots":{"index":"index","follow":"follow","max-snippet":"max-snippet:-1","max-image-preview":"max-image-preview:large","max-video-preview":"max-video-preview:-1"},"canonical":"https:\/\/exceladvisor.org\/tr\/gitmek\/","og_locale":"tr_TR","og_type":"article","og_title":"\u25b7 Excel k\u0131sayolunu kullanarak \u201cGit\u201d nas\u0131l a\u00e7\u0131l\u0131r?","og_description":"Git se\u00e7ene\u011fini a\u00e7mak i\u00e7in klavye k\u0131sayolunu \u00f6\u011frenin. Ayr\u0131ca konuyla ilgili baz\u0131 \u00f6nemli noktalar\u0131 da ele alacaks\u0131n\u0131z...","og_url":"https:\/\/exceladvisor.org\/tr\/gitmek\/","og_site_name":"Excel Advisor","article_modified_time":"2023-12-10T05:59:47+00:00","og_image":[{"url":"https:\/\/exceladvisor.org\/wp-content\/uploads\/2023\/08\/1-raccourci-pour-ouvrir-aller-a-loption.png","type":"","width":"","height":""}],"twitter_card":"summary_large_image","twitter_misc":{"Tahmini okuma s\u00fcresi":"1 dakika"},"schema":{"@context":"https:\/\/schema.org","@graph":[{"@type":"WebPage","@id":"https:\/\/exceladvisor.org\/tr\/gitmek\/","url":"https:\/\/exceladvisor.org\/tr\/gitmek\/","name":"\u25b7 Excel k\u0131sayolunu kullanarak \u201cGit\u201d nas\u0131l a\u00e7\u0131l\u0131r?","isPartOf":{"@id":"https:\/\/exceladvisor.org\/tr\/#website"},"primaryImageOfPage":{"@id":"https:\/\/exceladvisor.org\/tr\/gitmek\/#primaryimage"},"image":{"@id":"https:\/\/exceladvisor.org\/tr\/gitmek\/#primaryimage"},"thumbnailUrl":"https:\/\/exceladvisor.org\/wp-content\/uploads\/2023\/08\/1-raccourci-pour-ouvrir-aller-a-loption.png","datePublished":"2023-10-20T19:36:46+00:00","dateModified":"2023-12-10T05:59:47+00:00","description":"Git se\u00e7ene\u011fini a\u00e7mak i\u00e7in klavye k\u0131sayolunu \u00f6\u011frenin. Ayr\u0131ca konuyla ilgili baz\u0131 \u00f6nemli noktalar\u0131 da ele alacaks\u0131n\u0131z...","breadcrumb":{"@id":"https:\/\/exceladvisor.org\/tr\/gitmek\/#breadcrumb"},"inLanguage":"tr","potentialAction":[{"@type":"ReadAction","target":["https:\/\/exceladvisor.org\/tr\/gitmek\/"]}]},{"@type":"ImageObject","inLanguage":"tr","@id":"https:\/\/exceladvisor.org\/tr\/gitmek\/#primaryimage","url":"https:\/\/exceladvisor.org\/wp-content\/uploads\/2023\/08\/1-raccourci-pour-ouvrir-aller-a-loption.png","contentUrl":"https:\/\/exceladvisor.org\/wp-content\/uploads\/2023\/08\/1-raccourci-pour-ouvrir-aller-a-loption.png"},{"@type":"BreadcrumbList","@id":"https:\/\/exceladvisor.org\/tr\/gitmek\/#breadcrumb","itemListElement":[{"@type":"ListItem","position":1,"name":"Ev","item":"https:\/\/exceladvisor.org\/tr\/"},{"@type":"ListItem","position":2,"name":"Excel k\u0131sayolunu kullanarak \u201cgit\u201d nas\u0131l a\u00e7\u0131l\u0131r?"}]},{"@type":"WebSite","@id":"https:\/\/exceladvisor.org\/tr\/#website","url":"https:\/\/exceladvisor.org\/tr\/","name":"Excel Advisor","description":"Veri hakimiyetine y\u00f6nelik nihai rehberiniz!","publisher":{"@id":"https:\/\/exceladvisor.org\/tr\/#organization"},"potentialAction":[{"@type":"SearchAction","target":{"@type":"EntryPoint","urlTemplate":"https:\/\/exceladvisor.org\/tr\/?s={search_term_string}"},"query-input":{"@type":"PropertyValueSpecification","valueRequired":true,"valueName":"search_term_string"}}],"inLanguage":"tr"},{"@type":"Organization","@id":"https:\/\/exceladvisor.org\/tr\/#organization","name":"Excel Advisor","url":"https:\/\/exceladvisor.org\/tr\/","logo":{"@type":"ImageObject","inLanguage":"tr","@id":"https:\/\/exceladvisor.org\/tr\/#\/schema\/logo\/image\/","url":"https:\/\/exceladvisor.org\/tr\/wp-content\/uploads\/2023\/12\/exceladvisor.org_.png","contentUrl":"https:\/\/exceladvisor.org\/tr\/wp-content\/uploads\/2023\/12\/exceladvisor.org_.png","width":105,"height":36,"caption":"Excel Advisor"},"image":{"@id":"https:\/\/exceladvisor.org\/tr\/#\/schema\/logo\/image\/"}}]}},"yoast_meta":{"yoast_wpseo_title":"","yoast_wpseo_metadesc":"","yoast_wpseo_canonical":""},"_links":{"self":[{"href":"https:\/\/exceladvisor.org\/tr\/wp-json\/wp\/v2\/pages\/2071","targetHints":{"allow":["GET"]}}],"collection":[{"href":"https:\/\/exceladvisor.org\/tr\/wp-json\/wp\/v2\/pages"}],"about":[{"href":"https:\/\/exceladvisor.org\/tr\/wp-json\/wp\/v2\/types\/page"}],"author":[{"embeddable":true,"href":"https:\/\/exceladvisor.org\/tr\/wp-json\/wp\/v2\/users\/1"}],"replies":[{"embeddable":true,"href":"https:\/\/exceladvisor.org\/tr\/wp-json\/wp\/v2\/comments?post=2071"}],"version-history":[{"count":1,"href":"https:\/\/exceladvisor.org\/tr\/wp-json\/wp\/v2\/pages\/2071\/revisions"}],"predecessor-version":[{"id":2354,"href":"https:\/\/exceladvisor.org\/tr\/wp-json\/wp\/v2\/pages\/2071\/revisions\/2354"}],"wp:attachment":[{"href":"https:\/\/exceladvisor.org\/tr\/wp-json\/wp\/v2\/media?parent=2071"}],"curies":[{"name":"wp","href":"https:\/\/api.w.org\/{rel}","templated":true}]}}