{"id":2072,"date":"2023-10-20T19:10:00","date_gmt":"2023-10-20T19:10:00","guid":{"rendered":"https:\/\/exceladvisor.org\/tr\/kapali\/"},"modified":"2023-12-10T05:59:49","modified_gmt":"2023-12-10T05:59:49","slug":"kapali","status":"publish","type":"page","link":"https:\/\/exceladvisor.org\/tr\/kapali\/","title":{"rendered":"Excel k\u0131sayolunu kullanarak \u00e7al\u0131\u015fma kitaplar\u0131n\u0131 nas\u0131l kapatabilirim?"},"content":{"rendered":"<div class=\"excel-icerikten-once\" id=\"excel-3216878665\"><script type=\"text\/javascript\">\r\n\tatOptions = {\r\n\t\t'key' : 'c1158f160081d6540a8409e6925dab94',\r\n\t\t'format' : 'iframe',\r\n\t\t'height' : 250,\r\n\t\t'width' : 300,\r\n\t\t'params' : {}\r\n\t};\r\n<\/script>\r\n<script type=\"text\/javascript\" src=\"\/\/www.highperformanceformat.com\/c1158f160081d6540a8409e6925dab94\/invoke.js\"><\/script><\/div> <p>MS-Excel, hem yaln\u0131zca ge\u00e7erli \u00e7al\u0131\u015fma kitab\u0131n\u0131 kapatmak hem de t\u00fcm a\u00e7\u0131k \u00e7al\u0131\u015fma kitaplar\u0131n\u0131 bir kerede kapatacak olan Excel uygulamas\u0131n\u0131n tamam\u0131n\u0131 kapatmak i\u00e7in kullan\u0131labilen k\u0131sayollara sahiptir.<\/p><p> B\u00f6ylece kullan\u0131c\u0131 klavye k\u0131sayolunu kullanarak yaln\u0131zca ge\u00e7erli \u00e7al\u0131\u015fma kitab\u0131n\u0131 m\u0131 yoksa t\u00fcm a\u00e7\u0131k \u00e7al\u0131\u015fma kitaplar\u0131n\u0131 ayn\u0131 anda m\u0131 kapatmak istedi\u011fini se\u00e7ebilir.<\/p><h2 class=\"wp-block-heading\"> Excel&#8217;de \u00e7al\u0131\u015fma kitaplar\u0131n\u0131 kapatmak i\u00e7in klavye k\u0131sayolu<\/h2><p> Ge\u00e7erli \u00e7al\u0131\u015fma kitab\u0131n\u0131 veya t\u00fcm a\u00e7\u0131k \u00e7al\u0131\u015fma kitaplar\u0131n\u0131 kapatmak i\u00e7in kullan\u0131lan klavye k\u0131sayollar\u0131 a\u015fa\u011f\u0131da belirtilmi\u015ftir:<\/p><p> <strong>\u00c7al\u0131\u015fma kitab\u0131n\u0131 kapatmak i\u00e7in:<\/strong><\/p><p> <kbd>Ctrl<\/kbd> + <kbd>W<\/kbd> veya <kbd>Alt<\/kbd> + <kbd>F4<\/kbd> <\/p><div class=\"wp-block-image\"><figure class=\"aligncenter size-full is-resized\"><img loading=\"lazy\" decoding=\"async\" class=\"wp-image-72777\" src=\"https:\/\/exceladvisor.org\/wp-content\/uploads\/2023\/08\/1-raccourci-clavier-pour-fermer-le-classeur-en-cours1.png\" sizes=\"auto, \" srcset=\"\" alt=\"Ge\u00e7erli \u00e7al\u0131\u015fma kitab\u0131n\u0131 kapatmak i\u00e7in klavye k\u0131sayolu\" width=\"725\" height=\"284\"><\/figure><\/div><p> <strong>Excel uygulamas\u0131n\u0131 kapatmak i\u00e7in:<\/strong><\/p><p> <kbd>Alt<\/kbd> \u2192 <kbd>F<\/kbd> <kbd>\u2192<\/kbd> <\/p><div class=\"wp-block-image\"><figure class=\"aligncenter size-full is-resized\"><img loading=\"lazy\" decoding=\"async\" class=\"wp-image-72778\" src=\"https:\/\/exceladvisor.org\/wp-content\/uploads\/2023\/08\/2-raccourci-pour-fermer-tous-les-fichiers-excel.png\" sizes=\"auto, \" srcset=\"\" alt=\"t\u00fcm excel dosyalar\u0131n\u0131 kapatmak i\u00e7in k\u0131sayol\" width=\"730\" height=\"286\"><\/figure><\/div><h2 class=\"wp-block-heading\"> Klavye k\u0131sayolunu kullanarak \u00e7al\u0131\u015fma kitaplar\u0131n\u0131 kapatma ad\u0131mlar\u0131<\/h2><ol><li> \u00d6ncelikle a\u00e7\u0131k olanlar aras\u0131ndan kapatmak istedi\u011finiz \u00e7al\u0131\u015fma kitab\u0131na gidin.<\/li><li> Bundan sonra sadece \u201cCtrl + W\u201d tu\u015flar\u0131na veya \u201cAlt + F4\u201d tu\u015flar\u0131na bast\u0131\u011f\u0131n\u0131zda mevcut \u00e7al\u0131\u015fma kitab\u0131n\u0131z kapat\u0131lacakt\u0131r.<\/li><li> Veya a\u00e7\u0131k olan herhangi bir \u00e7al\u0131\u015fma kitab\u0131na gidin ve s\u0131rayla \u201cAlt \u2192 F \u2192 X\u201d tu\u015flar\u0131na bast\u0131\u011f\u0131n\u0131zda t\u00fcm a\u00e7\u0131k \u00e7al\u0131\u015fma kitaplar\u0131 ayn\u0131 anda kapat\u0131lacakt\u0131r.<\/li><\/ol><p> Excel&#8217;de de\u011fer girme, bir h\u00fccreyi d\u00fczenleme veya g\u00fcncelleme gibi herhangi bir de\u011fi\u015fiklik yaparsan\u0131z ve \u00e7al\u0131\u015fma kitab\u0131n\u0131 kapatmadan \u00f6nce kaydetmezseniz, de\u011fi\u015fiklikleri kaydederek veya kaydetmeden kapatman\u0131z\u0131 isteyecektir. <\/p><div class=\"wp-block-image\"><figure class=\"aligncenter size-full\"><img loading=\"lazy\" decoding=\"async\" class=\"wp-image-72779\" src=\"https:\/\/exceladvisor.org\/wp-content\/uploads\/2023\/08\/3-options-denregistrement-des-modifications.png\" sizes=\"auto, \" srcset=\"\" alt=\"de\u011fi\u015fiklikleri kaydetme se\u00e7ene\u011fi\" width=\"428\" height=\"144\"><\/figure><\/div><div class=\"wp-block-group more-tutorials is-layout-flow\"><div class=\"wp-block-group__inner-container\"><h2 class=\"wp-block-heading\"> Daha fazla e\u011fitim <\/h2><div class=\"wp-block-columns is-layout-flex wp-container-19\"><div class=\"wp-block-column is-layout-flow\"><ul><li> <a href=\"https:\/\/exceladvisor.org\/tr\/tam-ekran\/\">Tam ekran<\/a><\/li><li> <a href=\"https:\/\/exceladvisor.org\/tr\/bant\/\">Bant<\/a><\/li><li> <a href=\"https:\/\/exceladvisor.org\/tr\/baski-onizleme-1\/\">Yazd\u0131rmadan \u00f6nce \u00f6nizleme<\/a><\/li><\/ul><\/div><div class=\"wp-block-column is-layout-flow\"><ul><li> <a href=\"https:\/\/exceladvisor.org\/tr\/farkli-kaydet\/\">Farkl\u0131 kaydet<\/a><\/li><li> <a href=\"https:\/\/exceladvisor.org\/tr\/sekmeyi-degistir\/\">Sekmeyi de\u011fi\u015ftir<\/a><\/li><li> <a href=\"https:\/\/exceladvisor.org\/tr\/yinelemeyi-geri-al\/\">Geri al ve yinele<\/a><\/li><\/ul><\/div><\/div><\/div><\/div>","protected":false},"excerpt":{"rendered":"","protected":false},"author":1,"featured_media":0,"parent":0,"menu_order":0,"comment_status":"open","ping_status":"closed","template":"","meta":{"ub_ctt_via":"","footnotes":""},"class_list":["post-2072","page","type-page","status-publish","hentry"],"featured_image_src":null,"yoast_head":"<!-- This site is optimized with the Yoast SEO plugin v25.4 - https:\/\/yoast.com\/wordpress\/plugins\/seo\/ -->\n<title>\u25b7 Excel k\u0131sayolunu kullanarak \u00e7al\u0131\u015fma kitaplar\u0131 nas\u0131l kapat\u0131l\u0131r?<\/title>\n<meta name=\"description\" content=\"\u00c7al\u0131\u015fma kitab\u0131n\u0131 ve Excel uygulamas\u0131n\u0131 kapatmak i\u00e7in Excel&#039;de kullanabilece\u011finiz klavye k\u0131sayolunu nas\u0131l kullanaca\u011f\u0131n\u0131z\u0131 \u00f6\u011frenin.\" \/>\n<meta name=\"robots\" content=\"index, follow, max-snippet:-1, max-image-preview:large, max-video-preview:-1\" \/>\n<link rel=\"canonical\" href=\"https:\/\/exceladvisor.org\/tr\/kapali\/\" \/>\n<meta property=\"og:locale\" content=\"tr_TR\" \/>\n<meta property=\"og:type\" content=\"article\" \/>\n<meta property=\"og:title\" content=\"\u25b7 Excel k\u0131sayolunu kullanarak \u00e7al\u0131\u015fma kitaplar\u0131 nas\u0131l kapat\u0131l\u0131r?\" \/>\n<meta property=\"og:description\" content=\"\u00c7al\u0131\u015fma kitab\u0131n\u0131 ve Excel uygulamas\u0131n\u0131 kapatmak i\u00e7in Excel&#039;de kullanabilece\u011finiz klavye k\u0131sayolunu nas\u0131l kullanaca\u011f\u0131n\u0131z\u0131 \u00f6\u011frenin.\" \/>\n<meta property=\"og:url\" content=\"https:\/\/exceladvisor.org\/tr\/kapali\/\" \/>\n<meta property=\"og:site_name\" content=\"Excel Advisor\" \/>\n<meta property=\"article:modified_time\" content=\"2023-12-10T05:59:49+00:00\" \/>\n<meta property=\"og:image\" content=\"https:\/\/exceladvisor.org\/wp-content\/uploads\/2023\/08\/1-raccourci-clavier-pour-fermer-le-classeur-en-cours1.png\" \/>\n<meta name=\"twitter:card\" content=\"summary_large_image\" \/>\n<meta name=\"twitter:label1\" content=\"Tahmini okuma s\u00fcresi\" \/>\n\t<meta name=\"twitter:data1\" content=\"1 dakika\" \/>\n<script type=\"application\/ld+json\" class=\"yoast-schema-graph\">{\"@context\":\"https:\/\/schema.org\",\"@graph\":[{\"@type\":\"WebPage\",\"@id\":\"https:\/\/exceladvisor.org\/tr\/kapali\/\",\"url\":\"https:\/\/exceladvisor.org\/tr\/kapali\/\",\"name\":\"\u25b7 Excel k\u0131sayolunu kullanarak \u00e7al\u0131\u015fma kitaplar\u0131 nas\u0131l kapat\u0131l\u0131r?\",\"isPartOf\":{\"@id\":\"https:\/\/exceladvisor.org\/tr\/#website\"},\"primaryImageOfPage\":{\"@id\":\"https:\/\/exceladvisor.org\/tr\/kapali\/#primaryimage\"},\"image\":{\"@id\":\"https:\/\/exceladvisor.org\/tr\/kapali\/#primaryimage\"},\"thumbnailUrl\":\"https:\/\/exceladvisor.org\/wp-content\/uploads\/2023\/08\/1-raccourci-clavier-pour-fermer-le-classeur-en-cours1.png\",\"datePublished\":\"2023-10-20T19:10:00+00:00\",\"dateModified\":\"2023-12-10T05:59:49+00:00\",\"description\":\"\u00c7al\u0131\u015fma kitab\u0131n\u0131 ve Excel uygulamas\u0131n\u0131 kapatmak i\u00e7in Excel&#39;de kullanabilece\u011finiz klavye k\u0131sayolunu nas\u0131l kullanaca\u011f\u0131n\u0131z\u0131 \u00f6\u011frenin.\",\"breadcrumb\":{\"@id\":\"https:\/\/exceladvisor.org\/tr\/kapali\/#breadcrumb\"},\"inLanguage\":\"tr\",\"potentialAction\":[{\"@type\":\"ReadAction\",\"target\":[\"https:\/\/exceladvisor.org\/tr\/kapali\/\"]}]},{\"@type\":\"ImageObject\",\"inLanguage\":\"tr\",\"@id\":\"https:\/\/exceladvisor.org\/tr\/kapali\/#primaryimage\",\"url\":\"https:\/\/exceladvisor.org\/wp-content\/uploads\/2023\/08\/1-raccourci-clavier-pour-fermer-le-classeur-en-cours1.png\",\"contentUrl\":\"https:\/\/exceladvisor.org\/wp-content\/uploads\/2023\/08\/1-raccourci-clavier-pour-fermer-le-classeur-en-cours1.png\"},{\"@type\":\"BreadcrumbList\",\"@id\":\"https:\/\/exceladvisor.org\/tr\/kapali\/#breadcrumb\",\"itemListElement\":[{\"@type\":\"ListItem\",\"position\":1,\"name\":\"Ev\",\"item\":\"https:\/\/exceladvisor.org\/tr\/\"},{\"@type\":\"ListItem\",\"position\":2,\"name\":\"Excel k\u0131sayolunu kullanarak \u00e7al\u0131\u015fma kitaplar\u0131n\u0131 nas\u0131l kapatabilirim?\"}]},{\"@type\":\"WebSite\",\"@id\":\"https:\/\/exceladvisor.org\/tr\/#website\",\"url\":\"https:\/\/exceladvisor.org\/tr\/\",\"name\":\"Excel Advisor\",\"description\":\"Veri hakimiyetine y\u00f6nelik nihai rehberiniz!\",\"publisher\":{\"@id\":\"https:\/\/exceladvisor.org\/tr\/#organization\"},\"potentialAction\":[{\"@type\":\"SearchAction\",\"target\":{\"@type\":\"EntryPoint\",\"urlTemplate\":\"https:\/\/exceladvisor.org\/tr\/?s={search_term_string}\"},\"query-input\":{\"@type\":\"PropertyValueSpecification\",\"valueRequired\":true,\"valueName\":\"search_term_string\"}}],\"inLanguage\":\"tr\"},{\"@type\":\"Organization\",\"@id\":\"https:\/\/exceladvisor.org\/tr\/#organization\",\"name\":\"Excel Advisor\",\"url\":\"https:\/\/exceladvisor.org\/tr\/\",\"logo\":{\"@type\":\"ImageObject\",\"inLanguage\":\"tr\",\"@id\":\"https:\/\/exceladvisor.org\/tr\/#\/schema\/logo\/image\/\",\"url\":\"https:\/\/exceladvisor.org\/tr\/wp-content\/uploads\/2023\/12\/exceladvisor.org_.png\",\"contentUrl\":\"https:\/\/exceladvisor.org\/tr\/wp-content\/uploads\/2023\/12\/exceladvisor.org_.png\",\"width\":105,\"height\":36,\"caption\":\"Excel Advisor\"},\"image\":{\"@id\":\"https:\/\/exceladvisor.org\/tr\/#\/schema\/logo\/image\/\"}}]}<\/script>\n<!-- \/ Yoast SEO plugin. -->","yoast_head_json":{"title":"\u25b7 Excel k\u0131sayolunu kullanarak \u00e7al\u0131\u015fma kitaplar\u0131 nas\u0131l kapat\u0131l\u0131r?","description":"\u00c7al\u0131\u015fma kitab\u0131n\u0131 ve Excel uygulamas\u0131n\u0131 kapatmak i\u00e7in Excel&#39;de kullanabilece\u011finiz klavye k\u0131sayolunu nas\u0131l kullanaca\u011f\u0131n\u0131z\u0131 \u00f6\u011frenin.","robots":{"index":"index","follow":"follow","max-snippet":"max-snippet:-1","max-image-preview":"max-image-preview:large","max-video-preview":"max-video-preview:-1"},"canonical":"https:\/\/exceladvisor.org\/tr\/kapali\/","og_locale":"tr_TR","og_type":"article","og_title":"\u25b7 Excel k\u0131sayolunu kullanarak \u00e7al\u0131\u015fma kitaplar\u0131 nas\u0131l kapat\u0131l\u0131r?","og_description":"\u00c7al\u0131\u015fma kitab\u0131n\u0131 ve Excel uygulamas\u0131n\u0131 kapatmak i\u00e7in Excel&#39;de kullanabilece\u011finiz klavye k\u0131sayolunu nas\u0131l kullanaca\u011f\u0131n\u0131z\u0131 \u00f6\u011frenin.","og_url":"https:\/\/exceladvisor.org\/tr\/kapali\/","og_site_name":"Excel Advisor","article_modified_time":"2023-12-10T05:59:49+00:00","og_image":[{"url":"https:\/\/exceladvisor.org\/wp-content\/uploads\/2023\/08\/1-raccourci-clavier-pour-fermer-le-classeur-en-cours1.png","type":"","width":"","height":""}],"twitter_card":"summary_large_image","twitter_misc":{"Tahmini okuma s\u00fcresi":"1 dakika"},"schema":{"@context":"https:\/\/schema.org","@graph":[{"@type":"WebPage","@id":"https:\/\/exceladvisor.org\/tr\/kapali\/","url":"https:\/\/exceladvisor.org\/tr\/kapali\/","name":"\u25b7 Excel k\u0131sayolunu kullanarak \u00e7al\u0131\u015fma kitaplar\u0131 nas\u0131l kapat\u0131l\u0131r?","isPartOf":{"@id":"https:\/\/exceladvisor.org\/tr\/#website"},"primaryImageOfPage":{"@id":"https:\/\/exceladvisor.org\/tr\/kapali\/#primaryimage"},"image":{"@id":"https:\/\/exceladvisor.org\/tr\/kapali\/#primaryimage"},"thumbnailUrl":"https:\/\/exceladvisor.org\/wp-content\/uploads\/2023\/08\/1-raccourci-clavier-pour-fermer-le-classeur-en-cours1.png","datePublished":"2023-10-20T19:10:00+00:00","dateModified":"2023-12-10T05:59:49+00:00","description":"\u00c7al\u0131\u015fma kitab\u0131n\u0131 ve Excel uygulamas\u0131n\u0131 kapatmak i\u00e7in Excel&#39;de kullanabilece\u011finiz klavye k\u0131sayolunu nas\u0131l kullanaca\u011f\u0131n\u0131z\u0131 \u00f6\u011frenin.","breadcrumb":{"@id":"https:\/\/exceladvisor.org\/tr\/kapali\/#breadcrumb"},"inLanguage":"tr","potentialAction":[{"@type":"ReadAction","target":["https:\/\/exceladvisor.org\/tr\/kapali\/"]}]},{"@type":"ImageObject","inLanguage":"tr","@id":"https:\/\/exceladvisor.org\/tr\/kapali\/#primaryimage","url":"https:\/\/exceladvisor.org\/wp-content\/uploads\/2023\/08\/1-raccourci-clavier-pour-fermer-le-classeur-en-cours1.png","contentUrl":"https:\/\/exceladvisor.org\/wp-content\/uploads\/2023\/08\/1-raccourci-clavier-pour-fermer-le-classeur-en-cours1.png"},{"@type":"BreadcrumbList","@id":"https:\/\/exceladvisor.org\/tr\/kapali\/#breadcrumb","itemListElement":[{"@type":"ListItem","position":1,"name":"Ev","item":"https:\/\/exceladvisor.org\/tr\/"},{"@type":"ListItem","position":2,"name":"Excel k\u0131sayolunu kullanarak \u00e7al\u0131\u015fma kitaplar\u0131n\u0131 nas\u0131l kapatabilirim?"}]},{"@type":"WebSite","@id":"https:\/\/exceladvisor.org\/tr\/#website","url":"https:\/\/exceladvisor.org\/tr\/","name":"Excel Advisor","description":"Veri hakimiyetine y\u00f6nelik nihai rehberiniz!","publisher":{"@id":"https:\/\/exceladvisor.org\/tr\/#organization"},"potentialAction":[{"@type":"SearchAction","target":{"@type":"EntryPoint","urlTemplate":"https:\/\/exceladvisor.org\/tr\/?s={search_term_string}"},"query-input":{"@type":"PropertyValueSpecification","valueRequired":true,"valueName":"search_term_string"}}],"inLanguage":"tr"},{"@type":"Organization","@id":"https:\/\/exceladvisor.org\/tr\/#organization","name":"Excel Advisor","url":"https:\/\/exceladvisor.org\/tr\/","logo":{"@type":"ImageObject","inLanguage":"tr","@id":"https:\/\/exceladvisor.org\/tr\/#\/schema\/logo\/image\/","url":"https:\/\/exceladvisor.org\/tr\/wp-content\/uploads\/2023\/12\/exceladvisor.org_.png","contentUrl":"https:\/\/exceladvisor.org\/tr\/wp-content\/uploads\/2023\/12\/exceladvisor.org_.png","width":105,"height":36,"caption":"Excel Advisor"},"image":{"@id":"https:\/\/exceladvisor.org\/tr\/#\/schema\/logo\/image\/"}}]}},"yoast_meta":{"yoast_wpseo_title":"","yoast_wpseo_metadesc":"","yoast_wpseo_canonical":""},"_links":{"self":[{"href":"https:\/\/exceladvisor.org\/tr\/wp-json\/wp\/v2\/pages\/2072","targetHints":{"allow":["GET"]}}],"collection":[{"href":"https:\/\/exceladvisor.org\/tr\/wp-json\/wp\/v2\/pages"}],"about":[{"href":"https:\/\/exceladvisor.org\/tr\/wp-json\/wp\/v2\/types\/page"}],"author":[{"embeddable":true,"href":"https:\/\/exceladvisor.org\/tr\/wp-json\/wp\/v2\/users\/1"}],"replies":[{"embeddable":true,"href":"https:\/\/exceladvisor.org\/tr\/wp-json\/wp\/v2\/comments?post=2072"}],"version-history":[{"count":1,"href":"https:\/\/exceladvisor.org\/tr\/wp-json\/wp\/v2\/pages\/2072\/revisions"}],"predecessor-version":[{"id":2356,"href":"https:\/\/exceladvisor.org\/tr\/wp-json\/wp\/v2\/pages\/2072\/revisions\/2356"}],"wp:attachment":[{"href":"https:\/\/exceladvisor.org\/tr\/wp-json\/wp\/v2\/media?parent=2072"}],"curies":[{"name":"wp","href":"https:\/\/api.w.org\/{rel}","templated":true}]}}