{"id":2074,"date":"2023-10-20T06:06:43","date_gmt":"2023-10-20T06:06:43","guid":{"rendered":"https:\/\/exceladvisor.org\/tr\/bir-satir-ekle\/"},"modified":"2023-12-10T05:59:54","modified_gmt":"2023-12-10T05:59:54","slug":"bir-satir-ekle","status":"publish","type":"page","link":"https:\/\/exceladvisor.org\/tr\/bir-satir-ekle\/","title":{"rendered":"Excel k\u0131sayolunu kullanarak sat\u0131r nas\u0131l eklenir?"},"content":{"rendered":"<div class=\"excel-icerikten-once\" id=\"excel-2227159159\"><script type=\"text\/javascript\">\r\n\tatOptions = {\r\n\t\t'key' : 'c1158f160081d6540a8409e6925dab94',\r\n\t\t'format' : 'iframe',\r\n\t\t'height' : 250,\r\n\t\t'width' : 300,\r\n\t\t'params' : {}\r\n\t};\r\n<\/script>\r\n<script type=\"text\/javascript\" src=\"\/\/www.highperformanceformat.com\/c1158f160081d6540a8409e6925dab94\/invoke.js\"><\/script><\/div> <p>K\u0131sayolu biliyorsan\u0131z Excel&#8217;e sat\u0131r eklemek veya eklemek kolay bir i\u015ftir. Kullan\u0131c\u0131lar genellikle Excel&#8217;de \u00e7al\u0131\u015f\u0131rken bo\u015f sat\u0131rlar eklemek isterler ve bunu &#8220;Giri\u015f&#8221; sekmesi alt\u0131ndaki &#8220;Ekle&#8221; simgesine gitmek yerine klavye k\u0131sayollar\u0131n\u0131 kullanarak \u00e7ok h\u0131zl\u0131 bir \u015fekilde ekleyebilirler.<\/p><h2 class=\"wp-block-heading\"> Excel&#8217;de yeni bir sat\u0131r eklemek i\u00e7in klavye k\u0131sayolu<\/h2><p> <kbd>Alt<\/kbd> \u2192 <kbd>I<\/kbd> \u2192 <kbd>R<\/kbd> <\/p><div class=\"wp-block-image\"><figure class=\"aligncenter size-full is-resized\"><img loading=\"lazy\" decoding=\"async\" class=\"wp-image-67505\" src=\"https:\/\/exceladvisor.org\/wp-content\/uploads\/2023\/08\/1-raccourci-pour-ajouter-une-ligne.png\" sizes=\"auto, \" srcset=\"\" alt=\"sat\u0131r ekleme k\u0131sayolu\" width=\"790\" height=\"310\"><\/figure><\/div><p> <kbd>Ctrl<\/kbd> + <kbd>\u00dcst Karakter<\/kbd> <kbd>++<\/kbd> <\/p><div class=\"wp-block-image\"><figure class=\"aligncenter size-full is-resized\"><img loading=\"lazy\" decoding=\"async\" class=\"wp-image-67506\" src=\"https:\/\/exceladvisor.org\/wp-content\/uploads\/2023\/08\/2-touche-de-raccourci-pour-ajouter-une-ligne.png\" sizes=\"auto, \" srcset=\"\" alt=\"ekleme sat\u0131r\u0131na k\u0131sayol tu\u015fu\" width=\"786\" height=\"308\"><\/figure><\/div><h2 class=\"wp-block-heading\"> Klavye K\u0131sayolu Kullanarak Sat\u0131r Ekleme Ad\u0131mlar\u0131<\/h2><h3 class=\"wp-block-heading\"> 1. Alt \u2192 I \u2192 R klavye k\u0131sayolunu kullanma<\/h3><ol><li> \u00d6ncelikle, yukar\u0131daki sat\u0131rda yeni bo\u015f sat\u0131r\u0131 eklemek istedi\u011finiz herhangi bir h\u00fccreye t\u0131klay\u0131n. <br><img loading=\"lazy\" decoding=\"async\" title=\"H\u00fccreye 3 t\u0131klama\" src=\"https:\/\/exceladvisor.org\/wp-content\/uploads\/2023\/08\/3-cliquez-sur-la-cellule.png\" sizes=\"auto, \" srcset=\"\" alt=\"click-on-the-cell\" width=\"459\" height=\"210\"><\/li><li> Bundan sonra, sadece \u201cAlt \u2192 I \u2192 R\u201d tu\u015funa bast\u0131\u011f\u0131n\u0131zda, yeni sat\u0131r\u0131n se\u00e7ilen h\u00fccrenin \u00fczerine eklenmesini sa\u011flayabilirsiniz. <br><img loading=\"lazy\" decoding=\"async\" title=\"4-yeni-sat\u0131r eklendi\" src=\"https:\/\/exceladvisor.org\/wp-content\/uploads\/2023\/08\/4-nouvelle-ligne-ajoutee.png\" sizes=\"auto, \" srcset=\"\" alt=\"added-new-row\" width=\"465\" height=\"232\"><\/li><\/ol><h3 class=\"wp-block-heading\"> 2. Klavye k\u0131sayolunu kullanma Ctrl + Shift + Art\u0131 \u0130\u015fareti (+)<\/h3><ol><li> \u00d6ncelikle \u00fczerine yeni bo\u015f sat\u0131r\u0131 eklemek istedi\u011finiz sat\u0131r\u0131 \u201cShift + Space\u201d klavye k\u0131sayolunu kullanarak se\u00e7in. <br><img loading=\"lazy\" decoding=\"async\" title=\"5-se\u00e7im sat\u0131r\u0131\" src=\"https:\/\/exceladvisor.org\/wp-content\/uploads\/2023\/08\/5-selectionnez-la-ligne.png\" sizes=\"auto, \" srcset=\"\" alt=\"select-the-row\" width=\"485\" height=\"220\"><\/li><li> Bundan sonra, \u201cCtrl + Shift + Art\u0131 \u0130\u015fareti (+) k\u0131sayol tu\u015flar\u0131na bast\u0131\u011f\u0131n\u0131zda, se\u00e7ilen sat\u0131r\u0131n \u00fczerine yeni bo\u015f sat\u0131r eklenir. <br><img loading=\"lazy\" decoding=\"async\" title=\"K\u0131sayol 6 sat\u0131r eklemek i\u00e7in bas\u0131n\" src=\"https:\/\/exceladvisor.org\/wp-content\/uploads\/2023\/08\/6-appuyez-sur-le-raccourci-pour-ajouter-une-ligne.png\" sizes=\"auto, \" srcset=\"\" alt=\"press-shortcut-to-add-row\" width=\"494\" height=\"250\"><\/li><\/ol><h2 class=\"wp-block-heading\"> Paket servis<\/h2><ol><li> Excel, sat\u0131rlar\u0131 her zaman se\u00e7ilen sat\u0131r\u0131n veya h\u00fccrenin \u00fcst\u00fcne ekler; bu varsay\u0131lan ayar\u0131 de\u011fi\u015ftiremeyiz.<\/li><li> Bir sat\u0131r ekledikten sonra, Excel&#8217;in daha fazla bo\u015f sat\u0131r eklemek i\u00e7in g\u00f6revi tekrarlamas\u0131n\u0131 sa\u011flamak i\u00e7in \u201cFn + F4\u201d tu\u015flar\u0131na basman\u0131z yeterlidir.<\/li><li> Ayn\u0131 sayfada birden fazla veri k\u00fcmeniz olmas\u0131 durumunda, veri k\u00fcmesini bir tabloya d\u00f6n\u00fc\u015ft\u00fcr\u00fcn; \u00e7\u00fcnk\u00fc tablodaki veriler sizde olmad\u0131\u011f\u0131 s\u00fcrece Excel, sat\u0131r\u0131 A s\u00fctunundan sayfadaki s\u00fctunlar\u0131n sonuna kadar ekler; bu da tablonun bozulmas\u0131na neden olabilir. di\u011fer veri k\u00fcmesi. <\/li><\/ol><div class=\"wp-block-group more-tutorials is-layout-flow\"><div class=\"wp-block-group__inner-container\"><h2 class=\"wp-block-heading\"> Daha fazla e\u011fitim <\/h2><div class=\"wp-block-columns is-layout-flex wp-container-75\"><div class=\"wp-block-column is-layout-flow\"><ul><li> <a href=\"https:\/\/exceladvisor.org\/tr\/1.-sutunu-ekle\/\">S\u00fctun ekle<\/a><\/li><li> <a href=\"https:\/\/exceladvisor.org\/tr\/hucreyi-sil\/\">H\u00fccreyi sil<\/a><\/li><li> <a href=\"https:\/\/exceladvisor.org\/tr\/satiri-sil\/\">Sat\u0131rlar\u0131 sil<\/a><\/li><li> <a href=\"https:\/\/exceladvisor.org\/tr\/hucreyi-duzenle\/\">H\u00fccreyi D\u00fczenle<\/a><\/li><\/ul><\/div><\/div><\/div><\/div>","protected":false},"excerpt":{"rendered":"","protected":false},"author":1,"featured_media":0,"parent":0,"menu_order":0,"comment_status":"open","ping_status":"closed","template":"","meta":{"ub_ctt_via":"","footnotes":""},"class_list":["post-2074","page","type-page","status-publish","hentry"],"featured_image_src":null,"yoast_head":"<!-- This site is optimized with the Yoast SEO plugin v25.4 - https:\/\/yoast.com\/wordpress\/plugins\/seo\/ -->\n<title>Yeni sat\u0131r eklemek i\u00e7in klavye k\u0131sayolu nedir?<\/title>\n<meta name=\"description\" content=\"Excel&#039;de bir \u00e7al\u0131\u015fma sayfas\u0131na sat\u0131r eklemek i\u00e7in klavye k\u0131sayolunun nas\u0131l kullan\u0131laca\u011f\u0131n\u0131 \u00f6\u011frenelim. Bunu kontrol edelim\u2026\" \/>\n<meta name=\"robots\" content=\"index, follow, max-snippet:-1, max-image-preview:large, max-video-preview:-1\" \/>\n<link rel=\"canonical\" href=\"https:\/\/exceladvisor.org\/tr\/bir-satir-ekle\/\" \/>\n<meta property=\"og:locale\" content=\"tr_TR\" \/>\n<meta property=\"og:type\" content=\"article\" \/>\n<meta property=\"og:title\" content=\"Yeni sat\u0131r eklemek i\u00e7in klavye k\u0131sayolu nedir?\" \/>\n<meta property=\"og:description\" content=\"Excel&#039;de bir \u00e7al\u0131\u015fma sayfas\u0131na sat\u0131r eklemek i\u00e7in klavye k\u0131sayolunun nas\u0131l kullan\u0131laca\u011f\u0131n\u0131 \u00f6\u011frenelim. Bunu kontrol edelim\u2026\" \/>\n<meta property=\"og:url\" content=\"https:\/\/exceladvisor.org\/tr\/bir-satir-ekle\/\" \/>\n<meta property=\"og:site_name\" content=\"Excel Advisor\" \/>\n<meta property=\"article:modified_time\" content=\"2023-12-10T05:59:54+00:00\" \/>\n<meta property=\"og:image\" content=\"https:\/\/exceladvisor.org\/wp-content\/uploads\/2023\/08\/1-raccourci-pour-ajouter-une-ligne.png\" \/>\n<meta name=\"twitter:card\" content=\"summary_large_image\" \/>\n<meta name=\"twitter:label1\" content=\"Tahmini okuma s\u00fcresi\" \/>\n\t<meta name=\"twitter:data1\" content=\"1 dakika\" \/>\n<script type=\"application\/ld+json\" class=\"yoast-schema-graph\">{\"@context\":\"https:\/\/schema.org\",\"@graph\":[{\"@type\":\"WebPage\",\"@id\":\"https:\/\/exceladvisor.org\/tr\/bir-satir-ekle\/\",\"url\":\"https:\/\/exceladvisor.org\/tr\/bir-satir-ekle\/\",\"name\":\"Yeni sat\u0131r eklemek i\u00e7in klavye k\u0131sayolu nedir?\",\"isPartOf\":{\"@id\":\"https:\/\/exceladvisor.org\/tr\/#website\"},\"primaryImageOfPage\":{\"@id\":\"https:\/\/exceladvisor.org\/tr\/bir-satir-ekle\/#primaryimage\"},\"image\":{\"@id\":\"https:\/\/exceladvisor.org\/tr\/bir-satir-ekle\/#primaryimage\"},\"thumbnailUrl\":\"https:\/\/exceladvisor.org\/wp-content\/uploads\/2023\/08\/1-raccourci-pour-ajouter-une-ligne.png\",\"datePublished\":\"2023-10-20T06:06:43+00:00\",\"dateModified\":\"2023-12-10T05:59:54+00:00\",\"description\":\"Excel&#39;de bir \u00e7al\u0131\u015fma sayfas\u0131na sat\u0131r eklemek i\u00e7in klavye k\u0131sayolunun nas\u0131l kullan\u0131laca\u011f\u0131n\u0131 \u00f6\u011frenelim. Bunu kontrol edelim\u2026\",\"breadcrumb\":{\"@id\":\"https:\/\/exceladvisor.org\/tr\/bir-satir-ekle\/#breadcrumb\"},\"inLanguage\":\"tr\",\"potentialAction\":[{\"@type\":\"ReadAction\",\"target\":[\"https:\/\/exceladvisor.org\/tr\/bir-satir-ekle\/\"]}]},{\"@type\":\"ImageObject\",\"inLanguage\":\"tr\",\"@id\":\"https:\/\/exceladvisor.org\/tr\/bir-satir-ekle\/#primaryimage\",\"url\":\"https:\/\/exceladvisor.org\/wp-content\/uploads\/2023\/08\/1-raccourci-pour-ajouter-une-ligne.png\",\"contentUrl\":\"https:\/\/exceladvisor.org\/wp-content\/uploads\/2023\/08\/1-raccourci-pour-ajouter-une-ligne.png\"},{\"@type\":\"BreadcrumbList\",\"@id\":\"https:\/\/exceladvisor.org\/tr\/bir-satir-ekle\/#breadcrumb\",\"itemListElement\":[{\"@type\":\"ListItem\",\"position\":1,\"name\":\"Ev\",\"item\":\"https:\/\/exceladvisor.org\/tr\/\"},{\"@type\":\"ListItem\",\"position\":2,\"name\":\"Excel k\u0131sayolunu kullanarak sat\u0131r nas\u0131l eklenir?\"}]},{\"@type\":\"WebSite\",\"@id\":\"https:\/\/exceladvisor.org\/tr\/#website\",\"url\":\"https:\/\/exceladvisor.org\/tr\/\",\"name\":\"Excel Advisor\",\"description\":\"Veri hakimiyetine y\u00f6nelik nihai rehberiniz!\",\"publisher\":{\"@id\":\"https:\/\/exceladvisor.org\/tr\/#organization\"},\"potentialAction\":[{\"@type\":\"SearchAction\",\"target\":{\"@type\":\"EntryPoint\",\"urlTemplate\":\"https:\/\/exceladvisor.org\/tr\/?s={search_term_string}\"},\"query-input\":{\"@type\":\"PropertyValueSpecification\",\"valueRequired\":true,\"valueName\":\"search_term_string\"}}],\"inLanguage\":\"tr\"},{\"@type\":\"Organization\",\"@id\":\"https:\/\/exceladvisor.org\/tr\/#organization\",\"name\":\"Excel Advisor\",\"url\":\"https:\/\/exceladvisor.org\/tr\/\",\"logo\":{\"@type\":\"ImageObject\",\"inLanguage\":\"tr\",\"@id\":\"https:\/\/exceladvisor.org\/tr\/#\/schema\/logo\/image\/\",\"url\":\"https:\/\/exceladvisor.org\/tr\/wp-content\/uploads\/2023\/12\/exceladvisor.org_.png\",\"contentUrl\":\"https:\/\/exceladvisor.org\/tr\/wp-content\/uploads\/2023\/12\/exceladvisor.org_.png\",\"width\":105,\"height\":36,\"caption\":\"Excel Advisor\"},\"image\":{\"@id\":\"https:\/\/exceladvisor.org\/tr\/#\/schema\/logo\/image\/\"}}]}<\/script>\n<!-- \/ Yoast SEO plugin. -->","yoast_head_json":{"title":"Yeni sat\u0131r eklemek i\u00e7in klavye k\u0131sayolu nedir?","description":"Excel&#39;de bir \u00e7al\u0131\u015fma sayfas\u0131na sat\u0131r eklemek i\u00e7in klavye k\u0131sayolunun nas\u0131l kullan\u0131laca\u011f\u0131n\u0131 \u00f6\u011frenelim. Bunu kontrol edelim\u2026","robots":{"index":"index","follow":"follow","max-snippet":"max-snippet:-1","max-image-preview":"max-image-preview:large","max-video-preview":"max-video-preview:-1"},"canonical":"https:\/\/exceladvisor.org\/tr\/bir-satir-ekle\/","og_locale":"tr_TR","og_type":"article","og_title":"Yeni sat\u0131r eklemek i\u00e7in klavye k\u0131sayolu nedir?","og_description":"Excel&#39;de bir \u00e7al\u0131\u015fma sayfas\u0131na sat\u0131r eklemek i\u00e7in klavye k\u0131sayolunun nas\u0131l kullan\u0131laca\u011f\u0131n\u0131 \u00f6\u011frenelim. Bunu kontrol edelim\u2026","og_url":"https:\/\/exceladvisor.org\/tr\/bir-satir-ekle\/","og_site_name":"Excel Advisor","article_modified_time":"2023-12-10T05:59:54+00:00","og_image":[{"url":"https:\/\/exceladvisor.org\/wp-content\/uploads\/2023\/08\/1-raccourci-pour-ajouter-une-ligne.png","type":"","width":"","height":""}],"twitter_card":"summary_large_image","twitter_misc":{"Tahmini okuma s\u00fcresi":"1 dakika"},"schema":{"@context":"https:\/\/schema.org","@graph":[{"@type":"WebPage","@id":"https:\/\/exceladvisor.org\/tr\/bir-satir-ekle\/","url":"https:\/\/exceladvisor.org\/tr\/bir-satir-ekle\/","name":"Yeni sat\u0131r eklemek i\u00e7in klavye k\u0131sayolu nedir?","isPartOf":{"@id":"https:\/\/exceladvisor.org\/tr\/#website"},"primaryImageOfPage":{"@id":"https:\/\/exceladvisor.org\/tr\/bir-satir-ekle\/#primaryimage"},"image":{"@id":"https:\/\/exceladvisor.org\/tr\/bir-satir-ekle\/#primaryimage"},"thumbnailUrl":"https:\/\/exceladvisor.org\/wp-content\/uploads\/2023\/08\/1-raccourci-pour-ajouter-une-ligne.png","datePublished":"2023-10-20T06:06:43+00:00","dateModified":"2023-12-10T05:59:54+00:00","description":"Excel&#39;de bir \u00e7al\u0131\u015fma sayfas\u0131na sat\u0131r eklemek i\u00e7in klavye k\u0131sayolunun nas\u0131l kullan\u0131laca\u011f\u0131n\u0131 \u00f6\u011frenelim. Bunu kontrol edelim\u2026","breadcrumb":{"@id":"https:\/\/exceladvisor.org\/tr\/bir-satir-ekle\/#breadcrumb"},"inLanguage":"tr","potentialAction":[{"@type":"ReadAction","target":["https:\/\/exceladvisor.org\/tr\/bir-satir-ekle\/"]}]},{"@type":"ImageObject","inLanguage":"tr","@id":"https:\/\/exceladvisor.org\/tr\/bir-satir-ekle\/#primaryimage","url":"https:\/\/exceladvisor.org\/wp-content\/uploads\/2023\/08\/1-raccourci-pour-ajouter-une-ligne.png","contentUrl":"https:\/\/exceladvisor.org\/wp-content\/uploads\/2023\/08\/1-raccourci-pour-ajouter-une-ligne.png"},{"@type":"BreadcrumbList","@id":"https:\/\/exceladvisor.org\/tr\/bir-satir-ekle\/#breadcrumb","itemListElement":[{"@type":"ListItem","position":1,"name":"Ev","item":"https:\/\/exceladvisor.org\/tr\/"},{"@type":"ListItem","position":2,"name":"Excel k\u0131sayolunu kullanarak sat\u0131r nas\u0131l eklenir?"}]},{"@type":"WebSite","@id":"https:\/\/exceladvisor.org\/tr\/#website","url":"https:\/\/exceladvisor.org\/tr\/","name":"Excel Advisor","description":"Veri hakimiyetine y\u00f6nelik nihai rehberiniz!","publisher":{"@id":"https:\/\/exceladvisor.org\/tr\/#organization"},"potentialAction":[{"@type":"SearchAction","target":{"@type":"EntryPoint","urlTemplate":"https:\/\/exceladvisor.org\/tr\/?s={search_term_string}"},"query-input":{"@type":"PropertyValueSpecification","valueRequired":true,"valueName":"search_term_string"}}],"inLanguage":"tr"},{"@type":"Organization","@id":"https:\/\/exceladvisor.org\/tr\/#organization","name":"Excel Advisor","url":"https:\/\/exceladvisor.org\/tr\/","logo":{"@type":"ImageObject","inLanguage":"tr","@id":"https:\/\/exceladvisor.org\/tr\/#\/schema\/logo\/image\/","url":"https:\/\/exceladvisor.org\/tr\/wp-content\/uploads\/2023\/12\/exceladvisor.org_.png","contentUrl":"https:\/\/exceladvisor.org\/tr\/wp-content\/uploads\/2023\/12\/exceladvisor.org_.png","width":105,"height":36,"caption":"Excel Advisor"},"image":{"@id":"https:\/\/exceladvisor.org\/tr\/#\/schema\/logo\/image\/"}}]}},"yoast_meta":{"yoast_wpseo_title":"","yoast_wpseo_metadesc":"","yoast_wpseo_canonical":""},"_links":{"self":[{"href":"https:\/\/exceladvisor.org\/tr\/wp-json\/wp\/v2\/pages\/2074","targetHints":{"allow":["GET"]}}],"collection":[{"href":"https:\/\/exceladvisor.org\/tr\/wp-json\/wp\/v2\/pages"}],"about":[{"href":"https:\/\/exceladvisor.org\/tr\/wp-json\/wp\/v2\/types\/page"}],"author":[{"embeddable":true,"href":"https:\/\/exceladvisor.org\/tr\/wp-json\/wp\/v2\/users\/1"}],"replies":[{"embeddable":true,"href":"https:\/\/exceladvisor.org\/tr\/wp-json\/wp\/v2\/comments?post=2074"}],"version-history":[{"count":1,"href":"https:\/\/exceladvisor.org\/tr\/wp-json\/wp\/v2\/pages\/2074\/revisions"}],"predecessor-version":[{"id":2363,"href":"https:\/\/exceladvisor.org\/tr\/wp-json\/wp\/v2\/pages\/2074\/revisions\/2363"}],"wp:attachment":[{"href":"https:\/\/exceladvisor.org\/tr\/wp-json\/wp\/v2\/media?parent=2074"}],"curies":[{"name":"wp","href":"https:\/\/api.w.org\/{rel}","templated":true}]}}