{"id":2075,"date":"2023-10-20T05:39:06","date_gmt":"2023-10-20T05:39:06","guid":{"rendered":"https:\/\/exceladvisor.org\/tr\/hucreyi-duzenle\/"},"modified":"2023-12-10T05:59:50","modified_gmt":"2023-12-10T05:59:50","slug":"hucreyi-duzenle","status":"publish","type":"page","link":"https:\/\/exceladvisor.org\/tr\/hucreyi-duzenle\/","title":{"rendered":"Excel k\u0131sayolunu kullanarak h\u00fccreleri nas\u0131l d\u00fczenleyebilirim?"},"content":{"rendered":"<div class=\"excel-icerikten-once\" id=\"excel-995274863\"><script type=\"text\/javascript\">\r\n\tatOptions = {\r\n\t\t'key' : 'c1158f160081d6540a8409e6925dab94',\r\n\t\t'format' : 'iframe',\r\n\t\t'height' : 250,\r\n\t\t'width' : 300,\r\n\t\t'params' : {}\r\n\t};\r\n<\/script>\r\n<script type=\"text\/javascript\" src=\"\/\/www.highperformanceformat.com\/c1158f160081d6540a8409e6925dab94\/invoke.js\"><\/script><\/div> <p>Excel&#8217;de bir h\u00fccreyi d\u00fczenlemek \u00e7ok yayg\u0131n olarak kullan\u0131lan bir g\u00f6revdir. Kullan\u0131c\u0131n\u0131n h\u00fccreye girilen bir de\u011feri veya form\u00fcl\u00fc de\u011fi\u015ftirmesi gerekiyorsa.<\/p><p> H\u00fccreye \u00e7ift t\u0131klayarak veya klavye k\u0131sayolunu kullanarak manuel se\u00e7ene\u011fi kullanarak h\u00fccreyi istedi\u011fi zaman d\u00fczenleyebilir ve aktif h\u00fccreyi d\u00fczenleme moduna getirdi\u011finizde h\u00fccrede yan\u0131p s\u00f6nen d\u00fcz \u00e7izgiyi fark edeceksiniz. <\/p><div class=\"wp-block-image\"><figure class=\"aligncenter size-full is-resized\"><img loading=\"lazy\" decoding=\"async\" class=\"wp-image-69438\" src=\"https:\/\/exceladvisor.org\/wp-content\/uploads\/2023\/08\/1-cellule-en-mode-edition.png\" sizes=\"auto, \" srcset=\"\" alt=\"d\u00fczenleme modundaki h\u00fccre\" width=\"578\" height=\"243\"><\/figure><\/div><h2 class=\"wp-block-heading\"> Excel&#8217;de h\u00fccreyi d\u00fczenlemek i\u00e7in klavye k\u0131sayolu<\/h2><p> <kbd>Fn<\/kbd> (i\u015flev tu\u015fu) + <kbd>F2<\/kbd> <\/p><div class=\"wp-block-image\"><figure class=\"aligncenter size-full is-resized\"><img loading=\"lazy\" decoding=\"async\" class=\"wp-image-69439\" src=\"https:\/\/exceladvisor.org\/wp-content\/uploads\/2023\/08\/2-raccourci-clavier-pour-modifier-la-cellule.png\" sizes=\"auto, \" srcset=\"\" alt=\"h\u00fccreyi d\u00fczenlemek i\u00e7in klavye k\u0131sayolu\" width=\"812\" height=\"318\"><\/figure><\/div><h2 class=\"wp-block-heading\"> Klavye K\u0131sayolu Kullanarak H\u00fccreyi D\u00fczenleme Ad\u0131mlar\u0131<\/h2><ol><li> \u00d6ncelikle d\u00fczenlemek istedi\u011finiz h\u00fccreye gidin.<\/li><li> Bundan sonra \u201cFn+F2\u201d tu\u015flar\u0131na bast\u0131\u011f\u0131n\u0131zda aktif h\u00fccreniz d\u00fczenleme moduna girecek ve h\u00fccrede de\u011ferinizin veya form\u00fcl\u00fcn\u00fcz\u00fcn sonunda yan\u0131p s\u00f6nen d\u00fcz \u00e7izgiyi g\u00f6receksiniz.<\/li><li> Art\u0131k klavyedeki sol ve sa\u011f gezinme tu\u015flar\u0131n\u0131 kullanarak, h\u00fccrede gerekli karakteri de\u011fi\u015ftirmek i\u00e7in yan\u0131p s\u00f6nen \u00e7izgiyi sol ve sa\u011f y\u00f6nlerde hareket ettirebilirsiniz.<\/li><li> D\u00fczenlemeyi bitirdikten sonra h\u00fccreyi yeniden etkinle\u015ftirmek i\u00e7in Enter tu\u015funa basman\u0131z yeterlidir.<\/li><\/ol><h2 class=\"wp-block-heading\"> Paket servis<\/h2><ul><li> Kullan\u0131c\u0131lar ayn\u0131 anda bir h\u00fccreyi d\u00fczenleyebilir.<\/li><li> Varsay\u0131lan olarak, d\u00fczenleme h\u00fccrede ger\u00e7ekle\u015fir, ancak kullan\u0131c\u0131, d\u00fczenlemenin h\u00fccrede ger\u00e7ekle\u015fmesini sa\u011flamak i\u00e7in Geli\u015fmi\u015f se\u00e7ene\u011finin alt\u0131ndaki &#8220;Do\u011frudan h\u00fccrelerde d\u00fczenlemeye izin ver&#8221; kutusunun i\u015faretini kald\u0131rarak varsay\u0131lan ayarlar\u0131 de\u011fi\u015ftirebilir. &#8220;Form\u00fcl \u00e7ubu\u011fu. <\/li><\/ul><div class=\"wp-block-image\"><figure class=\"aligncenter size-full is-resized\"><img loading=\"lazy\" decoding=\"async\" class=\"wp-image-69440\" src=\"https:\/\/exceladvisor.org\/wp-content\/uploads\/2023\/08\/Boite-de-dialogue-des-3-options-Excel.png\" sizes=\"auto, \" srcset=\"\" alt=\"Excel se\u00e7enekleri ileti\u015fim kutusu\" width=\"614\" height=\"504\"><\/figure><\/div><div class=\"wp-block-group more-tutorials is-layout-flow\"><div class=\"wp-block-group__inner-container\"><h2 class=\"wp-block-heading\"> Daha fazla e\u011fitim <\/h2><div class=\"wp-block-columns is-layout-flex wp-container-63\"><div class=\"wp-block-column is-layout-flow\"><ul><li> <a href=\"https:\/\/exceladvisor.org\/tr\/1.-sutunu-ekle\/\">S\u00fctun ekle<\/a><\/li><li> <a href=\"https:\/\/exceladvisor.org\/tr\/hucreyi-sil\/\">H\u00fccreyi sil<\/a><\/li><li> <a href=\"https:\/\/exceladvisor.org\/tr\/satiri-sil\/\">Sat\u0131rlar\u0131 sil<\/a><\/li><li> <a href=\"https:\/\/exceladvisor.org\/tr\/sutunlari-goster\/\">S\u00fctunlar\u0131 g\u00f6ster<\/a><\/li><\/ul><\/div><\/div><\/div><\/div>","protected":false},"excerpt":{"rendered":"","protected":false},"author":1,"featured_media":0,"parent":0,"menu_order":0,"comment_status":"open","ping_status":"closed","template":"","meta":{"ub_ctt_via":"","footnotes":""},"class_list":["post-2075","page","type-page","status-publish","hentry"],"featured_image_src":null,"yoast_head":"<!-- This site is optimized with the Yoast SEO plugin v25.4 - https:\/\/yoast.com\/wordpress\/plugins\/seo\/ -->\n<title>\u25b7 Excel k\u0131sayolunu kullanarak h\u00fccreleri nas\u0131l d\u00fczenleyebilirim?<\/title>\n<meta name=\"description\" content=\"Excel&#039;de bir d\u00fczenleme h\u00fccresini uygulamak i\u00e7in klavye k\u0131sayolunu nas\u0131l kullanaca\u011f\u0131n\u0131z\u0131 \u00f6\u011frenin. Art\u0131k bu klavye k\u0131sayolu \u015funlar\u0131 i\u00e7eriyor\u2026\" \/>\n<meta name=\"robots\" content=\"index, follow, max-snippet:-1, max-image-preview:large, max-video-preview:-1\" \/>\n<link rel=\"canonical\" href=\"https:\/\/exceladvisor.org\/tr\/hucreyi-duzenle\/\" \/>\n<meta property=\"og:locale\" content=\"tr_TR\" \/>\n<meta property=\"og:type\" content=\"article\" \/>\n<meta property=\"og:title\" content=\"\u25b7 Excel k\u0131sayolunu kullanarak h\u00fccreleri nas\u0131l d\u00fczenleyebilirim?\" \/>\n<meta property=\"og:description\" content=\"Excel&#039;de bir d\u00fczenleme h\u00fccresini uygulamak i\u00e7in klavye k\u0131sayolunu nas\u0131l kullanaca\u011f\u0131n\u0131z\u0131 \u00f6\u011frenin. Art\u0131k bu klavye k\u0131sayolu \u015funlar\u0131 i\u00e7eriyor\u2026\" \/>\n<meta property=\"og:url\" content=\"https:\/\/exceladvisor.org\/tr\/hucreyi-duzenle\/\" \/>\n<meta property=\"og:site_name\" content=\"Excel Advisor\" \/>\n<meta property=\"article:modified_time\" content=\"2023-12-10T05:59:50+00:00\" \/>\n<meta property=\"og:image\" content=\"https:\/\/exceladvisor.org\/wp-content\/uploads\/2023\/08\/1-cellule-en-mode-edition.png\" \/>\n<meta name=\"twitter:card\" content=\"summary_large_image\" \/>\n<meta name=\"twitter:label1\" content=\"Tahmini okuma s\u00fcresi\" \/>\n\t<meta name=\"twitter:data1\" content=\"1 dakika\" \/>\n<script type=\"application\/ld+json\" class=\"yoast-schema-graph\">{\"@context\":\"https:\/\/schema.org\",\"@graph\":[{\"@type\":\"WebPage\",\"@id\":\"https:\/\/exceladvisor.org\/tr\/hucreyi-duzenle\/\",\"url\":\"https:\/\/exceladvisor.org\/tr\/hucreyi-duzenle\/\",\"name\":\"\u25b7 Excel k\u0131sayolunu kullanarak h\u00fccreleri nas\u0131l d\u00fczenleyebilirim?\",\"isPartOf\":{\"@id\":\"https:\/\/exceladvisor.org\/tr\/#website\"},\"primaryImageOfPage\":{\"@id\":\"https:\/\/exceladvisor.org\/tr\/hucreyi-duzenle\/#primaryimage\"},\"image\":{\"@id\":\"https:\/\/exceladvisor.org\/tr\/hucreyi-duzenle\/#primaryimage\"},\"thumbnailUrl\":\"https:\/\/exceladvisor.org\/wp-content\/uploads\/2023\/08\/1-cellule-en-mode-edition.png\",\"datePublished\":\"2023-10-20T05:39:06+00:00\",\"dateModified\":\"2023-12-10T05:59:50+00:00\",\"description\":\"Excel&#39;de bir d\u00fczenleme h\u00fccresini uygulamak i\u00e7in klavye k\u0131sayolunu nas\u0131l kullanaca\u011f\u0131n\u0131z\u0131 \u00f6\u011frenin. Art\u0131k bu klavye k\u0131sayolu \u015funlar\u0131 i\u00e7eriyor\u2026\",\"breadcrumb\":{\"@id\":\"https:\/\/exceladvisor.org\/tr\/hucreyi-duzenle\/#breadcrumb\"},\"inLanguage\":\"tr\",\"potentialAction\":[{\"@type\":\"ReadAction\",\"target\":[\"https:\/\/exceladvisor.org\/tr\/hucreyi-duzenle\/\"]}]},{\"@type\":\"ImageObject\",\"inLanguage\":\"tr\",\"@id\":\"https:\/\/exceladvisor.org\/tr\/hucreyi-duzenle\/#primaryimage\",\"url\":\"https:\/\/exceladvisor.org\/wp-content\/uploads\/2023\/08\/1-cellule-en-mode-edition.png\",\"contentUrl\":\"https:\/\/exceladvisor.org\/wp-content\/uploads\/2023\/08\/1-cellule-en-mode-edition.png\"},{\"@type\":\"BreadcrumbList\",\"@id\":\"https:\/\/exceladvisor.org\/tr\/hucreyi-duzenle\/#breadcrumb\",\"itemListElement\":[{\"@type\":\"ListItem\",\"position\":1,\"name\":\"Ev\",\"item\":\"https:\/\/exceladvisor.org\/tr\/\"},{\"@type\":\"ListItem\",\"position\":2,\"name\":\"Excel k\u0131sayolunu kullanarak h\u00fccreleri nas\u0131l d\u00fczenleyebilirim?\"}]},{\"@type\":\"WebSite\",\"@id\":\"https:\/\/exceladvisor.org\/tr\/#website\",\"url\":\"https:\/\/exceladvisor.org\/tr\/\",\"name\":\"Excel Advisor\",\"description\":\"Veri hakimiyetine y\u00f6nelik nihai rehberiniz!\",\"publisher\":{\"@id\":\"https:\/\/exceladvisor.org\/tr\/#organization\"},\"potentialAction\":[{\"@type\":\"SearchAction\",\"target\":{\"@type\":\"EntryPoint\",\"urlTemplate\":\"https:\/\/exceladvisor.org\/tr\/?s={search_term_string}\"},\"query-input\":{\"@type\":\"PropertyValueSpecification\",\"valueRequired\":true,\"valueName\":\"search_term_string\"}}],\"inLanguage\":\"tr\"},{\"@type\":\"Organization\",\"@id\":\"https:\/\/exceladvisor.org\/tr\/#organization\",\"name\":\"Excel Advisor\",\"url\":\"https:\/\/exceladvisor.org\/tr\/\",\"logo\":{\"@type\":\"ImageObject\",\"inLanguage\":\"tr\",\"@id\":\"https:\/\/exceladvisor.org\/tr\/#\/schema\/logo\/image\/\",\"url\":\"https:\/\/exceladvisor.org\/tr\/wp-content\/uploads\/2023\/12\/exceladvisor.org_.png\",\"contentUrl\":\"https:\/\/exceladvisor.org\/tr\/wp-content\/uploads\/2023\/12\/exceladvisor.org_.png\",\"width\":105,\"height\":36,\"caption\":\"Excel Advisor\"},\"image\":{\"@id\":\"https:\/\/exceladvisor.org\/tr\/#\/schema\/logo\/image\/\"}}]}<\/script>\n<!-- \/ Yoast SEO plugin. -->","yoast_head_json":{"title":"\u25b7 Excel k\u0131sayolunu kullanarak h\u00fccreleri nas\u0131l d\u00fczenleyebilirim?","description":"Excel&#39;de bir d\u00fczenleme h\u00fccresini uygulamak i\u00e7in klavye k\u0131sayolunu nas\u0131l kullanaca\u011f\u0131n\u0131z\u0131 \u00f6\u011frenin. Art\u0131k bu klavye k\u0131sayolu \u015funlar\u0131 i\u00e7eriyor\u2026","robots":{"index":"index","follow":"follow","max-snippet":"max-snippet:-1","max-image-preview":"max-image-preview:large","max-video-preview":"max-video-preview:-1"},"canonical":"https:\/\/exceladvisor.org\/tr\/hucreyi-duzenle\/","og_locale":"tr_TR","og_type":"article","og_title":"\u25b7 Excel k\u0131sayolunu kullanarak h\u00fccreleri nas\u0131l d\u00fczenleyebilirim?","og_description":"Excel&#39;de bir d\u00fczenleme h\u00fccresini uygulamak i\u00e7in klavye k\u0131sayolunu nas\u0131l kullanaca\u011f\u0131n\u0131z\u0131 \u00f6\u011frenin. Art\u0131k bu klavye k\u0131sayolu \u015funlar\u0131 i\u00e7eriyor\u2026","og_url":"https:\/\/exceladvisor.org\/tr\/hucreyi-duzenle\/","og_site_name":"Excel Advisor","article_modified_time":"2023-12-10T05:59:50+00:00","og_image":[{"url":"https:\/\/exceladvisor.org\/wp-content\/uploads\/2023\/08\/1-cellule-en-mode-edition.png","type":"","width":"","height":""}],"twitter_card":"summary_large_image","twitter_misc":{"Tahmini okuma s\u00fcresi":"1 dakika"},"schema":{"@context":"https:\/\/schema.org","@graph":[{"@type":"WebPage","@id":"https:\/\/exceladvisor.org\/tr\/hucreyi-duzenle\/","url":"https:\/\/exceladvisor.org\/tr\/hucreyi-duzenle\/","name":"\u25b7 Excel k\u0131sayolunu kullanarak h\u00fccreleri nas\u0131l d\u00fczenleyebilirim?","isPartOf":{"@id":"https:\/\/exceladvisor.org\/tr\/#website"},"primaryImageOfPage":{"@id":"https:\/\/exceladvisor.org\/tr\/hucreyi-duzenle\/#primaryimage"},"image":{"@id":"https:\/\/exceladvisor.org\/tr\/hucreyi-duzenle\/#primaryimage"},"thumbnailUrl":"https:\/\/exceladvisor.org\/wp-content\/uploads\/2023\/08\/1-cellule-en-mode-edition.png","datePublished":"2023-10-20T05:39:06+00:00","dateModified":"2023-12-10T05:59:50+00:00","description":"Excel&#39;de bir d\u00fczenleme h\u00fccresini uygulamak i\u00e7in klavye k\u0131sayolunu nas\u0131l kullanaca\u011f\u0131n\u0131z\u0131 \u00f6\u011frenin. Art\u0131k bu klavye k\u0131sayolu \u015funlar\u0131 i\u00e7eriyor\u2026","breadcrumb":{"@id":"https:\/\/exceladvisor.org\/tr\/hucreyi-duzenle\/#breadcrumb"},"inLanguage":"tr","potentialAction":[{"@type":"ReadAction","target":["https:\/\/exceladvisor.org\/tr\/hucreyi-duzenle\/"]}]},{"@type":"ImageObject","inLanguage":"tr","@id":"https:\/\/exceladvisor.org\/tr\/hucreyi-duzenle\/#primaryimage","url":"https:\/\/exceladvisor.org\/wp-content\/uploads\/2023\/08\/1-cellule-en-mode-edition.png","contentUrl":"https:\/\/exceladvisor.org\/wp-content\/uploads\/2023\/08\/1-cellule-en-mode-edition.png"},{"@type":"BreadcrumbList","@id":"https:\/\/exceladvisor.org\/tr\/hucreyi-duzenle\/#breadcrumb","itemListElement":[{"@type":"ListItem","position":1,"name":"Ev","item":"https:\/\/exceladvisor.org\/tr\/"},{"@type":"ListItem","position":2,"name":"Excel k\u0131sayolunu kullanarak h\u00fccreleri nas\u0131l d\u00fczenleyebilirim?"}]},{"@type":"WebSite","@id":"https:\/\/exceladvisor.org\/tr\/#website","url":"https:\/\/exceladvisor.org\/tr\/","name":"Excel Advisor","description":"Veri hakimiyetine y\u00f6nelik nihai rehberiniz!","publisher":{"@id":"https:\/\/exceladvisor.org\/tr\/#organization"},"potentialAction":[{"@type":"SearchAction","target":{"@type":"EntryPoint","urlTemplate":"https:\/\/exceladvisor.org\/tr\/?s={search_term_string}"},"query-input":{"@type":"PropertyValueSpecification","valueRequired":true,"valueName":"search_term_string"}}],"inLanguage":"tr"},{"@type":"Organization","@id":"https:\/\/exceladvisor.org\/tr\/#organization","name":"Excel Advisor","url":"https:\/\/exceladvisor.org\/tr\/","logo":{"@type":"ImageObject","inLanguage":"tr","@id":"https:\/\/exceladvisor.org\/tr\/#\/schema\/logo\/image\/","url":"https:\/\/exceladvisor.org\/tr\/wp-content\/uploads\/2023\/12\/exceladvisor.org_.png","contentUrl":"https:\/\/exceladvisor.org\/tr\/wp-content\/uploads\/2023\/12\/exceladvisor.org_.png","width":105,"height":36,"caption":"Excel Advisor"},"image":{"@id":"https:\/\/exceladvisor.org\/tr\/#\/schema\/logo\/image\/"}}]}},"yoast_meta":{"yoast_wpseo_title":"","yoast_wpseo_metadesc":"","yoast_wpseo_canonical":""},"_links":{"self":[{"href":"https:\/\/exceladvisor.org\/tr\/wp-json\/wp\/v2\/pages\/2075","targetHints":{"allow":["GET"]}}],"collection":[{"href":"https:\/\/exceladvisor.org\/tr\/wp-json\/wp\/v2\/pages"}],"about":[{"href":"https:\/\/exceladvisor.org\/tr\/wp-json\/wp\/v2\/types\/page"}],"author":[{"embeddable":true,"href":"https:\/\/exceladvisor.org\/tr\/wp-json\/wp\/v2\/users\/1"}],"replies":[{"embeddable":true,"href":"https:\/\/exceladvisor.org\/tr\/wp-json\/wp\/v2\/comments?post=2075"}],"version-history":[{"count":1,"href":"https:\/\/exceladvisor.org\/tr\/wp-json\/wp\/v2\/pages\/2075\/revisions"}],"predecessor-version":[{"id":2358,"href":"https:\/\/exceladvisor.org\/tr\/wp-json\/wp\/v2\/pages\/2075\/revisions\/2358"}],"wp:attachment":[{"href":"https:\/\/exceladvisor.org\/tr\/wp-json\/wp\/v2\/media?parent=2075"}],"curies":[{"name":"wp","href":"https:\/\/api.w.org\/{rel}","templated":true}]}}