{"id":2076,"date":"2023-10-20T04:51:31","date_gmt":"2023-10-20T04:51:31","guid":{"rendered":"https:\/\/exceladvisor.org\/tr\/ressam-formati-1\/"},"modified":"2023-12-10T06:03:54","modified_gmt":"2023-12-10T06:03:54","slug":"ressam-formati-1","status":"publish","type":"page","link":"https:\/\/exceladvisor.org\/tr\/ressam-formati-1\/","title":{"rendered":"Format boyac\u0131s\u0131 i\u00e7in excel klavye k\u0131sayolu"},"content":{"rendered":"<div class=\"excel-icerikten-once\" id=\"excel-3460364944\"><script type=\"text\/javascript\">\r\n\tatOptions = {\r\n\t\t'key' : 'c1158f160081d6540a8409e6925dab94',\r\n\t\t'format' : 'iframe',\r\n\t\t'height' : 250,\r\n\t\t'width' : 300,\r\n\t\t'params' : {}\r\n\t};\r\n<\/script>\r\n<script type=\"text\/javascript\" src=\"\/\/www.highperformanceformat.com\/c1158f160081d6540a8409e6925dab94\/invoke.js\"><\/script><\/div> <p>Excel&#8217;deki Bi\u00e7im Boyac\u0131s\u0131 yaln\u0131zca h\u00fccre bi\u00e7imlendirmesini kopyalay\u0131p yap\u0131\u015ft\u0131rmak i\u00e7in kullan\u0131lan bir \u00f6zelliktir.<\/p><p> Arka plan rengi, yaz\u0131 tipi rengi, yaz\u0131 tipi boyutu, kenarl\u0131klar, say\u0131 bi\u00e7imi vb. gibi h\u00fccrelere uygulanan t\u00fcm bi\u00e7imlendirmeleri kopyalay\u0131p yap\u0131\u015ft\u0131r\u0131r. Yani bu kullan\u0131c\u0131yla yaln\u0131zca h\u00fccre format\u0131n\u0131 yap\u0131\u015ft\u0131rabilir ve de\u011feri hari\u00e7 tutabilirsiniz.<\/p><p> Kullan\u0131c\u0131lar Format Painter&#8217;\u0131 manuel olarak veya klavye k\u0131sayollar\u0131n\u0131 kullanarak kullanabilirler ve bu e\u011fitimde Format Painter&#8217;\u0131 kullanmak i\u00e7in bir klavye k\u0131sayolu a\u00e7\u0131klad\u0131k.<\/p><h2 class=\"wp-block-heading\"> Excel&#8217;de Format Boyac\u0131s\u0131&#8217;na klavye k\u0131sayolu<\/h2><p> Format Boyac\u0131s\u0131n\u0131 kullanmak i\u00e7in \u00e7e\u015fitli klavye k\u0131sayollar\u0131 bulacaks\u0131n\u0131z, ancak en iyi ve en h\u0131zl\u0131 klavye k\u0131sayolunu a\u015fa\u011f\u0131da a\u00e7\u0131klad\u0131k: <\/p><div class=\"wp-block-image\"><figure class=\"aligncenter size-full is-resized\"><img loading=\"lazy\" decoding=\"async\" class=\"wp-image-69447\" src=\"https:\/\/exceladvisor.org\/wp-content\/uploads\/2023\/08\/1-raccourci-clavier-pour-formater-le-peintre.png\" sizes=\"auto, \" srcset=\"\" alt=\"format boyay\u0131c\u0131ya klavye k\u0131sayolu\" width=\"770\" height=\"302\"><\/figure><\/div><p> <kbd>Ctrl<\/kbd> + <kbd>Alt<\/kbd> + <kbd>V<\/kbd> \u2192 <kbd>T<\/kbd><\/p><h2 class=\"wp-block-heading\"> Painter&#8217;\u0131 Klavye K\u0131sayolu Kullanarak Formatlama Ad\u0131mlar\u0131<\/h2><ol><li> \u00d6ncelikle format\u0131n\u0131 kopyalay\u0131p yap\u0131\u015ft\u0131rmak istedi\u011finiz h\u00fccreye veya h\u00fccre aral\u0131\u011f\u0131na gidin ve \u201cCtrl + C\u201d tu\u015flar\u0131na basarak h\u00fccreleri kopyalay\u0131n.<\/li><li> Bundan sonra, h\u00fccre format\u0131n\u0131 yap\u0131\u015ft\u0131rmak istedi\u011finiz h\u00fccreye gidin ve \u201cCtrl\u201d + \u201cAlt\u201d tu\u015flar\u0131n\u0131 bas\u0131l\u0131 tutun, ard\u0131ndan \u201cV\u201d tu\u015funa basarak \u201c\u00d6zel Yap\u0131\u015ft\u0131r\u201d ileti\u015fim kutusunu a\u00e7\u0131n ve tu\u015flar\u0131 b\u0131rak\u0131n.<\/li><li> \u015eimdi radyo d\u00fc\u011fmesini \u201cFormatlar\u201d se\u00e7ene\u011fine ta\u015f\u0131mak i\u00e7in \u201cT\u201d tu\u015funa bas\u0131n, ard\u0131ndan \u201cEnter\u201d tu\u015funa bas\u0131n; format\u0131n\u0131z yap\u0131\u015ft\u0131r\u0131lacakt\u0131r. <\/li><\/ol><div class=\"wp-block-image\"><figure class=\"aligncenter size-full is-resized\"><img loading=\"lazy\" decoding=\"async\" class=\"wp-image-69448\" src=\"https:\/\/exceladvisor.org\/wp-content\/uploads\/2023\/08\/2-coller-la-boite-de-dialogue-speciale.png\" sizes=\"auto, \" srcset=\"\" alt=\"yap\u0131\u015ft\u0131r-\u00f6zel-ileti\u015fim kutusu\" width=\"554\" height=\"414\"><\/figure><\/div><div class=\"gb-container gb-container-2116538e gb-container-mt\"> <a class=\"gb-button gb-button-f7d2c131 gb-button-text gb-button-mt-button\" href=\"https:\/\/exceladvisor.org\/tr\/klavye-kisayollari\/\">Excel PDF klavye k\u0131sayollar\u0131<\/a><h2 class=\"gb-headline gb-headline-7ed68554 gb-headline-text gb-headline-mt-heading\"> Daha fazla k\u0131sayol <\/h2><div class=\"gb-grid-wrapper gb-grid-wrapper-edeef538 gb-grid-wrapper-mt-grid\"><div class=\"gb-grid-column gb-grid-column-6ab6fbc6\"><div class=\"gb-container gb-container-6ab6fbc6\"><ul><li> <a href=\"https:\/\/exceladvisor.org\/tr\/acik-formatli-hucre-secenekleri\/\">Bi\u00e7im h\u00fccrelerini a\u00e7ma se\u00e7ene\u011fi<\/a><\/li><li> <a href=\"https:\/\/exceladvisor.org\/tr\/otomatik-ayar\/\">Otomatik ayarlama<\/a><\/li><li> <a href=\"https:\/\/exceladvisor.org\/tr\/metni-sar\/\">Metni kayd\u0131r<\/a><\/li><li> <a href=\"https:\/\/exceladvisor.org\/tr\/yorum-ekle\/\">Yorum ekle<\/a><\/li><\/ul><\/div><\/div><\/div><\/div>","protected":false},"excerpt":{"rendered":"","protected":false},"author":1,"featured_media":0,"parent":0,"menu_order":0,"comment_status":"open","ping_status":"closed","template":"","meta":{"ub_ctt_via":"","footnotes":""},"class_list":["post-2076","page","type-page","status-publish","hentry"],"featured_image_src":null,"yoast_head":"<!-- This site is optimized with the Yoast SEO plugin v25.4 - https:\/\/yoast.com\/wordpress\/plugins\/seo\/ -->\n<title>Excel&#039;de Format Boyac\u0131s\u0131&#039;n\u0131n klavye k\u0131sayolu nedir?<\/title>\n<meta name=\"description\" content=\"Excel&#039;de format boyay\u0131c\u0131y\u0131 uygulamak i\u00e7in klavye k\u0131sayolunu nas\u0131l kullanaca\u011f\u0131n\u0131z\u0131 \u00f6\u011frenin. Art\u0131k bu klavye k\u0131sayolu \u015funlar\u0131 i\u00e7eriyor\u2026\" \/>\n<meta name=\"robots\" content=\"index, follow, max-snippet:-1, max-image-preview:large, max-video-preview:-1\" \/>\n<link rel=\"canonical\" href=\"https:\/\/exceladvisor.org\/tr\/ressam-formati-1\/\" \/>\n<meta property=\"og:locale\" content=\"tr_TR\" \/>\n<meta property=\"og:type\" content=\"article\" \/>\n<meta property=\"og:title\" content=\"Excel&#039;de Format Boyac\u0131s\u0131&#039;n\u0131n klavye k\u0131sayolu nedir?\" \/>\n<meta property=\"og:description\" content=\"Excel&#039;de format boyay\u0131c\u0131y\u0131 uygulamak i\u00e7in klavye k\u0131sayolunu nas\u0131l kullanaca\u011f\u0131n\u0131z\u0131 \u00f6\u011frenin. Art\u0131k bu klavye k\u0131sayolu \u015funlar\u0131 i\u00e7eriyor\u2026\" \/>\n<meta property=\"og:url\" content=\"https:\/\/exceladvisor.org\/tr\/ressam-formati-1\/\" \/>\n<meta property=\"og:site_name\" content=\"Excel Advisor\" \/>\n<meta property=\"article:modified_time\" content=\"2023-12-10T06:03:54+00:00\" \/>\n<meta property=\"og:image\" content=\"https:\/\/exceladvisor.org\/wp-content\/uploads\/2023\/08\/1-raccourci-clavier-pour-formater-le-peintre.png\" \/>\n<meta name=\"twitter:card\" content=\"summary_large_image\" \/>\n<meta name=\"twitter:label1\" content=\"Tahmini okuma s\u00fcresi\" \/>\n\t<meta name=\"twitter:data1\" content=\"1 dakika\" \/>\n<script type=\"application\/ld+json\" class=\"yoast-schema-graph\">{\"@context\":\"https:\/\/schema.org\",\"@graph\":[{\"@type\":\"WebPage\",\"@id\":\"https:\/\/exceladvisor.org\/tr\/ressam-formati-1\/\",\"url\":\"https:\/\/exceladvisor.org\/tr\/ressam-formati-1\/\",\"name\":\"Excel&#39;de Format Boyac\u0131s\u0131&#39;n\u0131n klavye k\u0131sayolu nedir?\",\"isPartOf\":{\"@id\":\"https:\/\/exceladvisor.org\/tr\/#website\"},\"primaryImageOfPage\":{\"@id\":\"https:\/\/exceladvisor.org\/tr\/ressam-formati-1\/#primaryimage\"},\"image\":{\"@id\":\"https:\/\/exceladvisor.org\/tr\/ressam-formati-1\/#primaryimage\"},\"thumbnailUrl\":\"https:\/\/exceladvisor.org\/wp-content\/uploads\/2023\/08\/1-raccourci-clavier-pour-formater-le-peintre.png\",\"datePublished\":\"2023-10-20T04:51:31+00:00\",\"dateModified\":\"2023-12-10T06:03:54+00:00\",\"description\":\"Excel&#39;de format boyay\u0131c\u0131y\u0131 uygulamak i\u00e7in klavye k\u0131sayolunu nas\u0131l kullanaca\u011f\u0131n\u0131z\u0131 \u00f6\u011frenin. Art\u0131k bu klavye k\u0131sayolu \u015funlar\u0131 i\u00e7eriyor\u2026\",\"breadcrumb\":{\"@id\":\"https:\/\/exceladvisor.org\/tr\/ressam-formati-1\/#breadcrumb\"},\"inLanguage\":\"tr\",\"potentialAction\":[{\"@type\":\"ReadAction\",\"target\":[\"https:\/\/exceladvisor.org\/tr\/ressam-formati-1\/\"]}]},{\"@type\":\"ImageObject\",\"inLanguage\":\"tr\",\"@id\":\"https:\/\/exceladvisor.org\/tr\/ressam-formati-1\/#primaryimage\",\"url\":\"https:\/\/exceladvisor.org\/wp-content\/uploads\/2023\/08\/1-raccourci-clavier-pour-formater-le-peintre.png\",\"contentUrl\":\"https:\/\/exceladvisor.org\/wp-content\/uploads\/2023\/08\/1-raccourci-clavier-pour-formater-le-peintre.png\"},{\"@type\":\"BreadcrumbList\",\"@id\":\"https:\/\/exceladvisor.org\/tr\/ressam-formati-1\/#breadcrumb\",\"itemListElement\":[{\"@type\":\"ListItem\",\"position\":1,\"name\":\"Ev\",\"item\":\"https:\/\/exceladvisor.org\/tr\/\"},{\"@type\":\"ListItem\",\"position\":2,\"name\":\"Format boyac\u0131s\u0131 i\u00e7in excel klavye k\u0131sayolu\"}]},{\"@type\":\"WebSite\",\"@id\":\"https:\/\/exceladvisor.org\/tr\/#website\",\"url\":\"https:\/\/exceladvisor.org\/tr\/\",\"name\":\"Excel Advisor\",\"description\":\"Veri hakimiyetine y\u00f6nelik nihai rehberiniz!\",\"publisher\":{\"@id\":\"https:\/\/exceladvisor.org\/tr\/#organization\"},\"potentialAction\":[{\"@type\":\"SearchAction\",\"target\":{\"@type\":\"EntryPoint\",\"urlTemplate\":\"https:\/\/exceladvisor.org\/tr\/?s={search_term_string}\"},\"query-input\":{\"@type\":\"PropertyValueSpecification\",\"valueRequired\":true,\"valueName\":\"search_term_string\"}}],\"inLanguage\":\"tr\"},{\"@type\":\"Organization\",\"@id\":\"https:\/\/exceladvisor.org\/tr\/#organization\",\"name\":\"Excel Advisor\",\"url\":\"https:\/\/exceladvisor.org\/tr\/\",\"logo\":{\"@type\":\"ImageObject\",\"inLanguage\":\"tr\",\"@id\":\"https:\/\/exceladvisor.org\/tr\/#\/schema\/logo\/image\/\",\"url\":\"https:\/\/exceladvisor.org\/tr\/wp-content\/uploads\/2023\/12\/exceladvisor.org_.png\",\"contentUrl\":\"https:\/\/exceladvisor.org\/tr\/wp-content\/uploads\/2023\/12\/exceladvisor.org_.png\",\"width\":105,\"height\":36,\"caption\":\"Excel Advisor\"},\"image\":{\"@id\":\"https:\/\/exceladvisor.org\/tr\/#\/schema\/logo\/image\/\"}}]}<\/script>\n<!-- \/ Yoast SEO plugin. -->","yoast_head_json":{"title":"Excel&#39;de Format Boyac\u0131s\u0131&#39;n\u0131n klavye k\u0131sayolu nedir?","description":"Excel&#39;de format boyay\u0131c\u0131y\u0131 uygulamak i\u00e7in klavye k\u0131sayolunu nas\u0131l kullanaca\u011f\u0131n\u0131z\u0131 \u00f6\u011frenin. Art\u0131k bu klavye k\u0131sayolu \u015funlar\u0131 i\u00e7eriyor\u2026","robots":{"index":"index","follow":"follow","max-snippet":"max-snippet:-1","max-image-preview":"max-image-preview:large","max-video-preview":"max-video-preview:-1"},"canonical":"https:\/\/exceladvisor.org\/tr\/ressam-formati-1\/","og_locale":"tr_TR","og_type":"article","og_title":"Excel&#39;de Format Boyac\u0131s\u0131&#39;n\u0131n klavye k\u0131sayolu nedir?","og_description":"Excel&#39;de format boyay\u0131c\u0131y\u0131 uygulamak i\u00e7in klavye k\u0131sayolunu nas\u0131l kullanaca\u011f\u0131n\u0131z\u0131 \u00f6\u011frenin. Art\u0131k bu klavye k\u0131sayolu \u015funlar\u0131 i\u00e7eriyor\u2026","og_url":"https:\/\/exceladvisor.org\/tr\/ressam-formati-1\/","og_site_name":"Excel Advisor","article_modified_time":"2023-12-10T06:03:54+00:00","og_image":[{"url":"https:\/\/exceladvisor.org\/wp-content\/uploads\/2023\/08\/1-raccourci-clavier-pour-formater-le-peintre.png","type":"","width":"","height":""}],"twitter_card":"summary_large_image","twitter_misc":{"Tahmini okuma s\u00fcresi":"1 dakika"},"schema":{"@context":"https:\/\/schema.org","@graph":[{"@type":"WebPage","@id":"https:\/\/exceladvisor.org\/tr\/ressam-formati-1\/","url":"https:\/\/exceladvisor.org\/tr\/ressam-formati-1\/","name":"Excel&#39;de Format Boyac\u0131s\u0131&#39;n\u0131n klavye k\u0131sayolu nedir?","isPartOf":{"@id":"https:\/\/exceladvisor.org\/tr\/#website"},"primaryImageOfPage":{"@id":"https:\/\/exceladvisor.org\/tr\/ressam-formati-1\/#primaryimage"},"image":{"@id":"https:\/\/exceladvisor.org\/tr\/ressam-formati-1\/#primaryimage"},"thumbnailUrl":"https:\/\/exceladvisor.org\/wp-content\/uploads\/2023\/08\/1-raccourci-clavier-pour-formater-le-peintre.png","datePublished":"2023-10-20T04:51:31+00:00","dateModified":"2023-12-10T06:03:54+00:00","description":"Excel&#39;de format boyay\u0131c\u0131y\u0131 uygulamak i\u00e7in klavye k\u0131sayolunu nas\u0131l kullanaca\u011f\u0131n\u0131z\u0131 \u00f6\u011frenin. Art\u0131k bu klavye k\u0131sayolu \u015funlar\u0131 i\u00e7eriyor\u2026","breadcrumb":{"@id":"https:\/\/exceladvisor.org\/tr\/ressam-formati-1\/#breadcrumb"},"inLanguage":"tr","potentialAction":[{"@type":"ReadAction","target":["https:\/\/exceladvisor.org\/tr\/ressam-formati-1\/"]}]},{"@type":"ImageObject","inLanguage":"tr","@id":"https:\/\/exceladvisor.org\/tr\/ressam-formati-1\/#primaryimage","url":"https:\/\/exceladvisor.org\/wp-content\/uploads\/2023\/08\/1-raccourci-clavier-pour-formater-le-peintre.png","contentUrl":"https:\/\/exceladvisor.org\/wp-content\/uploads\/2023\/08\/1-raccourci-clavier-pour-formater-le-peintre.png"},{"@type":"BreadcrumbList","@id":"https:\/\/exceladvisor.org\/tr\/ressam-formati-1\/#breadcrumb","itemListElement":[{"@type":"ListItem","position":1,"name":"Ev","item":"https:\/\/exceladvisor.org\/tr\/"},{"@type":"ListItem","position":2,"name":"Format boyac\u0131s\u0131 i\u00e7in excel klavye k\u0131sayolu"}]},{"@type":"WebSite","@id":"https:\/\/exceladvisor.org\/tr\/#website","url":"https:\/\/exceladvisor.org\/tr\/","name":"Excel Advisor","description":"Veri hakimiyetine y\u00f6nelik nihai rehberiniz!","publisher":{"@id":"https:\/\/exceladvisor.org\/tr\/#organization"},"potentialAction":[{"@type":"SearchAction","target":{"@type":"EntryPoint","urlTemplate":"https:\/\/exceladvisor.org\/tr\/?s={search_term_string}"},"query-input":{"@type":"PropertyValueSpecification","valueRequired":true,"valueName":"search_term_string"}}],"inLanguage":"tr"},{"@type":"Organization","@id":"https:\/\/exceladvisor.org\/tr\/#organization","name":"Excel Advisor","url":"https:\/\/exceladvisor.org\/tr\/","logo":{"@type":"ImageObject","inLanguage":"tr","@id":"https:\/\/exceladvisor.org\/tr\/#\/schema\/logo\/image\/","url":"https:\/\/exceladvisor.org\/tr\/wp-content\/uploads\/2023\/12\/exceladvisor.org_.png","contentUrl":"https:\/\/exceladvisor.org\/tr\/wp-content\/uploads\/2023\/12\/exceladvisor.org_.png","width":105,"height":36,"caption":"Excel Advisor"},"image":{"@id":"https:\/\/exceladvisor.org\/tr\/#\/schema\/logo\/image\/"}}]}},"yoast_meta":{"yoast_wpseo_title":"","yoast_wpseo_metadesc":"","yoast_wpseo_canonical":""},"_links":{"self":[{"href":"https:\/\/exceladvisor.org\/tr\/wp-json\/wp\/v2\/pages\/2076","targetHints":{"allow":["GET"]}}],"collection":[{"href":"https:\/\/exceladvisor.org\/tr\/wp-json\/wp\/v2\/pages"}],"about":[{"href":"https:\/\/exceladvisor.org\/tr\/wp-json\/wp\/v2\/types\/page"}],"author":[{"embeddable":true,"href":"https:\/\/exceladvisor.org\/tr\/wp-json\/wp\/v2\/users\/1"}],"replies":[{"embeddable":true,"href":"https:\/\/exceladvisor.org\/tr\/wp-json\/wp\/v2\/comments?post=2076"}],"version-history":[{"count":1,"href":"https:\/\/exceladvisor.org\/tr\/wp-json\/wp\/v2\/pages\/2076\/revisions"}],"predecessor-version":[{"id":2681,"href":"https:\/\/exceladvisor.org\/tr\/wp-json\/wp\/v2\/pages\/2076\/revisions\/2681"}],"wp:attachment":[{"href":"https:\/\/exceladvisor.org\/tr\/wp-json\/wp\/v2\/media?parent=2076"}],"curies":[{"name":"wp","href":"https:\/\/api.w.org\/{rel}","templated":true}]}}