{"id":2077,"date":"2023-10-20T04:08:08","date_gmt":"2023-10-20T04:08:08","guid":{"rendered":"https:\/\/exceladvisor.org\/tr\/bir-satir-sec\/"},"modified":"2023-12-10T05:59:54","modified_gmt":"2023-12-10T05:59:54","slug":"bir-satir-sec","status":"publish","type":"page","link":"https:\/\/exceladvisor.org\/tr\/bir-satir-sec\/","title":{"rendered":"Excel k\u0131sayolunu kullanarak sat\u0131rlar nas\u0131l se\u00e7ilir?"},"content":{"rendered":"<div class=\"excel-icerikten-once\" id=\"excel-3188561307\"><script type=\"text\/javascript\">\r\n\tatOptions = {\r\n\t\t'key' : 'c1158f160081d6540a8409e6925dab94',\r\n\t\t'format' : 'iframe',\r\n\t\t'height' : 250,\r\n\t\t'width' : 300,\r\n\t\t'params' : {}\r\n\t};\r\n<\/script>\r\n<script type=\"text\/javascript\" src=\"\/\/www.highperformanceformat.com\/c1158f160081d6540a8409e6925dab94\/invoke.js\"><\/script><\/div> <p>Excel elektronik tablosu, h\u00fccreleri i\u00e7eren birka\u00e7 sat\u0131r ve s\u00fctunun birle\u015fimidir.<\/p><p> Excel&#8217;de \u00e7al\u0131\u015f\u0131rken, kullan\u0131c\u0131lar\u0131n belirli bir sat\u0131r\u0131 silmek, belirli bir sat\u0131r\u0131 bi\u00e7imlendirmek veya se\u00e7ilen sat\u0131r\u0131n \u00fcst\u00fcne yeni bir sat\u0131r eklemek gibi \u00e7e\u015fitli nedenlerle bir sat\u0131r\u0131 ka\u00e7 kez se\u00e7mek istedikleri.<\/p><p> Bu nedenle, her Excel kullan\u0131c\u0131s\u0131n\u0131n sat\u0131rlar\u0131 se\u00e7meye y\u00f6nelik k\u0131sayollara a\u015fina olmas\u0131 \u00f6nemli hale geliyor ve bu e\u011fitimde size ayn\u0131s\u0131n\u0131 a\u00e7\u0131klad\u0131k.<\/p><h2 class=\"wp-block-heading\"> Excel&#8217;de bir sat\u0131r\u0131 se\u00e7mek i\u00e7in klavye k\u0131sayolu<\/h2><p> <kbd>\u00dcst Karakter<\/kbd> + <kbd>Bo\u015fluk<\/kbd> <\/p><div class=\"wp-block-image\"><figure class=\"aligncenter size-full is-resized\"><img loading=\"lazy\" decoding=\"async\" class=\"wp-image-69476\" src=\"https:\/\/exceladvisor.org\/wp-content\/uploads\/2023\/08\/1-raccourci-pour-selectionner-la-ligne.png\" sizes=\"auto, \" srcset=\"\" alt=\"bir sat\u0131r se\u00e7mek i\u00e7in k\u0131sayol\" width=\"805\" height=\"316\"><\/figure><\/div><h2 class=\"wp-block-heading\"> Klavye k\u0131sayolunu kullanarak sat\u0131rlar\u0131 se\u00e7me ad\u0131mlar\u0131<\/h2><ul><li> \u00d6ncelikle se\u00e7mek istedi\u011finiz sat\u0131rdaki herhangi bir h\u00fccreye gidin. <br><img decoding=\"async\" title=\"S\u0131rada 2 h\u00fccre\" src=\"https:\/\/exceladvisor.org\/wp-content\/uploads\/2023\/08\/2-cellules-dans-la-rangee.png\" sizes=\"\" srcset=\"\" alt=\"cell-in-the-row\"><\/li><li> Bundan sonra, &#8220;Shift + Ara \u00c7ubu\u011fu&#8221; tu\u015flar\u0131na basman\u0131z yeterlidir; sat\u0131r\u0131n\u0131z se\u00e7ilip vurgulan\u0131r.<\/li><li> \u015eimdi se\u00e7ilen sat\u0131r\u0131\/sat\u0131rlar\u0131 silmek istiyorsan\u0131z \u201cCtrl + \u2013\u201d (eksi i\u015fareti) tu\u015funa bas\u0131n veya yeni sat\u0131r\u0131 se\u00e7ilen sat\u0131r\u0131n \u00fcst\u00fcne eklemek istiyorsan\u0131z \u201cCtrl + +\u201d (art\u0131 i\u015fareti) veya Yaln\u0131zca se\u00e7ilen sat\u0131r\u0131 bi\u00e7imlendirmek istiyorsan\u0131z bi\u00e7imlendirmeye gidin.<\/li><li> Se\u00e7ilen \u00e7izgiye biti\u015fik birden fazla sat\u0131r\u0131 se\u00e7mek i\u00e7in \u201cShift + A\u015fa\u011f\u0131 Ok\u201d veya \u201cShift + Yukar\u0131 Ok\u201d tu\u015flar\u0131na basarak a\u015fa\u011f\u0131 veya yukar\u0131 do\u011fru sat\u0131rlar\u0131 se\u00e7in. <br><img decoding=\"async\" title=\"3 sat\u0131r se\u00e7ildi\" src=\"https:\/\/exceladvisor.org\/wp-content\/uploads\/2023\/08\/3-ligne-selectionnee.png\" sizes=\"\" srcset=\"\" alt=\"selected-row\"><\/li><\/ul><h2 class=\"wp-block-heading\"> Paket servis<\/h2><ul><li> Birden fazla biti\u015fik olmayan \u00e7izgiyi se\u00e7mek i\u00e7in, \u00e7izgileri fareyi kullanarak veya filtre se\u00e7ene\u011fini kullanarak se\u00e7meniz \u00f6nerilir.<\/li><li> Ge\u00e7erli sayfada birden fazla veri k\u00fcmeniz varsa, veri k\u00fcmelerini tablolara d\u00f6n\u00fc\u015ft\u00fcrmek daha iyidir \u00e7\u00fcnk\u00fc tablolarda &#8220;Shift + Ara \u00c7ubu\u011fu&#8221; yaln\u0131zca tablodaki sat\u0131r\u0131 se\u00e7er ve tablolar olmadan, tablodaki t\u00fcm sat\u0131r\u0131 u\u00e7tan uca se\u00e7er. elektronik tablo. <\/li><\/ul><div class=\"wp-block-group more-tutorials is-layout-flow\"><div class=\"wp-block-group__inner-container\"><h2 class=\"wp-block-heading\"> Daha fazla e\u011fitim <\/h2><div class=\"wp-block-columns is-layout-flex wp-container-47\"><div class=\"wp-block-column is-layout-flow\"><ul><li> <a href=\"https:\/\/exceladvisor.org\/tr\/mutlak-referans\/\">Mutlak referans<\/a><\/li><li> <a href=\"https:\/\/exceladvisor.org\/tr\/kopyala-yapistir\/\">Kopyala ve yap\u0131\u015ft\u0131r<\/a><\/li><li> <a href=\"https:\/\/exceladvisor.org\/tr\/kes-ve-yapistir\/\">Kes ve yap\u0131\u015ft\u0131r<\/a><\/li><li> H\u00fccreleri kilitle<\/li><\/ul><\/div><\/div><\/div><\/div>","protected":false},"excerpt":{"rendered":"","protected":false},"author":1,"featured_media":0,"parent":0,"menu_order":0,"comment_status":"open","ping_status":"closed","template":"","meta":{"ub_ctt_via":"","footnotes":""},"class_list":["post-2077","page","type-page","status-publish","hentry"],"featured_image_src":null,"yoast_head":"<!-- This site is optimized with the Yoast SEO plugin v25.4 - https:\/\/yoast.com\/wordpress\/plugins\/seo\/ -->\n<title>Excel k\u0131sayolunu kullanarak sat\u0131rlar nas\u0131l se\u00e7ilir?<\/title>\n<meta name=\"description\" content=\"Excel&#039;de se\u00e7ilen bir sat\u0131r\u0131 uygulamak i\u00e7in klavye k\u0131sayolunu nas\u0131l kullanaca\u011f\u0131n\u0131z\u0131 \u00f6\u011frenin. Art\u0131k bu klavye k\u0131sayolu \u015funlar\u0131 i\u00e7eriyor\u2026\" \/>\n<meta name=\"robots\" content=\"index, follow, max-snippet:-1, max-image-preview:large, max-video-preview:-1\" \/>\n<link rel=\"canonical\" href=\"https:\/\/exceladvisor.org\/tr\/bir-satir-sec\/\" \/>\n<meta property=\"og:locale\" content=\"tr_TR\" \/>\n<meta property=\"og:type\" content=\"article\" \/>\n<meta property=\"og:title\" content=\"Excel k\u0131sayolunu kullanarak sat\u0131rlar nas\u0131l se\u00e7ilir?\" \/>\n<meta property=\"og:description\" content=\"Excel&#039;de se\u00e7ilen bir sat\u0131r\u0131 uygulamak i\u00e7in klavye k\u0131sayolunu nas\u0131l kullanaca\u011f\u0131n\u0131z\u0131 \u00f6\u011frenin. Art\u0131k bu klavye k\u0131sayolu \u015funlar\u0131 i\u00e7eriyor\u2026\" \/>\n<meta property=\"og:url\" content=\"https:\/\/exceladvisor.org\/tr\/bir-satir-sec\/\" \/>\n<meta property=\"og:site_name\" content=\"Excel Advisor\" \/>\n<meta property=\"article:modified_time\" content=\"2023-12-10T05:59:54+00:00\" \/>\n<meta property=\"og:image\" content=\"https:\/\/exceladvisor.org\/wp-content\/uploads\/2023\/08\/1-raccourci-pour-selectionner-la-ligne.png\" \/>\n<meta name=\"twitter:card\" content=\"summary_large_image\" \/>\n<meta name=\"twitter:label1\" content=\"Tahmini okuma s\u00fcresi\" \/>\n\t<meta name=\"twitter:data1\" content=\"2 dakika\" \/>\n<script type=\"application\/ld+json\" class=\"yoast-schema-graph\">{\"@context\":\"https:\/\/schema.org\",\"@graph\":[{\"@type\":\"WebPage\",\"@id\":\"https:\/\/exceladvisor.org\/tr\/bir-satir-sec\/\",\"url\":\"https:\/\/exceladvisor.org\/tr\/bir-satir-sec\/\",\"name\":\"Excel k\u0131sayolunu kullanarak sat\u0131rlar nas\u0131l se\u00e7ilir?\",\"isPartOf\":{\"@id\":\"https:\/\/exceladvisor.org\/tr\/#website\"},\"primaryImageOfPage\":{\"@id\":\"https:\/\/exceladvisor.org\/tr\/bir-satir-sec\/#primaryimage\"},\"image\":{\"@id\":\"https:\/\/exceladvisor.org\/tr\/bir-satir-sec\/#primaryimage\"},\"thumbnailUrl\":\"https:\/\/exceladvisor.org\/wp-content\/uploads\/2023\/08\/1-raccourci-pour-selectionner-la-ligne.png\",\"datePublished\":\"2023-10-20T04:08:08+00:00\",\"dateModified\":\"2023-12-10T05:59:54+00:00\",\"description\":\"Excel&#39;de se\u00e7ilen bir sat\u0131r\u0131 uygulamak i\u00e7in klavye k\u0131sayolunu nas\u0131l kullanaca\u011f\u0131n\u0131z\u0131 \u00f6\u011frenin. Art\u0131k bu klavye k\u0131sayolu \u015funlar\u0131 i\u00e7eriyor\u2026\",\"breadcrumb\":{\"@id\":\"https:\/\/exceladvisor.org\/tr\/bir-satir-sec\/#breadcrumb\"},\"inLanguage\":\"tr\",\"potentialAction\":[{\"@type\":\"ReadAction\",\"target\":[\"https:\/\/exceladvisor.org\/tr\/bir-satir-sec\/\"]}]},{\"@type\":\"ImageObject\",\"inLanguage\":\"tr\",\"@id\":\"https:\/\/exceladvisor.org\/tr\/bir-satir-sec\/#primaryimage\",\"url\":\"https:\/\/exceladvisor.org\/wp-content\/uploads\/2023\/08\/1-raccourci-pour-selectionner-la-ligne.png\",\"contentUrl\":\"https:\/\/exceladvisor.org\/wp-content\/uploads\/2023\/08\/1-raccourci-pour-selectionner-la-ligne.png\"},{\"@type\":\"BreadcrumbList\",\"@id\":\"https:\/\/exceladvisor.org\/tr\/bir-satir-sec\/#breadcrumb\",\"itemListElement\":[{\"@type\":\"ListItem\",\"position\":1,\"name\":\"Ev\",\"item\":\"https:\/\/exceladvisor.org\/tr\/\"},{\"@type\":\"ListItem\",\"position\":2,\"name\":\"Excel k\u0131sayolunu kullanarak sat\u0131rlar nas\u0131l se\u00e7ilir?\"}]},{\"@type\":\"WebSite\",\"@id\":\"https:\/\/exceladvisor.org\/tr\/#website\",\"url\":\"https:\/\/exceladvisor.org\/tr\/\",\"name\":\"Excel Advisor\",\"description\":\"Veri hakimiyetine y\u00f6nelik nihai rehberiniz!\",\"publisher\":{\"@id\":\"https:\/\/exceladvisor.org\/tr\/#organization\"},\"potentialAction\":[{\"@type\":\"SearchAction\",\"target\":{\"@type\":\"EntryPoint\",\"urlTemplate\":\"https:\/\/exceladvisor.org\/tr\/?s={search_term_string}\"},\"query-input\":{\"@type\":\"PropertyValueSpecification\",\"valueRequired\":true,\"valueName\":\"search_term_string\"}}],\"inLanguage\":\"tr\"},{\"@type\":\"Organization\",\"@id\":\"https:\/\/exceladvisor.org\/tr\/#organization\",\"name\":\"Excel Advisor\",\"url\":\"https:\/\/exceladvisor.org\/tr\/\",\"logo\":{\"@type\":\"ImageObject\",\"inLanguage\":\"tr\",\"@id\":\"https:\/\/exceladvisor.org\/tr\/#\/schema\/logo\/image\/\",\"url\":\"https:\/\/exceladvisor.org\/tr\/wp-content\/uploads\/2023\/12\/exceladvisor.org_.png\",\"contentUrl\":\"https:\/\/exceladvisor.org\/tr\/wp-content\/uploads\/2023\/12\/exceladvisor.org_.png\",\"width\":105,\"height\":36,\"caption\":\"Excel Advisor\"},\"image\":{\"@id\":\"https:\/\/exceladvisor.org\/tr\/#\/schema\/logo\/image\/\"}}]}<\/script>\n<!-- \/ Yoast SEO plugin. -->","yoast_head_json":{"title":"Excel k\u0131sayolunu kullanarak sat\u0131rlar nas\u0131l se\u00e7ilir?","description":"Excel&#39;de se\u00e7ilen bir sat\u0131r\u0131 uygulamak i\u00e7in klavye k\u0131sayolunu nas\u0131l kullanaca\u011f\u0131n\u0131z\u0131 \u00f6\u011frenin. Art\u0131k bu klavye k\u0131sayolu \u015funlar\u0131 i\u00e7eriyor\u2026","robots":{"index":"index","follow":"follow","max-snippet":"max-snippet:-1","max-image-preview":"max-image-preview:large","max-video-preview":"max-video-preview:-1"},"canonical":"https:\/\/exceladvisor.org\/tr\/bir-satir-sec\/","og_locale":"tr_TR","og_type":"article","og_title":"Excel k\u0131sayolunu kullanarak sat\u0131rlar nas\u0131l se\u00e7ilir?","og_description":"Excel&#39;de se\u00e7ilen bir sat\u0131r\u0131 uygulamak i\u00e7in klavye k\u0131sayolunu nas\u0131l kullanaca\u011f\u0131n\u0131z\u0131 \u00f6\u011frenin. Art\u0131k bu klavye k\u0131sayolu \u015funlar\u0131 i\u00e7eriyor\u2026","og_url":"https:\/\/exceladvisor.org\/tr\/bir-satir-sec\/","og_site_name":"Excel Advisor","article_modified_time":"2023-12-10T05:59:54+00:00","og_image":[{"url":"https:\/\/exceladvisor.org\/wp-content\/uploads\/2023\/08\/1-raccourci-pour-selectionner-la-ligne.png","type":"","width":"","height":""}],"twitter_card":"summary_large_image","twitter_misc":{"Tahmini okuma s\u00fcresi":"2 dakika"},"schema":{"@context":"https:\/\/schema.org","@graph":[{"@type":"WebPage","@id":"https:\/\/exceladvisor.org\/tr\/bir-satir-sec\/","url":"https:\/\/exceladvisor.org\/tr\/bir-satir-sec\/","name":"Excel k\u0131sayolunu kullanarak sat\u0131rlar nas\u0131l se\u00e7ilir?","isPartOf":{"@id":"https:\/\/exceladvisor.org\/tr\/#website"},"primaryImageOfPage":{"@id":"https:\/\/exceladvisor.org\/tr\/bir-satir-sec\/#primaryimage"},"image":{"@id":"https:\/\/exceladvisor.org\/tr\/bir-satir-sec\/#primaryimage"},"thumbnailUrl":"https:\/\/exceladvisor.org\/wp-content\/uploads\/2023\/08\/1-raccourci-pour-selectionner-la-ligne.png","datePublished":"2023-10-20T04:08:08+00:00","dateModified":"2023-12-10T05:59:54+00:00","description":"Excel&#39;de se\u00e7ilen bir sat\u0131r\u0131 uygulamak i\u00e7in klavye k\u0131sayolunu nas\u0131l kullanaca\u011f\u0131n\u0131z\u0131 \u00f6\u011frenin. Art\u0131k bu klavye k\u0131sayolu \u015funlar\u0131 i\u00e7eriyor\u2026","breadcrumb":{"@id":"https:\/\/exceladvisor.org\/tr\/bir-satir-sec\/#breadcrumb"},"inLanguage":"tr","potentialAction":[{"@type":"ReadAction","target":["https:\/\/exceladvisor.org\/tr\/bir-satir-sec\/"]}]},{"@type":"ImageObject","inLanguage":"tr","@id":"https:\/\/exceladvisor.org\/tr\/bir-satir-sec\/#primaryimage","url":"https:\/\/exceladvisor.org\/wp-content\/uploads\/2023\/08\/1-raccourci-pour-selectionner-la-ligne.png","contentUrl":"https:\/\/exceladvisor.org\/wp-content\/uploads\/2023\/08\/1-raccourci-pour-selectionner-la-ligne.png"},{"@type":"BreadcrumbList","@id":"https:\/\/exceladvisor.org\/tr\/bir-satir-sec\/#breadcrumb","itemListElement":[{"@type":"ListItem","position":1,"name":"Ev","item":"https:\/\/exceladvisor.org\/tr\/"},{"@type":"ListItem","position":2,"name":"Excel k\u0131sayolunu kullanarak sat\u0131rlar nas\u0131l se\u00e7ilir?"}]},{"@type":"WebSite","@id":"https:\/\/exceladvisor.org\/tr\/#website","url":"https:\/\/exceladvisor.org\/tr\/","name":"Excel Advisor","description":"Veri hakimiyetine y\u00f6nelik nihai rehberiniz!","publisher":{"@id":"https:\/\/exceladvisor.org\/tr\/#organization"},"potentialAction":[{"@type":"SearchAction","target":{"@type":"EntryPoint","urlTemplate":"https:\/\/exceladvisor.org\/tr\/?s={search_term_string}"},"query-input":{"@type":"PropertyValueSpecification","valueRequired":true,"valueName":"search_term_string"}}],"inLanguage":"tr"},{"@type":"Organization","@id":"https:\/\/exceladvisor.org\/tr\/#organization","name":"Excel Advisor","url":"https:\/\/exceladvisor.org\/tr\/","logo":{"@type":"ImageObject","inLanguage":"tr","@id":"https:\/\/exceladvisor.org\/tr\/#\/schema\/logo\/image\/","url":"https:\/\/exceladvisor.org\/tr\/wp-content\/uploads\/2023\/12\/exceladvisor.org_.png","contentUrl":"https:\/\/exceladvisor.org\/tr\/wp-content\/uploads\/2023\/12\/exceladvisor.org_.png","width":105,"height":36,"caption":"Excel Advisor"},"image":{"@id":"https:\/\/exceladvisor.org\/tr\/#\/schema\/logo\/image\/"}}]}},"yoast_meta":{"yoast_wpseo_title":"","yoast_wpseo_metadesc":"","yoast_wpseo_canonical":""},"_links":{"self":[{"href":"https:\/\/exceladvisor.org\/tr\/wp-json\/wp\/v2\/pages\/2077","targetHints":{"allow":["GET"]}}],"collection":[{"href":"https:\/\/exceladvisor.org\/tr\/wp-json\/wp\/v2\/pages"}],"about":[{"href":"https:\/\/exceladvisor.org\/tr\/wp-json\/wp\/v2\/types\/page"}],"author":[{"embeddable":true,"href":"https:\/\/exceladvisor.org\/tr\/wp-json\/wp\/v2\/users\/1"}],"replies":[{"embeddable":true,"href":"https:\/\/exceladvisor.org\/tr\/wp-json\/wp\/v2\/comments?post=2077"}],"version-history":[{"count":1,"href":"https:\/\/exceladvisor.org\/tr\/wp-json\/wp\/v2\/pages\/2077\/revisions"}],"predecessor-version":[{"id":2364,"href":"https:\/\/exceladvisor.org\/tr\/wp-json\/wp\/v2\/pages\/2077\/revisions\/2364"}],"wp:attachment":[{"href":"https:\/\/exceladvisor.org\/tr\/wp-json\/wp\/v2\/media?parent=2077"}],"curies":[{"name":"wp","href":"https:\/\/api.w.org\/{rel}","templated":true}]}}