{"id":2078,"date":"2023-10-20T02:28:14","date_gmt":"2023-10-20T02:28:14","guid":{"rendered":"https:\/\/exceladvisor.org\/tr\/mutlak-referans\/"},"modified":"2023-12-10T06:04:41","modified_gmt":"2023-12-10T06:04:41","slug":"mutlak-referans","status":"publish","type":"page","link":"https:\/\/exceladvisor.org\/tr\/mutlak-referans\/","title":{"rendered":"Mutlak referans i\u00e7in excel klavye k\u0131sayolu"},"content":{"rendered":"<div class=\"excel-icerikten-once\" id=\"excel-3320544958\"><script type=\"text\/javascript\">\r\n\tatOptions = {\r\n\t\t'key' : 'c1158f160081d6540a8409e6925dab94',\r\n\t\t'format' : 'iframe',\r\n\t\t'height' : 250,\r\n\t\t'width' : 300,\r\n\t\t'params' : {}\r\n\t};\r\n<\/script>\r\n<script type=\"text\/javascript\" src=\"\/\/www.highperformanceformat.com\/c1158f160081d6540a8409e6925dab94\/invoke.js\"><\/script><\/div> <p>Mutlak ba\u015fvuru, form\u00fcl\u00fc kopyalarken ve ta\u015f\u0131rken hareket etmeyen h\u00fccre ba\u015fvurusunu ifade eder.<\/p><p> Excel&#8217;de, form\u00fclde h\u00fccre referanslar\u0131n\u0131 kulland\u0131\u011f\u0131n\u0131zda, Excel, form\u00fcl\u00fc ba\u015fka bir h\u00fccreye kopyalayarak veya ta\u015f\u0131yarak h\u00fccre referanslar\u0131n\u0131 ta\u015f\u0131r ve bu referanslara g\u00f6reli referans ad\u0131 verilir.<\/p><p> Ancak bazen form\u00fcl ba\u015fka bir h\u00fccreye kopyalan\u0131rsa veya ta\u015f\u0131n\u0131rsa kullan\u0131c\u0131lar \u00e7ift form\u00fclde kullan\u0131lan h\u00fccre referanslar\u0131n\u0131 d\u00fczeltmek veya kilitlemek isterler ve bu kullan\u0131c\u0131 g\u00f6receli referans\u0131 mutlak referans olarak de\u011fi\u015ftirebilir.<\/p><h2 class=\"wp-block-heading\"> Mutlak referans i\u00e7in klavye k\u0131sayolu<\/h2><p> G\u00f6reli h\u00fccre referans\u0131n\u0131 mutlak h\u00fccre referans\u0131 yapmak i\u00e7in kullan\u0131lan klavye k\u0131sayolu a\u015fa\u011f\u0131dad\u0131r:<\/p><p> <kbd>Fn<\/kbd> <strong>+<\/strong> <kbd>F4<\/kbd> <\/p><div class=\"wp-block-image\"><figure class=\"aligncenter size-full is-resized\"><img loading=\"lazy\" decoding=\"async\" class=\"wp-image-67487\" src=\"https:\/\/exceladvisor.org\/wp-content\/uploads\/2023\/08\/1-raccourci-vers-la-reference-absolue.png\" sizes=\"auto, \" srcset=\"\" alt=\"mutlak referansa k\u0131sayol\" width=\"870\" height=\"341\"><\/figure><\/div><h2 class=\"wp-block-heading\"> Klavye k\u0131sayolu kullanarak bir referans\u0131 mutlak referansa d\u00f6n\u00fc\u015ft\u00fcrme ad\u0131mlar\u0131<\/h2><p> Mutlak bir referans olarak kullan\u0131c\u0131lar belirli h\u00fccre referans\u0131n\u0131 veya yaln\u0131zca s\u00fctun veya sat\u0131r referans\u0131n\u0131 kilitleyebilir.<\/p><ul><li> \u00d6nce form\u00fcl\u00fc girin, ard\u0131ndan mutlak olarak ayarlamak istedi\u011finiz h\u00fccre referans\u0131n\u0131 se\u00e7in ve ard\u0131ndan \u201c <kbd>Fn<\/kbd> + <kbd>F4<\/kbd> \u201d k\u0131sayol tu\u015flar\u0131na bas\u0131n.<\/li><li> &#8220;Fn+F4&#8221; tu\u015funa bast\u0131\u011f\u0131n\u0131zda Excel, se\u00e7ilen h\u00fccre referans\u0131n\u0131 (sat\u0131r ve s\u00fctun birle\u015fimi) mutlak k\u0131lmak i\u00e7in s\u00fctun ve sat\u0131r\u0131n ba\u015f\u0131na dolar i\u015faretini ($) ekleyecektir.<\/li><li> Art\u0131k form\u00fcl\u00fc sayfada herhangi bir yere ta\u015f\u0131san\u0131z veya kopyalasan\u0131z bile, a\u015fa\u011f\u0131daki \u00f6rnekte oldu\u011fu gibi &#8220;E3&#8221; h\u00fccre referans\u0131n\u0131z de\u011fi\u015fmeyecek veya hi\u00e7 hareket etmeyecektir. <\/li><\/ul><div class=\"wp-block-image\"><figure class=\"aligncenter size-full is-resized\"><img loading=\"lazy\" decoding=\"async\" class=\"wp-image-67488\" src=\"https:\/\/exceladvisor.org\/wp-content\/uploads\/2023\/08\/2-reference-absolue-3.png\" sizes=\"auto, \" srcset=\"\" alt=\"mutlak referans\" width=\"481\" height=\"193\"><\/figure><\/div><h2 class=\"wp-block-heading\"> Paket servis<\/h2><ul><li> Ba\u015fvurulan h\u00fccrenin hareket etmeyece\u011fi h\u00fccre ba\u015fvurusunu (sat\u0131r ve s\u00fctun birle\u015fimi) kilitlemek i\u00e7in <kbd>Fn<\/kbd> + <kbd>F4<\/kbd> tu\u015flar\u0131na yaln\u0131zca bir kez bas\u0131n.<\/li><li> Yaln\u0131zca sat\u0131r referans\u0131n\u0131 kilitlemek, s\u00fctunun hareket edece\u011fi ancak form\u00fclde referans verilen sat\u0131r\u0131n kilitli kalaca\u011f\u0131 anlam\u0131na gelir; &#8220;Fn + F4&#8221; tu\u015funa iki kez bas\u0131n.<\/li><li> S\u00fctun referans\u0131n\u0131 kilitle yaln\u0131zca form\u00fcl\u00fcn ba\u015fka bir sat\u0131ra ta\u015f\u0131nmas\u0131yla sat\u0131r\u0131n hareket edece\u011fi ancak s\u00fctunun hareket etmeyece\u011fi anlam\u0131na gelir, \u201cFn+F4\u201d tu\u015funa \u00fc\u00e7 kez bas\u0131n.<\/li><li> \u0130lgili referansa tekrar ba\u015fvurmak i\u00e7in \u201cFn + F4\u201d tu\u015flar\u0131na d\u00f6rt kez bas\u0131n. <\/li><\/ul><div class=\"wp-block-group more-tutorials is-layout-flow\"><div class=\"wp-block-group__inner-container\"><h2 class=\"wp-block-heading\"> Daha fazla k\u0131sayol <\/h2><div class=\"wp-block-columns is-layout-flex wp-container-35\"><div class=\"wp-block-column is-layout-flow\"><ul><li> <a href=\"https:\/\/exceladvisor.org\/tr\/kopyala-yapistir\/\">Kopyala ve yap\u0131\u015ft\u0131r<\/a><\/li><li> <a href=\"https:\/\/exceladvisor.org\/tr\/kes-ve-yapistir\/\">Kes ve yap\u0131\u015ft\u0131r<\/a><\/li><li> H\u00fccreleri kilitle<\/li><li> <a href=\"https:\/\/exceladvisor.org\/tr\/gitmek\/\">Git se\u00e7ene\u011fini a\u00e7<\/a><\/li><\/ul><\/div><\/div><\/div><\/div>","protected":false},"excerpt":{"rendered":"","protected":false},"author":1,"featured_media":0,"parent":0,"menu_order":0,"comment_status":"open","ping_status":"closed","template":"","meta":{"ub_ctt_via":"","footnotes":""},"class_list":["post-2078","page","type-page","status-publish","hentry"],"featured_image_src":null,"yoast_head":"<!-- This site is optimized with the Yoast SEO plugin v25.4 - https:\/\/yoast.com\/wordpress\/plugins\/seo\/ -->\n<title>\u25b7 Mutlak referans klavye k\u0131sayolu nedir?<\/title>\n<meta name=\"description\" content=\"Excel&#039;de mutlak bir referans uygulamak i\u00e7in klavye k\u0131sayolunu nas\u0131l kullanaca\u011f\u0131n\u0131z\u0131 \u00f6\u011frenin. Art\u0131k bu klavye k\u0131sayolu \u015funlar\u0131 i\u00e7eriyor:\" \/>\n<meta name=\"robots\" content=\"index, follow, max-snippet:-1, max-image-preview:large, max-video-preview:-1\" \/>\n<link rel=\"canonical\" href=\"https:\/\/exceladvisor.org\/tr\/mutlak-referans\/\" \/>\n<meta property=\"og:locale\" content=\"tr_TR\" \/>\n<meta property=\"og:type\" content=\"article\" \/>\n<meta property=\"og:title\" content=\"\u25b7 Mutlak referans klavye k\u0131sayolu nedir?\" \/>\n<meta property=\"og:description\" content=\"Excel&#039;de mutlak bir referans uygulamak i\u00e7in klavye k\u0131sayolunu nas\u0131l kullanaca\u011f\u0131n\u0131z\u0131 \u00f6\u011frenin. Art\u0131k bu klavye k\u0131sayolu \u015funlar\u0131 i\u00e7eriyor:\" \/>\n<meta property=\"og:url\" content=\"https:\/\/exceladvisor.org\/tr\/mutlak-referans\/\" \/>\n<meta property=\"og:site_name\" content=\"Excel Advisor\" \/>\n<meta property=\"article:modified_time\" content=\"2023-12-10T06:04:41+00:00\" \/>\n<meta property=\"og:image\" content=\"https:\/\/exceladvisor.org\/wp-content\/uploads\/2023\/08\/1-raccourci-vers-la-reference-absolue.png\" \/>\n<meta name=\"twitter:card\" content=\"summary_large_image\" \/>\n<meta name=\"twitter:label1\" content=\"Tahmini okuma s\u00fcresi\" \/>\n\t<meta name=\"twitter:data1\" content=\"2 dakika\" \/>\n<script type=\"application\/ld+json\" class=\"yoast-schema-graph\">{\"@context\":\"https:\/\/schema.org\",\"@graph\":[{\"@type\":\"WebPage\",\"@id\":\"https:\/\/exceladvisor.org\/tr\/mutlak-referans\/\",\"url\":\"https:\/\/exceladvisor.org\/tr\/mutlak-referans\/\",\"name\":\"\u25b7 Mutlak referans klavye k\u0131sayolu nedir?\",\"isPartOf\":{\"@id\":\"https:\/\/exceladvisor.org\/tr\/#website\"},\"primaryImageOfPage\":{\"@id\":\"https:\/\/exceladvisor.org\/tr\/mutlak-referans\/#primaryimage\"},\"image\":{\"@id\":\"https:\/\/exceladvisor.org\/tr\/mutlak-referans\/#primaryimage\"},\"thumbnailUrl\":\"https:\/\/exceladvisor.org\/wp-content\/uploads\/2023\/08\/1-raccourci-vers-la-reference-absolue.png\",\"datePublished\":\"2023-10-20T02:28:14+00:00\",\"dateModified\":\"2023-12-10T06:04:41+00:00\",\"description\":\"Excel&#39;de mutlak bir referans uygulamak i\u00e7in klavye k\u0131sayolunu nas\u0131l kullanaca\u011f\u0131n\u0131z\u0131 \u00f6\u011frenin. Art\u0131k bu klavye k\u0131sayolu \u015funlar\u0131 i\u00e7eriyor:\",\"breadcrumb\":{\"@id\":\"https:\/\/exceladvisor.org\/tr\/mutlak-referans\/#breadcrumb\"},\"inLanguage\":\"tr\",\"potentialAction\":[{\"@type\":\"ReadAction\",\"target\":[\"https:\/\/exceladvisor.org\/tr\/mutlak-referans\/\"]}]},{\"@type\":\"ImageObject\",\"inLanguage\":\"tr\",\"@id\":\"https:\/\/exceladvisor.org\/tr\/mutlak-referans\/#primaryimage\",\"url\":\"https:\/\/exceladvisor.org\/wp-content\/uploads\/2023\/08\/1-raccourci-vers-la-reference-absolue.png\",\"contentUrl\":\"https:\/\/exceladvisor.org\/wp-content\/uploads\/2023\/08\/1-raccourci-vers-la-reference-absolue.png\"},{\"@type\":\"BreadcrumbList\",\"@id\":\"https:\/\/exceladvisor.org\/tr\/mutlak-referans\/#breadcrumb\",\"itemListElement\":[{\"@type\":\"ListItem\",\"position\":1,\"name\":\"Ev\",\"item\":\"https:\/\/exceladvisor.org\/tr\/\"},{\"@type\":\"ListItem\",\"position\":2,\"name\":\"Mutlak referans i\u00e7in excel klavye k\u0131sayolu\"}]},{\"@type\":\"WebSite\",\"@id\":\"https:\/\/exceladvisor.org\/tr\/#website\",\"url\":\"https:\/\/exceladvisor.org\/tr\/\",\"name\":\"Excel Advisor\",\"description\":\"Veri hakimiyetine y\u00f6nelik nihai rehberiniz!\",\"publisher\":{\"@id\":\"https:\/\/exceladvisor.org\/tr\/#organization\"},\"potentialAction\":[{\"@type\":\"SearchAction\",\"target\":{\"@type\":\"EntryPoint\",\"urlTemplate\":\"https:\/\/exceladvisor.org\/tr\/?s={search_term_string}\"},\"query-input\":{\"@type\":\"PropertyValueSpecification\",\"valueRequired\":true,\"valueName\":\"search_term_string\"}}],\"inLanguage\":\"tr\"},{\"@type\":\"Organization\",\"@id\":\"https:\/\/exceladvisor.org\/tr\/#organization\",\"name\":\"Excel Advisor\",\"url\":\"https:\/\/exceladvisor.org\/tr\/\",\"logo\":{\"@type\":\"ImageObject\",\"inLanguage\":\"tr\",\"@id\":\"https:\/\/exceladvisor.org\/tr\/#\/schema\/logo\/image\/\",\"url\":\"https:\/\/exceladvisor.org\/tr\/wp-content\/uploads\/2023\/12\/exceladvisor.org_.png\",\"contentUrl\":\"https:\/\/exceladvisor.org\/tr\/wp-content\/uploads\/2023\/12\/exceladvisor.org_.png\",\"width\":105,\"height\":36,\"caption\":\"Excel Advisor\"},\"image\":{\"@id\":\"https:\/\/exceladvisor.org\/tr\/#\/schema\/logo\/image\/\"}}]}<\/script>\n<!-- \/ Yoast SEO plugin. -->","yoast_head_json":{"title":"\u25b7 Mutlak referans klavye k\u0131sayolu nedir?","description":"Excel&#39;de mutlak bir referans uygulamak i\u00e7in klavye k\u0131sayolunu nas\u0131l kullanaca\u011f\u0131n\u0131z\u0131 \u00f6\u011frenin. Art\u0131k bu klavye k\u0131sayolu \u015funlar\u0131 i\u00e7eriyor:","robots":{"index":"index","follow":"follow","max-snippet":"max-snippet:-1","max-image-preview":"max-image-preview:large","max-video-preview":"max-video-preview:-1"},"canonical":"https:\/\/exceladvisor.org\/tr\/mutlak-referans\/","og_locale":"tr_TR","og_type":"article","og_title":"\u25b7 Mutlak referans klavye k\u0131sayolu nedir?","og_description":"Excel&#39;de mutlak bir referans uygulamak i\u00e7in klavye k\u0131sayolunu nas\u0131l kullanaca\u011f\u0131n\u0131z\u0131 \u00f6\u011frenin. Art\u0131k bu klavye k\u0131sayolu \u015funlar\u0131 i\u00e7eriyor:","og_url":"https:\/\/exceladvisor.org\/tr\/mutlak-referans\/","og_site_name":"Excel Advisor","article_modified_time":"2023-12-10T06:04:41+00:00","og_image":[{"url":"https:\/\/exceladvisor.org\/wp-content\/uploads\/2023\/08\/1-raccourci-vers-la-reference-absolue.png","type":"","width":"","height":""}],"twitter_card":"summary_large_image","twitter_misc":{"Tahmini okuma s\u00fcresi":"2 dakika"},"schema":{"@context":"https:\/\/schema.org","@graph":[{"@type":"WebPage","@id":"https:\/\/exceladvisor.org\/tr\/mutlak-referans\/","url":"https:\/\/exceladvisor.org\/tr\/mutlak-referans\/","name":"\u25b7 Mutlak referans klavye k\u0131sayolu nedir?","isPartOf":{"@id":"https:\/\/exceladvisor.org\/tr\/#website"},"primaryImageOfPage":{"@id":"https:\/\/exceladvisor.org\/tr\/mutlak-referans\/#primaryimage"},"image":{"@id":"https:\/\/exceladvisor.org\/tr\/mutlak-referans\/#primaryimage"},"thumbnailUrl":"https:\/\/exceladvisor.org\/wp-content\/uploads\/2023\/08\/1-raccourci-vers-la-reference-absolue.png","datePublished":"2023-10-20T02:28:14+00:00","dateModified":"2023-12-10T06:04:41+00:00","description":"Excel&#39;de mutlak bir referans uygulamak i\u00e7in klavye k\u0131sayolunu nas\u0131l kullanaca\u011f\u0131n\u0131z\u0131 \u00f6\u011frenin. Art\u0131k bu klavye k\u0131sayolu \u015funlar\u0131 i\u00e7eriyor:","breadcrumb":{"@id":"https:\/\/exceladvisor.org\/tr\/mutlak-referans\/#breadcrumb"},"inLanguage":"tr","potentialAction":[{"@type":"ReadAction","target":["https:\/\/exceladvisor.org\/tr\/mutlak-referans\/"]}]},{"@type":"ImageObject","inLanguage":"tr","@id":"https:\/\/exceladvisor.org\/tr\/mutlak-referans\/#primaryimage","url":"https:\/\/exceladvisor.org\/wp-content\/uploads\/2023\/08\/1-raccourci-vers-la-reference-absolue.png","contentUrl":"https:\/\/exceladvisor.org\/wp-content\/uploads\/2023\/08\/1-raccourci-vers-la-reference-absolue.png"},{"@type":"BreadcrumbList","@id":"https:\/\/exceladvisor.org\/tr\/mutlak-referans\/#breadcrumb","itemListElement":[{"@type":"ListItem","position":1,"name":"Ev","item":"https:\/\/exceladvisor.org\/tr\/"},{"@type":"ListItem","position":2,"name":"Mutlak referans i\u00e7in excel klavye k\u0131sayolu"}]},{"@type":"WebSite","@id":"https:\/\/exceladvisor.org\/tr\/#website","url":"https:\/\/exceladvisor.org\/tr\/","name":"Excel Advisor","description":"Veri hakimiyetine y\u00f6nelik nihai rehberiniz!","publisher":{"@id":"https:\/\/exceladvisor.org\/tr\/#organization"},"potentialAction":[{"@type":"SearchAction","target":{"@type":"EntryPoint","urlTemplate":"https:\/\/exceladvisor.org\/tr\/?s={search_term_string}"},"query-input":{"@type":"PropertyValueSpecification","valueRequired":true,"valueName":"search_term_string"}}],"inLanguage":"tr"},{"@type":"Organization","@id":"https:\/\/exceladvisor.org\/tr\/#organization","name":"Excel Advisor","url":"https:\/\/exceladvisor.org\/tr\/","logo":{"@type":"ImageObject","inLanguage":"tr","@id":"https:\/\/exceladvisor.org\/tr\/#\/schema\/logo\/image\/","url":"https:\/\/exceladvisor.org\/tr\/wp-content\/uploads\/2023\/12\/exceladvisor.org_.png","contentUrl":"https:\/\/exceladvisor.org\/tr\/wp-content\/uploads\/2023\/12\/exceladvisor.org_.png","width":105,"height":36,"caption":"Excel Advisor"},"image":{"@id":"https:\/\/exceladvisor.org\/tr\/#\/schema\/logo\/image\/"}}]}},"yoast_meta":{"yoast_wpseo_title":"","yoast_wpseo_metadesc":"","yoast_wpseo_canonical":""},"_links":{"self":[{"href":"https:\/\/exceladvisor.org\/tr\/wp-json\/wp\/v2\/pages\/2078","targetHints":{"allow":["GET"]}}],"collection":[{"href":"https:\/\/exceladvisor.org\/tr\/wp-json\/wp\/v2\/pages"}],"about":[{"href":"https:\/\/exceladvisor.org\/tr\/wp-json\/wp\/v2\/types\/page"}],"author":[{"embeddable":true,"href":"https:\/\/exceladvisor.org\/tr\/wp-json\/wp\/v2\/users\/1"}],"replies":[{"embeddable":true,"href":"https:\/\/exceladvisor.org\/tr\/wp-json\/wp\/v2\/comments?post=2078"}],"version-history":[{"count":1,"href":"https:\/\/exceladvisor.org\/tr\/wp-json\/wp\/v2\/pages\/2078\/revisions"}],"predecessor-version":[{"id":2754,"href":"https:\/\/exceladvisor.org\/tr\/wp-json\/wp\/v2\/pages\/2078\/revisions\/2754"}],"wp:attachment":[{"href":"https:\/\/exceladvisor.org\/tr\/wp-json\/wp\/v2\/media?parent=2078"}],"curies":[{"name":"wp","href":"https:\/\/api.w.org\/{rel}","templated":true}]}}