{"id":2079,"date":"2023-10-20T00:30:00","date_gmt":"2023-10-20T00:30:00","guid":{"rendered":"https:\/\/exceladvisor.org\/tr\/bant\/"},"modified":"2023-12-10T06:01:31","modified_gmt":"2023-12-10T06:01:31","slug":"bant","status":"publish","type":"page","link":"https:\/\/exceladvisor.org\/tr\/bant\/","title":{"rendered":"Excel&#39;de grup i\u00e7in klavye k\u0131sayolu nedir?"},"content":{"rendered":"<div class=\"excel-icerikten-once\" id=\"excel-815772531\"><script type=\"text\/javascript\">\r\n\tatOptions = {\r\n\t\t'key' : 'c1158f160081d6540a8409e6925dab94',\r\n\t\t'format' : 'iframe',\r\n\t\t'height' : 250,\r\n\t\t'width' : 300,\r\n\t\t'params' : {}\r\n\t};\r\n<\/script>\r\n<script type=\"text\/javascript\" src=\"\/\/www.highperformanceformat.com\/c1158f160081d6540a8409e6925dab94\/invoke.js\"><\/script><\/div> <p>Excel&#8217;de Gruplama, sat\u0131rlar\u0131 ve s\u00fctunlar\u0131 gruplamak i\u00e7in kullan\u0131lan bir \u00f6zelliktir. B\u00fcy\u00fck veri k\u00fcmeleriyle \u00e7al\u0131\u015f\u0131yorsan\u0131z, sat\u0131r veya s\u00fctun gruplar\u0131n\u0131 gizlemek ve verileri daha verimli hale getirmek i\u00e7in sat\u0131rlar\u0131 ve\/veya s\u00fctunlar\u0131 gruplar halinde grupland\u0131rma ihtiyac\u0131n\u0131 hi\u00e7 hissetmediniz.<\/p><p> Bu grup \u00f6zelli\u011fini kullanarak, se\u00e7ilen farkl\u0131 sat\u0131r veya s\u00fctunlar\u0131 bu gruplara ekleyerek birden fazla grup olu\u015fturabilir ve di\u011fer Excel \u00f6zellikleri gibi bunu manuel olarak veya klavye k\u0131sayolunu kullanarak yapabilirsiniz.<\/p><p> K\u0131sayollara merakl\u0131ysan\u0131z bu e\u011fitim, klavye k\u0131sayolunu kullanarak sat\u0131rlar\u0131 ve s\u00fctunlar\u0131 nas\u0131l grupland\u0131raca\u011f\u0131n\u0131z\u0131 \u00f6\u011frenmenize yard\u0131mc\u0131 olacakt\u0131r.<\/p><h2 class=\"wp-block-heading\"> Excel&#8217;de gruplamak i\u00e7in klavye k\u0131sayolu<\/h2><p> <kbd>Alt<\/kbd> + <kbd>\u00dcst Karakter<\/kbd> + <kbd>\u279e<\/kbd> <\/p><div class=\"wp-block-image\"><figure class=\"aligncenter size-full is-resized\"><img loading=\"lazy\" decoding=\"async\" class=\"wp-image-70444\" src=\"https:\/\/exceladvisor.org\/wp-content\/uploads\/2023\/08\/1-raccourci-clavier-pour-le-regroupement.png\" sizes=\"auto, \" srcset=\"\" alt=\"gruplama i\u00e7in k\u0131sayol tu\u015fu\" width=\"724\" height=\"284\"><\/figure><\/div><h2 class=\"wp-block-heading\"> Klavye k\u0131sayolu kullanarak sat\u0131rlar\u0131 veya s\u00fctunlar\u0131 grupland\u0131rma ad\u0131mlar\u0131<\/h2><ol><li> \u00d6ncelikle grupland\u0131rmak istedi\u011finiz sat\u0131r veya s\u00fctunlar\u0131 se\u00e7in. <br><img loading=\"lazy\" decoding=\"async\" title=\"Grupland\u0131rma i\u00e7in 2 sat\u0131r se\u00e7\" src=\"https:\/\/exceladvisor.org\/wp-content\/uploads\/2023\/08\/2-lignes-de-selection-pour-le-regroupement.png\" sizes=\"auto, \" srcset=\"\" alt=\"select-rows-for-grouping\" width=\"534\" height=\"200\"><\/li><li> Bundan sonra \u201cAlt + Shift + \u279e (Sa\u011f Ok)\u201d tu\u015flar\u0131na bast\u0131\u011f\u0131n\u0131zda se\u00e7ilen sat\u0131r veya s\u00fctunlar\u0131n bir arada gruplanmas\u0131n\u0131 sa\u011flayabilirsiniz.<\/li><li> Art\u0131k gruplanm\u0131\u015f sat\u0131rlar\u0131 daraltmak i\u00e7in grupland\u0131r\u0131lm\u0131\u015f sat\u0131rlardaki herhangi bir h\u00fccreye gidip \u201cAlt \u2192 A \u2192 H\u201d tu\u015flar\u0131na bast\u0131\u011f\u0131n\u0131zda grubunuz daralt\u0131l\u0131r ve sat\u0131rlar gizlenir.<\/li><li> Veya grupland\u0131r\u0131lm\u0131\u015f sat\u0131rlar\u0131 daraltmak i\u00e7in \u00e7al\u0131\u015fma sayfas\u0131n\u0131n sol \u00e7ubu\u011fundaki grupland\u0131rma i\u015faretlerini (-) t\u0131klatabilirsiniz. <br><img loading=\"lazy\" decoding=\"async\" title=\"3 sat\u0131r grupland\u0131r\u0131lm\u0131\u015f\" src=\"https:\/\/exceladvisor.org\/wp-content\/uploads\/2023\/08\/3-rangees-groupees.png\" sizes=\"auto, \" srcset=\"\" alt=\"grouped-rows\" width=\"572\" height=\"199\"><\/li><li> Grupland\u0131r\u0131lm\u0131\u015f sat\u0131rlar\u0131 geni\u015fletmek i\u00e7in grupland\u0131r\u0131lm\u0131\u015f sat\u0131ra gidip \u201cAlt \u2192 A \u2192 H\u201d tu\u015flar\u0131na veya (+) i\u015faretine basarak grubunuz geni\u015fletilecektir. <br><img loading=\"lazy\" decoding=\"async\" title=\"4 sat\u0131r birlikte grupland\u0131r\u0131lm\u0131\u015f\" src=\"https:\/\/exceladvisor.org\/wp-content\/uploads\/2023\/08\/4-rangees-groupees-collees.png\" sizes=\"auto, \" srcset=\"\" alt=\"collaped-grouped-rows\" width=\"616\" height=\"100\"><\/li><\/ol><p> Sat\u0131r veya s\u00fctunlar\u0131n tamam\u0131n\u0131 se\u00e7mek yerine sadece h\u00fccreleri se\u00e7erseniz \u201cAlt + Shift + \u279e\u201d tu\u015flar\u0131na bast\u0131\u011f\u0131n\u0131zda kar\u015f\u0131n\u0131za gruplama i\u00e7in sat\u0131r veya s\u00fctun se\u00e7ene\u011fini se\u00e7menizi isteyen bir a\u00e7\u0131l\u0131r pencere gelecektir. <\/p><div class=\"wp-block-image is-style-default\"><figure class=\"aligncenter size-full is-resized\"><img loading=\"lazy\" decoding=\"async\" class=\"wp-image-70448\" src=\"https:\/\/exceladvisor.org\/wp-content\/uploads\/2023\/08\/Boite-de-dialogue-a-5-groupes.png\" sizes=\"auto, \" srcset=\"\" alt=\"grup diyalo\u011fu\" width=\"200\" height=\"156\"><\/figure><\/div><div class=\"wp-block-group more-tutorials is-layout-flow\"><div class=\"wp-block-group__inner-container\"><h2 class=\"wp-block-heading\"> Daha fazla e\u011fitim <\/h2><div class=\"wp-block-columns is-layout-flex wp-container-19\"><div class=\"wp-block-column is-layout-flow\"><ul><li> <a href=\"https:\/\/exceladvisor.org\/tr\/kapali\/\">Kapal\u0131<\/a><\/li><li> <a href=\"https:\/\/exceladvisor.org\/tr\/tam-ekran\/\">Tam ekran<\/a><\/li><li> <a href=\"https:\/\/exceladvisor.org\/tr\/baski-onizleme-1\/\">Yazd\u0131rmadan \u00f6nce \u00f6nizleme<\/a><\/li><\/ul><\/div><\/div><\/div><\/div>","protected":false},"excerpt":{"rendered":"","protected":false},"author":1,"featured_media":0,"parent":0,"menu_order":0,"comment_status":"open","ping_status":"closed","template":"","meta":{"ub_ctt_via":"","footnotes":""},"class_list":["post-2079","page","type-page","status-publish","hentry"],"featured_image_src":null,"yoast_head":"<!-- This site is optimized with the Yoast SEO plugin v25.4 - https:\/\/yoast.com\/wordpress\/plugins\/seo\/ -->\n<title>Excel&#039;de grup i\u00e7in klavye k\u0131sayolu nedir?<\/title>\n<meta name=\"description\" content=\"Bu e\u011fitimde Excel&#039;de sat\u0131rlar\u0131 ve s\u00fctunlar\u0131 gruplamak i\u00e7in klavye k\u0131sayolunu nas\u0131l kullanaca\u011f\u0131n\u0131z\u0131 \u00f6\u011freneceksiniz.\" \/>\n<meta name=\"robots\" content=\"index, follow, max-snippet:-1, max-image-preview:large, max-video-preview:-1\" \/>\n<link rel=\"canonical\" href=\"https:\/\/exceladvisor.org\/tr\/bant\/\" \/>\n<meta property=\"og:locale\" content=\"tr_TR\" \/>\n<meta property=\"og:type\" content=\"article\" \/>\n<meta property=\"og:title\" content=\"Excel&#039;de grup i\u00e7in klavye k\u0131sayolu nedir?\" \/>\n<meta property=\"og:description\" content=\"Bu e\u011fitimde Excel&#039;de sat\u0131rlar\u0131 ve s\u00fctunlar\u0131 gruplamak i\u00e7in klavye k\u0131sayolunu nas\u0131l kullanaca\u011f\u0131n\u0131z\u0131 \u00f6\u011freneceksiniz.\" \/>\n<meta property=\"og:url\" content=\"https:\/\/exceladvisor.org\/tr\/bant\/\" \/>\n<meta property=\"og:site_name\" content=\"Excel Advisor\" \/>\n<meta property=\"article:modified_time\" content=\"2023-12-10T06:01:31+00:00\" \/>\n<meta property=\"og:image\" content=\"https:\/\/exceladvisor.org\/wp-content\/uploads\/2023\/08\/1-raccourci-clavier-pour-le-regroupement.png\" \/>\n<meta name=\"twitter:card\" content=\"summary_large_image\" \/>\n<meta name=\"twitter:label1\" content=\"Tahmini okuma s\u00fcresi\" \/>\n\t<meta name=\"twitter:data1\" content=\"2 dakika\" \/>\n<script type=\"application\/ld+json\" class=\"yoast-schema-graph\">{\"@context\":\"https:\/\/schema.org\",\"@graph\":[{\"@type\":\"WebPage\",\"@id\":\"https:\/\/exceladvisor.org\/tr\/bant\/\",\"url\":\"https:\/\/exceladvisor.org\/tr\/bant\/\",\"name\":\"Excel&#39;de grup i\u00e7in klavye k\u0131sayolu nedir?\",\"isPartOf\":{\"@id\":\"https:\/\/exceladvisor.org\/tr\/#website\"},\"primaryImageOfPage\":{\"@id\":\"https:\/\/exceladvisor.org\/tr\/bant\/#primaryimage\"},\"image\":{\"@id\":\"https:\/\/exceladvisor.org\/tr\/bant\/#primaryimage\"},\"thumbnailUrl\":\"https:\/\/exceladvisor.org\/wp-content\/uploads\/2023\/08\/1-raccourci-clavier-pour-le-regroupement.png\",\"datePublished\":\"2023-10-20T00:30:00+00:00\",\"dateModified\":\"2023-12-10T06:01:31+00:00\",\"description\":\"Bu e\u011fitimde Excel&#39;de sat\u0131rlar\u0131 ve s\u00fctunlar\u0131 gruplamak i\u00e7in klavye k\u0131sayolunu nas\u0131l kullanaca\u011f\u0131n\u0131z\u0131 \u00f6\u011freneceksiniz.\",\"breadcrumb\":{\"@id\":\"https:\/\/exceladvisor.org\/tr\/bant\/#breadcrumb\"},\"inLanguage\":\"tr\",\"potentialAction\":[{\"@type\":\"ReadAction\",\"target\":[\"https:\/\/exceladvisor.org\/tr\/bant\/\"]}]},{\"@type\":\"ImageObject\",\"inLanguage\":\"tr\",\"@id\":\"https:\/\/exceladvisor.org\/tr\/bant\/#primaryimage\",\"url\":\"https:\/\/exceladvisor.org\/wp-content\/uploads\/2023\/08\/1-raccourci-clavier-pour-le-regroupement.png\",\"contentUrl\":\"https:\/\/exceladvisor.org\/wp-content\/uploads\/2023\/08\/1-raccourci-clavier-pour-le-regroupement.png\"},{\"@type\":\"BreadcrumbList\",\"@id\":\"https:\/\/exceladvisor.org\/tr\/bant\/#breadcrumb\",\"itemListElement\":[{\"@type\":\"ListItem\",\"position\":1,\"name\":\"Ev\",\"item\":\"https:\/\/exceladvisor.org\/tr\/\"},{\"@type\":\"ListItem\",\"position\":2,\"name\":\"Excel&#39;de grup i\u00e7in klavye k\u0131sayolu nedir?\"}]},{\"@type\":\"WebSite\",\"@id\":\"https:\/\/exceladvisor.org\/tr\/#website\",\"url\":\"https:\/\/exceladvisor.org\/tr\/\",\"name\":\"Excel Advisor\",\"description\":\"Veri hakimiyetine y\u00f6nelik nihai rehberiniz!\",\"publisher\":{\"@id\":\"https:\/\/exceladvisor.org\/tr\/#organization\"},\"potentialAction\":[{\"@type\":\"SearchAction\",\"target\":{\"@type\":\"EntryPoint\",\"urlTemplate\":\"https:\/\/exceladvisor.org\/tr\/?s={search_term_string}\"},\"query-input\":{\"@type\":\"PropertyValueSpecification\",\"valueRequired\":true,\"valueName\":\"search_term_string\"}}],\"inLanguage\":\"tr\"},{\"@type\":\"Organization\",\"@id\":\"https:\/\/exceladvisor.org\/tr\/#organization\",\"name\":\"Excel Advisor\",\"url\":\"https:\/\/exceladvisor.org\/tr\/\",\"logo\":{\"@type\":\"ImageObject\",\"inLanguage\":\"tr\",\"@id\":\"https:\/\/exceladvisor.org\/tr\/#\/schema\/logo\/image\/\",\"url\":\"https:\/\/exceladvisor.org\/tr\/wp-content\/uploads\/2023\/12\/exceladvisor.org_.png\",\"contentUrl\":\"https:\/\/exceladvisor.org\/tr\/wp-content\/uploads\/2023\/12\/exceladvisor.org_.png\",\"width\":105,\"height\":36,\"caption\":\"Excel Advisor\"},\"image\":{\"@id\":\"https:\/\/exceladvisor.org\/tr\/#\/schema\/logo\/image\/\"}}]}<\/script>\n<!-- \/ Yoast SEO plugin. -->","yoast_head_json":{"title":"Excel&#39;de grup i\u00e7in klavye k\u0131sayolu nedir?","description":"Bu e\u011fitimde Excel&#39;de sat\u0131rlar\u0131 ve s\u00fctunlar\u0131 gruplamak i\u00e7in klavye k\u0131sayolunu nas\u0131l kullanaca\u011f\u0131n\u0131z\u0131 \u00f6\u011freneceksiniz.","robots":{"index":"index","follow":"follow","max-snippet":"max-snippet:-1","max-image-preview":"max-image-preview:large","max-video-preview":"max-video-preview:-1"},"canonical":"https:\/\/exceladvisor.org\/tr\/bant\/","og_locale":"tr_TR","og_type":"article","og_title":"Excel&#39;de grup i\u00e7in klavye k\u0131sayolu nedir?","og_description":"Bu e\u011fitimde Excel&#39;de sat\u0131rlar\u0131 ve s\u00fctunlar\u0131 gruplamak i\u00e7in klavye k\u0131sayolunu nas\u0131l kullanaca\u011f\u0131n\u0131z\u0131 \u00f6\u011freneceksiniz.","og_url":"https:\/\/exceladvisor.org\/tr\/bant\/","og_site_name":"Excel Advisor","article_modified_time":"2023-12-10T06:01:31+00:00","og_image":[{"url":"https:\/\/exceladvisor.org\/wp-content\/uploads\/2023\/08\/1-raccourci-clavier-pour-le-regroupement.png","type":"","width":"","height":""}],"twitter_card":"summary_large_image","twitter_misc":{"Tahmini okuma s\u00fcresi":"2 dakika"},"schema":{"@context":"https:\/\/schema.org","@graph":[{"@type":"WebPage","@id":"https:\/\/exceladvisor.org\/tr\/bant\/","url":"https:\/\/exceladvisor.org\/tr\/bant\/","name":"Excel&#39;de grup i\u00e7in klavye k\u0131sayolu nedir?","isPartOf":{"@id":"https:\/\/exceladvisor.org\/tr\/#website"},"primaryImageOfPage":{"@id":"https:\/\/exceladvisor.org\/tr\/bant\/#primaryimage"},"image":{"@id":"https:\/\/exceladvisor.org\/tr\/bant\/#primaryimage"},"thumbnailUrl":"https:\/\/exceladvisor.org\/wp-content\/uploads\/2023\/08\/1-raccourci-clavier-pour-le-regroupement.png","datePublished":"2023-10-20T00:30:00+00:00","dateModified":"2023-12-10T06:01:31+00:00","description":"Bu e\u011fitimde Excel&#39;de sat\u0131rlar\u0131 ve s\u00fctunlar\u0131 gruplamak i\u00e7in klavye k\u0131sayolunu nas\u0131l kullanaca\u011f\u0131n\u0131z\u0131 \u00f6\u011freneceksiniz.","breadcrumb":{"@id":"https:\/\/exceladvisor.org\/tr\/bant\/#breadcrumb"},"inLanguage":"tr","potentialAction":[{"@type":"ReadAction","target":["https:\/\/exceladvisor.org\/tr\/bant\/"]}]},{"@type":"ImageObject","inLanguage":"tr","@id":"https:\/\/exceladvisor.org\/tr\/bant\/#primaryimage","url":"https:\/\/exceladvisor.org\/wp-content\/uploads\/2023\/08\/1-raccourci-clavier-pour-le-regroupement.png","contentUrl":"https:\/\/exceladvisor.org\/wp-content\/uploads\/2023\/08\/1-raccourci-clavier-pour-le-regroupement.png"},{"@type":"BreadcrumbList","@id":"https:\/\/exceladvisor.org\/tr\/bant\/#breadcrumb","itemListElement":[{"@type":"ListItem","position":1,"name":"Ev","item":"https:\/\/exceladvisor.org\/tr\/"},{"@type":"ListItem","position":2,"name":"Excel&#39;de grup i\u00e7in klavye k\u0131sayolu nedir?"}]},{"@type":"WebSite","@id":"https:\/\/exceladvisor.org\/tr\/#website","url":"https:\/\/exceladvisor.org\/tr\/","name":"Excel Advisor","description":"Veri hakimiyetine y\u00f6nelik nihai rehberiniz!","publisher":{"@id":"https:\/\/exceladvisor.org\/tr\/#organization"},"potentialAction":[{"@type":"SearchAction","target":{"@type":"EntryPoint","urlTemplate":"https:\/\/exceladvisor.org\/tr\/?s={search_term_string}"},"query-input":{"@type":"PropertyValueSpecification","valueRequired":true,"valueName":"search_term_string"}}],"inLanguage":"tr"},{"@type":"Organization","@id":"https:\/\/exceladvisor.org\/tr\/#organization","name":"Excel Advisor","url":"https:\/\/exceladvisor.org\/tr\/","logo":{"@type":"ImageObject","inLanguage":"tr","@id":"https:\/\/exceladvisor.org\/tr\/#\/schema\/logo\/image\/","url":"https:\/\/exceladvisor.org\/tr\/wp-content\/uploads\/2023\/12\/exceladvisor.org_.png","contentUrl":"https:\/\/exceladvisor.org\/tr\/wp-content\/uploads\/2023\/12\/exceladvisor.org_.png","width":105,"height":36,"caption":"Excel Advisor"},"image":{"@id":"https:\/\/exceladvisor.org\/tr\/#\/schema\/logo\/image\/"}}]}},"yoast_meta":{"yoast_wpseo_title":"","yoast_wpseo_metadesc":"","yoast_wpseo_canonical":""},"_links":{"self":[{"href":"https:\/\/exceladvisor.org\/tr\/wp-json\/wp\/v2\/pages\/2079","targetHints":{"allow":["GET"]}}],"collection":[{"href":"https:\/\/exceladvisor.org\/tr\/wp-json\/wp\/v2\/pages"}],"about":[{"href":"https:\/\/exceladvisor.org\/tr\/wp-json\/wp\/v2\/types\/page"}],"author":[{"embeddable":true,"href":"https:\/\/exceladvisor.org\/tr\/wp-json\/wp\/v2\/users\/1"}],"replies":[{"embeddable":true,"href":"https:\/\/exceladvisor.org\/tr\/wp-json\/wp\/v2\/comments?post=2079"}],"version-history":[{"count":1,"href":"https:\/\/exceladvisor.org\/tr\/wp-json\/wp\/v2\/pages\/2079\/revisions"}],"predecessor-version":[{"id":2534,"href":"https:\/\/exceladvisor.org\/tr\/wp-json\/wp\/v2\/pages\/2079\/revisions\/2534"}],"wp:attachment":[{"href":"https:\/\/exceladvisor.org\/tr\/wp-json\/wp\/v2\/media?parent=2079"}],"curies":[{"name":"wp","href":"https:\/\/api.w.org\/{rel}","templated":true}]}}