{"id":2080,"date":"2023-10-20T00:11:35","date_gmt":"2023-10-20T00:11:35","guid":{"rendered":"https:\/\/exceladvisor.org\/tr\/kopru-2\/"},"modified":"2023-12-10T05:59:51","modified_gmt":"2023-12-10T05:59:51","slug":"kopru-2","status":"publish","type":"page","link":"https:\/\/exceladvisor.org\/tr\/kopru-2\/","title":{"rendered":"Excel k\u0131sayolunu kullanarak k\u00f6pr\u00fcler nas\u0131l eklenir?"},"content":{"rendered":"<div class=\"excel-icerikten-once\" id=\"excel-2085300187\"><script type=\"text\/javascript\">\r\n\tatOptions = {\r\n\t\t'key' : 'c1158f160081d6540a8409e6925dab94',\r\n\t\t'format' : 'iframe',\r\n\t\t'height' : 250,\r\n\t\t'width' : 300,\r\n\t\t'params' : {}\r\n\t};\r\n<\/script>\r\n<script type=\"text\/javascript\" src=\"\/\/www.highperformanceformat.com\/c1158f160081d6540a8409e6925dab94\/invoke.js\"><\/script><\/div> <p>Excel&#8217;de kullan\u0131c\u0131lar\u0131n bazen ilgili bilgi dosyas\u0131na, belgeye, web adresine ve e-posta adresine ba\u015fvurmak i\u00e7in h\u00fccreye bir ba\u011flant\u0131 eklemeleri gerekir; bu, K\u00f6pr\u00fc i\u015flevi kullan\u0131larak yap\u0131labilir.<\/p><p> Kullan\u0131c\u0131lar k\u00f6pr\u00fcye t\u0131klayarak ba\u011flant\u0131l\u0131 dosyaya, belgeye, web adresine ve e-posta adresine eri\u015febilir.<\/p><p> K\u00f6pr\u00fclerin tan\u0131nmas\u0131 kolayd\u0131r \u00e7\u00fcnk\u00fc altlar\u0131 mavi veya mor renkle \u00e7izilmi\u015ftir.<\/p><p> Excel&#8217;de k\u00f6pr\u00fc eklemenin birka\u00e7 yolu vard\u0131r, ancak bu e\u011fitimde k\u00f6pr\u00fc eklemeye y\u00f6nelik klavye k\u0131sayolunu a\u00e7\u0131klad\u0131k.<\/p><h2 class=\"wp-block-heading\"> Excel&#8217;de k\u00f6pr\u00fc eklemek i\u00e7in klavye k\u0131sayolu<\/h2><p> <kbd>Ctrl<\/kbd> + <kbd>K<\/kbd> <\/p><div class=\"wp-block-image\"><figure class=\"aligncenter size-full is-resized\"><img loading=\"lazy\" decoding=\"async\" class=\"wp-image-70459\" src=\"https:\/\/exceladvisor.org\/wp-content\/uploads\/2023\/08\/1-raccourci-pour-creer-un-lien-hypertexte.png\" sizes=\"auto, \" srcset=\"\" alt=\"k\u00f6pr\u00fc olu\u015fturma k\u0131sayolu\" width=\"784\" height=\"308\"><\/figure><\/div><h2 class=\"wp-block-heading\"> Klavye K\u0131sayolu Kullanarak K\u00f6pr\u00fc Ekleme Ad\u0131mlar\u0131<\/h2><ol><li> \u0130lk \u00f6nce k\u00f6pr\u00fcy\u00fc eklemek istedi\u011finiz h\u00fccreyi se\u00e7in.<\/li><li> Bundan sonra \u201cCtrl + K\u201d tu\u015flar\u0131na bas\u0131n, \u201cK\u00f6pr\u00fc Ekle\u201d ileti\u015fim kutusu a\u00e7\u0131lacakt\u0131r.<\/li><li> \u015eimdi dosyay\u0131 se\u00e7in veya se\u00e7ilen h\u00fccrede ba\u011flanmak istedi\u011finiz adres alan\u0131na web ba\u011flant\u0131s\u0131n\u0131 girin ve \u201cEnter\u201d tu\u015funa bas\u0131n. <\/li><\/ol><div class=\"wp-block-image\"><figure class=\"aligncenter size-full is-resized\"><img loading=\"lazy\" decoding=\"async\" class=\"wp-image-70460\" src=\"https:\/\/exceladvisor.org\/wp-content\/uploads\/2023\/08\/2-boite-de-dialogue-Inserer-un-lien-hypertexte.png\" sizes=\"auto, \" srcset=\"\" alt=\"k\u00f6pr\u00fc ba\u011flant\u0131s\u0131 ekle ileti\u015fim kutusu\" width=\"656\" height=\"344\"><\/figure><\/div><p> Not: Excel&#8217;de, &#8220;K\u00f6pr\u00fc Ekle&#8221; ileti\u015fim kutusundan h\u00fccreye ekleyebilece\u011finiz \u00e7e\u015fitli k\u00f6pr\u00fc t\u00fcrleri vard\u0131r ve t\u00fcm t\u00fcrleri \u00f6\u011frenmek i\u00e7in l\u00fctfen &#8221; <a href=\"https:\/\/exceladvisor.org\/tr\/kopruleri-ekle-kaldir\/\" target=\"_blank\" rel=\"noreferrer noopener\">K\u00f6pr\u00fc Ba\u011flant\u0131lar\u0131 Ekle ve Kald\u0131r&#8221;<\/a> sayfas\u0131n\u0131 ziyaret edin. <\/p><div class=\"wp-block-group more-tutorials is-layout-flow\"><div class=\"wp-block-group__inner-container\"><h2 class=\"wp-block-heading\"> Daha fazla e\u011fitim <\/h2><div class=\"wp-block-columns is-layout-flex wp-container-15\"><div class=\"wp-block-column is-layout-flow\"><ul><li> <a href=\"https:\/\/exceladvisor.org\/tr\/yeni-bir-sayfa-ekle\/\">Yeni bir sayfa ekle<\/a><\/li><li> <a href=\"https:\/\/exceladvisor.org\/tr\/bir-sayfayi-sil\/\">Sayfay\u0131 sil<\/a><\/li><li> <a href=\"https:\/\/exceladvisor.org\/tr\/bul-degistir-1\/\">Bul ve De\u011fi\u015ftir<\/a><\/li><\/ul><\/div><div class=\"wp-block-column is-layout-flow\"><ul><li> <a href=\"https:\/\/exceladvisor.org\/tr\/deklansoru-dondur\/\">Tavay\u0131 dondurun<\/a><\/li><li> <a href=\"https:\/\/exceladvisor.org\/tr\/yaklastir-uzaklastir\/\">Yakla\u015ft\u0131r, uzakla\u015ft\u0131r<\/a><\/li><\/ul><\/div><\/div><\/div><\/div>","protected":false},"excerpt":{"rendered":"","protected":false},"author":1,"featured_media":0,"parent":0,"menu_order":0,"comment_status":"open","ping_status":"closed","template":"","meta":{"ub_ctt_via":"","footnotes":""},"class_list":["post-2080","page","type-page","status-publish","hentry"],"featured_image_src":null,"yoast_head":"<!-- This site is optimized with the Yoast SEO plugin v25.4 - https:\/\/yoast.com\/wordpress\/plugins\/seo\/ -->\n<title>\u25b7 Excel k\u0131sayolunu kullanarak k\u00f6pr\u00fcler nas\u0131l eklenir?<\/title>\n<meta name=\"description\" content=\"Bu e\u011fitimde, Excel&#039;de k\u00f6pr\u00fc eklemek i\u00e7in klavye k\u0131sayolunun nas\u0131l kullan\u0131laca\u011f\u0131n\u0131 \u00f6\u011freneceksiniz.\" \/>\n<meta name=\"robots\" content=\"index, follow, max-snippet:-1, max-image-preview:large, max-video-preview:-1\" \/>\n<link rel=\"canonical\" href=\"https:\/\/exceladvisor.org\/tr\/kopru-2\/\" \/>\n<meta property=\"og:locale\" content=\"tr_TR\" \/>\n<meta property=\"og:type\" content=\"article\" \/>\n<meta property=\"og:title\" content=\"\u25b7 Excel k\u0131sayolunu kullanarak k\u00f6pr\u00fcler nas\u0131l eklenir?\" \/>\n<meta property=\"og:description\" content=\"Bu e\u011fitimde, Excel&#039;de k\u00f6pr\u00fc eklemek i\u00e7in klavye k\u0131sayolunun nas\u0131l kullan\u0131laca\u011f\u0131n\u0131 \u00f6\u011freneceksiniz.\" \/>\n<meta property=\"og:url\" content=\"https:\/\/exceladvisor.org\/tr\/kopru-2\/\" \/>\n<meta property=\"og:site_name\" content=\"Excel Advisor\" \/>\n<meta property=\"article:modified_time\" content=\"2023-12-10T05:59:51+00:00\" \/>\n<meta property=\"og:image\" content=\"https:\/\/exceladvisor.org\/wp-content\/uploads\/2023\/08\/1-raccourci-pour-creer-un-lien-hypertexte.png\" \/>\n<meta name=\"twitter:card\" content=\"summary_large_image\" \/>\n<meta name=\"twitter:label1\" content=\"Tahmini okuma s\u00fcresi\" \/>\n\t<meta name=\"twitter:data1\" content=\"1 dakika\" \/>\n<script type=\"application\/ld+json\" class=\"yoast-schema-graph\">{\"@context\":\"https:\/\/schema.org\",\"@graph\":[{\"@type\":\"WebPage\",\"@id\":\"https:\/\/exceladvisor.org\/tr\/kopru-2\/\",\"url\":\"https:\/\/exceladvisor.org\/tr\/kopru-2\/\",\"name\":\"\u25b7 Excel k\u0131sayolunu kullanarak k\u00f6pr\u00fcler nas\u0131l eklenir?\",\"isPartOf\":{\"@id\":\"https:\/\/exceladvisor.org\/tr\/#website\"},\"primaryImageOfPage\":{\"@id\":\"https:\/\/exceladvisor.org\/tr\/kopru-2\/#primaryimage\"},\"image\":{\"@id\":\"https:\/\/exceladvisor.org\/tr\/kopru-2\/#primaryimage\"},\"thumbnailUrl\":\"https:\/\/exceladvisor.org\/wp-content\/uploads\/2023\/08\/1-raccourci-pour-creer-un-lien-hypertexte.png\",\"datePublished\":\"2023-10-20T00:11:35+00:00\",\"dateModified\":\"2023-12-10T05:59:51+00:00\",\"description\":\"Bu e\u011fitimde, Excel&#39;de k\u00f6pr\u00fc eklemek i\u00e7in klavye k\u0131sayolunun nas\u0131l kullan\u0131laca\u011f\u0131n\u0131 \u00f6\u011freneceksiniz.\",\"breadcrumb\":{\"@id\":\"https:\/\/exceladvisor.org\/tr\/kopru-2\/#breadcrumb\"},\"inLanguage\":\"tr\",\"potentialAction\":[{\"@type\":\"ReadAction\",\"target\":[\"https:\/\/exceladvisor.org\/tr\/kopru-2\/\"]}]},{\"@type\":\"ImageObject\",\"inLanguage\":\"tr\",\"@id\":\"https:\/\/exceladvisor.org\/tr\/kopru-2\/#primaryimage\",\"url\":\"https:\/\/exceladvisor.org\/wp-content\/uploads\/2023\/08\/1-raccourci-pour-creer-un-lien-hypertexte.png\",\"contentUrl\":\"https:\/\/exceladvisor.org\/wp-content\/uploads\/2023\/08\/1-raccourci-pour-creer-un-lien-hypertexte.png\"},{\"@type\":\"BreadcrumbList\",\"@id\":\"https:\/\/exceladvisor.org\/tr\/kopru-2\/#breadcrumb\",\"itemListElement\":[{\"@type\":\"ListItem\",\"position\":1,\"name\":\"Ev\",\"item\":\"https:\/\/exceladvisor.org\/tr\/\"},{\"@type\":\"ListItem\",\"position\":2,\"name\":\"Excel k\u0131sayolunu kullanarak k\u00f6pr\u00fcler nas\u0131l eklenir?\"}]},{\"@type\":\"WebSite\",\"@id\":\"https:\/\/exceladvisor.org\/tr\/#website\",\"url\":\"https:\/\/exceladvisor.org\/tr\/\",\"name\":\"Excel Advisor\",\"description\":\"Veri hakimiyetine y\u00f6nelik nihai rehberiniz!\",\"publisher\":{\"@id\":\"https:\/\/exceladvisor.org\/tr\/#organization\"},\"potentialAction\":[{\"@type\":\"SearchAction\",\"target\":{\"@type\":\"EntryPoint\",\"urlTemplate\":\"https:\/\/exceladvisor.org\/tr\/?s={search_term_string}\"},\"query-input\":{\"@type\":\"PropertyValueSpecification\",\"valueRequired\":true,\"valueName\":\"search_term_string\"}}],\"inLanguage\":\"tr\"},{\"@type\":\"Organization\",\"@id\":\"https:\/\/exceladvisor.org\/tr\/#organization\",\"name\":\"Excel Advisor\",\"url\":\"https:\/\/exceladvisor.org\/tr\/\",\"logo\":{\"@type\":\"ImageObject\",\"inLanguage\":\"tr\",\"@id\":\"https:\/\/exceladvisor.org\/tr\/#\/schema\/logo\/image\/\",\"url\":\"https:\/\/exceladvisor.org\/tr\/wp-content\/uploads\/2023\/12\/exceladvisor.org_.png\",\"contentUrl\":\"https:\/\/exceladvisor.org\/tr\/wp-content\/uploads\/2023\/12\/exceladvisor.org_.png\",\"width\":105,\"height\":36,\"caption\":\"Excel Advisor\"},\"image\":{\"@id\":\"https:\/\/exceladvisor.org\/tr\/#\/schema\/logo\/image\/\"}}]}<\/script>\n<!-- \/ Yoast SEO plugin. -->","yoast_head_json":{"title":"\u25b7 Excel k\u0131sayolunu kullanarak k\u00f6pr\u00fcler nas\u0131l eklenir?","description":"Bu e\u011fitimde, Excel&#39;de k\u00f6pr\u00fc eklemek i\u00e7in klavye k\u0131sayolunun nas\u0131l kullan\u0131laca\u011f\u0131n\u0131 \u00f6\u011freneceksiniz.","robots":{"index":"index","follow":"follow","max-snippet":"max-snippet:-1","max-image-preview":"max-image-preview:large","max-video-preview":"max-video-preview:-1"},"canonical":"https:\/\/exceladvisor.org\/tr\/kopru-2\/","og_locale":"tr_TR","og_type":"article","og_title":"\u25b7 Excel k\u0131sayolunu kullanarak k\u00f6pr\u00fcler nas\u0131l eklenir?","og_description":"Bu e\u011fitimde, Excel&#39;de k\u00f6pr\u00fc eklemek i\u00e7in klavye k\u0131sayolunun nas\u0131l kullan\u0131laca\u011f\u0131n\u0131 \u00f6\u011freneceksiniz.","og_url":"https:\/\/exceladvisor.org\/tr\/kopru-2\/","og_site_name":"Excel Advisor","article_modified_time":"2023-12-10T05:59:51+00:00","og_image":[{"url":"https:\/\/exceladvisor.org\/wp-content\/uploads\/2023\/08\/1-raccourci-pour-creer-un-lien-hypertexte.png","type":"","width":"","height":""}],"twitter_card":"summary_large_image","twitter_misc":{"Tahmini okuma s\u00fcresi":"1 dakika"},"schema":{"@context":"https:\/\/schema.org","@graph":[{"@type":"WebPage","@id":"https:\/\/exceladvisor.org\/tr\/kopru-2\/","url":"https:\/\/exceladvisor.org\/tr\/kopru-2\/","name":"\u25b7 Excel k\u0131sayolunu kullanarak k\u00f6pr\u00fcler nas\u0131l eklenir?","isPartOf":{"@id":"https:\/\/exceladvisor.org\/tr\/#website"},"primaryImageOfPage":{"@id":"https:\/\/exceladvisor.org\/tr\/kopru-2\/#primaryimage"},"image":{"@id":"https:\/\/exceladvisor.org\/tr\/kopru-2\/#primaryimage"},"thumbnailUrl":"https:\/\/exceladvisor.org\/wp-content\/uploads\/2023\/08\/1-raccourci-pour-creer-un-lien-hypertexte.png","datePublished":"2023-10-20T00:11:35+00:00","dateModified":"2023-12-10T05:59:51+00:00","description":"Bu e\u011fitimde, Excel&#39;de k\u00f6pr\u00fc eklemek i\u00e7in klavye k\u0131sayolunun nas\u0131l kullan\u0131laca\u011f\u0131n\u0131 \u00f6\u011freneceksiniz.","breadcrumb":{"@id":"https:\/\/exceladvisor.org\/tr\/kopru-2\/#breadcrumb"},"inLanguage":"tr","potentialAction":[{"@type":"ReadAction","target":["https:\/\/exceladvisor.org\/tr\/kopru-2\/"]}]},{"@type":"ImageObject","inLanguage":"tr","@id":"https:\/\/exceladvisor.org\/tr\/kopru-2\/#primaryimage","url":"https:\/\/exceladvisor.org\/wp-content\/uploads\/2023\/08\/1-raccourci-pour-creer-un-lien-hypertexte.png","contentUrl":"https:\/\/exceladvisor.org\/wp-content\/uploads\/2023\/08\/1-raccourci-pour-creer-un-lien-hypertexte.png"},{"@type":"BreadcrumbList","@id":"https:\/\/exceladvisor.org\/tr\/kopru-2\/#breadcrumb","itemListElement":[{"@type":"ListItem","position":1,"name":"Ev","item":"https:\/\/exceladvisor.org\/tr\/"},{"@type":"ListItem","position":2,"name":"Excel k\u0131sayolunu kullanarak k\u00f6pr\u00fcler nas\u0131l eklenir?"}]},{"@type":"WebSite","@id":"https:\/\/exceladvisor.org\/tr\/#website","url":"https:\/\/exceladvisor.org\/tr\/","name":"Excel Advisor","description":"Veri hakimiyetine y\u00f6nelik nihai rehberiniz!","publisher":{"@id":"https:\/\/exceladvisor.org\/tr\/#organization"},"potentialAction":[{"@type":"SearchAction","target":{"@type":"EntryPoint","urlTemplate":"https:\/\/exceladvisor.org\/tr\/?s={search_term_string}"},"query-input":{"@type":"PropertyValueSpecification","valueRequired":true,"valueName":"search_term_string"}}],"inLanguage":"tr"},{"@type":"Organization","@id":"https:\/\/exceladvisor.org\/tr\/#organization","name":"Excel Advisor","url":"https:\/\/exceladvisor.org\/tr\/","logo":{"@type":"ImageObject","inLanguage":"tr","@id":"https:\/\/exceladvisor.org\/tr\/#\/schema\/logo\/image\/","url":"https:\/\/exceladvisor.org\/tr\/wp-content\/uploads\/2023\/12\/exceladvisor.org_.png","contentUrl":"https:\/\/exceladvisor.org\/tr\/wp-content\/uploads\/2023\/12\/exceladvisor.org_.png","width":105,"height":36,"caption":"Excel Advisor"},"image":{"@id":"https:\/\/exceladvisor.org\/tr\/#\/schema\/logo\/image\/"}}]}},"yoast_meta":{"yoast_wpseo_title":"","yoast_wpseo_metadesc":"","yoast_wpseo_canonical":""},"_links":{"self":[{"href":"https:\/\/exceladvisor.org\/tr\/wp-json\/wp\/v2\/pages\/2080","targetHints":{"allow":["GET"]}}],"collection":[{"href":"https:\/\/exceladvisor.org\/tr\/wp-json\/wp\/v2\/pages"}],"about":[{"href":"https:\/\/exceladvisor.org\/tr\/wp-json\/wp\/v2\/types\/page"}],"author":[{"embeddable":true,"href":"https:\/\/exceladvisor.org\/tr\/wp-json\/wp\/v2\/users\/1"}],"replies":[{"embeddable":true,"href":"https:\/\/exceladvisor.org\/tr\/wp-json\/wp\/v2\/comments?post=2080"}],"version-history":[{"count":1,"href":"https:\/\/exceladvisor.org\/tr\/wp-json\/wp\/v2\/pages\/2080\/revisions"}],"predecessor-version":[{"id":2359,"href":"https:\/\/exceladvisor.org\/tr\/wp-json\/wp\/v2\/pages\/2080\/revisions\/2359"}],"wp:attachment":[{"href":"https:\/\/exceladvisor.org\/tr\/wp-json\/wp\/v2\/media?parent=2080"}],"curies":[{"name":"wp","href":"https:\/\/api.w.org\/{rel}","templated":true}]}}