{"id":2081,"date":"2023-10-19T09:41:31","date_gmt":"2023-10-19T09:41:31","guid":{"rendered":"https:\/\/exceladvisor.org\/tr\/otomatik-guncelleme-araligi\/"},"modified":"2023-12-10T05:58:57","modified_gmt":"2023-12-10T05:58:57","slug":"otomatik-guncelleme-araligi","status":"publish","type":"page","link":"https:\/\/exceladvisor.org\/tr\/otomatik-guncelleme-araligi\/","title":{"rendered":"Bir pivot tablo aral\u0131\u011f\u0131n\u0131 otomatik olarak nas\u0131l g\u00fcncellerim?"},"content":{"rendered":"<div class=\"excel-icerikten-once\" id=\"excel-4102642768\"><script type=\"text\/javascript\">\r\n\tatOptions = {\r\n\t\t'key' : 'c1158f160081d6540a8409e6925dab94',\r\n\t\t'format' : 'iframe',\r\n\t\t'height' : 250,\r\n\t\t'width' : 300,\r\n\t\t'params' : {}\r\n\t};\r\n<\/script>\r\n<script type=\"text\/javascript\" src=\"\/\/www.highperformanceformat.com\/c1158f160081d6540a8409e6925dab94\/invoke.js\"><\/script><\/div> <p>Bir pivot tabloyu g\u00fcncellemek zahmetli bir i\u015f, de\u011fil mi? E\u011fer i\u015finizde pivot tablolar\u0131 s\u0131kl\u0131kla kullan\u0131yorsan\u0131z, eminim ki anlayabilirsiniz.<\/p><p> Sorun \u015fu ki, kaynak sayfaya her yeni veri ekledi\u011finizde, pivot tablonuzu yenilemeden \u00f6nce pivot tablo kaynak aral\u0131\u011f\u0131n\u0131 g\u00fcncellemeniz gerekir.<\/p><p> \u015eimdi, kaynak sayfan\u0131za her g\u00fcn veri eklerseniz kaynak aral\u0131\u011f\u0131n\u0131 her g\u00fcn g\u00fcncellemeniz gerekti\u011fini hayal edin.<\/p><p> Ve her defas\u0131nda pivot tablo aral\u0131\u011f\u0131n\u0131 de\u011fi\u015ftirmek tam bir karma\u015fad\u0131r. Evet, do\u011fru, ne kadar s\u0131k veri eklerseniz kaynak aral\u0131\u011f\u0131n\u0131 da o kadar g\u00fcncellemeniz gerekir.<\/p><p> Yani, yeni veriler ekledi\u011finizde kaynak aral\u0131\u011f\u0131n\u0131 otomatik olarak g\u00fcncelleyecek bir y\u00f6nteme ihtiyac\u0131n\u0131z var.<\/p><p class=\"qt-tip\"> <strong>NOT<\/strong> : Pivot tablolar <a href=\"https:\/\/exceladvisor.org\/tr\/excel-becerileri\/\">ORTA EXCEL BECER\u0130LER\u0130N\u0130N<\/a> bir par\u00e7as\u0131d\u0131r.<\/p><h2 id=\"0-apply-table-to-have-an-auto-updating-pivot-table-range\" class=\"wp-block-heading\"> Otomatik g\u00fcncellenen pivot tablo aral\u0131\u011f\u0131na sahip olmak i\u00e7in tabloyu uygulay\u0131n<\/h2><p> Birka\u00e7 g\u00fcn \u00f6nce <a href=\"https:\/\/www.myexcelonline.com\/\" target=\"_blank\" rel=\"noreferrer noopener\">John Michaloudis&#8217;e<\/a> milyon dolarl\u0131k pivot masa bah\u015fi\u015fini sordum. \u015e\u00f6yle diyor: Kaynak verilerinizi bir tabloya koyun. \u0130nan bana, bu bir milyon dolarl\u0131k bah\u015fi\u015f.<\/p><p> Kaynak verilere bir tablo uygulad\u0131\u011f\u0131n\u0131zda pivot tablonuzun kaynak aral\u0131\u011f\u0131n\u0131 tekrar tekrar de\u011fi\u015ftirmenize gerek kalmaz.<\/p><p> Her yeni veri ekledi\u011finizde pivot tablo aral\u0131\u011f\u0131n\u0131 otomatik olarak g\u00fcnceller.<\/p><h3 id=\"1-convert-data-into-a-table-before-creating-a-pivot-table\" class=\"wp-block-heading\"> Pivot tablo olu\u015fturmadan \u00f6nce verileri tabloya d\u00f6n\u00fc\u015ft\u00fcr\u00fcn<\/h3><p> Her seferinde <a href=\"https:\/\/exceladvisor.org\/tr\/pivot-tablo-1\/\" data-wpel-link=\"internal\" data-wpil=\"url\">bir pivot tablo olu\u015fturmadan \u00f6nce,<\/a> a\u015fa\u011f\u0131daki ad\u0131mlar\u0131 kullanarak tabloyu kaynak verilere uygulad\u0131\u011f\u0131n\u0131zdan emin olun.<\/p><ol><li> Verilerinizdeki h\u00fccrelerden birini se\u00e7in.<\/li><li> Ctrl + T k\u0131sayol tu\u015funu kullan\u0131n veya \u2192 Sekme Ekle \u2192 Tablolar \u2192 Tablo se\u00e7ene\u011fine gidin.<\/li><li> Mevcut veri aral\u0131\u011f\u0131n\u0131z\u0131 i\u00e7eren bir a\u00e7\u0131l\u0131r pencere g\u00f6receksiniz. <br><img decoding=\"async\" title=\"pivot tablo aral\u0131\u011f\u0131n\u0131 g\u00fcncellemek i\u00e7in tablo ekleyin\" src=\"https:\/\/exceladvisor.org\/wp-content\/uploads\/2023\/08\/ajouter-un-tableau-pour-mettre-a-jour-la-plage-du-tableau-croise-dynamique-1.png\" sizes=\"\" srcset=\"\" alt=\"add table to update pivot table range\"><\/li><li> Tamam&#8217;\u0131 t\u0131klay\u0131n.<\/li><li> \u015eimdi bir pivot tablo olu\u015fturmak i\u00e7in verilerinizdeki herhangi bir h\u00fccreyi se\u00e7in. \u2192 Tasar\u0131m sekmesi \u2192 Ara\u00e7lar \u2192 PivotTable ile \u00d6zetle se\u00e7ene\u011fine gidin. <br><img decoding=\"async\" title=\"pivot tablo aral\u0131\u011f\u0131n\u0131 g\u00fcncellemek i\u00e7in yeni pivot tablo\" src=\"https:\/\/exceladvisor.org\/wp-content\/uploads\/2023\/08\/nouveau-tableau-croise-dynamique-pour-mettre-a-jour-la-plage-du-tableau-croise-dynamique-1.png\" sizes=\"\" srcset=\"\" alt=\"new pivot table to update pivot table range\"><\/li><li> Tamam&#8217;\u0131 t\u0131klay\u0131n.<\/li><\/ol><p> Art\u0131k veri sayfan\u0131za yeni veri ekledi\u011finizde pivot tablo aral\u0131\u011f\u0131 otomatik olarak g\u00fcncellenir ve pivot tablonuzu yenilemeniz yeterlidir.<\/p><h3 id=\"2-convert-data-into-a-table-after-creating-a-pivot-table\" class=\"wp-block-heading\"> Pivot tablo olu\u015fturduktan sonra verileri tabloya d\u00f6n\u00fc\u015ft\u00fcr\u00fcn<\/h3><p> \u00c7al\u0131\u015fma sayfan\u0131zda zaten bir pivot tablonuz varsa veri kayna\u011f\u0131n\u0131z\u0131 tabloya d\u00f6n\u00fc\u015ft\u00fcrmek i\u00e7in a\u015fa\u011f\u0131daki ad\u0131mlar\u0131 kullanabilirsiniz.<\/p><ol><li> Veri kayna\u011f\u0131n\u0131zdaki h\u00fccrelerden birini se\u00e7in.<\/li><li> Ctrl + T k\u0131sayol tu\u015funu kullan\u0131n veya \u2192 Sekme Ekle \u2192 Tablolar \u2192 Tablo se\u00e7ene\u011fine gidin.<\/li><li> Mevcut veri aral\u0131\u011f\u0131n\u0131z\u0131 i\u00e7eren bir a\u00e7\u0131l\u0131r pencere g\u00f6receksiniz.<\/li><li> Tamam&#8217;\u0131 t\u0131klay\u0131n.<\/li><li> \u015eimdi pivot tablonuzdaki h\u00fccrelerden birini se\u00e7in ve \u2192 Analiz Et \u2192 Veri \u2192 Veri Kayna\u011f\u0131n\u0131 D\u00fczenle \u2192 Veri Kayna\u011f\u0131n\u0131 D\u00fczenle (a\u00e7\u0131l\u0131r men\u00fc) se\u00e7ene\u011fine gidin.<\/li><li> Veri kayna\u011f\u0131n\u0131z\u0131 yeniden se\u00e7meniz i\u00e7in bir a\u00e7\u0131l\u0131r pencere g\u00f6receksiniz veya aral\u0131k giri\u015fine tablo ad\u0131n\u0131 da girebilirsiniz. <br><img decoding=\"async\" title=\"g\u00fcncelleme-pivot-tablo-aral\u0131\u011f\u0131n\u0131-kaynak-verilerini-d\u00fczenle\" src=\"https:\/\/exceladvisor.org\/wp-content\/uploads\/2023\/08\/modifier-les-donnees-source-pour-mettre-a-jour-la-plage-du-tableau-croise-dynamique-1.png\" sizes=\"\" srcset=\"\" alt=\"change source data to update pivot table range\"><\/li><li> Tamam&#8217;\u0131 t\u0131klay\u0131n.<\/li><\/ol><p> Art\u0131k kaynak sayfan\u0131za her yeni veri ekledi\u011finizde, pivot tablo aral\u0131\u011f\u0131 otomatik olarak g\u00fcncellenecek \u015fekilde artacakt\u0131r.<\/p><h2 id=\"3-create-a-dynamic-pivot-table-range-with-offset-function\" class=\"wp-block-heading\"> OFFSET i\u015fleviyle dinamik bir pivot tablo aral\u0131\u011f\u0131 olu\u015fturun<\/h2><p> Pivot tablo aral\u0131\u011f\u0131n\u0131 otomatik olarak g\u00fcncellemenin di\u011fer en iyi yolu dinamik aral\u0131k kullanmakt\u0131r.<\/p><p> Kaynak sayfan\u0131za her yeni veri ekledi\u011finizde dinamik aral\u0131k otomatik olarak geni\u015fleyebilir. Dinamik aral\u0131k olu\u015fturma ad\u0131mlar\u0131 a\u015fa\u011f\u0131da verilmi\u015ftir.<\/p><ol><li> \u2192 Form\u00fcller Sekmesi \u2192 Tan\u0131ml\u0131 Adlar \u2192 Ad Y\u00f6neticisi se\u00e7ene\u011fine gidin.<\/li><li> Ad y\u00f6neticisine t\u0131klad\u0131\u011f\u0131n\u0131zda bir a\u00e7\u0131l\u0131r pencere g\u00f6receksiniz. <br><img decoding=\"async\" title=\"pivot tablo aral\u0131\u011f\u0131n\u0131 g\u00fcncellemek i\u00e7in i\u015fleyici ad\u0131n\u0131 kullan\u0131n\" src=\"https:\/\/exceladvisor.org\/wp-content\/uploads\/2023\/08\/utiliser-le-gestionnaire-de-noms-pour-mettre-a-jour-la-plage-du-tableau-croise-dynamique-1.png\" sizes=\"\" srcset=\"\" alt=\"use name manager to update pivot table range\"><\/li><li> Adland\u0131r\u0131lm\u0131\u015f bir aral\u0131k olu\u015fturmak i\u00e7in Ad Y\u00f6neticisi pencerenizde Yeni&#8217;yi t\u0131klay\u0131n.<\/li><li> Yeni ad pencerenize \u015funu girin:<ol><li> Yeni seriniz i\u00e7in bir isim. \u201cSourceData\u201d ad\u0131n\u0131 kullan\u0131yorum.<\/li><li> Aral\u0131\u011f\u0131n kapsam\u0131n\u0131 belirtin. Ge\u00e7erli \u00e7al\u0131\u015fma sayfas\u0131 veya \u00e7al\u0131\u015fma kitab\u0131 aras\u0131nda belirtebilirsiniz.<\/li><li> Adland\u0131r\u0131lm\u0131\u015f aral\u0131\u011f\u0131n\u0131z\u0131 a\u00e7\u0131klamak i\u00e7in bir yorum ekleyin. A\u015fa\u011f\u0131daki form\u00fcl\u00fc \u201cBa\u015fvur\u201d giri\u015f \u00e7ubu\u011funa girin.<br><pre> =OFFSET(PivotTableData!$A$1,0,0,COUNTA(PivotTableData!$A:$A),COUNTA(PivotTableData!$1:$1))<\/pre><\/li><\/ol><\/li><li> Sonunda Tamam&#8217;\u0131 t\u0131klay\u0131n. <\/li><\/ol><div class=\"wp-block-image\"><figure class=\"aligncenter size-large is-resized\"><img loading=\"lazy\" decoding=\"async\" class=\"wp-image-16657\" src=\"https:\/\/exceladvisor.org\/wp-content\/uploads\/2023\/08\/creer-un-nouveau-nom-pour-mettre-a-jour-la-plage-du-tableau-croise-dynamique-1.png\" sizes=\"auto, \" srcset=\"\" alt=\"pivot tablo aral\u0131\u011f\u0131n\u0131 g\u00fcncellemek i\u00e7in yeni ad olu\u015ftur\" width=\"566\" height=\"358\"><\/figure><\/div><p> Art\u0131k bir pivot tablo olu\u015fturmak i\u00e7in dinamik aral\u0131\u011fa sahipsiniz.<\/p><p> Tek yapman\u0131z gereken kaynak verilerinizle bir pivot tablo olu\u015fturmak ve ard\u0131ndan ilk tablolar y\u00f6nteminde kulland\u0131\u011f\u0131m y\u00f6ntemin ayn\u0131s\u0131n\u0131 kullanarak kayna\u011f\u0131 adland\u0131r\u0131lm\u0131\u015f aral\u0131kla de\u011fi\u015ftirmek.<\/p><p> Kaynak sayfan\u0131za yeni veriler ekledikten sonra pivot tablonuzu yenilemeniz yeterlidir.<\/p><h3 id=\"4-how-does-this-formula-works\" class=\"wp-block-heading\"> Bu form\u00fcl nas\u0131l \u00e7al\u0131\u015f\u0131yor?<\/h3><p> Yukar\u0131daki form\u00fclde dinamik aral\u0131k olu\u015fturmak i\u00e7in ofset fonksiyonunu kulland\u0131m.<\/p><p> Ba\u015flang\u0131\u00e7 olarak A1 h\u00fccresinden bahsettim, ard\u0131ndan sat\u0131r ve s\u00fctunlardan bahsetmeden aral\u0131\u011f\u0131n y\u00fcksekli\u011fini ve geni\u015fli\u011fini COUNTA kullanarak belirttim.<\/p><p> COUNTA, A s\u00fctunu ve 1. sat\u0131rdaki de\u011ferleri i\u00e7eren h\u00fccreleri sayacak ve ofset&#8217;e y\u00fcksekli\u011fini ve geni\u015fli\u011fini buna g\u00f6re geni\u015fletmesini s\u00f6yleyecektir.<\/p><p> Dikkat etmeniz gereken tek \u015fey A s\u00fctunu ile 1. sat\u0131r aras\u0131nda bo\u015f h\u00fccre bulunmamas\u0131d\u0131r.<\/p><h2 id=\"5-update-the-pivot-table-using-a-vba-code\" class=\"wp-block-heading\"> VBA kodunu kullanarak pivot tabloyu g\u00fcncelleme<\/h2><p> \u00c7o\u011fu ki\u015fi VBA kodlar\u0131n\u0131 kullanmay\u0131 sever. \u0130\u015fte pivot tablo aral\u0131\u011f\u0131n\u0131 VBA ile g\u00fcncellemek i\u00e7in kullan\u0131lacak kod.<\/p><pre class=\"wp-block-code\"> <code class=\"language-visual-basic line-numbers\" lang=\"visual-basic\">Sub UpdatePivotTableRange() Dim Data_Sheet As Worksheet Dim Pivot_Sheet As Worksheet Dim StartPoint As Range Dim DataRange As Range Dim PivotName As String Dim NewRange As String Dim LastCol As Long Dim lastRow As Long 'Set Pivot Table &amp; Source Worksheet Set Data_Sheet = ThisWorkbook.Worksheets(\"PivotTableData3\") Set Pivot_Sheet = ThisWorkbook.Worksheets(\"Pivot3\") 'Enter in Pivot Table Name PivotName = \"PivotTable2\" 'Defining Staring Point &amp; Dynamic Range Data_Sheet.Activate Set StartPoint = Data_Sheet.Range(\"A1\") LastCol = StartPoint.End(xlToRight).Column DownCell = StartPoint.End(xlDown).Row Set DataRange = Data_Sheet.Range(StartPoint, Cells(DownCell, LastCol)) NewRange = Data_Sheet.Name &amp; \"!\" &amp; DataRange.Address(ReferenceStyle:=xlR1C1) 'Change Pivot Table Data Source Range Address Pivot_Sheet.PivotTables(PivotName). _ ChangePivotCache ActiveWorkbook. _ PivotCaches.Create(SourceType:=xlDatabase, SourceData:=NewRange) 'Ensure Pivot Table is Refreshed Pivot_Sheet.PivotTables(PivotName).RefreshTable 'Complete Message Pivot_Sheet.Activate MsgBox \"Your Pivot Table is now updated.\" End Sub<\/code><\/pre><p> \u00c7al\u0131\u015fma kitab\u0131n\u0131zda kullanmadan \u00f6nce de\u011fi\u015ftirmeniz gereken \u015feyler.<\/p><ol><li> 13. Sat\u0131r: Kaynak \u00e7al\u0131\u015fma sayfas\u0131n\u0131n ad\u0131n\u0131 de\u011fi\u015ftirin.<\/li><li> Sat\u0131r 14: Pivot tablo sayfas\u0131n\u0131n ad\u0131n\u0131 de\u011fi\u015ftirin.<\/li><li><u><\/u> Sat\u0131r 17: Pivot tablonun ad\u0131n\u0131 de\u011fi\u015ftirin.<\/li><\/ol><p> Bu kodu kullan\u0131rken hala sorun ya\u015f\u0131yorsan\u0131z l\u00fctfen yorum kutusuna yaz\u0131n. \u015eimdi size bu kodun nas\u0131l \u00e7al\u0131\u015ft\u0131\u011f\u0131n\u0131 g\u00f6stereyim, b\u00f6ylece onu ihtiya\u00e7lar\u0131n\u0131za g\u00f6re kolayca de\u011fi\u015ftirebilirsiniz.<\/p><pre class=\"wp-block-code\"> <code class=\"language-visual-basic line-numbers\" lang=\"visual-basic\">Set Data_Sheet = ThisWorkbook.Worksheets(\"PivotTableData3\") Set Pivot_Sheet = ThisWorkbook.Worksheets(\"Pivot3\")<\/code><\/pre><p> Kodun yukar\u0131daki k\u0131sm\u0131nda kaynak verinin pivot tablo ve \u00e7al\u0131\u015fma sayfas\u0131 de\u011fi\u015fkenlerini belirttik. E-tablo ad\u0131n\u0131 buradan de\u011fi\u015ftirebilirsiniz.<\/p><pre class=\"wp-block-code\"> <code class=\"language-visual-basic line-numbers\" lang=\"visual-basic\">PivotName = \"PivotTable2\"<\/code><\/pre><p> Kodun yukar\u0131daki k\u0131sm\u0131na bu kodu kullanmak istedi\u011finiz pivot tablonun ad\u0131n\u0131 girin.<\/p><pre class=\"wp-block-code\"> <code class=\"language-visual-basic line-numbers\" lang=\"visual-basic\">Data_Sheet.Activate Set StartPoint = Data_Sheet.Range(\"A1\") LastCol = StartPoint.End(xlToRight).Column DownCell = StartPoint.End(xlDown).Row Set DataRange = Data_Sheet.Range(StartPoint, Cells(DownCell, LastCol))<\/code><\/pre><p> Kodun yukar\u0131daki k\u0131sm\u0131, veri kayna\u011f\u0131 \u00e7al\u0131\u015fma sayfas\u0131n\u0131n A1 h\u00fccresini kullanarak dinamik bir aral\u0131k olu\u015fturacakt\u0131r.<\/p><p> Dinamik bir aral\u0131k olu\u015fturmak i\u00e7in son s\u00fctunu ve son sat\u0131r\u0131 verilerle kontrol edecektir. Bu makroyu her \u00e7al\u0131\u015ft\u0131rd\u0131\u011f\u0131n\u0131zda yeni bir dinamik aral\u0131k olu\u015fturulacakt\u0131r.<\/p><pre class=\"wp-block-code\"> <code class=\"language-visual-basic line-numbers\" lang=\"visual-basic\">'Ensure Pivot Table is Refreshed Pivot_Sheet.PivotTables(PivotName).RefreshTable 'Complete Message Pivot_Sheet.Activate MsgBox \"Your Pivot Table is now updated.\"<\/code><\/pre><p> Kodun yukar\u0131daki k\u0131sm\u0131 pivot tabloyu yenileyecek ve kullan\u0131c\u0131ya pivot tablonun art\u0131k g\u00fcncellendi\u011fini belirten bir mesaj g\u00f6r\u00fcnt\u00fcleyecektir. <\/p><div class=\"gb-container gb-container-52dfcee1 gb-container-sample-file\"><h2 id=\"6-get-the-excel-file\" class=\"gb-headline gb-headline-e289c143 gb-headline-text gb-headline-4f7959c2\"> Excel dosyas\u0131n\u0131 al\u0131n<\/h2> <a class=\"gb-button gb-button-e88d6bee gb-button-text gb-button-button1\" href=\"https:\/\/exceladvisor.org\/wp-content\/uploads\/2023\/08\/mettre-a-jour-automatiquement-la-plage-du-tableau-croise-dynamique.zip\" rel=\"nofollow\">\u0130ndirmek<\/a> <\/div><div class=\"wp-block-group main-page-bottom is-layout-flow\"><div class=\"wp-block-group__inner-container\"><h2 id=\"7-more-pivot-table-tutorials\" class=\"wp-block-heading\"> Daha Fazla PivotTable E\u011fitimi <\/h2><div class=\"wp-block-columns is-layout-flex wp-container-62\"><div class=\"wp-block-column is-layout-flow\"><ul><li> <a href=\"https:\/\/exceladvisor.org\/tr\/ekle-genel-toplami-sil\/\">Pivot tabloya genel toplam ekleme veya kald\u0131rma<\/a><\/li><li> <a href=\"https:\/\/exceladvisor.org\/tr\/birikimli-toplam\/\">Pivot tabloya de\u011fi\u015fen toplam ekleme<\/a><\/li><li> <a href=\"https:\/\/exceladvisor.org\/tr\/pivot-tabloda-hesaplama\/\">Pivot tablodaki form\u00fcller (hesaplanan alan ve \u00f6\u011fe)<\/a><\/li><li> <a href=\"https:\/\/exceladvisor.org\/tr\/veri-kaynagini-degistir\/\">Excel&#8217;de pivot tablo i\u00e7in veri kayna\u011f\u0131n\u0131 de\u011fi\u015ftirme<\/a><\/li><li> <a href=\"https:\/\/exceladvisor.org\/tr\/benzersiz-degerleri-say\/\">Excel&#8217;deki bir pivot tablodaki benzersiz de\u011ferleri say\u0131n<\/a><\/li><\/ul><\/div><\/div><\/div><\/div>","protected":false},"excerpt":{"rendered":"","protected":false},"author":1,"featured_media":0,"parent":0,"menu_order":0,"comment_status":"open","ping_status":"closed","template":"","meta":{"ub_ctt_via":"","footnotes":""},"class_list":["post-2081","page","type-page","status-publish","hentry"],"featured_image_src":null,"yoast_head":"<!-- This site is optimized with the Yoast SEO plugin v25.4 - https:\/\/yoast.com\/wordpress\/plugins\/seo\/ -->\n<title>Bir pivot tablo aral\u0131\u011f\u0131 otomatik olarak nas\u0131l g\u00fcncellenir?<\/title>\n<meta name=\"description\" content=\"Pivot tablo aral\u0131\u011f\u0131n\u0131 otomatik olarak nas\u0131l g\u00fcncelleyece\u011finizi biliyor musunuz? Bu k\u0131lavuz bunu \u00f6\u011frenmeniz i\u00e7indir.\" \/>\n<meta name=\"robots\" content=\"index, follow, max-snippet:-1, max-image-preview:large, max-video-preview:-1\" \/>\n<link rel=\"canonical\" href=\"https:\/\/exceladvisor.org\/tr\/otomatik-guncelleme-araligi\/\" \/>\n<meta property=\"og:locale\" content=\"tr_TR\" \/>\n<meta property=\"og:type\" content=\"article\" \/>\n<meta property=\"og:title\" content=\"Bir pivot tablo aral\u0131\u011f\u0131 otomatik olarak nas\u0131l g\u00fcncellenir?\" \/>\n<meta property=\"og:description\" content=\"Pivot tablo aral\u0131\u011f\u0131n\u0131 otomatik olarak nas\u0131l g\u00fcncelleyece\u011finizi biliyor musunuz? Bu k\u0131lavuz bunu \u00f6\u011frenmeniz i\u00e7indir.\" \/>\n<meta property=\"og:url\" content=\"https:\/\/exceladvisor.org\/tr\/otomatik-guncelleme-araligi\/\" \/>\n<meta property=\"og:site_name\" content=\"Excel Advisor\" \/>\n<meta property=\"article:modified_time\" content=\"2023-12-10T05:58:57+00:00\" \/>\n<meta property=\"og:image\" content=\"https:\/\/exceladvisor.org\/wp-content\/uploads\/2023\/08\/ajouter-un-tableau-pour-mettre-a-jour-la-plage-du-tableau-croise-dynamique-1.png\" \/>\n<meta name=\"twitter:card\" content=\"summary_large_image\" \/>\n<meta name=\"twitter:label1\" content=\"Tahmini okuma s\u00fcresi\" \/>\n\t<meta name=\"twitter:data1\" content=\"7 dakika\" \/>\n<script type=\"application\/ld+json\" class=\"yoast-schema-graph\">{\"@context\":\"https:\/\/schema.org\",\"@graph\":[{\"@type\":\"WebPage\",\"@id\":\"https:\/\/exceladvisor.org\/tr\/otomatik-guncelleme-araligi\/\",\"url\":\"https:\/\/exceladvisor.org\/tr\/otomatik-guncelleme-araligi\/\",\"name\":\"Bir pivot tablo aral\u0131\u011f\u0131 otomatik olarak nas\u0131l g\u00fcncellenir?\",\"isPartOf\":{\"@id\":\"https:\/\/exceladvisor.org\/tr\/#website\"},\"primaryImageOfPage\":{\"@id\":\"https:\/\/exceladvisor.org\/tr\/otomatik-guncelleme-araligi\/#primaryimage\"},\"image\":{\"@id\":\"https:\/\/exceladvisor.org\/tr\/otomatik-guncelleme-araligi\/#primaryimage\"},\"thumbnailUrl\":\"https:\/\/exceladvisor.org\/wp-content\/uploads\/2023\/08\/ajouter-un-tableau-pour-mettre-a-jour-la-plage-du-tableau-croise-dynamique-1.png\",\"datePublished\":\"2023-10-19T09:41:31+00:00\",\"dateModified\":\"2023-12-10T05:58:57+00:00\",\"description\":\"Pivot tablo aral\u0131\u011f\u0131n\u0131 otomatik olarak nas\u0131l g\u00fcncelleyece\u011finizi biliyor musunuz? Bu k\u0131lavuz bunu \u00f6\u011frenmeniz i\u00e7indir.\",\"breadcrumb\":{\"@id\":\"https:\/\/exceladvisor.org\/tr\/otomatik-guncelleme-araligi\/#breadcrumb\"},\"inLanguage\":\"tr\",\"potentialAction\":[{\"@type\":\"ReadAction\",\"target\":[\"https:\/\/exceladvisor.org\/tr\/otomatik-guncelleme-araligi\/\"]}]},{\"@type\":\"ImageObject\",\"inLanguage\":\"tr\",\"@id\":\"https:\/\/exceladvisor.org\/tr\/otomatik-guncelleme-araligi\/#primaryimage\",\"url\":\"https:\/\/exceladvisor.org\/wp-content\/uploads\/2023\/08\/ajouter-un-tableau-pour-mettre-a-jour-la-plage-du-tableau-croise-dynamique-1.png\",\"contentUrl\":\"https:\/\/exceladvisor.org\/wp-content\/uploads\/2023\/08\/ajouter-un-tableau-pour-mettre-a-jour-la-plage-du-tableau-croise-dynamique-1.png\"},{\"@type\":\"BreadcrumbList\",\"@id\":\"https:\/\/exceladvisor.org\/tr\/otomatik-guncelleme-araligi\/#breadcrumb\",\"itemListElement\":[{\"@type\":\"ListItem\",\"position\":1,\"name\":\"Ev\",\"item\":\"https:\/\/exceladvisor.org\/tr\/\"},{\"@type\":\"ListItem\",\"position\":2,\"name\":\"Bir pivot tablo aral\u0131\u011f\u0131n\u0131 otomatik olarak nas\u0131l g\u00fcncellerim?\"}]},{\"@type\":\"WebSite\",\"@id\":\"https:\/\/exceladvisor.org\/tr\/#website\",\"url\":\"https:\/\/exceladvisor.org\/tr\/\",\"name\":\"Excel Advisor\",\"description\":\"Veri hakimiyetine y\u00f6nelik nihai rehberiniz!\",\"publisher\":{\"@id\":\"https:\/\/exceladvisor.org\/tr\/#organization\"},\"potentialAction\":[{\"@type\":\"SearchAction\",\"target\":{\"@type\":\"EntryPoint\",\"urlTemplate\":\"https:\/\/exceladvisor.org\/tr\/?s={search_term_string}\"},\"query-input\":{\"@type\":\"PropertyValueSpecification\",\"valueRequired\":true,\"valueName\":\"search_term_string\"}}],\"inLanguage\":\"tr\"},{\"@type\":\"Organization\",\"@id\":\"https:\/\/exceladvisor.org\/tr\/#organization\",\"name\":\"Excel Advisor\",\"url\":\"https:\/\/exceladvisor.org\/tr\/\",\"logo\":{\"@type\":\"ImageObject\",\"inLanguage\":\"tr\",\"@id\":\"https:\/\/exceladvisor.org\/tr\/#\/schema\/logo\/image\/\",\"url\":\"https:\/\/exceladvisor.org\/tr\/wp-content\/uploads\/2023\/12\/exceladvisor.org_.png\",\"contentUrl\":\"https:\/\/exceladvisor.org\/tr\/wp-content\/uploads\/2023\/12\/exceladvisor.org_.png\",\"width\":105,\"height\":36,\"caption\":\"Excel Advisor\"},\"image\":{\"@id\":\"https:\/\/exceladvisor.org\/tr\/#\/schema\/logo\/image\/\"}}]}<\/script>\n<!-- \/ Yoast SEO plugin. -->","yoast_head_json":{"title":"Bir pivot tablo aral\u0131\u011f\u0131 otomatik olarak nas\u0131l g\u00fcncellenir?","description":"Pivot tablo aral\u0131\u011f\u0131n\u0131 otomatik olarak nas\u0131l g\u00fcncelleyece\u011finizi biliyor musunuz? Bu k\u0131lavuz bunu \u00f6\u011frenmeniz i\u00e7indir.","robots":{"index":"index","follow":"follow","max-snippet":"max-snippet:-1","max-image-preview":"max-image-preview:large","max-video-preview":"max-video-preview:-1"},"canonical":"https:\/\/exceladvisor.org\/tr\/otomatik-guncelleme-araligi\/","og_locale":"tr_TR","og_type":"article","og_title":"Bir pivot tablo aral\u0131\u011f\u0131 otomatik olarak nas\u0131l g\u00fcncellenir?","og_description":"Pivot tablo aral\u0131\u011f\u0131n\u0131 otomatik olarak nas\u0131l g\u00fcncelleyece\u011finizi biliyor musunuz? Bu k\u0131lavuz bunu \u00f6\u011frenmeniz i\u00e7indir.","og_url":"https:\/\/exceladvisor.org\/tr\/otomatik-guncelleme-araligi\/","og_site_name":"Excel Advisor","article_modified_time":"2023-12-10T05:58:57+00:00","og_image":[{"url":"https:\/\/exceladvisor.org\/wp-content\/uploads\/2023\/08\/ajouter-un-tableau-pour-mettre-a-jour-la-plage-du-tableau-croise-dynamique-1.png","type":"","width":"","height":""}],"twitter_card":"summary_large_image","twitter_misc":{"Tahmini okuma s\u00fcresi":"7 dakika"},"schema":{"@context":"https:\/\/schema.org","@graph":[{"@type":"WebPage","@id":"https:\/\/exceladvisor.org\/tr\/otomatik-guncelleme-araligi\/","url":"https:\/\/exceladvisor.org\/tr\/otomatik-guncelleme-araligi\/","name":"Bir pivot tablo aral\u0131\u011f\u0131 otomatik olarak nas\u0131l g\u00fcncellenir?","isPartOf":{"@id":"https:\/\/exceladvisor.org\/tr\/#website"},"primaryImageOfPage":{"@id":"https:\/\/exceladvisor.org\/tr\/otomatik-guncelleme-araligi\/#primaryimage"},"image":{"@id":"https:\/\/exceladvisor.org\/tr\/otomatik-guncelleme-araligi\/#primaryimage"},"thumbnailUrl":"https:\/\/exceladvisor.org\/wp-content\/uploads\/2023\/08\/ajouter-un-tableau-pour-mettre-a-jour-la-plage-du-tableau-croise-dynamique-1.png","datePublished":"2023-10-19T09:41:31+00:00","dateModified":"2023-12-10T05:58:57+00:00","description":"Pivot tablo aral\u0131\u011f\u0131n\u0131 otomatik olarak nas\u0131l g\u00fcncelleyece\u011finizi biliyor musunuz? Bu k\u0131lavuz bunu \u00f6\u011frenmeniz i\u00e7indir.","breadcrumb":{"@id":"https:\/\/exceladvisor.org\/tr\/otomatik-guncelleme-araligi\/#breadcrumb"},"inLanguage":"tr","potentialAction":[{"@type":"ReadAction","target":["https:\/\/exceladvisor.org\/tr\/otomatik-guncelleme-araligi\/"]}]},{"@type":"ImageObject","inLanguage":"tr","@id":"https:\/\/exceladvisor.org\/tr\/otomatik-guncelleme-araligi\/#primaryimage","url":"https:\/\/exceladvisor.org\/wp-content\/uploads\/2023\/08\/ajouter-un-tableau-pour-mettre-a-jour-la-plage-du-tableau-croise-dynamique-1.png","contentUrl":"https:\/\/exceladvisor.org\/wp-content\/uploads\/2023\/08\/ajouter-un-tableau-pour-mettre-a-jour-la-plage-du-tableau-croise-dynamique-1.png"},{"@type":"BreadcrumbList","@id":"https:\/\/exceladvisor.org\/tr\/otomatik-guncelleme-araligi\/#breadcrumb","itemListElement":[{"@type":"ListItem","position":1,"name":"Ev","item":"https:\/\/exceladvisor.org\/tr\/"},{"@type":"ListItem","position":2,"name":"Bir pivot tablo aral\u0131\u011f\u0131n\u0131 otomatik olarak nas\u0131l g\u00fcncellerim?"}]},{"@type":"WebSite","@id":"https:\/\/exceladvisor.org\/tr\/#website","url":"https:\/\/exceladvisor.org\/tr\/","name":"Excel Advisor","description":"Veri hakimiyetine y\u00f6nelik nihai rehberiniz!","publisher":{"@id":"https:\/\/exceladvisor.org\/tr\/#organization"},"potentialAction":[{"@type":"SearchAction","target":{"@type":"EntryPoint","urlTemplate":"https:\/\/exceladvisor.org\/tr\/?s={search_term_string}"},"query-input":{"@type":"PropertyValueSpecification","valueRequired":true,"valueName":"search_term_string"}}],"inLanguage":"tr"},{"@type":"Organization","@id":"https:\/\/exceladvisor.org\/tr\/#organization","name":"Excel Advisor","url":"https:\/\/exceladvisor.org\/tr\/","logo":{"@type":"ImageObject","inLanguage":"tr","@id":"https:\/\/exceladvisor.org\/tr\/#\/schema\/logo\/image\/","url":"https:\/\/exceladvisor.org\/tr\/wp-content\/uploads\/2023\/12\/exceladvisor.org_.png","contentUrl":"https:\/\/exceladvisor.org\/tr\/wp-content\/uploads\/2023\/12\/exceladvisor.org_.png","width":105,"height":36,"caption":"Excel Advisor"},"image":{"@id":"https:\/\/exceladvisor.org\/tr\/#\/schema\/logo\/image\/"}}]}},"yoast_meta":{"yoast_wpseo_title":"","yoast_wpseo_metadesc":"","yoast_wpseo_canonical":""},"_links":{"self":[{"href":"https:\/\/exceladvisor.org\/tr\/wp-json\/wp\/v2\/pages\/2081","targetHints":{"allow":["GET"]}}],"collection":[{"href":"https:\/\/exceladvisor.org\/tr\/wp-json\/wp\/v2\/pages"}],"about":[{"href":"https:\/\/exceladvisor.org\/tr\/wp-json\/wp\/v2\/types\/page"}],"author":[{"embeddable":true,"href":"https:\/\/exceladvisor.org\/tr\/wp-json\/wp\/v2\/users\/1"}],"replies":[{"embeddable":true,"href":"https:\/\/exceladvisor.org\/tr\/wp-json\/wp\/v2\/comments?post=2081"}],"version-history":[{"count":1,"href":"https:\/\/exceladvisor.org\/tr\/wp-json\/wp\/v2\/pages\/2081\/revisions"}],"predecessor-version":[{"id":2283,"href":"https:\/\/exceladvisor.org\/tr\/wp-json\/wp\/v2\/pages\/2081\/revisions\/2283"}],"wp:attachment":[{"href":"https:\/\/exceladvisor.org\/tr\/wp-json\/wp\/v2\/media?parent=2081"}],"curies":[{"name":"wp","href":"https:\/\/api.w.org\/{rel}","templated":true}]}}