{"id":2082,"date":"2023-10-19T07:49:00","date_gmt":"2023-10-19T07:49:00","guid":{"rendered":"https:\/\/exceladvisor.org\/tr\/duzen\/"},"modified":"2023-12-10T06:04:53","modified_gmt":"2023-12-10T06:04:53","slug":"duzen","status":"publish","type":"page","link":"https:\/\/exceladvisor.org\/tr\/duzen\/","title":{"rendered":"Pivot tablo nas\u0131l bi\u00e7imlendirilir?"},"content":{"rendered":"<div class=\"excel-icerikten-once\" id=\"excel-3829293657\"><script type=\"text\/javascript\">\r\n\tatOptions = {\r\n\t\t'key' : 'c1158f160081d6540a8409e6925dab94',\r\n\t\t'format' : 'iframe',\r\n\t\t'height' : 250,\r\n\t\t'width' : 300,\r\n\t\t'params' : {}\r\n\t};\r\n<\/script>\r\n<script type=\"text\/javascript\" src=\"\/\/www.highperformanceformat.com\/c1158f160081d6540a8409e6925dab94\/invoke.js\"><\/script><\/div> <p>Pivot tablo \u00fczerinde \u00e7al\u0131\u015fmak olduk\u00e7a ilgin\u00e7tir ancak bazen ayn\u0131 yerle\u015fik renkleri ve d\u00fczenleri kullanmak s\u0131k\u0131c\u0131 olabilir. Raporunuzda estetik ve renk d\u00fczenine \u00e7ok dikkat ediyorsan\u0131z burada pivot tablo hakk\u0131nda birka\u00e7 \u015feyi bilmeniz gerekir.<\/p><h2 class=\"wp-block-heading\"> Varsay\u0131lan stil se\u00e7enekleri<\/h2><p> \u00c7al\u0131\u015fma sayfan\u0131zda bir pivot tablonuz oldu\u011funda \u015feritte birka\u00e7 se\u00e7enek bulunur. <\/p><div class=\"wp-block-image\"><figure class=\"aligncenter size-large is-resized\"><img loading=\"lazy\" decoding=\"async\" class=\"wp-image-58697\" src=\"https:\/\/exceladvisor.org\/wp-content\/uploads\/2023\/08\/01-options-de-style-par-defaut.png\" sizes=\"auto, \" srcset=\"\" alt=\"varsay\u0131lan stil se\u00e7enekleri\" width=\"838\" height=\"139\"><\/figure><\/div><p> K\u00fc\u00e7\u00fck a\u00e7\u0131l\u0131r oktan bir\u00e7ok renk ve tema (a\u00e7\u0131k, orta ve koyu) aras\u0131ndan se\u00e7im yapabilirsiniz. <\/p><div class=\"wp-block-image\"><figure class=\"aligncenter size-large is-resized\"><img loading=\"lazy\" decoding=\"async\" class=\"wp-image-58698\" src=\"https:\/\/exceladvisor.org\/wp-content\/uploads\/2023\/08\/02-utiliser-des-couleurs-et-des-themes.png\" sizes=\"auto, \" srcset=\"\" alt=\"renk ve temalar\u0131 kullan\" width=\"413\" height=\"418\"><\/figure><\/div><p class=\"qt-tip\"> <strong>\u0130pucu:<\/strong> PivotTable stili se\u00e7eneklerini ve d\u00fczenini de\u011fi\u015ftirdi\u011finizde d\u00fczen se\u00e7enekleri de de\u011fi\u015fir.<\/p><h2 class=\"wp-block-heading\"> PivotTable Format\u0131n\u0131 De\u011fi\u015ftirme<\/h2><p> \u015eimdi pivot tablolar\u0131n\u0131z i\u00e7in belirli bir varsay\u0131lan stil se\u00e7mek i\u00e7in a\u015fa\u011f\u0131daki ad\u0131mlar\u0131 izleyin.<\/p><ol><li> \u00d6ncelikle \u015feritteki Tasar\u0131m sekmesini etkinle\u015ftirmek i\u00e7in <strong>pivot tablonun herhangi bir yerine t\u0131klay\u0131n<\/strong> . <br><img loading=\"lazy\" decoding=\"async\" title=\"03-pivot-tablo format\u0131n\u0131 de\u011fi\u015ftir\" src=\"https:\/\/exceladvisor.org\/wp-content\/uploads\/2023\/08\/03-modifier-la-mise-en-forme-du-tableau-croise-dynamique.png\" sizes=\"auto, \" srcset=\"\" alt=\"change-pivot-table-formatting\" width=\"534\" height=\"140\"><\/li><li> \u015eimdi PivotTable Stili galerisinde varsay\u0131lan olarak ayarlamak istedi\u011finiz <strong>stile sa\u011f t\u0131klay\u0131n<\/strong> . <br><img loading=\"lazy\" decoding=\"async\" title=\"04-pivot-tablo tarz\u0131 galeri\" src=\"https:\/\/exceladvisor.org\/wp-content\/uploads\/2023\/08\/04-galerie-de-style-de-tableau-croise-dynamique.png\" sizes=\"auto, \" srcset=\"\" alt=\"pivot-table-style-gallery\" width=\"494\" height=\"266\"><\/li><li> Men\u00fcde \u201c <strong>Varsay\u0131lan Olarak Ayarla\u201dy\u0131<\/strong> t\u0131klay\u0131n <strong><br><img loading=\"lazy\" decoding=\"async\" title=\"05-t\u0131klama-set-varsay\u0131lan\" src=\"https:\/\/exceladvisor.org\/wp-content\/uploads\/2023\/08\/05-clic-defini-par-defaut.png\" sizes=\"auto, \" srcset=\"\" alt=\"click-set-as-default\" width=\"535\" height=\"288\"><\/strong> \u201d.<\/li><li> Bu <strong>, se\u00e7ilen stili<\/strong> varsay\u0131lan stil haline getirecektir.<\/li><\/ol><h2 class=\"wp-block-heading\"> \u00c7o\u011falt ve d\u00fczenle<\/h2><p> S\u0131f\u0131rdan olu\u015fturarak ba\u015flayal\u0131m.<\/p><ol><li> Tasar\u0131m sekmesini etkinle\u015ftirmek i\u00e7in pivot tablonun herhangi bir yerine t\u0131klay\u0131n.<\/li><li> \u015eimdi desenlerin sonuna do\u011fru ilerlemek i\u00e7in k\u00fc\u00e7\u00fck a\u00e7\u0131l\u0131r oka t\u0131klay\u0131n. <br><img loading=\"lazy\" decoding=\"async\" title=\"06-\u00e7o\u011falt ve d\u00fczenle\" src=\"https:\/\/exceladvisor.org\/wp-content\/uploads\/2023\/08\/06-dupliquer-et-modifier.png\" sizes=\"auto, \" srcset=\"\" alt=\"duplicate-and-modify\" width=\"563\" height=\"138\"><\/li><li> <strong>\u201cYeni Pivot Tablo Stili\u201dni buraya t\u0131klay\u0131n. <br><img loading=\"lazy\" decoding=\"async\" title=\"07-yeni-tarz-pivot-tahta\" src=\"https:\/\/exceladvisor.org\/wp-content\/uploads\/2023\/08\/07-nouveau-style-de-tableau-croise-dynamique.png\" sizes=\"auto, \" srcset=\"\" alt=\"new-pivot-table-style\" width=\"451\" height=\"457\"><\/strong><\/li><li> \u015eimdi <strong>\u201cYeni Pivot Tablo Stili\u201d a\u00e7\u0131l\u0131r penceresi a\u00e7\u0131lacakt\u0131r.<\/strong><\/li><li> Pivot tabloyu &#8220;ad alan\u0131nda&#8221; yeniden adland\u0131r\u0131n<\/li><li> Bi\u00e7imlendirilecek \u00f6\u011feyi se\u00e7in ve &#8220;Bi\u00e7imlendir&#8221; d\u00fc\u011fmesini t\u0131klay\u0131n.<\/li><li> Sonunda stilinizi olu\u015fturmak i\u00e7in Tamam&#8217;a t\u0131klay\u0131n.<\/li><li> Stili gelecekteki pivotlar i\u00e7in korumak istiyorsan\u0131z, ekran g\u00f6r\u00fcnt\u00fcs\u00fcnde g\u00f6sterildi\u011fi gibi sondaki se\u00e7ene\u011fi i\u015faretlemeniz yeterlidir. <br><img loading=\"lazy\" decoding=\"async\" title=\"08-pivot tabloyu yeniden adland\u0131r\u0131n\" src=\"https:\/\/exceladvisor.org\/wp-content\/uploads\/2023\/08\/08-renommer-le-tableau-croise-dynamique.png\" sizes=\"auto, \" srcset=\"\" alt=\"rename-the-pivot-table\" width=\"471\" height=\"319\"><\/li><\/ol><p> \u015eimdi belirli bir varsay\u0131lan stili de\u011fi\u015ftirelim. Bu neredeyse yeni bir stil yaratmakla ayn\u0131 \u015fey.<\/p><ol><li> Ba\u015flamak i\u00e7in ihtiya\u00e7lar\u0131n\u0131za uygun stile sa\u011f t\u0131klay\u0131n. <br><img loading=\"lazy\" decoding=\"async\" title=\"09-tarzda sa\u011f t\u0131klama\" src=\"https:\/\/exceladvisor.org\/wp-content\/uploads\/2023\/08\/09-clic-droit-sur-le-style.png\" sizes=\"auto, \" srcset=\"\" alt=\"right-click-on-the-style\" width=\"477\" height=\"249\"><\/li><li> \u015eimdi \u201c\u00d6zet Tablo Stillerini D\u00fczenle\u201d ileti\u015fim kutusunu a\u00e7mak i\u00e7in kopyaya t\u0131klay\u0131n. <br><img loading=\"lazy\" decoding=\"async\" title=\"10 Pivot Tablo D\u00fczenleme Stili\" src=\"https:\/\/exceladvisor.org\/wp-content\/uploads\/2023\/08\/10-modifier-les-styles-de-tableau-croise-dynamique.png\" sizes=\"auto, \" srcset=\"\" alt=\"modify-pivot-table-styles\" width=\"528\" height=\"361\"><\/li><li> Art\u0131k ne yapaca\u011f\u0131n\u0131 biliyorsun.<\/li><\/ol><h2 class=\"wp-block-heading\"> D\u00fczeni ba\u015fka bir \u00e7al\u0131\u015fma sayfas\u0131na kopyalama<\/h2><p> \u00d6zel d\u00fczenimizi olu\u015fturmaya \u00e7ok zaman harcad\u0131\u011f\u0131m\u0131zdan, enerji tasarrufu sa\u011flamak i\u00e7in bunu ba\u015fka bir e-tabloya kopyalayal\u0131m.<\/p><ol><li> Ba\u015flamak i\u00e7in \u00e7al\u0131\u015fma kitab\u0131n\u0131 \u00f6zel d\u00fczende a\u00e7\u0131n.<\/li><li> Ard\u0131ndan, \u00f6zel d\u00fczeni kopyalamak istedi\u011finiz yeni bir \u00e7al\u0131\u015fma kitab\u0131n\u0131 a\u00e7\u0131n.<\/li><li> \u015eimdi iki biti\u015fik \u00e7al\u0131\u015fma kitab\u0131n\u0131 her ikisi de ekranda g\u00f6r\u00fcnecek \u015fekilde yerle\u015ftirin ( <strong>\u0130pucu<\/strong> : \u015eeritte G\u00f6r\u00fcn\u00fcm&#8217;de verilen t\u00fcm se\u00e7enekleri Yeniden D\u00fczenleme se\u00e7ene\u011fini kullan\u0131n). <br><img loading=\"lazy\" decoding=\"async\" title=\"11-d\u00fczenini farkl\u0131 bir \u00e7al\u0131\u015fma sayfas\u0131na kopyala\" src=\"https:\/\/exceladvisor.org\/wp-content\/uploads\/2023\/08\/11-copier-la-mise-en-page-dans-une-autre-feuille-de-calcul.png\" sizes=\"auto, \" srcset=\"\" alt=\"copy-layout-to-a-different-worksheet\" width=\"577\" height=\"368\"><\/li><li> \u015eeritte G\u00f6r\u00fcn\u00fcm&#8217;de sa\u011flanan &#8220;T\u00fcm\u00fcn\u00fc D\u00fczenle&#8221; se\u00e7eneklerini kullan\u0131n. <br><img loading=\"lazy\" decoding=\"async\" title=\"12-t\u00fcm-se\u00e7enekleri-kullan-d\u00fczenle\" src=\"https:\/\/exceladvisor.org\/wp-content\/uploads\/2023\/08\/12-utiliser-organiser-toutes-les-options.png\" sizes=\"auto, \" srcset=\"\" alt=\"use-arrange-all-options\" width=\"259\" height=\"139\"><\/li><li> Sonunda ctrl tu\u015funa bas\u0131n ve d\u00fczen sayfas\u0131n\u0131 yeni \u00e7al\u0131\u015fma kitab\u0131na s\u00fcr\u00fckleyin.<\/li><li> Boom!! \u00d6zel d\u00fczen yeni \u00e7al\u0131\u015fma kitab\u0131na kopyalan\u0131r.<\/li><li> Art\u0131k \u00e7al\u0131\u015fma kitab\u0131na s\u00fcr\u00fckledi\u011finiz sayfay\u0131 silebilirsiniz.<\/li><\/ol><h2> Pivot tablo hakk\u0131nda daha fazla bilgi edinin<\/h2><p> <a href=\"https:\/\/exceladvisor.org\/tr\/pivot-tabloyu-siralama\/\">Tablo pivot s\u0131ralamas\u0131<\/a> | <a href=\"https:\/\/exceladvisor.org\/tr\/pivot-tabloyu-guncelleme\/\">Pivot tabloyu yenileme<\/a> | <a href=\"https:\/\/exceladvisor.org\/tr\/klavye-kisayollari-1\/\">Pivot Tablo Klavye K\u0131sayollar\u0131<\/a> | <a href=\"https:\/\/exceladvisor.org\/tr\/pivot-tabloyu-hareket-ettir\/\">PivotTable&#8217;\u0131 Ta\u015f\u0131ma<\/a> | <a href=\"https:\/\/exceladvisor.org\/tr\/filtrelenmis\/\">Pivot tabloyu filtreleme<\/a><\/p>","protected":false},"excerpt":{"rendered":"","protected":false},"author":1,"featured_media":0,"parent":0,"menu_order":0,"comment_status":"open","ping_status":"closed","template":"","meta":{"ub_ctt_via":"","footnotes":""},"class_list":["post-2082","page","type-page","status-publish","hentry"],"featured_image_src":null,"yoast_head":"<!-- This site is optimized with the Yoast SEO plugin v25.4 - https:\/\/yoast.com\/wordpress\/plugins\/seo\/ -->\n<title>Excel&#039;de pivot tablo nas\u0131l bi\u00e7imlendirilir?<\/title>\n<meta name=\"description\" content=\"Bu e\u011fitimde, farkl\u0131 se\u00e7enekleri kullanarak bir pivot tabloyu nas\u0131l bi\u00e7imlendirece\u011finizi \u00f6\u011frenebilirsiniz.\" \/>\n<meta name=\"robots\" content=\"index, follow, max-snippet:-1, max-image-preview:large, max-video-preview:-1\" \/>\n<link rel=\"canonical\" href=\"https:\/\/exceladvisor.org\/tr\/duzen\/\" \/>\n<meta property=\"og:locale\" content=\"tr_TR\" \/>\n<meta property=\"og:type\" content=\"article\" \/>\n<meta property=\"og:title\" content=\"Excel&#039;de pivot tablo nas\u0131l bi\u00e7imlendirilir?\" \/>\n<meta property=\"og:description\" content=\"Bu e\u011fitimde, farkl\u0131 se\u00e7enekleri kullanarak bir pivot tabloyu nas\u0131l bi\u00e7imlendirece\u011finizi \u00f6\u011frenebilirsiniz.\" \/>\n<meta property=\"og:url\" content=\"https:\/\/exceladvisor.org\/tr\/duzen\/\" \/>\n<meta property=\"og:site_name\" content=\"Excel Advisor\" \/>\n<meta property=\"article:modified_time\" content=\"2023-12-10T06:04:53+00:00\" \/>\n<meta property=\"og:image\" content=\"https:\/\/exceladvisor.org\/wp-content\/uploads\/2023\/08\/01-options-de-style-par-defaut.png\" \/>\n<meta name=\"twitter:card\" content=\"summary_large_image\" \/>\n<meta name=\"twitter:label1\" content=\"Tahmini okuma s\u00fcresi\" \/>\n\t<meta name=\"twitter:data1\" content=\"3 dakika\" \/>\n<script type=\"application\/ld+json\" class=\"yoast-schema-graph\">{\"@context\":\"https:\/\/schema.org\",\"@graph\":[{\"@type\":\"WebPage\",\"@id\":\"https:\/\/exceladvisor.org\/tr\/duzen\/\",\"url\":\"https:\/\/exceladvisor.org\/tr\/duzen\/\",\"name\":\"Excel&#39;de pivot tablo nas\u0131l bi\u00e7imlendirilir?\",\"isPartOf\":{\"@id\":\"https:\/\/exceladvisor.org\/tr\/#website\"},\"primaryImageOfPage\":{\"@id\":\"https:\/\/exceladvisor.org\/tr\/duzen\/#primaryimage\"},\"image\":{\"@id\":\"https:\/\/exceladvisor.org\/tr\/duzen\/#primaryimage\"},\"thumbnailUrl\":\"https:\/\/exceladvisor.org\/wp-content\/uploads\/2023\/08\/01-options-de-style-par-defaut.png\",\"datePublished\":\"2023-10-19T07:49:00+00:00\",\"dateModified\":\"2023-12-10T06:04:53+00:00\",\"description\":\"Bu e\u011fitimde, farkl\u0131 se\u00e7enekleri kullanarak bir pivot tabloyu nas\u0131l bi\u00e7imlendirece\u011finizi \u00f6\u011frenebilirsiniz.\",\"breadcrumb\":{\"@id\":\"https:\/\/exceladvisor.org\/tr\/duzen\/#breadcrumb\"},\"inLanguage\":\"tr\",\"potentialAction\":[{\"@type\":\"ReadAction\",\"target\":[\"https:\/\/exceladvisor.org\/tr\/duzen\/\"]}]},{\"@type\":\"ImageObject\",\"inLanguage\":\"tr\",\"@id\":\"https:\/\/exceladvisor.org\/tr\/duzen\/#primaryimage\",\"url\":\"https:\/\/exceladvisor.org\/wp-content\/uploads\/2023\/08\/01-options-de-style-par-defaut.png\",\"contentUrl\":\"https:\/\/exceladvisor.org\/wp-content\/uploads\/2023\/08\/01-options-de-style-par-defaut.png\"},{\"@type\":\"BreadcrumbList\",\"@id\":\"https:\/\/exceladvisor.org\/tr\/duzen\/#breadcrumb\",\"itemListElement\":[{\"@type\":\"ListItem\",\"position\":1,\"name\":\"Ev\",\"item\":\"https:\/\/exceladvisor.org\/tr\/\"},{\"@type\":\"ListItem\",\"position\":2,\"name\":\"Pivot tablo nas\u0131l bi\u00e7imlendirilir?\"}]},{\"@type\":\"WebSite\",\"@id\":\"https:\/\/exceladvisor.org\/tr\/#website\",\"url\":\"https:\/\/exceladvisor.org\/tr\/\",\"name\":\"Excel Advisor\",\"description\":\"Veri hakimiyetine y\u00f6nelik nihai rehberiniz!\",\"publisher\":{\"@id\":\"https:\/\/exceladvisor.org\/tr\/#organization\"},\"potentialAction\":[{\"@type\":\"SearchAction\",\"target\":{\"@type\":\"EntryPoint\",\"urlTemplate\":\"https:\/\/exceladvisor.org\/tr\/?s={search_term_string}\"},\"query-input\":{\"@type\":\"PropertyValueSpecification\",\"valueRequired\":true,\"valueName\":\"search_term_string\"}}],\"inLanguage\":\"tr\"},{\"@type\":\"Organization\",\"@id\":\"https:\/\/exceladvisor.org\/tr\/#organization\",\"name\":\"Excel Advisor\",\"url\":\"https:\/\/exceladvisor.org\/tr\/\",\"logo\":{\"@type\":\"ImageObject\",\"inLanguage\":\"tr\",\"@id\":\"https:\/\/exceladvisor.org\/tr\/#\/schema\/logo\/image\/\",\"url\":\"https:\/\/exceladvisor.org\/tr\/wp-content\/uploads\/2023\/12\/exceladvisor.org_.png\",\"contentUrl\":\"https:\/\/exceladvisor.org\/tr\/wp-content\/uploads\/2023\/12\/exceladvisor.org_.png\",\"width\":105,\"height\":36,\"caption\":\"Excel Advisor\"},\"image\":{\"@id\":\"https:\/\/exceladvisor.org\/tr\/#\/schema\/logo\/image\/\"}}]}<\/script>\n<!-- \/ Yoast SEO plugin. -->","yoast_head_json":{"title":"Excel&#39;de pivot tablo nas\u0131l bi\u00e7imlendirilir?","description":"Bu e\u011fitimde, farkl\u0131 se\u00e7enekleri kullanarak bir pivot tabloyu nas\u0131l bi\u00e7imlendirece\u011finizi \u00f6\u011frenebilirsiniz.","robots":{"index":"index","follow":"follow","max-snippet":"max-snippet:-1","max-image-preview":"max-image-preview:large","max-video-preview":"max-video-preview:-1"},"canonical":"https:\/\/exceladvisor.org\/tr\/duzen\/","og_locale":"tr_TR","og_type":"article","og_title":"Excel&#39;de pivot tablo nas\u0131l bi\u00e7imlendirilir?","og_description":"Bu e\u011fitimde, farkl\u0131 se\u00e7enekleri kullanarak bir pivot tabloyu nas\u0131l bi\u00e7imlendirece\u011finizi \u00f6\u011frenebilirsiniz.","og_url":"https:\/\/exceladvisor.org\/tr\/duzen\/","og_site_name":"Excel Advisor","article_modified_time":"2023-12-10T06:04:53+00:00","og_image":[{"url":"https:\/\/exceladvisor.org\/wp-content\/uploads\/2023\/08\/01-options-de-style-par-defaut.png","type":"","width":"","height":""}],"twitter_card":"summary_large_image","twitter_misc":{"Tahmini okuma s\u00fcresi":"3 dakika"},"schema":{"@context":"https:\/\/schema.org","@graph":[{"@type":"WebPage","@id":"https:\/\/exceladvisor.org\/tr\/duzen\/","url":"https:\/\/exceladvisor.org\/tr\/duzen\/","name":"Excel&#39;de pivot tablo nas\u0131l bi\u00e7imlendirilir?","isPartOf":{"@id":"https:\/\/exceladvisor.org\/tr\/#website"},"primaryImageOfPage":{"@id":"https:\/\/exceladvisor.org\/tr\/duzen\/#primaryimage"},"image":{"@id":"https:\/\/exceladvisor.org\/tr\/duzen\/#primaryimage"},"thumbnailUrl":"https:\/\/exceladvisor.org\/wp-content\/uploads\/2023\/08\/01-options-de-style-par-defaut.png","datePublished":"2023-10-19T07:49:00+00:00","dateModified":"2023-12-10T06:04:53+00:00","description":"Bu e\u011fitimde, farkl\u0131 se\u00e7enekleri kullanarak bir pivot tabloyu nas\u0131l bi\u00e7imlendirece\u011finizi \u00f6\u011frenebilirsiniz.","breadcrumb":{"@id":"https:\/\/exceladvisor.org\/tr\/duzen\/#breadcrumb"},"inLanguage":"tr","potentialAction":[{"@type":"ReadAction","target":["https:\/\/exceladvisor.org\/tr\/duzen\/"]}]},{"@type":"ImageObject","inLanguage":"tr","@id":"https:\/\/exceladvisor.org\/tr\/duzen\/#primaryimage","url":"https:\/\/exceladvisor.org\/wp-content\/uploads\/2023\/08\/01-options-de-style-par-defaut.png","contentUrl":"https:\/\/exceladvisor.org\/wp-content\/uploads\/2023\/08\/01-options-de-style-par-defaut.png"},{"@type":"BreadcrumbList","@id":"https:\/\/exceladvisor.org\/tr\/duzen\/#breadcrumb","itemListElement":[{"@type":"ListItem","position":1,"name":"Ev","item":"https:\/\/exceladvisor.org\/tr\/"},{"@type":"ListItem","position":2,"name":"Pivot tablo nas\u0131l bi\u00e7imlendirilir?"}]},{"@type":"WebSite","@id":"https:\/\/exceladvisor.org\/tr\/#website","url":"https:\/\/exceladvisor.org\/tr\/","name":"Excel Advisor","description":"Veri hakimiyetine y\u00f6nelik nihai rehberiniz!","publisher":{"@id":"https:\/\/exceladvisor.org\/tr\/#organization"},"potentialAction":[{"@type":"SearchAction","target":{"@type":"EntryPoint","urlTemplate":"https:\/\/exceladvisor.org\/tr\/?s={search_term_string}"},"query-input":{"@type":"PropertyValueSpecification","valueRequired":true,"valueName":"search_term_string"}}],"inLanguage":"tr"},{"@type":"Organization","@id":"https:\/\/exceladvisor.org\/tr\/#organization","name":"Excel Advisor","url":"https:\/\/exceladvisor.org\/tr\/","logo":{"@type":"ImageObject","inLanguage":"tr","@id":"https:\/\/exceladvisor.org\/tr\/#\/schema\/logo\/image\/","url":"https:\/\/exceladvisor.org\/tr\/wp-content\/uploads\/2023\/12\/exceladvisor.org_.png","contentUrl":"https:\/\/exceladvisor.org\/tr\/wp-content\/uploads\/2023\/12\/exceladvisor.org_.png","width":105,"height":36,"caption":"Excel Advisor"},"image":{"@id":"https:\/\/exceladvisor.org\/tr\/#\/schema\/logo\/image\/"}}]}},"yoast_meta":{"yoast_wpseo_title":"","yoast_wpseo_metadesc":"","yoast_wpseo_canonical":""},"_links":{"self":[{"href":"https:\/\/exceladvisor.org\/tr\/wp-json\/wp\/v2\/pages\/2082","targetHints":{"allow":["GET"]}}],"collection":[{"href":"https:\/\/exceladvisor.org\/tr\/wp-json\/wp\/v2\/pages"}],"about":[{"href":"https:\/\/exceladvisor.org\/tr\/wp-json\/wp\/v2\/types\/page"}],"author":[{"embeddable":true,"href":"https:\/\/exceladvisor.org\/tr\/wp-json\/wp\/v2\/users\/1"}],"replies":[{"embeddable":true,"href":"https:\/\/exceladvisor.org\/tr\/wp-json\/wp\/v2\/comments?post=2082"}],"version-history":[{"count":1,"href":"https:\/\/exceladvisor.org\/tr\/wp-json\/wp\/v2\/pages\/2082\/revisions"}],"predecessor-version":[{"id":2771,"href":"https:\/\/exceladvisor.org\/tr\/wp-json\/wp\/v2\/pages\/2082\/revisions\/2771"}],"wp:attachment":[{"href":"https:\/\/exceladvisor.org\/tr\/wp-json\/wp\/v2\/media?parent=2082"}],"curies":[{"name":"wp","href":"https:\/\/api.w.org\/{rel}","templated":true}]}}