{"id":2083,"date":"2023-10-19T05:57:49","date_gmt":"2023-10-19T05:57:49","guid":{"rendered":"https:\/\/exceladvisor.org\/tr\/dilimleyiciyi-birkac-pivot-tabloya-baglama\/"},"modified":"2023-12-10T06:04:40","modified_gmt":"2023-12-10T06:04:40","slug":"dilimleyiciyi-birkac-pivot-tabloya-baglama","status":"publish","type":"page","link":"https:\/\/exceladvisor.org\/tr\/dilimleyiciyi-birkac-pivot-tabloya-baglama\/","title":{"rendered":"Tek bir segmenti birden fazla pivot tabloya nas\u0131l ba\u011flayabilirim?"},"content":{"rendered":"<div class=\"excel-icerikten-once\" id=\"excel-1974107178\"><script type=\"text\/javascript\">\r\n\tatOptions = {\r\n\t\t'key' : 'c1158f160081d6540a8409e6925dab94',\r\n\t\t'format' : 'iframe',\r\n\t\t'height' : 250,\r\n\t\t'width' : 300,\r\n\t\t'params' : {}\r\n\t};\r\n<\/script>\r\n<script type=\"text\/javascript\" src=\"\/\/www.highperformanceformat.com\/c1158f160081d6540a8409e6925dab94\/invoke.js\"><\/script><\/div> <p>Bazen birden fazla pivot tablo kullanmak karma\u015faya neden olabilir. Ancak t\u00fcm pivot tablolar\u0131 tek bir dilimleyiciye ba\u011flarsan\u0131z bu israf olmaz. Peki bir dilimleyiciyi birden fazla pivot tabloya nas\u0131l ba\u011flayaca\u011f\u0131n\u0131z\u0131 biliyor musunuz?<\/p><p> Bilmiyorsan\u0131z bu g\u00f6nderiyi takip ederek etkile\u015fimli kontrol panelleri olu\u015fturmaya y\u00f6nelik harika bir ipucu \u00f6\u011freneceksiniz.<\/p><p> Evet bu do\u011fru.<\/p><p> Birden fazla pivot tablo kulland\u0131\u011f\u0131n\u0131z bir kontrol paneli \u00fczerinde \u00e7al\u0131\u015ft\u0131\u011f\u0131n\u0131z\u0131 varsayal\u0131m. T\u00fcm pivot tablolara bir dilimleyici ba\u011flayabiliyorsan\u0131z tek bir dilimleyici ile t\u00fcm kontrol panelini kontrol edebilirsiniz. <\/p><div class=\"wp-block-image\"><figure class=\"aligncenter\"><img decoding=\"async\" src=\"https:\/\/exceladvisor.org\/wp-content\/uploads\/2023\/08\/connecter-un-seul-slicer-a-plusieurs-tableaux-croises-dynamiques-1.gif\" sizes=\"\" srcset=\"\" alt=\"tek bir dilimleyiciyi birden fazla pivot tabloya ba\u011flama\"><\/figure><\/div><p> Yukar\u0131daki \u00f6rnekte her iki pivot tabloyu kontrol etmek i\u00e7in tek bir dilimleyicimiz var.<\/p><p class=\"qt-tip\"> NOT: Pivot tablolar <a href=\"https:\/\/exceladvisor.org\/tr\/excel-becerileri\/\">ORTA EXCEL BECER\u0130LER\u0130N\u0130N<\/a> bir par\u00e7as\u0131d\u0131r.<\/p><h2 class=\"wp-block-heading\"> Bir dilimleyiciyi birden \u00e7ok pivot tabloya ba\u011flama ad\u0131mlar\u0131<\/h2><p> \u00c7oklu ba\u011flant\u0131l\u0131 segment olu\u015fturma ad\u0131mlar\u0131 a\u015fa\u011f\u0131da verilmi\u015ftir:<\/p><ol><li> \u00d6ncelikle bir segmenti ba\u011flamak i\u00e7in <strong>iki veya daha fazla pivot tablo al\u0131n<\/strong> . <img decoding=\"async\" src=\"https:\/\/exceladvisor.org\/wp-content\/uploads\/2023\/08\/deux-tableaux-croises-dynamiques-pour-se-connecter-avec-un-seul-slicer-1.png\" sizes=\"\" srcset=\"\"><\/li><li> Bundan sonra pivot tablolardan birindeki bir h\u00fccreyi se\u00e7in.<\/li><li> Buradan Analiz \u2192 Filtre \u2192 Segment Ekle se\u00e7ene\u011fine gidin.<\/li><li> \u015eimdi \u201cDilimleyici Ekle\u201d ileti\u015fim kutusunda, dilimleyicide filtre olarak kullan\u0131lacak s\u00fctunu se\u00e7in ve Tamam&#8217;a t\u0131klay\u0131n. <img decoding=\"async\" src=\"https:\/\/exceladvisor.org\/wp-content\/uploads\/2023\/08\/cliquez-sur-len-tete-de-colonne-pour-inserer-un-segment-et-vous-connecter-avec-tous-les-tableaux-croises-dynamiques-1.png\" sizes=\"\" srcset=\"\"><\/li><li> Bu noktada \u00e7al\u0131\u015fma sayfan\u0131zda, onu ekledi\u011finiz pivot tabloyu filtreleyebilecek bir dilimleyici var.<\/li><li> Daha sonra onu ikinci pivot tabloya ba\u011flaman\u0131z gerekir.<\/li><li> Oradan dilimleyiciyi se\u00e7in ve Analiz Et \u2192 Dilimleyici \u2192 Ba\u011flant\u0131lar\u0131 Rapor Et se\u00e7ene\u011fine gidin. <img decoding=\"async\" src=\"https:\/\/exceladvisor.org\/wp-content\/uploads\/2023\/08\/cliquez-sur-rapport-de-connexion-pour-inserer-un-slicer-que-vous-pouvez-connecter-avec-tous-les-tableaux-croises-dynamiques-1.png\" sizes=\"\" srcset=\"\"><\/li><li> \u00c7al\u0131\u015fma kitab\u0131n\u0131zdaki pivot tablolar\u0131n listesini i\u00e7eren yeni bir ileti\u015fim kutusu g\u00f6receksiniz.<\/li><li> Sonunda t\u00fcm pivot tablolar\u0131 kontrol edin ve Tamam&#8217;a t\u0131klay\u0131n. <img decoding=\"async\" src=\"https:\/\/exceladvisor.org\/wp-content\/uploads\/2023\/08\/selectionner-tous-les-pivots-qui-doivent-se-connecter-avec-le-slicer-1.png\" sizes=\"\" srcset=\"\"><\/li><\/ol><p> <strong><span style=\"color: #ea493f;\">Tebrikler!<\/span><\/strong> Dilimleyiciyi iki pivot tabloya ba\u011flad\u0131n\u0131z.<\/p><h2 class=\"wp-block-heading\"> <strong>Pivot tablolar hakk\u0131nda daha fazla bilgi edinin<\/strong><\/h2><ul><li> <a style=\"outline: none;\" href=\"https:\/\/exceladvisor.org\/tr\/her-seyi-yenile\/\" data-wpel-link=\"internal\">T\u00fcm pivot tablolar\u0131 ayn\u0131 anda yenileyin<\/a><\/li><li> <a style=\"outline: none;\" href=\"https:\/\/exceladvisor.org\/tr\/grup-tarihleri\/\" data-wpel-link=\"internal\">Tarihleri bir pivot tabloda gruplama<\/a><\/li><li> <a href=\"https:\/\/exceladvisor.org\/tr\/zaman-cizelgesi-filtresi\/\" data-wpel-link=\"internal\">Pivot Tablo Zaman \u00c7izelgesi<\/a><\/li><li> <a style=\"outline: none;\" href=\"https:\/\/exceladvisor.org\/tr\/otomatik-guncelleme-araligi\/\" rel=\"external noopener noreferrer\" data-wpel-link=\"external\">Pivot tablo aral\u0131\u011f\u0131n\u0131 otomatik olarak g\u00fcncelleme<\/a><\/li><li> <a style=\"outline: none;\" href=\"https:\/\/exceladvisor.org\/tr\/kosullu-bicimlendirmeyi-uygula\/\" data-wpel-link=\"internal\">Pivot tablonun ko\u015fullu bi\u00e7imlendirmesi<\/a><\/li><\/ul>","protected":false},"excerpt":{"rendered":"","protected":false},"author":1,"featured_media":0,"parent":0,"menu_order":0,"comment_status":"open","ping_status":"closed","template":"","meta":{"ub_ctt_via":"","footnotes":""},"class_list":["post-2083","page","type-page","status-publish","hentry"],"featured_image_src":null,"yoast_head":"<!-- This site is optimized with the Yoast SEO plugin v25.4 - https:\/\/yoast.com\/wordpress\/plugins\/seo\/ -->\n<title>Tek bir segmenti birden fazla pivot tabloya nas\u0131l ba\u011flayabilirim?<\/title>\n<meta name=\"description\" content=\"Dilimleyiciyi birden fazla pivot tabloya ba\u011flarsan\u0131z t\u00fcm pivot tablolar\u0131 tek bir dilimleyiciyle kontrol edebileceksiniz.\" \/>\n<meta name=\"robots\" content=\"index, follow, max-snippet:-1, max-image-preview:large, max-video-preview:-1\" \/>\n<link rel=\"canonical\" href=\"https:\/\/exceladvisor.org\/tr\/dilimleyiciyi-birkac-pivot-tabloya-baglama\/\" \/>\n<meta property=\"og:locale\" content=\"tr_TR\" \/>\n<meta property=\"og:type\" content=\"article\" \/>\n<meta property=\"og:title\" content=\"Tek bir segmenti birden fazla pivot tabloya nas\u0131l ba\u011flayabilirim?\" \/>\n<meta property=\"og:description\" content=\"Dilimleyiciyi birden fazla pivot tabloya ba\u011flarsan\u0131z t\u00fcm pivot tablolar\u0131 tek bir dilimleyiciyle kontrol edebileceksiniz.\" \/>\n<meta property=\"og:url\" content=\"https:\/\/exceladvisor.org\/tr\/dilimleyiciyi-birkac-pivot-tabloya-baglama\/\" \/>\n<meta property=\"og:site_name\" content=\"Excel Advisor\" \/>\n<meta property=\"article:modified_time\" content=\"2023-12-10T06:04:40+00:00\" \/>\n<meta property=\"og:image\" content=\"https:\/\/exceladvisor.org\/wp-content\/uploads\/2023\/08\/connecter-un-seul-slicer-a-plusieurs-tableaux-croises-dynamiques-1.gif\" \/>\n<meta name=\"twitter:card\" content=\"summary_large_image\" \/>\n<meta name=\"twitter:label1\" content=\"Tahmini okuma s\u00fcresi\" \/>\n\t<meta name=\"twitter:data1\" content=\"2 dakika\" \/>\n<script type=\"application\/ld+json\" class=\"yoast-schema-graph\">{\"@context\":\"https:\/\/schema.org\",\"@graph\":[{\"@type\":\"WebPage\",\"@id\":\"https:\/\/exceladvisor.org\/tr\/dilimleyiciyi-birkac-pivot-tabloya-baglama\/\",\"url\":\"https:\/\/exceladvisor.org\/tr\/dilimleyiciyi-birkac-pivot-tabloya-baglama\/\",\"name\":\"Tek bir segmenti birden fazla pivot tabloya nas\u0131l ba\u011flayabilirim?\",\"isPartOf\":{\"@id\":\"https:\/\/exceladvisor.org\/tr\/#website\"},\"primaryImageOfPage\":{\"@id\":\"https:\/\/exceladvisor.org\/tr\/dilimleyiciyi-birkac-pivot-tabloya-baglama\/#primaryimage\"},\"image\":{\"@id\":\"https:\/\/exceladvisor.org\/tr\/dilimleyiciyi-birkac-pivot-tabloya-baglama\/#primaryimage\"},\"thumbnailUrl\":\"https:\/\/exceladvisor.org\/wp-content\/uploads\/2023\/08\/connecter-un-seul-slicer-a-plusieurs-tableaux-croises-dynamiques-1.gif\",\"datePublished\":\"2023-10-19T05:57:49+00:00\",\"dateModified\":\"2023-12-10T06:04:40+00:00\",\"description\":\"Dilimleyiciyi birden fazla pivot tabloya ba\u011flarsan\u0131z t\u00fcm pivot tablolar\u0131 tek bir dilimleyiciyle kontrol edebileceksiniz.\",\"breadcrumb\":{\"@id\":\"https:\/\/exceladvisor.org\/tr\/dilimleyiciyi-birkac-pivot-tabloya-baglama\/#breadcrumb\"},\"inLanguage\":\"tr\",\"potentialAction\":[{\"@type\":\"ReadAction\",\"target\":[\"https:\/\/exceladvisor.org\/tr\/dilimleyiciyi-birkac-pivot-tabloya-baglama\/\"]}]},{\"@type\":\"ImageObject\",\"inLanguage\":\"tr\",\"@id\":\"https:\/\/exceladvisor.org\/tr\/dilimleyiciyi-birkac-pivot-tabloya-baglama\/#primaryimage\",\"url\":\"https:\/\/exceladvisor.org\/wp-content\/uploads\/2023\/08\/connecter-un-seul-slicer-a-plusieurs-tableaux-croises-dynamiques-1.gif\",\"contentUrl\":\"https:\/\/exceladvisor.org\/wp-content\/uploads\/2023\/08\/connecter-un-seul-slicer-a-plusieurs-tableaux-croises-dynamiques-1.gif\"},{\"@type\":\"BreadcrumbList\",\"@id\":\"https:\/\/exceladvisor.org\/tr\/dilimleyiciyi-birkac-pivot-tabloya-baglama\/#breadcrumb\",\"itemListElement\":[{\"@type\":\"ListItem\",\"position\":1,\"name\":\"Ev\",\"item\":\"https:\/\/exceladvisor.org\/tr\/\"},{\"@type\":\"ListItem\",\"position\":2,\"name\":\"Tek bir segmenti birden fazla pivot tabloya nas\u0131l ba\u011flayabilirim?\"}]},{\"@type\":\"WebSite\",\"@id\":\"https:\/\/exceladvisor.org\/tr\/#website\",\"url\":\"https:\/\/exceladvisor.org\/tr\/\",\"name\":\"Excel Advisor\",\"description\":\"Veri hakimiyetine y\u00f6nelik nihai rehberiniz!\",\"publisher\":{\"@id\":\"https:\/\/exceladvisor.org\/tr\/#organization\"},\"potentialAction\":[{\"@type\":\"SearchAction\",\"target\":{\"@type\":\"EntryPoint\",\"urlTemplate\":\"https:\/\/exceladvisor.org\/tr\/?s={search_term_string}\"},\"query-input\":{\"@type\":\"PropertyValueSpecification\",\"valueRequired\":true,\"valueName\":\"search_term_string\"}}],\"inLanguage\":\"tr\"},{\"@type\":\"Organization\",\"@id\":\"https:\/\/exceladvisor.org\/tr\/#organization\",\"name\":\"Excel Advisor\",\"url\":\"https:\/\/exceladvisor.org\/tr\/\",\"logo\":{\"@type\":\"ImageObject\",\"inLanguage\":\"tr\",\"@id\":\"https:\/\/exceladvisor.org\/tr\/#\/schema\/logo\/image\/\",\"url\":\"https:\/\/exceladvisor.org\/tr\/wp-content\/uploads\/2023\/12\/exceladvisor.org_.png\",\"contentUrl\":\"https:\/\/exceladvisor.org\/tr\/wp-content\/uploads\/2023\/12\/exceladvisor.org_.png\",\"width\":105,\"height\":36,\"caption\":\"Excel Advisor\"},\"image\":{\"@id\":\"https:\/\/exceladvisor.org\/tr\/#\/schema\/logo\/image\/\"}}]}<\/script>\n<!-- \/ Yoast SEO plugin. -->","yoast_head_json":{"title":"Tek bir segmenti birden fazla pivot tabloya nas\u0131l ba\u011flayabilirim?","description":"Dilimleyiciyi birden fazla pivot tabloya ba\u011flarsan\u0131z t\u00fcm pivot tablolar\u0131 tek bir dilimleyiciyle kontrol edebileceksiniz.","robots":{"index":"index","follow":"follow","max-snippet":"max-snippet:-1","max-image-preview":"max-image-preview:large","max-video-preview":"max-video-preview:-1"},"canonical":"https:\/\/exceladvisor.org\/tr\/dilimleyiciyi-birkac-pivot-tabloya-baglama\/","og_locale":"tr_TR","og_type":"article","og_title":"Tek bir segmenti birden fazla pivot tabloya nas\u0131l ba\u011flayabilirim?","og_description":"Dilimleyiciyi birden fazla pivot tabloya ba\u011flarsan\u0131z t\u00fcm pivot tablolar\u0131 tek bir dilimleyiciyle kontrol edebileceksiniz.","og_url":"https:\/\/exceladvisor.org\/tr\/dilimleyiciyi-birkac-pivot-tabloya-baglama\/","og_site_name":"Excel Advisor","article_modified_time":"2023-12-10T06:04:40+00:00","og_image":[{"url":"https:\/\/exceladvisor.org\/wp-content\/uploads\/2023\/08\/connecter-un-seul-slicer-a-plusieurs-tableaux-croises-dynamiques-1.gif","type":"","width":"","height":""}],"twitter_card":"summary_large_image","twitter_misc":{"Tahmini okuma s\u00fcresi":"2 dakika"},"schema":{"@context":"https:\/\/schema.org","@graph":[{"@type":"WebPage","@id":"https:\/\/exceladvisor.org\/tr\/dilimleyiciyi-birkac-pivot-tabloya-baglama\/","url":"https:\/\/exceladvisor.org\/tr\/dilimleyiciyi-birkac-pivot-tabloya-baglama\/","name":"Tek bir segmenti birden fazla pivot tabloya nas\u0131l ba\u011flayabilirim?","isPartOf":{"@id":"https:\/\/exceladvisor.org\/tr\/#website"},"primaryImageOfPage":{"@id":"https:\/\/exceladvisor.org\/tr\/dilimleyiciyi-birkac-pivot-tabloya-baglama\/#primaryimage"},"image":{"@id":"https:\/\/exceladvisor.org\/tr\/dilimleyiciyi-birkac-pivot-tabloya-baglama\/#primaryimage"},"thumbnailUrl":"https:\/\/exceladvisor.org\/wp-content\/uploads\/2023\/08\/connecter-un-seul-slicer-a-plusieurs-tableaux-croises-dynamiques-1.gif","datePublished":"2023-10-19T05:57:49+00:00","dateModified":"2023-12-10T06:04:40+00:00","description":"Dilimleyiciyi birden fazla pivot tabloya ba\u011flarsan\u0131z t\u00fcm pivot tablolar\u0131 tek bir dilimleyiciyle kontrol edebileceksiniz.","breadcrumb":{"@id":"https:\/\/exceladvisor.org\/tr\/dilimleyiciyi-birkac-pivot-tabloya-baglama\/#breadcrumb"},"inLanguage":"tr","potentialAction":[{"@type":"ReadAction","target":["https:\/\/exceladvisor.org\/tr\/dilimleyiciyi-birkac-pivot-tabloya-baglama\/"]}]},{"@type":"ImageObject","inLanguage":"tr","@id":"https:\/\/exceladvisor.org\/tr\/dilimleyiciyi-birkac-pivot-tabloya-baglama\/#primaryimage","url":"https:\/\/exceladvisor.org\/wp-content\/uploads\/2023\/08\/connecter-un-seul-slicer-a-plusieurs-tableaux-croises-dynamiques-1.gif","contentUrl":"https:\/\/exceladvisor.org\/wp-content\/uploads\/2023\/08\/connecter-un-seul-slicer-a-plusieurs-tableaux-croises-dynamiques-1.gif"},{"@type":"BreadcrumbList","@id":"https:\/\/exceladvisor.org\/tr\/dilimleyiciyi-birkac-pivot-tabloya-baglama\/#breadcrumb","itemListElement":[{"@type":"ListItem","position":1,"name":"Ev","item":"https:\/\/exceladvisor.org\/tr\/"},{"@type":"ListItem","position":2,"name":"Tek bir segmenti birden fazla pivot tabloya nas\u0131l ba\u011flayabilirim?"}]},{"@type":"WebSite","@id":"https:\/\/exceladvisor.org\/tr\/#website","url":"https:\/\/exceladvisor.org\/tr\/","name":"Excel Advisor","description":"Veri hakimiyetine y\u00f6nelik nihai rehberiniz!","publisher":{"@id":"https:\/\/exceladvisor.org\/tr\/#organization"},"potentialAction":[{"@type":"SearchAction","target":{"@type":"EntryPoint","urlTemplate":"https:\/\/exceladvisor.org\/tr\/?s={search_term_string}"},"query-input":{"@type":"PropertyValueSpecification","valueRequired":true,"valueName":"search_term_string"}}],"inLanguage":"tr"},{"@type":"Organization","@id":"https:\/\/exceladvisor.org\/tr\/#organization","name":"Excel Advisor","url":"https:\/\/exceladvisor.org\/tr\/","logo":{"@type":"ImageObject","inLanguage":"tr","@id":"https:\/\/exceladvisor.org\/tr\/#\/schema\/logo\/image\/","url":"https:\/\/exceladvisor.org\/tr\/wp-content\/uploads\/2023\/12\/exceladvisor.org_.png","contentUrl":"https:\/\/exceladvisor.org\/tr\/wp-content\/uploads\/2023\/12\/exceladvisor.org_.png","width":105,"height":36,"caption":"Excel Advisor"},"image":{"@id":"https:\/\/exceladvisor.org\/tr\/#\/schema\/logo\/image\/"}}]}},"yoast_meta":{"yoast_wpseo_title":"","yoast_wpseo_metadesc":"","yoast_wpseo_canonical":""},"_links":{"self":[{"href":"https:\/\/exceladvisor.org\/tr\/wp-json\/wp\/v2\/pages\/2083","targetHints":{"allow":["GET"]}}],"collection":[{"href":"https:\/\/exceladvisor.org\/tr\/wp-json\/wp\/v2\/pages"}],"about":[{"href":"https:\/\/exceladvisor.org\/tr\/wp-json\/wp\/v2\/types\/page"}],"author":[{"embeddable":true,"href":"https:\/\/exceladvisor.org\/tr\/wp-json\/wp\/v2\/users\/1"}],"replies":[{"embeddable":true,"href":"https:\/\/exceladvisor.org\/tr\/wp-json\/wp\/v2\/comments?post=2083"}],"version-history":[{"count":1,"href":"https:\/\/exceladvisor.org\/tr\/wp-json\/wp\/v2\/pages\/2083\/revisions"}],"predecessor-version":[{"id":2751,"href":"https:\/\/exceladvisor.org\/tr\/wp-json\/wp\/v2\/pages\/2083\/revisions\/2751"}],"wp:attachment":[{"href":"https:\/\/exceladvisor.org\/tr\/wp-json\/wp\/v2\/media?parent=2083"}],"curies":[{"name":"wp","href":"https:\/\/api.w.org\/{rel}","templated":true}]}}