{"id":2084,"date":"2023-10-19T05:07:52","date_gmt":"2023-10-19T05:07:52","guid":{"rendered":"https:\/\/exceladvisor.org\/tr\/filtrelenmis\/"},"modified":"2023-12-10T06:00:41","modified_gmt":"2023-12-10T06:00:41","slug":"filtrelenmis","status":"publish","type":"page","link":"https:\/\/exceladvisor.org\/tr\/filtrelenmis\/","title":{"rendered":"Excel&#39;de bir pivot tabloyu nas\u0131l filtreleyebilirim?"},"content":{"rendered":"<div class=\"excel-icerikten-once\" id=\"excel-3424369233\"><script type=\"text\/javascript\">\r\n\tatOptions = {\r\n\t\t'key' : 'c1158f160081d6540a8409e6925dab94',\r\n\t\t'format' : 'iframe',\r\n\t\t'height' : 250,\r\n\t\t'width' : 300,\r\n\t\t'params' : {}\r\n\t};\r\n<\/script>\r\n<script type=\"text\/javascript\" src=\"\/\/www.highperformanceformat.com\/c1158f160081d6540a8409e6925dab94\/invoke.js\"><\/script><\/div> <h2 class=\"wp-block-heading\">Etiket filtreleri ve de\u011fer filtreleri<\/h2><p> Etiket ve de\u011fer filtreleri pivot tablodaki yerle\u015fik filtrelerdir. \u0130kisini birbirinden ay\u0131ran tek \u015fey, de\u011fer filtrelerini kullanarak verilerinizi say\u0131lara yani de\u011ferlere g\u00f6re, etiket filtrelerini kullanarak ise metinleri filtreleyebilmenizdir.<\/p><p> Basit\u00e7e s\u00f6ylemek gerekirse, e\u011fer say\u0131lar\u0131 filtreliyorsan\u0131z, metinle oynarken de\u011fer filtreleri ve etiket filtreleri kullanmal\u0131s\u0131n\u0131z. De\u011fer\/etiket filtrelerine t\u0131klad\u0131\u011f\u0131n\u0131zda baz\u0131 ilgin\u00e7 se\u00e7enekler bulacaks\u0131n\u0131z. De\u011fer filtrelerinde bulaca\u011f\u0131n\u0131z ilk 10 d\u0131\u015f\u0131ndaki se\u00e7eneklerden baz\u0131lar\u0131 yayg\u0131nd\u0131r. <\/p><div class=\"wp-block-image\"><figure class=\"aligncenter size-large is-resized\"><img loading=\"lazy\" decoding=\"async\" class=\"wp-image-59583\" src=\"https:\/\/exceladvisor.org\/wp-content\/uploads\/2023\/08\/1-filtres-de-libelle-et-de-valeur.png\" sizes=\"auto, \" srcset=\"\" alt=\"etiket ve de\u011fer filtreleri\" width=\"451\" height=\"385\"><figcaption class=\"wp-element-caption\"> etiket ve de\u011fer filtreleri<\/figcaption><\/figure><\/div><ol type=\"1\"><li> <strong>E\u015fittir:<\/strong> Tam e\u015fle\u015fme ile verilerinizi de\u011ferine g\u00f6re filtreleyebilirsiniz, de\u011ferleri filtrelemek i\u00e7in tam e\u015fle\u015fme gibidir.<\/li><li> <strong>E\u015fit De\u011fil:<\/strong> Bahsetti\u011finiz de\u011ferleri i\u00e7ermeyen t\u00fcm de\u011ferleri filtreleyecektir. Bu \u00f6nceki se\u00e7ene\u011fin tam tersidir.<\/li><li> <strong>\u015eununla ba\u015flar:<\/strong> Bu, bahsetti\u011finiz belirli metinle ba\u015flayan verileri filtreleyecektir.<\/li><li> <strong>Ba\u015flam\u0131yor:<\/strong> Bu, bahsetti\u011finiz belirli metinle ba\u015flamayan t\u00fcm verileri filtrelemenize yard\u0131mc\u0131 olacakt\u0131r.<\/li><li> <strong>\u015eununla biter:<\/strong> Ad\u0131ndan da anla\u015f\u0131laca\u011f\u0131 gibi belirli bir metinle biten verileri filtreler.<\/li><li> <strong>\u015eununla bitmiyor:<\/strong> \u201c\u015eununla bitiyor\u201dun tam tersidir. Bu, belirtilen dizeyle bitmeyen t\u00fcm verileri filtreleyecektir.<\/li><li> <strong>\u0130\u00e7erir:<\/strong> Art\u0131k bu, ortas\u0131nda, ba\u015f\u0131nda veya sonunda belirli bir metin\/kelimeyi i\u00e7eren verileri filtrelemenize yard\u0131mc\u0131 olur.<\/li><li> <strong>\u0130\u00e7ermez:<\/strong> Bu, belirli bir metin\/kelime i\u00e7ermeyen verileri filtrelemenize yard\u0131mc\u0131 olur.<\/li><li> <strong>B\u00fcy\u00fckt\u00fcr:<\/strong> Bahsetti\u011finiz de\u011ferden b\u00fcy\u00fck t\u00fcm verileri filtreleyecek bir de\u011fer filtresidir.<\/li><li> <strong>B\u00fcy\u00fck veya E\u015fit:<\/strong> Bahsetti\u011finiz de\u011ferden b\u00fcy\u00fck veya ona e\u015fit olan t\u00fcm verileri filtreleyecek bir de\u011fer filtresidir.<\/li><li> <strong>K\u00fc\u00e7\u00fckt\u00fcr:<\/strong> Bahsetti\u011finiz de\u011ferden daha az olan t\u00fcm verileri filtreleyecek bir de\u011fer filtresidir.<\/li><li> <strong>K\u00fc\u00e7\u00fck veya E\u015fit:<\/strong> Bahsetti\u011finiz de\u011ferden k\u00fc\u00e7\u00fck veya ona e\u015fit olan t\u00fcm verileri filtreleyecek bir de\u011fer filtresidir.<\/li><li> <strong>Aras\u0131nda:<\/strong> Bu se\u00e7enek, aral\u0131klar aras\u0131na filtre uygulamak istedi\u011finizde kullan\u0131\u015fl\u0131d\u0131r <strong>.<\/strong> \u00d6rne\u011fin maliyet fiyat\u0131 100 ile 150 aras\u0131nda olan sekt\u00f6rleri filtrelemelisiniz.<\/li><li> <strong>Aras\u0131nda de\u011fil:<\/strong> Baz\u0131 belirli de\u011ferlere filtre uygulamak istedi\u011finizde bu kullan\u0131\u015fl\u0131d\u0131r.<\/li><li> <strong>Top 10:<\/strong> Pivotunuzdaki en iyi 10 veya en alttaki 10 de\u011feri filtrelemeniz gerekti\u011finde bu filtreye ihtiyac\u0131n\u0131z olur. Bu yaln\u0131zca se\u00e7ti\u011finiz, kriterlerinizle e\u015fle\u015fen de\u011fer say\u0131s\u0131n\u0131 g\u00f6sterecektir.<\/li><\/ol><h2 class=\"wp-block-heading\"> Rapor filtresini kullanma<\/h2><p> Verileri iki veya daha fazla kritere g\u00f6re filtrelemeniz gerekti\u011finde rapor filtreleri harikad\u0131r. Rapor filtrelerine s\u00fctun eklemek i\u00e7in.<\/p><ul><li> \u00d6ncelikle pivot tablonun herhangi bir yerine t\u0131klay\u0131n ve alan listesi se\u00e7ene\u011fini etkinle\u015ftirin.<\/li><li> \u015eimdi rapor filtrelerine eklemek istedi\u011finiz s\u00fctunu se\u00e7in. Buraya sanayiyi ekleyece\u011fiz.<\/li><li> Burada End\u00fcstri s\u00fctununu PivotTable alanlar\u0131ndaki filtrelere s\u00fcr\u00fckleyin\/ekleyin. <br><img loading=\"lazy\" decoding=\"async\" title=\"2-rapor filtresini kullanma\" src=\"https:\/\/exceladvisor.org\/wp-content\/uploads\/2023\/08\/2-a-laide-du-filtre-de-rapport.png\" sizes=\"auto, \" srcset=\"\" alt=\"using-report-filter\" width=\"279\" height=\"370\"><\/li><li> Art\u0131k pivot tablomuz \u015fu \u015fekilde g\u00f6r\u00fcnecek. <br><img loading=\"lazy\" decoding=\"async\" title=\"3 pivot tablo\" src=\"https:\/\/exceladvisor.org\/wp-content\/uploads\/2023\/08\/3-tableau-croise-dynamique.png\" sizes=\"auto, \" srcset=\"\" alt=\"pivot-table\" width=\"213\" height=\"488\"><\/li><li> Bundan sonra sekt\u00f6r\u00fcn yan\u0131ndaki k\u00fc\u00e7\u00fck a\u00e7\u0131l\u0131r men\u00fcye t\u0131klay\u0131n. <br><img loading=\"lazy\" decoding=\"async\" title=\"4-a\u00e7\u0131l\u0131r listeye t\u0131klay\u0131n\" src=\"https:\/\/exceladvisor.org\/wp-content\/uploads\/2023\/08\/4-cliquez-sur-le-menu-deroulant.png\" sizes=\"auto, \" srcset=\"\" alt=\"click-on-the-drop-down\" width=\"228\" height=\"269\"><\/li><li> Burada verilerinizdeki sekt\u00f6rlerin bir listesini alacaks\u0131n\u0131z.<\/li><li> \u015eimdi birden fazla se\u00e7mek i\u00e7in alttaki \u201cBirden fazla se\u00e7\u201d kutusunu i\u015faretleyin. <br><img loading=\"lazy\" decoding=\"async\" title=\"5-birden fazla \u00f6\u011fe se\u00e7in\" src=\"https:\/\/exceladvisor.org\/wp-content\/uploads\/2023\/08\/5-selectionner-plusieurs-elements.png\" sizes=\"auto, \" srcset=\"\" alt=\"select-multiple-items\" width=\"229\" height=\"260\"><\/li><li> Sonunda, uzun bir listeniz varsa arama kutusuna yazman\u0131z yeterlidir. Buraya \u201cMed\u201d yaz\u0131yoruz ve \u201cMed\u201d metnini i\u00e7eren t\u00fcm sekt\u00f6rler filtreleniyor. <br><img loading=\"lazy\" decoding=\"async\" title=\"6-arama alan\u0131na yaz\u0131n\" src=\"https:\/\/exceladvisor.org\/wp-content\/uploads\/2023\/08\/6-tapez-dans-le-champ-de-recherche.png\" sizes=\"auto, \" srcset=\"\" alt=\"type-in-the-search-box\" width=\"223\" height=\"252\"><\/li><li> Burada filtrelemek istedi\u011finiz sekt\u00f6rlerin se\u00e7imini kald\u0131rabilir veya se\u00e7ebilirsiniz.<\/li><\/ul><h2 class=\"wp-block-heading\"> Arama \u00e7ubu\u011fu<\/h2><p> Arama kutusu en basit ve en kullan\u0131\u015fl\u0131 filtredir.<\/p><ul><li> \u0130lk \u00f6nce arama kutusuna t\u0131klay\u0131n. <br><img loading=\"lazy\" decoding=\"async\" title=\"Arama alan\u0131nda 7 t\u0131klama\" src=\"https:\/\/exceladvisor.org\/wp-content\/uploads\/2023\/08\/7-cliquez-dans-le-champ-de-recherche.png\" sizes=\"auto, \" srcset=\"\" alt=\"click-inside-the-search-box\" width=\"229\" height=\"343\"><\/li><li> Burada verileri filtrelemek i\u00e7in metin yazmaya ba\u015flay\u0131n. <br><img loading=\"lazy\" decoding=\"async\" title=\"8-tip-metin-filtrelenecek-veri\" src=\"https:\/\/exceladvisor.org\/wp-content\/uploads\/2023\/08\/8-saisir-du-texte-pour-filtrer-les-donnees.png\" sizes=\"auto, \" srcset=\"\" alt=\"type-text-to-filter-data\" width=\"236\" height=\"353\"><\/li><li> Bundan sonra verilerin \u201cENT\u201d metni ile filtrelendi\u011fini g\u00f6receksiniz. Burada &#8220;ENT&#8221; yazan t\u00fcm \u00f6\u011felerin a\u015fa\u011f\u0131da listelendi\u011fini g\u00f6receksiniz.<\/li><li> \u0130htiyac\u0131n\u0131z olmayan \u00f6\u011felerin i\u015faretini kald\u0131r\u0131n. <br><img loading=\"lazy\" decoding=\"async\" title=\"9-\u00f6\u011felerin i\u015faretini kald\u0131r\u0131n\" src=\"https:\/\/exceladvisor.org\/wp-content\/uploads\/2023\/08\/9-decochez-les-elements.png\" sizes=\"auto, \" srcset=\"\" alt=\"untick-the-items\" width=\"238\" height=\"355\"><\/li><li> Tamam tu\u015funa bas\u0131n.<\/li><\/ul><h2 class=\"wp-block-heading\"> Bir sat\u0131r veya s\u00fctundaki filtreyi temizleme<\/h2><h3 class=\"wp-block-heading\"> Y\u00f6ntem 1<\/h3><ul><li> Filtreyi uygulad\u0131\u011f\u0131n\u0131z sat\u0131ra\/s\u00fctuna t\u0131klay\u0131n ve sa\u011f t\u0131klay\u0131n. <br><img loading=\"lazy\" decoding=\"async\" title=\"10 net sat\u0131r veya s\u00fctun filtresi\" src=\"https:\/\/exceladvisor.org\/wp-content\/uploads\/2023\/08\/10-effacer-le-filtre-de-la-ligne-ou-de-la-colonne.png\" sizes=\"auto, \" srcset=\"\" alt=\"clear-filter-from-row-or-column\" width=\"177\" height=\"376\"><\/li><li> Burada \u201cFiltre\u201d se\u00e7ene\u011fini aray\u0131n ve \u201cAd Filtresini Temizle\u201d se\u00e7ene\u011fini almak i\u00e7in t\u0131klay\u0131n. <br><img loading=\"lazy\" decoding=\"async\" title=\"11-a\u00e7\u0131k-isim-filtresi\" src=\"https:\/\/exceladvisor.org\/wp-content\/uploads\/2023\/08\/11-effacer-le-filtre-du-nom.png\" sizes=\"auto, \" srcset=\"\" alt=\"clear-filter-from-name\" width=\"303\" height=\"310\"><\/li><\/ul><h3 class=\"wp-block-heading\"> Y\u00f6ntem 2<\/h3><ul><li> Bunu yapman\u0131n ba\u015fka bir yolu da \u201cAd\u201d s\u00fctununun yan\u0131ndaki oku t\u0131klamakt\u0131r. <br><img loading=\"lazy\" decoding=\"async\" title=\"12-oka t\u0131klama\" src=\"https:\/\/exceladvisor.org\/wp-content\/uploads\/2023\/08\/12-cliquez-sur-la-fleche.png\" sizes=\"auto, \" srcset=\"\" alt=\"click-on-the-arrow\" width=\"240\" height=\"190\"><\/li><li> \u015eimdi \u201c\u201cAd\u201d Filtrelerini Temizle\u201dye t\u0131klay\u0131n. <br><img loading=\"lazy\" decoding=\"async\" title=\"13 t\u0131klamayla filtreyi temizleyin\" src=\"https:\/\/exceladvisor.org\/wp-content\/uploads\/2023\/08\/Effacer-le-filtre-en-13-clics.png\" sizes=\"auto, \" srcset=\"\" alt=\"click-clear-filter\" width=\"258\" height=\"385\"><\/li><\/ul><h2 class=\"wp-block-heading\"> T\u00fcm filtreleri temizle<\/h2><p> S\u00fctun ve sat\u0131rlara bak\u0131lmaks\u0131z\u0131n t\u00fcm filtreleri temizlemek istiyorsan\u0131z a\u015fa\u011f\u0131daki ad\u0131mlar\u0131 izleyin.<\/p><ul><li> Ba\u015flamak i\u00e7in analiz sekmesini etkinle\u015ftirmek \u00fczere pivot tabloya t\u0131klay\u0131n. <br><img loading=\"lazy\" decoding=\"async\" title=\"14-filtre-hepsini temizle\" src=\"https:\/\/exceladvisor.org\/wp-content\/uploads\/2023\/08\/14-Effacer-tout-le-filtre.png\" sizes=\"auto, \" srcset=\"\" alt=\"clear-all-filter\" width=\"172\" height=\"175\"><\/li><li> \u015eimdi silmek i\u00e7in yan\u0131ndaki k\u00fc\u00e7\u00fck a\u015fa\u011f\u0131 oku t\u0131klay\u0131n. <br><img loading=\"lazy\" decoding=\"async\" title=\"Filtreleri 15 t\u0131klamayla temizleyin\" src=\"https:\/\/exceladvisor.org\/wp-content\/uploads\/2023\/08\/Effacer-les-filtres-en-15-clics.png\" sizes=\"auto, \" srcset=\"\" alt=\"click-clear-filters\" width=\"172\" height=\"167\"><\/li><li> Son olarak \u201cFiltreleri Temizle\u201dye t\u0131klay\u0131n. Bu, pivot tabloya uygulanan t\u00fcm filtreleri temizleyecektir (ba\u015fka bir deyi\u015fle, filtreleri s\u0131f\u0131rlayacakt\u0131r). <\/li><\/ul><div class=\"wp-block-group main-page-bottom is-layout-flow\"><div class=\"wp-block-group__inner-container\"><h2 class=\"wp-block-heading\"> Daha Fazla PivotTable E\u011fitimi <\/h2><div class=\"wp-block-columns is-layout-flex wp-container-3\"><div class=\"wp-block-column is-layout-flow\"><ul><li> <a href=\"https:\/\/exceladvisor.org\/tr\/grup-tarihleri\/\">Excel&#8217;de tarihleri bir pivotta gruplama<\/a><\/li><li> <a href=\"https:\/\/exceladvisor.org\/tr\/dilimleyiciyi-birkac-pivot-tabloya-baglama\/\">Tek bir dilimleyiciyi Excel&#8217;de birden \u00e7ok pivot tabloyla ba\u011flama<\/a><\/li><li> <a href=\"https:\/\/exceladvisor.org\/tr\/pivot-tabloyu-hareket-ettir\/\">Excel&#8217;de PivotTable&#8217;\u0131 ta\u015f\u0131ma<\/a><\/li><li> <a href=\"https:\/\/exceladvisor.org\/tr\/duzen\/\">Excel&#8217;de PivotTable&#8217;lar\u0131 Bi\u00e7imlendirmek<\/a><\/li><li> <a href=\"https:\/\/exceladvisor.org\/tr\/klavye-kisayollari-1\/\">Pivot Tablo Klavye K\u0131sayollar\u0131<\/a><\/li><\/ul><\/div><\/div><\/div><\/div>","protected":false},"excerpt":{"rendered":"","protected":false},"author":1,"featured_media":0,"parent":0,"menu_order":0,"comment_status":"open","ping_status":"closed","template":"","meta":{"ub_ctt_via":"","footnotes":""},"class_list":["post-2084","page","type-page","status-publish","hentry"],"featured_image_src":null,"yoast_head":"<!-- This site is optimized with the Yoast SEO plugin v25.4 - https:\/\/yoast.com\/wordpress\/plugins\/seo\/ -->\n<title>Excel&#039;de bir pivot tabloyu nas\u0131l filtreleyebilirim?<\/title>\n<meta name=\"description\" content=\"Bu derste pivot tablodaki verileri nas\u0131l filtreleyece\u011fimizi anlayaca\u011f\u0131z.\" \/>\n<meta name=\"robots\" content=\"index, follow, max-snippet:-1, max-image-preview:large, max-video-preview:-1\" \/>\n<link rel=\"canonical\" href=\"https:\/\/exceladvisor.org\/tr\/filtrelenmis\/\" \/>\n<meta property=\"og:locale\" content=\"tr_TR\" \/>\n<meta property=\"og:type\" content=\"article\" \/>\n<meta property=\"og:title\" content=\"Excel&#039;de bir pivot tabloyu nas\u0131l filtreleyebilirim?\" \/>\n<meta property=\"og:description\" content=\"Bu derste pivot tablodaki verileri nas\u0131l filtreleyece\u011fimizi anlayaca\u011f\u0131z.\" \/>\n<meta property=\"og:url\" content=\"https:\/\/exceladvisor.org\/tr\/filtrelenmis\/\" \/>\n<meta property=\"og:site_name\" content=\"Excel Advisor\" \/>\n<meta property=\"article:modified_time\" content=\"2023-12-10T06:00:41+00:00\" \/>\n<meta property=\"og:image\" content=\"https:\/\/exceladvisor.org\/wp-content\/uploads\/2023\/08\/1-filtres-de-libelle-et-de-valeur.png\" \/>\n<meta name=\"twitter:card\" content=\"summary_large_image\" \/>\n<meta name=\"twitter:label1\" content=\"Tahmini okuma s\u00fcresi\" \/>\n\t<meta name=\"twitter:data1\" content=\"4 dakika\" \/>\n<script type=\"application\/ld+json\" class=\"yoast-schema-graph\">{\"@context\":\"https:\/\/schema.org\",\"@graph\":[{\"@type\":\"WebPage\",\"@id\":\"https:\/\/exceladvisor.org\/tr\/filtrelenmis\/\",\"url\":\"https:\/\/exceladvisor.org\/tr\/filtrelenmis\/\",\"name\":\"Excel&#39;de bir pivot tabloyu nas\u0131l filtreleyebilirim?\",\"isPartOf\":{\"@id\":\"https:\/\/exceladvisor.org\/tr\/#website\"},\"primaryImageOfPage\":{\"@id\":\"https:\/\/exceladvisor.org\/tr\/filtrelenmis\/#primaryimage\"},\"image\":{\"@id\":\"https:\/\/exceladvisor.org\/tr\/filtrelenmis\/#primaryimage\"},\"thumbnailUrl\":\"https:\/\/exceladvisor.org\/wp-content\/uploads\/2023\/08\/1-filtres-de-libelle-et-de-valeur.png\",\"datePublished\":\"2023-10-19T05:07:52+00:00\",\"dateModified\":\"2023-12-10T06:00:41+00:00\",\"description\":\"Bu derste pivot tablodaki verileri nas\u0131l filtreleyece\u011fimizi anlayaca\u011f\u0131z.\",\"breadcrumb\":{\"@id\":\"https:\/\/exceladvisor.org\/tr\/filtrelenmis\/#breadcrumb\"},\"inLanguage\":\"tr\",\"potentialAction\":[{\"@type\":\"ReadAction\",\"target\":[\"https:\/\/exceladvisor.org\/tr\/filtrelenmis\/\"]}]},{\"@type\":\"ImageObject\",\"inLanguage\":\"tr\",\"@id\":\"https:\/\/exceladvisor.org\/tr\/filtrelenmis\/#primaryimage\",\"url\":\"https:\/\/exceladvisor.org\/wp-content\/uploads\/2023\/08\/1-filtres-de-libelle-et-de-valeur.png\",\"contentUrl\":\"https:\/\/exceladvisor.org\/wp-content\/uploads\/2023\/08\/1-filtres-de-libelle-et-de-valeur.png\"},{\"@type\":\"BreadcrumbList\",\"@id\":\"https:\/\/exceladvisor.org\/tr\/filtrelenmis\/#breadcrumb\",\"itemListElement\":[{\"@type\":\"ListItem\",\"position\":1,\"name\":\"Ev\",\"item\":\"https:\/\/exceladvisor.org\/tr\/\"},{\"@type\":\"ListItem\",\"position\":2,\"name\":\"Excel&#39;de bir pivot tabloyu nas\u0131l filtreleyebilirim?\"}]},{\"@type\":\"WebSite\",\"@id\":\"https:\/\/exceladvisor.org\/tr\/#website\",\"url\":\"https:\/\/exceladvisor.org\/tr\/\",\"name\":\"Excel Advisor\",\"description\":\"Veri hakimiyetine y\u00f6nelik nihai rehberiniz!\",\"publisher\":{\"@id\":\"https:\/\/exceladvisor.org\/tr\/#organization\"},\"potentialAction\":[{\"@type\":\"SearchAction\",\"target\":{\"@type\":\"EntryPoint\",\"urlTemplate\":\"https:\/\/exceladvisor.org\/tr\/?s={search_term_string}\"},\"query-input\":{\"@type\":\"PropertyValueSpecification\",\"valueRequired\":true,\"valueName\":\"search_term_string\"}}],\"inLanguage\":\"tr\"},{\"@type\":\"Organization\",\"@id\":\"https:\/\/exceladvisor.org\/tr\/#organization\",\"name\":\"Excel Advisor\",\"url\":\"https:\/\/exceladvisor.org\/tr\/\",\"logo\":{\"@type\":\"ImageObject\",\"inLanguage\":\"tr\",\"@id\":\"https:\/\/exceladvisor.org\/tr\/#\/schema\/logo\/image\/\",\"url\":\"https:\/\/exceladvisor.org\/tr\/wp-content\/uploads\/2023\/12\/exceladvisor.org_.png\",\"contentUrl\":\"https:\/\/exceladvisor.org\/tr\/wp-content\/uploads\/2023\/12\/exceladvisor.org_.png\",\"width\":105,\"height\":36,\"caption\":\"Excel Advisor\"},\"image\":{\"@id\":\"https:\/\/exceladvisor.org\/tr\/#\/schema\/logo\/image\/\"}}]}<\/script>\n<!-- \/ Yoast SEO plugin. -->","yoast_head_json":{"title":"Excel&#39;de bir pivot tabloyu nas\u0131l filtreleyebilirim?","description":"Bu derste pivot tablodaki verileri nas\u0131l filtreleyece\u011fimizi anlayaca\u011f\u0131z.","robots":{"index":"index","follow":"follow","max-snippet":"max-snippet:-1","max-image-preview":"max-image-preview:large","max-video-preview":"max-video-preview:-1"},"canonical":"https:\/\/exceladvisor.org\/tr\/filtrelenmis\/","og_locale":"tr_TR","og_type":"article","og_title":"Excel&#39;de bir pivot tabloyu nas\u0131l filtreleyebilirim?","og_description":"Bu derste pivot tablodaki verileri nas\u0131l filtreleyece\u011fimizi anlayaca\u011f\u0131z.","og_url":"https:\/\/exceladvisor.org\/tr\/filtrelenmis\/","og_site_name":"Excel Advisor","article_modified_time":"2023-12-10T06:00:41+00:00","og_image":[{"url":"https:\/\/exceladvisor.org\/wp-content\/uploads\/2023\/08\/1-filtres-de-libelle-et-de-valeur.png","type":"","width":"","height":""}],"twitter_card":"summary_large_image","twitter_misc":{"Tahmini okuma s\u00fcresi":"4 dakika"},"schema":{"@context":"https:\/\/schema.org","@graph":[{"@type":"WebPage","@id":"https:\/\/exceladvisor.org\/tr\/filtrelenmis\/","url":"https:\/\/exceladvisor.org\/tr\/filtrelenmis\/","name":"Excel&#39;de bir pivot tabloyu nas\u0131l filtreleyebilirim?","isPartOf":{"@id":"https:\/\/exceladvisor.org\/tr\/#website"},"primaryImageOfPage":{"@id":"https:\/\/exceladvisor.org\/tr\/filtrelenmis\/#primaryimage"},"image":{"@id":"https:\/\/exceladvisor.org\/tr\/filtrelenmis\/#primaryimage"},"thumbnailUrl":"https:\/\/exceladvisor.org\/wp-content\/uploads\/2023\/08\/1-filtres-de-libelle-et-de-valeur.png","datePublished":"2023-10-19T05:07:52+00:00","dateModified":"2023-12-10T06:00:41+00:00","description":"Bu derste pivot tablodaki verileri nas\u0131l filtreleyece\u011fimizi anlayaca\u011f\u0131z.","breadcrumb":{"@id":"https:\/\/exceladvisor.org\/tr\/filtrelenmis\/#breadcrumb"},"inLanguage":"tr","potentialAction":[{"@type":"ReadAction","target":["https:\/\/exceladvisor.org\/tr\/filtrelenmis\/"]}]},{"@type":"ImageObject","inLanguage":"tr","@id":"https:\/\/exceladvisor.org\/tr\/filtrelenmis\/#primaryimage","url":"https:\/\/exceladvisor.org\/wp-content\/uploads\/2023\/08\/1-filtres-de-libelle-et-de-valeur.png","contentUrl":"https:\/\/exceladvisor.org\/wp-content\/uploads\/2023\/08\/1-filtres-de-libelle-et-de-valeur.png"},{"@type":"BreadcrumbList","@id":"https:\/\/exceladvisor.org\/tr\/filtrelenmis\/#breadcrumb","itemListElement":[{"@type":"ListItem","position":1,"name":"Ev","item":"https:\/\/exceladvisor.org\/tr\/"},{"@type":"ListItem","position":2,"name":"Excel&#39;de bir pivot tabloyu nas\u0131l filtreleyebilirim?"}]},{"@type":"WebSite","@id":"https:\/\/exceladvisor.org\/tr\/#website","url":"https:\/\/exceladvisor.org\/tr\/","name":"Excel Advisor","description":"Veri hakimiyetine y\u00f6nelik nihai rehberiniz!","publisher":{"@id":"https:\/\/exceladvisor.org\/tr\/#organization"},"potentialAction":[{"@type":"SearchAction","target":{"@type":"EntryPoint","urlTemplate":"https:\/\/exceladvisor.org\/tr\/?s={search_term_string}"},"query-input":{"@type":"PropertyValueSpecification","valueRequired":true,"valueName":"search_term_string"}}],"inLanguage":"tr"},{"@type":"Organization","@id":"https:\/\/exceladvisor.org\/tr\/#organization","name":"Excel Advisor","url":"https:\/\/exceladvisor.org\/tr\/","logo":{"@type":"ImageObject","inLanguage":"tr","@id":"https:\/\/exceladvisor.org\/tr\/#\/schema\/logo\/image\/","url":"https:\/\/exceladvisor.org\/tr\/wp-content\/uploads\/2023\/12\/exceladvisor.org_.png","contentUrl":"https:\/\/exceladvisor.org\/tr\/wp-content\/uploads\/2023\/12\/exceladvisor.org_.png","width":105,"height":36,"caption":"Excel Advisor"},"image":{"@id":"https:\/\/exceladvisor.org\/tr\/#\/schema\/logo\/image\/"}}]}},"yoast_meta":{"yoast_wpseo_title":"","yoast_wpseo_metadesc":"","yoast_wpseo_canonical":""},"_links":{"self":[{"href":"https:\/\/exceladvisor.org\/tr\/wp-json\/wp\/v2\/pages\/2084","targetHints":{"allow":["GET"]}}],"collection":[{"href":"https:\/\/exceladvisor.org\/tr\/wp-json\/wp\/v2\/pages"}],"about":[{"href":"https:\/\/exceladvisor.org\/tr\/wp-json\/wp\/v2\/types\/page"}],"author":[{"embeddable":true,"href":"https:\/\/exceladvisor.org\/tr\/wp-json\/wp\/v2\/users\/1"}],"replies":[{"embeddable":true,"href":"https:\/\/exceladvisor.org\/tr\/wp-json\/wp\/v2\/comments?post=2084"}],"version-history":[{"count":1,"href":"https:\/\/exceladvisor.org\/tr\/wp-json\/wp\/v2\/pages\/2084\/revisions"}],"predecessor-version":[{"id":2427,"href":"https:\/\/exceladvisor.org\/tr\/wp-json\/wp\/v2\/pages\/2084\/revisions\/2427"}],"wp:attachment":[{"href":"https:\/\/exceladvisor.org\/tr\/wp-json\/wp\/v2\/media?parent=2084"}],"curies":[{"name":"wp","href":"https:\/\/api.w.org\/{rel}","templated":true}]}}