{"id":2087,"date":"2023-10-18T22:16:48","date_gmt":"2023-10-18T22:16:48","guid":{"rendered":"https:\/\/exceladvisor.org\/tr\/izgara\/"},"modified":"2023-12-10T06:01:28","modified_gmt":"2023-12-10T06:01:28","slug":"izgara","status":"publish","type":"page","link":"https:\/\/exceladvisor.org\/tr\/izgara\/","title":{"rendered":"Excel&#39;de k\u0131lavuz \u00e7izgileri nas\u0131l kullan\u0131l\u0131r?"},"content":{"rendered":"<div class=\"excel-icerikten-once\" id=\"excel-302886768\"><script type=\"text\/javascript\">\r\n\tatOptions = {\r\n\t\t'key' : 'c1158f160081d6540a8409e6925dab94',\r\n\t\t'format' : 'iframe',\r\n\t\t'height' : 250,\r\n\t\t'width' : 300,\r\n\t\t'params' : {}\r\n\t};\r\n<\/script>\r\n<script type=\"text\/javascript\" src=\"\/\/www.highperformanceformat.com\/c1158f160081d6540a8409e6925dab94\/invoke.js\"><\/script><\/div> <p>Excel&#8217;de bir \u00e7al\u0131\u015fma kitab\u0131n\u0131 a\u00e7t\u0131\u011f\u0131n\u0131zda h\u00fccreleri g\u00f6r\u00fcn\u00fcr k\u0131lan \u0131zgara \u00e7izgilerinin (a\u00e7\u0131k gri renkli \u00e7izgiler) bulundu\u011funu g\u00f6rebilirsiniz. Bu dersimizde bu gridleri nas\u0131l y\u00f6netece\u011fimizi \u00f6\u011frenece\u011fiz. <\/p><div class=\"wp-block-image\"><figure class=\"aligncenter size-full is-resized\"><img loading=\"lazy\" decoding=\"async\" class=\"wp-image-61132\" src=\"https:\/\/exceladvisor.org\/wp-content\/uploads\/2023\/08\/1-quadrillage-dans-excel.png\" sizes=\"auto, \" srcset=\"\" alt=\"excel'de \u0131zgara\" width=\"379\" height=\"236\"><\/figure><\/div><h2 class=\"wp-block-heading\"> Excel&#8217;de k\u0131lavuz \u00e7izgilerini kald\u0131rma<\/h2><ol type=\"1\"><li> \u015eeritteki \u201cG\u00f6r\u00fcn\u00fcm\u201d sekmesine gitmeniz gerekiyor.<\/li><li> Oradan yukar\u0131daki \u201cG\u00f6ster\u201d grubuna gidin.<\/li><li> Sonra orada bir \u0131zgara onay kutusu var.<\/li><li> Izgaralar\u0131 \u00e7al\u0131\u015fma kitab\u0131ndan kald\u0131rmak i\u00e7in kutunun i\u015faretini kald\u0131r\u0131n. <\/li><\/ol><div class=\"wp-block-image\"><figure class=\"aligncenter size-full is-resized\"><img loading=\"lazy\" decoding=\"async\" class=\"wp-image-61133\" src=\"https:\/\/exceladvisor.org\/wp-content\/uploads\/2023\/08\/2-supprimer-le-quadrillage.png\" sizes=\"auto, \" srcset=\"\" alt=\"\u0131zgaray\u0131 kald\u0131r\" width=\"619\" height=\"150\"><\/figure><\/div><p> K\u0131lavuz \u00e7izgilerini tekrar g\u00f6stermek istiyorsan\u0131z kutuyu tekrar i\u015faretlemeniz yeterlidir; ancak ayn\u0131 zamanda K\u0131lavuz \u00c7izgileri se\u00e7enekler grubu alt\u0131ndaki &#8220;D\u00fczen&#8221; sekmesinde k\u0131lavuz \u00e7izgilerini gizlemek ve g\u00f6stermek de istersiniz. <\/p><div class=\"wp-block-image\"><figure class=\"aligncenter size-full is-resized\"><img loading=\"lazy\" decoding=\"async\" class=\"wp-image-61134\" src=\"https:\/\/exceladvisor.org\/wp-content\/uploads\/2023\/08\/3-masquage-du-quadrillage.png\" sizes=\"auto, \" srcset=\"\" alt=\"k\u0131lavuz \u00e7izgilerini gizle\" width=\"545\" height=\"164\"><\/figure><\/div><p> Excel se\u00e7eneklerinde bulabilece\u011finiz ba\u015fka bir yol daha var. <strong>Dosya sekmesine gidin \u2192 Excel Se\u00e7enekleri \u2192 Geli\u015fmi\u015f \u2192 \u00c7al\u0131\u015fma Sayfas\u0131 G\u00f6r\u00fcnt\u00fcleme Se\u00e7enekleri \u2192 \u201cK\u0131lavuz \u00c7izgilerini G\u00f6ster\u201d kutusunun i\u015faretini kald\u0131r\u0131n<\/strong> . <\/p><div class=\"wp-block-image\"><figure class=\"aligncenter size-full is-resized\"><img loading=\"lazy\" decoding=\"async\" class=\"wp-image-61135\" src=\"https:\/\/exceladvisor.org\/wp-content\/uploads\/2023\/08\/4-decochez-Afficher-le-quadrillage.png\" sizes=\"auto, \" srcset=\"\" alt=\"\u0131zgaray\u0131 g\u00f6ster se\u00e7ene\u011finin i\u015faretini kald\u0131r\u0131n\" width=\"677\" height=\"353\"><\/figure><\/div><p class=\"qt-tip\"> <strong>Not:<\/strong> K\u0131lavuz \u00e7izgilerini kald\u0131rmak i\u00e7in yukar\u0131daki se\u00e7eneklerden herhangi birini kulland\u0131\u011f\u0131n\u0131zda, bu durum \u00e7al\u0131\u015fma kitab\u0131n\u0131n tamam\u0131na de\u011fil yaln\u0131zca etkin \u00e7al\u0131\u015fma sayfas\u0131na uygulanacakt\u0131r. Ancak birden fazla \u00e7al\u0131\u015fma sayfas\u0131ndan k\u0131lavuz \u00e7izgilerini kald\u0131rmak veya eklemek istiyorsan\u0131z, bir grup \u00e7al\u0131\u015fma sayfas\u0131n\u0131 se\u00e7ip \u0131zgara se\u00e7ene\u011finin i\u015faretini kald\u0131rabilirsiniz.<\/p><h2 class=\"wp-block-heading\"> Excel&#8217;deki k\u0131lavuz \u00e7izgileri i\u00e7in klavye k\u0131sayolu<\/h2><p> Ayn\u0131 \u015fekilde a\u015fa\u011f\u0131daki <a href=\"https:\/\/exceladvisor.org\/tr\/klavye-kisayollari\/\">k\u0131sayol tu\u015funu<\/a> kullanarak k\u0131lavuz \u00e7izgilerini gizleyebilir ve g\u00f6sterebilirsiniz. A\u015fa\u011f\u0131daki k\u0131sayol tu\u015fu \u201cG\u00f6r\u00fcn\u00fcm\u201d sekmesi se\u00e7ene\u011fini kullan\u0131r.<\/p><p> <kbd>Alt<\/kbd> \u2192 <kbd>W<\/kbd> \u2192 <kbd>V<\/kbd> \u2192 <kbd>G<\/kbd><\/p><h2 class=\"wp-block-heading\"> Excel&#8217;de k\u0131lavuz \u00e7izgilerini yazd\u0131rma<\/h2><p> \u00c7al\u0131\u015fma sayfas\u0131n\u0131 yazd\u0131rd\u0131\u011f\u0131n\u0131zda \u00e7\u0131kt\u0131da k\u0131lavuz \u00e7izgilerini bulamazs\u0131n\u0131z. Ancak \u0131zgara yazd\u0131rmay\u0131 etkinle\u015ftirirsiniz.<\/p><ol type=\"1\"><li> \u201cD\u00fczen\u201d sekmesine gidin ve \u201cSayfa Se\u00e7enekleri\u201d grubuna gidin.<\/li><li> Daha sonra se\u00e7enekler \u0131zgaralar\u0131n\u0131 bulacaks\u0131n\u0131z.<\/li><li> Oradan ikinci \u201cYazd\u0131r\u201d onay kutusunu i\u015faretleyin.<\/li><\/ol><p class=\"qt-tip\"> <strong>Not:<\/strong> Izgara yazd\u0131rmay\u0131 etkinle\u015ftirdi\u011finizde, Excel yaln\u0131zca kullan\u0131mdaki aral\u0131\u011fa (i\u00e7eri\u011finizin bulundu\u011fu h\u00fccreler) ait k\u0131lavuz \u00e7izgilerini yazd\u0131r\u0131r. T\u0131pk\u0131 a\u015fa\u011f\u0131daki gibi: <\/p><div class=\"wp-block-image\"><figure class=\"aligncenter size-full is-resized\"><img loading=\"lazy\" decoding=\"async\" class=\"wp-image-61136\" src=\"https:\/\/exceladvisor.org\/wp-content\/uploads\/2023\/08\/5-imprimer-le-quadrillage.png\" sizes=\"auto, \" srcset=\"\" alt=\"\u0131zgaray\u0131 yazd\u0131r\" width=\"383\" height=\"308\"><\/figure><\/div><h2 class=\"wp-block-heading\"> Izgara rengini de\u011fi\u015ftir<\/h2><p> Izgara \u00e7izgileri varsay\u0131lan olarak a\u00e7\u0131k gri renktedir ancak \u0131zgara \u00e7izgilerinin rengini Excel Se\u00e7enekleri&#8217;nden de\u011fi\u015ftirebilirsiniz. <strong>Dosya Sekmesi \u2192 <a href=\"https:\/\/exceladvisor.org\/tr\/secenekler\/\">Excel Se\u00e7enekleri<\/a> \u2192 Geli\u015fmi\u015f \u2192 \u00c7al\u0131\u015fma Sayfas\u0131 G\u00f6r\u00fcnt\u00fcleme Se\u00e7enekleri \u2192 Izgara Rengini Se\u00e7 se\u00e7ene\u011fine<\/strong> gidin. <\/p><div class=\"wp-block-image\"><figure class=\"aligncenter size-full is-resized\"><img loading=\"lazy\" decoding=\"async\" class=\"wp-image-61137\" src=\"https:\/\/exceladvisor.org\/wp-content\/uploads\/2023\/08\/6-changer-la-couleur-des-grilles.png\" sizes=\"auto, \" srcset=\"\" alt=\"\u0131zgaran\u0131n rengini de\u011fi\u015ftirme\" width=\"548\" height=\"339\"><\/figure><\/div><p> Izgara rengini de\u011fi\u015ftirdi\u011finizde, renkli yazd\u0131rma kullan\u0131yorsan\u0131z yazd\u0131rma i\u00e7in \u0131zgara rengi de de\u011fi\u015fir.<\/p><div class=\"gb-container gb-container-4db6181c gb-container-mt\"> <a class=\"gb-button gb-button-c5897111 gb-button-text gb-button-mt-button\" href=\"https:\/\/exceladvisor.org\/tr\/excelin-temelleri\/\">Microsoft Excel Temelleri (Bile\u015fenler, Par\u00e7alar ve Bilgi Notlar\u0131)<\/a><h2 class=\"gb-headline gb-headline-665e5f6b gb-headline-text gb-headline-mt-heading\"> \u0130lgili e\u011fitimler <\/h2><div class=\"gb-grid-wrapper gb-grid-wrapper-a20baf7c gb-grid-wrapper-mt-grid\"><div class=\"gb-grid-column gb-grid-column-65ddf67e\"><div class=\"gb-container gb-container-65ddf67e\"><ul><li> <a href=\"https:\/\/exceladvisor.org\/tr\/muhasebe-numarasi-formati\/\">Excel&#8217;de muhasebe numaras\u0131 bi\u00e7imini uygulama<\/a><\/li><li> <a href=\"https:\/\/exceladvisor.org\/tr\/hucre-rengi\/\">Excel&#8217;de bir h\u00fccreye veya sayfan\u0131n tamam\u0131na arka plan rengi uygulama<\/a><\/li><li> <a href=\"https:\/\/exceladvisor.org\/tr\/sayfa-numarasi-ekle\/\">Excel&#8217;de sayfa numaras\u0131 ekleme<\/a><\/li><li> <a href=\"https:\/\/exceladvisor.org\/tr\/virgul-stilini-uygula\/\">Excel&#8217;de virg\u00fcl stilini uygulama<\/a><\/li><li> <a href=\"https:\/\/exceladvisor.org\/tr\/kamis\/\">Excel&#8217;de \u00fcst\u00fc \u00e7izili uygulama<\/a><\/li><\/ul><\/div><\/div><\/div><\/div>","protected":false},"excerpt":{"rendered":"","protected":false},"author":1,"featured_media":0,"parent":0,"menu_order":0,"comment_status":"open","ping_status":"closed","template":"","meta":{"ub_ctt_via":"","footnotes":""},"class_list":["post-2087","page","type-page","status-publish","hentry"],"featured_image_src":null,"yoast_head":"<!-- This site is optimized with the Yoast SEO plugin v25.4 - https:\/\/yoast.com\/wordpress\/plugins\/seo\/ -->\n<title>\u25b7 Excel&#039;de k\u0131lavuz \u00e7izgileri nas\u0131l kullan\u0131l\u0131r? (E\u011fitim 2023)<\/title>\n<meta name=\"description\" content=\"Excel&#039;de k\u0131lavuz \u00e7izgilerinin nas\u0131l etkinle\u015ftirilece\u011fini\/devre d\u0131\u015f\u0131 b\u0131rak\u0131laca\u011f\u0131n\u0131 ve mevcut t\u00fcm se\u00e7eneklerin nas\u0131l kullan\u0131laca\u011f\u0131n\u0131 \u00f6\u011frenelim.\" \/>\n<meta name=\"robots\" content=\"index, follow, max-snippet:-1, max-image-preview:large, max-video-preview:-1\" \/>\n<link rel=\"canonical\" href=\"https:\/\/exceladvisor.org\/tr\/izgara\/\" \/>\n<meta property=\"og:locale\" content=\"tr_TR\" \/>\n<meta property=\"og:type\" content=\"article\" \/>\n<meta property=\"og:title\" content=\"\u25b7 Excel&#039;de k\u0131lavuz \u00e7izgileri nas\u0131l kullan\u0131l\u0131r? (E\u011fitim 2023)\" \/>\n<meta property=\"og:description\" content=\"Excel&#039;de k\u0131lavuz \u00e7izgilerinin nas\u0131l etkinle\u015ftirilece\u011fini\/devre d\u0131\u015f\u0131 b\u0131rak\u0131laca\u011f\u0131n\u0131 ve mevcut t\u00fcm se\u00e7eneklerin nas\u0131l kullan\u0131laca\u011f\u0131n\u0131 \u00f6\u011frenelim.\" \/>\n<meta property=\"og:url\" content=\"https:\/\/exceladvisor.org\/tr\/izgara\/\" \/>\n<meta property=\"og:site_name\" content=\"Excel Advisor\" \/>\n<meta property=\"article:modified_time\" content=\"2023-12-10T06:01:28+00:00\" \/>\n<meta property=\"og:image\" content=\"https:\/\/exceladvisor.org\/wp-content\/uploads\/2023\/08\/1-quadrillage-dans-excel.png\" \/>\n<meta name=\"twitter:card\" content=\"summary_large_image\" \/>\n<meta name=\"twitter:label1\" content=\"Tahmini okuma s\u00fcresi\" \/>\n\t<meta name=\"twitter:data1\" content=\"2 dakika\" \/>\n<script type=\"application\/ld+json\" class=\"yoast-schema-graph\">{\"@context\":\"https:\/\/schema.org\",\"@graph\":[{\"@type\":\"WebPage\",\"@id\":\"https:\/\/exceladvisor.org\/tr\/izgara\/\",\"url\":\"https:\/\/exceladvisor.org\/tr\/izgara\/\",\"name\":\"\u25b7 Excel&#39;de k\u0131lavuz \u00e7izgileri nas\u0131l kullan\u0131l\u0131r? (E\u011fitim 2023)\",\"isPartOf\":{\"@id\":\"https:\/\/exceladvisor.org\/tr\/#website\"},\"primaryImageOfPage\":{\"@id\":\"https:\/\/exceladvisor.org\/tr\/izgara\/#primaryimage\"},\"image\":{\"@id\":\"https:\/\/exceladvisor.org\/tr\/izgara\/#primaryimage\"},\"thumbnailUrl\":\"https:\/\/exceladvisor.org\/wp-content\/uploads\/2023\/08\/1-quadrillage-dans-excel.png\",\"datePublished\":\"2023-10-18T22:16:48+00:00\",\"dateModified\":\"2023-12-10T06:01:28+00:00\",\"description\":\"Excel&#39;de k\u0131lavuz \u00e7izgilerinin nas\u0131l etkinle\u015ftirilece\u011fini\/devre d\u0131\u015f\u0131 b\u0131rak\u0131laca\u011f\u0131n\u0131 ve mevcut t\u00fcm se\u00e7eneklerin nas\u0131l kullan\u0131laca\u011f\u0131n\u0131 \u00f6\u011frenelim.\",\"breadcrumb\":{\"@id\":\"https:\/\/exceladvisor.org\/tr\/izgara\/#breadcrumb\"},\"inLanguage\":\"tr\",\"potentialAction\":[{\"@type\":\"ReadAction\",\"target\":[\"https:\/\/exceladvisor.org\/tr\/izgara\/\"]}]},{\"@type\":\"ImageObject\",\"inLanguage\":\"tr\",\"@id\":\"https:\/\/exceladvisor.org\/tr\/izgara\/#primaryimage\",\"url\":\"https:\/\/exceladvisor.org\/wp-content\/uploads\/2023\/08\/1-quadrillage-dans-excel.png\",\"contentUrl\":\"https:\/\/exceladvisor.org\/wp-content\/uploads\/2023\/08\/1-quadrillage-dans-excel.png\"},{\"@type\":\"BreadcrumbList\",\"@id\":\"https:\/\/exceladvisor.org\/tr\/izgara\/#breadcrumb\",\"itemListElement\":[{\"@type\":\"ListItem\",\"position\":1,\"name\":\"Ev\",\"item\":\"https:\/\/exceladvisor.org\/tr\/\"},{\"@type\":\"ListItem\",\"position\":2,\"name\":\"Excel&#39;de k\u0131lavuz \u00e7izgileri nas\u0131l kullan\u0131l\u0131r?\"}]},{\"@type\":\"WebSite\",\"@id\":\"https:\/\/exceladvisor.org\/tr\/#website\",\"url\":\"https:\/\/exceladvisor.org\/tr\/\",\"name\":\"Excel Advisor\",\"description\":\"Veri hakimiyetine y\u00f6nelik nihai rehberiniz!\",\"publisher\":{\"@id\":\"https:\/\/exceladvisor.org\/tr\/#organization\"},\"potentialAction\":[{\"@type\":\"SearchAction\",\"target\":{\"@type\":\"EntryPoint\",\"urlTemplate\":\"https:\/\/exceladvisor.org\/tr\/?s={search_term_string}\"},\"query-input\":{\"@type\":\"PropertyValueSpecification\",\"valueRequired\":true,\"valueName\":\"search_term_string\"}}],\"inLanguage\":\"tr\"},{\"@type\":\"Organization\",\"@id\":\"https:\/\/exceladvisor.org\/tr\/#organization\",\"name\":\"Excel Advisor\",\"url\":\"https:\/\/exceladvisor.org\/tr\/\",\"logo\":{\"@type\":\"ImageObject\",\"inLanguage\":\"tr\",\"@id\":\"https:\/\/exceladvisor.org\/tr\/#\/schema\/logo\/image\/\",\"url\":\"https:\/\/exceladvisor.org\/tr\/wp-content\/uploads\/2023\/12\/exceladvisor.org_.png\",\"contentUrl\":\"https:\/\/exceladvisor.org\/tr\/wp-content\/uploads\/2023\/12\/exceladvisor.org_.png\",\"width\":105,\"height\":36,\"caption\":\"Excel Advisor\"},\"image\":{\"@id\":\"https:\/\/exceladvisor.org\/tr\/#\/schema\/logo\/image\/\"}}]}<\/script>\n<!-- \/ Yoast SEO plugin. -->","yoast_head_json":{"title":"\u25b7 Excel&#39;de k\u0131lavuz \u00e7izgileri nas\u0131l kullan\u0131l\u0131r? (E\u011fitim 2023)","description":"Excel&#39;de k\u0131lavuz \u00e7izgilerinin nas\u0131l etkinle\u015ftirilece\u011fini\/devre d\u0131\u015f\u0131 b\u0131rak\u0131laca\u011f\u0131n\u0131 ve mevcut t\u00fcm se\u00e7eneklerin nas\u0131l kullan\u0131laca\u011f\u0131n\u0131 \u00f6\u011frenelim.","robots":{"index":"index","follow":"follow","max-snippet":"max-snippet:-1","max-image-preview":"max-image-preview:large","max-video-preview":"max-video-preview:-1"},"canonical":"https:\/\/exceladvisor.org\/tr\/izgara\/","og_locale":"tr_TR","og_type":"article","og_title":"\u25b7 Excel&#39;de k\u0131lavuz \u00e7izgileri nas\u0131l kullan\u0131l\u0131r? (E\u011fitim 2023)","og_description":"Excel&#39;de k\u0131lavuz \u00e7izgilerinin nas\u0131l etkinle\u015ftirilece\u011fini\/devre d\u0131\u015f\u0131 b\u0131rak\u0131laca\u011f\u0131n\u0131 ve mevcut t\u00fcm se\u00e7eneklerin nas\u0131l kullan\u0131laca\u011f\u0131n\u0131 \u00f6\u011frenelim.","og_url":"https:\/\/exceladvisor.org\/tr\/izgara\/","og_site_name":"Excel Advisor","article_modified_time":"2023-12-10T06:01:28+00:00","og_image":[{"url":"https:\/\/exceladvisor.org\/wp-content\/uploads\/2023\/08\/1-quadrillage-dans-excel.png","type":"","width":"","height":""}],"twitter_card":"summary_large_image","twitter_misc":{"Tahmini okuma s\u00fcresi":"2 dakika"},"schema":{"@context":"https:\/\/schema.org","@graph":[{"@type":"WebPage","@id":"https:\/\/exceladvisor.org\/tr\/izgara\/","url":"https:\/\/exceladvisor.org\/tr\/izgara\/","name":"\u25b7 Excel&#39;de k\u0131lavuz \u00e7izgileri nas\u0131l kullan\u0131l\u0131r? (E\u011fitim 2023)","isPartOf":{"@id":"https:\/\/exceladvisor.org\/tr\/#website"},"primaryImageOfPage":{"@id":"https:\/\/exceladvisor.org\/tr\/izgara\/#primaryimage"},"image":{"@id":"https:\/\/exceladvisor.org\/tr\/izgara\/#primaryimage"},"thumbnailUrl":"https:\/\/exceladvisor.org\/wp-content\/uploads\/2023\/08\/1-quadrillage-dans-excel.png","datePublished":"2023-10-18T22:16:48+00:00","dateModified":"2023-12-10T06:01:28+00:00","description":"Excel&#39;de k\u0131lavuz \u00e7izgilerinin nas\u0131l etkinle\u015ftirilece\u011fini\/devre d\u0131\u015f\u0131 b\u0131rak\u0131laca\u011f\u0131n\u0131 ve mevcut t\u00fcm se\u00e7eneklerin nas\u0131l kullan\u0131laca\u011f\u0131n\u0131 \u00f6\u011frenelim.","breadcrumb":{"@id":"https:\/\/exceladvisor.org\/tr\/izgara\/#breadcrumb"},"inLanguage":"tr","potentialAction":[{"@type":"ReadAction","target":["https:\/\/exceladvisor.org\/tr\/izgara\/"]}]},{"@type":"ImageObject","inLanguage":"tr","@id":"https:\/\/exceladvisor.org\/tr\/izgara\/#primaryimage","url":"https:\/\/exceladvisor.org\/wp-content\/uploads\/2023\/08\/1-quadrillage-dans-excel.png","contentUrl":"https:\/\/exceladvisor.org\/wp-content\/uploads\/2023\/08\/1-quadrillage-dans-excel.png"},{"@type":"BreadcrumbList","@id":"https:\/\/exceladvisor.org\/tr\/izgara\/#breadcrumb","itemListElement":[{"@type":"ListItem","position":1,"name":"Ev","item":"https:\/\/exceladvisor.org\/tr\/"},{"@type":"ListItem","position":2,"name":"Excel&#39;de k\u0131lavuz \u00e7izgileri nas\u0131l kullan\u0131l\u0131r?"}]},{"@type":"WebSite","@id":"https:\/\/exceladvisor.org\/tr\/#website","url":"https:\/\/exceladvisor.org\/tr\/","name":"Excel Advisor","description":"Veri hakimiyetine y\u00f6nelik nihai rehberiniz!","publisher":{"@id":"https:\/\/exceladvisor.org\/tr\/#organization"},"potentialAction":[{"@type":"SearchAction","target":{"@type":"EntryPoint","urlTemplate":"https:\/\/exceladvisor.org\/tr\/?s={search_term_string}"},"query-input":{"@type":"PropertyValueSpecification","valueRequired":true,"valueName":"search_term_string"}}],"inLanguage":"tr"},{"@type":"Organization","@id":"https:\/\/exceladvisor.org\/tr\/#organization","name":"Excel Advisor","url":"https:\/\/exceladvisor.org\/tr\/","logo":{"@type":"ImageObject","inLanguage":"tr","@id":"https:\/\/exceladvisor.org\/tr\/#\/schema\/logo\/image\/","url":"https:\/\/exceladvisor.org\/tr\/wp-content\/uploads\/2023\/12\/exceladvisor.org_.png","contentUrl":"https:\/\/exceladvisor.org\/tr\/wp-content\/uploads\/2023\/12\/exceladvisor.org_.png","width":105,"height":36,"caption":"Excel Advisor"},"image":{"@id":"https:\/\/exceladvisor.org\/tr\/#\/schema\/logo\/image\/"}}]}},"yoast_meta":{"yoast_wpseo_title":"","yoast_wpseo_metadesc":"","yoast_wpseo_canonical":""},"_links":{"self":[{"href":"https:\/\/exceladvisor.org\/tr\/wp-json\/wp\/v2\/pages\/2087","targetHints":{"allow":["GET"]}}],"collection":[{"href":"https:\/\/exceladvisor.org\/tr\/wp-json\/wp\/v2\/pages"}],"about":[{"href":"https:\/\/exceladvisor.org\/tr\/wp-json\/wp\/v2\/types\/page"}],"author":[{"embeddable":true,"href":"https:\/\/exceladvisor.org\/tr\/wp-json\/wp\/v2\/users\/1"}],"replies":[{"embeddable":true,"href":"https:\/\/exceladvisor.org\/tr\/wp-json\/wp\/v2\/comments?post=2087"}],"version-history":[{"count":1,"href":"https:\/\/exceladvisor.org\/tr\/wp-json\/wp\/v2\/pages\/2087\/revisions"}],"predecessor-version":[{"id":2525,"href":"https:\/\/exceladvisor.org\/tr\/wp-json\/wp\/v2\/pages\/2087\/revisions\/2525"}],"wp:attachment":[{"href":"https:\/\/exceladvisor.org\/tr\/wp-json\/wp\/v2\/media?parent=2087"}],"curies":[{"name":"wp","href":"https:\/\/api.w.org\/{rel}","templated":true}]}}