{"id":2088,"date":"2023-10-18T20:03:06","date_gmt":"2023-10-18T20:03:06","guid":{"rendered":"https:\/\/exceladvisor.org\/tr\/bir-ok-ekle\/"},"modified":"2023-12-10T06:00:34","modified_gmt":"2023-12-10T06:00:34","slug":"bir-ok-ekle","status":"publish","type":"page","link":"https:\/\/exceladvisor.org\/tr\/bir-ok-ekle\/","title":{"rendered":"Excel&#39;de bir h\u00fccreye ok nas\u0131l eklenir?"},"content":{"rendered":"<div class=\"excel-icerikten-once\" id=\"excel-851198246\"><script type=\"text\/javascript\">\r\n\tatOptions = {\r\n\t\t'key' : 'c1158f160081d6540a8409e6925dab94',\r\n\t\t'format' : 'iframe',\r\n\t\t'height' : 250,\r\n\t\t'width' : 300,\r\n\t\t'params' : {}\r\n\t};\r\n<\/script>\r\n<script type=\"text\/javascript\" src=\"\/\/www.highperformanceformat.com\/c1158f160081d6540a8409e6925dab94\/invoke.js\"><\/script><\/div> <p>Bazen Excel verilerinde h\u0131zl\u0131 g\u00f6sterge olarak kullanmak i\u00e7in belirli sembollere ihtiya\u00e7 duyars\u0131n\u0131z ve bunun i\u00e7in Excel&#8217;in h\u00fccrelere ok ve \u00f6nceden tan\u0131mlanm\u0131\u015f bir\u00e7ok ba\u015fka sembol veya \u015fekil ekleme se\u00e7ene\u011fi vard\u0131r.<\/p><p> Excel&#8217;e ok ve di\u011fer simgeleri eklemek yaln\u0131zca \u00fc\u00e7 veya d\u00f6rt ad\u0131mdan olu\u015fan h\u0131zl\u0131 bir i\u015flemdir.<\/p><h2 id=\"insert-an-arrow-in-a-cell-as-symbol\" class=\"wp-block-heading\"> Sembol olarak h\u00fccreye ok ekleme<\/h2><ol><li> \u00d6ncelikle sembol olarak ok eklemek istedi\u011finiz <a href=\"https:\/\/exceladvisor.org\/tr\/hucreyi-duzenle\/\">h\u00fccreyi se\u00e7in ve d\u00fczenleyin<\/a> .<\/li><li> Bundan sonra \u201cEkle\u201d sekmesine gidin, ard\u0131ndan \u015feritteki \u201cSemboller\u201d simgesine t\u0131klay\u0131n ve \u201cSembol\u201d se\u00e7ene\u011fine t\u0131klay\u0131n. <br><img loading=\"lazy\" decoding=\"async\" title=\"1-ok-sembol olarak-ekleyin\" src=\"https:\/\/exceladvisor.org\/wp-content\/uploads\/2023\/08\/1-inserer-une-fleche-comme-symbole.png\" sizes=\"auto, \" srcset=\"\" alt=\"insert-an-arrow-as-symbol\" width=\"811\" height=\"283\"><\/li><li> \u201cSembol\u201d se\u00e7ene\u011fine t\u0131klad\u0131\u011f\u0131n\u0131zda, aralar\u0131ndan se\u00e7im yapabilece\u011finiz \u00e7e\u015fitli sembol se\u00e7eneklerinin bulundu\u011fu bir a\u00e7\u0131l\u0131r pencere g\u00f6r\u00fcnt\u00fclenecektir.<\/li><li> \u015eimdi se\u00e7ilen h\u00fccreye eklemek istedi\u011finiz oku se\u00e7in ve \u201cEkle\u201d ve ard\u0131ndan \u201cKapat\u201d a t\u0131klay\u0131n. <br><img loading=\"lazy\" decoding=\"async\" title=\"2-bir ok se\u00e7\" src=\"https:\/\/exceladvisor.org\/wp-content\/uploads\/2023\/08\/2-selectionner-une-fleche.png\" sizes=\"auto, \" srcset=\"\" alt=\"select-an-arrow\" width=\"454\" height=\"304\"><\/li><li> Bu noktada se\u00e7ilen ok se\u00e7ilen h\u00fccreye eklenir. <br><img loading=\"lazy\" decoding=\"async\" title=\"Excel'de 3 ok sembol\u00fc\" src=\"https:\/\/exceladvisor.org\/wp-content\/uploads\/2023\/08\/Symbole-3-fleches-dans-Excel.png\" sizes=\"auto, \" srcset=\"\" alt=\"arrow-symbol-in-excel\" width=\"614\" height=\"156\"><\/li><\/ol><p> Bir h\u00fccreye birden fazla ok ve simge se\u00e7ene\u011fi se\u00e7ip ekleyebilirsiniz, ancak sembol\u00fc birden \u00e7ok h\u00fccreye ayn\u0131 anda ekleyemezsiniz.<\/p><p> Bunun i\u00e7in sembol\u00fc tek bir h\u00fccreye yerle\u015ftirmeniz ve ard\u0131ndan o sembol\u00fc h\u00fccreden kopyalay\u0131p birden fazla h\u00fccreye yap\u0131\u015ft\u0131rman\u0131z gerekir.<\/p><h2 id=\"insert-an-arrow-in-a-cell-as-shape\" class=\"wp-block-heading\"> \u015eekil olarak h\u00fccreye ok ekleme<\/h2><ol><li> \u00d6ncelikle \u201cEkle\u201d sekmesine gidin, ard\u0131ndan \u015feritteki \u201c\u00c7izimler\u201d simgesine t\u0131klay\u0131n ve \u201c\u015eekiller\u201d se\u00e7ene\u011fine t\u0131klay\u0131n. <br><img loading=\"lazy\" decoding=\"async\" title=\"4-ok benzeri \u015fekil ekleme\" src=\"https:\/\/exceladvisor.org\/wp-content\/uploads\/2023\/08\/4-inserer-une-fleche-comme-forme.png\" sizes=\"auto, \" srcset=\"\" alt=\"insert-an-arrow-as-a-shape\" width=\"520\" height=\"269\"><\/li><li> \u201c\u015eekiller\u201d se\u00e7ene\u011fine t\u0131klad\u0131\u011f\u0131n\u0131zda, birden fazla ok \u015fekline sahip birden fazla \u015fekil t\u00fcr\u00fc g\u00f6r\u00fcnt\u00fclenecektir. <br><img loading=\"lazy\" decoding=\"async\" title=\"5-\u00e7oklu ok \u015fekilleri\" src=\"https:\/\/exceladvisor.org\/wp-content\/uploads\/2023\/08\/5-formes-de-fleches-multiples.png\" sizes=\"auto, \" srcset=\"\" alt=\"multiple-arrow-shapes\" width=\"511\" height=\"382\"><\/li><li> \u015eimdi eklemek istedi\u011finiz oka t\u0131klay\u0131n ve fare imlecini kullanarak sayfada herhangi bir yere gidin ve t\u0131klay\u0131n, fare d\u00fc\u011fmesini bas\u0131l\u0131 tutun ve oku gereken yere s\u00fcr\u00fckleyin.<\/li><li> Bu noktada \u015fekil olarak se\u00e7ilen ok h\u00fccrenin i\u00e7ine yerle\u015ftirilir.<\/li><li> \u201c\u015eekil Stilleri\u201d grubunun alt\u0131ndaki \u201c\u015eekil Format\u0131\u201d sekmesinde okun rengini, boyutunu ve efektini de\u011fi\u015ftirebilirsiniz. <br><img loading=\"lazy\" decoding=\"async\" title=\"6 bi\u00e7imli-\u015fekil-ok\" src=\"https:\/\/exceladvisor.org\/wp-content\/uploads\/2023\/08\/Forme-de-fleche-6-formats.png\" sizes=\"auto, \" srcset=\"\" alt=\"format-arrow-shape\" width=\"549\" height=\"268\"><\/li><\/ol><h2 id=\"insert-upward-and-downward-arrow-using-conditional-formatting\" class=\"wp-block-heading\"> Ko\u015fullu bi\u00e7imlendirmeyi kullanarak yukar\u0131 ve a\u015fa\u011f\u0131 ok ekleme<\/h2><ol><li> \u00d6ncelikle yukar\u0131 ve a\u015fa\u011f\u0131 oklar\u0131 yerle\u015ftirmeniz gereken h\u00fccreleri se\u00e7in, ard\u0131ndan \u015feritteki \u201cKo\u015fullu Bi\u00e7imlendirme\u201d simgesine t\u0131klay\u0131n. <br><img loading=\"lazy\" decoding=\"async\" title=\"7-yukar\u0131-a\u015fa\u011f\u0131-oklar\u0131 ekleyin\" src=\"https:\/\/exceladvisor.org\/wp-content\/uploads\/2023\/08\/7-inserer-des-fleches-vers-le-haut-vers-le-bas.png\" sizes=\"auto, \" srcset=\"\" alt=\"insert-upward-downward-arrows\" width=\"310\" height=\"232\"><\/li><li> \u015eimdi \u201csimge setleri\u201dni se\u00e7in ve eklemek istedi\u011finiz oklara t\u0131klay\u0131n.<\/li><li> Bu noktada se\u00e7ilen h\u00fccrelere \u201ck\u0131rm\u0131z\u0131, sar\u0131 ve ye\u015fil\u201d yukar\u0131 ve a\u015fa\u011f\u0131 oklar eklenir. <br><img loading=\"lazy\" decoding=\"async\" title=\"8-renkli-oklar\u0131 se\u00e7in\" src=\"https:\/\/exceladvisor.org\/wp-content\/uploads\/2023\/08\/8-selectionner-les-fleches-colorees.png\" sizes=\"auto, \" srcset=\"\" alt=\"select-colored-arrows\" width=\"523\" height=\"421\"><\/li><\/ol><h2 id=\"insert-an-arrow-using-the-wingdings-3-font\" class=\"wp-block-heading\"> Wingdings 3 yaz\u0131 tipini kullanarak ok ekleme<\/h2><p> Wingdings 3 yaz\u0131 tipini kullanarak ok eklemek i\u00e7in Excel&#8217;de oklara ve di\u011fer sembollere d\u00f6n\u00fc\u015ft\u00fcr\u00fclebilecek bir karakter listesine sahip olman\u0131z gerekir.<\/p><ol><li> \u0130lk \u00f6nce, ok eklemeniz gereken h\u00fccreye karakteri girin. <br><img loading=\"lazy\" decoding=\"async\" title=\"Oklar i\u00e7in 9 karakter\" src=\"https:\/\/exceladvisor.org\/wp-content\/uploads\/2023\/08\/9-caracteres-pour-les-fleches.png\" sizes=\"auto, \" srcset=\"\" alt=\"characters-for-arrows\" width=\"243\" height=\"291\"><\/li><li> Bundan sonra \u015feritteki \u201cYaz\u0131 Tipi\u201d grubuna gidin ve yaz\u0131 tipi a\u00e7\u0131l\u0131r simgesine t\u0131klay\u0131n ve \u201cWingdings 3\u201d yaz\u0131 tipini se\u00e7in. <br><img loading=\"lazy\" decoding=\"async\" title=\"10-karakteri oka d\u00f6n\u00fc\u015ft\u00fcr\" src=\"https:\/\/exceladvisor.org\/wp-content\/uploads\/2023\/08\/10-convertir-le-caractere-en-fleche.png\" sizes=\"auto, \" srcset=\"\" alt=\"convert-character-into-arrow\" width=\"270\" height=\"310\"><\/li><li> Bu noktada karakteriniz h\u00fccreye girdi\u011finiz karaktere g\u00f6re ok sembol\u00fcne d\u00f6n\u00fc\u015ft\u00fcr\u00fcl\u00fcr. <br><img loading=\"lazy\" decoding=\"async\" title=\"11-karakteri oka d\u00f6n\u00fc\u015ft\u00fcr\" src=\"https:\/\/exceladvisor.org\/wp-content\/uploads\/2023\/08\/11-convertir-le-caractere-en-fleche.png\" sizes=\"auto, \" srcset=\"\" alt=\"convert-character-into-arrow\" width=\"270\" height=\"317\"><\/li><\/ol><div class=\"gb-container gb-container-4db6181c gb-container-mt\"> <a class=\"gb-button gb-button-c5897111 gb-button-text gb-button-mt-button\" href=\"https:\/\/exceladvisor.org\/tr\/excelin-temelleri\/\">Microsoft Excel Temelleri (Bile\u015fenler, Par\u00e7alar ve Bilgi Notlar\u0131)<\/a><h2 class=\"gb-headline gb-headline-665e5f6b gb-headline-text gb-headline-mt-heading\"> \u0130lgili e\u011fitimler <\/h2><div class=\"gb-grid-wrapper gb-grid-wrapper-a20baf7c gb-grid-wrapper-mt-grid\"><div class=\"gb-grid-column gb-grid-column-50067b57\"><div class=\"gb-container gb-container-50067b57\"><ul><li> <a href=\"https:\/\/exceladvisor.org\/tr\/delta\/\">Excel&#8217;de Delta sembol\u00fcn\u00fc bir h\u00fccreye ekleme<\/a><\/li><li> <a href=\"https:\/\/exceladvisor.org\/tr\/derece\/\">Excel&#8217;e derece sembol\u00fc ekleyin (tip)<\/a><\/li><li> <a href=\"https:\/\/exceladvisor.org\/tr\/deger-formulu\/\">Form\u00fcl\u00fc Excel&#8217;de de\u011fere d\u00f6n\u00fc\u015ft\u00fcr\u00fcn<\/a><\/li><li> <a href=\"https:\/\/exceladvisor.org\/tr\/onay-isareti-2\/\" data-wpil=\"url\">Excel&#8217;e Onay \u0130\u015fareti sembol\u00fc ekleme<\/a><\/li><\/ul><\/div><\/div><\/div><\/div>","protected":false},"excerpt":{"rendered":"","protected":false},"author":1,"featured_media":0,"parent":0,"menu_order":0,"comment_status":"open","ping_status":"closed","template":"","meta":{"ub_ctt_via":"","footnotes":""},"class_list":["post-2088","page","type-page","status-publish","hentry"],"featured_image_src":null,"yoast_head":"<!-- This site is optimized with the Yoast SEO plugin v25.4 - https:\/\/yoast.com\/wordpress\/plugins\/seo\/ -->\n<title>Excel&#039;de bir h\u00fccreye ok nas\u0131l eklenir?<\/title>\n<meta name=\"description\" content=\"Farkl\u0131 durumlarda kullanabilece\u011finiz \u00e7e\u015fitli y\u00f6ntemleri kullanarak h\u00fccreye nas\u0131l ok ekleyece\u011finizi \u00f6\u011frenin.\" \/>\n<meta name=\"robots\" content=\"index, follow, max-snippet:-1, max-image-preview:large, max-video-preview:-1\" \/>\n<link rel=\"canonical\" href=\"https:\/\/exceladvisor.org\/tr\/bir-ok-ekle\/\" \/>\n<meta property=\"og:locale\" content=\"tr_TR\" \/>\n<meta property=\"og:type\" content=\"article\" \/>\n<meta property=\"og:title\" content=\"Excel&#039;de bir h\u00fccreye ok nas\u0131l eklenir?\" \/>\n<meta property=\"og:description\" content=\"Farkl\u0131 durumlarda kullanabilece\u011finiz \u00e7e\u015fitli y\u00f6ntemleri kullanarak h\u00fccreye nas\u0131l ok ekleyece\u011finizi \u00f6\u011frenin.\" \/>\n<meta property=\"og:url\" content=\"https:\/\/exceladvisor.org\/tr\/bir-ok-ekle\/\" \/>\n<meta property=\"og:site_name\" content=\"Excel Advisor\" \/>\n<meta property=\"article:modified_time\" content=\"2023-12-10T06:00:34+00:00\" \/>\n<meta property=\"og:image\" content=\"https:\/\/exceladvisor.org\/wp-content\/uploads\/2023\/08\/1-inserer-une-fleche-comme-symbole.png\" \/>\n<meta name=\"twitter:card\" content=\"summary_large_image\" \/>\n<meta name=\"twitter:label1\" content=\"Tahmini okuma s\u00fcresi\" \/>\n\t<meta name=\"twitter:data1\" content=\"3 dakika\" \/>\n<script type=\"application\/ld+json\" class=\"yoast-schema-graph\">{\"@context\":\"https:\/\/schema.org\",\"@graph\":[{\"@type\":\"WebPage\",\"@id\":\"https:\/\/exceladvisor.org\/tr\/bir-ok-ekle\/\",\"url\":\"https:\/\/exceladvisor.org\/tr\/bir-ok-ekle\/\",\"name\":\"Excel&#39;de bir h\u00fccreye ok nas\u0131l eklenir?\",\"isPartOf\":{\"@id\":\"https:\/\/exceladvisor.org\/tr\/#website\"},\"primaryImageOfPage\":{\"@id\":\"https:\/\/exceladvisor.org\/tr\/bir-ok-ekle\/#primaryimage\"},\"image\":{\"@id\":\"https:\/\/exceladvisor.org\/tr\/bir-ok-ekle\/#primaryimage\"},\"thumbnailUrl\":\"https:\/\/exceladvisor.org\/wp-content\/uploads\/2023\/08\/1-inserer-une-fleche-comme-symbole.png\",\"datePublished\":\"2023-10-18T20:03:06+00:00\",\"dateModified\":\"2023-12-10T06:00:34+00:00\",\"description\":\"Farkl\u0131 durumlarda kullanabilece\u011finiz \u00e7e\u015fitli y\u00f6ntemleri kullanarak h\u00fccreye nas\u0131l ok ekleyece\u011finizi \u00f6\u011frenin.\",\"breadcrumb\":{\"@id\":\"https:\/\/exceladvisor.org\/tr\/bir-ok-ekle\/#breadcrumb\"},\"inLanguage\":\"tr\",\"potentialAction\":[{\"@type\":\"ReadAction\",\"target\":[\"https:\/\/exceladvisor.org\/tr\/bir-ok-ekle\/\"]}]},{\"@type\":\"ImageObject\",\"inLanguage\":\"tr\",\"@id\":\"https:\/\/exceladvisor.org\/tr\/bir-ok-ekle\/#primaryimage\",\"url\":\"https:\/\/exceladvisor.org\/wp-content\/uploads\/2023\/08\/1-inserer-une-fleche-comme-symbole.png\",\"contentUrl\":\"https:\/\/exceladvisor.org\/wp-content\/uploads\/2023\/08\/1-inserer-une-fleche-comme-symbole.png\"},{\"@type\":\"BreadcrumbList\",\"@id\":\"https:\/\/exceladvisor.org\/tr\/bir-ok-ekle\/#breadcrumb\",\"itemListElement\":[{\"@type\":\"ListItem\",\"position\":1,\"name\":\"Ev\",\"item\":\"https:\/\/exceladvisor.org\/tr\/\"},{\"@type\":\"ListItem\",\"position\":2,\"name\":\"Excel&#39;de bir h\u00fccreye ok nas\u0131l eklenir?\"}]},{\"@type\":\"WebSite\",\"@id\":\"https:\/\/exceladvisor.org\/tr\/#website\",\"url\":\"https:\/\/exceladvisor.org\/tr\/\",\"name\":\"Excel Advisor\",\"description\":\"Veri hakimiyetine y\u00f6nelik nihai rehberiniz!\",\"publisher\":{\"@id\":\"https:\/\/exceladvisor.org\/tr\/#organization\"},\"potentialAction\":[{\"@type\":\"SearchAction\",\"target\":{\"@type\":\"EntryPoint\",\"urlTemplate\":\"https:\/\/exceladvisor.org\/tr\/?s={search_term_string}\"},\"query-input\":{\"@type\":\"PropertyValueSpecification\",\"valueRequired\":true,\"valueName\":\"search_term_string\"}}],\"inLanguage\":\"tr\"},{\"@type\":\"Organization\",\"@id\":\"https:\/\/exceladvisor.org\/tr\/#organization\",\"name\":\"Excel Advisor\",\"url\":\"https:\/\/exceladvisor.org\/tr\/\",\"logo\":{\"@type\":\"ImageObject\",\"inLanguage\":\"tr\",\"@id\":\"https:\/\/exceladvisor.org\/tr\/#\/schema\/logo\/image\/\",\"url\":\"https:\/\/exceladvisor.org\/tr\/wp-content\/uploads\/2023\/12\/exceladvisor.org_.png\",\"contentUrl\":\"https:\/\/exceladvisor.org\/tr\/wp-content\/uploads\/2023\/12\/exceladvisor.org_.png\",\"width\":105,\"height\":36,\"caption\":\"Excel Advisor\"},\"image\":{\"@id\":\"https:\/\/exceladvisor.org\/tr\/#\/schema\/logo\/image\/\"}}]}<\/script>\n<!-- \/ Yoast SEO plugin. -->","yoast_head_json":{"title":"Excel&#39;de bir h\u00fccreye ok nas\u0131l eklenir?","description":"Farkl\u0131 durumlarda kullanabilece\u011finiz \u00e7e\u015fitli y\u00f6ntemleri kullanarak h\u00fccreye nas\u0131l ok ekleyece\u011finizi \u00f6\u011frenin.","robots":{"index":"index","follow":"follow","max-snippet":"max-snippet:-1","max-image-preview":"max-image-preview:large","max-video-preview":"max-video-preview:-1"},"canonical":"https:\/\/exceladvisor.org\/tr\/bir-ok-ekle\/","og_locale":"tr_TR","og_type":"article","og_title":"Excel&#39;de bir h\u00fccreye ok nas\u0131l eklenir?","og_description":"Farkl\u0131 durumlarda kullanabilece\u011finiz \u00e7e\u015fitli y\u00f6ntemleri kullanarak h\u00fccreye nas\u0131l ok ekleyece\u011finizi \u00f6\u011frenin.","og_url":"https:\/\/exceladvisor.org\/tr\/bir-ok-ekle\/","og_site_name":"Excel Advisor","article_modified_time":"2023-12-10T06:00:34+00:00","og_image":[{"url":"https:\/\/exceladvisor.org\/wp-content\/uploads\/2023\/08\/1-inserer-une-fleche-comme-symbole.png","type":"","width":"","height":""}],"twitter_card":"summary_large_image","twitter_misc":{"Tahmini okuma s\u00fcresi":"3 dakika"},"schema":{"@context":"https:\/\/schema.org","@graph":[{"@type":"WebPage","@id":"https:\/\/exceladvisor.org\/tr\/bir-ok-ekle\/","url":"https:\/\/exceladvisor.org\/tr\/bir-ok-ekle\/","name":"Excel&#39;de bir h\u00fccreye ok nas\u0131l eklenir?","isPartOf":{"@id":"https:\/\/exceladvisor.org\/tr\/#website"},"primaryImageOfPage":{"@id":"https:\/\/exceladvisor.org\/tr\/bir-ok-ekle\/#primaryimage"},"image":{"@id":"https:\/\/exceladvisor.org\/tr\/bir-ok-ekle\/#primaryimage"},"thumbnailUrl":"https:\/\/exceladvisor.org\/wp-content\/uploads\/2023\/08\/1-inserer-une-fleche-comme-symbole.png","datePublished":"2023-10-18T20:03:06+00:00","dateModified":"2023-12-10T06:00:34+00:00","description":"Farkl\u0131 durumlarda kullanabilece\u011finiz \u00e7e\u015fitli y\u00f6ntemleri kullanarak h\u00fccreye nas\u0131l ok ekleyece\u011finizi \u00f6\u011frenin.","breadcrumb":{"@id":"https:\/\/exceladvisor.org\/tr\/bir-ok-ekle\/#breadcrumb"},"inLanguage":"tr","potentialAction":[{"@type":"ReadAction","target":["https:\/\/exceladvisor.org\/tr\/bir-ok-ekle\/"]}]},{"@type":"ImageObject","inLanguage":"tr","@id":"https:\/\/exceladvisor.org\/tr\/bir-ok-ekle\/#primaryimage","url":"https:\/\/exceladvisor.org\/wp-content\/uploads\/2023\/08\/1-inserer-une-fleche-comme-symbole.png","contentUrl":"https:\/\/exceladvisor.org\/wp-content\/uploads\/2023\/08\/1-inserer-une-fleche-comme-symbole.png"},{"@type":"BreadcrumbList","@id":"https:\/\/exceladvisor.org\/tr\/bir-ok-ekle\/#breadcrumb","itemListElement":[{"@type":"ListItem","position":1,"name":"Ev","item":"https:\/\/exceladvisor.org\/tr\/"},{"@type":"ListItem","position":2,"name":"Excel&#39;de bir h\u00fccreye ok nas\u0131l eklenir?"}]},{"@type":"WebSite","@id":"https:\/\/exceladvisor.org\/tr\/#website","url":"https:\/\/exceladvisor.org\/tr\/","name":"Excel Advisor","description":"Veri hakimiyetine y\u00f6nelik nihai rehberiniz!","publisher":{"@id":"https:\/\/exceladvisor.org\/tr\/#organization"},"potentialAction":[{"@type":"SearchAction","target":{"@type":"EntryPoint","urlTemplate":"https:\/\/exceladvisor.org\/tr\/?s={search_term_string}"},"query-input":{"@type":"PropertyValueSpecification","valueRequired":true,"valueName":"search_term_string"}}],"inLanguage":"tr"},{"@type":"Organization","@id":"https:\/\/exceladvisor.org\/tr\/#organization","name":"Excel Advisor","url":"https:\/\/exceladvisor.org\/tr\/","logo":{"@type":"ImageObject","inLanguage":"tr","@id":"https:\/\/exceladvisor.org\/tr\/#\/schema\/logo\/image\/","url":"https:\/\/exceladvisor.org\/tr\/wp-content\/uploads\/2023\/12\/exceladvisor.org_.png","contentUrl":"https:\/\/exceladvisor.org\/tr\/wp-content\/uploads\/2023\/12\/exceladvisor.org_.png","width":105,"height":36,"caption":"Excel Advisor"},"image":{"@id":"https:\/\/exceladvisor.org\/tr\/#\/schema\/logo\/image\/"}}]}},"yoast_meta":{"yoast_wpseo_title":"","yoast_wpseo_metadesc":"","yoast_wpseo_canonical":""},"_links":{"self":[{"href":"https:\/\/exceladvisor.org\/tr\/wp-json\/wp\/v2\/pages\/2088","targetHints":{"allow":["GET"]}}],"collection":[{"href":"https:\/\/exceladvisor.org\/tr\/wp-json\/wp\/v2\/pages"}],"about":[{"href":"https:\/\/exceladvisor.org\/tr\/wp-json\/wp\/v2\/types\/page"}],"author":[{"embeddable":true,"href":"https:\/\/exceladvisor.org\/tr\/wp-json\/wp\/v2\/users\/1"}],"replies":[{"embeddable":true,"href":"https:\/\/exceladvisor.org\/tr\/wp-json\/wp\/v2\/comments?post=2088"}],"version-history":[{"count":1,"href":"https:\/\/exceladvisor.org\/tr\/wp-json\/wp\/v2\/pages\/2088\/revisions"}],"predecessor-version":[{"id":2417,"href":"https:\/\/exceladvisor.org\/tr\/wp-json\/wp\/v2\/pages\/2088\/revisions\/2417"}],"wp:attachment":[{"href":"https:\/\/exceladvisor.org\/tr\/wp-json\/wp\/v2\/media?parent=2088"}],"curies":[{"name":"wp","href":"https:\/\/api.w.org\/{rel}","templated":true}]}}