{"id":2089,"date":"2023-10-18T13:42:20","date_gmt":"2023-10-18T13:42:20","guid":{"rendered":"https:\/\/exceladvisor.org\/tr\/satir-ve-sutun\/"},"modified":"2023-12-10T06:02:17","modified_gmt":"2023-12-10T06:02:17","slug":"satir-ve-sutun","status":"publish","type":"page","link":"https:\/\/exceladvisor.org\/tr\/satir-ve-sutun\/","title":{"rendered":"Excel&#39;de sat\u0131r ve s\u00fctun aras\u0131ndaki fark"},"content":{"rendered":"<div class=\"excel-icerikten-once\" id=\"excel-145722435\"><script type=\"text\/javascript\">\r\n\tatOptions = {\r\n\t\t'key' : 'c1158f160081d6540a8409e6925dab94',\r\n\t\t'format' : 'iframe',\r\n\t\t'height' : 250,\r\n\t\t'width' : 300,\r\n\t\t'params' : {}\r\n\t};\r\n<\/script>\r\n<script type=\"text\/javascript\" src=\"\/\/www.highperformanceformat.com\/c1158f160081d6540a8409e6925dab94\/invoke.js\"><\/script><\/div> <p>Excel&#8217;de yeniyseniz sat\u0131r ile s\u00fctun aras\u0131ndaki fark\u0131n ne oldu\u011funu bilmelisiniz. Bu iki kelimeyi bilmek \u00e7ok \u00f6nemlidir.<\/p><p> O halde a\u00e7\u0131klamak i\u00e7in bir \u00f6rnek vereyim.<\/p><p> A\u015fa\u011f\u0131daki \u00f6rnekte, Excel \u00e7al\u0131\u015fma sayfas\u0131 olan bir \u00e7al\u0131\u015fma sayfas\u0131n\u0131 g\u00f6rebilirsiniz ve bu Excel sayfas\u0131 h\u00fccrelerden olu\u015fur. <\/p><div class=\"wp-block-image\"><figure class=\"aligncenter size-full is-resized\"><img loading=\"lazy\" decoding=\"async\" class=\"wp-image-67153\" src=\"https:\/\/exceladvisor.org\/wp-content\/uploads\/2023\/08\/1-cellules-dans-une-feuille-Excel.png\" sizes=\"auto, \" srcset=\"\" alt=\"Excel sayfas\u0131ndaki h\u00fccreler\" width=\"527\" height=\"266\"><\/figure><\/div><p> Ama burada bir sat\u0131r\u0131 ve bir s\u00fctunu bilmeniz gerekiyor, de\u011fil mi? <\/p><div class=\"wp-block-image\"><figure class=\"aligncenter size-full is-resized\"><img loading=\"lazy\" decoding=\"async\" class=\"wp-image-67154\" src=\"https:\/\/exceladvisor.org\/wp-content\/uploads\/2023\/08\/2-lignes-et-colonnes.png\" sizes=\"auto, \" srcset=\"\" alt=\"sat\u0131r ve s\u00fctun\" width=\"488\" height=\"315\"><\/figure><\/div><h2 class=\"wp-block-heading\"> Sat\u0131r ve s\u00fctunlar aras\u0131ndaki fark <\/h2><figure class=\"wp-block-table\"><table class=\"mtr-table mtr-tr-td\"><tbody><tr><td class=\"mtr-td-tag\" data-mtr-content=\"Row\"><div class=\"mtr-cell-content\"> <strong>astar<\/strong><\/div><\/td><td class=\"mtr-td-tag\" data-mtr-content=\"Column\"><div class=\"mtr-cell-content\"> <strong>Kolon<\/strong><\/div><\/td><\/tr><tr><td class=\"mtr-td-tag\" data-mtr-content=\"Row\"><div class=\"mtr-cell-content\"> Bir sat\u0131r, h\u00fccrenin yatay birle\u015fimidir.<\/div><\/td><td class=\"mtr-td-tag\" data-mtr-content=\"Column\"><div class=\"mtr-cell-content\"> S\u00fctun, h\u00fccrenin dikey birle\u015fimidir.<\/div><\/td><\/tr><tr><td class=\"mtr-td-tag\" data-mtr-content=\"Row\"><div class=\"mtr-cell-content\"> Bir sat\u0131ra numaras\u0131na g\u00f6re ba\u015fvurabilirsiniz. yani 1, 2, 3<\/div><\/td><td class=\"mtr-td-tag\" data-mtr-content=\"Column\"><div class=\"mtr-cell-content\"> Bir s\u00fctuna alfabesine g\u00f6re ba\u015fvurabilirsiniz. yani A, B, C<\/div><\/td><\/tr><tr><td class=\"mtr-td-tag\" data-mtr-content=\"Row\"><div class=\"mtr-cell-content\"> Bir sat\u0131r aral\u0131\u011f\u0131 kullanarak birden fazla sat\u0131ra ba\u015fvurabilirsiniz. \u00d6rne\u011fin 1:3 <strong>,<\/strong> 1. sat\u0131r\u0131n 3. sat\u0131ra y\u00f6nlendirilmesi anlam\u0131na gelir.<\/div><\/td><td class=\"mtr-td-tag\" data-mtr-content=\"Column\"><div class=\"mtr-cell-content\"> Bir s\u00fctun aral\u0131\u011f\u0131n\u0131 kullanarak birden \u00e7ok s\u00fctuna ba\u015fvurabilirsiniz. \u00d6rne\u011fin A:C, A s\u00fctununu C s\u00fctununa y\u00f6nlendirmek anlam\u0131na gelir.<\/div><\/td><\/tr><tr><td class=\"mtr-td-tag\" data-mtr-content=\"Row\"><div class=\"mtr-cell-content\"> Tek bir \u00e7al\u0131\u015fma sayfas\u0131nda toplam 1048576 sat\u0131r bulunmaktad\u0131r.<\/div><\/td><td class=\"mtr-td-tag\" data-mtr-content=\"Column\"><div class=\"mtr-cell-content\"> Tek bir \u00e7al\u0131\u015fma sayfas\u0131nda toplam 16384 s\u00fctun bulunmaktad\u0131r.<\/div><\/td><\/tr><tr><td class=\"mtr-td-tag\" data-mtr-content=\"Row\"><div class=\"mtr-cell-content\"> Bir <strong>sat\u0131r\u0131<\/strong> se\u00e7mek i\u00e7in \u00e7al\u0131\u015fma sayfas\u0131n\u0131n solundaki say\u0131 ba\u015fl\u0131\u011f\u0131n\u0131 t\u0131klayabilir veya se\u00e7mek istedi\u011finiz sat\u0131rdaki bir h\u00fccreyi se\u00e7ip SHIFT + BO\u015eLUK klavye k\u0131sayolunu kullanabilirsiniz.<\/div><\/td><td class=\"mtr-td-tag\" data-mtr-content=\"Column\"><div class=\"mtr-cell-content\"> Bir s\u00fctunu se\u00e7mek i\u00e7in \u00e7al\u0131\u015fma sayfas\u0131n\u0131n \u00fcst k\u0131sm\u0131ndaki s\u00fctunun alfabetik ba\u015fl\u0131\u011f\u0131na t\u0131klayabilir veya se\u00e7mek istedi\u011finiz s\u00fctundaki bir h\u00fccreyi se\u00e7ip CRTL + SPACE klavye k\u0131sayolunu kullanabilirsiniz.<\/div><\/td><\/tr><\/tbody><\/table><\/figure><h2 class=\"wp-block-heading\"> Bilinecek \u015feyler<\/h2><ol type=\"1\"><li> Farenin ba\u011flam men\u00fcs\u00fcn\u00fc kullanarak bir s\u00fctunu ve sat\u0131r\u0131 gizleyebilirsiniz.<\/li><li> Bir s\u00fctun veya sat\u0131rdaki t\u00fcm de\u011ferleri, yaln\u0131zca adresine bakarak toplayabilirsiniz.<\/li><li> \u0130\u00e7erik men\u00fcs\u00fcnden <a href=\"https:\/\/exceladvisor.org\/tr\/bir-satir-ekle\/\">yeni bir sat\u0131r ve s\u00fctun ekleyebilirsiniz<\/a> . \u00c7al\u0131\u015fma sayfas\u0131ndaki toplam say\u0131dan daha fazla sat\u0131r (1048576) ve s\u00fctun (16384) olabilir.<\/li><\/ol><div class=\"gb-container gb-container-4db6181c gb-container-mt\"> <a class=\"gb-button gb-button-c5897111 gb-button-text gb-button-mt-button\" href=\"https:\/\/exceladvisor.org\/tr\/excelin-temelleri\/\">Microsoft Excel Temelleri (Bile\u015fenler, Par\u00e7alar ve Bilgi Notlar\u0131)<\/a><h2 class=\"gb-headline gb-headline-665e5f6b gb-headline-text gb-headline-mt-heading\"> \u0130lgili e\u011fitimler <\/h2><div class=\"gb-grid-wrapper gb-grid-wrapper-a20baf7c gb-grid-wrapper-mt-grid\"><div class=\"gb-grid-column gb-grid-column-65ddf67e\"><div class=\"gb-container gb-container-65ddf67e\"><ul><li> <a href=\"https:\/\/exceladvisor.org\/tr\/kopruleri-ekle-kaldir\/\">Excel&#8217;de k\u00f6pr\u00fc ekleme ve kald\u0131rma<\/a><\/li><li> <a href=\"https:\/\/exceladvisor.org\/tr\/filigran-ekle\/\">Excel&#8217;e filigran ekleme<\/a><\/li><li> <a href=\"https:\/\/exceladvisor.org\/tr\/gizli-satir-sutunlarini-kaldir\/\">Excel&#8217;deki gizli sat\u0131rlar\u0131 silin<\/a><\/li><li> <a href=\"https:\/\/exceladvisor.org\/tr\/hucrelerin-secimini-kaldir\/\">Excel&#8217;de h\u00fccrelerin se\u00e7imini kald\u0131r\u0131n<\/a><\/li><li> <a href=\"https:\/\/exceladvisor.org\/tr\/sutun-ekle\/\">Excel&#8217;de s\u00fctun ekleme<\/a><\/li><\/ul><\/div><\/div><\/div><\/div>","protected":false},"excerpt":{"rendered":"","protected":false},"author":1,"featured_media":0,"parent":0,"menu_order":0,"comment_status":"open","ping_status":"closed","template":"","meta":{"ub_ctt_via":"","footnotes":""},"class_list":["post-2089","page","type-page","status-publish","hentry"],"featured_image_src":null,"yoast_head":"<!-- This site is optimized with the Yoast SEO plugin v25.4 - https:\/\/yoast.com\/wordpress\/plugins\/seo\/ -->\n<title>Excel&#039;de sat\u0131r ve s\u00fctun aras\u0131ndaki fark nedir?<\/title>\n<meta name=\"description\" content=\"Excel&#039;de bir sat\u0131r ile bir s\u00fctun aras\u0131ndaki fark\u0131 \u00f6\u011frenin. Bu iki \u00f6\u011fe Excel&#039;in temellerinden biridir...\" \/>\n<meta name=\"robots\" content=\"index, follow, max-snippet:-1, max-image-preview:large, max-video-preview:-1\" \/>\n<link rel=\"canonical\" href=\"https:\/\/exceladvisor.org\/tr\/satir-ve-sutun\/\" \/>\n<meta property=\"og:locale\" content=\"tr_TR\" \/>\n<meta property=\"og:type\" content=\"article\" \/>\n<meta property=\"og:title\" content=\"Excel&#039;de sat\u0131r ve s\u00fctun aras\u0131ndaki fark nedir?\" \/>\n<meta property=\"og:description\" content=\"Excel&#039;de bir sat\u0131r ile bir s\u00fctun aras\u0131ndaki fark\u0131 \u00f6\u011frenin. Bu iki \u00f6\u011fe Excel&#039;in temellerinden biridir...\" \/>\n<meta property=\"og:url\" content=\"https:\/\/exceladvisor.org\/tr\/satir-ve-sutun\/\" \/>\n<meta property=\"og:site_name\" content=\"Excel Advisor\" \/>\n<meta property=\"article:modified_time\" content=\"2023-12-10T06:02:17+00:00\" \/>\n<meta property=\"og:image\" content=\"https:\/\/exceladvisor.org\/wp-content\/uploads\/2023\/08\/1-cellules-dans-une-feuille-Excel.png\" \/>\n<meta name=\"twitter:card\" content=\"summary_large_image\" \/>\n<meta name=\"twitter:label1\" content=\"Tahmini okuma s\u00fcresi\" \/>\n\t<meta name=\"twitter:data1\" content=\"2 dakika\" \/>\n<script type=\"application\/ld+json\" class=\"yoast-schema-graph\">{\"@context\":\"https:\/\/schema.org\",\"@graph\":[{\"@type\":\"WebPage\",\"@id\":\"https:\/\/exceladvisor.org\/tr\/satir-ve-sutun\/\",\"url\":\"https:\/\/exceladvisor.org\/tr\/satir-ve-sutun\/\",\"name\":\"Excel&#39;de sat\u0131r ve s\u00fctun aras\u0131ndaki fark nedir?\",\"isPartOf\":{\"@id\":\"https:\/\/exceladvisor.org\/tr\/#website\"},\"primaryImageOfPage\":{\"@id\":\"https:\/\/exceladvisor.org\/tr\/satir-ve-sutun\/#primaryimage\"},\"image\":{\"@id\":\"https:\/\/exceladvisor.org\/tr\/satir-ve-sutun\/#primaryimage\"},\"thumbnailUrl\":\"https:\/\/exceladvisor.org\/wp-content\/uploads\/2023\/08\/1-cellules-dans-une-feuille-Excel.png\",\"datePublished\":\"2023-10-18T13:42:20+00:00\",\"dateModified\":\"2023-12-10T06:02:17+00:00\",\"description\":\"Excel&#39;de bir sat\u0131r ile bir s\u00fctun aras\u0131ndaki fark\u0131 \u00f6\u011frenin. Bu iki \u00f6\u011fe Excel&#39;in temellerinden biridir...\",\"breadcrumb\":{\"@id\":\"https:\/\/exceladvisor.org\/tr\/satir-ve-sutun\/#breadcrumb\"},\"inLanguage\":\"tr\",\"potentialAction\":[{\"@type\":\"ReadAction\",\"target\":[\"https:\/\/exceladvisor.org\/tr\/satir-ve-sutun\/\"]}]},{\"@type\":\"ImageObject\",\"inLanguage\":\"tr\",\"@id\":\"https:\/\/exceladvisor.org\/tr\/satir-ve-sutun\/#primaryimage\",\"url\":\"https:\/\/exceladvisor.org\/wp-content\/uploads\/2023\/08\/1-cellules-dans-une-feuille-Excel.png\",\"contentUrl\":\"https:\/\/exceladvisor.org\/wp-content\/uploads\/2023\/08\/1-cellules-dans-une-feuille-Excel.png\"},{\"@type\":\"BreadcrumbList\",\"@id\":\"https:\/\/exceladvisor.org\/tr\/satir-ve-sutun\/#breadcrumb\",\"itemListElement\":[{\"@type\":\"ListItem\",\"position\":1,\"name\":\"Ev\",\"item\":\"https:\/\/exceladvisor.org\/tr\/\"},{\"@type\":\"ListItem\",\"position\":2,\"name\":\"Excel&#39;de sat\u0131r ve s\u00fctun aras\u0131ndaki fark\"}]},{\"@type\":\"WebSite\",\"@id\":\"https:\/\/exceladvisor.org\/tr\/#website\",\"url\":\"https:\/\/exceladvisor.org\/tr\/\",\"name\":\"Excel Advisor\",\"description\":\"Veri hakimiyetine y\u00f6nelik nihai rehberiniz!\",\"publisher\":{\"@id\":\"https:\/\/exceladvisor.org\/tr\/#organization\"},\"potentialAction\":[{\"@type\":\"SearchAction\",\"target\":{\"@type\":\"EntryPoint\",\"urlTemplate\":\"https:\/\/exceladvisor.org\/tr\/?s={search_term_string}\"},\"query-input\":{\"@type\":\"PropertyValueSpecification\",\"valueRequired\":true,\"valueName\":\"search_term_string\"}}],\"inLanguage\":\"tr\"},{\"@type\":\"Organization\",\"@id\":\"https:\/\/exceladvisor.org\/tr\/#organization\",\"name\":\"Excel Advisor\",\"url\":\"https:\/\/exceladvisor.org\/tr\/\",\"logo\":{\"@type\":\"ImageObject\",\"inLanguage\":\"tr\",\"@id\":\"https:\/\/exceladvisor.org\/tr\/#\/schema\/logo\/image\/\",\"url\":\"https:\/\/exceladvisor.org\/tr\/wp-content\/uploads\/2023\/12\/exceladvisor.org_.png\",\"contentUrl\":\"https:\/\/exceladvisor.org\/tr\/wp-content\/uploads\/2023\/12\/exceladvisor.org_.png\",\"width\":105,\"height\":36,\"caption\":\"Excel Advisor\"},\"image\":{\"@id\":\"https:\/\/exceladvisor.org\/tr\/#\/schema\/logo\/image\/\"}}]}<\/script>\n<!-- \/ Yoast SEO plugin. -->","yoast_head_json":{"title":"Excel&#39;de sat\u0131r ve s\u00fctun aras\u0131ndaki fark nedir?","description":"Excel&#39;de bir sat\u0131r ile bir s\u00fctun aras\u0131ndaki fark\u0131 \u00f6\u011frenin. Bu iki \u00f6\u011fe Excel&#39;in temellerinden biridir...","robots":{"index":"index","follow":"follow","max-snippet":"max-snippet:-1","max-image-preview":"max-image-preview:large","max-video-preview":"max-video-preview:-1"},"canonical":"https:\/\/exceladvisor.org\/tr\/satir-ve-sutun\/","og_locale":"tr_TR","og_type":"article","og_title":"Excel&#39;de sat\u0131r ve s\u00fctun aras\u0131ndaki fark nedir?","og_description":"Excel&#39;de bir sat\u0131r ile bir s\u00fctun aras\u0131ndaki fark\u0131 \u00f6\u011frenin. Bu iki \u00f6\u011fe Excel&#39;in temellerinden biridir...","og_url":"https:\/\/exceladvisor.org\/tr\/satir-ve-sutun\/","og_site_name":"Excel Advisor","article_modified_time":"2023-12-10T06:02:17+00:00","og_image":[{"url":"https:\/\/exceladvisor.org\/wp-content\/uploads\/2023\/08\/1-cellules-dans-une-feuille-Excel.png","type":"","width":"","height":""}],"twitter_card":"summary_large_image","twitter_misc":{"Tahmini okuma s\u00fcresi":"2 dakika"},"schema":{"@context":"https:\/\/schema.org","@graph":[{"@type":"WebPage","@id":"https:\/\/exceladvisor.org\/tr\/satir-ve-sutun\/","url":"https:\/\/exceladvisor.org\/tr\/satir-ve-sutun\/","name":"Excel&#39;de sat\u0131r ve s\u00fctun aras\u0131ndaki fark nedir?","isPartOf":{"@id":"https:\/\/exceladvisor.org\/tr\/#website"},"primaryImageOfPage":{"@id":"https:\/\/exceladvisor.org\/tr\/satir-ve-sutun\/#primaryimage"},"image":{"@id":"https:\/\/exceladvisor.org\/tr\/satir-ve-sutun\/#primaryimage"},"thumbnailUrl":"https:\/\/exceladvisor.org\/wp-content\/uploads\/2023\/08\/1-cellules-dans-une-feuille-Excel.png","datePublished":"2023-10-18T13:42:20+00:00","dateModified":"2023-12-10T06:02:17+00:00","description":"Excel&#39;de bir sat\u0131r ile bir s\u00fctun aras\u0131ndaki fark\u0131 \u00f6\u011frenin. Bu iki \u00f6\u011fe Excel&#39;in temellerinden biridir...","breadcrumb":{"@id":"https:\/\/exceladvisor.org\/tr\/satir-ve-sutun\/#breadcrumb"},"inLanguage":"tr","potentialAction":[{"@type":"ReadAction","target":["https:\/\/exceladvisor.org\/tr\/satir-ve-sutun\/"]}]},{"@type":"ImageObject","inLanguage":"tr","@id":"https:\/\/exceladvisor.org\/tr\/satir-ve-sutun\/#primaryimage","url":"https:\/\/exceladvisor.org\/wp-content\/uploads\/2023\/08\/1-cellules-dans-une-feuille-Excel.png","contentUrl":"https:\/\/exceladvisor.org\/wp-content\/uploads\/2023\/08\/1-cellules-dans-une-feuille-Excel.png"},{"@type":"BreadcrumbList","@id":"https:\/\/exceladvisor.org\/tr\/satir-ve-sutun\/#breadcrumb","itemListElement":[{"@type":"ListItem","position":1,"name":"Ev","item":"https:\/\/exceladvisor.org\/tr\/"},{"@type":"ListItem","position":2,"name":"Excel&#39;de sat\u0131r ve s\u00fctun aras\u0131ndaki fark"}]},{"@type":"WebSite","@id":"https:\/\/exceladvisor.org\/tr\/#website","url":"https:\/\/exceladvisor.org\/tr\/","name":"Excel Advisor","description":"Veri hakimiyetine y\u00f6nelik nihai rehberiniz!","publisher":{"@id":"https:\/\/exceladvisor.org\/tr\/#organization"},"potentialAction":[{"@type":"SearchAction","target":{"@type":"EntryPoint","urlTemplate":"https:\/\/exceladvisor.org\/tr\/?s={search_term_string}"},"query-input":{"@type":"PropertyValueSpecification","valueRequired":true,"valueName":"search_term_string"}}],"inLanguage":"tr"},{"@type":"Organization","@id":"https:\/\/exceladvisor.org\/tr\/#organization","name":"Excel Advisor","url":"https:\/\/exceladvisor.org\/tr\/","logo":{"@type":"ImageObject","inLanguage":"tr","@id":"https:\/\/exceladvisor.org\/tr\/#\/schema\/logo\/image\/","url":"https:\/\/exceladvisor.org\/tr\/wp-content\/uploads\/2023\/12\/exceladvisor.org_.png","contentUrl":"https:\/\/exceladvisor.org\/tr\/wp-content\/uploads\/2023\/12\/exceladvisor.org_.png","width":105,"height":36,"caption":"Excel Advisor"},"image":{"@id":"https:\/\/exceladvisor.org\/tr\/#\/schema\/logo\/image\/"}}]}},"yoast_meta":{"yoast_wpseo_title":"","yoast_wpseo_metadesc":"","yoast_wpseo_canonical":""},"_links":{"self":[{"href":"https:\/\/exceladvisor.org\/tr\/wp-json\/wp\/v2\/pages\/2089","targetHints":{"allow":["GET"]}}],"collection":[{"href":"https:\/\/exceladvisor.org\/tr\/wp-json\/wp\/v2\/pages"}],"about":[{"href":"https:\/\/exceladvisor.org\/tr\/wp-json\/wp\/v2\/types\/page"}],"author":[{"embeddable":true,"href":"https:\/\/exceladvisor.org\/tr\/wp-json\/wp\/v2\/users\/1"}],"replies":[{"embeddable":true,"href":"https:\/\/exceladvisor.org\/tr\/wp-json\/wp\/v2\/comments?post=2089"}],"version-history":[{"count":1,"href":"https:\/\/exceladvisor.org\/tr\/wp-json\/wp\/v2\/pages\/2089\/revisions"}],"predecessor-version":[{"id":2588,"href":"https:\/\/exceladvisor.org\/tr\/wp-json\/wp\/v2\/pages\/2089\/revisions\/2588"}],"wp:attachment":[{"href":"https:\/\/exceladvisor.org\/tr\/wp-json\/wp\/v2\/media?parent=2089"}],"curies":[{"name":"wp","href":"https:\/\/api.w.org\/{rel}","templated":true}]}}