{"id":2090,"date":"2023-10-18T08:38:45","date_gmt":"2023-10-18T08:38:45","guid":{"rendered":"https:\/\/exceladvisor.org\/tr\/calisma-kitabini-kopyala\/"},"modified":"2023-12-10T05:59:30","modified_gmt":"2023-12-10T05:59:30","slug":"calisma-kitabini-kopyala","status":"publish","type":"page","link":"https:\/\/exceladvisor.org\/tr\/calisma-kitabini-kopyala\/","title":{"rendered":"Excel \u00e7al\u0131\u015fma kitab\u0131n\u0131n bir kopyas\u0131 nas\u0131l olu\u015fturulur?"},"content":{"rendered":"<div class=\"excel-icerikten-once\" id=\"excel-2451350347\"><script type=\"text\/javascript\">\r\n\tatOptions = {\r\n\t\t'key' : 'c1158f160081d6540a8409e6925dab94',\r\n\t\t'format' : 'iframe',\r\n\t\t'height' : 250,\r\n\t\t'width' : 300,\r\n\t\t'params' : {}\r\n\t};\r\n<\/script>\r\n<script type=\"text\/javascript\" src=\"\/\/www.highperformanceformat.com\/c1158f160081d6540a8409e6925dab94\/invoke.js\"><\/script><\/div> <p>Excel&#8217;de mevcut \u00e7al\u0131\u015fma kitab\u0131n\u0131n bir kopyas\u0131n\u0131 olu\u015fturmak kolayd\u0131r ve karma\u015f\u0131k ad\u0131mlar\u0131 izlemeniz gerekmez.<\/p><p> Bu derste, bir Excel dosyas\u0131n\u0131n tam bir kopyas\u0131n\u0131 olu\u015fturmak i\u00e7in iki kolay y\u00f6ntem \u00f6\u011frenece\u011fiz.<\/p><h2 class=\"wp-block-heading\"> Excel dosyas\u0131n\u0131 kopyala-yap\u0131\u015ft\u0131r (\u00c7al\u0131\u015fma Kitab\u0131) Kopyas\u0131n\u0131 olu\u015ftur<\/h2><ol><li> \u00d6ncelikle kopyas\u0131n\u0131 olu\u015fturmak istedi\u011finiz dosyay\u0131 se\u00e7in. <br><img loading=\"lazy\" decoding=\"async\" title=\"1-dosya se\u00e7\" src=\"https:\/\/exceladvisor.org\/wp-content\/uploads\/2023\/08\/1-selectionnez-le-fichier.png\" sizes=\"auto, \" srcset=\"\" alt=\"select-the-file\" width=\"672\" height=\"140\"><\/li><li> Bundan sonra, bu dosyay\u0131 kopyalamak i\u00e7in Ctrl + C <a href=\"https:\/\/exceladvisor.org\/tr\/klavye-kisayollari\/\">klavye k\u0131sayolunu<\/a> kullan\u0131n. <br><img loading=\"lazy\" decoding=\"async\" title=\"2-kopya-dosya\" src=\"https:\/\/exceladvisor.org\/wp-content\/uploads\/2023\/08\/2-copier-le-fichier.png\" sizes=\"auto, \" srcset=\"\" alt=\"copy-the-file\" width=\"446\" height=\"158\"><\/li><li> Bundan sonra, bu dosyay\u0131 ayn\u0131 konuma yap\u0131\u015ft\u0131rmak i\u00e7in Ctrl + V klavye k\u0131sayolunu kullan\u0131n. <br><img loading=\"lazy\" decoding=\"async\" title=\"3-dosya-yap\u0131\u015ft\u0131r1\" src=\"https:\/\/exceladvisor.org\/wp-content\/uploads\/2023\/08\/3-coller-le-fichier1.png\" sizes=\"auto, \" srcset=\"\" alt=\"paste-the-file\" width=\"540\" height=\"166\"><\/li><li> Sonunda dosya ad\u0131n\u0131 de\u011fi\u015ftirin ve belirtmek istedi\u011finiz \u015feyle de\u011fi\u015ftirin. <br><img loading=\"lazy\" decoding=\"async\" title=\"4-dosya ad\u0131n\u0131 de\u011fi\u015ftir\" src=\"https:\/\/exceladvisor.org\/wp-content\/uploads\/2023\/08\/4-changer-le-nom-du-fichier.png\" sizes=\"auto, \" srcset=\"\" alt=\"change-the-file-name\" width=\"627\" height=\"154\"><\/li><\/ol><p> Bu, bir Excel \u00e7al\u0131\u015fma kitab\u0131n\u0131n kopyas\u0131n\u0131 olu\u015fturman\u0131n en kolay yoludur. Bir dosyay\u0131 kopyalay\u0131p ayn\u0131 konuma yap\u0131\u015ft\u0131rd\u0131\u011f\u0131n\u0131zda, sisteminiz onun bir kopyas\u0131n\u0131 olu\u015fturur ve arkas\u0131na &#8220;Kopyala&#8221; kelimesini ekler.<\/p><h2 class=\"wp-block-heading\"> Kopya olarak a\u00e7\u0131n ve kaydedin<\/h2><p> Ayr\u0131ca \u00f6nce bir Excel dosyas\u0131n\u0131 a\u00e7abilir ve ard\u0131ndan bir kopyas\u0131n\u0131 olu\u015fturabilirsiniz.<\/p><ol><li> \u00d6ncelikle Excel&#8217;i a\u00e7\u0131n ve Dosya sekmesine gidin ve A\u00e7 se\u00e7ene\u011fine t\u0131klay\u0131n. <br><img loading=\"lazy\" decoding=\"async\" title=\"5-excel dosyas\u0131n\u0131 a\u00e7\u0131n\" src=\"https:\/\/exceladvisor.org\/wp-content\/uploads\/2023\/08\/5-ouvrir-le-fichier-excel.png\" sizes=\"auto, \" srcset=\"\" alt=\"open-the-excel-file\" width=\"177\" height=\"217\"><\/li><li> Bundan sonra dosyay\u0131 bulun ve a\u00e7\u0131lan a\u00e7\u0131l\u0131r listeden &#8220;Kopya olarak a\u00e7&#8221; se\u00e7ene\u011fini se\u00e7in. <br><img loading=\"lazy\" decoding=\"async\" title=\"6-kopya olarak a\u00e7 se\u00e7ene\u011fini se\u00e7in\" src=\"https:\/\/exceladvisor.org\/wp-content\/uploads\/2023\/08\/6-selectionnez-ouvrir-en-tant-que-copie.png\" sizes=\"auto, \" srcset=\"\" alt=\"select-open-as-copy\" width=\"391\" height=\"393\"><\/li><li> \u015eimdi tekrar Dosya sekmesine gidin ve \u201cFarkl\u0131 Kaydet\u201d se\u00e7ene\u011fine t\u0131klay\u0131n. <br><img loading=\"lazy\" decoding=\"async\" title=\"7-dosya olarak kaydet\" src=\"https:\/\/exceladvisor.org\/wp-content\/uploads\/2023\/08\/7-enregistrer-en-tant-que-fichier.png\" sizes=\"auto, \" srcset=\"\" alt=\"save-as-the-file\" width=\"422\" height=\"385\"><\/li><li> Sonunda dosyay\u0131 adland\u0131r\u0131n ve kaydetmek istedi\u011finiz konuma kaydedin.<\/li><\/ol><div class=\"gb-container gb-container-4db6181c gb-container-mt\"> <a class=\"gb-button gb-button-c5897111 gb-button-text gb-button-mt-button\" href=\"https:\/\/exceladvisor.org\/tr\/excelin-temelleri\/\">Microsoft Excel Temelleri (Bile\u015fenler, Par\u00e7alar ve Bilgi Notlar\u0131)<\/a><h2 class=\"gb-headline gb-headline-665e5f6b gb-headline-text gb-headline-mt-heading\"> \u0130lgili e\u011fitimler <\/h2><div class=\"gb-grid-wrapper gb-grid-wrapper-a20baf7c gb-grid-wrapper-mt-grid\"><div class=\"gb-grid-column gb-grid-column-65ddf67e\"><div class=\"gb-container gb-container-65ddf67e\"><ul><li> <a href=\"https:\/\/exceladvisor.org\/tr\/bozuk-excel-dosyasini-onar\/\">Bozuk Excel Dosyas\u0131n\u0131 Onar<\/a><\/li><li> <a href=\"https:\/\/exceladvisor.org\/tr\/kaydedilmemis-dosyalari-kurtar\/\">Excel \u00e7\u00f6kt\u00fc\u011f\u00fcnde kaydedilmemi\u015f Excel dosyalar\u0131n\u0131 kurtarma<\/a><\/li><li> Excel dosyas\u0131n\u0131 (\u00e7al\u0131\u015fma kitab\u0131n\u0131) CSV format\u0131nda (XLSX TO CSV) kaydedin<\/li><li> <a href=\"https:\/\/exceladvisor.org\/tr\/calisma-kitabini-gosteri-gizle\/\">Excel&#8217;de \u00e7al\u0131\u015fma kitab\u0131n\u0131 gizleme ve g\u00f6sterme<\/a><\/li><\/ul><\/div><\/div><\/div><\/div>","protected":false},"excerpt":{"rendered":"","protected":false},"author":1,"featured_media":0,"parent":0,"menu_order":0,"comment_status":"open","ping_status":"closed","template":"","meta":{"ub_ctt_via":"","footnotes":""},"class_list":["post-2090","page","type-page","status-publish","hentry"],"featured_image_src":null,"yoast_head":"<!-- This site is optimized with the Yoast SEO plugin v25.4 - https:\/\/yoast.com\/wordpress\/plugins\/seo\/ -->\n<title>Excel \u00e7al\u0131\u015fma kitab\u0131n\u0131n bir kopyas\u0131 nas\u0131l olu\u015fturulur?<\/title>\n<meta name=\"description\" content=\"Bu derste bir Excel dosyas\u0131n\u0131n kopyas\u0131n\u0131n nas\u0131l olu\u015fturulaca\u011f\u0131n\u0131 \u00f6\u011frenece\u011fiz. Bunu yapmak i\u00e7in iki farkl\u0131 yol kullanaca\u011f\u0131z...\" \/>\n<meta name=\"robots\" content=\"index, follow, max-snippet:-1, max-image-preview:large, max-video-preview:-1\" \/>\n<link rel=\"canonical\" href=\"https:\/\/exceladvisor.org\/tr\/calisma-kitabini-kopyala\/\" \/>\n<meta property=\"og:locale\" content=\"tr_TR\" \/>\n<meta property=\"og:type\" content=\"article\" \/>\n<meta property=\"og:title\" content=\"Excel \u00e7al\u0131\u015fma kitab\u0131n\u0131n bir kopyas\u0131 nas\u0131l olu\u015fturulur?\" \/>\n<meta property=\"og:description\" content=\"Bu derste bir Excel dosyas\u0131n\u0131n kopyas\u0131n\u0131n nas\u0131l olu\u015fturulaca\u011f\u0131n\u0131 \u00f6\u011frenece\u011fiz. Bunu yapmak i\u00e7in iki farkl\u0131 yol kullanaca\u011f\u0131z...\" \/>\n<meta property=\"og:url\" content=\"https:\/\/exceladvisor.org\/tr\/calisma-kitabini-kopyala\/\" \/>\n<meta property=\"og:site_name\" content=\"Excel Advisor\" \/>\n<meta property=\"article:modified_time\" content=\"2023-12-10T05:59:30+00:00\" \/>\n<meta property=\"og:image\" content=\"https:\/\/exceladvisor.org\/wp-content\/uploads\/2023\/08\/1-selectionnez-le-fichier.png\" \/>\n<meta name=\"twitter:card\" content=\"summary_large_image\" \/>\n<meta name=\"twitter:label1\" content=\"Tahmini okuma s\u00fcresi\" \/>\n\t<meta name=\"twitter:data1\" content=\"1 dakika\" \/>\n<script type=\"application\/ld+json\" class=\"yoast-schema-graph\">{\"@context\":\"https:\/\/schema.org\",\"@graph\":[{\"@type\":\"WebPage\",\"@id\":\"https:\/\/exceladvisor.org\/tr\/calisma-kitabini-kopyala\/\",\"url\":\"https:\/\/exceladvisor.org\/tr\/calisma-kitabini-kopyala\/\",\"name\":\"Excel \u00e7al\u0131\u015fma kitab\u0131n\u0131n bir kopyas\u0131 nas\u0131l olu\u015fturulur?\",\"isPartOf\":{\"@id\":\"https:\/\/exceladvisor.org\/tr\/#website\"},\"primaryImageOfPage\":{\"@id\":\"https:\/\/exceladvisor.org\/tr\/calisma-kitabini-kopyala\/#primaryimage\"},\"image\":{\"@id\":\"https:\/\/exceladvisor.org\/tr\/calisma-kitabini-kopyala\/#primaryimage\"},\"thumbnailUrl\":\"https:\/\/exceladvisor.org\/wp-content\/uploads\/2023\/08\/1-selectionnez-le-fichier.png\",\"datePublished\":\"2023-10-18T08:38:45+00:00\",\"dateModified\":\"2023-12-10T05:59:30+00:00\",\"description\":\"Bu derste bir Excel dosyas\u0131n\u0131n kopyas\u0131n\u0131n nas\u0131l olu\u015fturulaca\u011f\u0131n\u0131 \u00f6\u011frenece\u011fiz. Bunu yapmak i\u00e7in iki farkl\u0131 yol kullanaca\u011f\u0131z...\",\"breadcrumb\":{\"@id\":\"https:\/\/exceladvisor.org\/tr\/calisma-kitabini-kopyala\/#breadcrumb\"},\"inLanguage\":\"tr\",\"potentialAction\":[{\"@type\":\"ReadAction\",\"target\":[\"https:\/\/exceladvisor.org\/tr\/calisma-kitabini-kopyala\/\"]}]},{\"@type\":\"ImageObject\",\"inLanguage\":\"tr\",\"@id\":\"https:\/\/exceladvisor.org\/tr\/calisma-kitabini-kopyala\/#primaryimage\",\"url\":\"https:\/\/exceladvisor.org\/wp-content\/uploads\/2023\/08\/1-selectionnez-le-fichier.png\",\"contentUrl\":\"https:\/\/exceladvisor.org\/wp-content\/uploads\/2023\/08\/1-selectionnez-le-fichier.png\"},{\"@type\":\"BreadcrumbList\",\"@id\":\"https:\/\/exceladvisor.org\/tr\/calisma-kitabini-kopyala\/#breadcrumb\",\"itemListElement\":[{\"@type\":\"ListItem\",\"position\":1,\"name\":\"Ev\",\"item\":\"https:\/\/exceladvisor.org\/tr\/\"},{\"@type\":\"ListItem\",\"position\":2,\"name\":\"Excel \u00e7al\u0131\u015fma kitab\u0131n\u0131n bir kopyas\u0131 nas\u0131l olu\u015fturulur?\"}]},{\"@type\":\"WebSite\",\"@id\":\"https:\/\/exceladvisor.org\/tr\/#website\",\"url\":\"https:\/\/exceladvisor.org\/tr\/\",\"name\":\"Excel Advisor\",\"description\":\"Veri hakimiyetine y\u00f6nelik nihai rehberiniz!\",\"publisher\":{\"@id\":\"https:\/\/exceladvisor.org\/tr\/#organization\"},\"potentialAction\":[{\"@type\":\"SearchAction\",\"target\":{\"@type\":\"EntryPoint\",\"urlTemplate\":\"https:\/\/exceladvisor.org\/tr\/?s={search_term_string}\"},\"query-input\":{\"@type\":\"PropertyValueSpecification\",\"valueRequired\":true,\"valueName\":\"search_term_string\"}}],\"inLanguage\":\"tr\"},{\"@type\":\"Organization\",\"@id\":\"https:\/\/exceladvisor.org\/tr\/#organization\",\"name\":\"Excel Advisor\",\"url\":\"https:\/\/exceladvisor.org\/tr\/\",\"logo\":{\"@type\":\"ImageObject\",\"inLanguage\":\"tr\",\"@id\":\"https:\/\/exceladvisor.org\/tr\/#\/schema\/logo\/image\/\",\"url\":\"https:\/\/exceladvisor.org\/tr\/wp-content\/uploads\/2023\/12\/exceladvisor.org_.png\",\"contentUrl\":\"https:\/\/exceladvisor.org\/tr\/wp-content\/uploads\/2023\/12\/exceladvisor.org_.png\",\"width\":105,\"height\":36,\"caption\":\"Excel Advisor\"},\"image\":{\"@id\":\"https:\/\/exceladvisor.org\/tr\/#\/schema\/logo\/image\/\"}}]}<\/script>\n<!-- \/ Yoast SEO plugin. -->","yoast_head_json":{"title":"Excel \u00e7al\u0131\u015fma kitab\u0131n\u0131n bir kopyas\u0131 nas\u0131l olu\u015fturulur?","description":"Bu derste bir Excel dosyas\u0131n\u0131n kopyas\u0131n\u0131n nas\u0131l olu\u015fturulaca\u011f\u0131n\u0131 \u00f6\u011frenece\u011fiz. Bunu yapmak i\u00e7in iki farkl\u0131 yol kullanaca\u011f\u0131z...","robots":{"index":"index","follow":"follow","max-snippet":"max-snippet:-1","max-image-preview":"max-image-preview:large","max-video-preview":"max-video-preview:-1"},"canonical":"https:\/\/exceladvisor.org\/tr\/calisma-kitabini-kopyala\/","og_locale":"tr_TR","og_type":"article","og_title":"Excel \u00e7al\u0131\u015fma kitab\u0131n\u0131n bir kopyas\u0131 nas\u0131l olu\u015fturulur?","og_description":"Bu derste bir Excel dosyas\u0131n\u0131n kopyas\u0131n\u0131n nas\u0131l olu\u015fturulaca\u011f\u0131n\u0131 \u00f6\u011frenece\u011fiz. Bunu yapmak i\u00e7in iki farkl\u0131 yol kullanaca\u011f\u0131z...","og_url":"https:\/\/exceladvisor.org\/tr\/calisma-kitabini-kopyala\/","og_site_name":"Excel Advisor","article_modified_time":"2023-12-10T05:59:30+00:00","og_image":[{"url":"https:\/\/exceladvisor.org\/wp-content\/uploads\/2023\/08\/1-selectionnez-le-fichier.png","type":"","width":"","height":""}],"twitter_card":"summary_large_image","twitter_misc":{"Tahmini okuma s\u00fcresi":"1 dakika"},"schema":{"@context":"https:\/\/schema.org","@graph":[{"@type":"WebPage","@id":"https:\/\/exceladvisor.org\/tr\/calisma-kitabini-kopyala\/","url":"https:\/\/exceladvisor.org\/tr\/calisma-kitabini-kopyala\/","name":"Excel \u00e7al\u0131\u015fma kitab\u0131n\u0131n bir kopyas\u0131 nas\u0131l olu\u015fturulur?","isPartOf":{"@id":"https:\/\/exceladvisor.org\/tr\/#website"},"primaryImageOfPage":{"@id":"https:\/\/exceladvisor.org\/tr\/calisma-kitabini-kopyala\/#primaryimage"},"image":{"@id":"https:\/\/exceladvisor.org\/tr\/calisma-kitabini-kopyala\/#primaryimage"},"thumbnailUrl":"https:\/\/exceladvisor.org\/wp-content\/uploads\/2023\/08\/1-selectionnez-le-fichier.png","datePublished":"2023-10-18T08:38:45+00:00","dateModified":"2023-12-10T05:59:30+00:00","description":"Bu derste bir Excel dosyas\u0131n\u0131n kopyas\u0131n\u0131n nas\u0131l olu\u015fturulaca\u011f\u0131n\u0131 \u00f6\u011frenece\u011fiz. Bunu yapmak i\u00e7in iki farkl\u0131 yol kullanaca\u011f\u0131z...","breadcrumb":{"@id":"https:\/\/exceladvisor.org\/tr\/calisma-kitabini-kopyala\/#breadcrumb"},"inLanguage":"tr","potentialAction":[{"@type":"ReadAction","target":["https:\/\/exceladvisor.org\/tr\/calisma-kitabini-kopyala\/"]}]},{"@type":"ImageObject","inLanguage":"tr","@id":"https:\/\/exceladvisor.org\/tr\/calisma-kitabini-kopyala\/#primaryimage","url":"https:\/\/exceladvisor.org\/wp-content\/uploads\/2023\/08\/1-selectionnez-le-fichier.png","contentUrl":"https:\/\/exceladvisor.org\/wp-content\/uploads\/2023\/08\/1-selectionnez-le-fichier.png"},{"@type":"BreadcrumbList","@id":"https:\/\/exceladvisor.org\/tr\/calisma-kitabini-kopyala\/#breadcrumb","itemListElement":[{"@type":"ListItem","position":1,"name":"Ev","item":"https:\/\/exceladvisor.org\/tr\/"},{"@type":"ListItem","position":2,"name":"Excel \u00e7al\u0131\u015fma kitab\u0131n\u0131n bir kopyas\u0131 nas\u0131l olu\u015fturulur?"}]},{"@type":"WebSite","@id":"https:\/\/exceladvisor.org\/tr\/#website","url":"https:\/\/exceladvisor.org\/tr\/","name":"Excel Advisor","description":"Veri hakimiyetine y\u00f6nelik nihai rehberiniz!","publisher":{"@id":"https:\/\/exceladvisor.org\/tr\/#organization"},"potentialAction":[{"@type":"SearchAction","target":{"@type":"EntryPoint","urlTemplate":"https:\/\/exceladvisor.org\/tr\/?s={search_term_string}"},"query-input":{"@type":"PropertyValueSpecification","valueRequired":true,"valueName":"search_term_string"}}],"inLanguage":"tr"},{"@type":"Organization","@id":"https:\/\/exceladvisor.org\/tr\/#organization","name":"Excel Advisor","url":"https:\/\/exceladvisor.org\/tr\/","logo":{"@type":"ImageObject","inLanguage":"tr","@id":"https:\/\/exceladvisor.org\/tr\/#\/schema\/logo\/image\/","url":"https:\/\/exceladvisor.org\/tr\/wp-content\/uploads\/2023\/12\/exceladvisor.org_.png","contentUrl":"https:\/\/exceladvisor.org\/tr\/wp-content\/uploads\/2023\/12\/exceladvisor.org_.png","width":105,"height":36,"caption":"Excel Advisor"},"image":{"@id":"https:\/\/exceladvisor.org\/tr\/#\/schema\/logo\/image\/"}}]}},"yoast_meta":{"yoast_wpseo_title":"","yoast_wpseo_metadesc":"","yoast_wpseo_canonical":""},"_links":{"self":[{"href":"https:\/\/exceladvisor.org\/tr\/wp-json\/wp\/v2\/pages\/2090","targetHints":{"allow":["GET"]}}],"collection":[{"href":"https:\/\/exceladvisor.org\/tr\/wp-json\/wp\/v2\/pages"}],"about":[{"href":"https:\/\/exceladvisor.org\/tr\/wp-json\/wp\/v2\/types\/page"}],"author":[{"embeddable":true,"href":"https:\/\/exceladvisor.org\/tr\/wp-json\/wp\/v2\/users\/1"}],"replies":[{"embeddable":true,"href":"https:\/\/exceladvisor.org\/tr\/wp-json\/wp\/v2\/comments?post=2090"}],"version-history":[{"count":1,"href":"https:\/\/exceladvisor.org\/tr\/wp-json\/wp\/v2\/pages\/2090\/revisions"}],"predecessor-version":[{"id":2329,"href":"https:\/\/exceladvisor.org\/tr\/wp-json\/wp\/v2\/pages\/2090\/revisions\/2329"}],"wp:attachment":[{"href":"https:\/\/exceladvisor.org\/tr\/wp-json\/wp\/v2\/media?parent=2090"}],"curies":[{"name":"wp","href":"https:\/\/api.w.org\/{rel}","templated":true}]}}