{"id":2091,"date":"2023-10-18T05:22:43","date_gmt":"2023-10-18T05:22:43","guid":{"rendered":"https:\/\/exceladvisor.org\/tr\/secenekler\/"},"modified":"2023-12-10T06:08:04","modified_gmt":"2023-12-10T06:08:04","slug":"secenekler","status":"publish","type":"page","link":"https:\/\/exceladvisor.org\/tr\/secenekler\/","title":{"rendered":"Windows ve mac&#39;te excel se\u00e7enekleri nas\u0131l a\u00e7\u0131l\u0131r?"},"content":{"rendered":"<div class=\"excel-icerikten-once\" id=\"excel-4053775368\"><script type=\"text\/javascript\">\r\n\tatOptions = {\r\n\t\t'key' : 'c1158f160081d6540a8409e6925dab94',\r\n\t\t'format' : 'iframe',\r\n\t\t'height' : 250,\r\n\t\t'width' : 300,\r\n\t\t'params' : {}\r\n\t};\r\n<\/script>\r\n<script type=\"text\/javascript\" src=\"\/\/www.highperformanceformat.com\/c1158f160081d6540a8409e6925dab94\/invoke.js\"><\/script><\/div> <p>Mac&#8217;te Excel se\u00e7enekleri Excel Tercihleri ad\u0131yla bulunur ve Windows&#8217;ta bunlar yaln\u0131zca se\u00e7eneklerdir. <\/p><div class=\"wp-block-image\"><figure class=\"aligncenter size-full is-resized\"><img loading=\"lazy\" decoding=\"async\" class=\"wp-image-77787\" src=\"https:\/\/exceladvisor.org\/wp-content\/uploads\/2023\/08\/1-ouvrir-les-options-excel-dans-mac1.png\" sizes=\"auto, \" srcset=\"\" alt=\"mac'ta a\u00e7\u0131k excel se\u00e7enekleri\" width=\"596\" height=\"666\"><\/figure><\/div><p> Bu e\u011fitimde Mac ve Windows&#8217;ta Excel Se\u00e7eneklerini a\u00e7mak ve kullanmak i\u00e7in basit ad\u0131mlara bakaca\u011f\u0131z.<\/p><h2 class=\"wp-block-heading\"> Mac&#8217;te Excel Se\u00e7eneklerini A\u00e7ma Ad\u0131mlar\u0131<\/h2><ol><li> \u00d6ncelikle \u00fcst k\u0131s\u0131mda bulunan men\u00fc \u00e7ubu\u011funda \u201cExcel\u201d se\u00e7ene\u011fine t\u0131klay\u0131n. <br><img loading=\"lazy\" decoding=\"async\" title=\"Mac i\u00e7in Excel \u00e7ubu\u011funa 2 t\u0131klama\" src=\"https:\/\/exceladvisor.org\/wp-content\/uploads\/2023\/08\/2-clic-sur-la-barre-excel-pour-mac.png\" sizes=\"auto, \" srcset=\"\" alt=\"click-on-excel-bar-for-mac\" width=\"512\" height=\"183\"><\/li><li> Bundan sonra Excel se\u00e7eneklerini a\u00e7mak i\u00e7in \u201cTercihler\u2026\u201d se\u00e7ene\u011fini t\u0131klay\u0131n. <br><img loading=\"lazy\" decoding=\"async\" title=\"3 t\u0131klamayla tercihler\" src=\"https:\/\/exceladvisor.org\/wp-content\/uploads\/2023\/08\/3-cliquez-sur-preferences.png\" sizes=\"auto, \" srcset=\"\" alt=\"click-on-preferences\" width=\"507\" height=\"249\"><\/li><li> Oradan, i\u00e7indeki di\u011fer se\u00e7enekleri a\u00e7mak i\u00e7in kategoriye t\u0131klay\u0131n. <br><img loading=\"lazy\" decoding=\"async\" title=\"Di\u011fer se\u00e7enekleri a\u00e7mak i\u00e7in 4 t\u0131klamayla cayegory\" src=\"https:\/\/exceladvisor.org\/wp-content\/uploads\/2023\/08\/4-cliquez-sur-caegory-pour-ouvrir-dautres-options.png\" sizes=\"auto, \" srcset=\"\" alt=\"click-category-to-open-further-options\" width=\"505\" height=\"291\"><\/li><li> Sonunda, de\u011fi\u015fikliklerinizi yapt\u0131ktan sonra (\u00f6rne\u011fin, varsay\u0131lan yaz\u0131 tipini de\u011fi\u015ftirmek istiyorsan\u0131z), kaydedip kapatmak i\u00e7in sol \u00fcstteki kapat simgesine t\u0131klay\u0131n. <br><img loading=\"lazy\" decoding=\"async\" title=\"Kapat simgesine 5 t\u0131klama\" src=\"https:\/\/exceladvisor.org\/wp-content\/uploads\/2023\/08\/5-cliquez-sur-licone-de-fermeture.png\" sizes=\"auto, \" srcset=\"\" alt=\"click-on-close-icon\" width=\"623\" height=\"437\"><\/li><\/ol><h2 class=\"wp-block-heading\"> Windows&#8217;ta Excel Se\u00e7eneklerini A\u00e7ma Ad\u0131mlar\u0131<\/h2><ol><li> \u0130lk \u00f6nce \u015feritteki Dosya sekmesine gidin. <br><img loading=\"lazy\" decoding=\"async\" title=\"6-pencerelerde-a\u00e7\u0131k-excel-se\u00e7enekleri\" src=\"https:\/\/exceladvisor.org\/wp-content\/uploads\/2023\/08\/6-options-Excel-ouvertes-dans-Windows.png\" sizes=\"auto, \" srcset=\"\" alt=\"open-excel-options-in-windows\" width=\"370\" height=\"229\"><\/li><li> Oradan Daha Fazla&#8217;y\u0131 ve ard\u0131ndan Se\u00e7enekler&#8217;i t\u0131klay\u0131n. <br><img loading=\"lazy\" decoding=\"async\" title=\"7-t\u0131klama-dosya-ard\u0131ndan-se\u00e7enekler\" src=\"https:\/\/exceladvisor.org\/wp-content\/uploads\/2023\/08\/7-cliquez-sur-fichier-puis-sur-options.png\" sizes=\"auto, \" srcset=\"\" alt=\"click-file-and-then-options\" width=\"317\" height=\"221\"><\/li><li> Oradan, i\u00e7erideki di\u011fer se\u00e7enekleri a\u00e7mak i\u00e7in kategori sekmesine t\u0131klay\u0131n. <br><img loading=\"lazy\" decoding=\"async\" title=\"Di\u011fer se\u00e7enekleri ke\u015ffetmek i\u00e7in 8 t\u0131klamayla kategori\" src=\"https:\/\/exceladvisor.org\/wp-content\/uploads\/2023\/08\/8-cliquez-sur-la-categorie-pour-explorer-dautres-options.png\" sizes=\"auto, \" srcset=\"\" alt=\"click-category-to-explore-further-options\" width=\"508\" height=\"377\"><\/li><li> Sonunda de\u011fi\u015fikliklerinizi yapt\u0131ktan sonra (\u00f6rne\u011fin masa\u00fcst\u00fc renk temas\u0131n\u0131 de\u011fi\u015ftirmek istiyorsan\u0131z), ileti\u015fim kutusunun sa\u011f alt k\u0131sm\u0131ndaki Tamam d\u00fc\u011fmesini t\u0131klay\u0131n. <br><img loading=\"lazy\" decoding=\"async\" title=\"9-de\u011fi\u015fiklik sonras\u0131-t\u0131kla-kaydet\" src=\"https:\/\/exceladvisor.org\/wp-content\/uploads\/2023\/08\/9-apres-les-modifications-cliquez-sur-Enregistrer.png\" sizes=\"auto, \" srcset=\"\" alt=\"after-changes-click-save\" width=\"734\" height=\"394\"><\/li><\/ol><div class=\"gb-container gb-container-4db6181c gb-container-mt\"> <a class=\"gb-button gb-button-c5897111 gb-button-text gb-button-mt-button\" href=\"https:\/\/exceladvisor.org\/tr\/excelin-temelleri\/\">Microsoft Excel Temelleri (Bile\u015fenler, Par\u00e7alar ve Bilgi Notlar\u0131)<\/a><h2 class=\"gb-headline gb-headline-665e5f6b gb-headline-text gb-headline-mt-heading\"> \u0130lgili e\u011fitimler <\/h2><div class=\"gb-grid-wrapper gb-grid-wrapper-a20baf7c gb-grid-wrapper-mt-grid\"><div class=\"gb-grid-column gb-grid-column-65ddf67e\"><div class=\"gb-container gb-container-65ddf67e\"><ul><li> <a href=\"https:\/\/exceladvisor.org\/tr\/tamamen-hakli-cikarmak\/\">Excel&#8217;de Yasla&#8217;y\u0131 Doldurun<\/a><\/li><li> <a href=\"https:\/\/exceladvisor.org\/tr\/excel-formul-cubugu\/\">Excel&#8217;deki form\u00fcl \u00e7ubu\u011fu<\/a><\/li><li> <a href=\"https:\/\/exceladvisor.org\/tr\/altbilgi-basligi-ekle\/\">Excel&#8217;de \u00fcstbilgi ve altbilgi ekleme<\/a><\/li><li> <a href=\"https:\/\/exceladvisor.org\/tr\/cetvel\/\">Cetveli Excel&#8217;de g\u00f6ster<\/a><\/li><li> <a href=\"https:\/\/exceladvisor.org\/tr\/doldurma-kolu\/\">Excel&#8217;de doldurma tutamac\u0131<\/a><\/li><\/ul><\/div><\/div><\/div><\/div>","protected":false},"excerpt":{"rendered":"","protected":false},"author":1,"featured_media":0,"parent":0,"menu_order":0,"comment_status":"open","ping_status":"closed","template":"","meta":{"ub_ctt_via":"","footnotes":""},"class_list":["post-2091","page","type-page","status-publish","hentry"],"featured_image_src":null,"yoast_head":"<!-- This site is optimized with the Yoast SEO plugin v25.4 - https:\/\/yoast.com\/wordpress\/plugins\/seo\/ -->\n<title>Windows ve Mac&#039;te Excel se\u00e7enekleri nas\u0131l a\u00e7\u0131l\u0131r?<\/title>\n<meta name=\"description\" content=\"Excel&#039;in Windows ve Mac s\u00fcr\u00fcmlerinde Excel se\u00e7eneklerini nas\u0131l a\u00e7aca\u011f\u0131m\u0131z\u0131 \u00f6\u011frenelim. Excel Se\u00e7enekleri bir\u00e7ok se\u00e7ene\u011fi kapsar...\" \/>\n<meta name=\"robots\" content=\"index, follow, max-snippet:-1, max-image-preview:large, max-video-preview:-1\" \/>\n<link rel=\"canonical\" href=\"https:\/\/exceladvisor.org\/tr\/secenekler\/\" \/>\n<meta property=\"og:locale\" content=\"tr_TR\" \/>\n<meta property=\"og:type\" content=\"article\" \/>\n<meta property=\"og:title\" content=\"Windows ve Mac&#039;te Excel se\u00e7enekleri nas\u0131l a\u00e7\u0131l\u0131r?\" \/>\n<meta property=\"og:description\" content=\"Excel&#039;in Windows ve Mac s\u00fcr\u00fcmlerinde Excel se\u00e7eneklerini nas\u0131l a\u00e7aca\u011f\u0131m\u0131z\u0131 \u00f6\u011frenelim. Excel Se\u00e7enekleri bir\u00e7ok se\u00e7ene\u011fi kapsar...\" \/>\n<meta property=\"og:url\" content=\"https:\/\/exceladvisor.org\/tr\/secenekler\/\" \/>\n<meta property=\"og:site_name\" content=\"Excel Advisor\" \/>\n<meta property=\"article:modified_time\" content=\"2023-12-10T06:08:04+00:00\" \/>\n<meta property=\"og:image\" content=\"https:\/\/exceladvisor.org\/wp-content\/uploads\/2023\/08\/1-ouvrir-les-options-excel-dans-mac1.png\" \/>\n<meta name=\"twitter:card\" content=\"summary_large_image\" \/>\n<meta name=\"twitter:label1\" content=\"Tahmini okuma s\u00fcresi\" \/>\n\t<meta name=\"twitter:data1\" content=\"1 dakika\" \/>\n<script type=\"application\/ld+json\" class=\"yoast-schema-graph\">{\"@context\":\"https:\/\/schema.org\",\"@graph\":[{\"@type\":\"WebPage\",\"@id\":\"https:\/\/exceladvisor.org\/tr\/secenekler\/\",\"url\":\"https:\/\/exceladvisor.org\/tr\/secenekler\/\",\"name\":\"Windows ve Mac&#39;te Excel se\u00e7enekleri nas\u0131l a\u00e7\u0131l\u0131r?\",\"isPartOf\":{\"@id\":\"https:\/\/exceladvisor.org\/tr\/#website\"},\"primaryImageOfPage\":{\"@id\":\"https:\/\/exceladvisor.org\/tr\/secenekler\/#primaryimage\"},\"image\":{\"@id\":\"https:\/\/exceladvisor.org\/tr\/secenekler\/#primaryimage\"},\"thumbnailUrl\":\"https:\/\/exceladvisor.org\/wp-content\/uploads\/2023\/08\/1-ouvrir-les-options-excel-dans-mac1.png\",\"datePublished\":\"2023-10-18T05:22:43+00:00\",\"dateModified\":\"2023-12-10T06:08:04+00:00\",\"description\":\"Excel&#39;in Windows ve Mac s\u00fcr\u00fcmlerinde Excel se\u00e7eneklerini nas\u0131l a\u00e7aca\u011f\u0131m\u0131z\u0131 \u00f6\u011frenelim. Excel Se\u00e7enekleri bir\u00e7ok se\u00e7ene\u011fi kapsar...\",\"breadcrumb\":{\"@id\":\"https:\/\/exceladvisor.org\/tr\/secenekler\/#breadcrumb\"},\"inLanguage\":\"tr\",\"potentialAction\":[{\"@type\":\"ReadAction\",\"target\":[\"https:\/\/exceladvisor.org\/tr\/secenekler\/\"]}]},{\"@type\":\"ImageObject\",\"inLanguage\":\"tr\",\"@id\":\"https:\/\/exceladvisor.org\/tr\/secenekler\/#primaryimage\",\"url\":\"https:\/\/exceladvisor.org\/wp-content\/uploads\/2023\/08\/1-ouvrir-les-options-excel-dans-mac1.png\",\"contentUrl\":\"https:\/\/exceladvisor.org\/wp-content\/uploads\/2023\/08\/1-ouvrir-les-options-excel-dans-mac1.png\"},{\"@type\":\"BreadcrumbList\",\"@id\":\"https:\/\/exceladvisor.org\/tr\/secenekler\/#breadcrumb\",\"itemListElement\":[{\"@type\":\"ListItem\",\"position\":1,\"name\":\"Ev\",\"item\":\"https:\/\/exceladvisor.org\/tr\/\"},{\"@type\":\"ListItem\",\"position\":2,\"name\":\"Windows ve mac&#39;te excel se\u00e7enekleri nas\u0131l a\u00e7\u0131l\u0131r?\"}]},{\"@type\":\"WebSite\",\"@id\":\"https:\/\/exceladvisor.org\/tr\/#website\",\"url\":\"https:\/\/exceladvisor.org\/tr\/\",\"name\":\"Excel Advisor\",\"description\":\"Veri hakimiyetine y\u00f6nelik nihai rehberiniz!\",\"publisher\":{\"@id\":\"https:\/\/exceladvisor.org\/tr\/#organization\"},\"potentialAction\":[{\"@type\":\"SearchAction\",\"target\":{\"@type\":\"EntryPoint\",\"urlTemplate\":\"https:\/\/exceladvisor.org\/tr\/?s={search_term_string}\"},\"query-input\":{\"@type\":\"PropertyValueSpecification\",\"valueRequired\":true,\"valueName\":\"search_term_string\"}}],\"inLanguage\":\"tr\"},{\"@type\":\"Organization\",\"@id\":\"https:\/\/exceladvisor.org\/tr\/#organization\",\"name\":\"Excel Advisor\",\"url\":\"https:\/\/exceladvisor.org\/tr\/\",\"logo\":{\"@type\":\"ImageObject\",\"inLanguage\":\"tr\",\"@id\":\"https:\/\/exceladvisor.org\/tr\/#\/schema\/logo\/image\/\",\"url\":\"https:\/\/exceladvisor.org\/tr\/wp-content\/uploads\/2023\/12\/exceladvisor.org_.png\",\"contentUrl\":\"https:\/\/exceladvisor.org\/tr\/wp-content\/uploads\/2023\/12\/exceladvisor.org_.png\",\"width\":105,\"height\":36,\"caption\":\"Excel Advisor\"},\"image\":{\"@id\":\"https:\/\/exceladvisor.org\/tr\/#\/schema\/logo\/image\/\"}}]}<\/script>\n<!-- \/ Yoast SEO plugin. -->","yoast_head_json":{"title":"Windows ve Mac&#39;te Excel se\u00e7enekleri nas\u0131l a\u00e7\u0131l\u0131r?","description":"Excel&#39;in Windows ve Mac s\u00fcr\u00fcmlerinde Excel se\u00e7eneklerini nas\u0131l a\u00e7aca\u011f\u0131m\u0131z\u0131 \u00f6\u011frenelim. Excel Se\u00e7enekleri bir\u00e7ok se\u00e7ene\u011fi kapsar...","robots":{"index":"index","follow":"follow","max-snippet":"max-snippet:-1","max-image-preview":"max-image-preview:large","max-video-preview":"max-video-preview:-1"},"canonical":"https:\/\/exceladvisor.org\/tr\/secenekler\/","og_locale":"tr_TR","og_type":"article","og_title":"Windows ve Mac&#39;te Excel se\u00e7enekleri nas\u0131l a\u00e7\u0131l\u0131r?","og_description":"Excel&#39;in Windows ve Mac s\u00fcr\u00fcmlerinde Excel se\u00e7eneklerini nas\u0131l a\u00e7aca\u011f\u0131m\u0131z\u0131 \u00f6\u011frenelim. Excel Se\u00e7enekleri bir\u00e7ok se\u00e7ene\u011fi kapsar...","og_url":"https:\/\/exceladvisor.org\/tr\/secenekler\/","og_site_name":"Excel Advisor","article_modified_time":"2023-12-10T06:08:04+00:00","og_image":[{"url":"https:\/\/exceladvisor.org\/wp-content\/uploads\/2023\/08\/1-ouvrir-les-options-excel-dans-mac1.png","type":"","width":"","height":""}],"twitter_card":"summary_large_image","twitter_misc":{"Tahmini okuma s\u00fcresi":"1 dakika"},"schema":{"@context":"https:\/\/schema.org","@graph":[{"@type":"WebPage","@id":"https:\/\/exceladvisor.org\/tr\/secenekler\/","url":"https:\/\/exceladvisor.org\/tr\/secenekler\/","name":"Windows ve Mac&#39;te Excel se\u00e7enekleri nas\u0131l a\u00e7\u0131l\u0131r?","isPartOf":{"@id":"https:\/\/exceladvisor.org\/tr\/#website"},"primaryImageOfPage":{"@id":"https:\/\/exceladvisor.org\/tr\/secenekler\/#primaryimage"},"image":{"@id":"https:\/\/exceladvisor.org\/tr\/secenekler\/#primaryimage"},"thumbnailUrl":"https:\/\/exceladvisor.org\/wp-content\/uploads\/2023\/08\/1-ouvrir-les-options-excel-dans-mac1.png","datePublished":"2023-10-18T05:22:43+00:00","dateModified":"2023-12-10T06:08:04+00:00","description":"Excel&#39;in Windows ve Mac s\u00fcr\u00fcmlerinde Excel se\u00e7eneklerini nas\u0131l a\u00e7aca\u011f\u0131m\u0131z\u0131 \u00f6\u011frenelim. Excel Se\u00e7enekleri bir\u00e7ok se\u00e7ene\u011fi kapsar...","breadcrumb":{"@id":"https:\/\/exceladvisor.org\/tr\/secenekler\/#breadcrumb"},"inLanguage":"tr","potentialAction":[{"@type":"ReadAction","target":["https:\/\/exceladvisor.org\/tr\/secenekler\/"]}]},{"@type":"ImageObject","inLanguage":"tr","@id":"https:\/\/exceladvisor.org\/tr\/secenekler\/#primaryimage","url":"https:\/\/exceladvisor.org\/wp-content\/uploads\/2023\/08\/1-ouvrir-les-options-excel-dans-mac1.png","contentUrl":"https:\/\/exceladvisor.org\/wp-content\/uploads\/2023\/08\/1-ouvrir-les-options-excel-dans-mac1.png"},{"@type":"BreadcrumbList","@id":"https:\/\/exceladvisor.org\/tr\/secenekler\/#breadcrumb","itemListElement":[{"@type":"ListItem","position":1,"name":"Ev","item":"https:\/\/exceladvisor.org\/tr\/"},{"@type":"ListItem","position":2,"name":"Windows ve mac&#39;te excel se\u00e7enekleri nas\u0131l a\u00e7\u0131l\u0131r?"}]},{"@type":"WebSite","@id":"https:\/\/exceladvisor.org\/tr\/#website","url":"https:\/\/exceladvisor.org\/tr\/","name":"Excel Advisor","description":"Veri hakimiyetine y\u00f6nelik nihai rehberiniz!","publisher":{"@id":"https:\/\/exceladvisor.org\/tr\/#organization"},"potentialAction":[{"@type":"SearchAction","target":{"@type":"EntryPoint","urlTemplate":"https:\/\/exceladvisor.org\/tr\/?s={search_term_string}"},"query-input":{"@type":"PropertyValueSpecification","valueRequired":true,"valueName":"search_term_string"}}],"inLanguage":"tr"},{"@type":"Organization","@id":"https:\/\/exceladvisor.org\/tr\/#organization","name":"Excel Advisor","url":"https:\/\/exceladvisor.org\/tr\/","logo":{"@type":"ImageObject","inLanguage":"tr","@id":"https:\/\/exceladvisor.org\/tr\/#\/schema\/logo\/image\/","url":"https:\/\/exceladvisor.org\/tr\/wp-content\/uploads\/2023\/12\/exceladvisor.org_.png","contentUrl":"https:\/\/exceladvisor.org\/tr\/wp-content\/uploads\/2023\/12\/exceladvisor.org_.png","width":105,"height":36,"caption":"Excel Advisor"},"image":{"@id":"https:\/\/exceladvisor.org\/tr\/#\/schema\/logo\/image\/"}}]}},"yoast_meta":{"yoast_wpseo_title":"","yoast_wpseo_metadesc":"","yoast_wpseo_canonical":""},"_links":{"self":[{"href":"https:\/\/exceladvisor.org\/tr\/wp-json\/wp\/v2\/pages\/2091","targetHints":{"allow":["GET"]}}],"collection":[{"href":"https:\/\/exceladvisor.org\/tr\/wp-json\/wp\/v2\/pages"}],"about":[{"href":"https:\/\/exceladvisor.org\/tr\/wp-json\/wp\/v2\/types\/page"}],"author":[{"embeddable":true,"href":"https:\/\/exceladvisor.org\/tr\/wp-json\/wp\/v2\/users\/1"}],"replies":[{"embeddable":true,"href":"https:\/\/exceladvisor.org\/tr\/wp-json\/wp\/v2\/comments?post=2091"}],"version-history":[{"count":1,"href":"https:\/\/exceladvisor.org\/tr\/wp-json\/wp\/v2\/pages\/2091\/revisions"}],"predecessor-version":[{"id":2967,"href":"https:\/\/exceladvisor.org\/tr\/wp-json\/wp\/v2\/pages\/2091\/revisions\/2967"}],"wp:attachment":[{"href":"https:\/\/exceladvisor.org\/tr\/wp-json\/wp\/v2\/media?parent=2091"}],"curies":[{"name":"wp","href":"https:\/\/api.w.org\/{rel}","templated":true}]}}