{"id":2093,"date":"2023-10-18T03:07:27","date_gmt":"2023-10-18T03:07:27","guid":{"rendered":"https:\/\/exceladvisor.org\/tr\/klavye-kisayollari-1\/"},"modified":"2023-12-10T06:02:01","modified_gmt":"2023-12-10T06:02:01","slug":"klavye-kisayollari-1","status":"publish","type":"page","link":"https:\/\/exceladvisor.org\/tr\/klavye-kisayollari-1\/","title":{"rendered":"Excel&#39;de pivot tablo klavye k\u0131sayollar\u0131"},"content":{"rendered":"<div class=\"excel-icerikten-once\" id=\"excel-1156456013\"><script type=\"text\/javascript\">\r\n\tatOptions = {\r\n\t\t'key' : 'c1158f160081d6540a8409e6925dab94',\r\n\t\t'format' : 'iframe',\r\n\t\t'height' : 250,\r\n\t\t'width' : 300,\r\n\t\t'params' : {}\r\n\t};\r\n<\/script>\r\n<script type=\"text\/javascript\" src=\"\/\/www.highperformanceformat.com\/c1158f160081d6540a8409e6925dab94\/invoke.js\"><\/script><\/div> <p>Hepimiz klavye k\u0131sayollar\u0131n\u0131 seviyoruz. SA\u011e? Burada pivot tablo \u00e7al\u0131\u015fmalar\u0131n\u0131z\u0131 h\u0131zland\u0131rmak i\u00e7in kullanabilece\u011finiz <a href=\"https:\/\/exceladvisor.org\/tr\/klavye-kisayollari\/\">yayg\u0131n fakat kullan\u0131\u015fl\u0131<\/a> klavye k\u0131sayollar\u0131ndan baz\u0131lar\u0131n\u0131 listeledim.<\/p><h2 class=\"wp-block-heading\"> 1. Bir pivot tablo olu\u015fturun<\/h2><p> <strong>Alt + N + V<\/strong><\/p><p> Bu k\u0131sayol tu\u015funu kullanmak i\u00e7in kaynak veriyi se\u00e7ti\u011finizden veya etkin h\u00fccrenin kaynak veriden oldu\u011fundan emin olun. Excel 2007 s\u00fcr\u00fcm\u00fcn\u00fc kullan\u0131yorsan\u0131z bunun yerine Alt+N+V+T tu\u015flar\u0131n\u0131 kullanabilirsiniz.<\/p><h2 class=\"wp-block-heading\"> 2. Se\u00e7ili pivot tablo \u00f6\u011felerini grupland\u0131r\u0131n\/grubunu \u00e7\u00f6z\u00fcn<\/h2><p> <strong>Alt + \u00dcst Karakter + Sa\u011f Ok<\/strong><\/p><p> Diyelim ki aylar\u0131n yer ald\u0131\u011f\u0131 bir pivot tablonuz var ve ilk alt\u0131 veya son alt\u0131 ay\u0131 grupland\u0131rmak istiyorsunuz. Tek yapman\u0131z gereken bu alt\u0131 h\u00fccreyi se\u00e7ip bu k\u0131sayol tu\u015funu kullanmak.<\/p><p> <strong>Alt + \u00dcst Karakter + Sol Ok<\/strong><\/p><p> T\u0131pk\u0131 bir \u00f6\u011fe grubu olu\u015fturabildi\u011finiz gibi, bu k\u0131sayol da bu \u00f6\u011felerin gruptaki grubunu \u00e7\u00f6zmenize yard\u0131mc\u0131 olur.<\/p><h2 class=\"wp-block-heading\"> 3. Se\u00e7ilen \u00f6\u011feyi veya alan\u0131 gizleyin<\/h2><p> <strong>Ctrl + \u2013<\/strong><\/p><p> Bu k\u0131sayol tu\u015fu se\u00e7ilen h\u00fccreleri gizleyecektir. Asl\u0131nda h\u00fccreyi gizlemez ancak onlar\u0131 filtreler; daha sonra filtre se\u00e7eneklerinden bunlar\u0131 temizleyebilirsiniz.<\/p><h2 class=\"wp-block-heading\"> 4. Hesaplanan Alan penceresini a\u00e7\u0131n<\/h2><p> <strong>Alt + D ve P<\/strong><\/p><p> Bu klavye k\u0131sayolunda daha sonra tu\u015flara basman\u0131z gerekiyor.<\/p><h2 class=\"wp-block-heading\"> 5. Etkin h\u00fccreye ili\u015fkin alanlar\u0131n listesini a\u00e7\u0131n<\/h2><p> <strong>Alt + a\u015fa\u011f\u0131 ok<\/strong><\/p><p> Bu tu\u015f alanlar\u0131n listesini a\u00e7ar.<\/p><h2 class=\"wp-block-heading\"> (Bonus) PivotTable&#8217;dan PivotChart Ekleme<\/h2><p> <strong>Alt+F1<\/strong><\/p><p> Bu klavye k\u0131sayolunu kullanmak i\u00e7in pivot tablodaki bir h\u00fccreyi se\u00e7melisiniz. Bu tu\u015f mevcut sayfaya bir pivot tablo ekler. <\/p><div class=\"wp-block-group main-page-bottom is-layout-flow\"><div class=\"wp-block-group__inner-container\"><h2 class=\"wp-block-heading\"> Pivot tablolar hakk\u0131nda daha fazla bilgi edinin<\/h2><ul><li> <a href=\"https:\/\/exceladvisor.org\/tr\/pivot-tabloyu-sil\/\">Excel&#8217;de PivotTable&#8217;\u0131 silme<\/a><\/li><li> <a href=\"https:\/\/exceladvisor.org\/tr\/pivot-tabloyu-hareket-ettir\/\">Pivot tabloyu ta\u015f\u0131ma<\/a><\/li><li> <a href=\"https:\/\/exceladvisor.org\/tr\/birden-fazla-calisma-sayfasindan-pivotlama\/\" data-wpil=\"url\">Birden \u00e7ok \u00e7al\u0131\u015fma sayfas\u0131ndan pivot tablo<\/a><\/li><li> <a href=\"https:\/\/exceladvisor.org\/tr\/pivot-tablo-2\/\" data-wpil=\"url\">Excel&#8217;de Pivot Tablo<\/a><\/li><\/ul><\/div><\/div>","protected":false},"excerpt":{"rendered":"","protected":false},"author":1,"featured_media":0,"parent":0,"menu_order":0,"comment_status":"open","ping_status":"closed","template":"","meta":{"ub_ctt_via":"","footnotes":""},"class_list":["post-2093","page","type-page","status-publish","hentry"],"featured_image_src":null,"yoast_head":"<!-- This site is optimized with the Yoast SEO plugin v25.4 - https:\/\/yoast.com\/wordpress\/plugins\/seo\/ -->\n<title>Excel&#039;de Pivot Tablo Klavye K\u0131sayollar\u0131<\/title>\n<meta name=\"description\" content=\"Bu e\u011fitimde pivot tablolarla kullanabilece\u011finiz klavye k\u0131sayollar\u0131n\u0131 \u00f6\u011frenebilirsiniz.\" \/>\n<meta name=\"robots\" content=\"index, follow, max-snippet:-1, max-image-preview:large, max-video-preview:-1\" \/>\n<link rel=\"canonical\" href=\"https:\/\/exceladvisor.org\/tr\/klavye-kisayollari-1\/\" \/>\n<meta property=\"og:locale\" content=\"tr_TR\" \/>\n<meta property=\"og:type\" content=\"article\" \/>\n<meta property=\"og:title\" content=\"Excel&#039;de Pivot Tablo Klavye K\u0131sayollar\u0131\" \/>\n<meta property=\"og:description\" content=\"Bu e\u011fitimde pivot tablolarla kullanabilece\u011finiz klavye k\u0131sayollar\u0131n\u0131 \u00f6\u011frenebilirsiniz.\" \/>\n<meta property=\"og:url\" content=\"https:\/\/exceladvisor.org\/tr\/klavye-kisayollari-1\/\" \/>\n<meta property=\"og:site_name\" content=\"Excel Advisor\" \/>\n<meta property=\"article:modified_time\" content=\"2023-12-10T06:02:01+00:00\" \/>\n<meta name=\"twitter:card\" content=\"summary_large_image\" \/>\n<meta name=\"twitter:label1\" content=\"Tahmini okuma s\u00fcresi\" \/>\n\t<meta name=\"twitter:data1\" content=\"1 dakika\" \/>\n<script type=\"application\/ld+json\" class=\"yoast-schema-graph\">{\"@context\":\"https:\/\/schema.org\",\"@graph\":[{\"@type\":\"WebPage\",\"@id\":\"https:\/\/exceladvisor.org\/tr\/klavye-kisayollari-1\/\",\"url\":\"https:\/\/exceladvisor.org\/tr\/klavye-kisayollari-1\/\",\"name\":\"Excel&#39;de Pivot Tablo Klavye K\u0131sayollar\u0131\",\"isPartOf\":{\"@id\":\"https:\/\/exceladvisor.org\/tr\/#website\"},\"datePublished\":\"2023-10-18T03:07:27+00:00\",\"dateModified\":\"2023-12-10T06:02:01+00:00\",\"description\":\"Bu e\u011fitimde pivot tablolarla kullanabilece\u011finiz klavye k\u0131sayollar\u0131n\u0131 \u00f6\u011frenebilirsiniz.\",\"breadcrumb\":{\"@id\":\"https:\/\/exceladvisor.org\/tr\/klavye-kisayollari-1\/#breadcrumb\"},\"inLanguage\":\"tr\",\"potentialAction\":[{\"@type\":\"ReadAction\",\"target\":[\"https:\/\/exceladvisor.org\/tr\/klavye-kisayollari-1\/\"]}]},{\"@type\":\"BreadcrumbList\",\"@id\":\"https:\/\/exceladvisor.org\/tr\/klavye-kisayollari-1\/#breadcrumb\",\"itemListElement\":[{\"@type\":\"ListItem\",\"position\":1,\"name\":\"Ev\",\"item\":\"https:\/\/exceladvisor.org\/tr\/\"},{\"@type\":\"ListItem\",\"position\":2,\"name\":\"Excel&#39;de pivot tablo klavye k\u0131sayollar\u0131\"}]},{\"@type\":\"WebSite\",\"@id\":\"https:\/\/exceladvisor.org\/tr\/#website\",\"url\":\"https:\/\/exceladvisor.org\/tr\/\",\"name\":\"Excel Advisor\",\"description\":\"Veri hakimiyetine y\u00f6nelik nihai rehberiniz!\",\"publisher\":{\"@id\":\"https:\/\/exceladvisor.org\/tr\/#organization\"},\"potentialAction\":[{\"@type\":\"SearchAction\",\"target\":{\"@type\":\"EntryPoint\",\"urlTemplate\":\"https:\/\/exceladvisor.org\/tr\/?s={search_term_string}\"},\"query-input\":{\"@type\":\"PropertyValueSpecification\",\"valueRequired\":true,\"valueName\":\"search_term_string\"}}],\"inLanguage\":\"tr\"},{\"@type\":\"Organization\",\"@id\":\"https:\/\/exceladvisor.org\/tr\/#organization\",\"name\":\"Excel Advisor\",\"url\":\"https:\/\/exceladvisor.org\/tr\/\",\"logo\":{\"@type\":\"ImageObject\",\"inLanguage\":\"tr\",\"@id\":\"https:\/\/exceladvisor.org\/tr\/#\/schema\/logo\/image\/\",\"url\":\"https:\/\/exceladvisor.org\/tr\/wp-content\/uploads\/2023\/12\/exceladvisor.org_.png\",\"contentUrl\":\"https:\/\/exceladvisor.org\/tr\/wp-content\/uploads\/2023\/12\/exceladvisor.org_.png\",\"width\":105,\"height\":36,\"caption\":\"Excel Advisor\"},\"image\":{\"@id\":\"https:\/\/exceladvisor.org\/tr\/#\/schema\/logo\/image\/\"}}]}<\/script>\n<!-- \/ Yoast SEO plugin. -->","yoast_head_json":{"title":"Excel&#39;de Pivot Tablo Klavye K\u0131sayollar\u0131","description":"Bu e\u011fitimde pivot tablolarla kullanabilece\u011finiz klavye k\u0131sayollar\u0131n\u0131 \u00f6\u011frenebilirsiniz.","robots":{"index":"index","follow":"follow","max-snippet":"max-snippet:-1","max-image-preview":"max-image-preview:large","max-video-preview":"max-video-preview:-1"},"canonical":"https:\/\/exceladvisor.org\/tr\/klavye-kisayollari-1\/","og_locale":"tr_TR","og_type":"article","og_title":"Excel&#39;de Pivot Tablo Klavye K\u0131sayollar\u0131","og_description":"Bu e\u011fitimde pivot tablolarla kullanabilece\u011finiz klavye k\u0131sayollar\u0131n\u0131 \u00f6\u011frenebilirsiniz.","og_url":"https:\/\/exceladvisor.org\/tr\/klavye-kisayollari-1\/","og_site_name":"Excel Advisor","article_modified_time":"2023-12-10T06:02:01+00:00","twitter_card":"summary_large_image","twitter_misc":{"Tahmini okuma s\u00fcresi":"1 dakika"},"schema":{"@context":"https:\/\/schema.org","@graph":[{"@type":"WebPage","@id":"https:\/\/exceladvisor.org\/tr\/klavye-kisayollari-1\/","url":"https:\/\/exceladvisor.org\/tr\/klavye-kisayollari-1\/","name":"Excel&#39;de Pivot Tablo Klavye K\u0131sayollar\u0131","isPartOf":{"@id":"https:\/\/exceladvisor.org\/tr\/#website"},"datePublished":"2023-10-18T03:07:27+00:00","dateModified":"2023-12-10T06:02:01+00:00","description":"Bu e\u011fitimde pivot tablolarla kullanabilece\u011finiz klavye k\u0131sayollar\u0131n\u0131 \u00f6\u011frenebilirsiniz.","breadcrumb":{"@id":"https:\/\/exceladvisor.org\/tr\/klavye-kisayollari-1\/#breadcrumb"},"inLanguage":"tr","potentialAction":[{"@type":"ReadAction","target":["https:\/\/exceladvisor.org\/tr\/klavye-kisayollari-1\/"]}]},{"@type":"BreadcrumbList","@id":"https:\/\/exceladvisor.org\/tr\/klavye-kisayollari-1\/#breadcrumb","itemListElement":[{"@type":"ListItem","position":1,"name":"Ev","item":"https:\/\/exceladvisor.org\/tr\/"},{"@type":"ListItem","position":2,"name":"Excel&#39;de pivot tablo klavye k\u0131sayollar\u0131"}]},{"@type":"WebSite","@id":"https:\/\/exceladvisor.org\/tr\/#website","url":"https:\/\/exceladvisor.org\/tr\/","name":"Excel Advisor","description":"Veri hakimiyetine y\u00f6nelik nihai rehberiniz!","publisher":{"@id":"https:\/\/exceladvisor.org\/tr\/#organization"},"potentialAction":[{"@type":"SearchAction","target":{"@type":"EntryPoint","urlTemplate":"https:\/\/exceladvisor.org\/tr\/?s={search_term_string}"},"query-input":{"@type":"PropertyValueSpecification","valueRequired":true,"valueName":"search_term_string"}}],"inLanguage":"tr"},{"@type":"Organization","@id":"https:\/\/exceladvisor.org\/tr\/#organization","name":"Excel Advisor","url":"https:\/\/exceladvisor.org\/tr\/","logo":{"@type":"ImageObject","inLanguage":"tr","@id":"https:\/\/exceladvisor.org\/tr\/#\/schema\/logo\/image\/","url":"https:\/\/exceladvisor.org\/tr\/wp-content\/uploads\/2023\/12\/exceladvisor.org_.png","contentUrl":"https:\/\/exceladvisor.org\/tr\/wp-content\/uploads\/2023\/12\/exceladvisor.org_.png","width":105,"height":36,"caption":"Excel Advisor"},"image":{"@id":"https:\/\/exceladvisor.org\/tr\/#\/schema\/logo\/image\/"}}]}},"yoast_meta":{"yoast_wpseo_title":"","yoast_wpseo_metadesc":"","yoast_wpseo_canonical":""},"_links":{"self":[{"href":"https:\/\/exceladvisor.org\/tr\/wp-json\/wp\/v2\/pages\/2093","targetHints":{"allow":["GET"]}}],"collection":[{"href":"https:\/\/exceladvisor.org\/tr\/wp-json\/wp\/v2\/pages"}],"about":[{"href":"https:\/\/exceladvisor.org\/tr\/wp-json\/wp\/v2\/types\/page"}],"author":[{"embeddable":true,"href":"https:\/\/exceladvisor.org\/tr\/wp-json\/wp\/v2\/users\/1"}],"replies":[{"embeddable":true,"href":"https:\/\/exceladvisor.org\/tr\/wp-json\/wp\/v2\/comments?post=2093"}],"version-history":[{"count":1,"href":"https:\/\/exceladvisor.org\/tr\/wp-json\/wp\/v2\/pages\/2093\/revisions"}],"predecessor-version":[{"id":2572,"href":"https:\/\/exceladvisor.org\/tr\/wp-json\/wp\/v2\/pages\/2093\/revisions\/2572"}],"wp:attachment":[{"href":"https:\/\/exceladvisor.org\/tr\/wp-json\/wp\/v2\/media?parent=2093"}],"curies":[{"name":"wp","href":"https:\/\/api.w.org\/{rel}","templated":true}]}}