{"id":2095,"date":"2023-10-18T00:33:31","date_gmt":"2023-10-18T00:33:31","guid":{"rendered":"https:\/\/exceladvisor.org\/tr\/cizgileri-goster\/"},"modified":"2023-12-10T06:02:18","modified_gmt":"2023-12-10T06:02:18","slug":"cizgileri-goster","status":"publish","type":"page","link":"https:\/\/exceladvisor.org\/tr\/cizgileri-goster\/","title":{"rendered":"Excel&#39;de sat\u0131rlar nas\u0131l g\u00f6r\u00fcnt\u00fclenir?"},"content":{"rendered":"<div class=\"excel-icerikten-once\" id=\"excel-3348948481\"><script type=\"text\/javascript\">\r\n\tatOptions = {\r\n\t\t'key' : 'c1158f160081d6540a8409e6925dab94',\r\n\t\t'format' : 'iframe',\r\n\t\t'height' : 250,\r\n\t\t'width' : 300,\r\n\t\t'params' : {}\r\n\t};\r\n<\/script>\r\n<script type=\"text\/javascript\" src=\"\/\/www.highperformanceformat.com\/c1158f160081d6540a8409e6925dab94\/invoke.js\"><\/script><\/div> <p>Bu e\u011fitim size Excel&#8217;de tek ve \u00e7oklu sat\u0131rlar\u0131n (s\u00fcrekli ve s\u00fcrekli olmayan) nas\u0131l g\u00f6r\u00fcnt\u00fclenece\u011fini \u00f6\u011fretecektir.<\/p><h2 id=\"h-steps-to-unhide-a-single-row\" class=\"wp-block-heading\"> Tek bir sat\u0131r\u0131 g\u00f6r\u00fcnt\u00fcleme ad\u0131mlar\u0131<\/h2><p> A\u015fa\u011f\u0131daki ad\u0131mlar\u0131 kullanabilirsiniz:<\/p><ol type=\"1\"><li> \u00d6ncelikle eksik sat\u0131r numaras\u0131n\u0131 sat\u0131r ba\u015fl\u0131\u011f\u0131nda bulman\u0131z gerekir.<\/li><li> Bundan sonra imlecinizi gizli sat\u0131r numaras\u0131n\u0131n \u00fczerine getirin; size s\u00fcr\u00fckle i\u015faretini g\u00f6sterecektir.<\/li><li> Daha sonra \u00fczerine t\u0131klay\u0131n ve fareyi bas\u0131l\u0131 tutun.<\/li><li> Ve onu tutarak gizli \u00e7izgiyi geni\u015fletin. Bu gizli \u00e7izgiyi g\u00f6rebileceksiniz. <\/li><\/ol><div class=\"wp-block-image\"><figure class=\"aligncenter size-full is-resized\"><img loading=\"lazy\" decoding=\"async\" class=\"wp-image-79053\" src=\"https:\/\/exceladvisor.org\/wp-content\/uploads\/2023\/08\/gif-afficher-une-seule-ligne.gif\" sizes=\"auto, \" srcset=\"\" alt=\"Tek sat\u0131r\u0131 g\u00f6ster\" width=\"571\" height=\"371\"><\/figure><\/div><p> Ancak, sat\u0131rlar aras\u0131ndaki bo\u015flu\u011fa sa\u011f t\u0131klayarak da bu sat\u0131r\u0131 &#8220;g\u00f6sterebilirsiniz&#8221;. <\/p><div class=\"wp-block-image\"><figure class=\"aligncenter size-full is-resized\"><img loading=\"lazy\" decoding=\"async\" class=\"wp-image-79054\" src=\"https:\/\/exceladvisor.org\/wp-content\/uploads\/2023\/08\/1-clic-droit-dessus-1.png\" sizes=\"auto, \" srcset=\"\" alt=\"\u00fczerine sa\u011f t\u0131klay\u0131n\" width=\"284\" height=\"292\"><\/figure><\/div><p> Daha sonra gizli sat\u0131r\u0131 g\u00f6stermek i\u00e7in \u201cG\u00f6ster\u201d se\u00e7ene\u011fine t\u0131klay\u0131n. <\/p><div class=\"wp-block-image\"><figure class=\"aligncenter size-full is-resized\"><img loading=\"lazy\" decoding=\"async\" class=\"wp-image-79055\" src=\"https:\/\/exceladvisor.org\/wp-content\/uploads\/2023\/08\/2-cliquez-sur-afficher-pour-afficher-la-ligne.png\" sizes=\"auto, \" srcset=\"\" alt=\"g\u00f6ster-g\u00f6ster sat\u0131r\u0131na t\u0131klay\u0131n\" width=\"275\" height=\"480\"><\/figure><\/div><h2 id=\"h-unhide-the-multiple-continues-rows\" class=\"wp-block-heading\"> Birden \u00e7ok d\u00fcz \u00e7izgi g\u00f6ster<\/h2><p> Ayn\u0131 anda birden fazla d\u00fcz \u00e7izgi g\u00f6r\u00fcnt\u00fclemek istedi\u011finizde \u015fu ad\u0131mlar\u0131 izleyin:<\/p><ul><li> Yine ilk ad\u0131m, \u00e7al\u0131\u015fma sayfas\u0131ndaki gizli sat\u0131rlar\u0131n aral\u0131\u011f\u0131n\u0131 bulmakt\u0131r. <\/li><\/ul><div class=\"wp-block-image\"><figure class=\"aligncenter size-full is-resized\"><img loading=\"lazy\" decoding=\"async\" class=\"wp-image-79056\" src=\"https:\/\/exceladvisor.org\/wp-content\/uploads\/2023\/08\/3-lignes-multiples-manquantes.png\" sizes=\"auto, \" srcset=\"\" alt=\"birden fazla sat\u0131r eksik\" width=\"543\" height=\"204\"><\/figure><\/div><ul><li> Gelecekte, gizli sat\u0131rlar\u0131n \u00fczerindeki tek sat\u0131r\u0131 se\u00e7in, ard\u0131ndan sat\u0131r ba\u015fl\u0131\u011f\u0131ndan gizli sat\u0131rlar\u0131n alt\u0131ndaki ba\u015fka bir sat\u0131r\u0131 se\u00e7mek i\u00e7in Shift tu\u015funu bas\u0131l\u0131 tutun. <\/li><\/ul><div class=\"wp-block-image\"><figure class=\"aligncenter size-full is-resized\"><img loading=\"lazy\" decoding=\"async\" class=\"wp-image-79057\" src=\"https:\/\/exceladvisor.org\/wp-content\/uploads\/2023\/08\/4-au-dessus-et-au-dessous-de-la-ligne.png\" sizes=\"auto, \" srcset=\"\" alt=\"sat\u0131r\u0131n \u00fcst\u00fcn\u00fc ve alt\u0131n\u0131 se\u00e7\" width=\"558\" height=\"236\"><\/figure><\/div><ul><li> Daha sonra se\u00e7ilen sat\u0131rlardan herhangi birine sa\u011f t\u0131klay\u0131n ve oradan \u201cG\u00f6ster\u201d se\u00e7ene\u011fini se\u00e7in. <\/li><\/ul><div class=\"wp-block-image\"><figure class=\"aligncenter size-full is-resized\"><img loading=\"lazy\" decoding=\"async\" class=\"wp-image-79058\" src=\"https:\/\/exceladvisor.org\/wp-content\/uploads\/2023\/08\/5-clic-droit-et-afficher.png\" sizes=\"auto, \" srcset=\"\" alt=\"sa\u011f t\u0131klay\u0131n ve g\u00f6r\u00fcnt\u00fcleyin\" width=\"436\" height=\"504\"><\/figure><\/div><ul><li> Art\u0131k birden fazla gizli sat\u0131r gizlendi\u011finde t\u00fcm veriler sayfada g\u00f6r\u00fclebilir. <\/li><\/ul><div class=\"wp-block-image\"><figure class=\"aligncenter size-full is-resized\"><img loading=\"lazy\" decoding=\"async\" class=\"wp-image-79059\" src=\"https:\/\/exceladvisor.org\/wp-content\/uploads\/2023\/08\/6-toutes-les-lignes-masquees.png\" sizes=\"auto, \" srcset=\"\" alt=\"t\u00fcm sat\u0131rlar gizlendi\" width=\"553\" height=\"339\"><\/figure><\/div><p class=\"mynote\"> Birden fazla sat\u0131r aras\u0131ndaki tek gizli sat\u0131r\u0131 g\u00f6r\u00fcnt\u00fclemek istiyorsan\u0131z imleci gizli sat\u0131r ba\u015fl\u0131\u011f\u0131n\u0131n \u00fczerine getirin. Bundan sonra, \u00fczerine \u00e7ift t\u0131klay\u0131n; size daha \u00f6nce gizlenmi\u015f olan tek sat\u0131r\u0131 g\u00f6sterecektir. Bu \u015fekilde sat\u0131rlar\u0131 tek tek g\u00f6r\u00fcnt\u00fcleyebilirsiniz.<\/p><h2 id=\"h-unhide-all-rows-from-the-worksheet\" class=\"wp-block-heading\"> \u00c7al\u0131\u015fma sayfas\u0131ndaki t\u00fcm sat\u0131rlar\u0131 g\u00f6ster<\/h2><p> T\u00fcm e-tablonun t\u00fcm sat\u0131rlar\u0131n\u0131 g\u00f6r\u00fcnt\u00fclemek olduk\u00e7a ilgin\u00e7tir. \u00c7\u00fcnk\u00fc zamandan ve emekten tasarruf sa\u011flar. A\u015fa\u011f\u0131daki ad\u0131mlar\u0131 kullanabilirsiniz:<\/p><ul><li> \u00d6ncelikle ba\u015fl\u0131ktaki t\u00fcm gizli sat\u0131rlar\u0131 taray\u0131n. <\/li><\/ul><div class=\"wp-block-image\"><figure class=\"aligncenter size-full is-resized\"><img loading=\"lazy\" decoding=\"async\" class=\"wp-image-79060\" src=\"https:\/\/exceladvisor.org\/wp-content\/uploads\/2023\/08\/7-toutes-les-lignes-masquees-de-la-feuille.png\" sizes=\"auto, \" srcset=\"\" alt=\"sayfadaki t\u00fcm gizli sat\u0131rlar\" width=\"638\" height=\"213\"><\/figure><\/div><ul><li> Bundan sonra <a href=\"https:\/\/exceladvisor.org\/tr\/kurdele\/\">Excel \u015feridi<\/a> \u21e2 Ana sayfa sekmesi \u21e2 Bi\u00e7im&#8217;e gidin. <\/li><\/ul><div class=\"wp-block-image\"><figure class=\"aligncenter size-full is-resized\"><img loading=\"lazy\" decoding=\"async\" class=\"wp-image-79061\" src=\"https:\/\/exceladvisor.org\/wp-content\/uploads\/2023\/08\/8-cliquez-sur-format-selectionner-masquer-afficher.png\" sizes=\"auto, \" srcset=\"\" alt=\"bi\u00e7imlendirmeyi t\u0131kla-se\u00e7-gizle-g\u00f6ster\" width=\"772\" height=\"429\"><\/figure><\/div><ul><li> Ard\u0131ndan, sayfan\u0131n tamam\u0131n\u0131 se\u00e7in ve &#8220;Gizle ve G\u00f6ster&#8221; a\u00e7\u0131l\u0131r listesindeki Sat\u0131rlar\u0131 G\u00f6ster se\u00e7ene\u011fini t\u0131klay\u0131n. <\/li><\/ul><div class=\"wp-block-image\"><figure class=\"aligncenter size-full is-resized\"><img loading=\"lazy\" decoding=\"async\" class=\"wp-image-79062\" src=\"https:\/\/exceladvisor.org\/wp-content\/uploads\/2023\/08\/9-selectionnez-la-feuille-entiere-cliquez-sur-afficher-les-lignes.png\" sizes=\"auto, \" srcset=\"\" alt=\"sayfan\u0131n tamam\u0131n\u0131 se\u00e7-t\u0131klay\u0131n-sat\u0131rlar\u0131-g\u00f6ster\" width=\"356\" height=\"448\"><\/figure><\/div><ul><li> \u00dczerine t\u0131klad\u0131\u011f\u0131n\u0131zda, \u00e7al\u0131\u015fma sayfas\u0131ndaki t\u00fcm gizli sat\u0131rlar\u0131 kurtaracaks\u0131n\u0131z. <\/li><\/ul><div class=\"wp-block-image\"><figure class=\"aligncenter size-full is-resized\"><img loading=\"lazy\" decoding=\"async\" class=\"wp-image-79063\" src=\"https:\/\/exceladvisor.org\/wp-content\/uploads\/2023\/08\/10-toutes-les-lignes-disponibles.png\" sizes=\"auto, \" srcset=\"\" alt=\"t\u00fcm hatlarda mevcut\" width=\"433\" height=\"306\"><\/figure><\/div><div class=\"gb-container gb-container-4db6181c gb-container-mt\"> <a class=\"gb-button gb-button-c5897111 gb-button-text gb-button-mt-button\" href=\"https:\/\/exceladvisor.org\/tr\/excelin-temelleri\/\">Microsoft Excel Temelleri (Bile\u015fenler, Par\u00e7alar ve Bilgi Notlar\u0131)<\/a><h2 class=\"gb-headline gb-headline-665e5f6b gb-headline-text gb-headline-mt-heading\"> \u0130lgili e\u011fitimler <\/h2><div class=\"gb-grid-wrapper gb-grid-wrapper-a20baf7c gb-grid-wrapper-mt-grid\"><div class=\"gb-grid-column gb-grid-column-50067b57\"><div class=\"gb-container gb-container-50067b57\"><ul><li> <a href=\"https:\/\/exceladvisor.org\/tr\/satirlari-sil\/\">Excel&#8217;de bir sat\u0131r\u0131 veya birden \u00e7ok sat\u0131r\u0131 silme<\/a><\/li><li> <a href=\"https:\/\/exceladvisor.org\/tr\/sutunu-kopyala\/\">Excel&#8217;de bir s\u00fctunu kopyalay\u0131p yap\u0131\u015ft\u0131r\u0131n<\/a><\/li><li> <a href=\"https:\/\/exceladvisor.org\/tr\/satir-sutununu-tasi\/\">Excel&#8217;de bir sat\u0131r\u0131 ve s\u00fctunu ta\u015f\u0131ma<\/a><\/li><li> <a href=\"https:\/\/exceladvisor.org\/tr\/sutun-genisligi\/\">Excel&#8217;de s\u00fctun geni\u015flikleri nas\u0131l de\u011fi\u015ftirilir?<\/a><\/li><li> <a href=\"https:\/\/exceladvisor.org\/tr\/hucreyi-degistir\/\">Excel&#8217;de \u0130ki H\u00fccreyi H\u0131zla De\u011fi\u015ftirin<\/a><\/li><\/ul><\/div><\/div><\/div><\/div>","protected":false},"excerpt":{"rendered":"","protected":false},"author":1,"featured_media":0,"parent":0,"menu_order":0,"comment_status":"open","ping_status":"closed","template":"","meta":{"ub_ctt_via":"","footnotes":""},"class_list":["post-2095","page","type-page","status-publish","hentry"],"featured_image_src":null,"yoast_head":"<!-- This site is optimized with the Yoast SEO plugin v25.4 - https:\/\/yoast.com\/wordpress\/plugins\/seo\/ -->\n<title>Excel&#039;de sat\u0131rlar nas\u0131l g\u00f6r\u00fcnt\u00fclenir? \u2013 Excel Dan\u0131\u015fman\u0131<\/title>\n<meta name=\"description\" content=\"Bu, bir sayfada sat\u0131rlar\u0131n (tek + t\u00fcm sat\u0131rlar) nas\u0131l g\u00f6r\u00fcnt\u00fclenece\u011fini \u00f6\u011frenmek i\u00e7in temel bir Microsoft Excel \u00f6\u011freticisidir.\" \/>\n<meta name=\"robots\" content=\"index, follow, max-snippet:-1, max-image-preview:large, max-video-preview:-1\" \/>\n<link rel=\"canonical\" href=\"https:\/\/exceladvisor.org\/tr\/cizgileri-goster\/\" \/>\n<meta property=\"og:locale\" content=\"tr_TR\" \/>\n<meta property=\"og:type\" content=\"article\" \/>\n<meta property=\"og:title\" content=\"Excel&#039;de sat\u0131rlar nas\u0131l g\u00f6r\u00fcnt\u00fclenir? \u2013 Excel Dan\u0131\u015fman\u0131\" \/>\n<meta property=\"og:description\" content=\"Bu, bir sayfada sat\u0131rlar\u0131n (tek + t\u00fcm sat\u0131rlar) nas\u0131l g\u00f6r\u00fcnt\u00fclenece\u011fini \u00f6\u011frenmek i\u00e7in temel bir Microsoft Excel \u00f6\u011freticisidir.\" \/>\n<meta property=\"og:url\" content=\"https:\/\/exceladvisor.org\/tr\/cizgileri-goster\/\" \/>\n<meta property=\"og:site_name\" content=\"Excel Advisor\" \/>\n<meta property=\"article:modified_time\" content=\"2023-12-10T06:02:18+00:00\" \/>\n<meta property=\"og:image\" content=\"https:\/\/exceladvisor.org\/wp-content\/uploads\/2023\/08\/gif-afficher-une-seule-ligne.gif\" \/>\n<meta name=\"twitter:card\" content=\"summary_large_image\" \/>\n<meta name=\"twitter:label1\" content=\"Tahmini okuma s\u00fcresi\" \/>\n\t<meta name=\"twitter:data1\" content=\"2 dakika\" \/>\n<script type=\"application\/ld+json\" class=\"yoast-schema-graph\">{\"@context\":\"https:\/\/schema.org\",\"@graph\":[{\"@type\":\"WebPage\",\"@id\":\"https:\/\/exceladvisor.org\/tr\/cizgileri-goster\/\",\"url\":\"https:\/\/exceladvisor.org\/tr\/cizgileri-goster\/\",\"name\":\"Excel&#39;de sat\u0131rlar nas\u0131l g\u00f6r\u00fcnt\u00fclenir? \u2013 Excel Dan\u0131\u015fman\u0131\",\"isPartOf\":{\"@id\":\"https:\/\/exceladvisor.org\/tr\/#website\"},\"primaryImageOfPage\":{\"@id\":\"https:\/\/exceladvisor.org\/tr\/cizgileri-goster\/#primaryimage\"},\"image\":{\"@id\":\"https:\/\/exceladvisor.org\/tr\/cizgileri-goster\/#primaryimage\"},\"thumbnailUrl\":\"https:\/\/exceladvisor.org\/wp-content\/uploads\/2023\/08\/gif-afficher-une-seule-ligne.gif\",\"datePublished\":\"2023-10-18T00:33:31+00:00\",\"dateModified\":\"2023-12-10T06:02:18+00:00\",\"description\":\"Bu, bir sayfada sat\u0131rlar\u0131n (tek + t\u00fcm sat\u0131rlar) nas\u0131l g\u00f6r\u00fcnt\u00fclenece\u011fini \u00f6\u011frenmek i\u00e7in temel bir Microsoft Excel \u00f6\u011freticisidir.\",\"breadcrumb\":{\"@id\":\"https:\/\/exceladvisor.org\/tr\/cizgileri-goster\/#breadcrumb\"},\"inLanguage\":\"tr\",\"potentialAction\":[{\"@type\":\"ReadAction\",\"target\":[\"https:\/\/exceladvisor.org\/tr\/cizgileri-goster\/\"]}]},{\"@type\":\"ImageObject\",\"inLanguage\":\"tr\",\"@id\":\"https:\/\/exceladvisor.org\/tr\/cizgileri-goster\/#primaryimage\",\"url\":\"https:\/\/exceladvisor.org\/wp-content\/uploads\/2023\/08\/gif-afficher-une-seule-ligne.gif\",\"contentUrl\":\"https:\/\/exceladvisor.org\/wp-content\/uploads\/2023\/08\/gif-afficher-une-seule-ligne.gif\"},{\"@type\":\"BreadcrumbList\",\"@id\":\"https:\/\/exceladvisor.org\/tr\/cizgileri-goster\/#breadcrumb\",\"itemListElement\":[{\"@type\":\"ListItem\",\"position\":1,\"name\":\"Ev\",\"item\":\"https:\/\/exceladvisor.org\/tr\/\"},{\"@type\":\"ListItem\",\"position\":2,\"name\":\"Excel&#39;de sat\u0131rlar nas\u0131l g\u00f6r\u00fcnt\u00fclenir?\"}]},{\"@type\":\"WebSite\",\"@id\":\"https:\/\/exceladvisor.org\/tr\/#website\",\"url\":\"https:\/\/exceladvisor.org\/tr\/\",\"name\":\"Excel Advisor\",\"description\":\"Veri hakimiyetine y\u00f6nelik nihai rehberiniz!\",\"publisher\":{\"@id\":\"https:\/\/exceladvisor.org\/tr\/#organization\"},\"potentialAction\":[{\"@type\":\"SearchAction\",\"target\":{\"@type\":\"EntryPoint\",\"urlTemplate\":\"https:\/\/exceladvisor.org\/tr\/?s={search_term_string}\"},\"query-input\":{\"@type\":\"PropertyValueSpecification\",\"valueRequired\":true,\"valueName\":\"search_term_string\"}}],\"inLanguage\":\"tr\"},{\"@type\":\"Organization\",\"@id\":\"https:\/\/exceladvisor.org\/tr\/#organization\",\"name\":\"Excel Advisor\",\"url\":\"https:\/\/exceladvisor.org\/tr\/\",\"logo\":{\"@type\":\"ImageObject\",\"inLanguage\":\"tr\",\"@id\":\"https:\/\/exceladvisor.org\/tr\/#\/schema\/logo\/image\/\",\"url\":\"https:\/\/exceladvisor.org\/tr\/wp-content\/uploads\/2023\/12\/exceladvisor.org_.png\",\"contentUrl\":\"https:\/\/exceladvisor.org\/tr\/wp-content\/uploads\/2023\/12\/exceladvisor.org_.png\",\"width\":105,\"height\":36,\"caption\":\"Excel Advisor\"},\"image\":{\"@id\":\"https:\/\/exceladvisor.org\/tr\/#\/schema\/logo\/image\/\"}}]}<\/script>\n<!-- \/ Yoast SEO plugin. -->","yoast_head_json":{"title":"Excel&#39;de sat\u0131rlar nas\u0131l g\u00f6r\u00fcnt\u00fclenir? \u2013 Excel Dan\u0131\u015fman\u0131","description":"Bu, bir sayfada sat\u0131rlar\u0131n (tek + t\u00fcm sat\u0131rlar) nas\u0131l g\u00f6r\u00fcnt\u00fclenece\u011fini \u00f6\u011frenmek i\u00e7in temel bir Microsoft Excel \u00f6\u011freticisidir.","robots":{"index":"index","follow":"follow","max-snippet":"max-snippet:-1","max-image-preview":"max-image-preview:large","max-video-preview":"max-video-preview:-1"},"canonical":"https:\/\/exceladvisor.org\/tr\/cizgileri-goster\/","og_locale":"tr_TR","og_type":"article","og_title":"Excel&#39;de sat\u0131rlar nas\u0131l g\u00f6r\u00fcnt\u00fclenir? \u2013 Excel Dan\u0131\u015fman\u0131","og_description":"Bu, bir sayfada sat\u0131rlar\u0131n (tek + t\u00fcm sat\u0131rlar) nas\u0131l g\u00f6r\u00fcnt\u00fclenece\u011fini \u00f6\u011frenmek i\u00e7in temel bir Microsoft Excel \u00f6\u011freticisidir.","og_url":"https:\/\/exceladvisor.org\/tr\/cizgileri-goster\/","og_site_name":"Excel Advisor","article_modified_time":"2023-12-10T06:02:18+00:00","og_image":[{"url":"https:\/\/exceladvisor.org\/wp-content\/uploads\/2023\/08\/gif-afficher-une-seule-ligne.gif","type":"","width":"","height":""}],"twitter_card":"summary_large_image","twitter_misc":{"Tahmini okuma s\u00fcresi":"2 dakika"},"schema":{"@context":"https:\/\/schema.org","@graph":[{"@type":"WebPage","@id":"https:\/\/exceladvisor.org\/tr\/cizgileri-goster\/","url":"https:\/\/exceladvisor.org\/tr\/cizgileri-goster\/","name":"Excel&#39;de sat\u0131rlar nas\u0131l g\u00f6r\u00fcnt\u00fclenir? \u2013 Excel Dan\u0131\u015fman\u0131","isPartOf":{"@id":"https:\/\/exceladvisor.org\/tr\/#website"},"primaryImageOfPage":{"@id":"https:\/\/exceladvisor.org\/tr\/cizgileri-goster\/#primaryimage"},"image":{"@id":"https:\/\/exceladvisor.org\/tr\/cizgileri-goster\/#primaryimage"},"thumbnailUrl":"https:\/\/exceladvisor.org\/wp-content\/uploads\/2023\/08\/gif-afficher-une-seule-ligne.gif","datePublished":"2023-10-18T00:33:31+00:00","dateModified":"2023-12-10T06:02:18+00:00","description":"Bu, bir sayfada sat\u0131rlar\u0131n (tek + t\u00fcm sat\u0131rlar) nas\u0131l g\u00f6r\u00fcnt\u00fclenece\u011fini \u00f6\u011frenmek i\u00e7in temel bir Microsoft Excel \u00f6\u011freticisidir.","breadcrumb":{"@id":"https:\/\/exceladvisor.org\/tr\/cizgileri-goster\/#breadcrumb"},"inLanguage":"tr","potentialAction":[{"@type":"ReadAction","target":["https:\/\/exceladvisor.org\/tr\/cizgileri-goster\/"]}]},{"@type":"ImageObject","inLanguage":"tr","@id":"https:\/\/exceladvisor.org\/tr\/cizgileri-goster\/#primaryimage","url":"https:\/\/exceladvisor.org\/wp-content\/uploads\/2023\/08\/gif-afficher-une-seule-ligne.gif","contentUrl":"https:\/\/exceladvisor.org\/wp-content\/uploads\/2023\/08\/gif-afficher-une-seule-ligne.gif"},{"@type":"BreadcrumbList","@id":"https:\/\/exceladvisor.org\/tr\/cizgileri-goster\/#breadcrumb","itemListElement":[{"@type":"ListItem","position":1,"name":"Ev","item":"https:\/\/exceladvisor.org\/tr\/"},{"@type":"ListItem","position":2,"name":"Excel&#39;de sat\u0131rlar nas\u0131l g\u00f6r\u00fcnt\u00fclenir?"}]},{"@type":"WebSite","@id":"https:\/\/exceladvisor.org\/tr\/#website","url":"https:\/\/exceladvisor.org\/tr\/","name":"Excel Advisor","description":"Veri hakimiyetine y\u00f6nelik nihai rehberiniz!","publisher":{"@id":"https:\/\/exceladvisor.org\/tr\/#organization"},"potentialAction":[{"@type":"SearchAction","target":{"@type":"EntryPoint","urlTemplate":"https:\/\/exceladvisor.org\/tr\/?s={search_term_string}"},"query-input":{"@type":"PropertyValueSpecification","valueRequired":true,"valueName":"search_term_string"}}],"inLanguage":"tr"},{"@type":"Organization","@id":"https:\/\/exceladvisor.org\/tr\/#organization","name":"Excel Advisor","url":"https:\/\/exceladvisor.org\/tr\/","logo":{"@type":"ImageObject","inLanguage":"tr","@id":"https:\/\/exceladvisor.org\/tr\/#\/schema\/logo\/image\/","url":"https:\/\/exceladvisor.org\/tr\/wp-content\/uploads\/2023\/12\/exceladvisor.org_.png","contentUrl":"https:\/\/exceladvisor.org\/tr\/wp-content\/uploads\/2023\/12\/exceladvisor.org_.png","width":105,"height":36,"caption":"Excel Advisor"},"image":{"@id":"https:\/\/exceladvisor.org\/tr\/#\/schema\/logo\/image\/"}}]}},"yoast_meta":{"yoast_wpseo_title":"","yoast_wpseo_metadesc":"","yoast_wpseo_canonical":""},"_links":{"self":[{"href":"https:\/\/exceladvisor.org\/tr\/wp-json\/wp\/v2\/pages\/2095","targetHints":{"allow":["GET"]}}],"collection":[{"href":"https:\/\/exceladvisor.org\/tr\/wp-json\/wp\/v2\/pages"}],"about":[{"href":"https:\/\/exceladvisor.org\/tr\/wp-json\/wp\/v2\/types\/page"}],"author":[{"embeddable":true,"href":"https:\/\/exceladvisor.org\/tr\/wp-json\/wp\/v2\/users\/1"}],"replies":[{"embeddable":true,"href":"https:\/\/exceladvisor.org\/tr\/wp-json\/wp\/v2\/comments?post=2095"}],"version-history":[{"count":1,"href":"https:\/\/exceladvisor.org\/tr\/wp-json\/wp\/v2\/pages\/2095\/revisions"}],"predecessor-version":[{"id":2589,"href":"https:\/\/exceladvisor.org\/tr\/wp-json\/wp\/v2\/pages\/2095\/revisions\/2589"}],"wp:attachment":[{"href":"https:\/\/exceladvisor.org\/tr\/wp-json\/wp\/v2\/media?parent=2095"}],"curies":[{"name":"wp","href":"https:\/\/api.w.org\/{rel}","templated":true}]}}