{"id":2096,"date":"2023-10-17T21:47:55","date_gmt":"2023-10-17T21:47:55","guid":{"rendered":"https:\/\/exceladvisor.org\/tr\/ilk-satirin-basligini-olustur\/"},"modified":"2023-12-10T06:01:14","modified_gmt":"2023-12-10T06:01:14","slug":"ilk-satirin-basligini-olustur","status":"publish","type":"page","link":"https:\/\/exceladvisor.org\/tr\/ilk-satirin-basligini-olustur\/","title":{"rendered":"Excel&#39;de ilk sat\u0131r ba\u015fl\u0131\u011f\u0131 nas\u0131l olu\u015fturulur?"},"content":{"rendered":"<div class=\"excel-icerikten-once\" id=\"excel-2427498925\"><script type=\"text\/javascript\">\r\n\tatOptions = {\r\n\t\t'key' : 'c1158f160081d6540a8409e6925dab94',\r\n\t\t'format' : 'iframe',\r\n\t\t'height' : 250,\r\n\t\t'width' : 300,\r\n\t\t'params' : {}\r\n\t};\r\n<\/script>\r\n<script type=\"text\/javascript\" src=\"\/\/www.highperformanceformat.com\/c1158f160081d6540a8409e6925dab94\/invoke.js\"><\/script><\/div> <p>Excel&#8217;de ba\u015fl\u0131klar veri yap\u0131s\u0131n\u0131n \u00e7ok \u00f6nemli bir par\u00e7as\u0131d\u0131r ve verilerin okunmas\u0131n\u0131 ve anla\u015f\u0131lmas\u0131n\u0131 kolayla\u015ft\u0131r\u0131r.<\/p><p> Bu, kullan\u0131c\u0131lar\u0131n ba\u015fl\u0131k adlar\u0131na g\u00f6re h\u00fccrelerin farkl\u0131 s\u00fctunlar alt\u0131nda ne t\u00fcr verilere sahip olaca\u011f\u0131n\u0131 anlamalar\u0131na yard\u0131mc\u0131 olur.<\/p><p> Dolay\u0131s\u0131yla Excel&#8217;de \u00e7al\u0131\u015fan herkes, veri k\u00fcmenizin ilk sat\u0131r\u0131n\u0131n ba\u015fl\u0131k sat\u0131r\u0131 olmas\u0131n\u0131n \u00f6nemini bilir.<\/p><p> Bu e\u011fitimde verilerinizin ilk sat\u0131r\u0131n\u0131 nas\u0131l ba\u015fl\u0131k sat\u0131r\u0131 haline getirece\u011finiz a\u00e7\u0131klanmaktad\u0131r.<\/p><h2 class=\"wp-block-heading\"> Dondurma Se\u00e7ene\u011fini Kullanarak \u0130lk Sat\u0131r\u0131 Ba\u015fl\u0131k Sat\u0131r\u0131 Yapma Ad\u0131mlar\u0131<\/h2><p> Veri k\u00fcmesindeki ilk sat\u0131ra Freeze uyguland\u0131\u011f\u0131nda ilk sat\u0131r ba\u015fl\u0131k sat\u0131r\u0131 olarak dondurulur, \u00e7al\u0131\u015fma sayfas\u0131nda a\u015fa\u011f\u0131 kayd\u0131rd\u0131\u011f\u0131n\u0131zda ise ilk ba\u015fl\u0131k sat\u0131r\u0131 dondurulur. kafa her zaman g\u00f6r\u00fcn\u00fcr olacakt\u0131r.<\/p><ol><li> \u0130lk olarak, ilk sat\u0131r\u0131 ba\u015fl\u0131k sat\u0131r\u0131 olarak dondurmak istedi\u011finiz e-tablodaki verileri a\u00e7\u0131n.<\/li><li> Bundan sonra, \u201cG\u00f6r\u00fcn\u00fcm\u201d sekmesine gidin ve \u201cB\u00f6lmeleri Dondur\u201d simgesine t\u0131klay\u0131n, ard\u0131ndan a\u00e7\u0131l\u0131r men\u00fcden \u201c\u00dcst Sat\u0131r\u0131 Dondur\u201d se\u00e7ene\u011fine t\u0131klay\u0131n.<\/li><li> Veya do\u011frudan \u201c\u00dcst Sat\u0131r\u0131 Dondur\u201d se\u00e7ene\u011fini se\u00e7mek i\u00e7in \u201cAlt \u2192 W \u2192 F \u2192 R\u201d klavye k\u0131sayolunu kullan\u0131n.<\/li><li> \u015eu anda, ilk sat\u0131r\u0131n\u0131z ba\u015fl\u0131k sat\u0131r\u0131 olarak dondurulmu\u015ftur ve Excel sayfas\u0131n\u0131 a\u015fa\u011f\u0131 kayd\u0131rd\u0131\u011f\u0131n\u0131zda ba\u015fl\u0131klar her zaman g\u00f6r\u00fcn\u00fcr olacakt\u0131r. <\/li><\/ol><div class=\"wp-block-image\"><figure class=\"aligncenter size-full is-resized\"><img loading=\"lazy\" decoding=\"async\" class=\"wp-image-80423\" src=\"https:\/\/exceladvisor.org\/wp-content\/uploads\/2023\/08\/1-figer-la-rangee-du-haut.png\" sizes=\"auto, \" srcset=\"\" alt=\"\u00fcst sat\u0131r\u0131 dondur\" width=\"785\" height=\"331\"><\/figure><\/div><h2 class=\"wp-block-heading\"> \u0130lk sat\u0131r\u0131 ba\u015fl\u0131k sat\u0131r\u0131 yapmak i\u00e7in verileri tablo format\u0131na d\u00f6n\u00fc\u015ft\u00fcr\u00fcn<\/h2><p> A\u015fa\u011f\u0131daki ad\u0131mlar\u0131 izleyerek veri k\u00fcmenizi tablo format\u0131na d\u00f6n\u00fc\u015ft\u00fcrebilir ve ilk sat\u0131r\u0131 ba\u015fl\u0131k sat\u0131r\u0131 haline getirebilirsiniz:<\/p><ol><li> \u00d6ncelikle verilerdeki herhangi bir h\u00fccreye gidin ve ard\u0131ndan \u201cGiri\u015f\u201d sekmesine gidin.<\/li><li> Bundan sonra \u201cTablo Olarak Bi\u00e7imlendir\u201d simgesine t\u0131klay\u0131n ve tablo format\u0131 tasar\u0131m\u0131n\u0131 se\u00e7in. <br><img loading=\"lazy\" decoding=\"async\" title=\"2 formatl\u0131 tablo a\u00e7\u0131l\u0131r listesi\" src=\"https:\/\/exceladvisor.org\/wp-content\/uploads\/2023\/08\/2-format-de-tableau-deroulant.png\" sizes=\"auto, \" srcset=\"\" alt=\"table-format-drop-down\" width=\"819\" height=\"317\"><\/li><li> Tablo format\u0131n\u0131 se\u00e7ti\u011finizde veya \u201cCtrl + T\u201d klavye k\u0131sayoluna ayn\u0131 anda bast\u0131\u011f\u0131n\u0131zda \u201cTablo Olu\u015ftur\u201d ileti\u015fim kutusu a\u00e7\u0131l\u0131r.<\/li><li> Art\u0131k veri aral\u0131\u011f\u0131n\u0131z\u0131n otomatik olarak se\u00e7ildi\u011fini g\u00f6receksiniz ve sadece \u201cTablomda ba\u015fl\u0131klar var\u201d se\u00e7ene\u011fini se\u00e7ip Tamam&#8217;a t\u0131klaman\u0131z yeterli. <br><img loading=\"lazy\" decoding=\"async\" title=\"3 tablolu olu\u015fturma ileti\u015fim kutusu\" src=\"https:\/\/exceladvisor.org\/wp-content\/uploads\/2023\/08\/3-creer-une-boite-de-dialogue-de-table.png\" sizes=\"auto, \" srcset=\"\" alt=\"create-table-dialog-box\" width=\"671\" height=\"240\"><\/li><li> \u015eu anda veriler, filtre simgeleriyle birlikte ilk sat\u0131r\u0131n ba\u015fl\u0131k sat\u0131r\u0131 oldu\u011fu tablo bi\u00e7imine d\u00f6n\u00fc\u015ft\u00fcr\u00fclecektir. <br><img loading=\"lazy\" decoding=\"async\" title=\"4-ba\u015fl\u0131k sat\u0131r\u0131 olarak ilk sat\u0131r\" src=\"https:\/\/exceladvisor.org\/wp-content\/uploads\/2023\/08\/4-premiere-ligne-comme-ligne-den-tete.png\" sizes=\"auto, \" srcset=\"\" alt=\"first-row-as-header-row\" width=\"478\" height=\"233\"><\/li><\/ol><h2 class=\"wp-block-heading\"> Power Query d\u00fczenleyicisini kullanarak ilk sat\u0131r\u0131 ba\u015fl\u0131k sat\u0131r\u0131 olarak se\u00e7in<\/h2><p> A\u015fa\u011f\u0131daki ad\u0131mlar\u0131 izleyerek veri k\u00fcmenizin ilk sat\u0131r\u0131n\u0131 ba\u015fl\u0131k sat\u0131r\u0131 yapmak i\u00e7in Power Query d\u00fczenleyicisini kullanabilirsiniz:<\/p><ol><li> \u00d6ncelikle veri k\u00fcmesindeki herhangi bir h\u00fccreye gidin, \u201cVeri\u201d sekmesine gidin ve \u201cTablodan\/Aral\u0131ktan\u201d se\u00e7ene\u011fine t\u0131klay\u0131n. <br><img loading=\"lazy\" decoding=\"async\" title=\"5-get-tablo aral\u0131\u011f\u0131\" src=\"https:\/\/exceladvisor.org\/wp-content\/uploads\/2023\/08\/5-obtenir-la-plage-de-la-table.png\" sizes=\"auto, \" srcset=\"\" alt=\"get-table-range\" width=\"429\" height=\"381\"><\/li><li> Bundan sonra, veri k\u00fcmenizin tamam\u0131n\u0131 kaps\u0131yorsa se\u00e7ilen aral\u0131\u011fa bak\u0131n, ard\u0131ndan \u201cTablomda ba\u015fl\u0131klar var\u201d se\u00e7ene\u011finin se\u00e7imini kald\u0131r\u0131n ve Tamam&#8217;a t\u0131klay\u0131n. <br><img loading=\"lazy\" decoding=\"async\" title=\"6-a-masam\u0131n-ba\u015fl\u0131klar\u0131-sahip-se\u00e7ene\u011fi\" src=\"https:\/\/exceladvisor.org\/wp-content\/uploads\/2023\/08\/6-deselectionnez-loption-mon-tableau-a-des-en-tetes.png\" sizes=\"auto, \" srcset=\"\" alt=\"un-select-my-table-has-headers-option\" width=\"619\" height=\"215\"><\/li><li> \u015eimdi, \u201cGiri\u015f\u201d sekmesinin alt\u0131nda, \u201c\u0130lk sat\u0131r\u0131 ba\u015fl\u0131k olarak kullan\u201d a\u00e7\u0131l\u0131r simgesine t\u0131klay\u0131n ve ard\u0131ndan ilk se\u00e7ene\u011fi \u201c\u0130lk sat\u0131r\u0131 ba\u015fl\u0131k olarak kullan\u201d se\u00e7ene\u011fini se\u00e7in. <br><img loading=\"lazy\" decoding=\"async\" title=\"7-ba\u015fl\u0131k olarak ilk sat\u0131r\u0131 kullan\u0131n\" src=\"https:\/\/exceladvisor.org\/wp-content\/uploads\/2023\/08\/7-utiliser-la-premiere-ligne-comme-en-tetes.png\" sizes=\"auto, \" srcset=\"\" alt=\"use-first-row-as-headers\" width=\"705\" height=\"405\"><\/li><li> \u201c\u0130lk sat\u0131r\u0131 ba\u015fl\u0131k olarak kullan\u201d se\u00e7ene\u011fine t\u0131klad\u0131\u011f\u0131n\u0131zda, verilerinizin ilk sat\u0131r\u0131 ba\u015fl\u0131\u011fa d\u00f6n\u00fc\u015ft\u00fcr\u00fclecektir. <br><img loading=\"lazy\" decoding=\"async\" title=\"8-ilk sat\u0131r\u0131 ba\u015fl\u0131k olarak d\u00f6n\u00fc\u015ft\u00fcr\u00fcn\" src=\"https:\/\/exceladvisor.org\/wp-content\/uploads\/2023\/08\/8-convertir-la-premiere-ligne-en-en-tetes.png\" sizes=\"auto, \" srcset=\"\" alt=\"convert-first-row-as-headers\" width=\"493\" height=\"244\"><\/li><li> En sonunda \u201cKapat ve Y\u00fckle\u201d simgesine t\u0131klay\u0131n ve ard\u0131ndan a\u00e7\u0131l\u0131r men\u00fcden \u201cKapat ve Y\u00fckle\u201d se\u00e7ene\u011fine t\u0131klay\u0131n. <br><img loading=\"lazy\" decoding=\"async\" title=\"9-se\u00e7-kapat-y\u00fck simgesi\" src=\"https:\/\/exceladvisor.org\/wp-content\/uploads\/2023\/08\/9-choisissez-fermer-licone-de-chargement.png\" sizes=\"auto, \" srcset=\"\" alt=\"choose-close-&amp;-load-icon\" width=\"486\" height=\"208\"><\/li><li> \u201cKapat ve Y\u00fckle\u201d se\u00e7ene\u011fine t\u0131klad\u0131\u011f\u0131n\u0131zda, verileriniz ayn\u0131 \u00e7al\u0131\u015fma kitab\u0131ndaki ilk sat\u0131r\u0131 ba\u015fl\u0131k olacak \u015fekilde yeni bir sayfaya aktar\u0131lacakt\u0131r. <br><img loading=\"lazy\" decoding=\"async\" title=\"Ba\u015fl\u0131k olarak ilk sat\u0131rda 10 veri\" src=\"https:\/\/exceladvisor.org\/wp-content\/uploads\/2023\/08\/10-donnees-avec-la-premiere-ligne-comme-en-tete.png\" sizes=\"auto, \" srcset=\"\" alt=\"data-with-first-row-as-headers\" width=\"479\" height=\"253\"><\/li><\/ol><h2 class=\"wp-block-heading\"> D\u00fczeni kullanarak ilk sat\u0131r\u0131 ba\u015fl\u0131k sat\u0131r\u0131 olarak se\u00e7in<\/h2><p> Genellikle verilerinizin ilk sat\u0131r\u0131n\u0131 ba\u015fl\u0131k sat\u0131r\u0131 olarak ayarlaman\u0131z gerekir ve verileri yazd\u0131r\u0131rken bu ba\u015fl\u0131k sat\u0131r\u0131n\u0131 her sayfaya yazd\u0131rmak istersiniz. Ayn\u0131s\u0131 i\u00e7in a\u015fa\u011f\u0131daki ad\u0131mlar\u0131 izleyin:<\/p><ol><li> \u00d6ncelikle \u201cSayfa D\u00fczeni\u201d sekmesine gidin, ard\u0131ndan \u201cBa\u015fl\u0131klar\u0131 Yazd\u0131r\u201d se\u00e7ene\u011fine t\u0131klay\u0131n, \u201cSayfa D\u00fczeni\u201d ileti\u015fim kutusu a\u00e7\u0131lacakt\u0131r. <br><img loading=\"lazy\" decoding=\"async\" title=\"11 sayfal\u0131k d\u00fczen-bask\u0131-ba\u015fl\u0131klar\u0131\" src=\"https:\/\/exceladvisor.org\/wp-content\/uploads\/2023\/08\/11-titres-dimpression-de-mise-en-page.png\" sizes=\"auto, \" srcset=\"\" alt=\"page-layout-print-titles\" width=\"812\" height=\"131\"><\/li><li> Daha sonra \u201c\u00dcstte Tekrarlanacak Sat\u0131rlar\u201d alan\u0131na gidin ve ilk ba\u015fl\u0131k sat\u0131r\u0131n\u0131 se\u00e7in, ard\u0131ndan \u201cBask\u0131 \u00d6nizleme\u201d butonuna t\u0131klayarak ba\u015fl\u0131klar\u0131n sayfalarda do\u011fru \u015fekilde g\u00f6r\u00fcn\u00fcp g\u00f6r\u00fcnmedi\u011fini kontrol edin. <br><img loading=\"lazy\" decoding=\"async\" title=\"12 sayfal\u0131k yap\u0131land\u0131rma ileti\u015fim kutusu\" src=\"https:\/\/exceladvisor.org\/wp-content\/uploads\/2023\/08\/Boite-de-dialogue-de-configuration-de-12-pages.png\" sizes=\"auto, \" srcset=\"\" alt=\"page-setup-dialog-box\" width=\"717\" height=\"371\"><\/li><li> Sonunda, \u201cDosya\u201d sekmesine gidin ve \u201cYazd\u0131r\u201d se\u00e7ene\u011fine t\u0131klay\u0131n veya sayfalar\u0131 yazd\u0131rmak i\u00e7in \u201cYazd\u0131r\u201d ileti\u015fim kutusuna gitmek i\u00e7in \u201cCtrl + P\u201d klavye k\u0131sayolunu kullan\u0131n.<\/li><\/ol><div class=\"gb-container gb-container-4db6181c gb-container-mt\"> <a class=\"gb-button gb-button-c5897111 gb-button-text gb-button-mt-button\" href=\"https:\/\/exceladvisor.org\/tr\/excelin-temelleri\/\">Microsoft Excel Temelleri (Bile\u015fenler, Par\u00e7alar ve Bilgi Notlar\u0131)<\/a><h2 class=\"gb-headline gb-headline-665e5f6b gb-headline-text gb-headline-mt-heading\"> \u0130lgili e\u011fitimler <\/h2><div class=\"gb-grid-wrapper gb-grid-wrapper-a20baf7c gb-grid-wrapper-mt-grid\"><div class=\"gb-grid-column gb-grid-column-50067b57\"><div class=\"gb-container gb-container-50067b57\"><ul><li> <a href=\"https:\/\/exceladvisor.org\/tr\/bul-degistir\/\">Excel&#8217;de Bul ve De\u011fi\u015ftir<\/a><\/li><li> <a href=\"https:\/\/exceladvisor.org\/tr\/kopyala-yapistir-sutun-genisligi\/\">Excel&#8217;de s\u00fctun geni\u015fli\u011fini kopyalay\u0131p yap\u0131\u015ft\u0131r\u0131n<\/a><\/li><li> <a href=\"https:\/\/exceladvisor.org\/tr\/degerleri-bicimlendirmeden-yapistir\/\">De\u011ferleri Excel&#8217;de bi\u00e7imlendirmeden kopyalay\u0131p yap\u0131\u015ft\u0131r\u0131n<\/a><\/li><li> <a href=\"https:\/\/exceladvisor.org\/tr\/dolar-isareti\/\">Excel&#8217;e dolar i\u015fareti ekleme<\/a><\/li><\/ul><\/div><\/div><\/div><\/div>","protected":false},"excerpt":{"rendered":"","protected":false},"author":1,"featured_media":0,"parent":0,"menu_order":0,"comment_status":"open","ping_status":"closed","template":"","meta":{"ub_ctt_via":"","footnotes":""},"class_list":["post-2096","page","type-page","status-publish","hentry"],"featured_image_src":null,"yoast_head":"<!-- This site is optimized with the Yoast SEO plugin v25.4 - https:\/\/yoast.com\/wordpress\/plugins\/seo\/ -->\n<title>Excel&#039;de ilk sat\u0131r ba\u015fl\u0131\u011f\u0131 nas\u0131l olu\u015fturulur? (Rehber)<\/title>\n<meta name=\"description\" content=\"Bu e\u011fitim, sayfan\u0131n ilk sat\u0131r\u0131n\u0131 ba\u015fl\u0131k olarak olu\u015fturmaya odaklanmaktad\u0131r. Bu \u00f6\u011frenilmesi gereken \u00f6nemli bir \u015feydir.\" \/>\n<meta name=\"robots\" content=\"index, follow, max-snippet:-1, max-image-preview:large, max-video-preview:-1\" \/>\n<link rel=\"canonical\" href=\"https:\/\/exceladvisor.org\/tr\/ilk-satirin-basligini-olustur\/\" \/>\n<meta property=\"og:locale\" content=\"tr_TR\" \/>\n<meta property=\"og:type\" content=\"article\" \/>\n<meta property=\"og:title\" content=\"Excel&#039;de ilk sat\u0131r ba\u015fl\u0131\u011f\u0131 nas\u0131l olu\u015fturulur? (Rehber)\" \/>\n<meta property=\"og:description\" content=\"Bu e\u011fitim, sayfan\u0131n ilk sat\u0131r\u0131n\u0131 ba\u015fl\u0131k olarak olu\u015fturmaya odaklanmaktad\u0131r. Bu \u00f6\u011frenilmesi gereken \u00f6nemli bir \u015feydir.\" \/>\n<meta property=\"og:url\" content=\"https:\/\/exceladvisor.org\/tr\/ilk-satirin-basligini-olustur\/\" \/>\n<meta property=\"og:site_name\" content=\"Excel Advisor\" \/>\n<meta property=\"article:modified_time\" content=\"2023-12-10T06:01:14+00:00\" \/>\n<meta property=\"og:image\" content=\"https:\/\/exceladvisor.org\/wp-content\/uploads\/2023\/08\/1-figer-la-rangee-du-haut.png\" \/>\n<meta name=\"twitter:card\" content=\"summary_large_image\" \/>\n<meta name=\"twitter:label1\" content=\"Tahmini okuma s\u00fcresi\" \/>\n\t<meta name=\"twitter:data1\" content=\"4 dakika\" \/>\n<script type=\"application\/ld+json\" class=\"yoast-schema-graph\">{\"@context\":\"https:\/\/schema.org\",\"@graph\":[{\"@type\":\"WebPage\",\"@id\":\"https:\/\/exceladvisor.org\/tr\/ilk-satirin-basligini-olustur\/\",\"url\":\"https:\/\/exceladvisor.org\/tr\/ilk-satirin-basligini-olustur\/\",\"name\":\"Excel&#39;de ilk sat\u0131r ba\u015fl\u0131\u011f\u0131 nas\u0131l olu\u015fturulur? (Rehber)\",\"isPartOf\":{\"@id\":\"https:\/\/exceladvisor.org\/tr\/#website\"},\"primaryImageOfPage\":{\"@id\":\"https:\/\/exceladvisor.org\/tr\/ilk-satirin-basligini-olustur\/#primaryimage\"},\"image\":{\"@id\":\"https:\/\/exceladvisor.org\/tr\/ilk-satirin-basligini-olustur\/#primaryimage\"},\"thumbnailUrl\":\"https:\/\/exceladvisor.org\/wp-content\/uploads\/2023\/08\/1-figer-la-rangee-du-haut.png\",\"datePublished\":\"2023-10-17T21:47:55+00:00\",\"dateModified\":\"2023-12-10T06:01:14+00:00\",\"description\":\"Bu e\u011fitim, sayfan\u0131n ilk sat\u0131r\u0131n\u0131 ba\u015fl\u0131k olarak olu\u015fturmaya odaklanmaktad\u0131r. Bu \u00f6\u011frenilmesi gereken \u00f6nemli bir \u015feydir.\",\"breadcrumb\":{\"@id\":\"https:\/\/exceladvisor.org\/tr\/ilk-satirin-basligini-olustur\/#breadcrumb\"},\"inLanguage\":\"tr\",\"potentialAction\":[{\"@type\":\"ReadAction\",\"target\":[\"https:\/\/exceladvisor.org\/tr\/ilk-satirin-basligini-olustur\/\"]}]},{\"@type\":\"ImageObject\",\"inLanguage\":\"tr\",\"@id\":\"https:\/\/exceladvisor.org\/tr\/ilk-satirin-basligini-olustur\/#primaryimage\",\"url\":\"https:\/\/exceladvisor.org\/wp-content\/uploads\/2023\/08\/1-figer-la-rangee-du-haut.png\",\"contentUrl\":\"https:\/\/exceladvisor.org\/wp-content\/uploads\/2023\/08\/1-figer-la-rangee-du-haut.png\"},{\"@type\":\"BreadcrumbList\",\"@id\":\"https:\/\/exceladvisor.org\/tr\/ilk-satirin-basligini-olustur\/#breadcrumb\",\"itemListElement\":[{\"@type\":\"ListItem\",\"position\":1,\"name\":\"Ev\",\"item\":\"https:\/\/exceladvisor.org\/tr\/\"},{\"@type\":\"ListItem\",\"position\":2,\"name\":\"Excel&#39;de ilk sat\u0131r ba\u015fl\u0131\u011f\u0131 nas\u0131l olu\u015fturulur?\"}]},{\"@type\":\"WebSite\",\"@id\":\"https:\/\/exceladvisor.org\/tr\/#website\",\"url\":\"https:\/\/exceladvisor.org\/tr\/\",\"name\":\"Excel Advisor\",\"description\":\"Veri hakimiyetine y\u00f6nelik nihai rehberiniz!\",\"publisher\":{\"@id\":\"https:\/\/exceladvisor.org\/tr\/#organization\"},\"potentialAction\":[{\"@type\":\"SearchAction\",\"target\":{\"@type\":\"EntryPoint\",\"urlTemplate\":\"https:\/\/exceladvisor.org\/tr\/?s={search_term_string}\"},\"query-input\":{\"@type\":\"PropertyValueSpecification\",\"valueRequired\":true,\"valueName\":\"search_term_string\"}}],\"inLanguage\":\"tr\"},{\"@type\":\"Organization\",\"@id\":\"https:\/\/exceladvisor.org\/tr\/#organization\",\"name\":\"Excel Advisor\",\"url\":\"https:\/\/exceladvisor.org\/tr\/\",\"logo\":{\"@type\":\"ImageObject\",\"inLanguage\":\"tr\",\"@id\":\"https:\/\/exceladvisor.org\/tr\/#\/schema\/logo\/image\/\",\"url\":\"https:\/\/exceladvisor.org\/tr\/wp-content\/uploads\/2023\/12\/exceladvisor.org_.png\",\"contentUrl\":\"https:\/\/exceladvisor.org\/tr\/wp-content\/uploads\/2023\/12\/exceladvisor.org_.png\",\"width\":105,\"height\":36,\"caption\":\"Excel Advisor\"},\"image\":{\"@id\":\"https:\/\/exceladvisor.org\/tr\/#\/schema\/logo\/image\/\"}}]}<\/script>\n<!-- \/ Yoast SEO plugin. -->","yoast_head_json":{"title":"Excel&#39;de ilk sat\u0131r ba\u015fl\u0131\u011f\u0131 nas\u0131l olu\u015fturulur? (Rehber)","description":"Bu e\u011fitim, sayfan\u0131n ilk sat\u0131r\u0131n\u0131 ba\u015fl\u0131k olarak olu\u015fturmaya odaklanmaktad\u0131r. Bu \u00f6\u011frenilmesi gereken \u00f6nemli bir \u015feydir.","robots":{"index":"index","follow":"follow","max-snippet":"max-snippet:-1","max-image-preview":"max-image-preview:large","max-video-preview":"max-video-preview:-1"},"canonical":"https:\/\/exceladvisor.org\/tr\/ilk-satirin-basligini-olustur\/","og_locale":"tr_TR","og_type":"article","og_title":"Excel&#39;de ilk sat\u0131r ba\u015fl\u0131\u011f\u0131 nas\u0131l olu\u015fturulur? (Rehber)","og_description":"Bu e\u011fitim, sayfan\u0131n ilk sat\u0131r\u0131n\u0131 ba\u015fl\u0131k olarak olu\u015fturmaya odaklanmaktad\u0131r. Bu \u00f6\u011frenilmesi gereken \u00f6nemli bir \u015feydir.","og_url":"https:\/\/exceladvisor.org\/tr\/ilk-satirin-basligini-olustur\/","og_site_name":"Excel Advisor","article_modified_time":"2023-12-10T06:01:14+00:00","og_image":[{"url":"https:\/\/exceladvisor.org\/wp-content\/uploads\/2023\/08\/1-figer-la-rangee-du-haut.png","type":"","width":"","height":""}],"twitter_card":"summary_large_image","twitter_misc":{"Tahmini okuma s\u00fcresi":"4 dakika"},"schema":{"@context":"https:\/\/schema.org","@graph":[{"@type":"WebPage","@id":"https:\/\/exceladvisor.org\/tr\/ilk-satirin-basligini-olustur\/","url":"https:\/\/exceladvisor.org\/tr\/ilk-satirin-basligini-olustur\/","name":"Excel&#39;de ilk sat\u0131r ba\u015fl\u0131\u011f\u0131 nas\u0131l olu\u015fturulur? (Rehber)","isPartOf":{"@id":"https:\/\/exceladvisor.org\/tr\/#website"},"primaryImageOfPage":{"@id":"https:\/\/exceladvisor.org\/tr\/ilk-satirin-basligini-olustur\/#primaryimage"},"image":{"@id":"https:\/\/exceladvisor.org\/tr\/ilk-satirin-basligini-olustur\/#primaryimage"},"thumbnailUrl":"https:\/\/exceladvisor.org\/wp-content\/uploads\/2023\/08\/1-figer-la-rangee-du-haut.png","datePublished":"2023-10-17T21:47:55+00:00","dateModified":"2023-12-10T06:01:14+00:00","description":"Bu e\u011fitim, sayfan\u0131n ilk sat\u0131r\u0131n\u0131 ba\u015fl\u0131k olarak olu\u015fturmaya odaklanmaktad\u0131r. Bu \u00f6\u011frenilmesi gereken \u00f6nemli bir \u015feydir.","breadcrumb":{"@id":"https:\/\/exceladvisor.org\/tr\/ilk-satirin-basligini-olustur\/#breadcrumb"},"inLanguage":"tr","potentialAction":[{"@type":"ReadAction","target":["https:\/\/exceladvisor.org\/tr\/ilk-satirin-basligini-olustur\/"]}]},{"@type":"ImageObject","inLanguage":"tr","@id":"https:\/\/exceladvisor.org\/tr\/ilk-satirin-basligini-olustur\/#primaryimage","url":"https:\/\/exceladvisor.org\/wp-content\/uploads\/2023\/08\/1-figer-la-rangee-du-haut.png","contentUrl":"https:\/\/exceladvisor.org\/wp-content\/uploads\/2023\/08\/1-figer-la-rangee-du-haut.png"},{"@type":"BreadcrumbList","@id":"https:\/\/exceladvisor.org\/tr\/ilk-satirin-basligini-olustur\/#breadcrumb","itemListElement":[{"@type":"ListItem","position":1,"name":"Ev","item":"https:\/\/exceladvisor.org\/tr\/"},{"@type":"ListItem","position":2,"name":"Excel&#39;de ilk sat\u0131r ba\u015fl\u0131\u011f\u0131 nas\u0131l olu\u015fturulur?"}]},{"@type":"WebSite","@id":"https:\/\/exceladvisor.org\/tr\/#website","url":"https:\/\/exceladvisor.org\/tr\/","name":"Excel Advisor","description":"Veri hakimiyetine y\u00f6nelik nihai rehberiniz!","publisher":{"@id":"https:\/\/exceladvisor.org\/tr\/#organization"},"potentialAction":[{"@type":"SearchAction","target":{"@type":"EntryPoint","urlTemplate":"https:\/\/exceladvisor.org\/tr\/?s={search_term_string}"},"query-input":{"@type":"PropertyValueSpecification","valueRequired":true,"valueName":"search_term_string"}}],"inLanguage":"tr"},{"@type":"Organization","@id":"https:\/\/exceladvisor.org\/tr\/#organization","name":"Excel Advisor","url":"https:\/\/exceladvisor.org\/tr\/","logo":{"@type":"ImageObject","inLanguage":"tr","@id":"https:\/\/exceladvisor.org\/tr\/#\/schema\/logo\/image\/","url":"https:\/\/exceladvisor.org\/tr\/wp-content\/uploads\/2023\/12\/exceladvisor.org_.png","contentUrl":"https:\/\/exceladvisor.org\/tr\/wp-content\/uploads\/2023\/12\/exceladvisor.org_.png","width":105,"height":36,"caption":"Excel Advisor"},"image":{"@id":"https:\/\/exceladvisor.org\/tr\/#\/schema\/logo\/image\/"}}]}},"yoast_meta":{"yoast_wpseo_title":"","yoast_wpseo_metadesc":"","yoast_wpseo_canonical":""},"_links":{"self":[{"href":"https:\/\/exceladvisor.org\/tr\/wp-json\/wp\/v2\/pages\/2096","targetHints":{"allow":["GET"]}}],"collection":[{"href":"https:\/\/exceladvisor.org\/tr\/wp-json\/wp\/v2\/pages"}],"about":[{"href":"https:\/\/exceladvisor.org\/tr\/wp-json\/wp\/v2\/types\/page"}],"author":[{"embeddable":true,"href":"https:\/\/exceladvisor.org\/tr\/wp-json\/wp\/v2\/users\/1"}],"replies":[{"embeddable":true,"href":"https:\/\/exceladvisor.org\/tr\/wp-json\/wp\/v2\/comments?post=2096"}],"version-history":[{"count":1,"href":"https:\/\/exceladvisor.org\/tr\/wp-json\/wp\/v2\/pages\/2096\/revisions"}],"predecessor-version":[{"id":2491,"href":"https:\/\/exceladvisor.org\/tr\/wp-json\/wp\/v2\/pages\/2096\/revisions\/2491"}],"wp:attachment":[{"href":"https:\/\/exceladvisor.org\/tr\/wp-json\/wp\/v2\/media?parent=2096"}],"curies":[{"name":"wp","href":"https:\/\/api.w.org\/{rel}","templated":true}]}}