{"id":2097,"date":"2023-10-17T19:47:21","date_gmt":"2023-10-17T19:47:21","guid":{"rendered":"https:\/\/exceladvisor.org\/tr\/secime-odaklan\/"},"modified":"2023-12-10T06:00:45","modified_gmt":"2023-12-10T06:00:45","slug":"secime-odaklan","status":"publish","type":"page","link":"https:\/\/exceladvisor.org\/tr\/secime-odaklan\/","title":{"rendered":"Excel&#39;de bir se\u00e7ime nas\u0131l odaklan\u0131l\u0131r?"},"content":{"rendered":"<div class=\"excel-icerikten-once\" id=\"excel-3786590708\"><script type=\"text\/javascript\">\r\n\tatOptions = {\r\n\t\t'key' : 'c1158f160081d6540a8409e6925dab94',\r\n\t\t'format' : 'iframe',\r\n\t\t'height' : 250,\r\n\t\t'width' : 300,\r\n\t\t'params' : {}\r\n\t};\r\n<\/script>\r\n<script type=\"text\/javascript\" src=\"\/\/www.highperformanceformat.com\/c1158f160081d6540a8409e6925dab94\/invoke.js\"><\/script><\/div> <p>Excel&#8217;de \u00e7o\u011fumuz, h\u00fccreleri birle\u015ftirerek metni birden \u00e7ok s\u00fctun aras\u0131nda ortalamak i\u00e7in h\u00e2l\u00e2 &#8220;H\u00fccreleri Birle\u015ftir&#8221; \u00f6zelli\u011fini kullan\u0131yoruz, ancak kullan\u0131c\u0131lar\u0131n metni birka\u00e7 s\u00fctunda yatay olarak ortalamas\u0131n\u0131 sa\u011flayan &#8220;Se\u00e7imi Ortala&#8221; ad\u0131 verilen ba\u015fka bir \u00f6zellik daha var. ama h\u00fccreleri birle\u015ftirmeden.<\/p><p> Se\u00e7imi birle\u015ftirmeden metni ortalaman\u0131n bu \u00f6zelli\u011fi, birle\u015ftirilmi\u015f h\u00fccrelerde kullan\u0131lmas\u0131n\u0131 daha \u00e7ok tercih edilir hale getirir \u00e7\u00fcnk\u00fc h\u00fccrelerin birle\u015ftirilmesi durumunda veri yap\u0131n\u0131z de\u011fi\u015ftirilebilir ve birle\u015ftirilmi\u015f h\u00fccrelerin par\u00e7as\u0131 olan bir s\u00fctunu se\u00e7erseniz, birle\u015ftirilmi\u015f h\u00fccrelerin par\u00e7as\u0131 olan di\u011fer s\u00fctunlar h\u00fccreler de se\u00e7ilecektir.<\/p><p> Bu e\u011fitimde, se\u00e7ili birden \u00e7ok h\u00fccrede metnin nas\u0131l ortalanaca\u011f\u0131n\u0131 g\u00f6sterece\u011fiz.<\/p><h2 class=\"wp-block-heading\"> Excel&#8217;de Se\u00e7imi Odaklama Ad\u0131mlar\u0131<\/h2><ol><li> \u00d6ncelikle metni ortalamak istedi\u011finiz h\u00fccre aral\u0131\u011f\u0131n\u0131 se\u00e7in.<\/li><li> Daha sonra sa\u011f t\u0131klay\u0131p a\u00e7\u0131lan listeden \u201cH\u00fccreleri Bi\u00e7imlendir\u201d se\u00e7ene\u011fine t\u0131klay\u0131n. <br><img loading=\"lazy\" decoding=\"async\" title=\"-h\u00fccre aral\u0131\u011f\u0131n\u0131 se\u00e7\" src=\"https:\/\/exceladvisor.org\/wp-content\/uploads\/2023\/08\/1-selectionner-la-plage-de-cellules-2.png\" sizes=\"auto, \" srcset=\"\" alt=\"select-the-cells-range\" width=\"482\" height=\"391\"><\/li><li> Veya h\u00fccre aral\u0131\u011f\u0131n\u0131 se\u00e7in, ard\u0131ndan &#8220;Giri\u015f&#8221; sekmesine gidin, ard\u0131ndan &#8220;Hizalama&#8221; grubundan &#8220;Hizalama Grupland\u0131rma Oku&#8221;nu t\u0131klay\u0131n. <br><img loading=\"lazy\" decoding=\"async\" title=\"-hizalama-grupland\u0131rma-ok\" src=\"https:\/\/exceladvisor.org\/wp-content\/uploads\/2023\/08\/2-fleche-de-regroupement-dalignement.png\" sizes=\"auto, \" srcset=\"\" alt=\"alignment-grouping-arrow\" width=\"603\" height=\"253\"><\/li><li> Bu noktada \u201cH\u00fccreleri Bi\u00e7imlendir\u201d ileti\u015fim kutusu a\u00e7\u0131lacakt\u0131r.<\/li><li> Burada \u201cHizalama\u201d sekmesine gidin, ard\u0131ndan \u201cYatay\u201d alan\u0131n\u0131n a\u00e7\u0131l\u0131r okuna t\u0131klay\u0131n ve \u201cSe\u00e7ime Ortala\u201d se\u00e7ene\u011fini se\u00e7in ve Tamam&#8217;a t\u0131klay\u0131n. <br><img loading=\"lazy\" decoding=\"async\" title=\"-se\u00e7imin-merkezini se\u00e7\" src=\"https:\/\/exceladvisor.org\/wp-content\/uploads\/2023\/08\/3-choisir-le-centre-de-la-selection.png\" sizes=\"auto, \" srcset=\"\" alt=\"choose-center-across-selection\" width=\"514\" height=\"419\"><\/li><li> Art\u0131k metni se\u00e7imin ilk h\u00fccresine girdi\u011finizde, Excel onu &#8220;Se\u00e7ime Ortalanm\u0131\u015f&#8221; olarak yerle\u015ftirecektir. <br><img loading=\"lazy\" decoding=\"async\" title=\"-se\u00e7im-aral\u0131\u011f\u0131n\u0131n-ilk-h\u00fccresine-metni girin\" src=\"https:\/\/exceladvisor.org\/wp-content\/uploads\/2023\/08\/4-saisir-du-texte-dans-la-premiere-cellule-de-la-plage-de-selection.png\" sizes=\"auto, \" srcset=\"\" alt=\"enter-text-in-first-cell-of-selection-range\" width=\"659\" height=\"140\"><\/li><\/ol><p> Yukar\u0131daki resimde A s\u00fctununa metni girdi\u011fimizi ve Excel&#8217;in &#8220;Se\u00e7im Merkezi&#8221;nde olu\u015fturdu\u011funu ve h\u00fccrelerin birle\u015ftirilmi\u015f gibi g\u00f6r\u00fcnd\u00fc\u011f\u00fcn\u00fc ancak birle\u015fmedi\u011fini g\u00f6rebilirsiniz.<\/p><p> Metni ilk h\u00fccre yerine se\u00e7imin h\u00fccrelerinden birine girseniz bile, yine se\u00e7imin ortas\u0131nda olacakt\u0131r ancak bu merkez tam merkez olmayacakt\u0131r.<\/p><h2 class=\"wp-block-heading\"> Klavye k\u0131sayolunu kullanarak se\u00e7ime odaklan\u0131n<\/h2><p> Metni se\u00e7imde ortalamak i\u00e7in do\u011frudan bir klavye k\u0131sayolu yoktur, ancak evet, baz\u0131 klavye k\u0131sayollar\u0131n\u0131n kombinasyonunu kullanarak bunu yapabilirsiniz.<\/p><p> <kbd>Ctrl<\/kbd> + <kbd>1<\/kbd> \u2192 <kbd>A<\/kbd> \u2192 <kbd>Sekme<\/kbd> \u2192 <kbd>C<\/kbd> \u2192 <kbd>C<\/kbd> \u2192 <kbd>Enter<\/kbd> \u2192 <kbd>Enter<\/kbd><\/p><ul><li> \u00d6nce h\u00fccre aral\u0131\u011f\u0131n\u0131 se\u00e7in, ard\u0131ndan \u201cH\u00fccreleri Bi\u00e7imlendir\u201d ileti\u015fim kutusunu a\u00e7mak i\u00e7in \u201cCtrl+1\u201d k\u0131sayoluna bas\u0131n.<\/li><li> A\u00e7\u0131ld\u0131ktan sonra, &#8220;H\u00fccreleri Bi\u00e7imlendir&#8221; ileti\u015fim kutusundaki &#8220;Hizalama&#8221; sekmesine gitmek i\u00e7in &#8220;A&#8221; tu\u015funa basman\u0131z yeterlidir.<\/li><li> Bundan sonra \u201cYatay\u201d alan\u0131n\u0131 vurgulamak i\u00e7in \u201cSekme\u201d tu\u015funa bas\u0131n.<\/li><li> \u015eimdi \u201cSe\u00e7ime Ortala\u201d se\u00e7ene\u011fini se\u00e7mek i\u00e7in \u201cC\u201d tu\u015funa iki kez bas\u0131n, ard\u0131ndan \u201cEnter\u201d tu\u015funa iki kez bas\u0131n.<\/li><\/ul><h2 class=\"wp-block-heading\"> Se\u00e7ime merkezleme VS h\u00fccreleri birle\u015ftirme<\/h2><p> &#8220;Se\u00e7ime odaklan&#8221; metnini yaparken bu ikisi aras\u0131ndaki fark\u0131n &#8220;H\u00fccrelerin birle\u015ftirilmesi ve birle\u015fmemesi&#8221; oldu\u011funu zaten fark etmi\u015fsinizdir san\u0131r\u0131m.<\/p><p> \u015eu ana kadar bu blogu yazarken dikey se\u00e7imde bu &#8220;Se\u00e7imi Ortala&#8221; se\u00e7ene\u011fini kullanman\u0131n herhangi bir yolunu bulamad\u0131k.<\/p><div class=\"gb-container gb-container-4db6181c gb-container-mt\"> <a class=\"gb-button gb-button-c5897111 gb-button-text gb-button-mt-button\" href=\"https:\/\/exceladvisor.org\/tr\/excelin-temelleri\/\">Microsoft Excel Temelleri (Bile\u015fenler, Par\u00e7alar ve Bilgi Notlar\u0131)<\/a><h2 class=\"gb-headline gb-headline-665e5f6b gb-headline-text gb-headline-mt-heading\"> \u0130lgili e\u011fitimler <\/h2><div class=\"gb-grid-wrapper gb-grid-wrapper-a20baf7c gb-grid-wrapper-mt-grid\"><div class=\"gb-grid-column gb-grid-column-65ddf67e\"><div class=\"gb-container gb-container-65ddf67e\"><ul><li> <a href=\"https:\/\/exceladvisor.org\/tr\/basliklari-yazdir\/\">Excel&#8217;de Yazd\u0131rma Ba\u015fl\u0131klar\u0131n\u0131 Uygula (sat\u0131r 1&#8217;i her sayfaya yazd\u0131racak \u015fekilde ayarlay\u0131n)<\/a><\/li><li> <a href=\"https:\/\/exceladvisor.org\/tr\/grafik-kagidi\/\">Excel&#8217;de bir grafik ka\u011f\u0131d\u0131 yazd\u0131rma (kare \u0131zgara \u015fablonu)<\/a><\/li><li> <a href=\"https:\/\/exceladvisor.org\/tr\/sayfa-sonunu-kaldir\/\">Excel&#8217;de sayfa sonunu kald\u0131r<\/a><\/li><li> <a href=\"https:\/\/exceladvisor.org\/tr\/yazdirma-alanini-ayarla\/\">Excel&#8217;de Yazd\u0131rma Alan\u0131n\u0131 Ayarlama<\/a><\/li><li> <a href=\"https:\/\/exceladvisor.org\/tr\/calisma-sayfasini-yatay-olarak-ortalayin\/\">Excel&#8217;de \u00e7al\u0131\u015fma sayfas\u0131n\u0131 yatay ve dikey olarak ortalama<\/a><\/li><\/ul><\/div><\/div><\/div><\/div>","protected":false},"excerpt":{"rendered":"","protected":false},"author":1,"featured_media":0,"parent":0,"menu_order":0,"comment_status":"open","ping_status":"closed","template":"","meta":{"ub_ctt_via":"","footnotes":""},"class_list":["post-2097","page","type-page","status-publish","hentry"],"featured_image_src":null,"yoast_head":"<!-- This site is optimized with the Yoast SEO plugin v25.4 - https:\/\/yoast.com\/wordpress\/plugins\/seo\/ -->\n<title>Excel&#039;de bir se\u00e7ime nas\u0131l odaklan\u0131l\u0131r?<\/title>\n<meta name=\"description\" content=\"Bu h\u0131zl\u0131 k\u0131lavuz, h\u00fccreleri Se\u00e7im Genelinde Ortala ile birle\u015ftirmenize yard\u0131mc\u0131 olacakt\u0131r. Bunu takip edilmesi kolay ad\u0131mlarla tart\u0131\u015faca\u011f\u0131z.\" \/>\n<meta name=\"robots\" content=\"index, follow, max-snippet:-1, max-image-preview:large, max-video-preview:-1\" \/>\n<link rel=\"canonical\" href=\"https:\/\/exceladvisor.org\/tr\/secime-odaklan\/\" \/>\n<meta property=\"og:locale\" content=\"tr_TR\" \/>\n<meta property=\"og:type\" content=\"article\" \/>\n<meta property=\"og:title\" content=\"Excel&#039;de bir se\u00e7ime nas\u0131l odaklan\u0131l\u0131r?\" \/>\n<meta property=\"og:description\" content=\"Bu h\u0131zl\u0131 k\u0131lavuz, h\u00fccreleri Se\u00e7im Genelinde Ortala ile birle\u015ftirmenize yard\u0131mc\u0131 olacakt\u0131r. Bunu takip edilmesi kolay ad\u0131mlarla tart\u0131\u015faca\u011f\u0131z.\" \/>\n<meta property=\"og:url\" content=\"https:\/\/exceladvisor.org\/tr\/secime-odaklan\/\" \/>\n<meta property=\"og:site_name\" content=\"Excel Advisor\" \/>\n<meta property=\"article:modified_time\" content=\"2023-12-10T06:00:45+00:00\" \/>\n<meta property=\"og:image\" content=\"https:\/\/exceladvisor.org\/wp-content\/uploads\/2023\/08\/1-selectionner-la-plage-de-cellules-2.png\" \/>\n<meta name=\"twitter:card\" content=\"summary_large_image\" \/>\n<meta name=\"twitter:label1\" content=\"Tahmini okuma s\u00fcresi\" \/>\n\t<meta name=\"twitter:data1\" content=\"3 dakika\" \/>\n<script type=\"application\/ld+json\" class=\"yoast-schema-graph\">{\"@context\":\"https:\/\/schema.org\",\"@graph\":[{\"@type\":\"WebPage\",\"@id\":\"https:\/\/exceladvisor.org\/tr\/secime-odaklan\/\",\"url\":\"https:\/\/exceladvisor.org\/tr\/secime-odaklan\/\",\"name\":\"Excel&#39;de bir se\u00e7ime nas\u0131l odaklan\u0131l\u0131r?\",\"isPartOf\":{\"@id\":\"https:\/\/exceladvisor.org\/tr\/#website\"},\"primaryImageOfPage\":{\"@id\":\"https:\/\/exceladvisor.org\/tr\/secime-odaklan\/#primaryimage\"},\"image\":{\"@id\":\"https:\/\/exceladvisor.org\/tr\/secime-odaklan\/#primaryimage\"},\"thumbnailUrl\":\"https:\/\/exceladvisor.org\/wp-content\/uploads\/2023\/08\/1-selectionner-la-plage-de-cellules-2.png\",\"datePublished\":\"2023-10-17T19:47:21+00:00\",\"dateModified\":\"2023-12-10T06:00:45+00:00\",\"description\":\"Bu h\u0131zl\u0131 k\u0131lavuz, h\u00fccreleri Se\u00e7im Genelinde Ortala ile birle\u015ftirmenize yard\u0131mc\u0131 olacakt\u0131r. Bunu takip edilmesi kolay ad\u0131mlarla tart\u0131\u015faca\u011f\u0131z.\",\"breadcrumb\":{\"@id\":\"https:\/\/exceladvisor.org\/tr\/secime-odaklan\/#breadcrumb\"},\"inLanguage\":\"tr\",\"potentialAction\":[{\"@type\":\"ReadAction\",\"target\":[\"https:\/\/exceladvisor.org\/tr\/secime-odaklan\/\"]}]},{\"@type\":\"ImageObject\",\"inLanguage\":\"tr\",\"@id\":\"https:\/\/exceladvisor.org\/tr\/secime-odaklan\/#primaryimage\",\"url\":\"https:\/\/exceladvisor.org\/wp-content\/uploads\/2023\/08\/1-selectionner-la-plage-de-cellules-2.png\",\"contentUrl\":\"https:\/\/exceladvisor.org\/wp-content\/uploads\/2023\/08\/1-selectionner-la-plage-de-cellules-2.png\"},{\"@type\":\"BreadcrumbList\",\"@id\":\"https:\/\/exceladvisor.org\/tr\/secime-odaklan\/#breadcrumb\",\"itemListElement\":[{\"@type\":\"ListItem\",\"position\":1,\"name\":\"Ev\",\"item\":\"https:\/\/exceladvisor.org\/tr\/\"},{\"@type\":\"ListItem\",\"position\":2,\"name\":\"Excel&#39;de bir se\u00e7ime nas\u0131l odaklan\u0131l\u0131r?\"}]},{\"@type\":\"WebSite\",\"@id\":\"https:\/\/exceladvisor.org\/tr\/#website\",\"url\":\"https:\/\/exceladvisor.org\/tr\/\",\"name\":\"Excel Advisor\",\"description\":\"Veri hakimiyetine y\u00f6nelik nihai rehberiniz!\",\"publisher\":{\"@id\":\"https:\/\/exceladvisor.org\/tr\/#organization\"},\"potentialAction\":[{\"@type\":\"SearchAction\",\"target\":{\"@type\":\"EntryPoint\",\"urlTemplate\":\"https:\/\/exceladvisor.org\/tr\/?s={search_term_string}\"},\"query-input\":{\"@type\":\"PropertyValueSpecification\",\"valueRequired\":true,\"valueName\":\"search_term_string\"}}],\"inLanguage\":\"tr\"},{\"@type\":\"Organization\",\"@id\":\"https:\/\/exceladvisor.org\/tr\/#organization\",\"name\":\"Excel Advisor\",\"url\":\"https:\/\/exceladvisor.org\/tr\/\",\"logo\":{\"@type\":\"ImageObject\",\"inLanguage\":\"tr\",\"@id\":\"https:\/\/exceladvisor.org\/tr\/#\/schema\/logo\/image\/\",\"url\":\"https:\/\/exceladvisor.org\/tr\/wp-content\/uploads\/2023\/12\/exceladvisor.org_.png\",\"contentUrl\":\"https:\/\/exceladvisor.org\/tr\/wp-content\/uploads\/2023\/12\/exceladvisor.org_.png\",\"width\":105,\"height\":36,\"caption\":\"Excel Advisor\"},\"image\":{\"@id\":\"https:\/\/exceladvisor.org\/tr\/#\/schema\/logo\/image\/\"}}]}<\/script>\n<!-- \/ Yoast SEO plugin. -->","yoast_head_json":{"title":"Excel&#39;de bir se\u00e7ime nas\u0131l odaklan\u0131l\u0131r?","description":"Bu h\u0131zl\u0131 k\u0131lavuz, h\u00fccreleri Se\u00e7im Genelinde Ortala ile birle\u015ftirmenize yard\u0131mc\u0131 olacakt\u0131r. Bunu takip edilmesi kolay ad\u0131mlarla tart\u0131\u015faca\u011f\u0131z.","robots":{"index":"index","follow":"follow","max-snippet":"max-snippet:-1","max-image-preview":"max-image-preview:large","max-video-preview":"max-video-preview:-1"},"canonical":"https:\/\/exceladvisor.org\/tr\/secime-odaklan\/","og_locale":"tr_TR","og_type":"article","og_title":"Excel&#39;de bir se\u00e7ime nas\u0131l odaklan\u0131l\u0131r?","og_description":"Bu h\u0131zl\u0131 k\u0131lavuz, h\u00fccreleri Se\u00e7im Genelinde Ortala ile birle\u015ftirmenize yard\u0131mc\u0131 olacakt\u0131r. Bunu takip edilmesi kolay ad\u0131mlarla tart\u0131\u015faca\u011f\u0131z.","og_url":"https:\/\/exceladvisor.org\/tr\/secime-odaklan\/","og_site_name":"Excel Advisor","article_modified_time":"2023-12-10T06:00:45+00:00","og_image":[{"url":"https:\/\/exceladvisor.org\/wp-content\/uploads\/2023\/08\/1-selectionner-la-plage-de-cellules-2.png","type":"","width":"","height":""}],"twitter_card":"summary_large_image","twitter_misc":{"Tahmini okuma s\u00fcresi":"3 dakika"},"schema":{"@context":"https:\/\/schema.org","@graph":[{"@type":"WebPage","@id":"https:\/\/exceladvisor.org\/tr\/secime-odaklan\/","url":"https:\/\/exceladvisor.org\/tr\/secime-odaklan\/","name":"Excel&#39;de bir se\u00e7ime nas\u0131l odaklan\u0131l\u0131r?","isPartOf":{"@id":"https:\/\/exceladvisor.org\/tr\/#website"},"primaryImageOfPage":{"@id":"https:\/\/exceladvisor.org\/tr\/secime-odaklan\/#primaryimage"},"image":{"@id":"https:\/\/exceladvisor.org\/tr\/secime-odaklan\/#primaryimage"},"thumbnailUrl":"https:\/\/exceladvisor.org\/wp-content\/uploads\/2023\/08\/1-selectionner-la-plage-de-cellules-2.png","datePublished":"2023-10-17T19:47:21+00:00","dateModified":"2023-12-10T06:00:45+00:00","description":"Bu h\u0131zl\u0131 k\u0131lavuz, h\u00fccreleri Se\u00e7im Genelinde Ortala ile birle\u015ftirmenize yard\u0131mc\u0131 olacakt\u0131r. Bunu takip edilmesi kolay ad\u0131mlarla tart\u0131\u015faca\u011f\u0131z.","breadcrumb":{"@id":"https:\/\/exceladvisor.org\/tr\/secime-odaklan\/#breadcrumb"},"inLanguage":"tr","potentialAction":[{"@type":"ReadAction","target":["https:\/\/exceladvisor.org\/tr\/secime-odaklan\/"]}]},{"@type":"ImageObject","inLanguage":"tr","@id":"https:\/\/exceladvisor.org\/tr\/secime-odaklan\/#primaryimage","url":"https:\/\/exceladvisor.org\/wp-content\/uploads\/2023\/08\/1-selectionner-la-plage-de-cellules-2.png","contentUrl":"https:\/\/exceladvisor.org\/wp-content\/uploads\/2023\/08\/1-selectionner-la-plage-de-cellules-2.png"},{"@type":"BreadcrumbList","@id":"https:\/\/exceladvisor.org\/tr\/secime-odaklan\/#breadcrumb","itemListElement":[{"@type":"ListItem","position":1,"name":"Ev","item":"https:\/\/exceladvisor.org\/tr\/"},{"@type":"ListItem","position":2,"name":"Excel&#39;de bir se\u00e7ime nas\u0131l odaklan\u0131l\u0131r?"}]},{"@type":"WebSite","@id":"https:\/\/exceladvisor.org\/tr\/#website","url":"https:\/\/exceladvisor.org\/tr\/","name":"Excel Advisor","description":"Veri hakimiyetine y\u00f6nelik nihai rehberiniz!","publisher":{"@id":"https:\/\/exceladvisor.org\/tr\/#organization"},"potentialAction":[{"@type":"SearchAction","target":{"@type":"EntryPoint","urlTemplate":"https:\/\/exceladvisor.org\/tr\/?s={search_term_string}"},"query-input":{"@type":"PropertyValueSpecification","valueRequired":true,"valueName":"search_term_string"}}],"inLanguage":"tr"},{"@type":"Organization","@id":"https:\/\/exceladvisor.org\/tr\/#organization","name":"Excel Advisor","url":"https:\/\/exceladvisor.org\/tr\/","logo":{"@type":"ImageObject","inLanguage":"tr","@id":"https:\/\/exceladvisor.org\/tr\/#\/schema\/logo\/image\/","url":"https:\/\/exceladvisor.org\/tr\/wp-content\/uploads\/2023\/12\/exceladvisor.org_.png","contentUrl":"https:\/\/exceladvisor.org\/tr\/wp-content\/uploads\/2023\/12\/exceladvisor.org_.png","width":105,"height":36,"caption":"Excel Advisor"},"image":{"@id":"https:\/\/exceladvisor.org\/tr\/#\/schema\/logo\/image\/"}}]}},"yoast_meta":{"yoast_wpseo_title":"","yoast_wpseo_metadesc":"","yoast_wpseo_canonical":""},"_links":{"self":[{"href":"https:\/\/exceladvisor.org\/tr\/wp-json\/wp\/v2\/pages\/2097","targetHints":{"allow":["GET"]}}],"collection":[{"href":"https:\/\/exceladvisor.org\/tr\/wp-json\/wp\/v2\/pages"}],"about":[{"href":"https:\/\/exceladvisor.org\/tr\/wp-json\/wp\/v2\/types\/page"}],"author":[{"embeddable":true,"href":"https:\/\/exceladvisor.org\/tr\/wp-json\/wp\/v2\/users\/1"}],"replies":[{"embeddable":true,"href":"https:\/\/exceladvisor.org\/tr\/wp-json\/wp\/v2\/comments?post=2097"}],"version-history":[{"count":1,"href":"https:\/\/exceladvisor.org\/tr\/wp-json\/wp\/v2\/pages\/2097\/revisions"}],"predecessor-version":[{"id":2432,"href":"https:\/\/exceladvisor.org\/tr\/wp-json\/wp\/v2\/pages\/2097\/revisions\/2432"}],"wp:attachment":[{"href":"https:\/\/exceladvisor.org\/tr\/wp-json\/wp\/v2\/media?parent=2097"}],"curies":[{"name":"wp","href":"https:\/\/api.w.org\/{rel}","templated":true}]}}