{"id":2098,"date":"2023-10-17T18:10:45","date_gmt":"2023-10-17T18:10:45","guid":{"rendered":"https:\/\/exceladvisor.org\/tr\/otomatik-yuvarlanan-aylar\/"},"modified":"2023-12-10T06:01:55","modified_gmt":"2023-12-10T06:01:55","slug":"otomatik-yuvarlanan-aylar","status":"publish","type":"page","link":"https:\/\/exceladvisor.org\/tr\/otomatik-yuvarlanan-aylar\/","title":{"rendered":"Excel&#39;de otomatik kayan aylar nas\u0131l olu\u015fturulur?"},"content":{"rendered":"<div class=\"excel-icerikten-once\" id=\"excel-3130654542\"><script type=\"text\/javascript\">\r\n\tatOptions = {\r\n\t\t'key' : 'c1158f160081d6540a8409e6925dab94',\r\n\t\t'format' : 'iframe',\r\n\t\t'height' : 250,\r\n\t\t'width' : 300,\r\n\t\t'params' : {}\r\n\t};\r\n<\/script>\r\n<script type=\"text\/javascript\" src=\"\/\/www.highperformanceformat.com\/c1158f160081d6540a8409e6925dab94\/invoke.js\"><\/script><\/div> <p>Veri k\u00fcmeleriyle \u00e7al\u0131\u015f\u0131rken, genellikle kendinizi bir dizi tarih ekleme ve bunu yaln\u0131zca ard\u0131\u015f\u0131k aylar\u0131n art\u0131\u015f\u0131yla yapma durumunda bulursunuz. Bir\u00e7o\u011fumuz Excel&#8217;in ayn\u0131 i\u015flemi otomatikle\u015ftirecek i\u015flevselli\u011fe sahip oldu\u011funu ve bu sayede zamandan tasarruf sa\u011flayabilece\u011fini bilmiyor olabiliriz.<\/p><p> Bu e\u011fitimde size tarih serisinde kayan aylar\u0131 otomatikle\u015ftirmenin baz\u0131 h\u0131zl\u0131 ve kolay yollar\u0131n\u0131 g\u00f6sterece\u011fiz.<\/p><h2 class=\"wp-block-heading\"> Doldurma Tutamac\u0131n\u0131 Kullanarak Otomatik Kayan Aylar Olu\u015fturma Ad\u0131mlar\u0131<\/h2><p> Doldurma Tutamac\u0131 farkl\u0131 t\u00fcrdeki veri serilerini otomatikle\u015ftirmek i\u00e7in kullan\u0131labilir ve yuvarlanan aylar bunlardan biridir. Bu, yuvarlanan aylar\u0131 otomatikle\u015ftirmenin en kolay yoludur.<\/p><ol><li> \u00d6ncelikle veri serisini ba\u015flatmak istedi\u011finiz h\u00fccreye ilk tarihi girin.<\/li><li> Bundan sonra imleci h\u00fccrenin sa\u011f alt k\u0131sm\u0131ndaki \u201c <a href=\"https:\/\/exceladvisor.org\/tr\/doldurma-kolu\/\">doldurma tutamac\u0131n\u0131n<\/a> \u201d \u00fczerine getirin.<\/li><li> \u015eimdi fareyi orada bas\u0131l\u0131 tutun ve ard\u0131ndan a\u015fa\u011f\u0131 kayd\u0131r\u0131n; tarih serisini olu\u015fturacakt\u0131r ancak tarihlerdeki art\u0131\u015fla.<\/li><li> \u0130\u015finiz bitti\u011finde, &#8220;doldurma tutamac\u0131na&#8221; t\u0131klay\u0131n ve ard\u0131ndan &#8220;Aylar\u0131 doldur&#8221; se\u00e7ene\u011fini se\u00e7in.<\/li><li> \u201cAylar\u0131 Doldur\u201du se\u00e7ti\u011finiz anda seri yaln\u0131zca ilerleyen aylardaki art\u0131\u015flarla g\u00fcncellenecektir. <\/li><\/ol><div class=\"wp-block-image\"><figure class=\"aligncenter size-full is-resized\"><img loading=\"lazy\" decoding=\"async\" class=\"wp-image-84479\" src=\"https:\/\/exceladvisor.org\/wp-content\/uploads\/2023\/08\/1-mois-glissants-automatiques.gif\" sizes=\"auto, \" srcset=\"\" alt=\"otomatik yuvarlanan aylar\" width=\"338\" height=\"370\"><\/figure><\/div><h2 class=\"wp-block-heading\"> Doldurma se\u00e7ene\u011fini kullanarak yuvarlanan aylar\u0131 otomatikle\u015ftirin<\/h2><ol><li> \u0130lk \u00f6nce h\u00fccreye tarihi girin, ard\u0131ndan imleci h\u00fccrenin sa\u011f alt k\u0131sm\u0131ndaki \u201c <a href=\"https:\/\/exceladvisor.org\/tr\/doldurma-kolu\/\">doldurma tutamac\u0131n\u0131n<\/a> \u201d \u00fczerine getirin. <br><img loading=\"lazy\" decoding=\"async\" title=\"Doldurma s\u0131ras\u0131nda \u00fczerine gelinen 2 tutamak\" src=\"https:\/\/exceladvisor.org\/wp-content\/uploads\/2023\/08\/2-pointez-sur-la-poignee-de-remplissage.png\" sizes=\"auto, \" srcset=\"\" alt=\"hover-on-fill-handle\" width=\"261\" height=\"189\"><\/li><li> Bundan sonra fareyi orada bas\u0131l\u0131 tutun ve ard\u0131ndan a\u015fa\u011f\u0131 kayd\u0131r\u0131n; tarih serisini olu\u015fturacakt\u0131r ancak tarihlerdeki art\u0131\u015fla. <br><img loading=\"lazy\" decoding=\"async\" title=\"Doldurma kulplu 3 tarih serisi\" src=\"https:\/\/exceladvisor.org\/wp-content\/uploads\/2023\/08\/3-series-de-dates-avec-poignee-de-remplissage.png\" sizes=\"auto, \" srcset=\"\" alt=\"date-series-with-fill-handle\" width=\"197\" height=\"320\"><\/li><li> \u015eimdi t\u00fcm seriyi se\u00e7ip \u201cAna Sayfa\u201d sekmesine gidin, ard\u0131ndan \u201cD\u00fczenle\u201d grubunun alt\u0131ndaki \u201cDoldur\u201d simgesine t\u0131klay\u0131n ve \u201cDizi\u201d se\u00e7ene\u011fini se\u00e7in. <br><img loading=\"lazy\" decoding=\"async\" title=\"4-se\u00e7im-serisi-\u015fu anda-d\u00fczenleniyor\" src=\"https:\/\/exceladvisor.org\/wp-content\/uploads\/2023\/08\/4-choisir-la-serie-en-cours-dedition.png\" sizes=\"auto, \" srcset=\"\" alt=\"choose-series-under-editing\" width=\"517\" height=\"364\"><\/li><li> &#8220;Seri&#8221; ileti\u015fim kutusunda, &#8220;S\u00fctunlar&#8221; se\u00e7ene\u011fini, ard\u0131ndan &#8220;Tarih&#8221;i ve ard\u0131ndan &#8220;Ay&#8221;\u0131 se\u00e7in, ard\u0131ndan &#8220;Ad\u0131m de\u011feri&#8221; alan\u0131na de\u011fer olarak 1 girin ve Tamam&#8217;\u0131 t\u0131klay\u0131n. <br><img loading=\"lazy\" decoding=\"async\" title=\"Seri 5 Diyalog\" src=\"https:\/\/exceladvisor.org\/wp-content\/uploads\/2023\/08\/Boite-de-dialogue-de-la-serie-5.png\" sizes=\"auto, \" srcset=\"\" alt=\"series-dialog-box\" width=\"337\" height=\"287\"><\/li><li> Tamam&#8217;\u0131 t\u0131klad\u0131\u011f\u0131n\u0131z anda se\u00e7ti\u011finiz tarih serisi yaln\u0131zca ay baz\u0131nda art\u0131\u015flarla g\u00fcncellenecektir. <br><img loading=\"lazy\" decoding=\"async\" title=\"Artan aylarla 6 tarih serisi\" src=\"https:\/\/exceladvisor.org\/wp-content\/uploads\/2023\/08\/6-series-de-dates-avec-des-mois-supplementaires.png\" sizes=\"auto, \" srcset=\"\" alt=\"date-series-with-incremental-months\" width=\"194\" height=\"318\"><\/li><\/ol><h2 class=\"wp-block-heading\"> Bir form\u00fcl kullanarak yuvarlanan aylar\u0131 otomatikle\u015ftirin<\/h2><p> Ayr\u0131ca TAR\u0130H, YIL, AY, MOD ve G\u00dcN i\u015flevlerinin kombinasyonunu kullanarak de\u011fi\u015fen aylara sahip tarih serileri de olu\u015fturabilirsiniz.<\/p><pre class=\"wp-block-preformatted\"> =DATE(IF(MONTH(A2)+1&gt;12,YEAR(A2)+1,YEAR(A2)),IF(MONTH(A2)+1&gt;12,MOD(MONTH(A2)+1,12), MONTH(A2)+1),DAY(A2))<\/pre><ol><li> \u00d6ncelikle veri serisini ba\u015flatmak istedi\u011finiz h\u00fccreye ilk tarihi girin.<\/li><li> Bundan sonra, bu h\u00fccrenin hemen alt\u0131ndaki bir sonraki h\u00fccreye, yukar\u0131da verilen birle\u015ftirilmi\u015f form\u00fcl\u00fc yaz\u0131n ve kayan aya ait verileri alacaks\u0131n\u0131z. <br><img loading=\"lazy\" decoding=\"async\" title=\"Form\u00fcl\u00fc kullanarak 7 ayl\u0131k kayd\u0131rma\" src=\"https:\/\/exceladvisor.org\/wp-content\/uploads\/2023\/08\/7-mois-glissants-en-utilisant-la-formule.png\" sizes=\"auto, \" srcset=\"\" alt=\"rolling-months-using-formula\" width=\"994\" height=\"189\"><\/li><li> \u015eimdi <a href=\"https:\/\/exceladvisor.org\/tr\/doldurma-kolu\/\">\u201cDoldurma Kolu\u201d<\/a> se\u00e7ene\u011fini kullanarak veri serisini a\u015fa\u011f\u0131ya do\u011fru olu\u015fturun. <br><img loading=\"lazy\" decoding=\"async\" title=\"8-doldurma tutamac\u0131n\u0131 kullanarak s\u00fcr\u00fckleyin\" src=\"https:\/\/exceladvisor.org\/wp-content\/uploads\/2023\/08\/8-faites-glisser-a-laide-de-la-poignee-de-recopie.png\" sizes=\"auto, \" srcset=\"\" alt=\"drag-using-fill-handle\" width=\"247\" height=\"214\"><\/li><li> Bu noktada tarih seriniz kayan aylarla olu\u015fturulmu\u015ftur. <br><img loading=\"lazy\" decoding=\"async\" title=\"Yaln\u0131zca ilerleyen aylarla birlikte 9 tarih serisi\" src=\"https:\/\/exceladvisor.org\/wp-content\/uploads\/2023\/08\/9-series-de-dates-uniquement-avec-des-mois-glissants.png\" sizes=\"auto, \" srcset=\"\" alt=\"date-series-only-with-rolling-months\" width=\"200\" height=\"315\"><\/li><\/ol><h2 class=\"wp-block-heading\"> Bu form\u00fcl nas\u0131l \u00e7al\u0131\u015f\u0131yor?<\/h2><p> Form\u00fcl\u00fc anlamak i\u00e7in. Form\u00fcl\u00fc \u00fc\u00e7 par\u00e7aya b\u00f6lelim: <\/p><div class=\"wp-block-image\"><figure class=\"aligncenter size-full\"><img loading=\"lazy\" decoding=\"async\" class=\"wp-image-84488\" src=\"https:\/\/exceladvisor.org\/wp-content\/uploads\/2023\/08\/Formule-10-mois-glissants.png\" sizes=\"auto, \" srcset=\"\" alt=\"yuvarlanan aylar form\u00fcl\u00fc\" width=\"1514\" height=\"114\"><\/figure><\/div><pre class=\"wp-block-preformatted\"> =IF(MONTH(A2)+1&gt;12,YEAR(A2)+1,YEAR(A2))<\/pre><p> \u0130lk k\u0131s\u0131mda ay\u0131n toplam\u0131 art\u0131 1 12&#8217;den b\u00fcy\u00fckse y\u0131l\u0131n de\u011ferini 1 ekleyerek d\u00f6nd\u00fcrecektir, aksi takdirde tarihteki ile ayn\u0131 y\u0131l\u0131 d\u00f6nd\u00fcrecektir.<\/p><pre class=\"wp-block-preformatted\"> =IF(MONTH(A2)+1&gt;12,MOD(MONTH(A2)+1,12),MONTH(A2)+1)<\/pre><p> \u0130kinci b\u00f6l\u00fcmde ay art\u0131 1 toplam\u0131 12&#8217;den b\u00fcy\u00fckse ay art\u0131 1 toplam\u0131 12&#8217;ye b\u00f6l\u00fcnerek kalan\u0131 buna g\u00f6re d\u00f6nd\u00fcr\u00fcr, aksi halde buna g\u00f6re aya 1 eklenir.<\/p><p> \u00dc\u00e7\u00fcnc\u00fc b\u00f6l\u00fcmde \u201cTarih\u201d fonksiyonu form\u00fcl\u00fcn birinci ve ikinci k\u0131sm\u0131ndan elde edilen ay ve y\u0131l de\u011ferlerini al\u0131p bunlara tarihin g\u00fcn say\u0131s\u0131n\u0131 ekleyecektir.<\/p><div class=\"gb-container gb-container-4db6181c gb-container-mt\"> <a class=\"gb-button gb-button-c5897111 gb-button-text gb-button-mt-button\" href=\"https:\/\/exceladvisor.org\/tr\/excel-ilerlemesi\/\">\u0130leri D\u00fczey Excel Dersleri<\/a><h2 class=\"gb-headline gb-headline-665e5f6b gb-headline-text gb-headline-mt-heading\"> \u0130lgili e\u011fitimler <\/h2><div class=\"gb-grid-wrapper gb-grid-wrapper-a20baf7c gb-grid-wrapper-mt-grid\"><div class=\"gb-grid-column gb-grid-column-65ddf67e\"><div class=\"gb-container gb-container-65ddf67e\"><ul><li> <a href=\"https:\/\/exceladvisor.org\/tr\/tamamen-hakli-cikarmak\/\">Excel&#8217;de Yasla&#8217;y\u0131 Doldurun<\/a><\/li><li> <a href=\"https:\/\/exceladvisor.org\/tr\/excel-formul-cubugu\/\">Excel&#8217;deki form\u00fcl \u00e7ubu\u011fu (gizle, g\u00f6ster ve geni\u015flet)<\/a><\/li><li> <a href=\"https:\/\/exceladvisor.org\/tr\/altbilgi-basligi-ekle\/\">Excel&#8217;de \u00fcstbilgi ve altbilgi ekleme<\/a><\/li><li> <a href=\"https:\/\/exceladvisor.org\/tr\/cetvel\/\">Cetveli Excel&#8217;de g\u00f6ster<\/a><\/li><li> <a href=\"https:\/\/exceladvisor.org\/tr\/doldurma-kolu\/\">Excel&#8217;de doldurma tutamac\u0131<\/a><\/li><\/ul><\/div><\/div><\/div><\/div>","protected":false},"excerpt":{"rendered":"","protected":false},"author":1,"featured_media":0,"parent":0,"menu_order":0,"comment_status":"open","ping_status":"closed","template":"","meta":{"ub_ctt_via":"","footnotes":""},"class_list":["post-2098","page","type-page","status-publish","hentry"],"featured_image_src":null,"yoast_head":"<!-- This site is optimized with the Yoast SEO plugin v25.4 - https:\/\/yoast.com\/wordpress\/plugins\/seo\/ -->\n<title>Excel&#039;de otomatik kayan aylar nas\u0131l olu\u015fturulur?<\/title>\n<meta name=\"description\" content=\"Bu h\u0131zl\u0131 k\u0131lavuz, doldurma tutamac\u0131 se\u00e7ene\u011fini kullanarak Excel&#039;de de\u011fi\u015fen aylar olu\u015fturman\u0131za yard\u0131mc\u0131 olacakt\u0131r. Bunu kontrol edelim.\" \/>\n<meta name=\"robots\" content=\"index, follow, max-snippet:-1, max-image-preview:large, max-video-preview:-1\" \/>\n<link rel=\"canonical\" href=\"https:\/\/exceladvisor.org\/tr\/otomatik-yuvarlanan-aylar\/\" \/>\n<meta property=\"og:locale\" content=\"tr_TR\" \/>\n<meta property=\"og:type\" content=\"article\" \/>\n<meta property=\"og:title\" content=\"Excel&#039;de otomatik kayan aylar nas\u0131l olu\u015fturulur?\" \/>\n<meta property=\"og:description\" content=\"Bu h\u0131zl\u0131 k\u0131lavuz, doldurma tutamac\u0131 se\u00e7ene\u011fini kullanarak Excel&#039;de de\u011fi\u015fen aylar olu\u015fturman\u0131za yard\u0131mc\u0131 olacakt\u0131r. Bunu kontrol edelim.\" \/>\n<meta property=\"og:url\" content=\"https:\/\/exceladvisor.org\/tr\/otomatik-yuvarlanan-aylar\/\" \/>\n<meta property=\"og:site_name\" content=\"Excel Advisor\" \/>\n<meta property=\"article:modified_time\" content=\"2023-12-10T06:01:55+00:00\" \/>\n<meta property=\"og:image\" content=\"https:\/\/exceladvisor.org\/wp-content\/uploads\/2023\/08\/1-mois-glissants-automatiques.gif\" \/>\n<meta name=\"twitter:card\" content=\"summary_large_image\" \/>\n<meta name=\"twitter:label1\" content=\"Tahmini okuma s\u00fcresi\" \/>\n\t<meta name=\"twitter:data1\" content=\"3 dakika\" \/>\n<script type=\"application\/ld+json\" class=\"yoast-schema-graph\">{\"@context\":\"https:\/\/schema.org\",\"@graph\":[{\"@type\":\"WebPage\",\"@id\":\"https:\/\/exceladvisor.org\/tr\/otomatik-yuvarlanan-aylar\/\",\"url\":\"https:\/\/exceladvisor.org\/tr\/otomatik-yuvarlanan-aylar\/\",\"name\":\"Excel&#39;de otomatik kayan aylar nas\u0131l olu\u015fturulur?\",\"isPartOf\":{\"@id\":\"https:\/\/exceladvisor.org\/tr\/#website\"},\"primaryImageOfPage\":{\"@id\":\"https:\/\/exceladvisor.org\/tr\/otomatik-yuvarlanan-aylar\/#primaryimage\"},\"image\":{\"@id\":\"https:\/\/exceladvisor.org\/tr\/otomatik-yuvarlanan-aylar\/#primaryimage\"},\"thumbnailUrl\":\"https:\/\/exceladvisor.org\/wp-content\/uploads\/2023\/08\/1-mois-glissants-automatiques.gif\",\"datePublished\":\"2023-10-17T18:10:45+00:00\",\"dateModified\":\"2023-12-10T06:01:55+00:00\",\"description\":\"Bu h\u0131zl\u0131 k\u0131lavuz, doldurma tutamac\u0131 se\u00e7ene\u011fini kullanarak Excel&#39;de de\u011fi\u015fen aylar olu\u015fturman\u0131za yard\u0131mc\u0131 olacakt\u0131r. Bunu kontrol edelim.\",\"breadcrumb\":{\"@id\":\"https:\/\/exceladvisor.org\/tr\/otomatik-yuvarlanan-aylar\/#breadcrumb\"},\"inLanguage\":\"tr\",\"potentialAction\":[{\"@type\":\"ReadAction\",\"target\":[\"https:\/\/exceladvisor.org\/tr\/otomatik-yuvarlanan-aylar\/\"]}]},{\"@type\":\"ImageObject\",\"inLanguage\":\"tr\",\"@id\":\"https:\/\/exceladvisor.org\/tr\/otomatik-yuvarlanan-aylar\/#primaryimage\",\"url\":\"https:\/\/exceladvisor.org\/wp-content\/uploads\/2023\/08\/1-mois-glissants-automatiques.gif\",\"contentUrl\":\"https:\/\/exceladvisor.org\/wp-content\/uploads\/2023\/08\/1-mois-glissants-automatiques.gif\"},{\"@type\":\"BreadcrumbList\",\"@id\":\"https:\/\/exceladvisor.org\/tr\/otomatik-yuvarlanan-aylar\/#breadcrumb\",\"itemListElement\":[{\"@type\":\"ListItem\",\"position\":1,\"name\":\"Ev\",\"item\":\"https:\/\/exceladvisor.org\/tr\/\"},{\"@type\":\"ListItem\",\"position\":2,\"name\":\"Excel&#39;de otomatik kayan aylar nas\u0131l olu\u015fturulur?\"}]},{\"@type\":\"WebSite\",\"@id\":\"https:\/\/exceladvisor.org\/tr\/#website\",\"url\":\"https:\/\/exceladvisor.org\/tr\/\",\"name\":\"Excel Advisor\",\"description\":\"Veri hakimiyetine y\u00f6nelik nihai rehberiniz!\",\"publisher\":{\"@id\":\"https:\/\/exceladvisor.org\/tr\/#organization\"},\"potentialAction\":[{\"@type\":\"SearchAction\",\"target\":{\"@type\":\"EntryPoint\",\"urlTemplate\":\"https:\/\/exceladvisor.org\/tr\/?s={search_term_string}\"},\"query-input\":{\"@type\":\"PropertyValueSpecification\",\"valueRequired\":true,\"valueName\":\"search_term_string\"}}],\"inLanguage\":\"tr\"},{\"@type\":\"Organization\",\"@id\":\"https:\/\/exceladvisor.org\/tr\/#organization\",\"name\":\"Excel Advisor\",\"url\":\"https:\/\/exceladvisor.org\/tr\/\",\"logo\":{\"@type\":\"ImageObject\",\"inLanguage\":\"tr\",\"@id\":\"https:\/\/exceladvisor.org\/tr\/#\/schema\/logo\/image\/\",\"url\":\"https:\/\/exceladvisor.org\/tr\/wp-content\/uploads\/2023\/12\/exceladvisor.org_.png\",\"contentUrl\":\"https:\/\/exceladvisor.org\/tr\/wp-content\/uploads\/2023\/12\/exceladvisor.org_.png\",\"width\":105,\"height\":36,\"caption\":\"Excel Advisor\"},\"image\":{\"@id\":\"https:\/\/exceladvisor.org\/tr\/#\/schema\/logo\/image\/\"}}]}<\/script>\n<!-- \/ Yoast SEO plugin. -->","yoast_head_json":{"title":"Excel&#39;de otomatik kayan aylar nas\u0131l olu\u015fturulur?","description":"Bu h\u0131zl\u0131 k\u0131lavuz, doldurma tutamac\u0131 se\u00e7ene\u011fini kullanarak Excel&#39;de de\u011fi\u015fen aylar olu\u015fturman\u0131za yard\u0131mc\u0131 olacakt\u0131r. Bunu kontrol edelim.","robots":{"index":"index","follow":"follow","max-snippet":"max-snippet:-1","max-image-preview":"max-image-preview:large","max-video-preview":"max-video-preview:-1"},"canonical":"https:\/\/exceladvisor.org\/tr\/otomatik-yuvarlanan-aylar\/","og_locale":"tr_TR","og_type":"article","og_title":"Excel&#39;de otomatik kayan aylar nas\u0131l olu\u015fturulur?","og_description":"Bu h\u0131zl\u0131 k\u0131lavuz, doldurma tutamac\u0131 se\u00e7ene\u011fini kullanarak Excel&#39;de de\u011fi\u015fen aylar olu\u015fturman\u0131za yard\u0131mc\u0131 olacakt\u0131r. Bunu kontrol edelim.","og_url":"https:\/\/exceladvisor.org\/tr\/otomatik-yuvarlanan-aylar\/","og_site_name":"Excel Advisor","article_modified_time":"2023-12-10T06:01:55+00:00","og_image":[{"url":"https:\/\/exceladvisor.org\/wp-content\/uploads\/2023\/08\/1-mois-glissants-automatiques.gif","type":"","width":"","height":""}],"twitter_card":"summary_large_image","twitter_misc":{"Tahmini okuma s\u00fcresi":"3 dakika"},"schema":{"@context":"https:\/\/schema.org","@graph":[{"@type":"WebPage","@id":"https:\/\/exceladvisor.org\/tr\/otomatik-yuvarlanan-aylar\/","url":"https:\/\/exceladvisor.org\/tr\/otomatik-yuvarlanan-aylar\/","name":"Excel&#39;de otomatik kayan aylar nas\u0131l olu\u015fturulur?","isPartOf":{"@id":"https:\/\/exceladvisor.org\/tr\/#website"},"primaryImageOfPage":{"@id":"https:\/\/exceladvisor.org\/tr\/otomatik-yuvarlanan-aylar\/#primaryimage"},"image":{"@id":"https:\/\/exceladvisor.org\/tr\/otomatik-yuvarlanan-aylar\/#primaryimage"},"thumbnailUrl":"https:\/\/exceladvisor.org\/wp-content\/uploads\/2023\/08\/1-mois-glissants-automatiques.gif","datePublished":"2023-10-17T18:10:45+00:00","dateModified":"2023-12-10T06:01:55+00:00","description":"Bu h\u0131zl\u0131 k\u0131lavuz, doldurma tutamac\u0131 se\u00e7ene\u011fini kullanarak Excel&#39;de de\u011fi\u015fen aylar olu\u015fturman\u0131za yard\u0131mc\u0131 olacakt\u0131r. Bunu kontrol edelim.","breadcrumb":{"@id":"https:\/\/exceladvisor.org\/tr\/otomatik-yuvarlanan-aylar\/#breadcrumb"},"inLanguage":"tr","potentialAction":[{"@type":"ReadAction","target":["https:\/\/exceladvisor.org\/tr\/otomatik-yuvarlanan-aylar\/"]}]},{"@type":"ImageObject","inLanguage":"tr","@id":"https:\/\/exceladvisor.org\/tr\/otomatik-yuvarlanan-aylar\/#primaryimage","url":"https:\/\/exceladvisor.org\/wp-content\/uploads\/2023\/08\/1-mois-glissants-automatiques.gif","contentUrl":"https:\/\/exceladvisor.org\/wp-content\/uploads\/2023\/08\/1-mois-glissants-automatiques.gif"},{"@type":"BreadcrumbList","@id":"https:\/\/exceladvisor.org\/tr\/otomatik-yuvarlanan-aylar\/#breadcrumb","itemListElement":[{"@type":"ListItem","position":1,"name":"Ev","item":"https:\/\/exceladvisor.org\/tr\/"},{"@type":"ListItem","position":2,"name":"Excel&#39;de otomatik kayan aylar nas\u0131l olu\u015fturulur?"}]},{"@type":"WebSite","@id":"https:\/\/exceladvisor.org\/tr\/#website","url":"https:\/\/exceladvisor.org\/tr\/","name":"Excel Advisor","description":"Veri hakimiyetine y\u00f6nelik nihai rehberiniz!","publisher":{"@id":"https:\/\/exceladvisor.org\/tr\/#organization"},"potentialAction":[{"@type":"SearchAction","target":{"@type":"EntryPoint","urlTemplate":"https:\/\/exceladvisor.org\/tr\/?s={search_term_string}"},"query-input":{"@type":"PropertyValueSpecification","valueRequired":true,"valueName":"search_term_string"}}],"inLanguage":"tr"},{"@type":"Organization","@id":"https:\/\/exceladvisor.org\/tr\/#organization","name":"Excel Advisor","url":"https:\/\/exceladvisor.org\/tr\/","logo":{"@type":"ImageObject","inLanguage":"tr","@id":"https:\/\/exceladvisor.org\/tr\/#\/schema\/logo\/image\/","url":"https:\/\/exceladvisor.org\/tr\/wp-content\/uploads\/2023\/12\/exceladvisor.org_.png","contentUrl":"https:\/\/exceladvisor.org\/tr\/wp-content\/uploads\/2023\/12\/exceladvisor.org_.png","width":105,"height":36,"caption":"Excel Advisor"},"image":{"@id":"https:\/\/exceladvisor.org\/tr\/#\/schema\/logo\/image\/"}}]}},"yoast_meta":{"yoast_wpseo_title":"","yoast_wpseo_metadesc":"","yoast_wpseo_canonical":""},"_links":{"self":[{"href":"https:\/\/exceladvisor.org\/tr\/wp-json\/wp\/v2\/pages\/2098","targetHints":{"allow":["GET"]}}],"collection":[{"href":"https:\/\/exceladvisor.org\/tr\/wp-json\/wp\/v2\/pages"}],"about":[{"href":"https:\/\/exceladvisor.org\/tr\/wp-json\/wp\/v2\/types\/page"}],"author":[{"embeddable":true,"href":"https:\/\/exceladvisor.org\/tr\/wp-json\/wp\/v2\/users\/1"}],"replies":[{"embeddable":true,"href":"https:\/\/exceladvisor.org\/tr\/wp-json\/wp\/v2\/comments?post=2098"}],"version-history":[{"count":1,"href":"https:\/\/exceladvisor.org\/tr\/wp-json\/wp\/v2\/pages\/2098\/revisions"}],"predecessor-version":[{"id":2566,"href":"https:\/\/exceladvisor.org\/tr\/wp-json\/wp\/v2\/pages\/2098\/revisions\/2566"}],"wp:attachment":[{"href":"https:\/\/exceladvisor.org\/tr\/wp-json\/wp\/v2\/media?parent=2098"}],"curies":[{"name":"wp","href":"https:\/\/api.w.org\/{rel}","templated":true}]}}