{"id":2099,"date":"2023-10-17T17:18:59","date_gmt":"2023-10-17T17:18:59","guid":{"rendered":"https:\/\/exceladvisor.org\/tr\/kaydirma-kilidi\/"},"modified":"2023-12-10T06:01:00","modified_gmt":"2023-12-10T06:01:00","slug":"kaydirma-kilidi","status":"publish","type":"page","link":"https:\/\/exceladvisor.org\/tr\/kaydirma-kilidi\/","title":{"rendered":"Excel&#39;de \u00e7al\u0131\u015fmayan ok tu\u015flar\u0131 nas\u0131l d\u00fczeltilir?"},"content":{"rendered":"<div class=\"excel-icerikten-once\" id=\"excel-2129231370\"><script type=\"text\/javascript\">\r\n\tatOptions = {\r\n\t\t'key' : 'c1158f160081d6540a8409e6925dab94',\r\n\t\t'format' : 'iframe',\r\n\t\t'height' : 250,\r\n\t\t'width' : 300,\r\n\t\t'params' : {}\r\n\t};\r\n<\/script>\r\n<script type=\"text\/javascript\" src=\"\/\/www.highperformanceformat.com\/c1158f160081d6540a8409e6925dab94\/invoke.js\"><\/script><\/div> <p>Bu genellikle klavyedeki ok tu\u015fuyla gezinmeye \u00e7al\u0131\u015ft\u0131\u011f\u0131mda ba\u015f\u0131ma geliyor, ancak bir sonraki h\u00fccreye gitmek yerine Excel penceresini hareket ettiriyor. Bu, Excel Windows&#8217;ta olur, ancak Mac&#8217;te pek fazla olmaz.<\/p><p> Nedeni ne? Kayd\u0131rma kilidi<\/p><h2 class=\"wp-block-heading\"> Excel&#8217;de Ok Tu\u015flar\u0131n\u0131 D\u00fczeltme (Kayd\u0131rma Kilidi)<\/h2><p> PC klavyesi kullan\u0131yorsan\u0131z Kayd\u0131rma Kilidi tu\u015funa sahip olabilirsiniz, o y\u00fczden bu tu\u015fa bas\u0131n. Bu, Kayd\u0131rma Kilidini devre d\u0131\u015f\u0131 b\u0131rakacak ve ok tu\u015flar\u0131n\u0131z yeniden \u00e7al\u0131\u015facakt\u0131r. <\/p><div class=\"wp-block-image\"><figure class=\"aligncenter size-full is-resized\"><img loading=\"lazy\" decoding=\"async\" class=\"wp-image-85895\" src=\"https:\/\/exceladvisor.org\/wp-content\/uploads\/2023\/08\/1-fixer-les-touches-flechees.png\" sizes=\"auto, \" srcset=\"\" alt=\"ok tu\u015flar\u0131n\u0131 d\u00fczelt\" width=\"116\" height=\"110\"><\/figure><\/div><p> Ancak Excel&#8217;i kayd\u0131rma d\u00fc\u011fmesinin bulunmad\u0131\u011f\u0131 bir diz\u00fcst\u00fc bilgisayardan kullan\u0131yorsan\u0131z \u015funlar\u0131 kullanabilirsiniz:<\/p><p> <strong>Fn+K<\/strong><\/p><p> Kayd\u0131rma kilidini devre d\u0131\u015f\u0131 b\u0131rakmak i\u00e7in. Ve yeniden etkinle\u015ftirmek istiyorsan\u0131z:<\/p><p> <strong>Fn+C<\/strong><\/p><p> A\u015fa\u011f\u0131daki ad\u0131mlar\u0131 izleyerek ekran klavyesini de kullanabilirsiniz:<\/p><ol><li> Windows Arama&#8217;y\u0131 a\u00e7mak i\u00e7in Window + S klavye k\u0131sayolunu kullan\u0131n.<\/li><li> \u201cEkran Klavyesi\u201d yaz\u0131n ve a\u00e7\u0131n. <br><img loading=\"lazy\" decoding=\"async\" title=\"2 tip ekran klavyesi\" src=\"https:\/\/exceladvisor.org\/wp-content\/uploads\/2023\/08\/2-types-de-clavier-a-lecran.png\" sizes=\"auto, \" srcset=\"\" alt=\"type-on-screen-keyboard\" width=\"556\" height=\"305\"><\/li><li> Ekranda \u201cEkran Klavyesi\u201d a\u00e7\u0131l\u0131r.<\/li><li> Oradan \u201cScroll Lock\u201d butonuna t\u0131klay\u0131n. <br><img loading=\"lazy\" decoding=\"async\" title=\"3 t\u0131klamayla kayd\u0131rma d\u00fc\u011fmesi\" src=\"https:\/\/exceladvisor.org\/wp-content\/uploads\/2023\/08\/3-cliquez-sur-le-bouton-de-defilement.png\" sizes=\"auto, \" srcset=\"\" alt=\"click-on-scroll-button\" width=\"787\" height=\"229\"><\/li><li> Sonunda e-tabloya d\u00f6n\u00fcn ve klavyedeki gezinme tu\u015flar\u0131n\u0131 kullan\u0131n.<\/li><\/ol><h2 class=\"wp-block-heading\"> Excel&#8217;de kullanman\u0131z gereken kayd\u0131rma ayar\u0131<\/h2><p> Kayd\u0131rma Kilidini a\u00e7\u0131p kapatman\u0131n en iyi yolu klavyeyi veya ekran klavyesini kullanmakt\u0131r. Ancak Excel&#8217;in durum \u00e7ubu\u011funda etkinle\u015ftirebilece\u011finiz bir ayar vard\u0131r.<\/p><ul><li> Durum \u00e7ubu\u011funa sa\u011f t\u0131klay\u0131n.<\/li><li> Kayd\u0131rma \u00e7ubu\u011funa t\u0131klay\u0131n. <\/li><\/ul><div class=\"wp-block-image\"><figure class=\"aligncenter size-full is-resized\"><img loading=\"lazy\" decoding=\"async\" class=\"wp-image-85898\" src=\"https:\/\/exceladvisor.org\/wp-content\/uploads\/2023\/08\/4-parametres-de-defilement-dans-Excel.png\" sizes=\"auto, \" srcset=\"\" alt=\"Excel'de kayd\u0131rma ayarlar\u0131\" width=\"352\" height=\"359\"><\/figure><\/div><p> Kayd\u0131rma kilidini etkinle\u015ftirmi\u015f olsan\u0131z bile, durum \u00e7ubu\u011funda &#8220;Scroll Lock&#8221; adl\u0131 k\u00fc\u00e7\u00fck bir mesaj g\u00f6r\u00fcnt\u00fclenecektir. <\/p><div class=\"wp-block-image\"><figure class=\"aligncenter size-full is-resized\"><img loading=\"lazy\" decoding=\"async\" class=\"wp-image-85899\" src=\"https:\/\/exceladvisor.org\/wp-content\/uploads\/2023\/08\/5-verrouillage-du-defilement-active.png\" sizes=\"auto, \" srcset=\"\" alt=\"kayd\u0131rma kilidi etkin\" width=\"450\" height=\"95\"><\/figure><\/div><p> Excel&#8217;de gezinme tu\u015flar\u0131 \u00e7al\u0131\u015fmad\u0131\u011f\u0131nda sorunu tan\u0131mlaman\u0131za yard\u0131mc\u0131 olur.<\/p><p class=\"tip-box\"> Kayd\u0131rma Kilidi, yaln\u0131zca Excel&#8217;de de\u011fil, i\u015fletim sistemi d\u00fczeyinde de etkinle\u015ftirilebilen bir se\u00e7enektir. Ancak bazen Excel&#8217;de \u00e7al\u0131\u015f\u0131rken tak\u0131l\u0131p kal\u0131yor.<\/p><div class=\"gb-container gb-container-4db6181c gb-container-mt\"> <a class=\"gb-button gb-button-c5897111 gb-button-text gb-button-mt-button\" href=\"https:\/\/exceladvisor.org\/tr\/excel-ilerlemesi\/\">\u0130leri D\u00fczey Excel Dersleri<\/a><h2 class=\"gb-headline gb-headline-665e5f6b gb-headline-text gb-headline-mt-heading\"> \u0130lgili e\u011fitimler <\/h2><div class=\"gb-grid-wrapper gb-grid-wrapper-a20baf7c gb-grid-wrapper-mt-grid\"><div class=\"gb-grid-column gb-grid-column-65ddf67e\"><div class=\"gb-container gb-container-65ddf67e\"><ul><li> <a href=\"https:\/\/exceladvisor.org\/tr\/tamamen-hakli-cikarmak\/\">Excel&#8217;de Yasla&#8217;y\u0131 Doldurun<\/a><\/li><li> <a href=\"https:\/\/exceladvisor.org\/tr\/excel-formul-cubugu\/\">Excel&#8217;deki form\u00fcl \u00e7ubu\u011fu (gizle, g\u00f6ster ve geni\u015flet)<\/a><\/li><li> <a href=\"https:\/\/exceladvisor.org\/tr\/altbilgi-basligi-ekle\/\">Excel&#8217;de \u00fcstbilgi ve altbilgi ekleme<\/a><\/li><li> <a href=\"https:\/\/exceladvisor.org\/tr\/cetvel\/\">Cetveli Excel&#8217;de g\u00f6ster<\/a><\/li><li> <a href=\"https:\/\/exceladvisor.org\/tr\/doldurma-kolu\/\">Excel&#8217;de doldurma tutamac\u0131<\/a><\/li><\/ul><\/div><\/div><\/div><\/div>","protected":false},"excerpt":{"rendered":"","protected":false},"author":1,"featured_media":0,"parent":0,"menu_order":0,"comment_status":"open","ping_status":"closed","template":"","meta":{"ub_ctt_via":"","footnotes":""},"class_list":["post-2099","page","type-page","status-publish","hentry"],"featured_image_src":null,"yoast_head":"<!-- This site is optimized with the Yoast SEO plugin v25.4 - https:\/\/yoast.com\/wordpress\/plugins\/seo\/ -->\n<title>Ok Tu\u015flar\u0131n\u0131n \u00c7al\u0131\u015fmamas\u0131 Nas\u0131l D\u00fczeltilir?<\/title>\n<meta name=\"description\" content=\"Bu h\u0131zl\u0131 k\u0131lavuz, ok tu\u015flar\u0131n\u0131z Excel&#039;de \u00e7al\u0131\u015fm\u0131yorsa (A\u00c7IK-KAPALI Kayd\u0131rma Kilidi) d\u00fczeltmenize yard\u0131mc\u0131 olacakt\u0131r. Bunu kontrol edelim...\" \/>\n<meta name=\"robots\" content=\"index, follow, max-snippet:-1, max-image-preview:large, max-video-preview:-1\" \/>\n<link rel=\"canonical\" href=\"https:\/\/exceladvisor.org\/tr\/kaydirma-kilidi\/\" \/>\n<meta property=\"og:locale\" content=\"tr_TR\" \/>\n<meta property=\"og:type\" content=\"article\" \/>\n<meta property=\"og:title\" content=\"Ok Tu\u015flar\u0131n\u0131n \u00c7al\u0131\u015fmamas\u0131 Nas\u0131l D\u00fczeltilir?\" \/>\n<meta property=\"og:description\" content=\"Bu h\u0131zl\u0131 k\u0131lavuz, ok tu\u015flar\u0131n\u0131z Excel&#039;de \u00e7al\u0131\u015fm\u0131yorsa (A\u00c7IK-KAPALI Kayd\u0131rma Kilidi) d\u00fczeltmenize yard\u0131mc\u0131 olacakt\u0131r. Bunu kontrol edelim...\" \/>\n<meta property=\"og:url\" content=\"https:\/\/exceladvisor.org\/tr\/kaydirma-kilidi\/\" \/>\n<meta property=\"og:site_name\" content=\"Excel Advisor\" \/>\n<meta property=\"article:modified_time\" content=\"2023-12-10T06:01:00+00:00\" \/>\n<meta property=\"og:image\" content=\"https:\/\/exceladvisor.org\/wp-content\/uploads\/2023\/08\/1-fixer-les-touches-flechees.png\" \/>\n<meta name=\"twitter:card\" content=\"summary_large_image\" \/>\n<meta name=\"twitter:label1\" content=\"Tahmini okuma s\u00fcresi\" \/>\n\t<meta name=\"twitter:data1\" content=\"2 dakika\" \/>\n<script type=\"application\/ld+json\" class=\"yoast-schema-graph\">{\"@context\":\"https:\/\/schema.org\",\"@graph\":[{\"@type\":\"WebPage\",\"@id\":\"https:\/\/exceladvisor.org\/tr\/kaydirma-kilidi\/\",\"url\":\"https:\/\/exceladvisor.org\/tr\/kaydirma-kilidi\/\",\"name\":\"Ok Tu\u015flar\u0131n\u0131n \u00c7al\u0131\u015fmamas\u0131 Nas\u0131l D\u00fczeltilir?\",\"isPartOf\":{\"@id\":\"https:\/\/exceladvisor.org\/tr\/#website\"},\"primaryImageOfPage\":{\"@id\":\"https:\/\/exceladvisor.org\/tr\/kaydirma-kilidi\/#primaryimage\"},\"image\":{\"@id\":\"https:\/\/exceladvisor.org\/tr\/kaydirma-kilidi\/#primaryimage\"},\"thumbnailUrl\":\"https:\/\/exceladvisor.org\/wp-content\/uploads\/2023\/08\/1-fixer-les-touches-flechees.png\",\"datePublished\":\"2023-10-17T17:18:59+00:00\",\"dateModified\":\"2023-12-10T06:01:00+00:00\",\"description\":\"Bu h\u0131zl\u0131 k\u0131lavuz, ok tu\u015flar\u0131n\u0131z Excel&#39;de \u00e7al\u0131\u015fm\u0131yorsa (A\u00c7IK-KAPALI Kayd\u0131rma Kilidi) d\u00fczeltmenize yard\u0131mc\u0131 olacakt\u0131r. Bunu kontrol edelim...\",\"breadcrumb\":{\"@id\":\"https:\/\/exceladvisor.org\/tr\/kaydirma-kilidi\/#breadcrumb\"},\"inLanguage\":\"tr\",\"potentialAction\":[{\"@type\":\"ReadAction\",\"target\":[\"https:\/\/exceladvisor.org\/tr\/kaydirma-kilidi\/\"]}]},{\"@type\":\"ImageObject\",\"inLanguage\":\"tr\",\"@id\":\"https:\/\/exceladvisor.org\/tr\/kaydirma-kilidi\/#primaryimage\",\"url\":\"https:\/\/exceladvisor.org\/wp-content\/uploads\/2023\/08\/1-fixer-les-touches-flechees.png\",\"contentUrl\":\"https:\/\/exceladvisor.org\/wp-content\/uploads\/2023\/08\/1-fixer-les-touches-flechees.png\"},{\"@type\":\"BreadcrumbList\",\"@id\":\"https:\/\/exceladvisor.org\/tr\/kaydirma-kilidi\/#breadcrumb\",\"itemListElement\":[{\"@type\":\"ListItem\",\"position\":1,\"name\":\"Ev\",\"item\":\"https:\/\/exceladvisor.org\/tr\/\"},{\"@type\":\"ListItem\",\"position\":2,\"name\":\"Excel&#39;de \u00e7al\u0131\u015fmayan ok tu\u015flar\u0131 nas\u0131l d\u00fczeltilir?\"}]},{\"@type\":\"WebSite\",\"@id\":\"https:\/\/exceladvisor.org\/tr\/#website\",\"url\":\"https:\/\/exceladvisor.org\/tr\/\",\"name\":\"Excel Advisor\",\"description\":\"Veri hakimiyetine y\u00f6nelik nihai rehberiniz!\",\"publisher\":{\"@id\":\"https:\/\/exceladvisor.org\/tr\/#organization\"},\"potentialAction\":[{\"@type\":\"SearchAction\",\"target\":{\"@type\":\"EntryPoint\",\"urlTemplate\":\"https:\/\/exceladvisor.org\/tr\/?s={search_term_string}\"},\"query-input\":{\"@type\":\"PropertyValueSpecification\",\"valueRequired\":true,\"valueName\":\"search_term_string\"}}],\"inLanguage\":\"tr\"},{\"@type\":\"Organization\",\"@id\":\"https:\/\/exceladvisor.org\/tr\/#organization\",\"name\":\"Excel Advisor\",\"url\":\"https:\/\/exceladvisor.org\/tr\/\",\"logo\":{\"@type\":\"ImageObject\",\"inLanguage\":\"tr\",\"@id\":\"https:\/\/exceladvisor.org\/tr\/#\/schema\/logo\/image\/\",\"url\":\"https:\/\/exceladvisor.org\/tr\/wp-content\/uploads\/2023\/12\/exceladvisor.org_.png\",\"contentUrl\":\"https:\/\/exceladvisor.org\/tr\/wp-content\/uploads\/2023\/12\/exceladvisor.org_.png\",\"width\":105,\"height\":36,\"caption\":\"Excel Advisor\"},\"image\":{\"@id\":\"https:\/\/exceladvisor.org\/tr\/#\/schema\/logo\/image\/\"}}]}<\/script>\n<!-- \/ Yoast SEO plugin. -->","yoast_head_json":{"title":"Ok Tu\u015flar\u0131n\u0131n \u00c7al\u0131\u015fmamas\u0131 Nas\u0131l D\u00fczeltilir?","description":"Bu h\u0131zl\u0131 k\u0131lavuz, ok tu\u015flar\u0131n\u0131z Excel&#39;de \u00e7al\u0131\u015fm\u0131yorsa (A\u00c7IK-KAPALI Kayd\u0131rma Kilidi) d\u00fczeltmenize yard\u0131mc\u0131 olacakt\u0131r. Bunu kontrol edelim...","robots":{"index":"index","follow":"follow","max-snippet":"max-snippet:-1","max-image-preview":"max-image-preview:large","max-video-preview":"max-video-preview:-1"},"canonical":"https:\/\/exceladvisor.org\/tr\/kaydirma-kilidi\/","og_locale":"tr_TR","og_type":"article","og_title":"Ok Tu\u015flar\u0131n\u0131n \u00c7al\u0131\u015fmamas\u0131 Nas\u0131l D\u00fczeltilir?","og_description":"Bu h\u0131zl\u0131 k\u0131lavuz, ok tu\u015flar\u0131n\u0131z Excel&#39;de \u00e7al\u0131\u015fm\u0131yorsa (A\u00c7IK-KAPALI Kayd\u0131rma Kilidi) d\u00fczeltmenize yard\u0131mc\u0131 olacakt\u0131r. Bunu kontrol edelim...","og_url":"https:\/\/exceladvisor.org\/tr\/kaydirma-kilidi\/","og_site_name":"Excel Advisor","article_modified_time":"2023-12-10T06:01:00+00:00","og_image":[{"url":"https:\/\/exceladvisor.org\/wp-content\/uploads\/2023\/08\/1-fixer-les-touches-flechees.png","type":"","width":"","height":""}],"twitter_card":"summary_large_image","twitter_misc":{"Tahmini okuma s\u00fcresi":"2 dakika"},"schema":{"@context":"https:\/\/schema.org","@graph":[{"@type":"WebPage","@id":"https:\/\/exceladvisor.org\/tr\/kaydirma-kilidi\/","url":"https:\/\/exceladvisor.org\/tr\/kaydirma-kilidi\/","name":"Ok Tu\u015flar\u0131n\u0131n \u00c7al\u0131\u015fmamas\u0131 Nas\u0131l D\u00fczeltilir?","isPartOf":{"@id":"https:\/\/exceladvisor.org\/tr\/#website"},"primaryImageOfPage":{"@id":"https:\/\/exceladvisor.org\/tr\/kaydirma-kilidi\/#primaryimage"},"image":{"@id":"https:\/\/exceladvisor.org\/tr\/kaydirma-kilidi\/#primaryimage"},"thumbnailUrl":"https:\/\/exceladvisor.org\/wp-content\/uploads\/2023\/08\/1-fixer-les-touches-flechees.png","datePublished":"2023-10-17T17:18:59+00:00","dateModified":"2023-12-10T06:01:00+00:00","description":"Bu h\u0131zl\u0131 k\u0131lavuz, ok tu\u015flar\u0131n\u0131z Excel&#39;de \u00e7al\u0131\u015fm\u0131yorsa (A\u00c7IK-KAPALI Kayd\u0131rma Kilidi) d\u00fczeltmenize yard\u0131mc\u0131 olacakt\u0131r. Bunu kontrol edelim...","breadcrumb":{"@id":"https:\/\/exceladvisor.org\/tr\/kaydirma-kilidi\/#breadcrumb"},"inLanguage":"tr","potentialAction":[{"@type":"ReadAction","target":["https:\/\/exceladvisor.org\/tr\/kaydirma-kilidi\/"]}]},{"@type":"ImageObject","inLanguage":"tr","@id":"https:\/\/exceladvisor.org\/tr\/kaydirma-kilidi\/#primaryimage","url":"https:\/\/exceladvisor.org\/wp-content\/uploads\/2023\/08\/1-fixer-les-touches-flechees.png","contentUrl":"https:\/\/exceladvisor.org\/wp-content\/uploads\/2023\/08\/1-fixer-les-touches-flechees.png"},{"@type":"BreadcrumbList","@id":"https:\/\/exceladvisor.org\/tr\/kaydirma-kilidi\/#breadcrumb","itemListElement":[{"@type":"ListItem","position":1,"name":"Ev","item":"https:\/\/exceladvisor.org\/tr\/"},{"@type":"ListItem","position":2,"name":"Excel&#39;de \u00e7al\u0131\u015fmayan ok tu\u015flar\u0131 nas\u0131l d\u00fczeltilir?"}]},{"@type":"WebSite","@id":"https:\/\/exceladvisor.org\/tr\/#website","url":"https:\/\/exceladvisor.org\/tr\/","name":"Excel Advisor","description":"Veri hakimiyetine y\u00f6nelik nihai rehberiniz!","publisher":{"@id":"https:\/\/exceladvisor.org\/tr\/#organization"},"potentialAction":[{"@type":"SearchAction","target":{"@type":"EntryPoint","urlTemplate":"https:\/\/exceladvisor.org\/tr\/?s={search_term_string}"},"query-input":{"@type":"PropertyValueSpecification","valueRequired":true,"valueName":"search_term_string"}}],"inLanguage":"tr"},{"@type":"Organization","@id":"https:\/\/exceladvisor.org\/tr\/#organization","name":"Excel Advisor","url":"https:\/\/exceladvisor.org\/tr\/","logo":{"@type":"ImageObject","inLanguage":"tr","@id":"https:\/\/exceladvisor.org\/tr\/#\/schema\/logo\/image\/","url":"https:\/\/exceladvisor.org\/tr\/wp-content\/uploads\/2023\/12\/exceladvisor.org_.png","contentUrl":"https:\/\/exceladvisor.org\/tr\/wp-content\/uploads\/2023\/12\/exceladvisor.org_.png","width":105,"height":36,"caption":"Excel Advisor"},"image":{"@id":"https:\/\/exceladvisor.org\/tr\/#\/schema\/logo\/image\/"}}]}},"yoast_meta":{"yoast_wpseo_title":"","yoast_wpseo_metadesc":"","yoast_wpseo_canonical":""},"_links":{"self":[{"href":"https:\/\/exceladvisor.org\/tr\/wp-json\/wp\/v2\/pages\/2099","targetHints":{"allow":["GET"]}}],"collection":[{"href":"https:\/\/exceladvisor.org\/tr\/wp-json\/wp\/v2\/pages"}],"about":[{"href":"https:\/\/exceladvisor.org\/tr\/wp-json\/wp\/v2\/types\/page"}],"author":[{"embeddable":true,"href":"https:\/\/exceladvisor.org\/tr\/wp-json\/wp\/v2\/users\/1"}],"replies":[{"embeddable":true,"href":"https:\/\/exceladvisor.org\/tr\/wp-json\/wp\/v2\/comments?post=2099"}],"version-history":[{"count":1,"href":"https:\/\/exceladvisor.org\/tr\/wp-json\/wp\/v2\/pages\/2099\/revisions"}],"predecessor-version":[{"id":2456,"href":"https:\/\/exceladvisor.org\/tr\/wp-json\/wp\/v2\/pages\/2099\/revisions\/2456"}],"wp:attachment":[{"href":"https:\/\/exceladvisor.org\/tr\/wp-json\/wp\/v2\/media?parent=2099"}],"curies":[{"name":"wp","href":"https:\/\/api.w.org\/{rel}","templated":true}]}}