{"id":2100,"date":"2023-10-17T00:17:04","date_gmt":"2023-10-17T00:17:04","guid":{"rendered":"https:\/\/exceladvisor.org\/tr\/menzil\/"},"modified":"2023-12-10T05:59:30","modified_gmt":"2023-12-10T05:59:30","slug":"menzil","status":"publish","type":"page","link":"https:\/\/exceladvisor.org\/tr\/menzil\/","title":{"rendered":"Excel aral\u0131\u011f\u0131 nedir ve \u00f6zellikleri?"},"content":{"rendered":"<div class=\"excel-icerikten-once\" id=\"excel-3377996497\"><script type=\"text\/javascript\">\r\n\tatOptions = {\r\n\t\t'key' : 'c1158f160081d6540a8409e6925dab94',\r\n\t\t'format' : 'iframe',\r\n\t\t'height' : 250,\r\n\t\t'width' : 300,\r\n\t\t'params' : {}\r\n\t};\r\n<\/script>\r\n<script type=\"text\/javascript\" src=\"\/\/www.highperformanceformat.com\/c1158f160081d6540a8409e6925dab94\/invoke.js\"><\/script><\/div> <h2 class=\"wp-block-heading\">Excel&#8217;de aral\u0131k nedir<\/h2><p> Aral\u0131k, Excel&#8217;deki birka\u00e7 h\u00fccreden olu\u015fan bir gruptur. S\u00fcrekli ve s\u00fcrekli olmayan bir aral\u0131k olabilir. T\u0131pk\u0131 tek bir h\u00fccre gibi, her aral\u0131\u011f\u0131n da o aral\u0131\u011fa at\u0131fta bulunmak i\u00e7in kullanabilece\u011finiz bir adresi vard\u0131r. Bir s\u00fctun ve sat\u0131r ayn\u0131 zamanda bir h\u00fccre grubu oldu\u011fundan s\u00fcrekli aral\u0131\u011f\u0131n bir bi\u00e7imidir.<\/p><h2 class=\"wp-block-heading\"> H\u00fccre aral\u0131\u011f\u0131n\u0131 se\u00e7in<\/h2><p> Excel&#8217;de verilerle \u00e7al\u0131\u015f\u0131rken, kopyalay\u0131p yap\u0131\u015ft\u0131rman\u0131za, ta\u015f\u0131man\u0131za ve silmenize (ba\u015fka bir\u00e7ok \u015feye) olanak tan\u0131yan bir aral\u0131k se\u00e7meniz gerekir.<\/p><p> Aral\u0131\u011f\u0131n tamam\u0131n\u0131 se\u00e7mek i\u00e7in se\u00e7imi ba\u015flatmak istedi\u011finiz h\u00fccreyi se\u00e7in (C1). Farenin sol d\u00fc\u011fmesini bas\u0131l\u0131 tutarak, se\u00e7im aral\u0131\u011f\u0131n\u0131z\u0131 geni\u015fletmek istedi\u011finiz h\u00fccreyi se\u00e7in. <\/p><div class=\"wp-block-image\"><figure class=\"aligncenter size-full is-resized\"><img loading=\"lazy\" decoding=\"async\" class=\"wp-image-78750\" src=\"https:\/\/exceladvisor.org\/wp-content\/uploads\/2023\/08\/image-gif.gif\" sizes=\"auto, \" srcset=\"\" alt=\"\" width=\"480\" height=\"321\"><\/figure><\/div><p> Aral\u0131\u011f\u0131 se\u00e7menin ba\u015fka bir yolu da Shift tu\u015funa bas\u0131p gezinme tu\u015flar\u0131n\u0131 kullanmakt\u0131r. Yukar\u0131daki anl\u0131k g\u00f6r\u00fcnt\u00fcde g\u00f6rebilece\u011finiz gibi C1&#8217;den C10&#8217;a kadar olan aral\u0131\u011f\u0131 se\u00e7iyoruz.<\/p><p class=\"tips\"> Bir aral\u0131k se\u00e7ti\u011finizde Excel, form\u00fcl \u00e7ubu\u011funun solundaki Ad kutusunda sat\u0131r ve s\u00fctun say\u0131s\u0131n\u0131 g\u00f6r\u00fcnt\u00fcler.<\/p><p class=\"tips\"> Se\u00e7imi tamamlad\u0131ktan sonra ad kutusu, vurgulanmayan etkin h\u00fccrenin adresini g\u00f6r\u00fcnt\u00fcler. <\/p><div class=\"wp-block-image\"><figure class=\"aligncenter size-full is-resized\"><img loading=\"lazy\" decoding=\"async\" class=\"wp-image-78744\" src=\"https:\/\/exceladvisor.org\/wp-content\/uploads\/2023\/08\/1-case-nom-dans-la-feuille.png\" sizes=\"auto, \" srcset=\"\" alt=\"sayfadaki alan ad\u0131\" width=\"500\" height=\"216\"><\/figure><\/div><h2 class=\"wp-block-heading\"> Biti\u015fik bir aral\u0131\u011fa at\u0131fta bulunmak<\/h2><p> Bir i\u015flev veya form\u00fcldeki bir aral\u0131\u011fa ba\u015fvuruda bulunmak i\u00e7in iki farkl\u0131 y\u00f6nteminiz vard\u0131r:<\/p><ul><li> <strong>Fare:<\/strong> Bir fonksiyon veya form\u00fcl girerken farenizi kullanarak aral\u0131\u011f\u0131 se\u00e7ebilirsiniz.<\/li><li> <strong>T\u00fcr:<\/strong> Bir i\u015flev veya form\u00fcl girerken aral\u0131k adresini klavyenizle de yazabilirsiniz. <\/li><\/ul><div class=\"wp-block-image\"><figure class=\"aligncenter size-full is-resized\"><img loading=\"lazy\" decoding=\"async\" class=\"wp-image-78745\" src=\"https:\/\/exceladvisor.org\/wp-content\/uploads\/2023\/08\/2-plage-continue-de-reference.png\" sizes=\"auto, \" srcset=\"\" alt=\"referans-aral\u0131\u011f\u0131-devam ediyor\" width=\"721\" height=\"196\"><\/figure><\/div><h2 class=\"wp-block-heading\"> Biti\u015fik olmayan bir aral\u0131\u011fa referans<\/h2><p> S\u00fcrekli olmayan bir aral\u0131\u011fa ba\u015fvurmak i\u00e7in \u015fu ad\u0131mlar\u0131 izleyin:<\/p><ol><li> \u0130lk \u00f6nce ilk h\u00fccreyi veya aral\u0131\u011f\u0131 se\u00e7in ve bir komut yaz\u0131n.<\/li><li> Bundan sonra Ctrl tu\u015funu bas\u0131l\u0131 tutun ve \u00e7al\u0131\u015fma sayfan\u0131zdaki ikinci sat\u0131r\u0131 se\u00e7in, ard\u0131ndan tekrar virg\u00fcl yaz\u0131n.<\/li><li> Sonunda \u00fc\u00e7\u00fcnc\u00fc h\u00fccre sat\u0131r\u0131n\u0131 se\u00e7in.<\/li><\/ol><p> A\u015fa\u011f\u0131da B3:B5, C2:C6 ve D3:D5&#8217;i se\u00e7tik. <\/p><div class=\"wp-block-image\"><figure class=\"aligncenter size-full is-resized\"><img loading=\"lazy\" decoding=\"async\" class=\"wp-image-78746\" src=\"https:\/\/exceladvisor.org\/wp-content\/uploads\/2023\/08\/3-gamme-non-continue-de-reference.png\" sizes=\"auto, \" srcset=\"\" alt=\"s\u00fcrekli olmayan kapsam referans\u0131\" width=\"646\" height=\"332\"><\/figure><\/div><p> \u0130lk aral\u0131\u011f\u0131n adresini girmenin ba\u015fka bir yolu, ard\u0131ndan virg\u00fcl kullan\u0131n ve ikinci aral\u0131\u011f\u0131 yaz\u0131n ve \u015fimdi tekrar virg\u00fcl kullan\u0131n ve form\u00fcl veya i\u015flevdeki \u00fc\u00e7\u00fcnc\u00fc h\u00fccre aral\u0131\u011f\u0131n\u0131 yaz\u0131n.<\/p><div class=\"gb-container gb-container-4db6181c gb-container-mt\"> <a class=\"gb-button gb-button-c5897111 gb-button-text gb-button-mt-button\" href=\"https:\/\/exceladvisor.org\/tr\/excelin-temelleri\/\">Microsoft Excel Temelleri (Bile\u015fenler, Par\u00e7alar ve Bilgi Notlar\u0131)<\/a><h2 class=\"gb-headline gb-headline-665e5f6b gb-headline-text gb-headline-mt-heading\"> \u0130lgili e\u011fitimler <\/h2><div class=\"gb-grid-wrapper gb-grid-wrapper-a20baf7c gb-grid-wrapper-mt-grid\"><div class=\"gb-grid-column gb-grid-column-65ddf67e\"><div class=\"gb-container gb-container-65ddf67e\"><ul><li> <a href=\"https:\/\/exceladvisor.org\/tr\/kopruleri-ekle-kaldir\/\">Excel&#8217;de k\u00f6pr\u00fc ekleme ve kald\u0131rma<\/a><\/li><li> <a href=\"https:\/\/exceladvisor.org\/tr\/filigran-ekle\/\">Excel&#8217;e filigran ekleme<\/a><\/li><li> <a href=\"https:\/\/exceladvisor.org\/tr\/gizli-satir-sutunlarini-kaldir\/\">Excel&#8217;deki gizli sat\u0131rlar\u0131 silin<\/a><\/li><li> <a href=\"https:\/\/exceladvisor.org\/tr\/hucrelerin-secimini-kaldir\/\">Excel&#8217;de h\u00fccrelerin se\u00e7imini kald\u0131r\u0131n<\/a><\/li><li> <a href=\"https:\/\/exceladvisor.org\/tr\/sutun-ekle\/\">Excel&#8217;de s\u00fctun ekleme<\/a><\/li><\/ul><\/div><\/div><\/div><\/div>","protected":false},"excerpt":{"rendered":"","protected":false},"author":1,"featured_media":0,"parent":0,"menu_order":0,"comment_status":"open","ping_status":"closed","template":"","meta":{"ub_ctt_via":"","footnotes":""},"class_list":["post-2100","page","type-page","status-publish","hentry"],"featured_image_src":null,"yoast_head":"<!-- This site is optimized with the Yoast SEO plugin v25.4 - https:\/\/yoast.com\/wordpress\/plugins\/seo\/ -->\n<title>\u25b7 Excel serisi ve \u00f6zellikleri nedir?<\/title>\n<meta name=\"description\" content=\"Bu, bir dizi h\u00fccreyi tan\u0131mak i\u00e7in temel bir Microsoft Excel \u00f6\u011freticisidir. Ayr\u0131ca bir aral\u0131\u011fa nas\u0131l ba\u015fvurulaca\u011f\u0131n\u0131 da \u00f6\u011frenin...\" \/>\n<meta name=\"robots\" content=\"index, follow, max-snippet:-1, max-image-preview:large, max-video-preview:-1\" \/>\n<link rel=\"canonical\" href=\"https:\/\/exceladvisor.org\/tr\/menzil\/\" \/>\n<meta property=\"og:locale\" content=\"tr_TR\" \/>\n<meta property=\"og:type\" content=\"article\" \/>\n<meta property=\"og:title\" content=\"\u25b7 Excel serisi ve \u00f6zellikleri nedir?\" \/>\n<meta property=\"og:description\" content=\"Bu, bir dizi h\u00fccreyi tan\u0131mak i\u00e7in temel bir Microsoft Excel \u00f6\u011freticisidir. Ayr\u0131ca bir aral\u0131\u011fa nas\u0131l ba\u015fvurulaca\u011f\u0131n\u0131 da \u00f6\u011frenin...\" \/>\n<meta property=\"og:url\" content=\"https:\/\/exceladvisor.org\/tr\/menzil\/\" \/>\n<meta property=\"og:site_name\" content=\"Excel Advisor\" \/>\n<meta property=\"article:modified_time\" content=\"2023-12-10T05:59:30+00:00\" \/>\n<meta property=\"og:image\" content=\"https:\/\/exceladvisor.org\/wp-content\/uploads\/2023\/08\/image-gif.gif\" \/>\n<meta name=\"twitter:card\" content=\"summary_large_image\" \/>\n<meta name=\"twitter:label1\" content=\"Tahmini okuma s\u00fcresi\" \/>\n\t<meta name=\"twitter:data1\" content=\"2 dakika\" \/>\n<script type=\"application\/ld+json\" class=\"yoast-schema-graph\">{\"@context\":\"https:\/\/schema.org\",\"@graph\":[{\"@type\":\"WebPage\",\"@id\":\"https:\/\/exceladvisor.org\/tr\/menzil\/\",\"url\":\"https:\/\/exceladvisor.org\/tr\/menzil\/\",\"name\":\"\u25b7 Excel serisi ve \u00f6zellikleri nedir?\",\"isPartOf\":{\"@id\":\"https:\/\/exceladvisor.org\/tr\/#website\"},\"primaryImageOfPage\":{\"@id\":\"https:\/\/exceladvisor.org\/tr\/menzil\/#primaryimage\"},\"image\":{\"@id\":\"https:\/\/exceladvisor.org\/tr\/menzil\/#primaryimage\"},\"thumbnailUrl\":\"https:\/\/exceladvisor.org\/wp-content\/uploads\/2023\/08\/image-gif.gif\",\"datePublished\":\"2023-10-17T00:17:04+00:00\",\"dateModified\":\"2023-12-10T05:59:30+00:00\",\"description\":\"Bu, bir dizi h\u00fccreyi tan\u0131mak i\u00e7in temel bir Microsoft Excel \u00f6\u011freticisidir. Ayr\u0131ca bir aral\u0131\u011fa nas\u0131l ba\u015fvurulaca\u011f\u0131n\u0131 da \u00f6\u011frenin...\",\"breadcrumb\":{\"@id\":\"https:\/\/exceladvisor.org\/tr\/menzil\/#breadcrumb\"},\"inLanguage\":\"tr\",\"potentialAction\":[{\"@type\":\"ReadAction\",\"target\":[\"https:\/\/exceladvisor.org\/tr\/menzil\/\"]}]},{\"@type\":\"ImageObject\",\"inLanguage\":\"tr\",\"@id\":\"https:\/\/exceladvisor.org\/tr\/menzil\/#primaryimage\",\"url\":\"https:\/\/exceladvisor.org\/wp-content\/uploads\/2023\/08\/image-gif.gif\",\"contentUrl\":\"https:\/\/exceladvisor.org\/wp-content\/uploads\/2023\/08\/image-gif.gif\"},{\"@type\":\"BreadcrumbList\",\"@id\":\"https:\/\/exceladvisor.org\/tr\/menzil\/#breadcrumb\",\"itemListElement\":[{\"@type\":\"ListItem\",\"position\":1,\"name\":\"Ev\",\"item\":\"https:\/\/exceladvisor.org\/tr\/\"},{\"@type\":\"ListItem\",\"position\":2,\"name\":\"Excel aral\u0131\u011f\u0131 nedir ve \u00f6zellikleri?\"}]},{\"@type\":\"WebSite\",\"@id\":\"https:\/\/exceladvisor.org\/tr\/#website\",\"url\":\"https:\/\/exceladvisor.org\/tr\/\",\"name\":\"Excel Advisor\",\"description\":\"Veri hakimiyetine y\u00f6nelik nihai rehberiniz!\",\"publisher\":{\"@id\":\"https:\/\/exceladvisor.org\/tr\/#organization\"},\"potentialAction\":[{\"@type\":\"SearchAction\",\"target\":{\"@type\":\"EntryPoint\",\"urlTemplate\":\"https:\/\/exceladvisor.org\/tr\/?s={search_term_string}\"},\"query-input\":{\"@type\":\"PropertyValueSpecification\",\"valueRequired\":true,\"valueName\":\"search_term_string\"}}],\"inLanguage\":\"tr\"},{\"@type\":\"Organization\",\"@id\":\"https:\/\/exceladvisor.org\/tr\/#organization\",\"name\":\"Excel Advisor\",\"url\":\"https:\/\/exceladvisor.org\/tr\/\",\"logo\":{\"@type\":\"ImageObject\",\"inLanguage\":\"tr\",\"@id\":\"https:\/\/exceladvisor.org\/tr\/#\/schema\/logo\/image\/\",\"url\":\"https:\/\/exceladvisor.org\/tr\/wp-content\/uploads\/2023\/12\/exceladvisor.org_.png\",\"contentUrl\":\"https:\/\/exceladvisor.org\/tr\/wp-content\/uploads\/2023\/12\/exceladvisor.org_.png\",\"width\":105,\"height\":36,\"caption\":\"Excel Advisor\"},\"image\":{\"@id\":\"https:\/\/exceladvisor.org\/tr\/#\/schema\/logo\/image\/\"}}]}<\/script>\n<!-- \/ Yoast SEO plugin. -->","yoast_head_json":{"title":"\u25b7 Excel serisi ve \u00f6zellikleri nedir?","description":"Bu, bir dizi h\u00fccreyi tan\u0131mak i\u00e7in temel bir Microsoft Excel \u00f6\u011freticisidir. Ayr\u0131ca bir aral\u0131\u011fa nas\u0131l ba\u015fvurulaca\u011f\u0131n\u0131 da \u00f6\u011frenin...","robots":{"index":"index","follow":"follow","max-snippet":"max-snippet:-1","max-image-preview":"max-image-preview:large","max-video-preview":"max-video-preview:-1"},"canonical":"https:\/\/exceladvisor.org\/tr\/menzil\/","og_locale":"tr_TR","og_type":"article","og_title":"\u25b7 Excel serisi ve \u00f6zellikleri nedir?","og_description":"Bu, bir dizi h\u00fccreyi tan\u0131mak i\u00e7in temel bir Microsoft Excel \u00f6\u011freticisidir. Ayr\u0131ca bir aral\u0131\u011fa nas\u0131l ba\u015fvurulaca\u011f\u0131n\u0131 da \u00f6\u011frenin...","og_url":"https:\/\/exceladvisor.org\/tr\/menzil\/","og_site_name":"Excel Advisor","article_modified_time":"2023-12-10T05:59:30+00:00","og_image":[{"url":"https:\/\/exceladvisor.org\/wp-content\/uploads\/2023\/08\/image-gif.gif","type":"","width":"","height":""}],"twitter_card":"summary_large_image","twitter_misc":{"Tahmini okuma s\u00fcresi":"2 dakika"},"schema":{"@context":"https:\/\/schema.org","@graph":[{"@type":"WebPage","@id":"https:\/\/exceladvisor.org\/tr\/menzil\/","url":"https:\/\/exceladvisor.org\/tr\/menzil\/","name":"\u25b7 Excel serisi ve \u00f6zellikleri nedir?","isPartOf":{"@id":"https:\/\/exceladvisor.org\/tr\/#website"},"primaryImageOfPage":{"@id":"https:\/\/exceladvisor.org\/tr\/menzil\/#primaryimage"},"image":{"@id":"https:\/\/exceladvisor.org\/tr\/menzil\/#primaryimage"},"thumbnailUrl":"https:\/\/exceladvisor.org\/wp-content\/uploads\/2023\/08\/image-gif.gif","datePublished":"2023-10-17T00:17:04+00:00","dateModified":"2023-12-10T05:59:30+00:00","description":"Bu, bir dizi h\u00fccreyi tan\u0131mak i\u00e7in temel bir Microsoft Excel \u00f6\u011freticisidir. Ayr\u0131ca bir aral\u0131\u011fa nas\u0131l ba\u015fvurulaca\u011f\u0131n\u0131 da \u00f6\u011frenin...","breadcrumb":{"@id":"https:\/\/exceladvisor.org\/tr\/menzil\/#breadcrumb"},"inLanguage":"tr","potentialAction":[{"@type":"ReadAction","target":["https:\/\/exceladvisor.org\/tr\/menzil\/"]}]},{"@type":"ImageObject","inLanguage":"tr","@id":"https:\/\/exceladvisor.org\/tr\/menzil\/#primaryimage","url":"https:\/\/exceladvisor.org\/wp-content\/uploads\/2023\/08\/image-gif.gif","contentUrl":"https:\/\/exceladvisor.org\/wp-content\/uploads\/2023\/08\/image-gif.gif"},{"@type":"BreadcrumbList","@id":"https:\/\/exceladvisor.org\/tr\/menzil\/#breadcrumb","itemListElement":[{"@type":"ListItem","position":1,"name":"Ev","item":"https:\/\/exceladvisor.org\/tr\/"},{"@type":"ListItem","position":2,"name":"Excel aral\u0131\u011f\u0131 nedir ve \u00f6zellikleri?"}]},{"@type":"WebSite","@id":"https:\/\/exceladvisor.org\/tr\/#website","url":"https:\/\/exceladvisor.org\/tr\/","name":"Excel Advisor","description":"Veri hakimiyetine y\u00f6nelik nihai rehberiniz!","publisher":{"@id":"https:\/\/exceladvisor.org\/tr\/#organization"},"potentialAction":[{"@type":"SearchAction","target":{"@type":"EntryPoint","urlTemplate":"https:\/\/exceladvisor.org\/tr\/?s={search_term_string}"},"query-input":{"@type":"PropertyValueSpecification","valueRequired":true,"valueName":"search_term_string"}}],"inLanguage":"tr"},{"@type":"Organization","@id":"https:\/\/exceladvisor.org\/tr\/#organization","name":"Excel Advisor","url":"https:\/\/exceladvisor.org\/tr\/","logo":{"@type":"ImageObject","inLanguage":"tr","@id":"https:\/\/exceladvisor.org\/tr\/#\/schema\/logo\/image\/","url":"https:\/\/exceladvisor.org\/tr\/wp-content\/uploads\/2023\/12\/exceladvisor.org_.png","contentUrl":"https:\/\/exceladvisor.org\/tr\/wp-content\/uploads\/2023\/12\/exceladvisor.org_.png","width":105,"height":36,"caption":"Excel Advisor"},"image":{"@id":"https:\/\/exceladvisor.org\/tr\/#\/schema\/logo\/image\/"}}]}},"yoast_meta":{"yoast_wpseo_title":"","yoast_wpseo_metadesc":"","yoast_wpseo_canonical":""},"_links":{"self":[{"href":"https:\/\/exceladvisor.org\/tr\/wp-json\/wp\/v2\/pages\/2100","targetHints":{"allow":["GET"]}}],"collection":[{"href":"https:\/\/exceladvisor.org\/tr\/wp-json\/wp\/v2\/pages"}],"about":[{"href":"https:\/\/exceladvisor.org\/tr\/wp-json\/wp\/v2\/types\/page"}],"author":[{"embeddable":true,"href":"https:\/\/exceladvisor.org\/tr\/wp-json\/wp\/v2\/users\/1"}],"replies":[{"embeddable":true,"href":"https:\/\/exceladvisor.org\/tr\/wp-json\/wp\/v2\/comments?post=2100"}],"version-history":[{"count":1,"href":"https:\/\/exceladvisor.org\/tr\/wp-json\/wp\/v2\/pages\/2100\/revisions"}],"predecessor-version":[{"id":2328,"href":"https:\/\/exceladvisor.org\/tr\/wp-json\/wp\/v2\/pages\/2100\/revisions\/2328"}],"wp:attachment":[{"href":"https:\/\/exceladvisor.org\/tr\/wp-json\/wp\/v2\/media?parent=2100"}],"curies":[{"name":"wp","href":"https:\/\/api.w.org\/{rel}","templated":true}]}}