{"id":2101,"date":"2023-10-16T11:29:27","date_gmt":"2023-10-16T11:29:27","guid":{"rendered":"https:\/\/exceladvisor.org\/tr\/dizin-hatasi-9-araliginin-disinda\/"},"modified":"2023-12-10T06:05:43","modified_gmt":"2023-12-10T06:05:43","slug":"dizin-hatasi-9-araliginin-disinda","status":"publish","type":"page","link":"https:\/\/exceladvisor.org\/tr\/dizin-hatasi-9-araliginin-disinda\/","title":{"rendered":"Vba hatas\u0131 9 (dizin aral\u0131k d\u0131\u015f\u0131nda) nas\u0131l d\u00fczeltilir?"},"content":{"rendered":"<div class=\"excel-icerikten-once\" id=\"excel-2982215231\"><script type=\"text\/javascript\">\r\n\tatOptions = {\r\n\t\t'key' : 'c1158f160081d6540a8409e6925dab94',\r\n\t\t'format' : 'iframe',\r\n\t\t'height' : 250,\r\n\t\t'width' : 300,\r\n\t\t'params' : {}\r\n\t};\r\n<\/script>\r\n<script type=\"text\/javascript\" src=\"\/\/www.highperformanceformat.com\/c1158f160081d6540a8409e6925dab94\/invoke.js\"><\/script><\/div> <h2 class=\"wp-block-heading\">Dizin aral\u0131k d\u0131\u015f\u0131nda (\u00e7al\u0131\u015fma zaman\u0131: hata 9)<\/h2><p> Abonelik D\u0131\u015f\u0131 (\u00c7al\u0131\u015fma S\u00fcresi: Hata 9) hatas\u0131, bir nesneye ba\u015fvurdu\u011funuzda veya kodda bulunmayan bir de\u011fi\u015fkeni kodda kullanmaya \u00e7al\u0131\u015ft\u0131\u011f\u0131n\u0131zda olu\u015fur, bu durumda VBA bu hatay\u0131 g\u00f6sterecektir. Yazd\u0131\u011f\u0131n\u0131z her kod benzersiz oldu\u011fundan hatan\u0131n nedeni de farkl\u0131 olacakt\u0131r. <\/p><div class=\"wp-block-image\"><figure class=\"aligncenter size-large is-resized\"><img loading=\"lazy\" decoding=\"async\" class=\"wp-image-57019\" src=\"https:\/\/exceladvisor.org\/wp-content\/uploads\/2023\/08\/01-indice-hors-plage.png\" sizes=\"auto, \" srcset=\"\" alt=\"dizin aral\u0131k d\u0131\u015f\u0131nda\" width=\"392\" height=\"221\"><\/figure><\/div><p> A\u015fa\u011f\u0131daki \u00f6rnekte bir nesne olan &#8220;Sayfa1&#8243;i etkinle\u015ftirmeye \u00e7al\u0131\u015ft\u0131n\u0131z. Ancak \u00e7al\u0131\u015fma kitab\u0131nda g\u00f6rebilece\u011finiz gibi, &#8220;Sayfa1&#8221; ad\u0131nda bir \u00e7al\u0131\u015fma sayfas\u0131 yok (bunun yerine &#8220;Sayfa2&#8221; var), bu nedenle VBA, kodda bir sorun oldu\u011funu size bildirmek i\u00e7in &#8220;Abonelik Aral\u0131k D\u0131\u015f\u0131nda&#8221; g\u00f6steriyor. <\/p><div class=\"wp-block-image\"><figure class=\"aligncenter size-large is-resized\"><img loading=\"lazy\" decoding=\"async\" class=\"wp-image-57020\" src=\"https:\/\/exceladvisor.org\/wp-content\/uploads\/2023\/08\/02-activer-la-feuille1.png\" sizes=\"auto, \" srcset=\"\" alt=\"\" width=\"493\" height=\"608\"><\/figure><\/div><h2 class=\"wp-block-heading\"> Dizin aral\u0131k d\u0131\u015f\u0131nda<\/h2><p> Dinamik bir dizi bildirmeye \u00e7al\u0131\u015ft\u0131\u011f\u0131n\u0131zda ancak dizinin uzunlu\u011funu yeniden tan\u0131mlamak i\u00e7in DIM ve ReDim deyimlerini kullanmay\u0131 unuttu\u011funuzda &#8220;Abonelik Aral\u0131k D\u0131\u015f\u0131 Hatas\u0131&#8221; hatas\u0131yla kar\u015f\u0131la\u015fman\u0131z gereken ba\u015fka bir durum olabilir. <\/p><div class=\"wp-block-image\"><figure class=\"aligncenter size-large is-resized\"><img loading=\"lazy\" decoding=\"async\" class=\"wp-image-57021\" src=\"https:\/\/exceladvisor.org\/wp-content\/uploads\/2023\/08\/03-erreur-dindice-hors-plage.png\" sizes=\"auto, \" srcset=\"\" alt=\"\" width=\"406\" height=\"434\"><\/figure><\/div><p> \u015eimdi yukar\u0131daki kodda \u201cmyArray\u201d ad\u0131nda bir diziniz var ve onu dinamik hale getirmek i\u00e7in ba\u015flang\u0131\u00e7ta dizinin uzunlu\u011funu bo\u015f b\u0131rak\u0131yoruz. Ancak bir \u00f6\u011fe eklemeden \u00f6nce, ReDim ifadesini kullanarak dizinin uzunlu\u011funu yeniden tan\u0131mlaman\u0131z gerekir.<\/p><p> Bu da yukar\u0131daki kodda yapt\u0131\u011f\u0131m\u0131z hatad\u0131r ve VBA \u201cScript out of range\u201d hatas\u0131 d\u00f6nd\u00fcrm\u00fc\u015ft\u00fcr.<\/p><pre class=\"wp-block-code\"> <code class=\"language-visual-basic\" lang=\"visual-basic\">Sub myMacro() Dim myArray() As Variant myArray(1) = \"One\" End Sub<\/code><\/pre><h2 class=\"wp-block-heading\"> Excel&#8217;de aral\u0131k d\u0131\u015f\u0131 dizin nas\u0131l d\u00fczeltilir?<\/h2><p> Bu aral\u0131k d\u0131\u015f\u0131 indeksle ba\u015f etmenin en iyi yolu, verimli kodlar yazmak ve yazd\u0131\u011f\u0131n\u0131z kodun hatalar\u0131n\u0131 ay\u0131klad\u0131\u011f\u0131n\u0131zdan emin olmakt\u0131r (ad\u0131m ad\u0131m). <\/p><div class=\"wp-block-image\"><figure class=\"aligncenter size-large is-resized\"><img loading=\"lazy\" decoding=\"async\" class=\"wp-image-57022\" src=\"https:\/\/exceladvisor.org\/wp-content\/uploads\/2023\/08\/04-correction-dune-erreur-dindice-hors-plage.png\" sizes=\"auto, \" srcset=\"\" alt=\"\" width=\"464\" height=\"411\"><\/figure><\/div><p> Bir kodu ad\u0131m ad\u0131m \u00e7al\u0131\u015ft\u0131rd\u0131\u011f\u0131n\u0131zda, o kodun hangi sat\u0131r\u0131nda hata oldu\u011funu bilmeniz kolayd\u0131r \u00e7\u00fcnk\u00fc VBA size 9. hataya ili\u015fkin hata mesaj\u0131n\u0131 g\u00f6sterecek ve bu sat\u0131r\u0131 sar\u0131 renkle vurgulayacakt\u0131r.<\/p><p> Yapabilece\u011finiz di\u011fer \u015fey, belirli bir hata olu\u015ftu\u011funda hata sat\u0131r\u0131na atlamak i\u00e7in bir &#8220;hata i\u015fleyicisi&#8221; kullanmakt\u0131r.<\/p><p> A\u015fa\u011f\u0131daki kodda sayfay\u0131 aktif hale getirecek bir sat\u0131r yazd\u0131k ancak bundan \u00f6nce hata i\u015fleyicisine ge\u00e7mek i\u00e7in goto ifadesini kulland\u0131k. Hata i\u015fleyicisinde size Err.xml hatas\u0131n\u0131 i\u00e7eren bir mesaj g\u00f6steren bir mesaj kutusu vard\u0131r. Bir hatan\u0131n olu\u015ftu\u011funu belirten a\u00e7\u0131klama. <\/p><div class=\"wp-block-image\"><figure class=\"aligncenter size-large is-resized\"><img loading=\"lazy\" decoding=\"async\" class=\"wp-image-57023\" src=\"https:\/\/exceladvisor.org\/wp-content\/uploads\/2023\/08\/05-ligne-pour-activer-la-feuille.png\" sizes=\"auto, \" srcset=\"\" alt=\"\" width=\"701\" height=\"474\"><\/figure><\/div><p> Yani bu kodu \u00e7al\u0131\u015ft\u0131rd\u0131\u011f\u0131n\u0131zda ve &#8220;Sayfa1&#8221;, onu etkinle\u015ftirmeye \u00e7al\u0131\u015ft\u0131\u011f\u0131n\u0131z \u00e7al\u0131\u015fma kitab\u0131nda bulunmuyor. Size a\u015fa\u011f\u0131daki gibi bir mesaj kutusu g\u00f6sterecektir. <\/p><div class=\"wp-block-image\"><figure class=\"aligncenter size-large is-resized\"><img loading=\"lazy\" decoding=\"async\" class=\"wp-image-57024\" src=\"https:\/\/exceladvisor.org\/wp-content\/uploads\/2023\/08\/06-boite-de-message-affichant-une-erreur.png\" sizes=\"auto, \" srcset=\"\" alt=\"\" width=\"443\" height=\"182\"><\/figure><\/div><p> Ve e\u011fer &#8220;Sayfa1&#8221; oradaysa, hi\u00e7bir mesaj olmayacakt\u0131r.<\/p><pre class=\"wp-block-code\"> <code class=\"language-visual-basic\" lang=\"visual-basic\">Sub myMacro() Dim wks As Worksheet On Error GoTo myError Sheets(\"Sheet1\").Activate myError: MsgBox \"There's an error in the code: \" &amp; Err.Description &amp; _ \". That means there's some problem with the sheet \" &amp; _ \"that you want to activate\" End Sub<\/code><\/pre><div class=\"gb-container gb-container-4db6181c gb-container-mt\"> <a class=\"gb-button gb-button-c5897111 gb-button-text gb-button-mt-button\" href=\"https:\/\/exceladvisor.org\/tr\/vba\/\">VBA nedir<\/a><h2 class=\"gb-headline gb-headline-665e5f6b gb-headline-text gb-headline-mt-heading\"> \u0130lgili e\u011fitimler <\/h2><div class=\"gb-grid-wrapper gb-grid-wrapper-a20baf7c gb-grid-wrapper-mt-grid\"><div class=\"gb-grid-column gb-grid-column-65ddf67e\"><div class=\"gb-container gb-container-65ddf67e\"><ul><li> <a href=\"https:\/\/exceladvisor.org\/tr\/hata-yonetimi\/\">VBA hata i\u015fleme<\/a><\/li><li> <a href=\"https:\/\/exceladvisor.org\/tr\/otomasyon-hatasi-440\/\">VBA otomasyon hatas\u0131 (Hata 440)<\/a><\/li><li> <a href=\"https:\/\/exceladvisor.org\/tr\/hata-400\/\">VBA hatas\u0131 400<\/a><\/li><li> <a href=\"https:\/\/exceladvisor.org\/tr\/nesne-gerekli-hata-424\/\">VBA Nesnesi Gerekli Hatas\u0131 (Hata 424)<\/a><\/li><li> <a href=\"https:\/\/exceladvisor.org\/tr\/yetersiz-bellek-hatasi-7\/\">VBA Bellek Yetersiz Hatas\u0131 (Hata 7)<\/a> <\/li><\/ul><\/div><\/div><div class=\"gb-grid-column gb-grid-column-50067b57\"><div class=\"gb-container gb-container-50067b57\"><\/div><\/div><\/div><\/div>","protected":false},"excerpt":{"rendered":"","protected":false},"author":1,"featured_media":0,"parent":0,"menu_order":0,"comment_status":"open","ping_status":"closed","template":"","meta":{"ub_ctt_via":"","footnotes":""},"class_list":["post-2101","page","type-page","status-publish","hentry"],"featured_image_src":null,"yoast_head":"<!-- This site is optimized with the Yoast SEO plugin v25.4 - https:\/\/yoast.com\/wordpress\/plugins\/seo\/ -->\n<title>\u25b7 VBA hatas\u0131 9 (abonelik aral\u0131k d\u0131\u015f\u0131nda) nas\u0131l d\u00fczeltilir?<\/title>\n<meta name=\"description\" content=\"Bu e\u011fitimde Abonelik S\u0131n\u0131r\u0131n\u0131n D\u0131\u015f\u0131nda (Hata 9) neden olu\u015ftu\u011funu ve yazarken bununla nas\u0131l ba\u015fa \u00e7\u0131kaca\u011f\u0131n\u0131z\u0131 \u00f6\u011freneceksiniz.\" \/>\n<meta name=\"robots\" content=\"index, follow, max-snippet:-1, max-image-preview:large, max-video-preview:-1\" \/>\n<link rel=\"canonical\" href=\"https:\/\/exceladvisor.org\/tr\/dizin-hatasi-9-araliginin-disinda\/\" \/>\n<meta property=\"og:locale\" content=\"tr_TR\" \/>\n<meta property=\"og:type\" content=\"article\" \/>\n<meta property=\"og:title\" content=\"\u25b7 VBA hatas\u0131 9 (abonelik aral\u0131k d\u0131\u015f\u0131nda) nas\u0131l d\u00fczeltilir?\" \/>\n<meta property=\"og:description\" content=\"Bu e\u011fitimde Abonelik S\u0131n\u0131r\u0131n\u0131n D\u0131\u015f\u0131nda (Hata 9) neden olu\u015ftu\u011funu ve yazarken bununla nas\u0131l ba\u015fa \u00e7\u0131kaca\u011f\u0131n\u0131z\u0131 \u00f6\u011freneceksiniz.\" \/>\n<meta property=\"og:url\" content=\"https:\/\/exceladvisor.org\/tr\/dizin-hatasi-9-araliginin-disinda\/\" \/>\n<meta property=\"og:site_name\" content=\"Excel Advisor\" \/>\n<meta property=\"article:modified_time\" content=\"2023-12-10T06:05:43+00:00\" \/>\n<meta property=\"og:image\" content=\"https:\/\/exceladvisor.org\/wp-content\/uploads\/2023\/08\/01-indice-hors-plage.png\" \/>\n<meta name=\"twitter:card\" content=\"summary_large_image\" \/>\n<meta name=\"twitter:label1\" content=\"Tahmini okuma s\u00fcresi\" \/>\n\t<meta name=\"twitter:data1\" content=\"3 dakika\" \/>\n<script type=\"application\/ld+json\" class=\"yoast-schema-graph\">{\"@context\":\"https:\/\/schema.org\",\"@graph\":[{\"@type\":\"WebPage\",\"@id\":\"https:\/\/exceladvisor.org\/tr\/dizin-hatasi-9-araliginin-disinda\/\",\"url\":\"https:\/\/exceladvisor.org\/tr\/dizin-hatasi-9-araliginin-disinda\/\",\"name\":\"\u25b7 VBA hatas\u0131 9 (abonelik aral\u0131k d\u0131\u015f\u0131nda) nas\u0131l d\u00fczeltilir?\",\"isPartOf\":{\"@id\":\"https:\/\/exceladvisor.org\/tr\/#website\"},\"primaryImageOfPage\":{\"@id\":\"https:\/\/exceladvisor.org\/tr\/dizin-hatasi-9-araliginin-disinda\/#primaryimage\"},\"image\":{\"@id\":\"https:\/\/exceladvisor.org\/tr\/dizin-hatasi-9-araliginin-disinda\/#primaryimage\"},\"thumbnailUrl\":\"https:\/\/exceladvisor.org\/wp-content\/uploads\/2023\/08\/01-indice-hors-plage.png\",\"datePublished\":\"2023-10-16T11:29:27+00:00\",\"dateModified\":\"2023-12-10T06:05:43+00:00\",\"description\":\"Bu e\u011fitimde Abonelik S\u0131n\u0131r\u0131n\u0131n D\u0131\u015f\u0131nda (Hata 9) neden olu\u015ftu\u011funu ve yazarken bununla nas\u0131l ba\u015fa \u00e7\u0131kaca\u011f\u0131n\u0131z\u0131 \u00f6\u011freneceksiniz.\",\"breadcrumb\":{\"@id\":\"https:\/\/exceladvisor.org\/tr\/dizin-hatasi-9-araliginin-disinda\/#breadcrumb\"},\"inLanguage\":\"tr\",\"potentialAction\":[{\"@type\":\"ReadAction\",\"target\":[\"https:\/\/exceladvisor.org\/tr\/dizin-hatasi-9-araliginin-disinda\/\"]}]},{\"@type\":\"ImageObject\",\"inLanguage\":\"tr\",\"@id\":\"https:\/\/exceladvisor.org\/tr\/dizin-hatasi-9-araliginin-disinda\/#primaryimage\",\"url\":\"https:\/\/exceladvisor.org\/wp-content\/uploads\/2023\/08\/01-indice-hors-plage.png\",\"contentUrl\":\"https:\/\/exceladvisor.org\/wp-content\/uploads\/2023\/08\/01-indice-hors-plage.png\"},{\"@type\":\"BreadcrumbList\",\"@id\":\"https:\/\/exceladvisor.org\/tr\/dizin-hatasi-9-araliginin-disinda\/#breadcrumb\",\"itemListElement\":[{\"@type\":\"ListItem\",\"position\":1,\"name\":\"Ev\",\"item\":\"https:\/\/exceladvisor.org\/tr\/\"},{\"@type\":\"ListItem\",\"position\":2,\"name\":\"Vba hatas\u0131 9 (dizin aral\u0131k d\u0131\u015f\u0131nda) nas\u0131l d\u00fczeltilir?\"}]},{\"@type\":\"WebSite\",\"@id\":\"https:\/\/exceladvisor.org\/tr\/#website\",\"url\":\"https:\/\/exceladvisor.org\/tr\/\",\"name\":\"Excel Advisor\",\"description\":\"Veri hakimiyetine y\u00f6nelik nihai rehberiniz!\",\"publisher\":{\"@id\":\"https:\/\/exceladvisor.org\/tr\/#organization\"},\"potentialAction\":[{\"@type\":\"SearchAction\",\"target\":{\"@type\":\"EntryPoint\",\"urlTemplate\":\"https:\/\/exceladvisor.org\/tr\/?s={search_term_string}\"},\"query-input\":{\"@type\":\"PropertyValueSpecification\",\"valueRequired\":true,\"valueName\":\"search_term_string\"}}],\"inLanguage\":\"tr\"},{\"@type\":\"Organization\",\"@id\":\"https:\/\/exceladvisor.org\/tr\/#organization\",\"name\":\"Excel Advisor\",\"url\":\"https:\/\/exceladvisor.org\/tr\/\",\"logo\":{\"@type\":\"ImageObject\",\"inLanguage\":\"tr\",\"@id\":\"https:\/\/exceladvisor.org\/tr\/#\/schema\/logo\/image\/\",\"url\":\"https:\/\/exceladvisor.org\/tr\/wp-content\/uploads\/2023\/12\/exceladvisor.org_.png\",\"contentUrl\":\"https:\/\/exceladvisor.org\/tr\/wp-content\/uploads\/2023\/12\/exceladvisor.org_.png\",\"width\":105,\"height\":36,\"caption\":\"Excel Advisor\"},\"image\":{\"@id\":\"https:\/\/exceladvisor.org\/tr\/#\/schema\/logo\/image\/\"}}]}<\/script>\n<!-- \/ Yoast SEO plugin. -->","yoast_head_json":{"title":"\u25b7 VBA hatas\u0131 9 (abonelik aral\u0131k d\u0131\u015f\u0131nda) nas\u0131l d\u00fczeltilir?","description":"Bu e\u011fitimde Abonelik S\u0131n\u0131r\u0131n\u0131n D\u0131\u015f\u0131nda (Hata 9) neden olu\u015ftu\u011funu ve yazarken bununla nas\u0131l ba\u015fa \u00e7\u0131kaca\u011f\u0131n\u0131z\u0131 \u00f6\u011freneceksiniz.","robots":{"index":"index","follow":"follow","max-snippet":"max-snippet:-1","max-image-preview":"max-image-preview:large","max-video-preview":"max-video-preview:-1"},"canonical":"https:\/\/exceladvisor.org\/tr\/dizin-hatasi-9-araliginin-disinda\/","og_locale":"tr_TR","og_type":"article","og_title":"\u25b7 VBA hatas\u0131 9 (abonelik aral\u0131k d\u0131\u015f\u0131nda) nas\u0131l d\u00fczeltilir?","og_description":"Bu e\u011fitimde Abonelik S\u0131n\u0131r\u0131n\u0131n D\u0131\u015f\u0131nda (Hata 9) neden olu\u015ftu\u011funu ve yazarken bununla nas\u0131l ba\u015fa \u00e7\u0131kaca\u011f\u0131n\u0131z\u0131 \u00f6\u011freneceksiniz.","og_url":"https:\/\/exceladvisor.org\/tr\/dizin-hatasi-9-araliginin-disinda\/","og_site_name":"Excel Advisor","article_modified_time":"2023-12-10T06:05:43+00:00","og_image":[{"url":"https:\/\/exceladvisor.org\/wp-content\/uploads\/2023\/08\/01-indice-hors-plage.png","type":"","width":"","height":""}],"twitter_card":"summary_large_image","twitter_misc":{"Tahmini okuma s\u00fcresi":"3 dakika"},"schema":{"@context":"https:\/\/schema.org","@graph":[{"@type":"WebPage","@id":"https:\/\/exceladvisor.org\/tr\/dizin-hatasi-9-araliginin-disinda\/","url":"https:\/\/exceladvisor.org\/tr\/dizin-hatasi-9-araliginin-disinda\/","name":"\u25b7 VBA hatas\u0131 9 (abonelik aral\u0131k d\u0131\u015f\u0131nda) nas\u0131l d\u00fczeltilir?","isPartOf":{"@id":"https:\/\/exceladvisor.org\/tr\/#website"},"primaryImageOfPage":{"@id":"https:\/\/exceladvisor.org\/tr\/dizin-hatasi-9-araliginin-disinda\/#primaryimage"},"image":{"@id":"https:\/\/exceladvisor.org\/tr\/dizin-hatasi-9-araliginin-disinda\/#primaryimage"},"thumbnailUrl":"https:\/\/exceladvisor.org\/wp-content\/uploads\/2023\/08\/01-indice-hors-plage.png","datePublished":"2023-10-16T11:29:27+00:00","dateModified":"2023-12-10T06:05:43+00:00","description":"Bu e\u011fitimde Abonelik S\u0131n\u0131r\u0131n\u0131n D\u0131\u015f\u0131nda (Hata 9) neden olu\u015ftu\u011funu ve yazarken bununla nas\u0131l ba\u015fa \u00e7\u0131kaca\u011f\u0131n\u0131z\u0131 \u00f6\u011freneceksiniz.","breadcrumb":{"@id":"https:\/\/exceladvisor.org\/tr\/dizin-hatasi-9-araliginin-disinda\/#breadcrumb"},"inLanguage":"tr","potentialAction":[{"@type":"ReadAction","target":["https:\/\/exceladvisor.org\/tr\/dizin-hatasi-9-araliginin-disinda\/"]}]},{"@type":"ImageObject","inLanguage":"tr","@id":"https:\/\/exceladvisor.org\/tr\/dizin-hatasi-9-araliginin-disinda\/#primaryimage","url":"https:\/\/exceladvisor.org\/wp-content\/uploads\/2023\/08\/01-indice-hors-plage.png","contentUrl":"https:\/\/exceladvisor.org\/wp-content\/uploads\/2023\/08\/01-indice-hors-plage.png"},{"@type":"BreadcrumbList","@id":"https:\/\/exceladvisor.org\/tr\/dizin-hatasi-9-araliginin-disinda\/#breadcrumb","itemListElement":[{"@type":"ListItem","position":1,"name":"Ev","item":"https:\/\/exceladvisor.org\/tr\/"},{"@type":"ListItem","position":2,"name":"Vba hatas\u0131 9 (dizin aral\u0131k d\u0131\u015f\u0131nda) nas\u0131l d\u00fczeltilir?"}]},{"@type":"WebSite","@id":"https:\/\/exceladvisor.org\/tr\/#website","url":"https:\/\/exceladvisor.org\/tr\/","name":"Excel Advisor","description":"Veri hakimiyetine y\u00f6nelik nihai rehberiniz!","publisher":{"@id":"https:\/\/exceladvisor.org\/tr\/#organization"},"potentialAction":[{"@type":"SearchAction","target":{"@type":"EntryPoint","urlTemplate":"https:\/\/exceladvisor.org\/tr\/?s={search_term_string}"},"query-input":{"@type":"PropertyValueSpecification","valueRequired":true,"valueName":"search_term_string"}}],"inLanguage":"tr"},{"@type":"Organization","@id":"https:\/\/exceladvisor.org\/tr\/#organization","name":"Excel Advisor","url":"https:\/\/exceladvisor.org\/tr\/","logo":{"@type":"ImageObject","inLanguage":"tr","@id":"https:\/\/exceladvisor.org\/tr\/#\/schema\/logo\/image\/","url":"https:\/\/exceladvisor.org\/tr\/wp-content\/uploads\/2023\/12\/exceladvisor.org_.png","contentUrl":"https:\/\/exceladvisor.org\/tr\/wp-content\/uploads\/2023\/12\/exceladvisor.org_.png","width":105,"height":36,"caption":"Excel Advisor"},"image":{"@id":"https:\/\/exceladvisor.org\/tr\/#\/schema\/logo\/image\/"}}]}},"yoast_meta":{"yoast_wpseo_title":"","yoast_wpseo_metadesc":"","yoast_wpseo_canonical":""},"_links":{"self":[{"href":"https:\/\/exceladvisor.org\/tr\/wp-json\/wp\/v2\/pages\/2101","targetHints":{"allow":["GET"]}}],"collection":[{"href":"https:\/\/exceladvisor.org\/tr\/wp-json\/wp\/v2\/pages"}],"about":[{"href":"https:\/\/exceladvisor.org\/tr\/wp-json\/wp\/v2\/types\/page"}],"author":[{"embeddable":true,"href":"https:\/\/exceladvisor.org\/tr\/wp-json\/wp\/v2\/users\/1"}],"replies":[{"embeddable":true,"href":"https:\/\/exceladvisor.org\/tr\/wp-json\/wp\/v2\/comments?post=2101"}],"version-history":[{"count":1,"href":"https:\/\/exceladvisor.org\/tr\/wp-json\/wp\/v2\/pages\/2101\/revisions"}],"predecessor-version":[{"id":2828,"href":"https:\/\/exceladvisor.org\/tr\/wp-json\/wp\/v2\/pages\/2101\/revisions\/2828"}],"wp:attachment":[{"href":"https:\/\/exceladvisor.org\/tr\/wp-json\/wp\/v2\/media?parent=2101"}],"curies":[{"name":"wp","href":"https:\/\/api.w.org\/{rel}","templated":true}]}}