{"id":2104,"date":"2023-10-16T03:28:30","date_gmt":"2023-10-16T03:28:30","guid":{"rendered":"https:\/\/exceladvisor.org\/tr\/metni-sar\/"},"modified":"2023-12-10T06:01:41","modified_gmt":"2023-12-10T06:01:41","slug":"metni-sar","status":"publish","type":"page","link":"https:\/\/exceladvisor.org\/tr\/metni-sar\/","title":{"rendered":"Excel&#39;de metin nas\u0131l sar\u0131l\u0131r?"},"content":{"rendered":"<div class=\"excel-icerikten-once\" id=\"excel-608147841\"><script type=\"text\/javascript\">\r\n\tatOptions = {\r\n\t\t'key' : 'c1158f160081d6540a8409e6925dab94',\r\n\t\t'format' : 'iframe',\r\n\t\t'height' : 250,\r\n\t\t'width' : 300,\r\n\t\t'params' : {}\r\n\t};\r\n<\/script>\r\n<script type=\"text\/javascript\" src=\"\/\/www.highperformanceformat.com\/c1158f160081d6540a8409e6925dab94\/invoke.js\"><\/script><\/div> <p>Excel&#8217;in varsay\u0131lan h\u00fccre geni\u015fli\u011fi ve y\u00fcksekli\u011fi vard\u0131r; dolay\u0131s\u0131yla h\u00fccreye uzun metin girdi\u011finizde, o metnin bir k\u0131sm\u0131 h\u00fccrelerin d\u0131\u015f\u0131na ta\u015far veya metnin daha b\u00fcy\u00fck olmas\u0131 nedeniyle g\u00f6r\u00fcnmez hale gelir.<\/p><p> Bunun \u00fcstesinden gelmek i\u00e7in Excel, metni h\u00fccreye s\u0131\u011fd\u0131rmak \u00fczere h\u00fccredeki birden \u00e7ok sat\u0131ra d\u00f6n\u00fc\u015ft\u00fcren metin sarma \u00f6zelli\u011fine sahiptir. Bu, metni birden \u00e7ok sat\u0131ra d\u00f6n\u00fc\u015ft\u00fcr\u00fcr ve metni h\u00fccreye s\u0131\u011fd\u0131rmak i\u00e7in h\u00fccre y\u00fcksekli\u011fini art\u0131r\u0131r. <\/p><div class=\"wp-block-image\"><figure class=\"aligncenter size-full is-resized\"><img loading=\"lazy\" decoding=\"async\" class=\"wp-image-69497\" src=\"https:\/\/exceladvisor.org\/wp-content\/uploads\/2023\/08\/1-valeurs-reparties-sur-les-cellules.png\" sizes=\"auto, \" srcset=\"\" alt=\"h\u00fccrelere-d\u00f6k\u00fclm\u00fc\u015f-de\u011ferler\" width=\"552\" height=\"216\"><\/figure><\/div><h2 class=\"wp-block-heading\"> Excel&#8217;de metni kayd\u0131rmak i\u00e7in klavye k\u0131sayolu<\/h2><p> Metni kayd\u0131rmak i\u00e7in klavye k\u0131sayolu a\u015fa\u011f\u0131daki gibidir:<\/p><p> <kbd>Alt<\/kbd> \u2192 <kbd>H<\/kbd> \u2192 <kbd>W<\/kbd> <\/p><div class=\"wp-block-image\"><figure class=\"aligncenter size-full is-resized\"><img loading=\"lazy\" decoding=\"async\" class=\"wp-image-69499\" src=\"https:\/\/exceladvisor.org\/wp-content\/uploads\/2023\/08\/2-raccourci-clavier-pour-envelopper-le-texte.png\" sizes=\"auto, \" srcset=\"\" alt=\"metni sarmak i\u00e7in klavye k\u0131sayolu\" width=\"810\" height=\"318\"><\/figure><\/div><h2 class=\"wp-block-heading\"> Klavye K\u0131sayolu Kullanarak Metni Sarma Ad\u0131mlar\u0131<\/h2><ol><li> \u00d6nce h\u00fccreyi, h\u00fccre aral\u0131\u011f\u0131n\u0131 veya s\u00fctunun tamam\u0131n\u0131 se\u00e7in. <br><img decoding=\"async\" title=\"3 h\u00fccre aral\u0131\u011f\u0131 se\u00e7ildi\" src=\"https:\/\/exceladvisor.org\/wp-content\/uploads\/2023\/08\/3-selectionner-une-plage-de-cellules.png\" sizes=\"\" srcset=\"\" alt=\"select-cells-range\"><\/li><li> Daha sonra \u201cAlt \u2192 H \u2192 W\u201d tu\u015flar\u0131na bast\u0131\u011f\u0131n\u0131zda h\u00fccrelerdeki verileriniz sar\u0131lacakt\u0131r. <br><img decoding=\"async\" title=\"4-sar\u0131lm\u0131\u015f metin\" src=\"https:\/\/exceladvisor.org\/wp-content\/uploads\/2023\/08\/4-texte-enveloppe.png\" sizes=\"\" srcset=\"\" alt=\"wrapped-text\"><\/li><\/ol><p class=\"mynote\"> Metin sarma, h\u00fccre y\u00fcksekli\u011fini art\u0131rarak metni sarar ve h\u00fccre geni\u015fli\u011fi de\u011fi\u015fmeden kal\u0131r. B\u00f6ylece h\u00fccre geni\u015fli\u011fini art\u0131rd\u0131\u011f\u0131n\u0131zda veya azaltt\u0131\u011f\u0131n\u0131zda metin kayd\u0131rma otomatik olarak ayarlan\u0131r.<\/p><div class=\"gb-container gb-container-2116538e gb-container-mt\"> <a class=\"gb-button gb-button-f7d2c131 gb-button-text gb-button-mt-button\" href=\"https:\/\/exceladvisor.org\/tr\/klavye-kisayollari\/\">Excel PDF klavye k\u0131sayollar\u0131<\/a><h2 class=\"gb-headline gb-headline-7ed68554 gb-headline-text gb-headline-mt-heading\"> Daha fazla k\u0131sayol <\/h2><div class=\"gb-grid-wrapper gb-grid-wrapper-edeef538 gb-grid-wrapper-mt-grid\"><div class=\"gb-grid-column gb-grid-column-6ab6fbc6\"><div class=\"gb-container gb-container-6ab6fbc6\"><ul><li> <a href=\"https:\/\/exceladvisor.org\/tr\/acik-formatli-hucre-secenekleri\/\">Bi\u00e7im h\u00fccrelerini a\u00e7ma se\u00e7ene\u011fi<\/a><\/li><li> <a href=\"https:\/\/exceladvisor.org\/tr\/otomatik-ayar\/\">Otomatik ayarlama<\/a><\/li><li> <a href=\"https:\/\/exceladvisor.org\/tr\/ressam-formati-1\/\">Ressam format\u0131<\/a> <\/li><\/ul><\/div><\/div><div class=\"gb-grid-column gb-grid-column-766d598b\"><div class=\"gb-container gb-container-766d598b\"><ul><li> <a href=\"https:\/\/exceladvisor.org\/tr\/girinti-ekle\/\">Girinti ekle<\/a><\/li><li> <a href=\"https:\/\/exceladvisor.org\/tr\/sinirlari-uygula\/\">Kenarl\u0131k uygula<\/a><\/li><li> <a href=\"https:\/\/exceladvisor.org\/tr\/dolgu-rengi\/\">Rengi doldur<\/a><\/li><\/ul><\/div><\/div><\/div><\/div>","protected":false},"excerpt":{"rendered":"","protected":false},"author":1,"featured_media":0,"parent":0,"menu_order":0,"comment_status":"open","ping_status":"closed","template":"","meta":{"ub_ctt_via":"","footnotes":""},"class_list":["post-2104","page","type-page","status-publish","hentry"],"featured_image_src":null,"yoast_head":"<!-- This site is optimized with the Yoast SEO plugin v25.4 - https:\/\/yoast.com\/wordpress\/plugins\/seo\/ -->\n<title>Excel&#039;de metin nas\u0131l kayd\u0131r\u0131l\u0131r? (Excel k\u0131sayolu)<\/title>\n<meta name=\"description\" content=\"Bu e\u011fitimde, Excel&#039;deki sat\u0131rlara metin uygulamak i\u00e7in klavye k\u0131sayolunun nas\u0131l kullan\u0131laca\u011f\u0131n\u0131 \u00f6\u011freneceksiniz. \u015eimdi bu k\u0131sayol\" \/>\n<meta name=\"robots\" content=\"index, follow, max-snippet:-1, max-image-preview:large, max-video-preview:-1\" \/>\n<link rel=\"canonical\" href=\"https:\/\/exceladvisor.org\/tr\/metni-sar\/\" \/>\n<meta property=\"og:locale\" content=\"tr_TR\" \/>\n<meta property=\"og:type\" content=\"article\" \/>\n<meta property=\"og:title\" content=\"Excel&#039;de metin nas\u0131l kayd\u0131r\u0131l\u0131r? (Excel k\u0131sayolu)\" \/>\n<meta property=\"og:description\" content=\"Bu e\u011fitimde, Excel&#039;deki sat\u0131rlara metin uygulamak i\u00e7in klavye k\u0131sayolunun nas\u0131l kullan\u0131laca\u011f\u0131n\u0131 \u00f6\u011freneceksiniz. \u015eimdi bu k\u0131sayol\" \/>\n<meta property=\"og:url\" content=\"https:\/\/exceladvisor.org\/tr\/metni-sar\/\" \/>\n<meta property=\"og:site_name\" content=\"Excel Advisor\" \/>\n<meta property=\"article:modified_time\" content=\"2023-12-10T06:01:41+00:00\" \/>\n<meta property=\"og:image\" content=\"https:\/\/exceladvisor.org\/wp-content\/uploads\/2023\/08\/1-valeurs-reparties-sur-les-cellules.png\" \/>\n<meta name=\"twitter:card\" content=\"summary_large_image\" \/>\n<meta name=\"twitter:label1\" content=\"Tahmini okuma s\u00fcresi\" \/>\n\t<meta name=\"twitter:data1\" content=\"1 dakika\" \/>\n<script type=\"application\/ld+json\" class=\"yoast-schema-graph\">{\"@context\":\"https:\/\/schema.org\",\"@graph\":[{\"@type\":\"WebPage\",\"@id\":\"https:\/\/exceladvisor.org\/tr\/metni-sar\/\",\"url\":\"https:\/\/exceladvisor.org\/tr\/metni-sar\/\",\"name\":\"Excel&#39;de metin nas\u0131l kayd\u0131r\u0131l\u0131r? (Excel k\u0131sayolu)\",\"isPartOf\":{\"@id\":\"https:\/\/exceladvisor.org\/tr\/#website\"},\"primaryImageOfPage\":{\"@id\":\"https:\/\/exceladvisor.org\/tr\/metni-sar\/#primaryimage\"},\"image\":{\"@id\":\"https:\/\/exceladvisor.org\/tr\/metni-sar\/#primaryimage\"},\"thumbnailUrl\":\"https:\/\/exceladvisor.org\/wp-content\/uploads\/2023\/08\/1-valeurs-reparties-sur-les-cellules.png\",\"datePublished\":\"2023-10-16T03:28:30+00:00\",\"dateModified\":\"2023-12-10T06:01:41+00:00\",\"description\":\"Bu e\u011fitimde, Excel&#39;deki sat\u0131rlara metin uygulamak i\u00e7in klavye k\u0131sayolunun nas\u0131l kullan\u0131laca\u011f\u0131n\u0131 \u00f6\u011freneceksiniz. \u015eimdi bu k\u0131sayol\",\"breadcrumb\":{\"@id\":\"https:\/\/exceladvisor.org\/tr\/metni-sar\/#breadcrumb\"},\"inLanguage\":\"tr\",\"potentialAction\":[{\"@type\":\"ReadAction\",\"target\":[\"https:\/\/exceladvisor.org\/tr\/metni-sar\/\"]}]},{\"@type\":\"ImageObject\",\"inLanguage\":\"tr\",\"@id\":\"https:\/\/exceladvisor.org\/tr\/metni-sar\/#primaryimage\",\"url\":\"https:\/\/exceladvisor.org\/wp-content\/uploads\/2023\/08\/1-valeurs-reparties-sur-les-cellules.png\",\"contentUrl\":\"https:\/\/exceladvisor.org\/wp-content\/uploads\/2023\/08\/1-valeurs-reparties-sur-les-cellules.png\"},{\"@type\":\"BreadcrumbList\",\"@id\":\"https:\/\/exceladvisor.org\/tr\/metni-sar\/#breadcrumb\",\"itemListElement\":[{\"@type\":\"ListItem\",\"position\":1,\"name\":\"Ev\",\"item\":\"https:\/\/exceladvisor.org\/tr\/\"},{\"@type\":\"ListItem\",\"position\":2,\"name\":\"Excel&#39;de metin nas\u0131l sar\u0131l\u0131r?\"}]},{\"@type\":\"WebSite\",\"@id\":\"https:\/\/exceladvisor.org\/tr\/#website\",\"url\":\"https:\/\/exceladvisor.org\/tr\/\",\"name\":\"Excel Advisor\",\"description\":\"Veri hakimiyetine y\u00f6nelik nihai rehberiniz!\",\"publisher\":{\"@id\":\"https:\/\/exceladvisor.org\/tr\/#organization\"},\"potentialAction\":[{\"@type\":\"SearchAction\",\"target\":{\"@type\":\"EntryPoint\",\"urlTemplate\":\"https:\/\/exceladvisor.org\/tr\/?s={search_term_string}\"},\"query-input\":{\"@type\":\"PropertyValueSpecification\",\"valueRequired\":true,\"valueName\":\"search_term_string\"}}],\"inLanguage\":\"tr\"},{\"@type\":\"Organization\",\"@id\":\"https:\/\/exceladvisor.org\/tr\/#organization\",\"name\":\"Excel Advisor\",\"url\":\"https:\/\/exceladvisor.org\/tr\/\",\"logo\":{\"@type\":\"ImageObject\",\"inLanguage\":\"tr\",\"@id\":\"https:\/\/exceladvisor.org\/tr\/#\/schema\/logo\/image\/\",\"url\":\"https:\/\/exceladvisor.org\/tr\/wp-content\/uploads\/2023\/12\/exceladvisor.org_.png\",\"contentUrl\":\"https:\/\/exceladvisor.org\/tr\/wp-content\/uploads\/2023\/12\/exceladvisor.org_.png\",\"width\":105,\"height\":36,\"caption\":\"Excel Advisor\"},\"image\":{\"@id\":\"https:\/\/exceladvisor.org\/tr\/#\/schema\/logo\/image\/\"}}]}<\/script>\n<!-- \/ Yoast SEO plugin. -->","yoast_head_json":{"title":"Excel&#39;de metin nas\u0131l kayd\u0131r\u0131l\u0131r? (Excel k\u0131sayolu)","description":"Bu e\u011fitimde, Excel&#39;deki sat\u0131rlara metin uygulamak i\u00e7in klavye k\u0131sayolunun nas\u0131l kullan\u0131laca\u011f\u0131n\u0131 \u00f6\u011freneceksiniz. \u015eimdi bu k\u0131sayol","robots":{"index":"index","follow":"follow","max-snippet":"max-snippet:-1","max-image-preview":"max-image-preview:large","max-video-preview":"max-video-preview:-1"},"canonical":"https:\/\/exceladvisor.org\/tr\/metni-sar\/","og_locale":"tr_TR","og_type":"article","og_title":"Excel&#39;de metin nas\u0131l kayd\u0131r\u0131l\u0131r? (Excel k\u0131sayolu)","og_description":"Bu e\u011fitimde, Excel&#39;deki sat\u0131rlara metin uygulamak i\u00e7in klavye k\u0131sayolunun nas\u0131l kullan\u0131laca\u011f\u0131n\u0131 \u00f6\u011freneceksiniz. \u015eimdi bu k\u0131sayol","og_url":"https:\/\/exceladvisor.org\/tr\/metni-sar\/","og_site_name":"Excel Advisor","article_modified_time":"2023-12-10T06:01:41+00:00","og_image":[{"url":"https:\/\/exceladvisor.org\/wp-content\/uploads\/2023\/08\/1-valeurs-reparties-sur-les-cellules.png","type":"","width":"","height":""}],"twitter_card":"summary_large_image","twitter_misc":{"Tahmini okuma s\u00fcresi":"1 dakika"},"schema":{"@context":"https:\/\/schema.org","@graph":[{"@type":"WebPage","@id":"https:\/\/exceladvisor.org\/tr\/metni-sar\/","url":"https:\/\/exceladvisor.org\/tr\/metni-sar\/","name":"Excel&#39;de metin nas\u0131l kayd\u0131r\u0131l\u0131r? (Excel k\u0131sayolu)","isPartOf":{"@id":"https:\/\/exceladvisor.org\/tr\/#website"},"primaryImageOfPage":{"@id":"https:\/\/exceladvisor.org\/tr\/metni-sar\/#primaryimage"},"image":{"@id":"https:\/\/exceladvisor.org\/tr\/metni-sar\/#primaryimage"},"thumbnailUrl":"https:\/\/exceladvisor.org\/wp-content\/uploads\/2023\/08\/1-valeurs-reparties-sur-les-cellules.png","datePublished":"2023-10-16T03:28:30+00:00","dateModified":"2023-12-10T06:01:41+00:00","description":"Bu e\u011fitimde, Excel&#39;deki sat\u0131rlara metin uygulamak i\u00e7in klavye k\u0131sayolunun nas\u0131l kullan\u0131laca\u011f\u0131n\u0131 \u00f6\u011freneceksiniz. \u015eimdi bu k\u0131sayol","breadcrumb":{"@id":"https:\/\/exceladvisor.org\/tr\/metni-sar\/#breadcrumb"},"inLanguage":"tr","potentialAction":[{"@type":"ReadAction","target":["https:\/\/exceladvisor.org\/tr\/metni-sar\/"]}]},{"@type":"ImageObject","inLanguage":"tr","@id":"https:\/\/exceladvisor.org\/tr\/metni-sar\/#primaryimage","url":"https:\/\/exceladvisor.org\/wp-content\/uploads\/2023\/08\/1-valeurs-reparties-sur-les-cellules.png","contentUrl":"https:\/\/exceladvisor.org\/wp-content\/uploads\/2023\/08\/1-valeurs-reparties-sur-les-cellules.png"},{"@type":"BreadcrumbList","@id":"https:\/\/exceladvisor.org\/tr\/metni-sar\/#breadcrumb","itemListElement":[{"@type":"ListItem","position":1,"name":"Ev","item":"https:\/\/exceladvisor.org\/tr\/"},{"@type":"ListItem","position":2,"name":"Excel&#39;de metin nas\u0131l sar\u0131l\u0131r?"}]},{"@type":"WebSite","@id":"https:\/\/exceladvisor.org\/tr\/#website","url":"https:\/\/exceladvisor.org\/tr\/","name":"Excel Advisor","description":"Veri hakimiyetine y\u00f6nelik nihai rehberiniz!","publisher":{"@id":"https:\/\/exceladvisor.org\/tr\/#organization"},"potentialAction":[{"@type":"SearchAction","target":{"@type":"EntryPoint","urlTemplate":"https:\/\/exceladvisor.org\/tr\/?s={search_term_string}"},"query-input":{"@type":"PropertyValueSpecification","valueRequired":true,"valueName":"search_term_string"}}],"inLanguage":"tr"},{"@type":"Organization","@id":"https:\/\/exceladvisor.org\/tr\/#organization","name":"Excel Advisor","url":"https:\/\/exceladvisor.org\/tr\/","logo":{"@type":"ImageObject","inLanguage":"tr","@id":"https:\/\/exceladvisor.org\/tr\/#\/schema\/logo\/image\/","url":"https:\/\/exceladvisor.org\/tr\/wp-content\/uploads\/2023\/12\/exceladvisor.org_.png","contentUrl":"https:\/\/exceladvisor.org\/tr\/wp-content\/uploads\/2023\/12\/exceladvisor.org_.png","width":105,"height":36,"caption":"Excel Advisor"},"image":{"@id":"https:\/\/exceladvisor.org\/tr\/#\/schema\/logo\/image\/"}}]}},"yoast_meta":{"yoast_wpseo_title":"","yoast_wpseo_metadesc":"","yoast_wpseo_canonical":""},"_links":{"self":[{"href":"https:\/\/exceladvisor.org\/tr\/wp-json\/wp\/v2\/pages\/2104","targetHints":{"allow":["GET"]}}],"collection":[{"href":"https:\/\/exceladvisor.org\/tr\/wp-json\/wp\/v2\/pages"}],"about":[{"href":"https:\/\/exceladvisor.org\/tr\/wp-json\/wp\/v2\/types\/page"}],"author":[{"embeddable":true,"href":"https:\/\/exceladvisor.org\/tr\/wp-json\/wp\/v2\/users\/1"}],"replies":[{"embeddable":true,"href":"https:\/\/exceladvisor.org\/tr\/wp-json\/wp\/v2\/comments?post=2104"}],"version-history":[{"count":1,"href":"https:\/\/exceladvisor.org\/tr\/wp-json\/wp\/v2\/pages\/2104\/revisions"}],"predecessor-version":[{"id":2549,"href":"https:\/\/exceladvisor.org\/tr\/wp-json\/wp\/v2\/pages\/2104\/revisions\/2549"}],"wp:attachment":[{"href":"https:\/\/exceladvisor.org\/tr\/wp-json\/wp\/v2\/media?parent=2104"}],"curies":[{"name":"wp","href":"https:\/\/api.w.org\/{rel}","templated":true}]}}