{"id":2106,"date":"2023-10-15T16:51:36","date_gmt":"2023-10-15T16:51:36","guid":{"rendered":"https:\/\/exceladvisor.org\/tr\/tarih-farki\/"},"modified":"2023-12-10T06:04:17","modified_gmt":"2023-12-10T06:04:17","slug":"tarih-farki","status":"publish","type":"page","link":"https:\/\/exceladvisor.org\/tr\/tarih-farki\/","title":{"rendered":"Power query&#39;de tarih fark\u0131 nas\u0131l elde edilir?"},"content":{"rendered":"<div class=\"excel-icerikten-once\" id=\"excel-2449926636\"><script type=\"text\/javascript\">\r\n\tatOptions = {\r\n\t\t'key' : 'c1158f160081d6540a8409e6925dab94',\r\n\t\t'format' : 'iframe',\r\n\t\t'height' : 250,\r\n\t\t'width' : 300,\r\n\t\t'params' : {}\r\n\t};\r\n<\/script>\r\n<script type=\"text\/javascript\" src=\"\/\/www.highperformanceformat.com\/c1158f160081d6540a8409e6925dab94\/invoke.js\"><\/script><\/div> <p>Power Query ile Excel&#8217;de iki tarih aras\u0131ndaki fark\u0131 alabilirsiniz. Ve bu derste bunu ayr\u0131nt\u0131l\u0131 olarak \u00f6\u011frenece\u011fiz. <\/p><div class=\"wp-block-image\"><figure class=\"aligncenter size-full is-resized\"><img loading=\"lazy\" decoding=\"async\" class=\"wp-image-88797\" src=\"https:\/\/exceladvisor.org\/wp-content\/uploads\/2023\/08\/1-difference-entre-deux-dates-dans-la-requete-de-puissance.png\" sizes=\"auto, \" srcset=\"\" alt=\"g\u00fc\u00e7 sorgusunda iki tarih aras\u0131ndaki fark\" width=\"314\" height=\"97\"><\/figure><\/div><h2 class=\"wp-block-heading\"> \u0130ki tarih aras\u0131ndaki g\u00fcnleri say\u0131n<\/h2><ol><li> Verilerinizi g\u00fc\u00e7l\u00fc sorgu d\u00fczenleyicide a\u00e7arak ba\u015flay\u0131n (Veri sekmesi &gt; Veri Al &gt; Di\u011fer Kaynaklardan &gt; Tablodan\/Aral\u0131ktan. <br><img loading=\"lazy\" decoding=\"async\" title=\"iki g\u00fcn aras\u0131nda 2 g\u00fcn say\u0131m\u0131\" src=\"https:\/\/exceladvisor.org\/wp-content\/uploads\/2023\/08\/2-compter-les-jours-entre-deux-jours.png\" sizes=\"auto, \" srcset=\"\" alt=\"count-days-between-two-days\" width=\"508\" height=\"434\"><\/li><li> Bundan sonra S\u00fctun Ekle &gt; \u00d6zel S\u00fctun&#8217;a gidin. <br><img loading=\"lazy\" decoding=\"async\" title=\"S\u00fctunlar\u0131 ve ard\u0131ndan \u00f6zel s\u00fctunlar\u0131 eklemeye y\u00f6nelik 3 ad\u0131m\" src=\"https:\/\/exceladvisor.org\/wp-content\/uploads\/2023\/08\/3-allez-ajouter-des-colonnes-puis-des-colonnes-personnalisees.png\" sizes=\"auto, \" srcset=\"\" alt=\"go-to-add-columns-and-then-custom-columns\" width=\"600\" height=\"259\"><\/li><li> \u015eimdi \u00d6zel S\u00fctun ileti\u015fim kutusunda, yeni \u00f6zel s\u00fctuna bir ad verin ve form\u00fcl\u00fc girin (S\u00fcre.G\u00fcnler([Tarih 2]-[Tarih 1])). <br><img loading=\"lazy\" decoding=\"async\" title=\"4-isim-yeni-\u00f6zel-s\u00fctun-ve-form\u00fcl\u00fc girin\" src=\"https:\/\/exceladvisor.org\/wp-content\/uploads\/2023\/08\/4-nommez-la-nouvelle-colonne-personnalisee-et-entrez-la-formule.png\" sizes=\"auto, \" srcset=\"\" alt=\"name-new-custom-column-and-enter-formula\" width=\"614\" height=\"384\"><\/li><li> Sonunda yeni \u00f6zel s\u00fctunu eklemek i\u00e7in Tamam&#8217;\u0131 t\u0131klay\u0131n. <br><img loading=\"lazy\" decoding=\"async\" title=\"Yeni \u00f6zel s\u00fctun eklemek i\u00e7in 5 t\u0131klamayla tamam\" src=\"https:\/\/exceladvisor.org\/wp-content\/uploads\/2023\/08\/5-cliquez-sur-ok-pour-inserer-une-nouvelle-colonne-personnalisee.png\" sizes=\"auto, \" srcset=\"\" alt=\"click-ok-to-insert-new-custom-column\" width=\"561\" height=\"123\"><\/li><\/ol><p> Bu form\u00fclde tarih 1&#8217;i tarih 2&#8217;den \u00e7\u0131kar\u0131yoruz ve ard\u0131ndan g\u00fcn say\u0131s\u0131n\u0131 bulmak i\u00e7in Duration.Days i\u015flevini kullan\u0131yoruz.<\/p><p> Duration.Days i\u015flevini kullanarak g\u00fcn say\u0131s\u0131n\u0131 bile alabilirsiniz. A\u015fa\u011f\u0131daki \u00f6rnekte oldu\u011fu gibi tarih 1&#8217;i tarih 2&#8217;den \u00e7\u0131karabilirsiniz. <\/p><div class=\"wp-block-image\"><figure class=\"aligncenter size-full is-resized\"><img loading=\"lazy\" decoding=\"async\" class=\"wp-image-88802\" src=\"https:\/\/exceladvisor.org\/wp-content\/uploads\/2023\/08\/6-deduire-date1-de-date2.png\" sizes=\"auto, \" srcset=\"\" alt=\"tarih \u00e7\u0131kar1-tarih2'den itibaren\" width=\"644\" height=\"237\"><\/figure><\/div><pre class=\"wp-block-preformatted\"> =[Date 2]-[Date 1]<\/pre><p> Tamam&#8217;\u0131 t\u0131klad\u0131\u011f\u0131n\u0131zda yeni \u00f6zel s\u00fctunda bir say\u0131m d\u00f6nd\u00fcr\u00fcl\u00fcr. Ancak ondal\u0131k bi\u00e7imi kald\u0131rmak i\u00e7in s\u00fctun bi\u00e7imini tamsay\u0131 olarak de\u011fi\u015ftirmeniz gerekir. <\/p><div class=\"wp-block-image\"><figure class=\"aligncenter size-full is-resized\"><img loading=\"lazy\" decoding=\"async\" class=\"wp-image-88803\" src=\"https:\/\/exceladvisor.org\/wp-content\/uploads\/2023\/08\/7-changer-le-format-de-la-colonne-en-nombre-entier.png\" sizes=\"auto, \" srcset=\"\" alt=\"s\u00fctun bi\u00e7imini tam say\u0131ya d\u00f6n\u00fc\u015ft\u00fcr\u00fcn\" width=\"700\" height=\"342\"><\/figure><\/div><h2 class=\"wp-block-heading\"> Bug\u00fcnk\u00fc tarihten tarih fark\u0131<\/h2><p> Ve bug\u00fcn\u00fcn tarihini kullanarak fark\u0131 elde etmek istiyorsan\u0131z, \u00f6ncekinden biraz farkl\u0131 bir form\u00fcl kullanman\u0131z gerekir. <\/p><pre class=\"wp-block-preformatted\"> = DateTime.Date( DateTime.LocalNow() )-[Date 1] <\/pre><div class=\"wp-block-image\"><figure class=\"aligncenter size-full is-resized\"><img loading=\"lazy\" decoding=\"async\" class=\"wp-image-88804\" src=\"https:\/\/exceladvisor.org\/wp-content\/uploads\/2023\/08\/8-difference-de-date-par-rapport-a-la-date-daujourdhui.png\" sizes=\"auto, \" srcset=\"\" alt=\"bug\u00fcn-tarihi-tarih fark\u0131\" width=\"648\" height=\"345\"><\/figure><\/div><p> Bu form\u00fcl bug\u00fcn\u00fcn tarihini al\u0131r ve belirtti\u011finiz tarihi \u00e7\u0131kar\u0131r. Tamam&#8217;\u0131 t\u0131klad\u0131\u011f\u0131n\u0131zda, tarihler aras\u0131ndaki fark\u0131 i\u00e7eren yeni bir s\u00fctun eklenecektir. Ayr\u0131ca g\u00fcn sayma s\u00fctununun form\u00fcl\u00fcn\u00fc bir tamsay\u0131 olarak de\u011fi\u015ftirebilirsiniz. <\/p><div class=\"wp-block-image\"><figure class=\"aligncenter size-full is-resized\"><img loading=\"lazy\" decoding=\"async\" class=\"wp-image-88805\" src=\"https:\/\/exceladvisor.org\/wp-content\/uploads\/2023\/08\/9-nouvelle-colonne-avec-la-difference-entre-les-dates.png\" sizes=\"auto, \" srcset=\"\" alt=\"tarihler aras\u0131ndaki-farkl\u0131-yeni-s\u00fctun\" width=\"626\" height=\"324\"><\/figure><\/div><h2 class=\"wp-block-heading\"> Tarihler aras\u0131ndaki ay say\u0131s\u0131n\u0131 al\u0131n<\/h2><p> A\u015fa\u011f\u0131da iki g\u00fcn aras\u0131ndaki ay say\u0131s\u0131n\u0131 bulmak i\u00e7in kullanabilece\u011finiz form\u00fcl bulunmaktad\u0131r.<\/p><pre class=\"wp-block-preformatted\"> =((Date.Year([Date 2])-Date.Year([Date 1]))*12) + Date.Month([Date 2]) - Date.Month([Date 1])<\/pre><p> Bu form\u00fcl sonu\u00e7ta iki tarih aras\u0131ndaki toplam ay say\u0131s\u0131n\u0131 d\u00f6nd\u00fcr\u00fcr. <\/p><div class=\"wp-block-image\"><figure class=\"aligncenter size-full is-resized\"><img loading=\"lazy\" decoding=\"async\" class=\"wp-image-88806\" src=\"https:\/\/exceladvisor.org\/wp-content\/uploads\/2023\/08\/10-nombre-de-mois-entre-les-dates.png\" sizes=\"auto, \" srcset=\"\" alt=\"tarihler aras\u0131ndaki-ay say\u0131s\u0131\" width=\"668\" height=\"415\"><\/figure><\/div><div class=\"gb-container gb-container-9e2850fe gb-container-mt\"> <a class=\"gb-button gb-button-71636faa gb-button-text gb-button-mt-button\" href=\"https:\/\/exceladvisor.org\/tr\/guc-talebi\/\">Excel&#8217;de Power Query (E\u011fitim)<\/a><h2 class=\"gb-headline gb-headline-c566b2ed gb-headline-text gb-headline-mt-heading\"> \u0130lgili e\u011fitimler <\/h2><div class=\"gb-grid-wrapper gb-grid-wrapper-b15ed1bf gb-grid-wrapper-mt-grid\"><div class=\"gb-grid-column gb-grid-column-6e9de105\"><div class=\"gb-container gb-container-6e9de105\"><ul><li> Birden Fazla Excel DOSYASINI TEK B\u0130R NOT DEFTER\u0130NDE B\u0130RLE\u015eT\u0130R\u0130N<\/li><li> <a href=\"https:\/\/exceladvisor.org\/tr\/aramav-2\/\">Excel&#8217;deki Power Query&#8217;de D\u00dc\u015eEYARA ger\u00e7ekle\u015ftirme<\/a><\/li><li> <a href=\"https:\/\/exceladvisor.org\/tr\/dondurulmemis-veriler\/\">Power Query&#8217;yi kullanarak Excel&#8217;deki veri pivotunu kald\u0131rma<\/a><\/li><li> <a href=\"https:\/\/exceladvisor.org\/tr\/zincir\/\">Power Query: de\u011ferleri (metin ve say\u0131lar) birle\u015ftirin<\/a><\/li><\/ul><\/div><\/div><\/div><\/div>","protected":false},"excerpt":{"rendered":"","protected":false},"author":1,"featured_media":0,"parent":0,"menu_order":0,"comment_status":"open","ping_status":"closed","template":"","meta":{"ub_ctt_via":"","footnotes":""},"class_list":["post-2106","page","type-page","status-publish","hentry"],"featured_image_src":null,"yoast_head":"<!-- This site is optimized with the Yoast SEO plugin v25.4 - https:\/\/yoast.com\/wordpress\/plugins\/seo\/ -->\n<title>Power Query&#039;de tarih fark\u0131 nas\u0131l elde edilir?<\/title>\n<meta name=\"description\" content=\"Power Query ile Excel&#039;de iki tarih aras\u0131ndaki fark\u0131 alabilirsiniz. Ve bu derste bunu ayr\u0131nt\u0131l\u0131 olarak \u00f6\u011frenece\u011fiz.\" \/>\n<meta name=\"robots\" content=\"index, follow, max-snippet:-1, max-image-preview:large, max-video-preview:-1\" \/>\n<link rel=\"canonical\" href=\"https:\/\/exceladvisor.org\/tr\/tarih-farki\/\" \/>\n<meta property=\"og:locale\" content=\"tr_TR\" \/>\n<meta property=\"og:type\" content=\"article\" \/>\n<meta property=\"og:title\" content=\"Power Query&#039;de tarih fark\u0131 nas\u0131l elde edilir?\" \/>\n<meta property=\"og:description\" content=\"Power Query ile Excel&#039;de iki tarih aras\u0131ndaki fark\u0131 alabilirsiniz. Ve bu derste bunu ayr\u0131nt\u0131l\u0131 olarak \u00f6\u011frenece\u011fiz.\" \/>\n<meta property=\"og:url\" content=\"https:\/\/exceladvisor.org\/tr\/tarih-farki\/\" \/>\n<meta property=\"og:site_name\" content=\"Excel Advisor\" \/>\n<meta property=\"article:modified_time\" content=\"2023-12-10T06:04:17+00:00\" \/>\n<meta property=\"og:image\" content=\"https:\/\/exceladvisor.org\/wp-content\/uploads\/2023\/08\/1-difference-entre-deux-dates-dans-la-requete-de-puissance.png\" \/>\n<meta name=\"twitter:card\" content=\"summary_large_image\" \/>\n<meta name=\"twitter:label1\" content=\"Tahmini okuma s\u00fcresi\" \/>\n\t<meta name=\"twitter:data1\" content=\"2 dakika\" \/>\n<script type=\"application\/ld+json\" class=\"yoast-schema-graph\">{\"@context\":\"https:\/\/schema.org\",\"@graph\":[{\"@type\":\"WebPage\",\"@id\":\"https:\/\/exceladvisor.org\/tr\/tarih-farki\/\",\"url\":\"https:\/\/exceladvisor.org\/tr\/tarih-farki\/\",\"name\":\"Power Query&#39;de tarih fark\u0131 nas\u0131l elde edilir?\",\"isPartOf\":{\"@id\":\"https:\/\/exceladvisor.org\/tr\/#website\"},\"primaryImageOfPage\":{\"@id\":\"https:\/\/exceladvisor.org\/tr\/tarih-farki\/#primaryimage\"},\"image\":{\"@id\":\"https:\/\/exceladvisor.org\/tr\/tarih-farki\/#primaryimage\"},\"thumbnailUrl\":\"https:\/\/exceladvisor.org\/wp-content\/uploads\/2023\/08\/1-difference-entre-deux-dates-dans-la-requete-de-puissance.png\",\"datePublished\":\"2023-10-15T16:51:36+00:00\",\"dateModified\":\"2023-12-10T06:04:17+00:00\",\"description\":\"Power Query ile Excel&#39;de iki tarih aras\u0131ndaki fark\u0131 alabilirsiniz. Ve bu derste bunu ayr\u0131nt\u0131l\u0131 olarak \u00f6\u011frenece\u011fiz.\",\"breadcrumb\":{\"@id\":\"https:\/\/exceladvisor.org\/tr\/tarih-farki\/#breadcrumb\"},\"inLanguage\":\"tr\",\"potentialAction\":[{\"@type\":\"ReadAction\",\"target\":[\"https:\/\/exceladvisor.org\/tr\/tarih-farki\/\"]}]},{\"@type\":\"ImageObject\",\"inLanguage\":\"tr\",\"@id\":\"https:\/\/exceladvisor.org\/tr\/tarih-farki\/#primaryimage\",\"url\":\"https:\/\/exceladvisor.org\/wp-content\/uploads\/2023\/08\/1-difference-entre-deux-dates-dans-la-requete-de-puissance.png\",\"contentUrl\":\"https:\/\/exceladvisor.org\/wp-content\/uploads\/2023\/08\/1-difference-entre-deux-dates-dans-la-requete-de-puissance.png\"},{\"@type\":\"BreadcrumbList\",\"@id\":\"https:\/\/exceladvisor.org\/tr\/tarih-farki\/#breadcrumb\",\"itemListElement\":[{\"@type\":\"ListItem\",\"position\":1,\"name\":\"Ev\",\"item\":\"https:\/\/exceladvisor.org\/tr\/\"},{\"@type\":\"ListItem\",\"position\":2,\"name\":\"Power query&#39;de tarih fark\u0131 nas\u0131l elde edilir?\"}]},{\"@type\":\"WebSite\",\"@id\":\"https:\/\/exceladvisor.org\/tr\/#website\",\"url\":\"https:\/\/exceladvisor.org\/tr\/\",\"name\":\"Excel Advisor\",\"description\":\"Veri hakimiyetine y\u00f6nelik nihai rehberiniz!\",\"publisher\":{\"@id\":\"https:\/\/exceladvisor.org\/tr\/#organization\"},\"potentialAction\":[{\"@type\":\"SearchAction\",\"target\":{\"@type\":\"EntryPoint\",\"urlTemplate\":\"https:\/\/exceladvisor.org\/tr\/?s={search_term_string}\"},\"query-input\":{\"@type\":\"PropertyValueSpecification\",\"valueRequired\":true,\"valueName\":\"search_term_string\"}}],\"inLanguage\":\"tr\"},{\"@type\":\"Organization\",\"@id\":\"https:\/\/exceladvisor.org\/tr\/#organization\",\"name\":\"Excel Advisor\",\"url\":\"https:\/\/exceladvisor.org\/tr\/\",\"logo\":{\"@type\":\"ImageObject\",\"inLanguage\":\"tr\",\"@id\":\"https:\/\/exceladvisor.org\/tr\/#\/schema\/logo\/image\/\",\"url\":\"https:\/\/exceladvisor.org\/tr\/wp-content\/uploads\/2023\/12\/exceladvisor.org_.png\",\"contentUrl\":\"https:\/\/exceladvisor.org\/tr\/wp-content\/uploads\/2023\/12\/exceladvisor.org_.png\",\"width\":105,\"height\":36,\"caption\":\"Excel Advisor\"},\"image\":{\"@id\":\"https:\/\/exceladvisor.org\/tr\/#\/schema\/logo\/image\/\"}}]}<\/script>\n<!-- \/ Yoast SEO plugin. -->","yoast_head_json":{"title":"Power Query&#39;de tarih fark\u0131 nas\u0131l elde edilir?","description":"Power Query ile Excel&#39;de iki tarih aras\u0131ndaki fark\u0131 alabilirsiniz. Ve bu derste bunu ayr\u0131nt\u0131l\u0131 olarak \u00f6\u011frenece\u011fiz.","robots":{"index":"index","follow":"follow","max-snippet":"max-snippet:-1","max-image-preview":"max-image-preview:large","max-video-preview":"max-video-preview:-1"},"canonical":"https:\/\/exceladvisor.org\/tr\/tarih-farki\/","og_locale":"tr_TR","og_type":"article","og_title":"Power Query&#39;de tarih fark\u0131 nas\u0131l elde edilir?","og_description":"Power Query ile Excel&#39;de iki tarih aras\u0131ndaki fark\u0131 alabilirsiniz. Ve bu derste bunu ayr\u0131nt\u0131l\u0131 olarak \u00f6\u011frenece\u011fiz.","og_url":"https:\/\/exceladvisor.org\/tr\/tarih-farki\/","og_site_name":"Excel Advisor","article_modified_time":"2023-12-10T06:04:17+00:00","og_image":[{"url":"https:\/\/exceladvisor.org\/wp-content\/uploads\/2023\/08\/1-difference-entre-deux-dates-dans-la-requete-de-puissance.png","type":"","width":"","height":""}],"twitter_card":"summary_large_image","twitter_misc":{"Tahmini okuma s\u00fcresi":"2 dakika"},"schema":{"@context":"https:\/\/schema.org","@graph":[{"@type":"WebPage","@id":"https:\/\/exceladvisor.org\/tr\/tarih-farki\/","url":"https:\/\/exceladvisor.org\/tr\/tarih-farki\/","name":"Power Query&#39;de tarih fark\u0131 nas\u0131l elde edilir?","isPartOf":{"@id":"https:\/\/exceladvisor.org\/tr\/#website"},"primaryImageOfPage":{"@id":"https:\/\/exceladvisor.org\/tr\/tarih-farki\/#primaryimage"},"image":{"@id":"https:\/\/exceladvisor.org\/tr\/tarih-farki\/#primaryimage"},"thumbnailUrl":"https:\/\/exceladvisor.org\/wp-content\/uploads\/2023\/08\/1-difference-entre-deux-dates-dans-la-requete-de-puissance.png","datePublished":"2023-10-15T16:51:36+00:00","dateModified":"2023-12-10T06:04:17+00:00","description":"Power Query ile Excel&#39;de iki tarih aras\u0131ndaki fark\u0131 alabilirsiniz. Ve bu derste bunu ayr\u0131nt\u0131l\u0131 olarak \u00f6\u011frenece\u011fiz.","breadcrumb":{"@id":"https:\/\/exceladvisor.org\/tr\/tarih-farki\/#breadcrumb"},"inLanguage":"tr","potentialAction":[{"@type":"ReadAction","target":["https:\/\/exceladvisor.org\/tr\/tarih-farki\/"]}]},{"@type":"ImageObject","inLanguage":"tr","@id":"https:\/\/exceladvisor.org\/tr\/tarih-farki\/#primaryimage","url":"https:\/\/exceladvisor.org\/wp-content\/uploads\/2023\/08\/1-difference-entre-deux-dates-dans-la-requete-de-puissance.png","contentUrl":"https:\/\/exceladvisor.org\/wp-content\/uploads\/2023\/08\/1-difference-entre-deux-dates-dans-la-requete-de-puissance.png"},{"@type":"BreadcrumbList","@id":"https:\/\/exceladvisor.org\/tr\/tarih-farki\/#breadcrumb","itemListElement":[{"@type":"ListItem","position":1,"name":"Ev","item":"https:\/\/exceladvisor.org\/tr\/"},{"@type":"ListItem","position":2,"name":"Power query&#39;de tarih fark\u0131 nas\u0131l elde edilir?"}]},{"@type":"WebSite","@id":"https:\/\/exceladvisor.org\/tr\/#website","url":"https:\/\/exceladvisor.org\/tr\/","name":"Excel Advisor","description":"Veri hakimiyetine y\u00f6nelik nihai rehberiniz!","publisher":{"@id":"https:\/\/exceladvisor.org\/tr\/#organization"},"potentialAction":[{"@type":"SearchAction","target":{"@type":"EntryPoint","urlTemplate":"https:\/\/exceladvisor.org\/tr\/?s={search_term_string}"},"query-input":{"@type":"PropertyValueSpecification","valueRequired":true,"valueName":"search_term_string"}}],"inLanguage":"tr"},{"@type":"Organization","@id":"https:\/\/exceladvisor.org\/tr\/#organization","name":"Excel Advisor","url":"https:\/\/exceladvisor.org\/tr\/","logo":{"@type":"ImageObject","inLanguage":"tr","@id":"https:\/\/exceladvisor.org\/tr\/#\/schema\/logo\/image\/","url":"https:\/\/exceladvisor.org\/tr\/wp-content\/uploads\/2023\/12\/exceladvisor.org_.png","contentUrl":"https:\/\/exceladvisor.org\/tr\/wp-content\/uploads\/2023\/12\/exceladvisor.org_.png","width":105,"height":36,"caption":"Excel Advisor"},"image":{"@id":"https:\/\/exceladvisor.org\/tr\/#\/schema\/logo\/image\/"}}]}},"yoast_meta":{"yoast_wpseo_title":"","yoast_wpseo_metadesc":"","yoast_wpseo_canonical":""},"_links":{"self":[{"href":"https:\/\/exceladvisor.org\/tr\/wp-json\/wp\/v2\/pages\/2106","targetHints":{"allow":["GET"]}}],"collection":[{"href":"https:\/\/exceladvisor.org\/tr\/wp-json\/wp\/v2\/pages"}],"about":[{"href":"https:\/\/exceladvisor.org\/tr\/wp-json\/wp\/v2\/types\/page"}],"author":[{"embeddable":true,"href":"https:\/\/exceladvisor.org\/tr\/wp-json\/wp\/v2\/users\/1"}],"replies":[{"embeddable":true,"href":"https:\/\/exceladvisor.org\/tr\/wp-json\/wp\/v2\/comments?post=2106"}],"version-history":[{"count":1,"href":"https:\/\/exceladvisor.org\/tr\/wp-json\/wp\/v2\/pages\/2106\/revisions"}],"predecessor-version":[{"id":2709,"href":"https:\/\/exceladvisor.org\/tr\/wp-json\/wp\/v2\/pages\/2106\/revisions\/2709"}],"wp:attachment":[{"href":"https:\/\/exceladvisor.org\/tr\/wp-json\/wp\/v2\/media?parent=2106"}],"curies":[{"name":"wp","href":"https:\/\/api.w.org\/{rel}","templated":true}]}}