{"id":2111,"date":"2023-10-15T13:08:31","date_gmt":"2023-10-15T13:08:31","guid":{"rendered":"https:\/\/exceladvisor.org\/tr\/excel-zaman-fonksiyonlari\/"},"modified":"2023-12-10T06:03:24","modified_gmt":"2023-12-10T06:03:24","slug":"excel-zaman-fonksiyonlari","status":"publish","type":"page","link":"https:\/\/exceladvisor.org\/tr\/excel-zaman-fonksiyonlari\/","title":{"rendered":"Excel&#39;de zaman fonksiyonlar\u0131 nas\u0131l kullan\u0131l\u0131r?"},"content":{"rendered":"<div class=\"excel-icerikten-once\" id=\"excel-89103930\"><script type=\"text\/javascript\">\r\n\tatOptions = {\r\n\t\t'key' : 'c1158f160081d6540a8409e6925dab94',\r\n\t\t'format' : 'iframe',\r\n\t\t'height' : 250,\r\n\t\t'width' : 300,\r\n\t\t'params' : {}\r\n\t};\r\n<\/script>\r\n<script type=\"text\/javascript\" src=\"\/\/www.highperformanceformat.com\/c1158f160081d6540a8409e6925dab94\/invoke.js\"><\/script><\/div> <p><strong><em><a href=\"https:\/\/exceladvisor.org\/wp-content\/uploads\/2023\/08\/excel_time_functions_sample_files.zip\" target=\"_blank\" rel=\"noreferrer noopener nofollow\">\u00f6rnek dosyalar<\/a><\/em><\/strong> <\/p><div class=\"wp-block-group groupx is-layout-constrained\"><div class=\"wp-block-group__inner-container\"><h2 class=\"wp-block-heading\"> 1. ZAMAN i\u015flevi<\/h2><p> <strong>TIME i\u015flevi ge\u00e7erli bir zamandan zaman de\u011ferini d\u00f6nd\u00fcr\u00fcr.<\/strong> Zaman de\u011feri saat, dakika ve saniyelerden olu\u015fur ve TIME fonksiyonu saat de\u011ferini al\u0131r ve gerisini yok sayar.<\/p><h3 class=\"wp-block-heading\"> <strong>S\u00f6zdizimi<\/strong><\/h3><p> <em>TIME(seri_numaras\u0131)<\/em><\/p><h3 class=\"wp-block-heading\"> <strong>Arg\u00fcmanlar<\/strong><\/h3><ul><li> <strong>seri_number:<\/strong> Zaman de\u011ferini almak istedi\u011finiz ge\u00e7erli bir zaman.<\/li><\/ul><h3 class=\"wp-block-heading\"> <strong>\u00d6rnek<\/strong><\/h3><h4 class=\"wp-block-heading\"> <strong>1. H\u00fccre referans\u0131n\u0131 kullan\u0131n<\/strong><\/h4><p> A\u015fa\u011f\u0131daki \u00f6rnekte ge\u00e7erli bir zaman de\u011ferine sahip oldu\u011fum bir h\u00fccreye referans verdik. \u0130\u015flev, bu zaman de\u011ferinden yaln\u0131zca 24 saat format\u0131ndaki zaman\u0131 \u00e7\u0131kard\u0131. Elinizde zaman verileriniz oldu\u011funda ve bu de\u011ferlerden zaman \u00e7\u0131karmak istedi\u011finizde bu y\u00f6ntemi kullanabilirsiniz. <\/p><div class=\"wp-block-image\"><figure class=\"aligncenter size-large is-resized\"><img loading=\"lazy\" decoding=\"async\" class=\"wp-image-36933\" src=\"https:\/\/exceladvisor.org\/wp-content\/uploads\/2023\/08\/Excel-fonction-heure-exemple-1.png\" sizes=\"auto, \" srcset=\"\" alt=\"excel-zaman-fonksiyonu-\u00f6rnek-1\" width=\"379\" height=\"251\"><\/figure><\/div><h4 class=\"wp-block-heading\"> <strong>2. Tarihi referans olarak kullan\u0131n<\/strong><\/h4><p> A\u015fa\u011f\u0131daki \u00f6rnekte, zaman de\u011feri i\u00e7eren bir tarih kulland\u0131k ve HOUR, saati bundan tam say\u0131 olarak \u00e7\u0131kard\u0131k. <\/p><div class=\"wp-block-image\"><figure class=\"aligncenter size-large is-resized\"><img loading=\"lazy\" decoding=\"async\" class=\"wp-image-36934\" src=\"https:\/\/exceladvisor.org\/wp-content\/uploads\/2023\/08\/Excel-fonction-heure-exemple-2.png\" sizes=\"auto, \" srcset=\"\" alt=\"excel-zaman-fonksiyonu-\u00f6rnek-2\" width=\"421\" height=\"285\"><\/figure><\/div><p> Ve bu tarihin format\u0131n\u0131 de\u011fi\u015ftirerek de\u011fere \u00e7evirirseniz ondal\u0131k formda bir zaman de\u011ferine sahip oldu\u011funu bilirsiniz. <\/p><div class=\"wp-block-image\"><figure class=\"aligncenter size-large is-resized\"><img loading=\"lazy\" decoding=\"async\" class=\"wp-image-36935\" src=\"https:\/\/exceladvisor.org\/wp-content\/uploads\/2023\/08\/Excel-fonction-heure-exemple-3.png\" sizes=\"auto, \" srcset=\"\" alt=\"excel-zaman-fonksiyonu-\u00f6rnek-3\" width=\"466\" height=\"279\"><\/figure><\/div><\/div><\/div><div class=\"wp-block-group groupx is-layout-constrained\"><div class=\"wp-block-group__inner-container\"><h2 class=\"wp-block-heading\"> 2. DAK\u0130KA i\u015flevi<\/h2><p> <strong>MINUTE i\u015flevi ge\u00e7erli bir zaman\u0131n dakika de\u011ferini d\u00f6nd\u00fcr\u00fcr.<\/strong> Zaman de\u011feri saat, dakika ve saniyelerden olu\u015fur ve DAK\u0130KA i\u015flevi dakika de\u011ferini al\u0131r ve gerisini yok sayar.<\/p><h3 class=\"wp-block-heading\"> <strong>S\u00f6zdizimi<\/strong><\/h3><p> <em>MINUTE(seri_numaras\u0131)<\/em><\/p><h3 class=\"wp-block-heading\"> <strong>Arg\u00fcmanlar<\/strong><\/h3><ul><li> <strong>seri_numaras\u0131:<\/strong> dakika de\u011ferini almak istedi\u011finiz ge\u00e7erli bir zaman.<\/li><\/ul><h3 class=\"wp-block-heading\"> <strong>\u00d6rnek<\/strong><\/h3><p> A\u015fa\u011f\u0131daki \u00f6rnekte farkl\u0131 zaman de\u011ferlerinden dakika de\u011ferini \u00e7\u0131karmak i\u00e7in dakika fonksiyonunu kulland\u0131k. <\/p><div class=\"wp-block-image\"><figure class=\"aligncenter size-large is-resized\"><img loading=\"lazy\" decoding=\"async\" class=\"wp-image-37196\" src=\"https:\/\/exceladvisor.org\/wp-content\/uploads\/2023\/08\/exemple-de-fonction-minute-excel-1.png\" sizes=\"auto, \" srcset=\"\" alt=\"excel-dakika-fonksiyonu-\u00f6rnek-1\" width=\"452\" height=\"319\"><\/figure><\/div><\/div><\/div><div class=\"wp-block-group groupx is-layout-constrained\"><div class=\"wp-block-group__inner-container\"><h2 class=\"wp-block-heading\"> 3. \u015e\u0130MD\u0130 i\u015flevi<\/h2><p> <strong>\u015e\u0130MD\u0130 i\u015flevi, sistem tarihi ve saatine g\u00f6re ge\u00e7erli tarih ve saati d\u00f6nd\u00fcr\u00fcr.<\/strong> \u015e\u0130MD\u0130 i\u015flevinin d\u00f6nd\u00fcrd\u00fc\u011f\u00fc tarih ve saat, \u00e7al\u0131\u015fma sayfas\u0131ndaki herhangi bir \u015feyi her g\u00fcncelledi\u011finizde s\u00fcrekli olarak g\u00fcncellenir.<\/p><h3 class=\"wp-block-heading\"> <strong>S\u00f6zdizimi<\/strong><\/h3><p> <em>\u015e\u0130MD\u0130()<\/em><\/p><h3 class=\"wp-block-heading\"> <strong>Arg\u00fcmanlar<\/strong><\/h3><ul><li> \u015e\u0130MD\u0130&#8217;de belirtilecek bir arg\u00fcman yoktur, ancak bu fonksiyonun, elektronik tablo hesaplaman\u0131z\u0131 her g\u00fcncelledi\u011finizde de\u011feri de\u011fi\u015ftiren ge\u00e7ici bir fonksiyon oldu\u011funa dikkat etmeniz gerekir.<\/li><\/ul><h3 class=\"wp-block-heading\"> <strong>\u00d6rnek<\/strong><\/h3><p> A\u015fa\u011f\u0131da NOW&#8217;u iki farkl\u0131 \u015fekilde kulland\u0131k: <\/p><div class=\"wp-block-image\"><figure class=\"aligncenter size-large is-resized\"><img loading=\"lazy\" decoding=\"async\" class=\"wp-image-37221\" src=\"https:\/\/exceladvisor.org\/wp-content\/uploads\/2023\/08\/excel-maintenant-fonction-exemple-1.png\" sizes=\"auto, \" srcset=\"\" alt=\"excel-\u015fimdi-i\u015flev-\u00f6rnek-1\" width=\"531\" height=\"326\"><\/figure><\/div><ul><li> \u0130lk \u00f6rnekte, \u015fimdiki zaman\u0131 \u00e7\u0131karmak i\u00e7in \u015fimdi ile TEXT Fonksiyonunu kulland\u0131k.<\/li><li> \u0130kinci \u00f6rnekte h\u00fccre format\u0131n\u0131 \u201cGenel\u201d olarak de\u011fi\u015ftirdik. Virg\u00fclden \u00f6nceki say\u0131 g\u00fcncel tarihi, virg\u00fclden sonraki say\u0131 ise saati g\u00f6sterir. <\/li><\/ul><\/div><\/div><div class=\"wp-block-group groupx is-layout-constrained\"><div class=\"wp-block-group__inner-container\"><h2 class=\"wp-block-heading\"> 4. \u0130K\u0130NC\u0130 Fonksiyon<\/h2><p> <strong>\u0130K\u0130NC\u0130 i\u015flevi ge\u00e7erli bir zaman\u0131n saniye de\u011ferini d\u00f6nd\u00fcr\u00fcr.<\/strong> Zaman de\u011feri saat, dakika ve saniyelerden olu\u015fur ve \u0130K\u0130NC\u0130 i\u015flevi saniye de\u011ferini al\u0131r ve geri kalan\u0131n\u0131 yok sayar.<\/p><h3 class=\"wp-block-heading\"> <strong>S\u00f6zdizimi<\/strong><\/h3><p> <em>\u0130K\u0130NC\u0130(seri_numaras\u0131)<\/em><\/p><h3 class=\"wp-block-heading\"> <strong>Arg\u00fcmanlar<\/strong><\/h3><ul><li> <strong>seri_number<\/strong> : \u0130kinci de\u011feri almak istedi\u011finiz ge\u00e7erli bir zaman.<\/li><\/ul><h3 class=\"wp-block-heading\"> <strong>\u00d6rnek<\/strong><\/h3><p> A\u015fa\u011f\u0131daki \u00f6rnekte ikinciyi elde etmek i\u00e7in farkl\u0131 bir giri\u015f de\u011feri kulland\u0131k. Giri\u015f de\u011feri Excel&#8217;in tarih ve saat sistemine g\u00f6re ge\u00e7erli bir tarih ve saat olmal\u0131d\u0131r. <\/p><div class=\"wp-block-image\"><figure class=\"aligncenter size-large is-resized\"><img loading=\"lazy\" decoding=\"async\" class=\"wp-image-37317\" src=\"https:\/\/exceladvisor.org\/wp-content\/uploads\/2023\/08\/excel-deuxieme-fonction-exemple-1.png\" sizes=\"auto, \" srcset=\"\" alt=\"excel-ikinci-i\u015flev-\u00f6rnek-1\" width=\"440\" height=\"289\"><\/figure><\/div><p> Herhangi bir saniye de\u011feri i\u00e7ermeyen bir giri\u015f de\u011feri buna g\u00f6re 0 de\u011ferini d\u00f6nd\u00fcrecektir. <\/p><div class=\"wp-block-image\"><figure class=\"aligncenter size-large is-resized\"><img loading=\"lazy\" decoding=\"async\" class=\"wp-image-37318\" src=\"https:\/\/exceladvisor.org\/wp-content\/uploads\/2023\/08\/excel-deuxieme-fonction-exemple-2.png\" sizes=\"auto, \" srcset=\"\" alt=\"excel-ikinci-i\u015flev-\u00f6rnek-2\" width=\"463\" height=\"287\"><\/figure><\/div><\/div><\/div><div class=\"wp-block-group groupx is-layout-constrained\"><div class=\"wp-block-group__inner-container\"><h2 class=\"wp-block-heading\"> 5. ZAMAN i\u015flevi<\/h2><p> <strong>TIME i\u015flevi, girilen saat, dakika ve saniyeye g\u00f6re ge\u00e7erli bir zaman d\u00f6nd\u00fcr\u00fcr.<\/strong> Basit bir ifadeyle, t\u00fcm zaman bile\u015fenlerini belirtmeniz gerekir ve bu, onunla bir zaman de\u011feri olu\u015fturacak ve sonu\u00e7 olarak geri d\u00f6necektir.<\/p><h3 class=\"wp-block-heading\"> <strong>S\u00f6zdizimi<\/strong><\/h3><p> <em>TIME (saat, dakika, saniye)<\/em><\/p><h3 class=\"wp-block-heading\"> <strong>Arg\u00fcmanlar<\/strong><\/h3><ul><li> <strong>saat:<\/strong> Saat de\u011feri olarak kullan\u0131lacak say\u0131.<\/li><li> <strong>dakika:<\/strong> Dakika de\u011feri olarak kullan\u0131lacak say\u0131.<\/li><li> <strong>ikinci:<\/strong> ikinci de\u011fer olarak kullan\u0131lacak say\u0131.<\/li><\/ul><h3 class=\"wp-block-heading\"> <strong>\u00d6rnek<\/strong><\/h3><p> A\u015fa\u011f\u0131daki \u00f6rnekte farkl\u0131 arg\u00fcmanlar kulland\u0131k: <\/p><div class=\"wp-block-image\"><figure class=\"aligncenter size-large is-resized\"><img loading=\"lazy\" decoding=\"async\" class=\"wp-image-37344\" src=\"https:\/\/exceladvisor.org\/wp-content\/uploads\/2023\/08\/Excel-fonction-de-temps-exemple-1.png\" sizes=\"auto, \" srcset=\"\" alt=\"excel-zaman-fonksiyonu-\u00f6rnek-1\" width=\"538\" height=\"345\"><\/figure><\/div><ul><li> Bu fonksiyonun d\u00f6nd\u00fcrd\u00fc\u011f\u00fc zaman 12 saat format\u0131ndad\u0131r.<\/li><li> Saat de\u011feri olarak s\u0131f\u0131r\u0131 kullan\u0131rsan\u0131z bu size g\u00fcn\u00fcn ba\u015flang\u0131\u00e7 saatinden itibaren zaman\u0131 verecektir.<\/li><li> Negatif bir say\u0131 belirtti\u011finizde bu de\u011fer \u00f6nceki saat, dakika veya saniyeden \u00e7\u0131kar\u0131l\u0131r.<\/li><li> Zaman i\u015flevi, Excel&#8217;de belirli bir zaman\u0131 temsil eden ondal\u0131k say\u0131y\u0131 d\u00f6nd\u00fcr\u00fcr. <\/li><\/ul><\/div><\/div><div class=\"wp-block-group groupx is-layout-constrained\"><div class=\"wp-block-group__inner-container\"><h2 class=\"wp-block-heading\"> 6. ZAMAN DE\u011eER\u0130 i\u015flevi<\/h2><p> <strong>TIMEVALUE i\u015flevi, bir zaman\u0131 temsil eden metni ger\u00e7ek zamana d\u00f6n\u00fc\u015ft\u00fcrd\u00fckten sonra zaman\u0131 d\u00f6nd\u00fcr\u00fcr.<\/strong> Basit bir ifadeyle zaman\u0131, metin olarak bi\u00e7imlendirilmi\u015f ger\u00e7ek zamana d\u00f6n\u00fc\u015ft\u00fcr\u00fcr.<\/p><h3 class=\"wp-block-heading\"> <strong>S\u00f6zdizimi<\/strong><\/h3><p> <em>TIMEVALUE(text_time)<\/em><\/p><h3 class=\"wp-block-heading\"> <strong>Arg\u00fcmanlar<\/strong><\/h3><ul><li> <strong>time_text:<\/strong> zaman de\u011feri olan ancak metin olarak saklanan bir metin.<\/li><\/ul><h3 class=\"wp-block-heading\"> <strong>\u00d6rnek<\/strong><\/h3><p> Bir \u00f6rnekte denememiz gerekiyor, bu y\u00fczden a\u015fa\u011f\u0131dakini kontrol etti\u011finizden emin olun: <\/p><div class=\"wp-block-image\"><figure class=\"aligncenter size-large is-resized\"><img loading=\"lazy\" decoding=\"async\" class=\"wp-image-37347\" src=\"https:\/\/exceladvisor.org\/wp-content\/uploads\/2023\/08\/exemple-de-fonction-excel-timevalue-1.png\" sizes=\"auto, \" srcset=\"\" alt=\"excel-zaman de\u011feri-i\u015flevi-\u00f6rnek-1\" width=\"501\" height=\"388\"><\/figure><\/div><p> \u00d6\u011fleden sonra\/\u00f6\u011fleden sonra olmadan bir metin saati de\u011feri kullan\u0131rsan\u0131z i\u015flev, saati 24 saat bi\u00e7iminde temsil eden bir seri numaras\u0131 d\u00f6nd\u00fcr\u00fcr. Saati almak i\u00e7in seri numaras\u0131 bi\u00e7imini de\u011fi\u015ftirebilirsiniz.<\/p><p> TIMEVALUE, Excel taraf\u0131ndan tan\u0131nabilen herhangi bir metin zaman de\u011ferini ondal\u0131k say\u0131ya d\u00f6n\u00fc\u015ft\u00fcr\u00fcr. G\u00fcn\u00fcn ba\u015flang\u0131\u00e7 saati 12:00 oldu\u011fundan fonksiyon 0 de\u011ferini d\u00f6nd\u00fcr\u00fcr.<\/p><p> 00:00 ile 23:59 aras\u0131ndaki zaman\u0131 temsil eder. Bir tarih, saati i\u00e7eriyorsa, o tarihin saatini almak olduk\u00e7a ak\u0131ll\u0131cad\u0131r. TIMEVALUE kullan\u0131rken yaln\u0131zca Excel&#8217;in tan\u0131yabilece\u011fi bir tarih konusunda endi\u015felenmeniz gerekir.<\/p><\/div><\/div>","protected":false},"excerpt":{"rendered":"","protected":false},"author":1,"featured_media":0,"parent":0,"menu_order":0,"comment_status":"open","ping_status":"closed","template":"","meta":{"ub_ctt_via":"","footnotes":""},"class_list":["post-2111","page","type-page","status-publish","hentry"],"featured_image_src":null,"yoast_head":"<!-- This site is optimized with the Yoast SEO plugin v25.4 - https:\/\/yoast.com\/wordpress\/plugins\/seo\/ -->\n<title>Excel&#039;de zaman fonksiyonlar\u0131 nas\u0131l kullan\u0131l\u0131r? (\u00f6rnekler)<\/title>\n<meta name=\"description\" content=\"Excel Zaman Excel&#039;de zamanla ilgili hesaplamalar\u0131 ger\u00e7ekle\u015ftirmek i\u00e7in i\u015flevler.\" \/>\n<meta name=\"robots\" content=\"index, follow, max-snippet:-1, max-image-preview:large, max-video-preview:-1\" \/>\n<link rel=\"canonical\" href=\"https:\/\/exceladvisor.org\/tr\/excel-zaman-fonksiyonlari\/\" \/>\n<meta property=\"og:locale\" content=\"tr_TR\" \/>\n<meta property=\"og:type\" content=\"article\" \/>\n<meta property=\"og:title\" content=\"Excel&#039;de zaman fonksiyonlar\u0131 nas\u0131l kullan\u0131l\u0131r? (\u00f6rnekler)\" \/>\n<meta property=\"og:description\" content=\"Excel Zaman Excel&#039;de zamanla ilgili hesaplamalar\u0131 ger\u00e7ekle\u015ftirmek i\u00e7in i\u015flevler.\" \/>\n<meta property=\"og:url\" content=\"https:\/\/exceladvisor.org\/tr\/excel-zaman-fonksiyonlari\/\" \/>\n<meta property=\"og:site_name\" content=\"Excel Advisor\" \/>\n<meta property=\"article:modified_time\" content=\"2023-12-10T06:03:24+00:00\" \/>\n<meta property=\"og:image\" content=\"https:\/\/exceladvisor.org\/wp-content\/uploads\/2023\/08\/Excel-fonction-heure-exemple-1.png\" \/>\n<meta name=\"twitter:card\" content=\"summary_large_image\" \/>\n<meta name=\"twitter:label1\" content=\"Tahmini okuma s\u00fcresi\" \/>\n\t<meta name=\"twitter:data1\" content=\"4 dakika\" \/>\n<script type=\"application\/ld+json\" class=\"yoast-schema-graph\">{\"@context\":\"https:\/\/schema.org\",\"@graph\":[{\"@type\":\"WebPage\",\"@id\":\"https:\/\/exceladvisor.org\/tr\/excel-zaman-fonksiyonlari\/\",\"url\":\"https:\/\/exceladvisor.org\/tr\/excel-zaman-fonksiyonlari\/\",\"name\":\"Excel&#39;de zaman fonksiyonlar\u0131 nas\u0131l kullan\u0131l\u0131r? (\u00f6rnekler)\",\"isPartOf\":{\"@id\":\"https:\/\/exceladvisor.org\/tr\/#website\"},\"primaryImageOfPage\":{\"@id\":\"https:\/\/exceladvisor.org\/tr\/excel-zaman-fonksiyonlari\/#primaryimage\"},\"image\":{\"@id\":\"https:\/\/exceladvisor.org\/tr\/excel-zaman-fonksiyonlari\/#primaryimage\"},\"thumbnailUrl\":\"https:\/\/exceladvisor.org\/wp-content\/uploads\/2023\/08\/Excel-fonction-heure-exemple-1.png\",\"datePublished\":\"2023-10-15T13:08:31+00:00\",\"dateModified\":\"2023-12-10T06:03:24+00:00\",\"description\":\"Excel Zaman Excel&#39;de zamanla ilgili hesaplamalar\u0131 ger\u00e7ekle\u015ftirmek i\u00e7in i\u015flevler.\",\"breadcrumb\":{\"@id\":\"https:\/\/exceladvisor.org\/tr\/excel-zaman-fonksiyonlari\/#breadcrumb\"},\"inLanguage\":\"tr\",\"potentialAction\":[{\"@type\":\"ReadAction\",\"target\":[\"https:\/\/exceladvisor.org\/tr\/excel-zaman-fonksiyonlari\/\"]}]},{\"@type\":\"ImageObject\",\"inLanguage\":\"tr\",\"@id\":\"https:\/\/exceladvisor.org\/tr\/excel-zaman-fonksiyonlari\/#primaryimage\",\"url\":\"https:\/\/exceladvisor.org\/wp-content\/uploads\/2023\/08\/Excel-fonction-heure-exemple-1.png\",\"contentUrl\":\"https:\/\/exceladvisor.org\/wp-content\/uploads\/2023\/08\/Excel-fonction-heure-exemple-1.png\"},{\"@type\":\"BreadcrumbList\",\"@id\":\"https:\/\/exceladvisor.org\/tr\/excel-zaman-fonksiyonlari\/#breadcrumb\",\"itemListElement\":[{\"@type\":\"ListItem\",\"position\":1,\"name\":\"Ev\",\"item\":\"https:\/\/exceladvisor.org\/tr\/\"},{\"@type\":\"ListItem\",\"position\":2,\"name\":\"Excel&#39;de zaman fonksiyonlar\u0131 nas\u0131l kullan\u0131l\u0131r?\"}]},{\"@type\":\"WebSite\",\"@id\":\"https:\/\/exceladvisor.org\/tr\/#website\",\"url\":\"https:\/\/exceladvisor.org\/tr\/\",\"name\":\"Excel Advisor\",\"description\":\"Veri hakimiyetine y\u00f6nelik nihai rehberiniz!\",\"publisher\":{\"@id\":\"https:\/\/exceladvisor.org\/tr\/#organization\"},\"potentialAction\":[{\"@type\":\"SearchAction\",\"target\":{\"@type\":\"EntryPoint\",\"urlTemplate\":\"https:\/\/exceladvisor.org\/tr\/?s={search_term_string}\"},\"query-input\":{\"@type\":\"PropertyValueSpecification\",\"valueRequired\":true,\"valueName\":\"search_term_string\"}}],\"inLanguage\":\"tr\"},{\"@type\":\"Organization\",\"@id\":\"https:\/\/exceladvisor.org\/tr\/#organization\",\"name\":\"Excel Advisor\",\"url\":\"https:\/\/exceladvisor.org\/tr\/\",\"logo\":{\"@type\":\"ImageObject\",\"inLanguage\":\"tr\",\"@id\":\"https:\/\/exceladvisor.org\/tr\/#\/schema\/logo\/image\/\",\"url\":\"https:\/\/exceladvisor.org\/tr\/wp-content\/uploads\/2023\/12\/exceladvisor.org_.png\",\"contentUrl\":\"https:\/\/exceladvisor.org\/tr\/wp-content\/uploads\/2023\/12\/exceladvisor.org_.png\",\"width\":105,\"height\":36,\"caption\":\"Excel Advisor\"},\"image\":{\"@id\":\"https:\/\/exceladvisor.org\/tr\/#\/schema\/logo\/image\/\"}}]}<\/script>\n<!-- \/ Yoast SEO plugin. -->","yoast_head_json":{"title":"Excel&#39;de zaman fonksiyonlar\u0131 nas\u0131l kullan\u0131l\u0131r? (\u00f6rnekler)","description":"Excel Zaman Excel&#39;de zamanla ilgili hesaplamalar\u0131 ger\u00e7ekle\u015ftirmek i\u00e7in i\u015flevler.","robots":{"index":"index","follow":"follow","max-snippet":"max-snippet:-1","max-image-preview":"max-image-preview:large","max-video-preview":"max-video-preview:-1"},"canonical":"https:\/\/exceladvisor.org\/tr\/excel-zaman-fonksiyonlari\/","og_locale":"tr_TR","og_type":"article","og_title":"Excel&#39;de zaman fonksiyonlar\u0131 nas\u0131l kullan\u0131l\u0131r? (\u00f6rnekler)","og_description":"Excel Zaman Excel&#39;de zamanla ilgili hesaplamalar\u0131 ger\u00e7ekle\u015ftirmek i\u00e7in i\u015flevler.","og_url":"https:\/\/exceladvisor.org\/tr\/excel-zaman-fonksiyonlari\/","og_site_name":"Excel Advisor","article_modified_time":"2023-12-10T06:03:24+00:00","og_image":[{"url":"https:\/\/exceladvisor.org\/wp-content\/uploads\/2023\/08\/Excel-fonction-heure-exemple-1.png","type":"","width":"","height":""}],"twitter_card":"summary_large_image","twitter_misc":{"Tahmini okuma s\u00fcresi":"4 dakika"},"schema":{"@context":"https:\/\/schema.org","@graph":[{"@type":"WebPage","@id":"https:\/\/exceladvisor.org\/tr\/excel-zaman-fonksiyonlari\/","url":"https:\/\/exceladvisor.org\/tr\/excel-zaman-fonksiyonlari\/","name":"Excel&#39;de zaman fonksiyonlar\u0131 nas\u0131l kullan\u0131l\u0131r? (\u00f6rnekler)","isPartOf":{"@id":"https:\/\/exceladvisor.org\/tr\/#website"},"primaryImageOfPage":{"@id":"https:\/\/exceladvisor.org\/tr\/excel-zaman-fonksiyonlari\/#primaryimage"},"image":{"@id":"https:\/\/exceladvisor.org\/tr\/excel-zaman-fonksiyonlari\/#primaryimage"},"thumbnailUrl":"https:\/\/exceladvisor.org\/wp-content\/uploads\/2023\/08\/Excel-fonction-heure-exemple-1.png","datePublished":"2023-10-15T13:08:31+00:00","dateModified":"2023-12-10T06:03:24+00:00","description":"Excel Zaman Excel&#39;de zamanla ilgili hesaplamalar\u0131 ger\u00e7ekle\u015ftirmek i\u00e7in i\u015flevler.","breadcrumb":{"@id":"https:\/\/exceladvisor.org\/tr\/excel-zaman-fonksiyonlari\/#breadcrumb"},"inLanguage":"tr","potentialAction":[{"@type":"ReadAction","target":["https:\/\/exceladvisor.org\/tr\/excel-zaman-fonksiyonlari\/"]}]},{"@type":"ImageObject","inLanguage":"tr","@id":"https:\/\/exceladvisor.org\/tr\/excel-zaman-fonksiyonlari\/#primaryimage","url":"https:\/\/exceladvisor.org\/wp-content\/uploads\/2023\/08\/Excel-fonction-heure-exemple-1.png","contentUrl":"https:\/\/exceladvisor.org\/wp-content\/uploads\/2023\/08\/Excel-fonction-heure-exemple-1.png"},{"@type":"BreadcrumbList","@id":"https:\/\/exceladvisor.org\/tr\/excel-zaman-fonksiyonlari\/#breadcrumb","itemListElement":[{"@type":"ListItem","position":1,"name":"Ev","item":"https:\/\/exceladvisor.org\/tr\/"},{"@type":"ListItem","position":2,"name":"Excel&#39;de zaman fonksiyonlar\u0131 nas\u0131l kullan\u0131l\u0131r?"}]},{"@type":"WebSite","@id":"https:\/\/exceladvisor.org\/tr\/#website","url":"https:\/\/exceladvisor.org\/tr\/","name":"Excel Advisor","description":"Veri hakimiyetine y\u00f6nelik nihai rehberiniz!","publisher":{"@id":"https:\/\/exceladvisor.org\/tr\/#organization"},"potentialAction":[{"@type":"SearchAction","target":{"@type":"EntryPoint","urlTemplate":"https:\/\/exceladvisor.org\/tr\/?s={search_term_string}"},"query-input":{"@type":"PropertyValueSpecification","valueRequired":true,"valueName":"search_term_string"}}],"inLanguage":"tr"},{"@type":"Organization","@id":"https:\/\/exceladvisor.org\/tr\/#organization","name":"Excel Advisor","url":"https:\/\/exceladvisor.org\/tr\/","logo":{"@type":"ImageObject","inLanguage":"tr","@id":"https:\/\/exceladvisor.org\/tr\/#\/schema\/logo\/image\/","url":"https:\/\/exceladvisor.org\/tr\/wp-content\/uploads\/2023\/12\/exceladvisor.org_.png","contentUrl":"https:\/\/exceladvisor.org\/tr\/wp-content\/uploads\/2023\/12\/exceladvisor.org_.png","width":105,"height":36,"caption":"Excel Advisor"},"image":{"@id":"https:\/\/exceladvisor.org\/tr\/#\/schema\/logo\/image\/"}}]}},"yoast_meta":{"yoast_wpseo_title":"","yoast_wpseo_metadesc":"","yoast_wpseo_canonical":""},"_links":{"self":[{"href":"https:\/\/exceladvisor.org\/tr\/wp-json\/wp\/v2\/pages\/2111","targetHints":{"allow":["GET"]}}],"collection":[{"href":"https:\/\/exceladvisor.org\/tr\/wp-json\/wp\/v2\/pages"}],"about":[{"href":"https:\/\/exceladvisor.org\/tr\/wp-json\/wp\/v2\/types\/page"}],"author":[{"embeddable":true,"href":"https:\/\/exceladvisor.org\/tr\/wp-json\/wp\/v2\/users\/1"}],"replies":[{"embeddable":true,"href":"https:\/\/exceladvisor.org\/tr\/wp-json\/wp\/v2\/comments?post=2111"}],"version-history":[{"count":1,"href":"https:\/\/exceladvisor.org\/tr\/wp-json\/wp\/v2\/pages\/2111\/revisions"}],"predecessor-version":[{"id":2651,"href":"https:\/\/exceladvisor.org\/tr\/wp-json\/wp\/v2\/pages\/2111\/revisions\/2651"}],"wp:attachment":[{"href":"https:\/\/exceladvisor.org\/tr\/wp-json\/wp\/v2\/media?parent=2111"}],"curies":[{"name":"wp","href":"https:\/\/api.w.org\/{rel}","templated":true}]}}