{"id":2114,"date":"2023-10-15T11:17:44","date_gmt":"2023-10-15T11:17:44","guid":{"rendered":"https:\/\/exceladvisor.org\/tr\/mod\/"},"modified":"2023-12-10T06:01:42","modified_gmt":"2023-12-10T06:01:42","slug":"mod","status":"publish","type":"page","link":"https:\/\/exceladvisor.org\/tr\/mod\/","title":{"rendered":"Excel&#39;de mod i\u015flevi nas\u0131l kullan\u0131l\u0131r?"},"content":{"rendered":"<div class=\"excel-icerikten-once\" id=\"excel-4203551404\"><script type=\"text\/javascript\">\r\n\tatOptions = {\r\n\t\t'key' : 'c1158f160081d6540a8409e6925dab94',\r\n\t\t'format' : 'iframe',\r\n\t\t'height' : 250,\r\n\t\t'width' : 300,\r\n\t\t'params' : {}\r\n\t};\r\n<\/script>\r\n<script type=\"text\/javascript\" src=\"\/\/www.highperformanceformat.com\/c1158f160081d6540a8409e6925dab94\/invoke.js\"><\/script><\/div> <p>MOD, <a href=\"https:\/\/exceladvisor.org\/tr\/a\/\">Excel&#8217;in matematik i\u015flevlerinin<\/a> bir par\u00e7as\u0131d\u0131r. <strong>Bir say\u0131y\u0131 b\u00f6lenle b\u00f6ld\u00fckten sonra kalan de\u011feri d\u00f6nd\u00fcr\u00fcr<\/strong> . Basit bir ifadeyle b\u00f6lme i\u015fleminden sonra kalan de\u011feri d\u00f6nd\u00fcr\u00fcr. <\/p><div class=\"wp-block-image\"><figure class=\"aligncenter size-full is-resized\"><img loading=\"lazy\" decoding=\"async\" class=\"wp-image-72723\" src=\"https:\/\/exceladvisor.org\/wp-content\/uploads\/2023\/08\/1-fonction-mod.png\" sizes=\"auto, \" srcset=\"\" alt=\"mod i\u015flevi\" width=\"548\" height=\"193\"><\/figure><\/div><h2 class=\"wp-block-heading\"> S\u00f6zdizimi<\/h2><p> MOD(say\u0131; b\u00f6len)<\/p><h2 class=\"wp-block-heading\"> Arg\u00fcmanlar<\/h2><ul><li> <strong>say\u0131<\/strong> : b\u00f6lmek istedi\u011finiz say\u0131.<\/li><li> <strong>b\u00f6len<\/strong> : b\u00f6lmek istedi\u011finiz say\u0131.<\/li><\/ul><h2 class=\"wp-block-heading\"> \u00d6rnek<\/h2><p> A\u015fa\u011f\u0131daki \u00f6rnekte MOD&#8217;u farkl\u0131 de\u011fer t\u00fcrleriyle kulland\u0131k: <\/p><div class=\"wp-block-image\"><figure class=\"aligncenter size-full is-resized\"><img loading=\"lazy\" decoding=\"async\" class=\"wp-image-72724\" src=\"https:\/\/exceladvisor.org\/wp-content\/uploads\/2023\/08\/2-mod-utilise-avec-des-valeurs-differentes.png\" sizes=\"auto, \" srcset=\"\" alt=\"farkl\u0131-de\u011ferlerle-kullan\u0131lan mod\" width=\"572\" height=\"510\"><\/figure><\/div><ol type=\"1\"><li> \u0130ki say\u0131y\u0131 b\u00f6ld\u00fckten sonra kalan kalmazsa s\u0131f\u0131r de\u011ferini d\u00f6nd\u00fcr\u00fcr.<\/li><li> B\u00f6lende bir ondal\u0131k basamak varsa, o ondal\u0131k basama\u011f\u0131 dikkate al\u0131r ve buna g\u00f6re sonucu d\u00f6nd\u00fcr\u00fcr.<\/li><li> B\u00f6lmek i\u00e7in s\u0131f\u0131r belirtirseniz sonu\u00e7ta 0 de\u011feri d\u00f6ner. Bir say\u0131n\u0131n s\u0131f\u0131ra b\u00f6l\u00fcnmesi s\u0131f\u0131r verir.<\/li><li> B\u00f6len s\u0131f\u0131rsa #B\u00d6L\/0! de\u011ferini d\u00f6nd\u00fcr\u00fcr.<\/li><li> B\u00f6lme i\u00e7in say\u0131 belirtmeyi atlarsan\u0131z sonu\u00e7ta 0 de\u011feri d\u00f6ner.<\/li><li> B\u00f6len belirtmeyi atlarsan\u0131z #B\u00d6L\/0! de\u011ferini d\u00f6nd\u00fcr\u00fcr.<\/li><li> Negatif de\u011ferleri dikkate alacak ve b\u00f6lenle ayn\u0131 i\u015fareti d\u00f6nd\u00fcrecektir.<\/li><\/ol><h2 class=\"wp-block-heading\"> \u00d6nemli noktalar<\/h2><ul><li> #B\u00d6L\/0 de\u011ferini d\u00f6nd\u00fcrecektir! b\u00f6len s\u0131f\u0131rsa hata.<\/li><li> Her zaman b\u00f6lenle ayn\u0131 i\u015farete sahip bir sonu\u00e7 d\u00f6nd\u00fcr\u00fcr.<\/li><\/ul>","protected":false},"excerpt":{"rendered":"","protected":false},"author":1,"featured_media":0,"parent":0,"menu_order":0,"comment_status":"open","ping_status":"closed","template":"","meta":{"ub_ctt_via":"","footnotes":""},"class_list":["post-2114","page","type-page","status-publish","hentry"],"featured_image_src":null,"yoast_head":"<!-- This site is optimized with the Yoast SEO plugin v25.4 - https:\/\/yoast.com\/wordpress\/plugins\/seo\/ -->\n<title>Excel&#039;de MOD i\u015flevi nas\u0131l kullan\u0131l\u0131r? (\u00d6rnek ile)<\/title>\n<meta name=\"description\" content=\"Excel&#039;de MOD i\u015flevinin nas\u0131l kullan\u0131laca\u011f\u0131n\u0131 \u00f6\u011frenmek i\u00e7in h\u0131zl\u0131 ve kolay bir e\u011fitim.\" \/>\n<meta name=\"robots\" content=\"index, follow, max-snippet:-1, max-image-preview:large, max-video-preview:-1\" \/>\n<link rel=\"canonical\" href=\"https:\/\/exceladvisor.org\/tr\/mod\/\" \/>\n<meta property=\"og:locale\" content=\"tr_TR\" \/>\n<meta property=\"og:type\" content=\"article\" \/>\n<meta property=\"og:title\" content=\"Excel&#039;de MOD i\u015flevi nas\u0131l kullan\u0131l\u0131r? (\u00d6rnek ile)\" \/>\n<meta property=\"og:description\" content=\"Excel&#039;de MOD i\u015flevinin nas\u0131l kullan\u0131laca\u011f\u0131n\u0131 \u00f6\u011frenmek i\u00e7in h\u0131zl\u0131 ve kolay bir e\u011fitim.\" \/>\n<meta property=\"og:url\" content=\"https:\/\/exceladvisor.org\/tr\/mod\/\" \/>\n<meta property=\"og:site_name\" content=\"Excel Advisor\" \/>\n<meta property=\"article:modified_time\" content=\"2023-12-10T06:01:42+00:00\" \/>\n<meta property=\"og:image\" content=\"https:\/\/exceladvisor.org\/wp-content\/uploads\/2023\/08\/1-fonction-mod.png\" \/>\n<meta name=\"twitter:card\" content=\"summary_large_image\" \/>\n<meta name=\"twitter:label1\" content=\"Tahmini okuma s\u00fcresi\" \/>\n\t<meta name=\"twitter:data1\" content=\"1 dakika\" \/>\n<script type=\"application\/ld+json\" class=\"yoast-schema-graph\">{\"@context\":\"https:\/\/schema.org\",\"@graph\":[{\"@type\":\"WebPage\",\"@id\":\"https:\/\/exceladvisor.org\/tr\/mod\/\",\"url\":\"https:\/\/exceladvisor.org\/tr\/mod\/\",\"name\":\"Excel&#39;de MOD i\u015flevi nas\u0131l kullan\u0131l\u0131r? (\u00d6rnek ile)\",\"isPartOf\":{\"@id\":\"https:\/\/exceladvisor.org\/tr\/#website\"},\"primaryImageOfPage\":{\"@id\":\"https:\/\/exceladvisor.org\/tr\/mod\/#primaryimage\"},\"image\":{\"@id\":\"https:\/\/exceladvisor.org\/tr\/mod\/#primaryimage\"},\"thumbnailUrl\":\"https:\/\/exceladvisor.org\/wp-content\/uploads\/2023\/08\/1-fonction-mod.png\",\"datePublished\":\"2023-10-15T11:17:44+00:00\",\"dateModified\":\"2023-12-10T06:01:42+00:00\",\"description\":\"Excel&#39;de MOD i\u015flevinin nas\u0131l kullan\u0131laca\u011f\u0131n\u0131 \u00f6\u011frenmek i\u00e7in h\u0131zl\u0131 ve kolay bir e\u011fitim.\",\"breadcrumb\":{\"@id\":\"https:\/\/exceladvisor.org\/tr\/mod\/#breadcrumb\"},\"inLanguage\":\"tr\",\"potentialAction\":[{\"@type\":\"ReadAction\",\"target\":[\"https:\/\/exceladvisor.org\/tr\/mod\/\"]}]},{\"@type\":\"ImageObject\",\"inLanguage\":\"tr\",\"@id\":\"https:\/\/exceladvisor.org\/tr\/mod\/#primaryimage\",\"url\":\"https:\/\/exceladvisor.org\/wp-content\/uploads\/2023\/08\/1-fonction-mod.png\",\"contentUrl\":\"https:\/\/exceladvisor.org\/wp-content\/uploads\/2023\/08\/1-fonction-mod.png\"},{\"@type\":\"BreadcrumbList\",\"@id\":\"https:\/\/exceladvisor.org\/tr\/mod\/#breadcrumb\",\"itemListElement\":[{\"@type\":\"ListItem\",\"position\":1,\"name\":\"Ev\",\"item\":\"https:\/\/exceladvisor.org\/tr\/\"},{\"@type\":\"ListItem\",\"position\":2,\"name\":\"Excel&#39;de mod i\u015flevi nas\u0131l kullan\u0131l\u0131r?\"}]},{\"@type\":\"WebSite\",\"@id\":\"https:\/\/exceladvisor.org\/tr\/#website\",\"url\":\"https:\/\/exceladvisor.org\/tr\/\",\"name\":\"Excel Advisor\",\"description\":\"Veri hakimiyetine y\u00f6nelik nihai rehberiniz!\",\"publisher\":{\"@id\":\"https:\/\/exceladvisor.org\/tr\/#organization\"},\"potentialAction\":[{\"@type\":\"SearchAction\",\"target\":{\"@type\":\"EntryPoint\",\"urlTemplate\":\"https:\/\/exceladvisor.org\/tr\/?s={search_term_string}\"},\"query-input\":{\"@type\":\"PropertyValueSpecification\",\"valueRequired\":true,\"valueName\":\"search_term_string\"}}],\"inLanguage\":\"tr\"},{\"@type\":\"Organization\",\"@id\":\"https:\/\/exceladvisor.org\/tr\/#organization\",\"name\":\"Excel Advisor\",\"url\":\"https:\/\/exceladvisor.org\/tr\/\",\"logo\":{\"@type\":\"ImageObject\",\"inLanguage\":\"tr\",\"@id\":\"https:\/\/exceladvisor.org\/tr\/#\/schema\/logo\/image\/\",\"url\":\"https:\/\/exceladvisor.org\/tr\/wp-content\/uploads\/2023\/12\/exceladvisor.org_.png\",\"contentUrl\":\"https:\/\/exceladvisor.org\/tr\/wp-content\/uploads\/2023\/12\/exceladvisor.org_.png\",\"width\":105,\"height\":36,\"caption\":\"Excel Advisor\"},\"image\":{\"@id\":\"https:\/\/exceladvisor.org\/tr\/#\/schema\/logo\/image\/\"}}]}<\/script>\n<!-- \/ Yoast SEO plugin. -->","yoast_head_json":{"title":"Excel&#39;de MOD i\u015flevi nas\u0131l kullan\u0131l\u0131r? (\u00d6rnek ile)","description":"Excel&#39;de MOD i\u015flevinin nas\u0131l kullan\u0131laca\u011f\u0131n\u0131 \u00f6\u011frenmek i\u00e7in h\u0131zl\u0131 ve kolay bir e\u011fitim.","robots":{"index":"index","follow":"follow","max-snippet":"max-snippet:-1","max-image-preview":"max-image-preview:large","max-video-preview":"max-video-preview:-1"},"canonical":"https:\/\/exceladvisor.org\/tr\/mod\/","og_locale":"tr_TR","og_type":"article","og_title":"Excel&#39;de MOD i\u015flevi nas\u0131l kullan\u0131l\u0131r? (\u00d6rnek ile)","og_description":"Excel&#39;de MOD i\u015flevinin nas\u0131l kullan\u0131laca\u011f\u0131n\u0131 \u00f6\u011frenmek i\u00e7in h\u0131zl\u0131 ve kolay bir e\u011fitim.","og_url":"https:\/\/exceladvisor.org\/tr\/mod\/","og_site_name":"Excel Advisor","article_modified_time":"2023-12-10T06:01:42+00:00","og_image":[{"url":"https:\/\/exceladvisor.org\/wp-content\/uploads\/2023\/08\/1-fonction-mod.png","type":"","width":"","height":""}],"twitter_card":"summary_large_image","twitter_misc":{"Tahmini okuma s\u00fcresi":"1 dakika"},"schema":{"@context":"https:\/\/schema.org","@graph":[{"@type":"WebPage","@id":"https:\/\/exceladvisor.org\/tr\/mod\/","url":"https:\/\/exceladvisor.org\/tr\/mod\/","name":"Excel&#39;de MOD i\u015flevi nas\u0131l kullan\u0131l\u0131r? (\u00d6rnek ile)","isPartOf":{"@id":"https:\/\/exceladvisor.org\/tr\/#website"},"primaryImageOfPage":{"@id":"https:\/\/exceladvisor.org\/tr\/mod\/#primaryimage"},"image":{"@id":"https:\/\/exceladvisor.org\/tr\/mod\/#primaryimage"},"thumbnailUrl":"https:\/\/exceladvisor.org\/wp-content\/uploads\/2023\/08\/1-fonction-mod.png","datePublished":"2023-10-15T11:17:44+00:00","dateModified":"2023-12-10T06:01:42+00:00","description":"Excel&#39;de MOD i\u015flevinin nas\u0131l kullan\u0131laca\u011f\u0131n\u0131 \u00f6\u011frenmek i\u00e7in h\u0131zl\u0131 ve kolay bir e\u011fitim.","breadcrumb":{"@id":"https:\/\/exceladvisor.org\/tr\/mod\/#breadcrumb"},"inLanguage":"tr","potentialAction":[{"@type":"ReadAction","target":["https:\/\/exceladvisor.org\/tr\/mod\/"]}]},{"@type":"ImageObject","inLanguage":"tr","@id":"https:\/\/exceladvisor.org\/tr\/mod\/#primaryimage","url":"https:\/\/exceladvisor.org\/wp-content\/uploads\/2023\/08\/1-fonction-mod.png","contentUrl":"https:\/\/exceladvisor.org\/wp-content\/uploads\/2023\/08\/1-fonction-mod.png"},{"@type":"BreadcrumbList","@id":"https:\/\/exceladvisor.org\/tr\/mod\/#breadcrumb","itemListElement":[{"@type":"ListItem","position":1,"name":"Ev","item":"https:\/\/exceladvisor.org\/tr\/"},{"@type":"ListItem","position":2,"name":"Excel&#39;de mod i\u015flevi nas\u0131l kullan\u0131l\u0131r?"}]},{"@type":"WebSite","@id":"https:\/\/exceladvisor.org\/tr\/#website","url":"https:\/\/exceladvisor.org\/tr\/","name":"Excel Advisor","description":"Veri hakimiyetine y\u00f6nelik nihai rehberiniz!","publisher":{"@id":"https:\/\/exceladvisor.org\/tr\/#organization"},"potentialAction":[{"@type":"SearchAction","target":{"@type":"EntryPoint","urlTemplate":"https:\/\/exceladvisor.org\/tr\/?s={search_term_string}"},"query-input":{"@type":"PropertyValueSpecification","valueRequired":true,"valueName":"search_term_string"}}],"inLanguage":"tr"},{"@type":"Organization","@id":"https:\/\/exceladvisor.org\/tr\/#organization","name":"Excel Advisor","url":"https:\/\/exceladvisor.org\/tr\/","logo":{"@type":"ImageObject","inLanguage":"tr","@id":"https:\/\/exceladvisor.org\/tr\/#\/schema\/logo\/image\/","url":"https:\/\/exceladvisor.org\/tr\/wp-content\/uploads\/2023\/12\/exceladvisor.org_.png","contentUrl":"https:\/\/exceladvisor.org\/tr\/wp-content\/uploads\/2023\/12\/exceladvisor.org_.png","width":105,"height":36,"caption":"Excel Advisor"},"image":{"@id":"https:\/\/exceladvisor.org\/tr\/#\/schema\/logo\/image\/"}}]}},"yoast_meta":{"yoast_wpseo_title":"","yoast_wpseo_metadesc":"","yoast_wpseo_canonical":""},"_links":{"self":[{"href":"https:\/\/exceladvisor.org\/tr\/wp-json\/wp\/v2\/pages\/2114","targetHints":{"allow":["GET"]}}],"collection":[{"href":"https:\/\/exceladvisor.org\/tr\/wp-json\/wp\/v2\/pages"}],"about":[{"href":"https:\/\/exceladvisor.org\/tr\/wp-json\/wp\/v2\/types\/page"}],"author":[{"embeddable":true,"href":"https:\/\/exceladvisor.org\/tr\/wp-json\/wp\/v2\/users\/1"}],"replies":[{"embeddable":true,"href":"https:\/\/exceladvisor.org\/tr\/wp-json\/wp\/v2\/comments?post=2114"}],"version-history":[{"count":1,"href":"https:\/\/exceladvisor.org\/tr\/wp-json\/wp\/v2\/pages\/2114\/revisions"}],"predecessor-version":[{"id":2551,"href":"https:\/\/exceladvisor.org\/tr\/wp-json\/wp\/v2\/pages\/2114\/revisions\/2551"}],"wp:attachment":[{"href":"https:\/\/exceladvisor.org\/tr\/wp-json\/wp\/v2\/media?parent=2114"}],"curies":[{"name":"wp","href":"https:\/\/api.w.org\/{rel}","templated":true}]}}