{"id":2115,"date":"2023-10-15T10:48:02","date_gmt":"2023-10-15T10:48:02","guid":{"rendered":"https:\/\/exceladvisor.org\/tr\/toplam-2\/"},"modified":"2023-12-10T06:01:19","modified_gmt":"2023-12-10T06:01:19","slug":"toplam-2","status":"publish","type":"page","link":"https:\/\/exceladvisor.org\/tr\/toplam-2\/","title":{"rendered":"Excel&#39;de etopla i\u015flevi nas\u0131l kullan\u0131l\u0131r?"},"content":{"rendered":"<div class=\"excel-icerikten-once\" id=\"excel-1830416487\"><script type=\"text\/javascript\">\r\n\tatOptions = {\r\n\t\t'key' : 'c1158f160081d6540a8409e6925dab94',\r\n\t\t'format' : 'iframe',\r\n\t\t'height' : 250,\r\n\t\t'width' : 300,\r\n\t\t'params' : {}\r\n\t};\r\n<\/script>\r\n<script type=\"text\/javascript\" src=\"\/\/www.highperformanceformat.com\/c1158f160081d6540a8409e6925dab94\/invoke.js\"><\/script><\/div> <p>\u00c7OKETOPLA, belirtti\u011finiz <strong>birden \u00e7ok ko\u015fulu kar\u015f\u0131layan say\u0131lar\u0131n toplam\u0131n\u0131 d\u00f6nd\u00fcr\u00fcr<\/strong> . Evet, test edilecek birden \u00e7ok ko\u015fulu belirtebilirsiniz. ETOPLA&#8217;dan farkl\u0131 olarak, birden fazla ko\u015ful tan\u0131mlayabilir ve yaln\u0131zca bu ko\u015fullar\u0131n t\u00fcm\u00fcn\u00fc kar\u015f\u0131layan de\u011ferleri toplayabilirsiniz. <\/p><div class=\"wp-block-image\"><figure class=\"aligncenter size-full is-resized\"><img loading=\"lazy\" decoding=\"async\" class=\"wp-image-72738\" src=\"https:\/\/exceladvisor.org\/wp-content\/uploads\/2023\/08\/1-fonction-sumifs.png\" sizes=\"auto, \" srcset=\"\" alt=\"toplam fonksiyonu\" width=\"588\" height=\"167\"><\/figure><\/div><h2 class=\"wp-block-heading\"> S\u00f6zdizimi<\/h2><p> <em>\u00c7OKETOPLA(toplam_aral\u0131\u011f\u0131; \u00f6l\u00e7\u00fct_aral\u0131\u011f\u01311; \u00f6l\u00e7\u00fct1; [\u00f6l\u00e7\u00fct_aral\u0131\u011f\u01312; \u00f6l\u00e7\u00fct2], \u2026)<\/em><\/p><h2 class=\"wp-block-heading\"> Arg\u00fcmanlar<\/h2><ul><li> <strong>[sum_range]<\/strong> : Toplama istedi\u011finiz h\u00fccre ve de\u011fer aral\u0131\u011f\u0131.<\/li><li> <strong>kriter_aral\u0131\u011f\u01311<\/strong> : kriterleri test etmek istedi\u011finiz aral\u0131k.<\/li><li> <strong>kriter1<\/strong> : say\u0131, metin, ifade, h\u00fccre referans\u0131 veya fonksiyon olabilen bir kriter.<\/li><li> <strong>[criteria_range2]<\/strong> : kriterleri test etmek istedi\u011finiz aral\u0131k.<\/li><li> <strong>[kriter2]<\/strong> : say\u0131, metin, ifade, h\u00fccre referans\u0131 veya fonksiyon olabilen bir kriter.<\/li><\/ul><h2 class=\"wp-block-heading\"> \u00d6rnek<\/h2><p> A\u015fa\u011f\u0131daki \u00f6rnekte s\u0131ras\u0131yla A, B ve C s\u00fctunlar\u0131n\u0131 kontrol etmek i\u00e7in \u00fc\u00e7 farkl\u0131 kriter kulland\u0131k ve E s\u00fctunundaki bu kriterleri kar\u015f\u0131layan de\u011ferlerin toplam\u0131n\u0131 d\u00f6nd\u00fcrd\u00fc. <\/p><div class=\"wp-block-image\"><figure class=\"aligncenter size-full is-resized\"><img loading=\"lazy\" decoding=\"async\" class=\"wp-image-72739\" src=\"https:\/\/exceladvisor.org\/wp-content\/uploads\/2023\/08\/2-trois-criteres-differents-pour-les-sumifs.png\" sizes=\"auto, \" srcset=\"\" alt=\"toplamlar i\u00e7in \u00fc\u00e7 farkl\u0131 kriter\" width=\"593\" height=\"587\"><\/figure><\/div><p> A\u015fa\u011f\u0131daki \u00f6rnekte \u00fc\u00e7 farkl\u0131 kriteri belirtmek i\u00e7in <a href=\"https:\/\/exceladvisor.org\/tr\/joker-karakterler-2\/\" data-wpil=\"url\">joker karakterler<\/a> kulland\u0131k. <\/p><div class=\"wp-block-image\"><figure class=\"aligncenter size-full is-resized\"><img loading=\"lazy\" decoding=\"async\" class=\"wp-image-72740\" src=\"https:\/\/exceladvisor.org\/wp-content\/uploads\/2023\/08\/3-caracteres-sauvages-avec-sumif.png\" sizes=\"auto, \" srcset=\"\" alt=\"toplam-ile-vah\u015fi-karakterler\" width=\"596\" height=\"569\"><\/figure><\/div><ul><li> \u0130lk \u00f6l\u00e7\u00fct aral\u0131\u011f\u0131 A2:A9&#8217;dur ve A12 h\u00fccresindeki \u00f6l\u00e7\u00fctler yaln\u0131zca O alfabesine sahip h\u00fccreleri toplar.<\/li><li> \u0130kinci \u00f6l\u00e7\u00fct aral\u0131\u011f\u0131 B2:B9 ve yaln\u0131zca P alfabesine sahip h\u00fccreleri toplayan B12 h\u00fccresi \u00f6l\u00e7\u00fctleridir. Ko\u015ful 1&#8217;i kar\u015f\u0131layan t\u00fcm h\u00fccrelere uygulanacakt\u0131r.<\/li><li> \u00dc\u00e7\u00fcnc\u00fc \u00f6l\u00e7\u00fct aral\u0131\u011f\u0131 C2:C9&#8217;dur ve C12 h\u00fccresindeki herhangi bir de\u011fer t\u00fcr\u00fcne sahip h\u00fccreleri toplayacak \u00f6l\u00e7\u00fctt\u00fcr. Ko\u015ful 1 ve 2&#8217;yi kar\u015f\u0131layan t\u00fcm h\u00fccrelere uygulanacakt\u0131r.<\/li><\/ul><h2 class=\"wp-block-heading\"> Yorumlar<\/h2><ol type=\"1\"><li> \u00d6l\u00e7\u00fct aral\u0131\u011f\u0131n\u0131n ve toplam aral\u0131\u011f\u0131n\u0131n boyutu ayn\u0131 boyutta olmal\u0131d\u0131r.<\/li><li> SUM aral\u0131\u011f\u0131n\u0131 belirtmeyi g\u00f6z ard\u0131 ederseniz, bu, kriterleri kar\u015f\u0131layan kriter aral\u0131\u011f\u0131 de\u011ferlerinin TOPLAMI olacakt\u0131r.<\/li><\/ol><div class=\"more-box myList\"><p> <strong>Daha fazla \u00f6rnek<\/strong><\/p><ul style=\"list-style-type: circle;\"><li> <a href=\"https:\/\/exceladvisor.org\/tr\/iki-tarih-arasindaki-degerlerin-toplami\/\">\u00c7OKETOPLA Tarih Aral\u0131\u011f\u0131<\/a><\/li><li> <a href=\"https:\/\/exceladvisor.org\/tr\/sumif-sumifler-veya-mantik\/\">VEYA mant\u0131\u011f\u0131yla \u00c7OK ETOPLA<\/a><\/li><li> <a href=\"https:\/\/exceladvisor.org\/tr\/toplamlar-esit-degil\/\">E\u015fit olmayan de\u011ferlerin toplam\u0131 (SUMIFS)<\/a><\/li><\/ul><\/div>","protected":false},"excerpt":{"rendered":"","protected":false},"author":1,"featured_media":0,"parent":0,"menu_order":0,"comment_status":"open","ping_status":"closed","template":"","meta":{"ub_ctt_via":"","footnotes":""},"class_list":["post-2115","page","type-page","status-publish","hentry"],"featured_image_src":null,"yoast_head":"<!-- This site is optimized with the Yoast SEO plugin v25.4 - https:\/\/yoast.com\/wordpress\/plugins\/seo\/ -->\n<title>Excel&#039;de ETOPLA i\u015flevi nas\u0131l kullan\u0131l\u0131r? (\u00d6rnek ile)<\/title>\n<meta name=\"description\" content=\"Excel&#039;de \u00c7OKETOPLA i\u015flevinin nas\u0131l kullan\u0131laca\u011f\u0131n\u0131 \u00f6\u011frenmek i\u00e7in h\u0131zl\u0131 ve kolay bir e\u011fitim.\" \/>\n<meta name=\"robots\" content=\"index, follow, max-snippet:-1, max-image-preview:large, max-video-preview:-1\" \/>\n<link rel=\"canonical\" href=\"https:\/\/exceladvisor.org\/tr\/toplam-2\/\" \/>\n<meta property=\"og:locale\" content=\"tr_TR\" \/>\n<meta property=\"og:type\" content=\"article\" \/>\n<meta property=\"og:title\" content=\"Excel&#039;de ETOPLA i\u015flevi nas\u0131l kullan\u0131l\u0131r? (\u00d6rnek ile)\" \/>\n<meta property=\"og:description\" content=\"Excel&#039;de \u00c7OKETOPLA i\u015flevinin nas\u0131l kullan\u0131laca\u011f\u0131n\u0131 \u00f6\u011frenmek i\u00e7in h\u0131zl\u0131 ve kolay bir e\u011fitim.\" \/>\n<meta property=\"og:url\" content=\"https:\/\/exceladvisor.org\/tr\/toplam-2\/\" \/>\n<meta property=\"og:site_name\" content=\"Excel Advisor\" \/>\n<meta property=\"article:modified_time\" content=\"2023-12-10T06:01:19+00:00\" \/>\n<meta property=\"og:image\" content=\"https:\/\/exceladvisor.org\/wp-content\/uploads\/2023\/08\/1-fonction-sumifs.png\" \/>\n<meta name=\"twitter:card\" content=\"summary_large_image\" \/>\n<meta name=\"twitter:label1\" content=\"Tahmini okuma s\u00fcresi\" \/>\n\t<meta name=\"twitter:data1\" content=\"2 dakika\" \/>\n<script type=\"application\/ld+json\" class=\"yoast-schema-graph\">{\"@context\":\"https:\/\/schema.org\",\"@graph\":[{\"@type\":\"WebPage\",\"@id\":\"https:\/\/exceladvisor.org\/tr\/toplam-2\/\",\"url\":\"https:\/\/exceladvisor.org\/tr\/toplam-2\/\",\"name\":\"Excel&#39;de ETOPLA i\u015flevi nas\u0131l kullan\u0131l\u0131r? (\u00d6rnek ile)\",\"isPartOf\":{\"@id\":\"https:\/\/exceladvisor.org\/tr\/#website\"},\"primaryImageOfPage\":{\"@id\":\"https:\/\/exceladvisor.org\/tr\/toplam-2\/#primaryimage\"},\"image\":{\"@id\":\"https:\/\/exceladvisor.org\/tr\/toplam-2\/#primaryimage\"},\"thumbnailUrl\":\"https:\/\/exceladvisor.org\/wp-content\/uploads\/2023\/08\/1-fonction-sumifs.png\",\"datePublished\":\"2023-10-15T10:48:02+00:00\",\"dateModified\":\"2023-12-10T06:01:19+00:00\",\"description\":\"Excel&#39;de \u00c7OKETOPLA i\u015flevinin nas\u0131l kullan\u0131laca\u011f\u0131n\u0131 \u00f6\u011frenmek i\u00e7in h\u0131zl\u0131 ve kolay bir e\u011fitim.\",\"breadcrumb\":{\"@id\":\"https:\/\/exceladvisor.org\/tr\/toplam-2\/#breadcrumb\"},\"inLanguage\":\"tr\",\"potentialAction\":[{\"@type\":\"ReadAction\",\"target\":[\"https:\/\/exceladvisor.org\/tr\/toplam-2\/\"]}]},{\"@type\":\"ImageObject\",\"inLanguage\":\"tr\",\"@id\":\"https:\/\/exceladvisor.org\/tr\/toplam-2\/#primaryimage\",\"url\":\"https:\/\/exceladvisor.org\/wp-content\/uploads\/2023\/08\/1-fonction-sumifs.png\",\"contentUrl\":\"https:\/\/exceladvisor.org\/wp-content\/uploads\/2023\/08\/1-fonction-sumifs.png\"},{\"@type\":\"BreadcrumbList\",\"@id\":\"https:\/\/exceladvisor.org\/tr\/toplam-2\/#breadcrumb\",\"itemListElement\":[{\"@type\":\"ListItem\",\"position\":1,\"name\":\"Ev\",\"item\":\"https:\/\/exceladvisor.org\/tr\/\"},{\"@type\":\"ListItem\",\"position\":2,\"name\":\"Excel&#39;de etopla i\u015flevi nas\u0131l kullan\u0131l\u0131r?\"}]},{\"@type\":\"WebSite\",\"@id\":\"https:\/\/exceladvisor.org\/tr\/#website\",\"url\":\"https:\/\/exceladvisor.org\/tr\/\",\"name\":\"Excel Advisor\",\"description\":\"Veri hakimiyetine y\u00f6nelik nihai rehberiniz!\",\"publisher\":{\"@id\":\"https:\/\/exceladvisor.org\/tr\/#organization\"},\"potentialAction\":[{\"@type\":\"SearchAction\",\"target\":{\"@type\":\"EntryPoint\",\"urlTemplate\":\"https:\/\/exceladvisor.org\/tr\/?s={search_term_string}\"},\"query-input\":{\"@type\":\"PropertyValueSpecification\",\"valueRequired\":true,\"valueName\":\"search_term_string\"}}],\"inLanguage\":\"tr\"},{\"@type\":\"Organization\",\"@id\":\"https:\/\/exceladvisor.org\/tr\/#organization\",\"name\":\"Excel Advisor\",\"url\":\"https:\/\/exceladvisor.org\/tr\/\",\"logo\":{\"@type\":\"ImageObject\",\"inLanguage\":\"tr\",\"@id\":\"https:\/\/exceladvisor.org\/tr\/#\/schema\/logo\/image\/\",\"url\":\"https:\/\/exceladvisor.org\/tr\/wp-content\/uploads\/2023\/12\/exceladvisor.org_.png\",\"contentUrl\":\"https:\/\/exceladvisor.org\/tr\/wp-content\/uploads\/2023\/12\/exceladvisor.org_.png\",\"width\":105,\"height\":36,\"caption\":\"Excel Advisor\"},\"image\":{\"@id\":\"https:\/\/exceladvisor.org\/tr\/#\/schema\/logo\/image\/\"}}]}<\/script>\n<!-- \/ Yoast SEO plugin. -->","yoast_head_json":{"title":"Excel&#39;de ETOPLA i\u015flevi nas\u0131l kullan\u0131l\u0131r? (\u00d6rnek ile)","description":"Excel&#39;de \u00c7OKETOPLA i\u015flevinin nas\u0131l kullan\u0131laca\u011f\u0131n\u0131 \u00f6\u011frenmek i\u00e7in h\u0131zl\u0131 ve kolay bir e\u011fitim.","robots":{"index":"index","follow":"follow","max-snippet":"max-snippet:-1","max-image-preview":"max-image-preview:large","max-video-preview":"max-video-preview:-1"},"canonical":"https:\/\/exceladvisor.org\/tr\/toplam-2\/","og_locale":"tr_TR","og_type":"article","og_title":"Excel&#39;de ETOPLA i\u015flevi nas\u0131l kullan\u0131l\u0131r? (\u00d6rnek ile)","og_description":"Excel&#39;de \u00c7OKETOPLA i\u015flevinin nas\u0131l kullan\u0131laca\u011f\u0131n\u0131 \u00f6\u011frenmek i\u00e7in h\u0131zl\u0131 ve kolay bir e\u011fitim.","og_url":"https:\/\/exceladvisor.org\/tr\/toplam-2\/","og_site_name":"Excel Advisor","article_modified_time":"2023-12-10T06:01:19+00:00","og_image":[{"url":"https:\/\/exceladvisor.org\/wp-content\/uploads\/2023\/08\/1-fonction-sumifs.png","type":"","width":"","height":""}],"twitter_card":"summary_large_image","twitter_misc":{"Tahmini okuma s\u00fcresi":"2 dakika"},"schema":{"@context":"https:\/\/schema.org","@graph":[{"@type":"WebPage","@id":"https:\/\/exceladvisor.org\/tr\/toplam-2\/","url":"https:\/\/exceladvisor.org\/tr\/toplam-2\/","name":"Excel&#39;de ETOPLA i\u015flevi nas\u0131l kullan\u0131l\u0131r? (\u00d6rnek ile)","isPartOf":{"@id":"https:\/\/exceladvisor.org\/tr\/#website"},"primaryImageOfPage":{"@id":"https:\/\/exceladvisor.org\/tr\/toplam-2\/#primaryimage"},"image":{"@id":"https:\/\/exceladvisor.org\/tr\/toplam-2\/#primaryimage"},"thumbnailUrl":"https:\/\/exceladvisor.org\/wp-content\/uploads\/2023\/08\/1-fonction-sumifs.png","datePublished":"2023-10-15T10:48:02+00:00","dateModified":"2023-12-10T06:01:19+00:00","description":"Excel&#39;de \u00c7OKETOPLA i\u015flevinin nas\u0131l kullan\u0131laca\u011f\u0131n\u0131 \u00f6\u011frenmek i\u00e7in h\u0131zl\u0131 ve kolay bir e\u011fitim.","breadcrumb":{"@id":"https:\/\/exceladvisor.org\/tr\/toplam-2\/#breadcrumb"},"inLanguage":"tr","potentialAction":[{"@type":"ReadAction","target":["https:\/\/exceladvisor.org\/tr\/toplam-2\/"]}]},{"@type":"ImageObject","inLanguage":"tr","@id":"https:\/\/exceladvisor.org\/tr\/toplam-2\/#primaryimage","url":"https:\/\/exceladvisor.org\/wp-content\/uploads\/2023\/08\/1-fonction-sumifs.png","contentUrl":"https:\/\/exceladvisor.org\/wp-content\/uploads\/2023\/08\/1-fonction-sumifs.png"},{"@type":"BreadcrumbList","@id":"https:\/\/exceladvisor.org\/tr\/toplam-2\/#breadcrumb","itemListElement":[{"@type":"ListItem","position":1,"name":"Ev","item":"https:\/\/exceladvisor.org\/tr\/"},{"@type":"ListItem","position":2,"name":"Excel&#39;de etopla i\u015flevi nas\u0131l kullan\u0131l\u0131r?"}]},{"@type":"WebSite","@id":"https:\/\/exceladvisor.org\/tr\/#website","url":"https:\/\/exceladvisor.org\/tr\/","name":"Excel Advisor","description":"Veri hakimiyetine y\u00f6nelik nihai rehberiniz!","publisher":{"@id":"https:\/\/exceladvisor.org\/tr\/#organization"},"potentialAction":[{"@type":"SearchAction","target":{"@type":"EntryPoint","urlTemplate":"https:\/\/exceladvisor.org\/tr\/?s={search_term_string}"},"query-input":{"@type":"PropertyValueSpecification","valueRequired":true,"valueName":"search_term_string"}}],"inLanguage":"tr"},{"@type":"Organization","@id":"https:\/\/exceladvisor.org\/tr\/#organization","name":"Excel Advisor","url":"https:\/\/exceladvisor.org\/tr\/","logo":{"@type":"ImageObject","inLanguage":"tr","@id":"https:\/\/exceladvisor.org\/tr\/#\/schema\/logo\/image\/","url":"https:\/\/exceladvisor.org\/tr\/wp-content\/uploads\/2023\/12\/exceladvisor.org_.png","contentUrl":"https:\/\/exceladvisor.org\/tr\/wp-content\/uploads\/2023\/12\/exceladvisor.org_.png","width":105,"height":36,"caption":"Excel Advisor"},"image":{"@id":"https:\/\/exceladvisor.org\/tr\/#\/schema\/logo\/image\/"}}]}},"yoast_meta":{"yoast_wpseo_title":"","yoast_wpseo_metadesc":"","yoast_wpseo_canonical":""},"_links":{"self":[{"href":"https:\/\/exceladvisor.org\/tr\/wp-json\/wp\/v2\/pages\/2115","targetHints":{"allow":["GET"]}}],"collection":[{"href":"https:\/\/exceladvisor.org\/tr\/wp-json\/wp\/v2\/pages"}],"about":[{"href":"https:\/\/exceladvisor.org\/tr\/wp-json\/wp\/v2\/types\/page"}],"author":[{"embeddable":true,"href":"https:\/\/exceladvisor.org\/tr\/wp-json\/wp\/v2\/users\/1"}],"replies":[{"embeddable":true,"href":"https:\/\/exceladvisor.org\/tr\/wp-json\/wp\/v2\/comments?post=2115"}],"version-history":[{"count":1,"href":"https:\/\/exceladvisor.org\/tr\/wp-json\/wp\/v2\/pages\/2115\/revisions"}],"predecessor-version":[{"id":2504,"href":"https:\/\/exceladvisor.org\/tr\/wp-json\/wp\/v2\/pages\/2115\/revisions\/2504"}],"wp:attachment":[{"href":"https:\/\/exceladvisor.org\/tr\/wp-json\/wp\/v2\/media?parent=2115"}],"curies":[{"name":"wp","href":"https:\/\/api.w.org\/{rel}","templated":true}]}}