{"id":2116,"date":"2023-10-15T00:07:10","date_gmt":"2023-10-15T00:07:10","guid":{"rendered":"https:\/\/exceladvisor.org\/tr\/tamamen-hakli-cikarmak\/"},"modified":"2023-12-10T05:59:06","modified_gmt":"2023-12-10T05:59:06","slug":"tamamen-hakli-cikarmak","status":"publish","type":"page","link":"https:\/\/exceladvisor.org\/tr\/tamamen-hakli-cikarmak\/","title":{"rendered":"Birden \u00e7ok h\u00fccredeki metin nas\u0131l birle\u015ftirilir?"},"content":{"rendered":"<div class=\"excel-icerikten-once\" id=\"excel-371288360\"><script type=\"text\/javascript\">\r\n\tatOptions = {\r\n\t\t'key' : 'c1158f160081d6540a8409e6925dab94',\r\n\t\t'format' : 'iframe',\r\n\t\t'height' : 250,\r\n\t\t'width' : 300,\r\n\t\t'params' : {}\r\n\t};\r\n<\/script>\r\n<script type=\"text\/javascript\" src=\"\/\/www.highperformanceformat.com\/c1158f160081d6540a8409e6925dab94\/invoke.js\"><\/script><\/div> <p>Gerek\u00e7e s\u00fcrecini sonu\u00e7land\u0131rmak Excel&#8217;de zaman kazand\u0131ran bir se\u00e7imdir. Excel&#8217;de dolgu gerek\u00e7esini kullanman\u0131n temel amac\u0131, birden fazla h\u00fccredeki verileri tek bir h\u00fccrede birle\u015ftirmektir.<\/p><p> Metni bir h\u00fccrede birle\u015ftirmek i\u00e7in alternatif bir y\u00f6nteminiz varsa bunu payla\u015f\u0131n. Ancak gerek\u00e7eyi tamamlamak tercih edilen se\u00e7enek olmay\u0131 s\u00fcrd\u00fcr\u00fcyor. Bug\u00fcn bu makalede, birden \u00e7ok h\u00fccredeki metni, dolgu gerek\u00e7esini kullanarak tek bir h\u00fccrede nas\u0131l birle\u015ftirece\u011finizi \u00f6\u011freneceksiniz.<\/p><p> O halde haydi ba\u015flayal\u0131m (bu, <a href=\"https:\/\/exceladvisor.org\/tr\/excel-becerileri\/\">temel Excel becerilerini<\/a> geli\u015ftirmeye yard\u0131mc\u0131 olabilecek <a style=\"outline: none;\" href=\"https:\/\/exceladvisor.org\/tr\/tavsiye\/\" data-wpil=\"url\">Excel ipu\u00e7lar\u0131ndan<\/a> biridir).<\/p><h2 id=\"tab-con-1\" class=\"wp-block-heading\"> H\u0131zl\u0131 giri\u015f:<\/h2><p> Birden fazla h\u00fccredeki verileri birle\u015ftirmek i\u00e7in gerek\u00e7e se\u00e7ene\u011fini doldurman\u0131n ne kadar yararl\u0131 oldu\u011funu anlamak i\u00e7in bir \u00f6rnek verelim.<\/p><p> A\u015fa\u011f\u0131da \u00fc\u00e7 h\u00fccrede metniniz var. Ancak yak\u0131ndan bakarsan\u0131z, farkl\u0131 h\u00fccrelerdeki metnin tek bir c\u00fcmle oldu\u011funu g\u00f6r\u00fcrs\u00fcn\u00fcz. Ve bunlar\u0131 birle\u015ftirme kullanarak birle\u015ftirmeye \u00e7al\u0131\u015ft\u0131\u011f\u0131m\u0131zda, metni ilk h\u00fccreden ald\u0131k. <\/p><div class=\"wp-block-image\"><figure class=\"aligncenter\"><img decoding=\"async\" src=\"https:\/\/exceladvisor.org\/wp-content\/uploads\/2023\/08\/Remplir-la-justification-peut-nous-aider-a-fusionner-les-donnees-dans-une-seule-cellule-2.gif\" sizes=\"\" srcset=\"\" alt=\"H\u00fccredeki Metni Birle\u015ftirmek i\u00e7in Excel'de Dolgu Yaslamas\u0131n\u0131 Kullanma\"><\/figure><\/div><p> Ancak dolgu gerek\u00e7esini kullanarak t\u00fcm metni a\u015fa\u011f\u0131daki gibi birle\u015ftirebilirsiniz. <\/p><div class=\"wp-block-image\"><figure class=\"aligncenter\"><img decoding=\"async\" src=\"https:\/\/exceladvisor.org\/wp-content\/uploads\/2023\/08\/Remplir-la-justification-peut-nous-aider-a-fusionner-les-donnees-dans-une-seule-cellule-3.png\" sizes=\"\" srcset=\"\" alt=\"H\u00fccredeki Metni Birle\u015ftirmek i\u00e7in Excel'de Dolgu Yaslamas\u0131n\u0131 Kullanma\"><\/figure><\/div><h2 id=\"tab-con-2\" class=\"wp-block-heading\"> Nas\u0131l kullan\u0131l\u0131r<\/h2><p> Birle\u015ftirilmi\u015f metni dolgu gerek\u00e7esiyle kullanmak i\u00e7in bu basit ad\u0131mlar\u0131 izleyin.<\/p><ol><li> \u00d6ncelikle metninizin yakaland\u0131\u011f\u0131 s\u00fctunun, metnin tamam\u0131n\u0131 tek bir h\u00fccrede saklayacak kadar geni\u015f oldu\u011fundan emin olun.<\/li><li> \u015eimdi metnin depoland\u0131\u011f\u0131 t\u00fcm h\u00fccreleri se\u00e7in.<\/li><li> Ana Sayfa sekmesine gidin -&gt; Grubu d\u00fczenle -&gt; Doldur -&gt; Yasla.<\/li><li> Art\u0131k birden fazla h\u00fccreden se\u00e7ti\u011finiz veriler tek bir h\u00fccreye d\u00f6n\u00fc\u015ft\u00fcr\u00fcl\u00fcyor. <\/li><\/ol><div class=\"wp-block-image\"><figure class=\"aligncenter\"><img decoding=\"async\" src=\"https:\/\/exceladvisor.org\/wp-content\/uploads\/2023\/08\/Remplir-la-justification-peut-nous-aider-a-fusionner-les-donnees-dans-une-seule-cellule-4.gif\" sizes=\"\" srcset=\"\" alt=\"doldurma se\u00e7ene\u011fiyle de\u011fi\u015ftirmeyi yasla\"><\/figure><\/div><h2 id=\"tab-con-3\" class=\"wp-block-heading\"> K\u0131sayol tu\u015fu<\/h2><p> Dolgu hizalamas\u0131n\u0131 uygulamak i\u00e7in <a href=\"https:\/\/exceladvisor.org\/tr\/klavye-kisayollari\/\">bir k\u0131sayol tu\u015fu da kullanabilirsiniz<\/a> : <kbd>Alt \u279c E \u279c I \u279c J<\/kbd><\/p><h2 id=\"tab-con-4\" class=\"wp-block-heading\"> \u00d6nemli noktalar<\/h2><ol><li> Verileri yaln\u0131zca metin bi\u00e7iminde birle\u015ftirebilirsiniz. Say\u0131lar, dolgu gerek\u00e7esi kullan\u0131larak tek bir h\u00fccrede birle\u015ftirilemez.<\/li><li> Tek bir h\u00fccrede yaln\u0131zca 255 karakter birle\u015ftirilebilir. 255&#8217;ten fazla karakteriniz varsa geri kalan karakterler h\u00fccrede birle\u015ftirilmez.<\/li><li> Dolgu hizalamas\u0131n\u0131 kullan\u0131rken s\u00fctun geni\u015fli\u011fi \u00e7ok \u00f6nemli bir fakt\u00f6rd\u00fcr.<\/li><\/ol><div class=\"gb-container gb-container-4db6181c gb-container-mt\"> <a class=\"gb-button gb-button-c5897111 gb-button-text gb-button-mt-button\" href=\"https:\/\/exceladvisor.org\/tr\/excelin-temelleri\/\">Microsoft Excel Temelleri (Bile\u015fenler, Par\u00e7alar ve Bilgi Notlar\u0131)<\/a><h2 class=\"gb-headline gb-headline-665e5f6b gb-headline-text gb-headline-mt-heading\"> \u0130lgili e\u011fitimler <\/h2><div class=\"gb-grid-wrapper gb-grid-wrapper-a20baf7c gb-grid-wrapper-mt-grid\"><div class=\"gb-grid-column gb-grid-column-65ddf67e\"><div class=\"gb-container gb-container-65ddf67e\"><ul><li> <a href=\"https:\/\/exceladvisor.org\/tr\/excel-formul-cubugu\/\">Excel&#8217;deki form\u00fcl \u00e7ubu\u011fu<\/a><\/li><li> <a href=\"https:\/\/exceladvisor.org\/tr\/altbilgi-basligi-ekle\/\">Excel&#8217;de \u00fcstbilgi ve altbilgi ekleme<\/a><\/li><li> <a href=\"https:\/\/exceladvisor.org\/tr\/cetvel\/\">Cetveli Excel&#8217;de g\u00f6ster<\/a><\/li><li> <a href=\"https:\/\/exceladvisor.org\/tr\/doldurma-kolu\/\">Excel&#8217;de doldurma tutamac\u0131<\/a><\/li><li> <a href=\"https:\/\/exceladvisor.org\/tr\/ressam-formati\/\">Excel&#8217;de Bi\u00e7im Boyac\u0131s\u0131<\/a> <\/li><\/ul><\/div><\/div><div class=\"gb-grid-column gb-grid-column-50067b57\"><div class=\"gb-container gb-container-50067b57\"><\/div><\/div><\/div><\/div>","protected":false},"excerpt":{"rendered":"","protected":false},"author":1,"featured_media":0,"parent":0,"menu_order":0,"comment_status":"open","ping_status":"closed","template":"","meta":{"ub_ctt_via":"","footnotes":""},"class_list":["post-2116","page","type-page","status-publish","hentry"],"featured_image_src":null,"yoast_head":"<!-- This site is optimized with the Yoast SEO plugin v25.4 - https:\/\/yoast.com\/wordpress\/plugins\/seo\/ -->\n<title>Birden \u00e7ok h\u00fccredeki metin nas\u0131l birle\u015ftirilir? (E\u011fitim 2023)<\/title>\n<meta name=\"description\" content=\"Metni yaln\u0131zca birka\u00e7 fare t\u0131klamas\u0131yla bir h\u00fccrede birle\u015ftirmek i\u00e7in doldurma hizalamas\u0131n\u0131 kullan\u0131n. Bu, Excel&#039;de kullanabilece\u011finiz en muhte\u015fem ara\u00e7lardan biridir.\" \/>\n<meta name=\"robots\" content=\"index, follow, max-snippet:-1, max-image-preview:large, max-video-preview:-1\" \/>\n<link rel=\"canonical\" href=\"https:\/\/exceladvisor.org\/tr\/tamamen-hakli-cikarmak\/\" \/>\n<meta property=\"og:locale\" content=\"tr_TR\" \/>\n<meta property=\"og:type\" content=\"article\" \/>\n<meta property=\"og:title\" content=\"Birden \u00e7ok h\u00fccredeki metin nas\u0131l birle\u015ftirilir? (E\u011fitim 2023)\" \/>\n<meta property=\"og:description\" content=\"Metni yaln\u0131zca birka\u00e7 fare t\u0131klamas\u0131yla bir h\u00fccrede birle\u015ftirmek i\u00e7in doldurma hizalamas\u0131n\u0131 kullan\u0131n. Bu, Excel&#039;de kullanabilece\u011finiz en muhte\u015fem ara\u00e7lardan biridir.\" \/>\n<meta property=\"og:url\" content=\"https:\/\/exceladvisor.org\/tr\/tamamen-hakli-cikarmak\/\" \/>\n<meta property=\"og:site_name\" content=\"Excel Advisor\" \/>\n<meta property=\"article:modified_time\" content=\"2023-12-10T05:59:06+00:00\" \/>\n<meta property=\"og:image\" content=\"https:\/\/exceladvisor.org\/wp-content\/uploads\/2023\/08\/Remplir-la-justification-peut-nous-aider-a-fusionner-les-donnees-dans-une-seule-cellule-2.gif\" \/>\n<meta name=\"twitter:card\" content=\"summary_large_image\" \/>\n<meta name=\"twitter:label1\" content=\"Tahmini okuma s\u00fcresi\" \/>\n\t<meta name=\"twitter:data1\" content=\"2 dakika\" \/>\n<script type=\"application\/ld+json\" class=\"yoast-schema-graph\">{\"@context\":\"https:\/\/schema.org\",\"@graph\":[{\"@type\":\"WebPage\",\"@id\":\"https:\/\/exceladvisor.org\/tr\/tamamen-hakli-cikarmak\/\",\"url\":\"https:\/\/exceladvisor.org\/tr\/tamamen-hakli-cikarmak\/\",\"name\":\"Birden \u00e7ok h\u00fccredeki metin nas\u0131l birle\u015ftirilir? (E\u011fitim 2023)\",\"isPartOf\":{\"@id\":\"https:\/\/exceladvisor.org\/tr\/#website\"},\"primaryImageOfPage\":{\"@id\":\"https:\/\/exceladvisor.org\/tr\/tamamen-hakli-cikarmak\/#primaryimage\"},\"image\":{\"@id\":\"https:\/\/exceladvisor.org\/tr\/tamamen-hakli-cikarmak\/#primaryimage\"},\"thumbnailUrl\":\"https:\/\/exceladvisor.org\/wp-content\/uploads\/2023\/08\/Remplir-la-justification-peut-nous-aider-a-fusionner-les-donnees-dans-une-seule-cellule-2.gif\",\"datePublished\":\"2023-10-15T00:07:10+00:00\",\"dateModified\":\"2023-12-10T05:59:06+00:00\",\"description\":\"Metni yaln\u0131zca birka\u00e7 fare t\u0131klamas\u0131yla bir h\u00fccrede birle\u015ftirmek i\u00e7in doldurma hizalamas\u0131n\u0131 kullan\u0131n. Bu, Excel&#39;de kullanabilece\u011finiz en muhte\u015fem ara\u00e7lardan biridir.\",\"breadcrumb\":{\"@id\":\"https:\/\/exceladvisor.org\/tr\/tamamen-hakli-cikarmak\/#breadcrumb\"},\"inLanguage\":\"tr\",\"potentialAction\":[{\"@type\":\"ReadAction\",\"target\":[\"https:\/\/exceladvisor.org\/tr\/tamamen-hakli-cikarmak\/\"]}]},{\"@type\":\"ImageObject\",\"inLanguage\":\"tr\",\"@id\":\"https:\/\/exceladvisor.org\/tr\/tamamen-hakli-cikarmak\/#primaryimage\",\"url\":\"https:\/\/exceladvisor.org\/wp-content\/uploads\/2023\/08\/Remplir-la-justification-peut-nous-aider-a-fusionner-les-donnees-dans-une-seule-cellule-2.gif\",\"contentUrl\":\"https:\/\/exceladvisor.org\/wp-content\/uploads\/2023\/08\/Remplir-la-justification-peut-nous-aider-a-fusionner-les-donnees-dans-une-seule-cellule-2.gif\"},{\"@type\":\"BreadcrumbList\",\"@id\":\"https:\/\/exceladvisor.org\/tr\/tamamen-hakli-cikarmak\/#breadcrumb\",\"itemListElement\":[{\"@type\":\"ListItem\",\"position\":1,\"name\":\"Ev\",\"item\":\"https:\/\/exceladvisor.org\/tr\/\"},{\"@type\":\"ListItem\",\"position\":2,\"name\":\"Birden \u00e7ok h\u00fccredeki metin nas\u0131l birle\u015ftirilir?\"}]},{\"@type\":\"WebSite\",\"@id\":\"https:\/\/exceladvisor.org\/tr\/#website\",\"url\":\"https:\/\/exceladvisor.org\/tr\/\",\"name\":\"Excel Advisor\",\"description\":\"Veri hakimiyetine y\u00f6nelik nihai rehberiniz!\",\"publisher\":{\"@id\":\"https:\/\/exceladvisor.org\/tr\/#organization\"},\"potentialAction\":[{\"@type\":\"SearchAction\",\"target\":{\"@type\":\"EntryPoint\",\"urlTemplate\":\"https:\/\/exceladvisor.org\/tr\/?s={search_term_string}\"},\"query-input\":{\"@type\":\"PropertyValueSpecification\",\"valueRequired\":true,\"valueName\":\"search_term_string\"}}],\"inLanguage\":\"tr\"},{\"@type\":\"Organization\",\"@id\":\"https:\/\/exceladvisor.org\/tr\/#organization\",\"name\":\"Excel Advisor\",\"url\":\"https:\/\/exceladvisor.org\/tr\/\",\"logo\":{\"@type\":\"ImageObject\",\"inLanguage\":\"tr\",\"@id\":\"https:\/\/exceladvisor.org\/tr\/#\/schema\/logo\/image\/\",\"url\":\"https:\/\/exceladvisor.org\/tr\/wp-content\/uploads\/2023\/12\/exceladvisor.org_.png\",\"contentUrl\":\"https:\/\/exceladvisor.org\/tr\/wp-content\/uploads\/2023\/12\/exceladvisor.org_.png\",\"width\":105,\"height\":36,\"caption\":\"Excel Advisor\"},\"image\":{\"@id\":\"https:\/\/exceladvisor.org\/tr\/#\/schema\/logo\/image\/\"}}]}<\/script>\n<!-- \/ Yoast SEO plugin. -->","yoast_head_json":{"title":"Birden \u00e7ok h\u00fccredeki metin nas\u0131l birle\u015ftirilir? (E\u011fitim 2023)","description":"Metni yaln\u0131zca birka\u00e7 fare t\u0131klamas\u0131yla bir h\u00fccrede birle\u015ftirmek i\u00e7in doldurma hizalamas\u0131n\u0131 kullan\u0131n. Bu, Excel&#39;de kullanabilece\u011finiz en muhte\u015fem ara\u00e7lardan biridir.","robots":{"index":"index","follow":"follow","max-snippet":"max-snippet:-1","max-image-preview":"max-image-preview:large","max-video-preview":"max-video-preview:-1"},"canonical":"https:\/\/exceladvisor.org\/tr\/tamamen-hakli-cikarmak\/","og_locale":"tr_TR","og_type":"article","og_title":"Birden \u00e7ok h\u00fccredeki metin nas\u0131l birle\u015ftirilir? (E\u011fitim 2023)","og_description":"Metni yaln\u0131zca birka\u00e7 fare t\u0131klamas\u0131yla bir h\u00fccrede birle\u015ftirmek i\u00e7in doldurma hizalamas\u0131n\u0131 kullan\u0131n. Bu, Excel&#39;de kullanabilece\u011finiz en muhte\u015fem ara\u00e7lardan biridir.","og_url":"https:\/\/exceladvisor.org\/tr\/tamamen-hakli-cikarmak\/","og_site_name":"Excel Advisor","article_modified_time":"2023-12-10T05:59:06+00:00","og_image":[{"url":"https:\/\/exceladvisor.org\/wp-content\/uploads\/2023\/08\/Remplir-la-justification-peut-nous-aider-a-fusionner-les-donnees-dans-une-seule-cellule-2.gif","type":"","width":"","height":""}],"twitter_card":"summary_large_image","twitter_misc":{"Tahmini okuma s\u00fcresi":"2 dakika"},"schema":{"@context":"https:\/\/schema.org","@graph":[{"@type":"WebPage","@id":"https:\/\/exceladvisor.org\/tr\/tamamen-hakli-cikarmak\/","url":"https:\/\/exceladvisor.org\/tr\/tamamen-hakli-cikarmak\/","name":"Birden \u00e7ok h\u00fccredeki metin nas\u0131l birle\u015ftirilir? (E\u011fitim 2023)","isPartOf":{"@id":"https:\/\/exceladvisor.org\/tr\/#website"},"primaryImageOfPage":{"@id":"https:\/\/exceladvisor.org\/tr\/tamamen-hakli-cikarmak\/#primaryimage"},"image":{"@id":"https:\/\/exceladvisor.org\/tr\/tamamen-hakli-cikarmak\/#primaryimage"},"thumbnailUrl":"https:\/\/exceladvisor.org\/wp-content\/uploads\/2023\/08\/Remplir-la-justification-peut-nous-aider-a-fusionner-les-donnees-dans-une-seule-cellule-2.gif","datePublished":"2023-10-15T00:07:10+00:00","dateModified":"2023-12-10T05:59:06+00:00","description":"Metni yaln\u0131zca birka\u00e7 fare t\u0131klamas\u0131yla bir h\u00fccrede birle\u015ftirmek i\u00e7in doldurma hizalamas\u0131n\u0131 kullan\u0131n. Bu, Excel&#39;de kullanabilece\u011finiz en muhte\u015fem ara\u00e7lardan biridir.","breadcrumb":{"@id":"https:\/\/exceladvisor.org\/tr\/tamamen-hakli-cikarmak\/#breadcrumb"},"inLanguage":"tr","potentialAction":[{"@type":"ReadAction","target":["https:\/\/exceladvisor.org\/tr\/tamamen-hakli-cikarmak\/"]}]},{"@type":"ImageObject","inLanguage":"tr","@id":"https:\/\/exceladvisor.org\/tr\/tamamen-hakli-cikarmak\/#primaryimage","url":"https:\/\/exceladvisor.org\/wp-content\/uploads\/2023\/08\/Remplir-la-justification-peut-nous-aider-a-fusionner-les-donnees-dans-une-seule-cellule-2.gif","contentUrl":"https:\/\/exceladvisor.org\/wp-content\/uploads\/2023\/08\/Remplir-la-justification-peut-nous-aider-a-fusionner-les-donnees-dans-une-seule-cellule-2.gif"},{"@type":"BreadcrumbList","@id":"https:\/\/exceladvisor.org\/tr\/tamamen-hakli-cikarmak\/#breadcrumb","itemListElement":[{"@type":"ListItem","position":1,"name":"Ev","item":"https:\/\/exceladvisor.org\/tr\/"},{"@type":"ListItem","position":2,"name":"Birden \u00e7ok h\u00fccredeki metin nas\u0131l birle\u015ftirilir?"}]},{"@type":"WebSite","@id":"https:\/\/exceladvisor.org\/tr\/#website","url":"https:\/\/exceladvisor.org\/tr\/","name":"Excel Advisor","description":"Veri hakimiyetine y\u00f6nelik nihai rehberiniz!","publisher":{"@id":"https:\/\/exceladvisor.org\/tr\/#organization"},"potentialAction":[{"@type":"SearchAction","target":{"@type":"EntryPoint","urlTemplate":"https:\/\/exceladvisor.org\/tr\/?s={search_term_string}"},"query-input":{"@type":"PropertyValueSpecification","valueRequired":true,"valueName":"search_term_string"}}],"inLanguage":"tr"},{"@type":"Organization","@id":"https:\/\/exceladvisor.org\/tr\/#organization","name":"Excel Advisor","url":"https:\/\/exceladvisor.org\/tr\/","logo":{"@type":"ImageObject","inLanguage":"tr","@id":"https:\/\/exceladvisor.org\/tr\/#\/schema\/logo\/image\/","url":"https:\/\/exceladvisor.org\/tr\/wp-content\/uploads\/2023\/12\/exceladvisor.org_.png","contentUrl":"https:\/\/exceladvisor.org\/tr\/wp-content\/uploads\/2023\/12\/exceladvisor.org_.png","width":105,"height":36,"caption":"Excel Advisor"},"image":{"@id":"https:\/\/exceladvisor.org\/tr\/#\/schema\/logo\/image\/"}}]}},"yoast_meta":{"yoast_wpseo_title":"","yoast_wpseo_metadesc":"","yoast_wpseo_canonical":""},"_links":{"self":[{"href":"https:\/\/exceladvisor.org\/tr\/wp-json\/wp\/v2\/pages\/2116","targetHints":{"allow":["GET"]}}],"collection":[{"href":"https:\/\/exceladvisor.org\/tr\/wp-json\/wp\/v2\/pages"}],"about":[{"href":"https:\/\/exceladvisor.org\/tr\/wp-json\/wp\/v2\/types\/page"}],"author":[{"embeddable":true,"href":"https:\/\/exceladvisor.org\/tr\/wp-json\/wp\/v2\/users\/1"}],"replies":[{"embeddable":true,"href":"https:\/\/exceladvisor.org\/tr\/wp-json\/wp\/v2\/comments?post=2116"}],"version-history":[{"count":1,"href":"https:\/\/exceladvisor.org\/tr\/wp-json\/wp\/v2\/pages\/2116\/revisions"}],"predecessor-version":[{"id":2296,"href":"https:\/\/exceladvisor.org\/tr\/wp-json\/wp\/v2\/pages\/2116\/revisions\/2296"}],"wp:attachment":[{"href":"https:\/\/exceladvisor.org\/tr\/wp-json\/wp\/v2\/media?parent=2116"}],"curies":[{"name":"wp","href":"https:\/\/api.w.org\/{rel}","templated":true}]}}