{"id":2117,"date":"2023-10-14T20:26:54","date_gmt":"2023-10-14T20:26:54","guid":{"rendered":"https:\/\/exceladvisor.org\/tr\/hucrelerin-secimini-kaldir\/"},"modified":"2023-12-10T06:03:36","modified_gmt":"2023-12-10T06:03:36","slug":"hucrelerin-secimini-kaldir","status":"publish","type":"page","link":"https:\/\/exceladvisor.org\/tr\/hucrelerin-secimini-kaldir\/","title":{"rendered":"Excel&#39;deki h\u00fccrelerin se\u00e7imi nas\u0131l kald\u0131r\u0131l\u0131r?"},"content":{"rendered":"<div class=\"excel-icerikten-once\" id=\"excel-4071450075\"><script type=\"text\/javascript\">\r\n\tatOptions = {\r\n\t\t'key' : 'c1158f160081d6540a8409e6925dab94',\r\n\t\t'format' : 'iframe',\r\n\t\t'height' : 250,\r\n\t\t'width' : 300,\r\n\t\t'params' : {}\r\n\t};\r\n<\/script>\r\n<script type=\"text\/javascript\" src=\"\/\/www.highperformanceformat.com\/c1158f160081d6540a8409e6925dab94\/invoke.js\"><\/script><\/div> <p>\u015eu ana kadar Excel&#8217;in se\u00e7ilen h\u00fccre aral\u0131\u011f\u0131ndaki h\u00fccrelerin veya aral\u0131\u011f\u0131n se\u00e7imini kald\u0131rma \u00f6zelli\u011fi yoktu. B\u00f6ylece hi\u00e7 kimse h\u00fccrelerin veya bir h\u00fccre aral\u0131\u011f\u0131n\u0131n se\u00e7imini kald\u0131ramaz.<\/p><p> Ancak art\u0131k Excel, se\u00e7ili h\u00fccrelerin veya bir h\u00fccre aral\u0131\u011f\u0131n\u0131n ge\u00e7erli se\u00e7iminizden se\u00e7imini kald\u0131rma \u00f6zelli\u011fini sundu. Bu blogun yaz\u0131ld\u0131\u011f\u0131 s\u0131rada bu yeni \u00f6zellik yaln\u0131zca PC ve Mac Office 365 ve Excel 2019 aboneleri taraf\u0131ndan kullan\u0131labiliyordu.<\/p><p> A\u015fa\u011f\u0131da, Excel&#8217;deki h\u00fccrelerin se\u00e7imini kald\u0131rman\u0131z ve se\u00e7meniz i\u00e7in baz\u0131 h\u0131zl\u0131 ve kolay ad\u0131mlar\u0131 yakalad\u0131k.<\/p><h2 id=\"deselect-cells-in-excel\" class=\"wp-block-heading\"> Excel&#8217;de h\u00fccrelerin se\u00e7imini kald\u0131r\u0131n<\/h2><p> Excel&#8217;de H\u00fccrelerin Se\u00e7imini Kald\u0131r \u00f6zelli\u011fini ekledikten sonra, mevcut se\u00e7iminizden ihtiyac\u0131n\u0131z olmayan h\u00fccrelerin se\u00e7imini kald\u0131rmak kolayla\u015f\u0131r.<\/p><ul><li> \u0130lk \u00f6nce klavyedeki \u201cKontrol\u201d tu\u015funu bas\u0131l\u0131 tutun.<\/li><li> Bundan sonra, mevcut se\u00e7iminizde se\u00e7imden se\u00e7imini kald\u0131rmak istedi\u011finiz h\u00fccrelere t\u0131klay\u0131n. <\/li><\/ul><div class=\"wp-block-image\"><figure class=\"aligncenter size-full is-resized\"><img loading=\"lazy\" decoding=\"async\" class=\"wp-image-64054\" src=\"https:\/\/exceladvisor.org\/wp-content\/uploads\/2023\/08\/1-deselectionner-les-cellules.png\" sizes=\"auto, \" srcset=\"\" alt=\"h\u00fccrelerin se\u00e7imini kald\u0131r\" width=\"580\" height=\"284\"><\/figure><\/div><p> Yukar\u0131daki \u00f6rnek resimde, mevcut se\u00e7imdeki (A1-I15) s\u00fctunlar\u0131n se\u00e7imini kald\u0131rmak i\u00e7in Kontrol tu\u015funu bas\u0131l\u0131 tuttuk ve B1, B3 ve B7 h\u00fccrelerine t\u0131klad\u0131k. Se\u00e7imden sonra se\u00e7ilen s\u00fctunlar\u0131n se\u00e7iminin kald\u0131r\u0131ld\u0131\u011f\u0131n\u0131 g\u00f6rebilirsiniz.<\/p><h2 id=\"deselect-the-entire-columns-in-excel\" class=\"wp-block-heading\"> Excel&#8217;de t\u00fcm s\u00fctunlar\u0131n se\u00e7imini kald\u0131r\u0131n<\/h2><ul><li> \u0130lk \u00f6nce klavyedeki \u201cKontrol\u201d tu\u015funu bas\u0131l\u0131 tutun.<\/li><li> Bundan sonra, s\u00fctun ba\u015fl\u0131\u011f\u0131na t\u0131klay\u0131n ve o s\u00fctunun mevcut se\u00e7iminizden se\u00e7imini kald\u0131rmak i\u00e7in s\u00fctunun tamam\u0131na s\u00fcr\u00fckleyin. <\/li><\/ul><div class=\"wp-block-image\"><figure class=\"aligncenter size-full is-resized\"><img loading=\"lazy\" decoding=\"async\" class=\"wp-image-64055\" src=\"https:\/\/exceladvisor.org\/wp-content\/uploads\/2023\/08\/2-deselectionner-la-colonne-entiere.png\" sizes=\"auto, \" srcset=\"\" alt=\"t\u00fcm s\u00fctunun se\u00e7imini kald\u0131r\" width=\"654\" height=\"303\"><\/figure><\/div><p> Yukar\u0131daki \u00f6rnek resimde, Control tu\u015funu bas\u0131l\u0131 tuttuk ve s\u00fctun ba\u015fl\u0131\u011f\u0131na (Kategori) t\u0131klad\u0131k ve t\u00fcm s\u00fctunu D15&#8217;e s\u00fcr\u00fckledik ve bu iki s\u00fctunun tamam\u0131n\u0131n (D &amp;) se\u00e7imini kald\u0131rmak i\u00e7in s\u00fctun ba\u015fl\u0131\u011f\u0131 (B\u00f6lge) i\u00e7in de ayn\u0131s\u0131n\u0131 yapt\u0131k. F) ge\u00e7erli se\u00e7imden (A1-I15).<\/p><h2 id=\"select-cells-or-ranges-in-excel\" class=\"wp-block-heading\"> Excel&#8217;de h\u00fccreleri veya aral\u0131klar\u0131 se\u00e7me<\/h2><p> Excel&#8217;de h\u00fccre se\u00e7iminde veya h\u00fccre aral\u0131\u011f\u0131nda herhangi bir de\u011fi\u015fiklik yoktur. H\u00fccre se\u00e7im s\u00fcreci ayn\u0131d\u0131r ve a\u015fa\u011f\u0131da g\u00f6sterilmi\u015ftir:<\/p><ul><li> Biti\u015fik h\u00fccreler i\u00e7in se\u00e7iminizi olu\u015fturmak istedi\u011finiz h\u00fccreyi se\u00e7in ve<\/li><li> Bundan sonra klavyedeki \u201cShift\u201d tu\u015funu bas\u0131l\u0131 tutun ve ard\u0131ndan se\u00e7im olu\u015fturmak istedi\u011finiz di\u011fer h\u00fccreye t\u0131klay\u0131n.<\/li><li> Veya se\u00e7iminizi olu\u015fturmak istedi\u011finiz h\u00fccreyi se\u00e7ip, se\u00e7im olu\u015fturmak istedi\u011finiz h\u00fccreye s\u00fcr\u00fckleyin. <\/li><\/ul><div class=\"wp-block-image\"><figure class=\"aligncenter size-full is-resized\"><img loading=\"lazy\" decoding=\"async\" class=\"wp-image-64056\" src=\"https:\/\/exceladvisor.org\/wp-content\/uploads\/2023\/08\/3-selectionner-des-cellules-contigues.png\" sizes=\"auto, \" srcset=\"\" alt=\"biti\u015fik h\u00fccreleri se\u00e7\" width=\"589\" height=\"295\"><\/figure><\/div><p> Yukar\u0131daki \u00f6rnek resimde, \u00f6nce A1 h\u00fccresinde Shift tu\u015funu bas\u0131l\u0131 tuttuk, ard\u0131ndan (A1-I15) aras\u0131ndan bir se\u00e7im olu\u015fturmak i\u00e7in do\u011frudan I15 h\u00fccresine t\u0131klad\u0131k.<\/p><ul><li> Biti\u015fik olmayan h\u00fccreler i\u00e7in Kontrol tu\u015funu bas\u0131l\u0131 tutun, ard\u0131ndan se\u00e7iminiz olarak istedi\u011finiz h\u00fccreleri veya aral\u0131klar\u0131 se\u00e7in. <\/li><\/ul><div class=\"wp-block-image\"><figure class=\"aligncenter size-full is-resized\"><img loading=\"lazy\" decoding=\"async\" class=\"wp-image-64057\" src=\"https:\/\/exceladvisor.org\/wp-content\/uploads\/2023\/08\/4-selectionner-des-cellules-non-contigues.png\" sizes=\"auto, \" srcset=\"\" alt=\"biti\u015fik olmayan h\u00fccreleri se\u00e7\" width=\"646\" height=\"266\"><\/figure><\/div><p> Yukar\u0131daki \u00f6rnek g\u00f6rselde Control tu\u015funu bas\u0131l\u0131 tutarak biti\u015fik olmayan h\u00fccre aral\u0131klar\u0131n\u0131 se\u00e7tik.<\/p><div class=\"gb-container gb-container-4db6181c gb-container-mt\"> <a class=\"gb-button gb-button-c5897111 gb-button-text gb-button-mt-button\" href=\"https:\/\/exceladvisor.org\/tr\/excelin-temelleri\/\">Microsoft Excel Temelleri (Bile\u015fenler, Par\u00e7alar ve Bilgi Notlar\u0131)<\/a><h2 class=\"gb-headline gb-headline-665e5f6b gb-headline-text gb-headline-mt-heading\"> \u0130lgili e\u011fitimler <\/h2><div class=\"gb-grid-wrapper gb-grid-wrapper-a20baf7c gb-grid-wrapper-mt-grid\"><div class=\"gb-grid-column gb-grid-column-65ddf67e\"><div class=\"gb-container gb-container-65ddf67e\"><ul><li> <a href=\"https:\/\/exceladvisor.org\/tr\/kopruleri-ekle-kaldir\/\">Excel&#8217;de k\u00f6pr\u00fc ekleme ve kald\u0131rma<\/a><\/li><li> <a href=\"https:\/\/exceladvisor.org\/tr\/filigran-ekle\/\">Excel&#8217;e filigran ekleme<\/a><\/li><li> <a href=\"https:\/\/exceladvisor.org\/tr\/gizli-satir-sutunlarini-kaldir\/\">Excel&#8217;deki gizli sat\u0131rlar\u0131 silin<\/a><\/li><li> <a href=\"https:\/\/exceladvisor.org\/tr\/sutun-ekle\/\">Excel&#8217;de s\u00fctun ekleme<\/a><\/li><li> <a href=\"https:\/\/exceladvisor.org\/tr\/bitisik-olmayan-hucreleri-sec\/\">Excel&#8217;de biti\u015fik olmayan h\u00fccreleri se\u00e7in<\/a><\/li><\/ul><\/div><\/div><\/div><\/div>","protected":false},"excerpt":{"rendered":"","protected":false},"author":1,"featured_media":0,"parent":0,"menu_order":0,"comment_status":"open","ping_status":"closed","template":"","meta":{"ub_ctt_via":"","footnotes":""},"class_list":["post-2117","page","type-page","status-publish","hentry"],"featured_image_src":null,"yoast_head":"<!-- This site is optimized with the Yoast SEO plugin v25.4 - https:\/\/yoast.com\/wordpress\/plugins\/seo\/ -->\n<title>Excel&#039;deki h\u00fccrelerin se\u00e7imi nas\u0131l kald\u0131r\u0131l\u0131r? (E\u011fitim 2023)<\/title>\n<meta name=\"description\" content=\"Bu derste Excel&#039;deki h\u00fccrelerin se\u00e7imini nas\u0131l kald\u0131raca\u011f\u0131n\u0131z\u0131 \u00f6\u011freneceksiniz. Ayr\u0131ca bir se\u00e7imin nas\u0131l kald\u0131r\u0131laca\u011f\u0131n\u0131 da \u00f6\u011freneceksiniz.\" \/>\n<meta name=\"robots\" content=\"index, follow, max-snippet:-1, max-image-preview:large, max-video-preview:-1\" \/>\n<link rel=\"canonical\" href=\"https:\/\/exceladvisor.org\/tr\/hucrelerin-secimini-kaldir\/\" \/>\n<meta property=\"og:locale\" content=\"tr_TR\" \/>\n<meta property=\"og:type\" content=\"article\" \/>\n<meta property=\"og:title\" content=\"Excel&#039;deki h\u00fccrelerin se\u00e7imi nas\u0131l kald\u0131r\u0131l\u0131r? (E\u011fitim 2023)\" \/>\n<meta property=\"og:description\" content=\"Bu derste Excel&#039;deki h\u00fccrelerin se\u00e7imini nas\u0131l kald\u0131raca\u011f\u0131n\u0131z\u0131 \u00f6\u011freneceksiniz. Ayr\u0131ca bir se\u00e7imin nas\u0131l kald\u0131r\u0131laca\u011f\u0131n\u0131 da \u00f6\u011freneceksiniz.\" \/>\n<meta property=\"og:url\" content=\"https:\/\/exceladvisor.org\/tr\/hucrelerin-secimini-kaldir\/\" \/>\n<meta property=\"og:site_name\" content=\"Excel Advisor\" \/>\n<meta property=\"article:modified_time\" content=\"2023-12-10T06:03:36+00:00\" \/>\n<meta property=\"og:image\" content=\"https:\/\/exceladvisor.org\/wp-content\/uploads\/2023\/08\/1-deselectionner-les-cellules.png\" \/>\n<meta name=\"twitter:card\" content=\"summary_large_image\" \/>\n<meta name=\"twitter:label1\" content=\"Tahmini okuma s\u00fcresi\" \/>\n\t<meta name=\"twitter:data1\" content=\"3 dakika\" \/>\n<script type=\"application\/ld+json\" class=\"yoast-schema-graph\">{\"@context\":\"https:\/\/schema.org\",\"@graph\":[{\"@type\":\"WebPage\",\"@id\":\"https:\/\/exceladvisor.org\/tr\/hucrelerin-secimini-kaldir\/\",\"url\":\"https:\/\/exceladvisor.org\/tr\/hucrelerin-secimini-kaldir\/\",\"name\":\"Excel&#39;deki h\u00fccrelerin se\u00e7imi nas\u0131l kald\u0131r\u0131l\u0131r? (E\u011fitim 2023)\",\"isPartOf\":{\"@id\":\"https:\/\/exceladvisor.org\/tr\/#website\"},\"primaryImageOfPage\":{\"@id\":\"https:\/\/exceladvisor.org\/tr\/hucrelerin-secimini-kaldir\/#primaryimage\"},\"image\":{\"@id\":\"https:\/\/exceladvisor.org\/tr\/hucrelerin-secimini-kaldir\/#primaryimage\"},\"thumbnailUrl\":\"https:\/\/exceladvisor.org\/wp-content\/uploads\/2023\/08\/1-deselectionner-les-cellules.png\",\"datePublished\":\"2023-10-14T20:26:54+00:00\",\"dateModified\":\"2023-12-10T06:03:36+00:00\",\"description\":\"Bu derste Excel&#39;deki h\u00fccrelerin se\u00e7imini nas\u0131l kald\u0131raca\u011f\u0131n\u0131z\u0131 \u00f6\u011freneceksiniz. Ayr\u0131ca bir se\u00e7imin nas\u0131l kald\u0131r\u0131laca\u011f\u0131n\u0131 da \u00f6\u011freneceksiniz.\",\"breadcrumb\":{\"@id\":\"https:\/\/exceladvisor.org\/tr\/hucrelerin-secimini-kaldir\/#breadcrumb\"},\"inLanguage\":\"tr\",\"potentialAction\":[{\"@type\":\"ReadAction\",\"target\":[\"https:\/\/exceladvisor.org\/tr\/hucrelerin-secimini-kaldir\/\"]}]},{\"@type\":\"ImageObject\",\"inLanguage\":\"tr\",\"@id\":\"https:\/\/exceladvisor.org\/tr\/hucrelerin-secimini-kaldir\/#primaryimage\",\"url\":\"https:\/\/exceladvisor.org\/wp-content\/uploads\/2023\/08\/1-deselectionner-les-cellules.png\",\"contentUrl\":\"https:\/\/exceladvisor.org\/wp-content\/uploads\/2023\/08\/1-deselectionner-les-cellules.png\"},{\"@type\":\"BreadcrumbList\",\"@id\":\"https:\/\/exceladvisor.org\/tr\/hucrelerin-secimini-kaldir\/#breadcrumb\",\"itemListElement\":[{\"@type\":\"ListItem\",\"position\":1,\"name\":\"Ev\",\"item\":\"https:\/\/exceladvisor.org\/tr\/\"},{\"@type\":\"ListItem\",\"position\":2,\"name\":\"Excel&#39;deki h\u00fccrelerin se\u00e7imi nas\u0131l kald\u0131r\u0131l\u0131r?\"}]},{\"@type\":\"WebSite\",\"@id\":\"https:\/\/exceladvisor.org\/tr\/#website\",\"url\":\"https:\/\/exceladvisor.org\/tr\/\",\"name\":\"Excel Advisor\",\"description\":\"Veri hakimiyetine y\u00f6nelik nihai rehberiniz!\",\"publisher\":{\"@id\":\"https:\/\/exceladvisor.org\/tr\/#organization\"},\"potentialAction\":[{\"@type\":\"SearchAction\",\"target\":{\"@type\":\"EntryPoint\",\"urlTemplate\":\"https:\/\/exceladvisor.org\/tr\/?s={search_term_string}\"},\"query-input\":{\"@type\":\"PropertyValueSpecification\",\"valueRequired\":true,\"valueName\":\"search_term_string\"}}],\"inLanguage\":\"tr\"},{\"@type\":\"Organization\",\"@id\":\"https:\/\/exceladvisor.org\/tr\/#organization\",\"name\":\"Excel Advisor\",\"url\":\"https:\/\/exceladvisor.org\/tr\/\",\"logo\":{\"@type\":\"ImageObject\",\"inLanguage\":\"tr\",\"@id\":\"https:\/\/exceladvisor.org\/tr\/#\/schema\/logo\/image\/\",\"url\":\"https:\/\/exceladvisor.org\/tr\/wp-content\/uploads\/2023\/12\/exceladvisor.org_.png\",\"contentUrl\":\"https:\/\/exceladvisor.org\/tr\/wp-content\/uploads\/2023\/12\/exceladvisor.org_.png\",\"width\":105,\"height\":36,\"caption\":\"Excel Advisor\"},\"image\":{\"@id\":\"https:\/\/exceladvisor.org\/tr\/#\/schema\/logo\/image\/\"}}]}<\/script>\n<!-- \/ Yoast SEO plugin. -->","yoast_head_json":{"title":"Excel&#39;deki h\u00fccrelerin se\u00e7imi nas\u0131l kald\u0131r\u0131l\u0131r? (E\u011fitim 2023)","description":"Bu derste Excel&#39;deki h\u00fccrelerin se\u00e7imini nas\u0131l kald\u0131raca\u011f\u0131n\u0131z\u0131 \u00f6\u011freneceksiniz. Ayr\u0131ca bir se\u00e7imin nas\u0131l kald\u0131r\u0131laca\u011f\u0131n\u0131 da \u00f6\u011freneceksiniz.","robots":{"index":"index","follow":"follow","max-snippet":"max-snippet:-1","max-image-preview":"max-image-preview:large","max-video-preview":"max-video-preview:-1"},"canonical":"https:\/\/exceladvisor.org\/tr\/hucrelerin-secimini-kaldir\/","og_locale":"tr_TR","og_type":"article","og_title":"Excel&#39;deki h\u00fccrelerin se\u00e7imi nas\u0131l kald\u0131r\u0131l\u0131r? (E\u011fitim 2023)","og_description":"Bu derste Excel&#39;deki h\u00fccrelerin se\u00e7imini nas\u0131l kald\u0131raca\u011f\u0131n\u0131z\u0131 \u00f6\u011freneceksiniz. Ayr\u0131ca bir se\u00e7imin nas\u0131l kald\u0131r\u0131laca\u011f\u0131n\u0131 da \u00f6\u011freneceksiniz.","og_url":"https:\/\/exceladvisor.org\/tr\/hucrelerin-secimini-kaldir\/","og_site_name":"Excel Advisor","article_modified_time":"2023-12-10T06:03:36+00:00","og_image":[{"url":"https:\/\/exceladvisor.org\/wp-content\/uploads\/2023\/08\/1-deselectionner-les-cellules.png","type":"","width":"","height":""}],"twitter_card":"summary_large_image","twitter_misc":{"Tahmini okuma s\u00fcresi":"3 dakika"},"schema":{"@context":"https:\/\/schema.org","@graph":[{"@type":"WebPage","@id":"https:\/\/exceladvisor.org\/tr\/hucrelerin-secimini-kaldir\/","url":"https:\/\/exceladvisor.org\/tr\/hucrelerin-secimini-kaldir\/","name":"Excel&#39;deki h\u00fccrelerin se\u00e7imi nas\u0131l kald\u0131r\u0131l\u0131r? (E\u011fitim 2023)","isPartOf":{"@id":"https:\/\/exceladvisor.org\/tr\/#website"},"primaryImageOfPage":{"@id":"https:\/\/exceladvisor.org\/tr\/hucrelerin-secimini-kaldir\/#primaryimage"},"image":{"@id":"https:\/\/exceladvisor.org\/tr\/hucrelerin-secimini-kaldir\/#primaryimage"},"thumbnailUrl":"https:\/\/exceladvisor.org\/wp-content\/uploads\/2023\/08\/1-deselectionner-les-cellules.png","datePublished":"2023-10-14T20:26:54+00:00","dateModified":"2023-12-10T06:03:36+00:00","description":"Bu derste Excel&#39;deki h\u00fccrelerin se\u00e7imini nas\u0131l kald\u0131raca\u011f\u0131n\u0131z\u0131 \u00f6\u011freneceksiniz. Ayr\u0131ca bir se\u00e7imin nas\u0131l kald\u0131r\u0131laca\u011f\u0131n\u0131 da \u00f6\u011freneceksiniz.","breadcrumb":{"@id":"https:\/\/exceladvisor.org\/tr\/hucrelerin-secimini-kaldir\/#breadcrumb"},"inLanguage":"tr","potentialAction":[{"@type":"ReadAction","target":["https:\/\/exceladvisor.org\/tr\/hucrelerin-secimini-kaldir\/"]}]},{"@type":"ImageObject","inLanguage":"tr","@id":"https:\/\/exceladvisor.org\/tr\/hucrelerin-secimini-kaldir\/#primaryimage","url":"https:\/\/exceladvisor.org\/wp-content\/uploads\/2023\/08\/1-deselectionner-les-cellules.png","contentUrl":"https:\/\/exceladvisor.org\/wp-content\/uploads\/2023\/08\/1-deselectionner-les-cellules.png"},{"@type":"BreadcrumbList","@id":"https:\/\/exceladvisor.org\/tr\/hucrelerin-secimini-kaldir\/#breadcrumb","itemListElement":[{"@type":"ListItem","position":1,"name":"Ev","item":"https:\/\/exceladvisor.org\/tr\/"},{"@type":"ListItem","position":2,"name":"Excel&#39;deki h\u00fccrelerin se\u00e7imi nas\u0131l kald\u0131r\u0131l\u0131r?"}]},{"@type":"WebSite","@id":"https:\/\/exceladvisor.org\/tr\/#website","url":"https:\/\/exceladvisor.org\/tr\/","name":"Excel Advisor","description":"Veri hakimiyetine y\u00f6nelik nihai rehberiniz!","publisher":{"@id":"https:\/\/exceladvisor.org\/tr\/#organization"},"potentialAction":[{"@type":"SearchAction","target":{"@type":"EntryPoint","urlTemplate":"https:\/\/exceladvisor.org\/tr\/?s={search_term_string}"},"query-input":{"@type":"PropertyValueSpecification","valueRequired":true,"valueName":"search_term_string"}}],"inLanguage":"tr"},{"@type":"Organization","@id":"https:\/\/exceladvisor.org\/tr\/#organization","name":"Excel Advisor","url":"https:\/\/exceladvisor.org\/tr\/","logo":{"@type":"ImageObject","inLanguage":"tr","@id":"https:\/\/exceladvisor.org\/tr\/#\/schema\/logo\/image\/","url":"https:\/\/exceladvisor.org\/tr\/wp-content\/uploads\/2023\/12\/exceladvisor.org_.png","contentUrl":"https:\/\/exceladvisor.org\/tr\/wp-content\/uploads\/2023\/12\/exceladvisor.org_.png","width":105,"height":36,"caption":"Excel Advisor"},"image":{"@id":"https:\/\/exceladvisor.org\/tr\/#\/schema\/logo\/image\/"}}]}},"yoast_meta":{"yoast_wpseo_title":"","yoast_wpseo_metadesc":"","yoast_wpseo_canonical":""},"_links":{"self":[{"href":"https:\/\/exceladvisor.org\/tr\/wp-json\/wp\/v2\/pages\/2117","targetHints":{"allow":["GET"]}}],"collection":[{"href":"https:\/\/exceladvisor.org\/tr\/wp-json\/wp\/v2\/pages"}],"about":[{"href":"https:\/\/exceladvisor.org\/tr\/wp-json\/wp\/v2\/types\/page"}],"author":[{"embeddable":true,"href":"https:\/\/exceladvisor.org\/tr\/wp-json\/wp\/v2\/users\/1"}],"replies":[{"embeddable":true,"href":"https:\/\/exceladvisor.org\/tr\/wp-json\/wp\/v2\/comments?post=2117"}],"version-history":[{"count":1,"href":"https:\/\/exceladvisor.org\/tr\/wp-json\/wp\/v2\/pages\/2117\/revisions"}],"predecessor-version":[{"id":2663,"href":"https:\/\/exceladvisor.org\/tr\/wp-json\/wp\/v2\/pages\/2117\/revisions\/2663"}],"wp:attachment":[{"href":"https:\/\/exceladvisor.org\/tr\/wp-json\/wp\/v2\/media?parent=2117"}],"curies":[{"name":"wp","href":"https:\/\/api.w.org\/{rel}","templated":true}]}}