{"id":2119,"date":"2023-10-14T05:07:37","date_gmt":"2023-10-14T05:07:37","guid":{"rendered":"https:\/\/exceladvisor.org\/tr\/hucreyi-degistir\/"},"modified":"2023-12-10T06:01:07","modified_gmt":"2023-12-10T06:01:07","slug":"hucreyi-degistir","status":"publish","type":"page","link":"https:\/\/exceladvisor.org\/tr\/hucreyi-degistir\/","title":{"rendered":"Excel&#39;de iki h\u00fccre nas\u0131l de\u011fi\u015ftirilir?"},"content":{"rendered":"<div class=\"excel-icerikten-once\" id=\"excel-4220066886\"><script type=\"text\/javascript\">\r\n\tatOptions = {\r\n\t\t'key' : 'c1158f160081d6540a8409e6925dab94',\r\n\t\t'format' : 'iframe',\r\n\t\t'height' : 250,\r\n\t\t'width' : 300,\r\n\t\t'params' : {}\r\n\t};\r\n<\/script>\r\n<script type=\"text\/javascript\" src=\"\/\/www.highperformanceformat.com\/c1158f160081d6540a8409e6925dab94\/invoke.js\"><\/script><\/div> <p>Excel&#8217;de iki h\u00fccreyi birlikte de\u011fi\u015ftirmenin h\u0131zl\u0131 ve kolay bir yolu vard\u0131r. A2 h\u00fccresinde bir de\u011fer ve B2 h\u00fccresinde bir de\u011fer varsa, takas ile h\u00fccreleri A2&#8217;den B2&#8217;ye ve B2&#8217;den A2&#8217;ye de\u011fi\u015ftirebilirsiniz. <\/p><div class=\"wp-block-image\"><figure class=\"aligncenter size-full is-resized\"><img loading=\"lazy\" decoding=\"async\" class=\"wp-image-83226\" src=\"https:\/\/exceladvisor.org\/wp-content\/uploads\/2023\/08\/echanger-des-cellules-excel.gif\" sizes=\"auto, \" srcset=\"\" alt=\"\" width=\"399\" height=\"212\"><\/figure><\/div><p> Bu derste iki h\u00fccreyi birbiriyle de\u011fi\u015ftirmek i\u00e7in h\u0131zl\u0131 bir y\u00f6nteme bakaca\u011f\u0131z. <\/p><div class=\"wp-block-image\"><figure class=\"aligncenter size-full is-resized\"><img loading=\"lazy\" decoding=\"async\" class=\"wp-image-77868\" src=\"https:\/\/exceladvisor.org\/wp-content\/uploads\/2023\/08\/1-cellules-dechange.png\" sizes=\"auto, \" srcset=\"\" alt=\"takas h\u00fccreleri\" width=\"341\" height=\"140\"><\/figure><\/div><h2 class=\"wp-block-heading\"> Excel&#8217;de H\u00fccreleri De\u011fi\u015ftirme Ad\u0131mlar\u0131<\/h2><ol><li> \u00d6ncelikle A2 h\u00fccresini se\u00e7meniz gerekiyor. <br><img loading=\"lazy\" decoding=\"async\" title=\"2 h\u00fccreli h\u00fccrenin de\u011fi\u015ftirilmesi gerekiyor\" src=\"https:\/\/exceladvisor.org\/wp-content\/uploads\/2023\/08\/2-cellules-selectionnees-doivent-etre-echangees.png\" sizes=\"auto, \" srcset=\"\" alt=\"select-cell-need-to-swap\" width=\"329\" height=\"155\"><\/li><li> \u015eimdi klavyenizdeki Shift tu\u015funu bas\u0131l\u0131 tutun. <br><img loading=\"lazy\" decoding=\"async\" title=\"3-shift tu\u015funu bas\u0131l\u0131 tutun\" src=\"https:\/\/exceladvisor.org\/wp-content\/uploads\/2023\/08\/3-appuyez-et-maintenez-la-touche-Maj-enfoncee.png\" sizes=\"auto, \" srcset=\"\" alt=\"press-and-hold-shift-key\" width=\"330\" height=\"151\"><\/li><li> Daha sonra fare imlecinizi A2 h\u00fccresinin s\u0131n\u0131r\u0131n\u0131n \u00fczerine getirin. <br><img loading=\"lazy\" decoding=\"async\" title=\"4 fare h\u00fccre s\u0131n\u0131r\u0131n\u0131n \u00fczerinde\" src=\"https:\/\/exceladvisor.org\/wp-content\/uploads\/2023\/08\/4-passez-la-souris-sur-la-bordure-de-la-cellule.png\" sizes=\"auto, \" srcset=\"\" alt=\"hover-the-mouse-on-cell-border\" width=\"333\" height=\"152\"><\/li><li> Bundan sonra farenize t\u0131klay\u0131n ve h\u00fccreyi B2 ve C2 h\u00fccreleri aras\u0131na s\u00fcr\u00fckleyin. <br><img loading=\"lazy\" decoding=\"async\" title=\"H\u00fccreler aras\u0131 5 damla\" src=\"https:\/\/exceladvisor.org\/wp-content\/uploads\/2023\/08\/5-goutte-entre-les-cellules.png\" sizes=\"auto, \" srcset=\"\" alt=\"drop-between-cells\" width=\"334\" height=\"156\"><\/li><li> Sonunda, h\u00fccreleri birbirleriyle de\u011fi\u015ftirmek i\u00e7in h\u00fccreyi oraya b\u0131rak\u0131n. <br><img loading=\"lazy\" decoding=\"async\" title=\"6 h\u00fccre de\u011fi\u015ftirildi\" src=\"https:\/\/exceladvisor.org\/wp-content\/uploads\/2023\/08\/6-cellules-ont-ete-echangees.png\" sizes=\"auto, \" srcset=\"\" alt=\"cells-got-swapped\" width=\"337\" height=\"158\"><\/li><\/ol><div class=\"gb-container gb-container-4db6181c gb-container-mt\"> <a class=\"gb-button gb-button-c5897111 gb-button-text gb-button-mt-button\" href=\"https:\/\/exceladvisor.org\/tr\/excelin-temelleri\/\">Microsoft Excel Temelleri (Bile\u015fenler, Par\u00e7alar ve Bilgi Notlar\u0131)<\/a><h2 class=\"gb-headline gb-headline-665e5f6b gb-headline-text gb-headline-mt-heading\"> \u0130lgili e\u011fitimler <\/h2><div class=\"gb-grid-wrapper gb-grid-wrapper-a20baf7c gb-grid-wrapper-mt-grid\"><div class=\"gb-grid-column gb-grid-column-65ddf67e\"><div class=\"gb-container gb-container-65ddf67e\"><ul><li> <a href=\"https:\/\/exceladvisor.org\/tr\/kopruleri-ekle-kaldir\/\">Excel&#8217;de k\u00f6pr\u00fc ekleme ve kald\u0131rma<\/a><\/li><li> <a href=\"https:\/\/exceladvisor.org\/tr\/filigran-ekle\/\">Excel&#8217;e filigran ekleme<\/a><\/li><li> <a href=\"https:\/\/exceladvisor.org\/tr\/gizli-satir-sutunlarini-kaldir\/\">Excel&#8217;deki gizli sat\u0131rlar\u0131 silin<\/a><\/li><li> <a href=\"https:\/\/exceladvisor.org\/tr\/hucrelerin-secimini-kaldir\/\">Excel&#8217;de h\u00fccrelerin se\u00e7imini kald\u0131r\u0131n<\/a><\/li><li> <a href=\"https:\/\/exceladvisor.org\/tr\/sutun-ekle\/\">Excel&#8217;de s\u00fctun ekleme<\/a> <\/li><\/ul><\/div><\/div><div class=\"gb-grid-column gb-grid-column-50067b57\"><div class=\"gb-container gb-container-50067b57\"><\/div><\/div><\/div><\/div>","protected":false},"excerpt":{"rendered":"","protected":false},"author":1,"featured_media":0,"parent":0,"menu_order":0,"comment_status":"open","ping_status":"closed","template":"","meta":{"ub_ctt_via":"","footnotes":""},"class_list":["post-2119","page","type-page","status-publish","hentry"],"featured_image_src":null,"yoast_head":"<!-- This site is optimized with the Yoast SEO plugin v25.4 - https:\/\/yoast.com\/wordpress\/plugins\/seo\/ -->\n<title>\u25b7 Excel&#039;de iki h\u00fccreyi h\u0131zl\u0131 bir \u015fekilde nas\u0131l de\u011fi\u015ftirebilirim?<\/title>\n<meta name=\"description\" content=\"Bu derste iki h\u00fccrenin birbiriyle nas\u0131l de\u011fi\u015ftirilece\u011fini \u00f6\u011frenece\u011fiz. Bu numaray\u0131 \u00f6\u011frenmek i\u00e7in h\u0131zl\u0131, ad\u0131m ad\u0131m bir e\u011fitim.\" \/>\n<meta name=\"robots\" content=\"index, follow, max-snippet:-1, max-image-preview:large, max-video-preview:-1\" \/>\n<link rel=\"canonical\" href=\"https:\/\/exceladvisor.org\/tr\/hucreyi-degistir\/\" \/>\n<meta property=\"og:locale\" content=\"tr_TR\" \/>\n<meta property=\"og:type\" content=\"article\" \/>\n<meta property=\"og:title\" content=\"\u25b7 Excel&#039;de iki h\u00fccreyi h\u0131zl\u0131 bir \u015fekilde nas\u0131l de\u011fi\u015ftirebilirim?\" \/>\n<meta property=\"og:description\" content=\"Bu derste iki h\u00fccrenin birbiriyle nas\u0131l de\u011fi\u015ftirilece\u011fini \u00f6\u011frenece\u011fiz. Bu numaray\u0131 \u00f6\u011frenmek i\u00e7in h\u0131zl\u0131, ad\u0131m ad\u0131m bir e\u011fitim.\" \/>\n<meta property=\"og:url\" content=\"https:\/\/exceladvisor.org\/tr\/hucreyi-degistir\/\" \/>\n<meta property=\"og:site_name\" content=\"Excel Advisor\" \/>\n<meta property=\"article:modified_time\" content=\"2023-12-10T06:01:07+00:00\" \/>\n<meta property=\"og:image\" content=\"https:\/\/exceladvisor.org\/wp-content\/uploads\/2023\/08\/echanger-des-cellules-excel.gif\" \/>\n<meta name=\"twitter:card\" content=\"summary_large_image\" \/>\n<meta name=\"twitter:label1\" content=\"Tahmini okuma s\u00fcresi\" \/>\n\t<meta name=\"twitter:data1\" content=\"1 dakika\" \/>\n<script type=\"application\/ld+json\" class=\"yoast-schema-graph\">{\"@context\":\"https:\/\/schema.org\",\"@graph\":[{\"@type\":\"WebPage\",\"@id\":\"https:\/\/exceladvisor.org\/tr\/hucreyi-degistir\/\",\"url\":\"https:\/\/exceladvisor.org\/tr\/hucreyi-degistir\/\",\"name\":\"\u25b7 Excel&#39;de iki h\u00fccreyi h\u0131zl\u0131 bir \u015fekilde nas\u0131l de\u011fi\u015ftirebilirim?\",\"isPartOf\":{\"@id\":\"https:\/\/exceladvisor.org\/tr\/#website\"},\"primaryImageOfPage\":{\"@id\":\"https:\/\/exceladvisor.org\/tr\/hucreyi-degistir\/#primaryimage\"},\"image\":{\"@id\":\"https:\/\/exceladvisor.org\/tr\/hucreyi-degistir\/#primaryimage\"},\"thumbnailUrl\":\"https:\/\/exceladvisor.org\/wp-content\/uploads\/2023\/08\/echanger-des-cellules-excel.gif\",\"datePublished\":\"2023-10-14T05:07:37+00:00\",\"dateModified\":\"2023-12-10T06:01:07+00:00\",\"description\":\"Bu derste iki h\u00fccrenin birbiriyle nas\u0131l de\u011fi\u015ftirilece\u011fini \u00f6\u011frenece\u011fiz. Bu numaray\u0131 \u00f6\u011frenmek i\u00e7in h\u0131zl\u0131, ad\u0131m ad\u0131m bir e\u011fitim.\",\"breadcrumb\":{\"@id\":\"https:\/\/exceladvisor.org\/tr\/hucreyi-degistir\/#breadcrumb\"},\"inLanguage\":\"tr\",\"potentialAction\":[{\"@type\":\"ReadAction\",\"target\":[\"https:\/\/exceladvisor.org\/tr\/hucreyi-degistir\/\"]}]},{\"@type\":\"ImageObject\",\"inLanguage\":\"tr\",\"@id\":\"https:\/\/exceladvisor.org\/tr\/hucreyi-degistir\/#primaryimage\",\"url\":\"https:\/\/exceladvisor.org\/wp-content\/uploads\/2023\/08\/echanger-des-cellules-excel.gif\",\"contentUrl\":\"https:\/\/exceladvisor.org\/wp-content\/uploads\/2023\/08\/echanger-des-cellules-excel.gif\"},{\"@type\":\"BreadcrumbList\",\"@id\":\"https:\/\/exceladvisor.org\/tr\/hucreyi-degistir\/#breadcrumb\",\"itemListElement\":[{\"@type\":\"ListItem\",\"position\":1,\"name\":\"Ev\",\"item\":\"https:\/\/exceladvisor.org\/tr\/\"},{\"@type\":\"ListItem\",\"position\":2,\"name\":\"Excel&#39;de iki h\u00fccre nas\u0131l de\u011fi\u015ftirilir?\"}]},{\"@type\":\"WebSite\",\"@id\":\"https:\/\/exceladvisor.org\/tr\/#website\",\"url\":\"https:\/\/exceladvisor.org\/tr\/\",\"name\":\"Excel Advisor\",\"description\":\"Veri hakimiyetine y\u00f6nelik nihai rehberiniz!\",\"publisher\":{\"@id\":\"https:\/\/exceladvisor.org\/tr\/#organization\"},\"potentialAction\":[{\"@type\":\"SearchAction\",\"target\":{\"@type\":\"EntryPoint\",\"urlTemplate\":\"https:\/\/exceladvisor.org\/tr\/?s={search_term_string}\"},\"query-input\":{\"@type\":\"PropertyValueSpecification\",\"valueRequired\":true,\"valueName\":\"search_term_string\"}}],\"inLanguage\":\"tr\"},{\"@type\":\"Organization\",\"@id\":\"https:\/\/exceladvisor.org\/tr\/#organization\",\"name\":\"Excel Advisor\",\"url\":\"https:\/\/exceladvisor.org\/tr\/\",\"logo\":{\"@type\":\"ImageObject\",\"inLanguage\":\"tr\",\"@id\":\"https:\/\/exceladvisor.org\/tr\/#\/schema\/logo\/image\/\",\"url\":\"https:\/\/exceladvisor.org\/tr\/wp-content\/uploads\/2023\/12\/exceladvisor.org_.png\",\"contentUrl\":\"https:\/\/exceladvisor.org\/tr\/wp-content\/uploads\/2023\/12\/exceladvisor.org_.png\",\"width\":105,\"height\":36,\"caption\":\"Excel Advisor\"},\"image\":{\"@id\":\"https:\/\/exceladvisor.org\/tr\/#\/schema\/logo\/image\/\"}}]}<\/script>\n<!-- \/ Yoast SEO plugin. -->","yoast_head_json":{"title":"\u25b7 Excel&#39;de iki h\u00fccreyi h\u0131zl\u0131 bir \u015fekilde nas\u0131l de\u011fi\u015ftirebilirim?","description":"Bu derste iki h\u00fccrenin birbiriyle nas\u0131l de\u011fi\u015ftirilece\u011fini \u00f6\u011frenece\u011fiz. Bu numaray\u0131 \u00f6\u011frenmek i\u00e7in h\u0131zl\u0131, ad\u0131m ad\u0131m bir e\u011fitim.","robots":{"index":"index","follow":"follow","max-snippet":"max-snippet:-1","max-image-preview":"max-image-preview:large","max-video-preview":"max-video-preview:-1"},"canonical":"https:\/\/exceladvisor.org\/tr\/hucreyi-degistir\/","og_locale":"tr_TR","og_type":"article","og_title":"\u25b7 Excel&#39;de iki h\u00fccreyi h\u0131zl\u0131 bir \u015fekilde nas\u0131l de\u011fi\u015ftirebilirim?","og_description":"Bu derste iki h\u00fccrenin birbiriyle nas\u0131l de\u011fi\u015ftirilece\u011fini \u00f6\u011frenece\u011fiz. Bu numaray\u0131 \u00f6\u011frenmek i\u00e7in h\u0131zl\u0131, ad\u0131m ad\u0131m bir e\u011fitim.","og_url":"https:\/\/exceladvisor.org\/tr\/hucreyi-degistir\/","og_site_name":"Excel Advisor","article_modified_time":"2023-12-10T06:01:07+00:00","og_image":[{"url":"https:\/\/exceladvisor.org\/wp-content\/uploads\/2023\/08\/echanger-des-cellules-excel.gif","type":"","width":"","height":""}],"twitter_card":"summary_large_image","twitter_misc":{"Tahmini okuma s\u00fcresi":"1 dakika"},"schema":{"@context":"https:\/\/schema.org","@graph":[{"@type":"WebPage","@id":"https:\/\/exceladvisor.org\/tr\/hucreyi-degistir\/","url":"https:\/\/exceladvisor.org\/tr\/hucreyi-degistir\/","name":"\u25b7 Excel&#39;de iki h\u00fccreyi h\u0131zl\u0131 bir \u015fekilde nas\u0131l de\u011fi\u015ftirebilirim?","isPartOf":{"@id":"https:\/\/exceladvisor.org\/tr\/#website"},"primaryImageOfPage":{"@id":"https:\/\/exceladvisor.org\/tr\/hucreyi-degistir\/#primaryimage"},"image":{"@id":"https:\/\/exceladvisor.org\/tr\/hucreyi-degistir\/#primaryimage"},"thumbnailUrl":"https:\/\/exceladvisor.org\/wp-content\/uploads\/2023\/08\/echanger-des-cellules-excel.gif","datePublished":"2023-10-14T05:07:37+00:00","dateModified":"2023-12-10T06:01:07+00:00","description":"Bu derste iki h\u00fccrenin birbiriyle nas\u0131l de\u011fi\u015ftirilece\u011fini \u00f6\u011frenece\u011fiz. Bu numaray\u0131 \u00f6\u011frenmek i\u00e7in h\u0131zl\u0131, ad\u0131m ad\u0131m bir e\u011fitim.","breadcrumb":{"@id":"https:\/\/exceladvisor.org\/tr\/hucreyi-degistir\/#breadcrumb"},"inLanguage":"tr","potentialAction":[{"@type":"ReadAction","target":["https:\/\/exceladvisor.org\/tr\/hucreyi-degistir\/"]}]},{"@type":"ImageObject","inLanguage":"tr","@id":"https:\/\/exceladvisor.org\/tr\/hucreyi-degistir\/#primaryimage","url":"https:\/\/exceladvisor.org\/wp-content\/uploads\/2023\/08\/echanger-des-cellules-excel.gif","contentUrl":"https:\/\/exceladvisor.org\/wp-content\/uploads\/2023\/08\/echanger-des-cellules-excel.gif"},{"@type":"BreadcrumbList","@id":"https:\/\/exceladvisor.org\/tr\/hucreyi-degistir\/#breadcrumb","itemListElement":[{"@type":"ListItem","position":1,"name":"Ev","item":"https:\/\/exceladvisor.org\/tr\/"},{"@type":"ListItem","position":2,"name":"Excel&#39;de iki h\u00fccre nas\u0131l de\u011fi\u015ftirilir?"}]},{"@type":"WebSite","@id":"https:\/\/exceladvisor.org\/tr\/#website","url":"https:\/\/exceladvisor.org\/tr\/","name":"Excel Advisor","description":"Veri hakimiyetine y\u00f6nelik nihai rehberiniz!","publisher":{"@id":"https:\/\/exceladvisor.org\/tr\/#organization"},"potentialAction":[{"@type":"SearchAction","target":{"@type":"EntryPoint","urlTemplate":"https:\/\/exceladvisor.org\/tr\/?s={search_term_string}"},"query-input":{"@type":"PropertyValueSpecification","valueRequired":true,"valueName":"search_term_string"}}],"inLanguage":"tr"},{"@type":"Organization","@id":"https:\/\/exceladvisor.org\/tr\/#organization","name":"Excel Advisor","url":"https:\/\/exceladvisor.org\/tr\/","logo":{"@type":"ImageObject","inLanguage":"tr","@id":"https:\/\/exceladvisor.org\/tr\/#\/schema\/logo\/image\/","url":"https:\/\/exceladvisor.org\/tr\/wp-content\/uploads\/2023\/12\/exceladvisor.org_.png","contentUrl":"https:\/\/exceladvisor.org\/tr\/wp-content\/uploads\/2023\/12\/exceladvisor.org_.png","width":105,"height":36,"caption":"Excel Advisor"},"image":{"@id":"https:\/\/exceladvisor.org\/tr\/#\/schema\/logo\/image\/"}}]}},"yoast_meta":{"yoast_wpseo_title":"","yoast_wpseo_metadesc":"","yoast_wpseo_canonical":""},"_links":{"self":[{"href":"https:\/\/exceladvisor.org\/tr\/wp-json\/wp\/v2\/pages\/2119","targetHints":{"allow":["GET"]}}],"collection":[{"href":"https:\/\/exceladvisor.org\/tr\/wp-json\/wp\/v2\/pages"}],"about":[{"href":"https:\/\/exceladvisor.org\/tr\/wp-json\/wp\/v2\/types\/page"}],"author":[{"embeddable":true,"href":"https:\/\/exceladvisor.org\/tr\/wp-json\/wp\/v2\/users\/1"}],"replies":[{"embeddable":true,"href":"https:\/\/exceladvisor.org\/tr\/wp-json\/wp\/v2\/comments?post=2119"}],"version-history":[{"count":1,"href":"https:\/\/exceladvisor.org\/tr\/wp-json\/wp\/v2\/pages\/2119\/revisions"}],"predecessor-version":[{"id":2475,"href":"https:\/\/exceladvisor.org\/tr\/wp-json\/wp\/v2\/pages\/2119\/revisions\/2475"}],"wp:attachment":[{"href":"https:\/\/exceladvisor.org\/tr\/wp-json\/wp\/v2\/media?parent=2119"}],"curies":[{"name":"wp","href":"https:\/\/api.w.org\/{rel}","templated":true}]}}