{"id":2120,"date":"2023-10-13T20:57:26","date_gmt":"2023-10-13T20:57:26","guid":{"rendered":"https:\/\/exceladvisor.org\/tr\/excel-dosyasini-kaydet-mac\/"},"modified":"2023-12-10T06:04:30","modified_gmt":"2023-12-10T06:04:30","slug":"excel-dosyasini-kaydet-mac","status":"publish","type":"page","link":"https:\/\/exceladvisor.org\/tr\/excel-dosyasini-kaydet-mac\/","title":{"rendered":"Mac&#39;te excel \u00e7al\u0131\u015fma kitab\u0131 olarak nas\u0131l kaydedilir?"},"content":{"rendered":"<div class=\"excel-icerikten-once\" id=\"excel-275852542\"><script type=\"text\/javascript\">\r\n\tatOptions = {\r\n\t\t'key' : 'c1158f160081d6540a8409e6925dab94',\r\n\t\t'format' : 'iframe',\r\n\t\t'height' : 250,\r\n\t\t'width' : 300,\r\n\t\t'params' : {}\r\n\t};\r\n<\/script>\r\n<script type=\"text\/javascript\" src=\"\/\/www.highperformanceformat.com\/c1158f160081d6540a8409e6925dab94\/invoke.js\"><\/script><\/div> <p>Excel&#8217;i Mac&#8217;te kullan\u0131yorsan\u0131z, dosyay\u0131 kaydederken Windows&#8217;takinden farkl\u0131 ad\u0131mlar izlenmelidir. Bu e\u011fitimde bir Excel dosyas\u0131n\u0131 Mac&#8217;e kaydetme ad\u0131mlar\u0131 ele al\u0131nmaktad\u0131r. Ayr\u0131ca mevcut t\u00fcm formatlar\u0131 da g\u00f6rece\u011fiz.<\/p><h2 class=\"wp-block-heading\"> Mac&#8217;te Excel&#8217;de Dosya Kaydetme Ad\u0131mlar\u0131<\/h2><p> A\u015fa\u011f\u0131daki ad\u0131mlar\u0131 izlemeniz gerekir:<\/p><ol><li> \u00d6ncelikle men\u00fc \u00e7ubu\u011fundaki \u201cDosya\u201d men\u00fcs\u00fcne gidin. <br><img loading=\"lazy\" decoding=\"async\" title=\"-mac'teki exce-dosyas\u0131n\u0131-kaydet\" src=\"https:\/\/exceladvisor.org\/wp-content\/uploads\/2023\/08\/1-enregistrer-le-fichier-exce-sur-mac.png\" sizes=\"auto, \" srcset=\"\" alt=\"save-excel-file-on-mac\" width=\"550\" height=\"277\"><\/li><li> Daha sonra oradan \u201cFarkl\u0131 Kaydet\u201d se\u00e7ene\u011fine t\u0131klay\u0131n. <br><img loading=\"lazy\" decoding=\"async\" title=\"-farkl\u0131 kaydet'i t\u0131klay\u0131n\" src=\"https:\/\/exceladvisor.org\/wp-content\/uploads\/2023\/08\/2-cliquez-sur-enregistrer-sous.png\" sizes=\"auto, \" srcset=\"\" alt=\"click-on-save-as\" width=\"658\" height=\"444\"><\/li><li> Daha sonra \u201cFarkl\u0131 Kaydet\u201d ileti\u015fim kutusuna dosyaya vermek istedi\u011finiz ad\u0131 girin. <br><img loading=\"lazy\" decoding=\"async\" title=\"-dosya ad\u0131n\u0131 girin\" src=\"https:\/\/exceladvisor.org\/wp-content\/uploads\/2023\/08\/3-entrez-le-nom-du-fichier.png\" sizes=\"auto, \" srcset=\"\" alt=\"enter-name-of-the-file\" width=\"534\" height=\"247\"><\/li><li> \u015eimdi \u201cNerede\u201d a\u00e7\u0131l\u0131r men\u00fcs\u00fcnden konumu se\u00e7in. <br><img loading=\"lazy\" decoding=\"async\" title=\"-nereden-konum se\u00e7 a\u00e7\u0131l\u0131r men\u00fcs\u00fc\" src=\"https:\/\/exceladvisor.org\/wp-content\/uploads\/2023\/08\/4-selectionnez-lemplacement-dou-la-liste-deroulante.png\" sizes=\"auto, \" srcset=\"\" alt=\"select-location-from-where-drop-down\" width=\"538\" height=\"249\"><\/li><li> \u0130lerlemek i\u00e7in \u201cDosya Format\u0131\u201dnda dosya t\u00fcr\u00fcn\u00fc se\u00e7in. <br><img loading=\"lazy\" decoding=\"async\" title=\"-dosya-bi\u00e7imi-dosya-t\u00fcr\u00fc\" src=\"https:\/\/exceladvisor.org\/wp-content\/uploads\/2023\/08\/5-types-de-fichiers-a-partir-du-format-de-fichier.png\" sizes=\"auto, \" srcset=\"\" alt=\"file-type-from-file-format\" width=\"538\" height=\"249\"><\/li><li> Son olarak dosyay\u0131 kaydetmek i\u00e7in \u201cKaydet\u201d butonuna t\u0131klay\u0131n. <br><img loading=\"lazy\" decoding=\"async\" title=\"-dosyay\u0131-kaydetmek i\u00e7in-kaydet'e t\u0131klay\u0131n\" src=\"https:\/\/exceladvisor.org\/wp-content\/uploads\/2023\/08\/6-cliquez-sur-enregistrer-pour-enregistrer-le-fichier.png\" sizes=\"auto, \" srcset=\"\" alt=\"click-save-to-save-the-file\" width=\"537\" height=\"248\"><\/li><\/ol><h2 class=\"wp-block-heading\"> Farkl\u0131 formatlarda kaydetme<\/h2><p> Bir dosyay\u0131 kaydetti\u011finizde Excel, PDF, CSV vb. gibi \u00e7e\u015fitli formatlar aras\u0131ndan se\u00e7im yapman\u0131za olanak tan\u0131r. \u201cDosya Format\u0131\u201d a\u00e7\u0131l\u0131r men\u00fcs\u00fcne t\u0131klayarak mevcut formatlardan herhangi birini kullanabilirsiniz. <\/p><div class=\"wp-block-image\"><figure class=\"aligncenter size-full is-resized\"><img loading=\"lazy\" decoding=\"async\" class=\"wp-image-82523\" src=\"https:\/\/exceladvisor.org\/wp-content\/uploads\/2023\/08\/7-enregistrer-le-fichier-dans-differents-formats.png\" sizes=\"auto, \" srcset=\"\" alt=\"dosyay\u0131-farkl\u0131-formatlarda-kaydet\" width=\"567\" height=\"266\"><\/figure><\/div><h2 class=\"wp-block-heading\"> yer de\u011fi\u015ftir<\/h2><p> Dosyay\u0131 kaydederken dosya konumunu de\u011fi\u015ftirmek isterseniz &#8220;Nerede&#8221; a\u00e7\u0131l\u0131r men\u00fcs\u00fcn\u00fcn yan\u0131ndaki k\u00fc\u00e7\u00fck a\u00e7\u0131l\u0131r men\u00fcye t\u0131klayabilirsiniz. <\/p><div class=\"wp-block-image\"><figure class=\"aligncenter size-full is-resized\"><img loading=\"lazy\" decoding=\"async\" class=\"wp-image-82524\" src=\"https:\/\/exceladvisor.org\/wp-content\/uploads\/2023\/08\/8-changer-lemplacement.png\" sizes=\"auto, \" srcset=\"\" alt=\"yer de\u011fi\u015ftirmek\" width=\"599\" height=\"277\"><\/figure><\/div><p> \u00dczerine t\u0131klad\u0131\u011f\u0131n\u0131zda ileti\u015fim kutusu geni\u015fler ve dosyay\u0131 kaydedece\u011finiz klas\u00f6r\u00fc veya yolu bulabilirsiniz. <\/p><div class=\"wp-block-image\"><figure class=\"aligncenter size-full is-resized\"><img loading=\"lazy\" decoding=\"async\" class=\"wp-image-82525\" src=\"https:\/\/exceladvisor.org\/wp-content\/uploads\/2023\/08\/9-localiser-le-chemin-pour-enregistrer-le-fichier.png\" sizes=\"auto, \" srcset=\"\" alt=\"yedekleme dosyas\u0131n\u0131n yolunu bulun\" width=\"556\" height=\"394\"><\/figure><\/div><div class=\"gb-container gb-container-4db6181c gb-container-mt\"> <a class=\"gb-button gb-button-c5897111 gb-button-text gb-button-mt-button\" href=\"https:\/\/exceladvisor.org\/tr\/excelin-temelleri\/\">Microsoft Excel Temelleri (Bile\u015fenler, Par\u00e7alar ve Bilgi Notlar\u0131)<\/a><h2 class=\"gb-headline gb-headline-665e5f6b gb-headline-text gb-headline-mt-heading\"> \u0130lgili e\u011fitimler <\/h2><div class=\"gb-grid-wrapper gb-grid-wrapper-a20baf7c gb-grid-wrapper-mt-grid\"><div class=\"gb-grid-column gb-grid-column-65ddf67e\"><div class=\"gb-container gb-container-65ddf67e\"><ul><li> <a href=\"https:\/\/exceladvisor.org\/tr\/bozuk-excel-dosyasini-onar\/\">Bozuk Excel Dosyas\u0131n\u0131 Onar<\/a><\/li><li> <a href=\"https:\/\/exceladvisor.org\/tr\/kaydedilmemis-dosyalari-kurtar\/\">Excel \u00e7\u00f6kt\u00fc\u011f\u00fcnde kaydedilmemi\u015f Excel dosyalar\u0131n\u0131 kurtar\u0131n<\/a><\/li><li> Excel dosyas\u0131n\u0131 (\u00e7al\u0131\u015fma kitab\u0131n\u0131) CSV format\u0131nda (XLSX TO CSV) kaydedin<\/li><li> <a href=\"https:\/\/exceladvisor.org\/tr\/calisma-kitabini-gosteri-gizle\/\">Excel&#8217;de \u00e7al\u0131\u015fma kitab\u0131n\u0131 gizleme ve g\u00f6sterme<\/a> <\/li><\/ul><\/div><\/div><div class=\"gb-grid-column gb-grid-column-50067b57\"><div class=\"gb-container gb-container-50067b57\"><\/div><\/div><\/div><\/div>","protected":false},"excerpt":{"rendered":"","protected":false},"author":1,"featured_media":0,"parent":0,"menu_order":0,"comment_status":"open","ping_status":"closed","template":"","meta":{"ub_ctt_via":"","footnotes":""},"class_list":["post-2120","page","type-page","status-publish","hentry"],"featured_image_src":null,"yoast_head":"<!-- This site is optimized with the Yoast SEO plugin v25.4 - https:\/\/yoast.com\/wordpress\/plugins\/seo\/ -->\n<title>Mac&#039;te Excel \u00e7al\u0131\u015fma kitab\u0131 olarak nas\u0131l kaydedilir?<\/title>\n<meta name=\"description\" content=\"Bu h\u0131zl\u0131 k\u0131lavuz, bir Excel dosyas\u0131n\u0131 Mac&#039;e nas\u0131l kaydedece\u011finizi \u00f6\u011frenmenize yard\u0131mc\u0131 olacakt\u0131r. Bunu takip edilmesi kolay ad\u0131mlarla tart\u0131\u015faca\u011f\u0131z.\" \/>\n<meta name=\"robots\" content=\"index, follow, max-snippet:-1, max-image-preview:large, max-video-preview:-1\" \/>\n<link rel=\"canonical\" href=\"https:\/\/exceladvisor.org\/tr\/excel-dosyasini-kaydet-mac\/\" \/>\n<meta property=\"og:locale\" content=\"tr_TR\" \/>\n<meta property=\"og:type\" content=\"article\" \/>\n<meta property=\"og:title\" content=\"Mac&#039;te Excel \u00e7al\u0131\u015fma kitab\u0131 olarak nas\u0131l kaydedilir?\" \/>\n<meta property=\"og:description\" content=\"Bu h\u0131zl\u0131 k\u0131lavuz, bir Excel dosyas\u0131n\u0131 Mac&#039;e nas\u0131l kaydedece\u011finizi \u00f6\u011frenmenize yard\u0131mc\u0131 olacakt\u0131r. Bunu takip edilmesi kolay ad\u0131mlarla tart\u0131\u015faca\u011f\u0131z.\" \/>\n<meta property=\"og:url\" content=\"https:\/\/exceladvisor.org\/tr\/excel-dosyasini-kaydet-mac\/\" \/>\n<meta property=\"og:site_name\" content=\"Excel Advisor\" \/>\n<meta property=\"article:modified_time\" content=\"2023-12-10T06:04:30+00:00\" \/>\n<meta property=\"og:image\" content=\"https:\/\/exceladvisor.org\/wp-content\/uploads\/2023\/08\/1-enregistrer-le-fichier-exce-sur-mac.png\" \/>\n<meta name=\"twitter:card\" content=\"summary_large_image\" \/>\n<meta name=\"twitter:label1\" content=\"Tahmini okuma s\u00fcresi\" \/>\n\t<meta name=\"twitter:data1\" content=\"1 dakika\" \/>\n<script type=\"application\/ld+json\" class=\"yoast-schema-graph\">{\"@context\":\"https:\/\/schema.org\",\"@graph\":[{\"@type\":\"WebPage\",\"@id\":\"https:\/\/exceladvisor.org\/tr\/excel-dosyasini-kaydet-mac\/\",\"url\":\"https:\/\/exceladvisor.org\/tr\/excel-dosyasini-kaydet-mac\/\",\"name\":\"Mac&#39;te Excel \u00e7al\u0131\u015fma kitab\u0131 olarak nas\u0131l kaydedilir?\",\"isPartOf\":{\"@id\":\"https:\/\/exceladvisor.org\/tr\/#website\"},\"primaryImageOfPage\":{\"@id\":\"https:\/\/exceladvisor.org\/tr\/excel-dosyasini-kaydet-mac\/#primaryimage\"},\"image\":{\"@id\":\"https:\/\/exceladvisor.org\/tr\/excel-dosyasini-kaydet-mac\/#primaryimage\"},\"thumbnailUrl\":\"https:\/\/exceladvisor.org\/wp-content\/uploads\/2023\/08\/1-enregistrer-le-fichier-exce-sur-mac.png\",\"datePublished\":\"2023-10-13T20:57:26+00:00\",\"dateModified\":\"2023-12-10T06:04:30+00:00\",\"description\":\"Bu h\u0131zl\u0131 k\u0131lavuz, bir Excel dosyas\u0131n\u0131 Mac&#39;e nas\u0131l kaydedece\u011finizi \u00f6\u011frenmenize yard\u0131mc\u0131 olacakt\u0131r. Bunu takip edilmesi kolay ad\u0131mlarla tart\u0131\u015faca\u011f\u0131z.\",\"breadcrumb\":{\"@id\":\"https:\/\/exceladvisor.org\/tr\/excel-dosyasini-kaydet-mac\/#breadcrumb\"},\"inLanguage\":\"tr\",\"potentialAction\":[{\"@type\":\"ReadAction\",\"target\":[\"https:\/\/exceladvisor.org\/tr\/excel-dosyasini-kaydet-mac\/\"]}]},{\"@type\":\"ImageObject\",\"inLanguage\":\"tr\",\"@id\":\"https:\/\/exceladvisor.org\/tr\/excel-dosyasini-kaydet-mac\/#primaryimage\",\"url\":\"https:\/\/exceladvisor.org\/wp-content\/uploads\/2023\/08\/1-enregistrer-le-fichier-exce-sur-mac.png\",\"contentUrl\":\"https:\/\/exceladvisor.org\/wp-content\/uploads\/2023\/08\/1-enregistrer-le-fichier-exce-sur-mac.png\"},{\"@type\":\"BreadcrumbList\",\"@id\":\"https:\/\/exceladvisor.org\/tr\/excel-dosyasini-kaydet-mac\/#breadcrumb\",\"itemListElement\":[{\"@type\":\"ListItem\",\"position\":1,\"name\":\"Ev\",\"item\":\"https:\/\/exceladvisor.org\/tr\/\"},{\"@type\":\"ListItem\",\"position\":2,\"name\":\"Mac&#39;te excel \u00e7al\u0131\u015fma kitab\u0131 olarak nas\u0131l kaydedilir?\"}]},{\"@type\":\"WebSite\",\"@id\":\"https:\/\/exceladvisor.org\/tr\/#website\",\"url\":\"https:\/\/exceladvisor.org\/tr\/\",\"name\":\"Excel Advisor\",\"description\":\"Veri hakimiyetine y\u00f6nelik nihai rehberiniz!\",\"publisher\":{\"@id\":\"https:\/\/exceladvisor.org\/tr\/#organization\"},\"potentialAction\":[{\"@type\":\"SearchAction\",\"target\":{\"@type\":\"EntryPoint\",\"urlTemplate\":\"https:\/\/exceladvisor.org\/tr\/?s={search_term_string}\"},\"query-input\":{\"@type\":\"PropertyValueSpecification\",\"valueRequired\":true,\"valueName\":\"search_term_string\"}}],\"inLanguage\":\"tr\"},{\"@type\":\"Organization\",\"@id\":\"https:\/\/exceladvisor.org\/tr\/#organization\",\"name\":\"Excel Advisor\",\"url\":\"https:\/\/exceladvisor.org\/tr\/\",\"logo\":{\"@type\":\"ImageObject\",\"inLanguage\":\"tr\",\"@id\":\"https:\/\/exceladvisor.org\/tr\/#\/schema\/logo\/image\/\",\"url\":\"https:\/\/exceladvisor.org\/tr\/wp-content\/uploads\/2023\/12\/exceladvisor.org_.png\",\"contentUrl\":\"https:\/\/exceladvisor.org\/tr\/wp-content\/uploads\/2023\/12\/exceladvisor.org_.png\",\"width\":105,\"height\":36,\"caption\":\"Excel Advisor\"},\"image\":{\"@id\":\"https:\/\/exceladvisor.org\/tr\/#\/schema\/logo\/image\/\"}}]}<\/script>\n<!-- \/ Yoast SEO plugin. -->","yoast_head_json":{"title":"Mac&#39;te Excel \u00e7al\u0131\u015fma kitab\u0131 olarak nas\u0131l kaydedilir?","description":"Bu h\u0131zl\u0131 k\u0131lavuz, bir Excel dosyas\u0131n\u0131 Mac&#39;e nas\u0131l kaydedece\u011finizi \u00f6\u011frenmenize yard\u0131mc\u0131 olacakt\u0131r. Bunu takip edilmesi kolay ad\u0131mlarla tart\u0131\u015faca\u011f\u0131z.","robots":{"index":"index","follow":"follow","max-snippet":"max-snippet:-1","max-image-preview":"max-image-preview:large","max-video-preview":"max-video-preview:-1"},"canonical":"https:\/\/exceladvisor.org\/tr\/excel-dosyasini-kaydet-mac\/","og_locale":"tr_TR","og_type":"article","og_title":"Mac&#39;te Excel \u00e7al\u0131\u015fma kitab\u0131 olarak nas\u0131l kaydedilir?","og_description":"Bu h\u0131zl\u0131 k\u0131lavuz, bir Excel dosyas\u0131n\u0131 Mac&#39;e nas\u0131l kaydedece\u011finizi \u00f6\u011frenmenize yard\u0131mc\u0131 olacakt\u0131r. Bunu takip edilmesi kolay ad\u0131mlarla tart\u0131\u015faca\u011f\u0131z.","og_url":"https:\/\/exceladvisor.org\/tr\/excel-dosyasini-kaydet-mac\/","og_site_name":"Excel Advisor","article_modified_time":"2023-12-10T06:04:30+00:00","og_image":[{"url":"https:\/\/exceladvisor.org\/wp-content\/uploads\/2023\/08\/1-enregistrer-le-fichier-exce-sur-mac.png","type":"","width":"","height":""}],"twitter_card":"summary_large_image","twitter_misc":{"Tahmini okuma s\u00fcresi":"1 dakika"},"schema":{"@context":"https:\/\/schema.org","@graph":[{"@type":"WebPage","@id":"https:\/\/exceladvisor.org\/tr\/excel-dosyasini-kaydet-mac\/","url":"https:\/\/exceladvisor.org\/tr\/excel-dosyasini-kaydet-mac\/","name":"Mac&#39;te Excel \u00e7al\u0131\u015fma kitab\u0131 olarak nas\u0131l kaydedilir?","isPartOf":{"@id":"https:\/\/exceladvisor.org\/tr\/#website"},"primaryImageOfPage":{"@id":"https:\/\/exceladvisor.org\/tr\/excel-dosyasini-kaydet-mac\/#primaryimage"},"image":{"@id":"https:\/\/exceladvisor.org\/tr\/excel-dosyasini-kaydet-mac\/#primaryimage"},"thumbnailUrl":"https:\/\/exceladvisor.org\/wp-content\/uploads\/2023\/08\/1-enregistrer-le-fichier-exce-sur-mac.png","datePublished":"2023-10-13T20:57:26+00:00","dateModified":"2023-12-10T06:04:30+00:00","description":"Bu h\u0131zl\u0131 k\u0131lavuz, bir Excel dosyas\u0131n\u0131 Mac&#39;e nas\u0131l kaydedece\u011finizi \u00f6\u011frenmenize yard\u0131mc\u0131 olacakt\u0131r. Bunu takip edilmesi kolay ad\u0131mlarla tart\u0131\u015faca\u011f\u0131z.","breadcrumb":{"@id":"https:\/\/exceladvisor.org\/tr\/excel-dosyasini-kaydet-mac\/#breadcrumb"},"inLanguage":"tr","potentialAction":[{"@type":"ReadAction","target":["https:\/\/exceladvisor.org\/tr\/excel-dosyasini-kaydet-mac\/"]}]},{"@type":"ImageObject","inLanguage":"tr","@id":"https:\/\/exceladvisor.org\/tr\/excel-dosyasini-kaydet-mac\/#primaryimage","url":"https:\/\/exceladvisor.org\/wp-content\/uploads\/2023\/08\/1-enregistrer-le-fichier-exce-sur-mac.png","contentUrl":"https:\/\/exceladvisor.org\/wp-content\/uploads\/2023\/08\/1-enregistrer-le-fichier-exce-sur-mac.png"},{"@type":"BreadcrumbList","@id":"https:\/\/exceladvisor.org\/tr\/excel-dosyasini-kaydet-mac\/#breadcrumb","itemListElement":[{"@type":"ListItem","position":1,"name":"Ev","item":"https:\/\/exceladvisor.org\/tr\/"},{"@type":"ListItem","position":2,"name":"Mac&#39;te excel \u00e7al\u0131\u015fma kitab\u0131 olarak nas\u0131l kaydedilir?"}]},{"@type":"WebSite","@id":"https:\/\/exceladvisor.org\/tr\/#website","url":"https:\/\/exceladvisor.org\/tr\/","name":"Excel Advisor","description":"Veri hakimiyetine y\u00f6nelik nihai rehberiniz!","publisher":{"@id":"https:\/\/exceladvisor.org\/tr\/#organization"},"potentialAction":[{"@type":"SearchAction","target":{"@type":"EntryPoint","urlTemplate":"https:\/\/exceladvisor.org\/tr\/?s={search_term_string}"},"query-input":{"@type":"PropertyValueSpecification","valueRequired":true,"valueName":"search_term_string"}}],"inLanguage":"tr"},{"@type":"Organization","@id":"https:\/\/exceladvisor.org\/tr\/#organization","name":"Excel Advisor","url":"https:\/\/exceladvisor.org\/tr\/","logo":{"@type":"ImageObject","inLanguage":"tr","@id":"https:\/\/exceladvisor.org\/tr\/#\/schema\/logo\/image\/","url":"https:\/\/exceladvisor.org\/tr\/wp-content\/uploads\/2023\/12\/exceladvisor.org_.png","contentUrl":"https:\/\/exceladvisor.org\/tr\/wp-content\/uploads\/2023\/12\/exceladvisor.org_.png","width":105,"height":36,"caption":"Excel Advisor"},"image":{"@id":"https:\/\/exceladvisor.org\/tr\/#\/schema\/logo\/image\/"}}]}},"yoast_meta":{"yoast_wpseo_title":"","yoast_wpseo_metadesc":"","yoast_wpseo_canonical":""},"_links":{"self":[{"href":"https:\/\/exceladvisor.org\/tr\/wp-json\/wp\/v2\/pages\/2120","targetHints":{"allow":["GET"]}}],"collection":[{"href":"https:\/\/exceladvisor.org\/tr\/wp-json\/wp\/v2\/pages"}],"about":[{"href":"https:\/\/exceladvisor.org\/tr\/wp-json\/wp\/v2\/types\/page"}],"author":[{"embeddable":true,"href":"https:\/\/exceladvisor.org\/tr\/wp-json\/wp\/v2\/users\/1"}],"replies":[{"embeddable":true,"href":"https:\/\/exceladvisor.org\/tr\/wp-json\/wp\/v2\/comments?post=2120"}],"version-history":[{"count":1,"href":"https:\/\/exceladvisor.org\/tr\/wp-json\/wp\/v2\/pages\/2120\/revisions"}],"predecessor-version":[{"id":2733,"href":"https:\/\/exceladvisor.org\/tr\/wp-json\/wp\/v2\/pages\/2120\/revisions\/2733"}],"wp:attachment":[{"href":"https:\/\/exceladvisor.org\/tr\/wp-json\/wp\/v2\/media?parent=2120"}],"curies":[{"name":"wp","href":"https:\/\/api.w.org\/{rel}","templated":true}]}}