{"id":2123,"date":"2023-09-30T10:16:48","date_gmt":"2023-09-30T10:16:48","guid":{"rendered":"https:\/\/exceladvisor.org\/tr\/birden-fazla-calisma-sayfasindan-pivotlama\/"},"modified":"2023-12-10T06:03:53","modified_gmt":"2023-12-10T06:03:53","slug":"birden-fazla-calisma-sayfasindan-pivotlama","status":"publish","type":"page","link":"https:\/\/exceladvisor.org\/tr\/birden-fazla-calisma-sayfasindan-pivotlama\/","title":{"rendered":"Farkl\u0131 sayfalardan pivot tablo olu\u015fturma"},"content":{"rendered":"<div class=\"excel-icerikten-once\" id=\"excel-3980139859\"><script type=\"text\/javascript\">\r\n\tatOptions = {\r\n\t\t'key' : 'c1158f160081d6540a8409e6925dab94',\r\n\t\t'format' : 'iframe',\r\n\t\t'height' : 250,\r\n\t\t'width' : 300,\r\n\t\t'params' : {}\r\n\t};\r\n<\/script>\r\n<script type=\"text\/javascript\" src=\"\/\/www.highperformanceformat.com\/c1158f160081d6540a8409e6925dab94\/invoke.js\"><\/script><\/div> <p>Pivot tabloyla verilerinizi saniyeler i\u00e7inde \u00f6zetlersiniz. Kolayca raporlar olu\u015fturabilir, verileri analiz edebilir ve ba\u015fkalar\u0131yla payla\u015fabilirsiniz.<\/p><p> Pivot tablolar\u0131n g\u00fczelli\u011fi budur.<\/p><p> Ama burada bir de\u011fi\u015fiklik var:<\/p><p> Normalde bir pivot tablo olu\u015fturdu\u011funuzda, \u00e7al\u0131\u015fma sayfas\u0131ndaki tek bir tablodan kaynak verileri se\u00e7ebilirsiniz \u00e7\u00fcnk\u00fc Excel farkl\u0131 \u00e7al\u0131\u015fma sayfalar\u0131na ba\u015fvurman\u0131za izin vermez.<\/p><p> Ancak bazen bir pivot tablo olu\u015fturmak i\u00e7in birden fazla \u00e7al\u0131\u015fma sayfas\u0131ndaki kaynak verileri kullanmam\u0131z gerekebilir.<\/p><p> Bu y\u00fczden bug\u00fcn sizinle bir pivot tabloda birden fazla \u00e7al\u0131\u015fma sayfas\u0131n\u0131 kullanman\u0131n basit ad\u0131mlar\u0131n\u0131 payla\u015fmak istiyorum.<\/p><h2> Sorun!<\/h2><p> Diyelim ki \u015firketinizin sat\u0131\u015f verilerini analiz etmek istiyorsunuz ve son 4 y\u0131l\u0131n y\u0131ll\u0131k verilerini \u00e7\u0131kard\u0131n\u0131z.<\/p><p> Excel&#8217;deki veri d\u00f6k\u00fcm\u00fcn\u00fc bu \u015fekilde al\u0131rs\u0131n\u0131z. <\/p><p><img loading=\"lazy\" decoding=\"async\" title=\"pivot tablo olu\u015fturmak i\u00e7in d\u00f6rt \u00e7oklu \u00e7al\u0131\u015fma sayfas\u0131\" src=\"https:\/\/exceladvisor.org\/wp-content\/uploads\/2023\/08\/quatre-feuilles-de-calcul-multiples-pour-creer-un-tableau-croise-dynamique.png\" sizes=\"auto, \" srcset=\"\" alt=\"four multiple worksheets to create a pivot table\" width=\"480\" height=\"226\" data-id=\"16044\" data-width=\"480\" data-height=\"226\" data-init-width=\"564\" data-init-height=\"266\"><\/p><p> L\u00fctfen 4 sayfadaki verilerin farkl\u0131 oldu\u011funu ancak yap\u0131n\u0131n tamamen ayn\u0131 oldu\u011funu, yani ayn\u0131 say\u0131da s\u00fctun ve ba\u015fl\u0131k oldu\u011funu unutmay\u0131n.<\/p><p> \u015eimdi bu verileri analiz etmek i\u00e7in bu birden fazla sayfadan tek bir pivot tablo raporu olu\u015fturman\u0131z gerekiyor.<\/p><p> Yayg\u0131n y\u00f6ntemlerden baz\u0131lar\u0131 \u015funlard\u0131r:<\/p><ol><li> Her sayfadaki verileri manuel olarak kopyalay\u0131p yap\u0131\u015ft\u0131r\u0131n ve yeni bir sayfada tek bir veri k\u00fcmesi olu\u015fturun.<\/li><li> Birden \u00e7ok sayfadaki verileri otomatik olarak birle\u015ftirmek i\u00e7in VBA kodunu kullan\u0131n.<\/li><li> Veya Excel&#8217;in birle\u015ftirme se\u00e7ene\u011fini kullanarak birden fazla \u00e7al\u0131\u015fma sayfas\u0131n\u0131 tek bir \u00e7al\u0131\u015fma sayfas\u0131nda birle\u015ftirebilirsiniz.<\/li><\/ol><p> Ancak ger\u00e7ek \u015fu ki, bu y\u00f6ntemler kodlama, kopyala-yap\u0131\u015ft\u0131r gerektiriyor veya tekrarlan\u0131yor.<\/p><h2> \u00c7\u00f6z\u00fcm<\/h2><p> Burada Microsoft sorgusunu kullanan dinamik, sa\u011flam ve basit yeni bir y\u00f6ntemi tart\u0131\u015faca\u011f\u0131m.<\/p><p> \u0130nan\u0131n bana, onu seveceksiniz!<\/p><p> Microsoft Query&#8217;yi kullanarak birden \u00e7ok \u00e7al\u0131\u015fma sayfas\u0131ndan bir pivot tablo olu\u015fturabilirsiniz.<\/p><p> Devam etmek i\u00e7in bu veri dosyas\u0131n\u0131 indirin.<\/p><h2> Birden \u00c7ok \u00c7al\u0131\u015fma Sayfas\u0131ndan PivotTable Olu\u015fturma Ad\u0131mlar\u0131<\/h2><p> Burada izleyebilece\u011finiz basit ad\u0131mlar\u0131m\u0131z var ve bundan \u00f6nce l\u00fctfen takip etmek i\u00e7in bu dosyay\u0131 buradan indirin.<\/p><ul><li> \u00d6ncelikle her sayfadaki t\u00fcm verileri se\u00e7in ve adland\u0131r\u0131n.<ul><li> 2005 y\u0131l\u0131 verileri \u2013 2005 Y\u0131l\u0131 olarak adland\u0131r\u0131lm\u0131\u015ft\u0131r<\/li><li> 2006 verileri \u2013 2006 Y\u0131l\u0131<\/li><li> 2007 verileri \u2013 Y\u0131l 2007<\/li><li> 2007 verileri \u2013 Y\u0131l 2007<\/li><\/ul><\/li><\/ul><ul><li> Bundan sonra veri tablolar\u0131n\u0131 d\u00f6rt \u00e7al\u0131\u015fma sayfas\u0131ndaki t\u00fcm verilere uygulay\u0131n.<ul><li> Veri aral\u0131\u011f\u0131ndaki herhangi bir h\u00fccreyi se\u00e7in.<\/li><li> Her sayfadaki verileri bir tabloya d\u00f6n\u00fc\u015ft\u00fcrmek i\u00e7in Ctrl + T tu\u015flar\u0131n\u0131 kullan\u0131n.<\/li><li> Her seferinde &#8220;Tablomda ba\u015fl\u0131klar var&#8221; se\u00e7ene\u011finin i\u015faretlendi\u011finden emin olun.<\/li><li> Bu i\u015flemi 4 y\u0131l (yapraklar) boyunca tekrarlay\u0131n.<\/li><\/ul><\/li><\/ul><ul><li> Bu verileri yeni bir sayfada birle\u015ftirerek ba\u015flayal\u0131m (yeni bir sayfa ekleme k\u0131sayolu: Shift + F11).<\/li><li> Veri sekmesinde &#8216;Di\u011fer kaynaklardan&#8217;\u0131 t\u0131klay\u0131n -&gt; &#8216;Microsoft Query&#8217;den&#8217;i se\u00e7in.<\/li><\/ul><ul><li> Veri kayna\u011f\u0131 se\u00e7 kutusunda:<ul><li> Excel Dosyalar\u0131&#8217;n\u0131 t\u0131klay\u0131n ve ard\u0131ndan Tamam&#8217;a bas\u0131n.<\/li><li> Excel dosyan\u0131z\u0131n yolunu se\u00e7in ve ard\u0131ndan dosyan\u0131z\u0131 se\u00e7in, Tamam&#8217;a t\u0131klay\u0131n.<\/li><li> Adland\u0131r\u0131lm\u0131\u015f aral\u0131klar &#8216;Sorgu Sihirbaz\u0131 \u2013 S\u00fctunlar\u0131 Se\u00e7&#8217; kutusunda g\u00f6r\u00fcnecektir.<\/li><\/ul><\/li><\/ul><ul><li> Sorgu sihirbaz\u0131nda:<ul><li> Her adland\u0131r\u0131lm\u0131\u015f aral\u0131\u011f\u0131 (ok d\u00fc\u011fmesini kullanarak) &#8220;Sorgu kutunuzdaki s\u00fctunlar&#8221;a s\u00fcr\u00fckleyin.<\/li><li> \u0130leri&#8217;ye t\u0131klay\u0131n &#8211; Hatay\u0131 unutun.<\/li><li> Ve Tamam&#8217;\u0131 t\u0131klay\u0131n<\/li><\/ul><\/li><\/ul><ul><li> Art\u0131k sorgu d\u00fczenleyicimizde t\u00fcm verilere sahibiz, geriye kalan tek \u015fey t\u00fcm adland\u0131r\u0131lm\u0131\u015f aral\u0131klardaki verileri birle\u015ftirmek. Bunu yapmak i\u00e7in k\u00fc\u00e7\u00fck SQL d\u00fc\u011fmesine t\u0131klay\u0131n.<\/li><\/ul><ul><li> SQL kutusunda t\u00fcm metni silin ve yeni bir sorgu yaz\u0131n ve Tamam&#8217;a t\u0131klay\u0131n.<\/li><\/ul><p> <span style=\"font-family: Courier New, Courier, monospace;\">* 2005 y\u0131l\u0131ndan itibarenBirlik allSelect * 2006 y\u0131l\u0131ndan itibarenUnion allSelect * 2007 y\u0131l\u0131ndan itibarenUnion allSelect * 2008 y\u0131l\u0131ndan itibaren<\/span><\/p><ul><li> Art\u0131k ekranda g\u00f6r\u00fcnen tablo 4 sayfan\u0131n tamam\u0131ndaki verileri i\u00e7ermektedir.<\/li><li><u><\/u> Tek yapmam\u0131z gereken Dosya sekmesine gidip bu tabloyu Excel&#8217;e aktarmak.<\/li><li> Sonunda verileri pivot tablo olarak Excel&#8217;e geri aktar\u0131n.<ul><li> Dosya men\u00fcs\u00fcnde -&gt; Verileri Microsoft Excel&#8217;e D\u00f6nd\u00fcr&#8217;e t\u0131klay\u0131n.<\/li><li> Toplamda (4 sayfa boyunca) 592 kayd\u0131m\u0131z\u0131n oldu\u011funu g\u00f6rebilirsiniz.<\/li><li> Ayr\u0131ca, 4 sayfadan herhangi birine daha fazla veri eklerseniz pivot tablo, siz onu yeniledi\u011finiz anda g\u00fcncellenecektir.<\/li><\/ul><\/li><\/ul>","protected":false},"excerpt":{"rendered":"","protected":false},"author":1,"featured_media":0,"parent":0,"menu_order":0,"comment_status":"open","ping_status":"closed","template":"","meta":{"ub_ctt_via":"","footnotes":""},"class_list":["post-2123","page","type-page","status-publish","hentry"],"featured_image_src":null,"yoast_head":"<!-- This site is optimized with the Yoast SEO plugin v25.4 - https:\/\/yoast.com\/wordpress\/plugins\/seo\/ -->\n<title>Farkl\u0131 sayfalardan pivot tablo olu\u015fturma<\/title>\n<meta name=\"description\" content=\"Birden \u00e7ok \u00e7al\u0131\u015fma sayfas\u0131ndan tek bir pivot tablonun nas\u0131l olu\u015fturulaca\u011f\u0131n\u0131 \u00f6\u011frenin\" \/>\n<meta name=\"robots\" content=\"index, follow, max-snippet:-1, max-image-preview:large, max-video-preview:-1\" \/>\n<link rel=\"canonical\" href=\"https:\/\/exceladvisor.org\/tr\/birden-fazla-calisma-sayfasindan-pivotlama\/\" \/>\n<meta property=\"og:locale\" content=\"tr_TR\" \/>\n<meta property=\"og:type\" content=\"article\" \/>\n<meta property=\"og:title\" content=\"Farkl\u0131 sayfalardan pivot tablo olu\u015fturma\" \/>\n<meta property=\"og:description\" content=\"Birden \u00e7ok \u00e7al\u0131\u015fma sayfas\u0131ndan tek bir pivot tablonun nas\u0131l olu\u015fturulaca\u011f\u0131n\u0131 \u00f6\u011frenin\" \/>\n<meta property=\"og:url\" content=\"https:\/\/exceladvisor.org\/tr\/birden-fazla-calisma-sayfasindan-pivotlama\/\" \/>\n<meta property=\"og:site_name\" content=\"Excel Advisor\" \/>\n<meta property=\"article:modified_time\" content=\"2023-12-10T06:03:53+00:00\" \/>\n<meta property=\"og:image\" content=\"https:\/\/exceladvisor.org\/wp-content\/uploads\/2023\/08\/quatre-feuilles-de-calcul-multiples-pour-creer-un-tableau-croise-dynamique.png\" \/>\n<meta name=\"twitter:card\" content=\"summary_large_image\" \/>\n<meta name=\"twitter:label1\" content=\"Tahmini okuma s\u00fcresi\" \/>\n\t<meta name=\"twitter:data1\" content=\"4 dakika\" \/>\n<script type=\"application\/ld+json\" class=\"yoast-schema-graph\">{\"@context\":\"https:\/\/schema.org\",\"@graph\":[{\"@type\":\"WebPage\",\"@id\":\"https:\/\/exceladvisor.org\/tr\/birden-fazla-calisma-sayfasindan-pivotlama\/\",\"url\":\"https:\/\/exceladvisor.org\/tr\/birden-fazla-calisma-sayfasindan-pivotlama\/\",\"name\":\"Farkl\u0131 sayfalardan pivot tablo olu\u015fturma\",\"isPartOf\":{\"@id\":\"https:\/\/exceladvisor.org\/tr\/#website\"},\"primaryImageOfPage\":{\"@id\":\"https:\/\/exceladvisor.org\/tr\/birden-fazla-calisma-sayfasindan-pivotlama\/#primaryimage\"},\"image\":{\"@id\":\"https:\/\/exceladvisor.org\/tr\/birden-fazla-calisma-sayfasindan-pivotlama\/#primaryimage\"},\"thumbnailUrl\":\"https:\/\/exceladvisor.org\/wp-content\/uploads\/2023\/08\/quatre-feuilles-de-calcul-multiples-pour-creer-un-tableau-croise-dynamique.png\",\"datePublished\":\"2023-09-30T10:16:48+00:00\",\"dateModified\":\"2023-12-10T06:03:53+00:00\",\"description\":\"Birden \u00e7ok \u00e7al\u0131\u015fma sayfas\u0131ndan tek bir pivot tablonun nas\u0131l olu\u015fturulaca\u011f\u0131n\u0131 \u00f6\u011frenin\",\"breadcrumb\":{\"@id\":\"https:\/\/exceladvisor.org\/tr\/birden-fazla-calisma-sayfasindan-pivotlama\/#breadcrumb\"},\"inLanguage\":\"tr\",\"potentialAction\":[{\"@type\":\"ReadAction\",\"target\":[\"https:\/\/exceladvisor.org\/tr\/birden-fazla-calisma-sayfasindan-pivotlama\/\"]}]},{\"@type\":\"ImageObject\",\"inLanguage\":\"tr\",\"@id\":\"https:\/\/exceladvisor.org\/tr\/birden-fazla-calisma-sayfasindan-pivotlama\/#primaryimage\",\"url\":\"https:\/\/exceladvisor.org\/wp-content\/uploads\/2023\/08\/quatre-feuilles-de-calcul-multiples-pour-creer-un-tableau-croise-dynamique.png\",\"contentUrl\":\"https:\/\/exceladvisor.org\/wp-content\/uploads\/2023\/08\/quatre-feuilles-de-calcul-multiples-pour-creer-un-tableau-croise-dynamique.png\"},{\"@type\":\"BreadcrumbList\",\"@id\":\"https:\/\/exceladvisor.org\/tr\/birden-fazla-calisma-sayfasindan-pivotlama\/#breadcrumb\",\"itemListElement\":[{\"@type\":\"ListItem\",\"position\":1,\"name\":\"Ev\",\"item\":\"https:\/\/exceladvisor.org\/tr\/\"},{\"@type\":\"ListItem\",\"position\":2,\"name\":\"Farkl\u0131 sayfalardan pivot tablo olu\u015fturma\"}]},{\"@type\":\"WebSite\",\"@id\":\"https:\/\/exceladvisor.org\/tr\/#website\",\"url\":\"https:\/\/exceladvisor.org\/tr\/\",\"name\":\"Excel Advisor\",\"description\":\"Veri hakimiyetine y\u00f6nelik nihai rehberiniz!\",\"publisher\":{\"@id\":\"https:\/\/exceladvisor.org\/tr\/#organization\"},\"potentialAction\":[{\"@type\":\"SearchAction\",\"target\":{\"@type\":\"EntryPoint\",\"urlTemplate\":\"https:\/\/exceladvisor.org\/tr\/?s={search_term_string}\"},\"query-input\":{\"@type\":\"PropertyValueSpecification\",\"valueRequired\":true,\"valueName\":\"search_term_string\"}}],\"inLanguage\":\"tr\"},{\"@type\":\"Organization\",\"@id\":\"https:\/\/exceladvisor.org\/tr\/#organization\",\"name\":\"Excel Advisor\",\"url\":\"https:\/\/exceladvisor.org\/tr\/\",\"logo\":{\"@type\":\"ImageObject\",\"inLanguage\":\"tr\",\"@id\":\"https:\/\/exceladvisor.org\/tr\/#\/schema\/logo\/image\/\",\"url\":\"https:\/\/exceladvisor.org\/tr\/wp-content\/uploads\/2023\/12\/exceladvisor.org_.png\",\"contentUrl\":\"https:\/\/exceladvisor.org\/tr\/wp-content\/uploads\/2023\/12\/exceladvisor.org_.png\",\"width\":105,\"height\":36,\"caption\":\"Excel Advisor\"},\"image\":{\"@id\":\"https:\/\/exceladvisor.org\/tr\/#\/schema\/logo\/image\/\"}}]}<\/script>\n<!-- \/ Yoast SEO plugin. -->","yoast_head_json":{"title":"Farkl\u0131 sayfalardan pivot tablo olu\u015fturma","description":"Birden \u00e7ok \u00e7al\u0131\u015fma sayfas\u0131ndan tek bir pivot tablonun nas\u0131l olu\u015fturulaca\u011f\u0131n\u0131 \u00f6\u011frenin","robots":{"index":"index","follow":"follow","max-snippet":"max-snippet:-1","max-image-preview":"max-image-preview:large","max-video-preview":"max-video-preview:-1"},"canonical":"https:\/\/exceladvisor.org\/tr\/birden-fazla-calisma-sayfasindan-pivotlama\/","og_locale":"tr_TR","og_type":"article","og_title":"Farkl\u0131 sayfalardan pivot tablo olu\u015fturma","og_description":"Birden \u00e7ok \u00e7al\u0131\u015fma sayfas\u0131ndan tek bir pivot tablonun nas\u0131l olu\u015fturulaca\u011f\u0131n\u0131 \u00f6\u011frenin","og_url":"https:\/\/exceladvisor.org\/tr\/birden-fazla-calisma-sayfasindan-pivotlama\/","og_site_name":"Excel Advisor","article_modified_time":"2023-12-10T06:03:53+00:00","og_image":[{"url":"https:\/\/exceladvisor.org\/wp-content\/uploads\/2023\/08\/quatre-feuilles-de-calcul-multiples-pour-creer-un-tableau-croise-dynamique.png","type":"","width":"","height":""}],"twitter_card":"summary_large_image","twitter_misc":{"Tahmini okuma s\u00fcresi":"4 dakika"},"schema":{"@context":"https:\/\/schema.org","@graph":[{"@type":"WebPage","@id":"https:\/\/exceladvisor.org\/tr\/birden-fazla-calisma-sayfasindan-pivotlama\/","url":"https:\/\/exceladvisor.org\/tr\/birden-fazla-calisma-sayfasindan-pivotlama\/","name":"Farkl\u0131 sayfalardan pivot tablo olu\u015fturma","isPartOf":{"@id":"https:\/\/exceladvisor.org\/tr\/#website"},"primaryImageOfPage":{"@id":"https:\/\/exceladvisor.org\/tr\/birden-fazla-calisma-sayfasindan-pivotlama\/#primaryimage"},"image":{"@id":"https:\/\/exceladvisor.org\/tr\/birden-fazla-calisma-sayfasindan-pivotlama\/#primaryimage"},"thumbnailUrl":"https:\/\/exceladvisor.org\/wp-content\/uploads\/2023\/08\/quatre-feuilles-de-calcul-multiples-pour-creer-un-tableau-croise-dynamique.png","datePublished":"2023-09-30T10:16:48+00:00","dateModified":"2023-12-10T06:03:53+00:00","description":"Birden \u00e7ok \u00e7al\u0131\u015fma sayfas\u0131ndan tek bir pivot tablonun nas\u0131l olu\u015fturulaca\u011f\u0131n\u0131 \u00f6\u011frenin","breadcrumb":{"@id":"https:\/\/exceladvisor.org\/tr\/birden-fazla-calisma-sayfasindan-pivotlama\/#breadcrumb"},"inLanguage":"tr","potentialAction":[{"@type":"ReadAction","target":["https:\/\/exceladvisor.org\/tr\/birden-fazla-calisma-sayfasindan-pivotlama\/"]}]},{"@type":"ImageObject","inLanguage":"tr","@id":"https:\/\/exceladvisor.org\/tr\/birden-fazla-calisma-sayfasindan-pivotlama\/#primaryimage","url":"https:\/\/exceladvisor.org\/wp-content\/uploads\/2023\/08\/quatre-feuilles-de-calcul-multiples-pour-creer-un-tableau-croise-dynamique.png","contentUrl":"https:\/\/exceladvisor.org\/wp-content\/uploads\/2023\/08\/quatre-feuilles-de-calcul-multiples-pour-creer-un-tableau-croise-dynamique.png"},{"@type":"BreadcrumbList","@id":"https:\/\/exceladvisor.org\/tr\/birden-fazla-calisma-sayfasindan-pivotlama\/#breadcrumb","itemListElement":[{"@type":"ListItem","position":1,"name":"Ev","item":"https:\/\/exceladvisor.org\/tr\/"},{"@type":"ListItem","position":2,"name":"Farkl\u0131 sayfalardan pivot tablo olu\u015fturma"}]},{"@type":"WebSite","@id":"https:\/\/exceladvisor.org\/tr\/#website","url":"https:\/\/exceladvisor.org\/tr\/","name":"Excel Advisor","description":"Veri hakimiyetine y\u00f6nelik nihai rehberiniz!","publisher":{"@id":"https:\/\/exceladvisor.org\/tr\/#organization"},"potentialAction":[{"@type":"SearchAction","target":{"@type":"EntryPoint","urlTemplate":"https:\/\/exceladvisor.org\/tr\/?s={search_term_string}"},"query-input":{"@type":"PropertyValueSpecification","valueRequired":true,"valueName":"search_term_string"}}],"inLanguage":"tr"},{"@type":"Organization","@id":"https:\/\/exceladvisor.org\/tr\/#organization","name":"Excel Advisor","url":"https:\/\/exceladvisor.org\/tr\/","logo":{"@type":"ImageObject","inLanguage":"tr","@id":"https:\/\/exceladvisor.org\/tr\/#\/schema\/logo\/image\/","url":"https:\/\/exceladvisor.org\/tr\/wp-content\/uploads\/2023\/12\/exceladvisor.org_.png","contentUrl":"https:\/\/exceladvisor.org\/tr\/wp-content\/uploads\/2023\/12\/exceladvisor.org_.png","width":105,"height":36,"caption":"Excel Advisor"},"image":{"@id":"https:\/\/exceladvisor.org\/tr\/#\/schema\/logo\/image\/"}}]}},"yoast_meta":{"yoast_wpseo_title":"","yoast_wpseo_metadesc":"","yoast_wpseo_canonical":""},"_links":{"self":[{"href":"https:\/\/exceladvisor.org\/tr\/wp-json\/wp\/v2\/pages\/2123","targetHints":{"allow":["GET"]}}],"collection":[{"href":"https:\/\/exceladvisor.org\/tr\/wp-json\/wp\/v2\/pages"}],"about":[{"href":"https:\/\/exceladvisor.org\/tr\/wp-json\/wp\/v2\/types\/page"}],"author":[{"embeddable":true,"href":"https:\/\/exceladvisor.org\/tr\/wp-json\/wp\/v2\/users\/1"}],"replies":[{"embeddable":true,"href":"https:\/\/exceladvisor.org\/tr\/wp-json\/wp\/v2\/comments?post=2123"}],"version-history":[{"count":1,"href":"https:\/\/exceladvisor.org\/tr\/wp-json\/wp\/v2\/pages\/2123\/revisions"}],"predecessor-version":[{"id":2680,"href":"https:\/\/exceladvisor.org\/tr\/wp-json\/wp\/v2\/pages\/2123\/revisions\/2680"}],"wp:attachment":[{"href":"https:\/\/exceladvisor.org\/tr\/wp-json\/wp\/v2\/media?parent=2123"}],"curies":[{"name":"wp","href":"https:\/\/api.w.org\/{rel}","templated":true}]}}