{"id":2126,"date":"2023-09-30T05:19:39","date_gmt":"2023-09-30T05:19:39","guid":{"rendered":"https:\/\/exceladvisor.org\/tr\/hata-400\/"},"modified":"2023-12-10T06:05:42","modified_gmt":"2023-12-10T06:05:42","slug":"hata-400","status":"publish","type":"page","link":"https:\/\/exceladvisor.org\/tr\/hata-400\/","title":{"rendered":"Vba hatas\u0131 400 nas\u0131l d\u00fczeltilir?"},"content":{"rendered":"<div class=\"excel-icerikten-once\" id=\"excel-3506545924\"><script type=\"text\/javascript\">\r\n\tatOptions = {\r\n\t\t'key' : 'c1158f160081d6540a8409e6925dab94',\r\n\t\t'format' : 'iframe',\r\n\t\t'height' : 250,\r\n\t\t'width' : 300,\r\n\t\t'params' : {}\r\n\t};\r\n<\/script>\r\n<script type=\"text\/javascript\" src=\"\/\/www.highperformanceformat.com\/c1158f160081d6540a8409e6925dab94\/invoke.js\"><\/script><\/div> <p>VBA&#8217;da hata 400, \u00e7ok yayg\u0131n olmayan bir \u00e7al\u0131\u015fma zaman\u0131 hatas\u0131d\u0131r, ancak bu hatayla kar\u015f\u0131la\u015fabilece\u011finiz birka\u00e7 durum vard\u0131r. Bu hata, Microsoft Excel makro \u00e7al\u0131\u015ft\u0131r\u0131rken \u00e7\u00f6kt\u00fc\u011f\u00fcnde veya ba\u015far\u0131s\u0131z oldu\u011funda ortaya \u00e7\u0131kar. Farkl\u0131 nedenler de Excel&#8217;in \u00e7\u00f6kmesine veya ba\u015far\u0131s\u0131z olmas\u0131na neden olabilir:<\/p><ul><li> Microsoft Excel kurulumunda eksiklik.<\/li><li> Excel bir dosyadan okuma veya yazma yapamad\u0131 ya da var olmayan veya ta\u015f\u0131nm\u0131\u015f bir nesneye eri\u015fmeye \u00e7al\u0131\u015fmad\u0131.<\/li><li> \u00c7al\u0131\u015ft\u0131rmaya \u00e7al\u0131\u015ft\u0131\u011f\u0131n\u0131z makro bozuk.<\/li><li> Veya bu sistemde vir\u00fcs veya k\u00f6t\u00fc ama\u00e7l\u0131 yaz\u0131l\u0131m bulunma olas\u0131l\u0131\u011f\u0131 olabilir.<\/li><\/ul><h2 class=\"wp-block-heading\"> VBA Hatas\u0131 400 Nas\u0131l Onar\u0131l\u0131r<\/h2><p> Hata 400&#8217;e neden olan herhangi bir bildirim i\u00e7ermedi\u011finden d\u00fczeltmek biraz zordur. ancak bunu d\u00fczeltmek i\u00e7in birka\u00e7 yol kullanabilirsiniz.<\/p><ul><li> Kodun hatalar\u0131n\u0131 ay\u0131klayabilir ve her kod sat\u0131r\u0131n\u0131 1&#8217;e 1 \u00e7al\u0131\u015ft\u0131rabilirsiniz.<\/li><li> Makronun tamam\u0131n\u0131 yeni bir mod\u00fcle ta\u015f\u0131yabilirsiniz.<\/li><li> Y\u00fcr\u00fct\u00fclecek koda tam eri\u015fim sa\u011flayan g\u00fcvenilir VBA projesini de etkinle\u015ftirebilirsiniz.<\/li><\/ul><p> Dedi\u011fim gibi, bu hataya neden olabilecek bir vir\u00fcs veya k\u00f6t\u00fc ama\u00e7l\u0131 yaz\u0131l\u0131m\u0131n bulunma olas\u0131l\u0131\u011f\u0131 olabilir. B\u00f6ylece sisteminizi ve makroya eri\u015fmeye \u00e7al\u0131\u015ft\u0131\u011f\u0131n\u0131z t\u00fcm dosyalar\u0131 taramak i\u00e7in bir antivir\u00fcs de kullanabilirsiniz.<\/p><div class=\"gb-container gb-container-4db6181c gb-container-mt\"> <a class=\"gb-button gb-button-c5897111 gb-button-text gb-button-mt-button\" href=\"https:\/\/exceladvisor.org\/tr\/vba\/\">VBA nedir<\/a><h2 class=\"gb-headline gb-headline-665e5f6b gb-headline-text gb-headline-mt-heading\"> \u0130lgili e\u011fitimler <\/h2><div class=\"gb-grid-wrapper gb-grid-wrapper-a20baf7c gb-grid-wrapper-mt-grid\"><div class=\"gb-grid-column gb-grid-column-65ddf67e\"><\/div><div class=\"gb-grid-column gb-grid-column-50067b57\"><div class=\"gb-container gb-container-50067b57\"><ul><li> <a href=\"https:\/\/exceladvisor.org\/tr\/yetersiz-bellek-hatasi-7\/\">VBA Bellek Yetersiz Hatas\u0131 (Hata 7)<\/a><\/li><li> <a href=\"https:\/\/exceladvisor.org\/tr\/tasma-hatasi-6\/\">VBA ta\u015fma hatas\u0131 (Hata 6)<\/a><\/li><li> <a href=\"https:\/\/exceladvisor.org\/tr\/yurutme-hatasi-1004\/\">VBA \u00c7al\u0131\u015fma Zaman\u0131 Hatas\u0131 (Hata 1004)<\/a><\/li><li> <a href=\"https:\/\/exceladvisor.org\/tr\/dizin-hatasi-9-araliginin-disinda\/\">VBA Dizini Y\u00fcr\u00fctme Hatas\u0131 Aral\u0131k D\u0131\u015f\u0131nda (Hata 9)<\/a><\/li><li> <a href=\"https:\/\/exceladvisor.org\/tr\/uyumsuzluk-hatasi-turu-13\/\">VBA t\u00fcr\u00fc uyumsuzluk hatas\u0131 (Hata 13)<\/a><\/li><\/ul><\/div><\/div><\/div><\/div>","protected":false},"excerpt":{"rendered":"","protected":false},"author":1,"featured_media":0,"parent":0,"menu_order":0,"comment_status":"open","ping_status":"closed","template":"","meta":{"ub_ctt_via":"","footnotes":""},"class_list":["post-2126","page","type-page","status-publish","hentry"],"featured_image_src":null,"yoast_head":"<!-- This site is optimized with the Yoast SEO plugin v25.4 - https:\/\/yoast.com\/wordpress\/plugins\/seo\/ -->\n<title>\u25b7VBA hatas\u0131 400 nas\u0131l d\u00fczeltilir? (E\u011fitim 2023)<\/title>\n<meta name=\"description\" content=\"Bu e\u011fitimde VBA hatas\u0131 400&#039;\u00fcn neden olu\u015ftu\u011funu ve VBA kodu yazarken bununla nas\u0131l ba\u015fa \u00e7\u0131kaca\u011f\u0131n\u0131z\u0131 \u00f6\u011freneceksiniz.\" \/>\n<meta name=\"robots\" content=\"index, follow, max-snippet:-1, max-image-preview:large, max-video-preview:-1\" \/>\n<link rel=\"canonical\" href=\"https:\/\/exceladvisor.org\/tr\/hata-400\/\" \/>\n<meta property=\"og:locale\" content=\"tr_TR\" \/>\n<meta property=\"og:type\" content=\"article\" \/>\n<meta property=\"og:title\" content=\"\u25b7VBA hatas\u0131 400 nas\u0131l d\u00fczeltilir? (E\u011fitim 2023)\" \/>\n<meta property=\"og:description\" content=\"Bu e\u011fitimde VBA hatas\u0131 400&#039;\u00fcn neden olu\u015ftu\u011funu ve VBA kodu yazarken bununla nas\u0131l ba\u015fa \u00e7\u0131kaca\u011f\u0131n\u0131z\u0131 \u00f6\u011freneceksiniz.\" \/>\n<meta property=\"og:url\" content=\"https:\/\/exceladvisor.org\/tr\/hata-400\/\" \/>\n<meta property=\"og:site_name\" content=\"Excel Advisor\" \/>\n<meta property=\"article:modified_time\" content=\"2023-12-10T06:05:42+00:00\" \/>\n<meta name=\"twitter:card\" content=\"summary_large_image\" \/>\n<meta name=\"twitter:label1\" content=\"Tahmini okuma s\u00fcresi\" \/>\n\t<meta name=\"twitter:data1\" content=\"1 dakika\" \/>\n<script type=\"application\/ld+json\" class=\"yoast-schema-graph\">{\"@context\":\"https:\/\/schema.org\",\"@graph\":[{\"@type\":\"WebPage\",\"@id\":\"https:\/\/exceladvisor.org\/tr\/hata-400\/\",\"url\":\"https:\/\/exceladvisor.org\/tr\/hata-400\/\",\"name\":\"\u25b7VBA hatas\u0131 400 nas\u0131l d\u00fczeltilir? (E\u011fitim 2023)\",\"isPartOf\":{\"@id\":\"https:\/\/exceladvisor.org\/tr\/#website\"},\"datePublished\":\"2023-09-30T05:19:39+00:00\",\"dateModified\":\"2023-12-10T06:05:42+00:00\",\"description\":\"Bu e\u011fitimde VBA hatas\u0131 400&#39;\u00fcn neden olu\u015ftu\u011funu ve VBA kodu yazarken bununla nas\u0131l ba\u015fa \u00e7\u0131kaca\u011f\u0131n\u0131z\u0131 \u00f6\u011freneceksiniz.\",\"breadcrumb\":{\"@id\":\"https:\/\/exceladvisor.org\/tr\/hata-400\/#breadcrumb\"},\"inLanguage\":\"tr\",\"potentialAction\":[{\"@type\":\"ReadAction\",\"target\":[\"https:\/\/exceladvisor.org\/tr\/hata-400\/\"]}]},{\"@type\":\"BreadcrumbList\",\"@id\":\"https:\/\/exceladvisor.org\/tr\/hata-400\/#breadcrumb\",\"itemListElement\":[{\"@type\":\"ListItem\",\"position\":1,\"name\":\"Ev\",\"item\":\"https:\/\/exceladvisor.org\/tr\/\"},{\"@type\":\"ListItem\",\"position\":2,\"name\":\"Vba hatas\u0131 400 nas\u0131l d\u00fczeltilir?\"}]},{\"@type\":\"WebSite\",\"@id\":\"https:\/\/exceladvisor.org\/tr\/#website\",\"url\":\"https:\/\/exceladvisor.org\/tr\/\",\"name\":\"Excel Advisor\",\"description\":\"Veri hakimiyetine y\u00f6nelik nihai rehberiniz!\",\"publisher\":{\"@id\":\"https:\/\/exceladvisor.org\/tr\/#organization\"},\"potentialAction\":[{\"@type\":\"SearchAction\",\"target\":{\"@type\":\"EntryPoint\",\"urlTemplate\":\"https:\/\/exceladvisor.org\/tr\/?s={search_term_string}\"},\"query-input\":{\"@type\":\"PropertyValueSpecification\",\"valueRequired\":true,\"valueName\":\"search_term_string\"}}],\"inLanguage\":\"tr\"},{\"@type\":\"Organization\",\"@id\":\"https:\/\/exceladvisor.org\/tr\/#organization\",\"name\":\"Excel Advisor\",\"url\":\"https:\/\/exceladvisor.org\/tr\/\",\"logo\":{\"@type\":\"ImageObject\",\"inLanguage\":\"tr\",\"@id\":\"https:\/\/exceladvisor.org\/tr\/#\/schema\/logo\/image\/\",\"url\":\"https:\/\/exceladvisor.org\/tr\/wp-content\/uploads\/2023\/12\/exceladvisor.org_.png\",\"contentUrl\":\"https:\/\/exceladvisor.org\/tr\/wp-content\/uploads\/2023\/12\/exceladvisor.org_.png\",\"width\":105,\"height\":36,\"caption\":\"Excel Advisor\"},\"image\":{\"@id\":\"https:\/\/exceladvisor.org\/tr\/#\/schema\/logo\/image\/\"}}]}<\/script>\n<!-- \/ Yoast SEO plugin. -->","yoast_head_json":{"title":"\u25b7VBA hatas\u0131 400 nas\u0131l d\u00fczeltilir? (E\u011fitim 2023)","description":"Bu e\u011fitimde VBA hatas\u0131 400&#39;\u00fcn neden olu\u015ftu\u011funu ve VBA kodu yazarken bununla nas\u0131l ba\u015fa \u00e7\u0131kaca\u011f\u0131n\u0131z\u0131 \u00f6\u011freneceksiniz.","robots":{"index":"index","follow":"follow","max-snippet":"max-snippet:-1","max-image-preview":"max-image-preview:large","max-video-preview":"max-video-preview:-1"},"canonical":"https:\/\/exceladvisor.org\/tr\/hata-400\/","og_locale":"tr_TR","og_type":"article","og_title":"\u25b7VBA hatas\u0131 400 nas\u0131l d\u00fczeltilir? (E\u011fitim 2023)","og_description":"Bu e\u011fitimde VBA hatas\u0131 400&#39;\u00fcn neden olu\u015ftu\u011funu ve VBA kodu yazarken bununla nas\u0131l ba\u015fa \u00e7\u0131kaca\u011f\u0131n\u0131z\u0131 \u00f6\u011freneceksiniz.","og_url":"https:\/\/exceladvisor.org\/tr\/hata-400\/","og_site_name":"Excel Advisor","article_modified_time":"2023-12-10T06:05:42+00:00","twitter_card":"summary_large_image","twitter_misc":{"Tahmini okuma s\u00fcresi":"1 dakika"},"schema":{"@context":"https:\/\/schema.org","@graph":[{"@type":"WebPage","@id":"https:\/\/exceladvisor.org\/tr\/hata-400\/","url":"https:\/\/exceladvisor.org\/tr\/hata-400\/","name":"\u25b7VBA hatas\u0131 400 nas\u0131l d\u00fczeltilir? (E\u011fitim 2023)","isPartOf":{"@id":"https:\/\/exceladvisor.org\/tr\/#website"},"datePublished":"2023-09-30T05:19:39+00:00","dateModified":"2023-12-10T06:05:42+00:00","description":"Bu e\u011fitimde VBA hatas\u0131 400&#39;\u00fcn neden olu\u015ftu\u011funu ve VBA kodu yazarken bununla nas\u0131l ba\u015fa \u00e7\u0131kaca\u011f\u0131n\u0131z\u0131 \u00f6\u011freneceksiniz.","breadcrumb":{"@id":"https:\/\/exceladvisor.org\/tr\/hata-400\/#breadcrumb"},"inLanguage":"tr","potentialAction":[{"@type":"ReadAction","target":["https:\/\/exceladvisor.org\/tr\/hata-400\/"]}]},{"@type":"BreadcrumbList","@id":"https:\/\/exceladvisor.org\/tr\/hata-400\/#breadcrumb","itemListElement":[{"@type":"ListItem","position":1,"name":"Ev","item":"https:\/\/exceladvisor.org\/tr\/"},{"@type":"ListItem","position":2,"name":"Vba hatas\u0131 400 nas\u0131l d\u00fczeltilir?"}]},{"@type":"WebSite","@id":"https:\/\/exceladvisor.org\/tr\/#website","url":"https:\/\/exceladvisor.org\/tr\/","name":"Excel Advisor","description":"Veri hakimiyetine y\u00f6nelik nihai rehberiniz!","publisher":{"@id":"https:\/\/exceladvisor.org\/tr\/#organization"},"potentialAction":[{"@type":"SearchAction","target":{"@type":"EntryPoint","urlTemplate":"https:\/\/exceladvisor.org\/tr\/?s={search_term_string}"},"query-input":{"@type":"PropertyValueSpecification","valueRequired":true,"valueName":"search_term_string"}}],"inLanguage":"tr"},{"@type":"Organization","@id":"https:\/\/exceladvisor.org\/tr\/#organization","name":"Excel Advisor","url":"https:\/\/exceladvisor.org\/tr\/","logo":{"@type":"ImageObject","inLanguage":"tr","@id":"https:\/\/exceladvisor.org\/tr\/#\/schema\/logo\/image\/","url":"https:\/\/exceladvisor.org\/tr\/wp-content\/uploads\/2023\/12\/exceladvisor.org_.png","contentUrl":"https:\/\/exceladvisor.org\/tr\/wp-content\/uploads\/2023\/12\/exceladvisor.org_.png","width":105,"height":36,"caption":"Excel Advisor"},"image":{"@id":"https:\/\/exceladvisor.org\/tr\/#\/schema\/logo\/image\/"}}]}},"yoast_meta":{"yoast_wpseo_title":"","yoast_wpseo_metadesc":"","yoast_wpseo_canonical":""},"_links":{"self":[{"href":"https:\/\/exceladvisor.org\/tr\/wp-json\/wp\/v2\/pages\/2126","targetHints":{"allow":["GET"]}}],"collection":[{"href":"https:\/\/exceladvisor.org\/tr\/wp-json\/wp\/v2\/pages"}],"about":[{"href":"https:\/\/exceladvisor.org\/tr\/wp-json\/wp\/v2\/types\/page"}],"author":[{"embeddable":true,"href":"https:\/\/exceladvisor.org\/tr\/wp-json\/wp\/v2\/users\/1"}],"replies":[{"embeddable":true,"href":"https:\/\/exceladvisor.org\/tr\/wp-json\/wp\/v2\/comments?post=2126"}],"version-history":[{"count":1,"href":"https:\/\/exceladvisor.org\/tr\/wp-json\/wp\/v2\/pages\/2126\/revisions"}],"predecessor-version":[{"id":2827,"href":"https:\/\/exceladvisor.org\/tr\/wp-json\/wp\/v2\/pages\/2126\/revisions\/2827"}],"wp:attachment":[{"href":"https:\/\/exceladvisor.org\/tr\/wp-json\/wp\/v2\/media?parent=2126"}],"curies":[{"name":"wp","href":"https:\/\/api.w.org\/{rel}","templated":true}]}}