{"id":2127,"date":"2023-09-30T04:50:34","date_gmt":"2023-09-30T04:50:34","guid":{"rendered":"https:\/\/exceladvisor.org\/tr\/eger-veya\/"},"modified":"2023-12-10T06:07:47","modified_gmt":"2023-12-10T06:07:47","slug":"eger-veya","status":"publish","type":"page","link":"https:\/\/exceladvisor.org\/tr\/eger-veya\/","title":{"rendered":"Vba&#39;da if or ile nas\u0131l kullan\u0131l\u0131r?"},"content":{"rendered":"<div class=\"excel-icerikten-once\" id=\"excel-68478594\"><script type=\"text\/javascript\">\r\n\tatOptions = {\r\n\t\t'key' : 'c1158f160081d6540a8409e6925dab94',\r\n\t\t'format' : 'iframe',\r\n\t\t'height' : 250,\r\n\t\t'width' : 300,\r\n\t\t'params' : {}\r\n\t};\r\n<\/script>\r\n<script type=\"text\/javascript\" src=\"\/\/www.highperformanceformat.com\/c1158f160081d6540a8409e6925dab94\/invoke.js\"><\/script><\/div> <p>Birden fazla ko\u015fulu test etmek i\u00e7in <strong>OR<\/strong> operat\u00f6r\u00fcn\u00fc <a href=\"https:\/\/exceladvisor.org\/tr\/eger-2\/\">VBA IF deyimiyle<\/a> birlikte kullanabilirsiniz. Kulland\u0131\u011f\u0131n\u0131zda, iki veya daha fazla ko\u015fulu ayn\u0131 anda test etmenize olanak tan\u0131r ve <strong>bu ko\u015fullardan herhangi birinin do\u011fru olmas\u0131 durumunda true de\u011ferini d\u00f6nd\u00fcr\u00fcr<\/strong> . Ancak t\u00fcm ko\u015fullar yanl\u0131\u015fsa sonu\u00e7ta false de\u011feri d\u00f6nd\u00fcr\u00fcl\u00fcr.<\/p><h2 class=\"wp-block-heading\"> VEYA&#8217;y\u0131 IF ile kullanma<\/h2><ol type=\"1\"><li> \u0130lk olarak IF ifadesini \u201cIF\u201d anahtar kelimesiyle ba\u015flat\u0131n.<\/li><li> Bundan sonra test etmek istedi\u011finiz ilk ko\u015fulu belirtin.<\/li><li> Daha sonra ikinci ko\u015fulu belirtmek i\u00e7in OR anahtar s\u00f6zc\u00fc\u011f\u00fcn\u00fc kullan\u0131n.<\/li><li> Sonunda test etmek istedi\u011finiz ikinci ko\u015fulu belirtin. <\/li><\/ol><div class=\"wp-block-image\"><figure class=\"aligncenter size-large is-resized\"><img loading=\"lazy\" decoding=\"async\" class=\"wp-image-57529\" src=\"https:\/\/exceladvisor.org\/wp-content\/uploads\/2023\/08\/1-vba-si-ou-condition.png\" sizes=\"auto, \" srcset=\"\" alt=\"vba-if-or-ko\u015ful\" width=\"728\" height=\"142\"><\/figure><\/div><p> Daha iyi anlamak i\u00e7in bir \u00f6rne\u011fe bakal\u0131m. <\/p><pre class=\"wp-block-code\"> <code class=\"language-visual-basic\" lang=\"visual-basic\">Sub myMacro() 'two conditions to test using OR If 1 = 1 Or 2 &lt; 1 Then MsgBox \"One of the conditions is true.\" Else MsgBox \"None of the conditions are true.\" End If End Sub<\/code><\/pre><div class=\"wp-block-image\"><figure class=\"aligncenter size-large is-resized\"><img loading=\"lazy\" decoding=\"async\" class=\"wp-image-57530\" src=\"https:\/\/exceladvisor.org\/wp-content\/uploads\/2023\/08\/2-specifie-deux-conditions.png\" sizes=\"auto, \" srcset=\"\" alt=\"\" width=\"581\" height=\"488\"><\/figure><\/div><p> Yukar\u0131daki \u00f6rne\u011fe bakarsan\u0131z, biri if (1 = 1) ve ikincisi ise (2 &lt; 1) olmak \u00fczere iki ko\u015ful belirttik ve burada yaln\u0131zca ilk ko\u015ful do\u011frudur ve bu, bizim kulland\u0131\u011f\u0131m\u0131z kod sat\u0131r\u0131n\u0131 \u00e7al\u0131\u015ft\u0131rsa bile do\u011frudur. sonucun do\u011fru olup olmad\u0131\u011f\u0131 belirtilir. <\/p><div class=\"wp-block-image\"><figure class=\"aligncenter size-large is-resized\"><img loading=\"lazy\" decoding=\"async\" class=\"wp-image-57531\" src=\"https:\/\/exceladvisor.org\/wp-content\/uploads\/2023\/08\/3-la-premiere-condition-est-vraie.png\" sizes=\"auto, \" srcset=\"\" alt=\"\" width=\"242\" height=\"192\"><\/figure><\/div><p> \u015eimdi her iki ko\u015fulun da yanl\u0131\u015f olup olmad\u0131\u011f\u0131na bakal\u0131m, burada farkl\u0131 kod kullanay\u0131m. <\/p><pre class=\"wp-block-code\"> <code class=\"language-visual-basic\" lang=\"visual-basic\">Sub myMacro() 'two conditions to test using OR If 1 = 2 Or 2 &lt; 1 Then MsgBox \"One of the conditions is true.\" Else MsgBox \"None of the conditions are true.\" End If End Sub<\/code><\/pre><div class=\"wp-block-image\"><figure class=\"aligncenter size-large is-resized\"><img loading=\"lazy\" decoding=\"async\" class=\"wp-image-57532\" src=\"https:\/\/exceladvisor.org\/wp-content\/uploads\/2023\/08\/4-les-deux-conditions-sont-fausses.png\" sizes=\"auto, \" srcset=\"\" alt=\"\" width=\"546\" height=\"475\"><\/figure><\/div><p> Yukar\u0131daki kodda her iki ko\u015ful da false olup, <a href=\"https:\/\/exceladvisor.org\/tr\/makro-2yi-calistir\/\">bu kodu \u00e7al\u0131\u015ft\u0131rd\u0131\u011f\u0131n\u0131zda<\/a> sonu\u00e7 false ise belirtti\u011fimiz kod sat\u0131r\u0131n\u0131 \u00e7al\u0131\u015ft\u0131r\u0131r. <\/p><div class=\"wp-block-image\"><figure class=\"aligncenter size-large is-resized\"><img loading=\"lazy\" decoding=\"async\" class=\"wp-image-57533\" src=\"https:\/\/exceladvisor.org\/wp-content\/uploads\/2023\/08\/5-specifie-si-le-resultat-est-faux.png\" sizes=\"auto, \" srcset=\"\" alt=\"\" width=\"233\" height=\"172\"><\/figure><\/div><h2 class=\"wp-block-heading\"> IF OR ile birden \u00e7ok ko\u015ful<\/h2><p> Benzer \u015fekilde ikiden fazla ko\u015fulu ayn\u0131 anda test edebilirsiniz. Yukar\u0131daki \u00f6rne\u011fe devam edelim ve buna \u00fc\u00e7\u00fcnc\u00fc ko\u015fulu ekleyelim. <\/p><pre class=\"wp-block-code\"> <code class=\"language-visual-basic\" lang=\"visual-basic\">Sub myMacro() 'three conditions to test using OR If 1 = 1 And 2 &gt; 1 And 1 - 1 = 0 Then MsgBox \"one of the conditions is true.\" Else MsgBox \"none of the conditions are true.\" End If End Sub<\/code><\/pre><div class=\"wp-block-image\"><figure class=\"aligncenter size-large is-resized\"><img loading=\"lazy\" decoding=\"async\" class=\"wp-image-57534\" src=\"https:\/\/exceladvisor.org\/wp-content\/uploads\/2023\/08\/6-conditions-multiples-avec-if-ou.png\" sizes=\"auto, \" srcset=\"\" alt=\"\" width=\"555\" height=\"472\"><\/figure><\/div><p> Art\u0131k test edecek \u00fc\u00e7 ko\u015fulumuz var ve \u00fc\u00e7\u00fcnc\u00fc ko\u015fulu belirtmek i\u00e7in ikinci ko\u015fuldan sonra VEYA&#8217;y\u0131 kulland\u0131k. Yukar\u0131da \u00f6\u011frendi\u011finiz gibi VEYA kulland\u0131\u011f\u0131n\u0131zda sonu\u00e7ta ko\u015fullardan birinin do\u011fru olmas\u0131 i\u00e7in ko\u015fullar\u0131n do\u011fru olmas\u0131 gerekir. Bu kodu \u00e7al\u0131\u015ft\u0131rd\u0131\u011f\u0131n\u0131zda true olarak belirtti\u011fimiz kod sat\u0131r\u0131n\u0131 \u00e7al\u0131\u015ft\u0131r\u0131r. <\/p><div class=\"wp-block-image\"><figure class=\"aligncenter size-large is-resized\"><img loading=\"lazy\" decoding=\"async\" class=\"wp-image-57535\" src=\"https:\/\/exceladvisor.org\/wp-content\/uploads\/2023\/08\/7-specifie-pour-le-vrai-2.png\" sizes=\"auto, \" srcset=\"\" alt=\"\" width=\"225\" height=\"178\"><\/figure><\/div><p> Ve e\u011fer t\u00fcm ko\u015fullar yanl\u0131\u015fsa, a\u015fa\u011f\u0131daki kodda yapt\u0131\u011f\u0131n\u0131z gibi, false de\u011ferini d\u00f6nd\u00fcr\u00fcr. <\/p><pre class=\"wp-block-code\"> <code class=\"language-visual-basic\" lang=\"visual-basic\">Sub myMacro() 'three conditions to test using OR If 1 &lt; 1 And 2 &lt; 1 And 1 + 1 = 0 Then MsgBox \"one of the conditions is true.\" Else MsgBox \"none of the conditions are true.\" End If End Sub<\/code><\/pre><div class=\"wp-block-image\"><figure class=\"aligncenter size-large is-resized\"><img loading=\"lazy\" decoding=\"async\" class=\"wp-image-57536\" src=\"https:\/\/exceladvisor.org\/wp-content\/uploads\/2023\/08\/8-toutes-les-conditions-sont-fausses.png\" sizes=\"auto, \" srcset=\"\" alt=\"\" width=\"247\" height=\"182\"><\/figure><\/div><div class=\"gb-container gb-container-4db6181c gb-container-mt\"> <a class=\"gb-button gb-button-c5897111 gb-button-text gb-button-mt-button\" href=\"https:\/\/exceladvisor.org\/tr\/vba\/\">VBA nedir<\/a><h2 class=\"gb-headline gb-headline-665e5f6b gb-headline-text gb-headline-mt-heading\"> \u0130lgili e\u011fitimler <\/h2><div class=\"gb-grid-wrapper gb-grid-wrapper-a20baf7c gb-grid-wrapper-mt-grid\"><div class=\"gb-grid-column gb-grid-column-65ddf67e\"><div class=\"gb-container gb-container-65ddf67e\"><ul><li> <a href=\"https:\/\/exceladvisor.org\/tr\/eger-disari-cik\/\">VBA \u00c7\u0131k\u0131\u015f\u0131 IF<\/a><\/li><li> <a href=\"https:\/\/exceladvisor.org\/tr\/eger-2\/\">VBA IF (IF o zaman de\u011filse)<\/a><\/li><li> <a href=\"https:\/\/exceladvisor.org\/tr\/eger-ve\/\">VBA IF ve<\/a><\/li><li> <a href=\"https:\/\/exceladvisor.org\/tr\/aksi-takdirde\/\">DE\u011e\u0130LSE VBA<\/a> ]<\/li><li> <a href=\"https:\/\/exceladvisor.org\/tr\/yuva-eger\/\">VBA i\u00e7 i\u00e7e IF<\/a> <\/li><\/ul><\/div><\/div><div class=\"gb-grid-column gb-grid-column-50067b57\"><div class=\"gb-container gb-container-50067b57\"><\/div><\/div><\/div><\/div>","protected":false},"excerpt":{"rendered":"","protected":false},"author":1,"featured_media":0,"parent":0,"menu_order":0,"comment_status":"open","ping_status":"closed","template":"","meta":{"ub_ctt_via":"","footnotes":""},"class_list":["post-2127","page","type-page","status-publish","hentry"],"featured_image_src":null,"yoast_head":"<!-- This site is optimized with the Yoast SEO plugin v25.4 - https:\/\/yoast.com\/wordpress\/plugins\/seo\/ -->\n<title>VBA Excel&#039;de IF OR ile nas\u0131l kullan\u0131l\u0131r? (E\u011fitim 2023)<\/title>\n<meta name=\"description\" content=\"VBA OR ile ayn\u0131 anda birden fazla ko\u015fulu test edebilirsiniz. Bu ko\u015fullardan herhangi biri do\u011fruysa true de\u011ferini d\u00f6nd\u00fcr\u00fcr.\" \/>\n<meta name=\"robots\" content=\"index, follow, max-snippet:-1, max-image-preview:large, max-video-preview:-1\" \/>\n<link rel=\"canonical\" href=\"https:\/\/exceladvisor.org\/tr\/eger-veya\/\" \/>\n<meta property=\"og:locale\" content=\"tr_TR\" \/>\n<meta property=\"og:type\" content=\"article\" \/>\n<meta property=\"og:title\" content=\"VBA Excel&#039;de IF OR ile nas\u0131l kullan\u0131l\u0131r? (E\u011fitim 2023)\" \/>\n<meta property=\"og:description\" content=\"VBA OR ile ayn\u0131 anda birden fazla ko\u015fulu test edebilirsiniz. Bu ko\u015fullardan herhangi biri do\u011fruysa true de\u011ferini d\u00f6nd\u00fcr\u00fcr.\" \/>\n<meta property=\"og:url\" content=\"https:\/\/exceladvisor.org\/tr\/eger-veya\/\" \/>\n<meta property=\"og:site_name\" content=\"Excel Advisor\" \/>\n<meta property=\"article:modified_time\" content=\"2023-12-10T06:07:47+00:00\" \/>\n<meta property=\"og:image\" content=\"https:\/\/exceladvisor.org\/wp-content\/uploads\/2023\/08\/1-vba-si-ou-condition.png\" \/>\n<meta name=\"twitter:card\" content=\"summary_large_image\" \/>\n<meta name=\"twitter:label1\" content=\"Tahmini okuma s\u00fcresi\" \/>\n\t<meta name=\"twitter:data1\" content=\"2 dakika\" \/>\n<script type=\"application\/ld+json\" class=\"yoast-schema-graph\">{\"@context\":\"https:\/\/schema.org\",\"@graph\":[{\"@type\":\"WebPage\",\"@id\":\"https:\/\/exceladvisor.org\/tr\/eger-veya\/\",\"url\":\"https:\/\/exceladvisor.org\/tr\/eger-veya\/\",\"name\":\"VBA Excel&#39;de IF OR ile nas\u0131l kullan\u0131l\u0131r? (E\u011fitim 2023)\",\"isPartOf\":{\"@id\":\"https:\/\/exceladvisor.org\/tr\/#website\"},\"primaryImageOfPage\":{\"@id\":\"https:\/\/exceladvisor.org\/tr\/eger-veya\/#primaryimage\"},\"image\":{\"@id\":\"https:\/\/exceladvisor.org\/tr\/eger-veya\/#primaryimage\"},\"thumbnailUrl\":\"https:\/\/exceladvisor.org\/wp-content\/uploads\/2023\/08\/1-vba-si-ou-condition.png\",\"datePublished\":\"2023-09-30T04:50:34+00:00\",\"dateModified\":\"2023-12-10T06:07:47+00:00\",\"description\":\"VBA OR ile ayn\u0131 anda birden fazla ko\u015fulu test edebilirsiniz. Bu ko\u015fullardan herhangi biri do\u011fruysa true de\u011ferini d\u00f6nd\u00fcr\u00fcr.\",\"breadcrumb\":{\"@id\":\"https:\/\/exceladvisor.org\/tr\/eger-veya\/#breadcrumb\"},\"inLanguage\":\"tr\",\"potentialAction\":[{\"@type\":\"ReadAction\",\"target\":[\"https:\/\/exceladvisor.org\/tr\/eger-veya\/\"]}]},{\"@type\":\"ImageObject\",\"inLanguage\":\"tr\",\"@id\":\"https:\/\/exceladvisor.org\/tr\/eger-veya\/#primaryimage\",\"url\":\"https:\/\/exceladvisor.org\/wp-content\/uploads\/2023\/08\/1-vba-si-ou-condition.png\",\"contentUrl\":\"https:\/\/exceladvisor.org\/wp-content\/uploads\/2023\/08\/1-vba-si-ou-condition.png\"},{\"@type\":\"BreadcrumbList\",\"@id\":\"https:\/\/exceladvisor.org\/tr\/eger-veya\/#breadcrumb\",\"itemListElement\":[{\"@type\":\"ListItem\",\"position\":1,\"name\":\"Ev\",\"item\":\"https:\/\/exceladvisor.org\/tr\/\"},{\"@type\":\"ListItem\",\"position\":2,\"name\":\"Vba&#39;da if or ile nas\u0131l kullan\u0131l\u0131r?\"}]},{\"@type\":\"WebSite\",\"@id\":\"https:\/\/exceladvisor.org\/tr\/#website\",\"url\":\"https:\/\/exceladvisor.org\/tr\/\",\"name\":\"Excel Advisor\",\"description\":\"Veri hakimiyetine y\u00f6nelik nihai rehberiniz!\",\"publisher\":{\"@id\":\"https:\/\/exceladvisor.org\/tr\/#organization\"},\"potentialAction\":[{\"@type\":\"SearchAction\",\"target\":{\"@type\":\"EntryPoint\",\"urlTemplate\":\"https:\/\/exceladvisor.org\/tr\/?s={search_term_string}\"},\"query-input\":{\"@type\":\"PropertyValueSpecification\",\"valueRequired\":true,\"valueName\":\"search_term_string\"}}],\"inLanguage\":\"tr\"},{\"@type\":\"Organization\",\"@id\":\"https:\/\/exceladvisor.org\/tr\/#organization\",\"name\":\"Excel Advisor\",\"url\":\"https:\/\/exceladvisor.org\/tr\/\",\"logo\":{\"@type\":\"ImageObject\",\"inLanguage\":\"tr\",\"@id\":\"https:\/\/exceladvisor.org\/tr\/#\/schema\/logo\/image\/\",\"url\":\"https:\/\/exceladvisor.org\/tr\/wp-content\/uploads\/2023\/12\/exceladvisor.org_.png\",\"contentUrl\":\"https:\/\/exceladvisor.org\/tr\/wp-content\/uploads\/2023\/12\/exceladvisor.org_.png\",\"width\":105,\"height\":36,\"caption\":\"Excel Advisor\"},\"image\":{\"@id\":\"https:\/\/exceladvisor.org\/tr\/#\/schema\/logo\/image\/\"}}]}<\/script>\n<!-- \/ Yoast SEO plugin. -->","yoast_head_json":{"title":"VBA Excel&#39;de IF OR ile nas\u0131l kullan\u0131l\u0131r? (E\u011fitim 2023)","description":"VBA OR ile ayn\u0131 anda birden fazla ko\u015fulu test edebilirsiniz. Bu ko\u015fullardan herhangi biri do\u011fruysa true de\u011ferini d\u00f6nd\u00fcr\u00fcr.","robots":{"index":"index","follow":"follow","max-snippet":"max-snippet:-1","max-image-preview":"max-image-preview:large","max-video-preview":"max-video-preview:-1"},"canonical":"https:\/\/exceladvisor.org\/tr\/eger-veya\/","og_locale":"tr_TR","og_type":"article","og_title":"VBA Excel&#39;de IF OR ile nas\u0131l kullan\u0131l\u0131r? (E\u011fitim 2023)","og_description":"VBA OR ile ayn\u0131 anda birden fazla ko\u015fulu test edebilirsiniz. Bu ko\u015fullardan herhangi biri do\u011fruysa true de\u011ferini d\u00f6nd\u00fcr\u00fcr.","og_url":"https:\/\/exceladvisor.org\/tr\/eger-veya\/","og_site_name":"Excel Advisor","article_modified_time":"2023-12-10T06:07:47+00:00","og_image":[{"url":"https:\/\/exceladvisor.org\/wp-content\/uploads\/2023\/08\/1-vba-si-ou-condition.png","type":"","width":"","height":""}],"twitter_card":"summary_large_image","twitter_misc":{"Tahmini okuma s\u00fcresi":"2 dakika"},"schema":{"@context":"https:\/\/schema.org","@graph":[{"@type":"WebPage","@id":"https:\/\/exceladvisor.org\/tr\/eger-veya\/","url":"https:\/\/exceladvisor.org\/tr\/eger-veya\/","name":"VBA Excel&#39;de IF OR ile nas\u0131l kullan\u0131l\u0131r? (E\u011fitim 2023)","isPartOf":{"@id":"https:\/\/exceladvisor.org\/tr\/#website"},"primaryImageOfPage":{"@id":"https:\/\/exceladvisor.org\/tr\/eger-veya\/#primaryimage"},"image":{"@id":"https:\/\/exceladvisor.org\/tr\/eger-veya\/#primaryimage"},"thumbnailUrl":"https:\/\/exceladvisor.org\/wp-content\/uploads\/2023\/08\/1-vba-si-ou-condition.png","datePublished":"2023-09-30T04:50:34+00:00","dateModified":"2023-12-10T06:07:47+00:00","description":"VBA OR ile ayn\u0131 anda birden fazla ko\u015fulu test edebilirsiniz. Bu ko\u015fullardan herhangi biri do\u011fruysa true de\u011ferini d\u00f6nd\u00fcr\u00fcr.","breadcrumb":{"@id":"https:\/\/exceladvisor.org\/tr\/eger-veya\/#breadcrumb"},"inLanguage":"tr","potentialAction":[{"@type":"ReadAction","target":["https:\/\/exceladvisor.org\/tr\/eger-veya\/"]}]},{"@type":"ImageObject","inLanguage":"tr","@id":"https:\/\/exceladvisor.org\/tr\/eger-veya\/#primaryimage","url":"https:\/\/exceladvisor.org\/wp-content\/uploads\/2023\/08\/1-vba-si-ou-condition.png","contentUrl":"https:\/\/exceladvisor.org\/wp-content\/uploads\/2023\/08\/1-vba-si-ou-condition.png"},{"@type":"BreadcrumbList","@id":"https:\/\/exceladvisor.org\/tr\/eger-veya\/#breadcrumb","itemListElement":[{"@type":"ListItem","position":1,"name":"Ev","item":"https:\/\/exceladvisor.org\/tr\/"},{"@type":"ListItem","position":2,"name":"Vba&#39;da if or ile nas\u0131l kullan\u0131l\u0131r?"}]},{"@type":"WebSite","@id":"https:\/\/exceladvisor.org\/tr\/#website","url":"https:\/\/exceladvisor.org\/tr\/","name":"Excel Advisor","description":"Veri hakimiyetine y\u00f6nelik nihai rehberiniz!","publisher":{"@id":"https:\/\/exceladvisor.org\/tr\/#organization"},"potentialAction":[{"@type":"SearchAction","target":{"@type":"EntryPoint","urlTemplate":"https:\/\/exceladvisor.org\/tr\/?s={search_term_string}"},"query-input":{"@type":"PropertyValueSpecification","valueRequired":true,"valueName":"search_term_string"}}],"inLanguage":"tr"},{"@type":"Organization","@id":"https:\/\/exceladvisor.org\/tr\/#organization","name":"Excel Advisor","url":"https:\/\/exceladvisor.org\/tr\/","logo":{"@type":"ImageObject","inLanguage":"tr","@id":"https:\/\/exceladvisor.org\/tr\/#\/schema\/logo\/image\/","url":"https:\/\/exceladvisor.org\/tr\/wp-content\/uploads\/2023\/12\/exceladvisor.org_.png","contentUrl":"https:\/\/exceladvisor.org\/tr\/wp-content\/uploads\/2023\/12\/exceladvisor.org_.png","width":105,"height":36,"caption":"Excel Advisor"},"image":{"@id":"https:\/\/exceladvisor.org\/tr\/#\/schema\/logo\/image\/"}}]}},"yoast_meta":{"yoast_wpseo_title":"","yoast_wpseo_metadesc":"","yoast_wpseo_canonical":""},"_links":{"self":[{"href":"https:\/\/exceladvisor.org\/tr\/wp-json\/wp\/v2\/pages\/2127","targetHints":{"allow":["GET"]}}],"collection":[{"href":"https:\/\/exceladvisor.org\/tr\/wp-json\/wp\/v2\/pages"}],"about":[{"href":"https:\/\/exceladvisor.org\/tr\/wp-json\/wp\/v2\/types\/page"}],"author":[{"embeddable":true,"href":"https:\/\/exceladvisor.org\/tr\/wp-json\/wp\/v2\/users\/1"}],"replies":[{"embeddable":true,"href":"https:\/\/exceladvisor.org\/tr\/wp-json\/wp\/v2\/comments?post=2127"}],"version-history":[{"count":1,"href":"https:\/\/exceladvisor.org\/tr\/wp-json\/wp\/v2\/pages\/2127\/revisions"}],"predecessor-version":[{"id":2951,"href":"https:\/\/exceladvisor.org\/tr\/wp-json\/wp\/v2\/pages\/2127\/revisions\/2951"}],"wp:attachment":[{"href":"https:\/\/exceladvisor.org\/tr\/wp-json\/wp\/v2\/media?parent=2127"}],"curies":[{"name":"wp","href":"https:\/\/api.w.org\/{rel}","templated":true}]}}