{"id":2128,"date":"2023-09-30T04:41:34","date_gmt":"2023-09-30T04:41:34","guid":{"rendered":"https:\/\/exceladvisor.org\/tr\/eger-ve\/"},"modified":"2023-12-10T06:00:01","modified_gmt":"2023-12-10T06:00:01","slug":"eger-ve","status":"publish","type":"page","link":"https:\/\/exceladvisor.org\/tr\/eger-ve\/","title":{"rendered":"Excel vba&#39;da if ile and nas\u0131l kullan\u0131l\u0131r?"},"content":{"rendered":"<div class=\"excel-icerikten-once\" id=\"excel-2241311542\"><script type=\"text\/javascript\">\r\n\tatOptions = {\r\n\t\t'key' : 'c1158f160081d6540a8409e6925dab94',\r\n\t\t'format' : 'iframe',\r\n\t\t'height' : 250,\r\n\t\t'width' : 300,\r\n\t\t'params' : {}\r\n\t};\r\n<\/script>\r\n<script type=\"text\/javascript\" src=\"\/\/www.highperformanceformat.com\/c1158f160081d6540a8409e6925dab94\/invoke.js\"><\/script><\/div> <p><strong>AND<\/strong> operat\u00f6r\u00fcn\u00fc birden fazla ko\u015fulu test etmek i\u00e7in <a href=\"https:\/\/exceladvisor.org\/tr\/eger-2\/\">VBA IF ifadesi<\/a> ile birlikte kullanabilirsiniz ve kulland\u0131\u011f\u0131n\u0131zda iki ko\u015fulu ayn\u0131 anda test etmenize ve bu ko\u015fullar\u0131n her ikisinin de do\u011fru olmas\u0131 durumunda do\u011fru sonu\u00e7 alman\u0131za olanak tan\u0131r. Ve ko\u015fullardan herhangi biri yanl\u0131\u015fsa sonu\u00e7ta false de\u011ferini d\u00f6nd\u00fcr\u00fcr.<\/p><h2 class=\"wp-block-heading\"> IF VE&#8217;yi birle\u015ftir<\/h2><ol type=\"1\"><li> \u0130lk olarak IF ifadesini \u201cIF\u201d anahtar kelimesiyle ba\u015flat\u0131n.<\/li><li> Bundan sonra test etmek istedi\u011finiz ilk ko\u015fulu belirtin.<\/li><li> Daha sonra ikinci ko\u015fulu belirtmek i\u00e7in AND anahtar s\u00f6zc\u00fc\u011f\u00fcn\u00fc kullan\u0131n.<\/li><li> Sonunda test etmek istedi\u011finiz ikinci ko\u015fulu belirtin. <\/li><\/ol><div class=\"wp-block-image\"><figure class=\"aligncenter size-large is-resized\"><img loading=\"lazy\" decoding=\"async\" class=\"wp-image-57514\" src=\"https:\/\/exceladvisor.org\/wp-content\/uploads\/2023\/08\/1-vba-si-instruction.png\" sizes=\"auto, \" srcset=\"\" alt=\"vba-if ifadesi\" width=\"819\" height=\"119\"><\/figure><\/div><p> Daha iyi anlamak i\u00e7in bir \u00f6rne\u011fe bakal\u0131m. <\/p><pre class=\"wp-block-code\"> <code class=\"language-visual-basic\" lang=\"visual-basic\">Sub myMacro() If 1 = 1 And 2 &gt; 1 Then MsgBox \"Both of the conditions are true.\" Else MsgBox \"Maybe one or both of the conditions are true.\" End If End Sub<\/code><\/pre><div class=\"wp-block-image\"><figure class=\"aligncenter size-large is-resized\"><img loading=\"lazy\" decoding=\"async\" class=\"wp-image-57515\" src=\"https:\/\/exceladvisor.org\/wp-content\/uploads\/2023\/08\/2-vba-si-exemple-dinstruction.png\" sizes=\"auto, \" srcset=\"\" alt=\"\" width=\"678\" height=\"351\"><\/figure><\/div><p> Yukar\u0131daki \u00f6rne\u011fe bakarsan\u0131z, biri if (1 = 1) di\u011feri ise (2 &gt; 1) olmak \u00fczere iki ko\u015ful belirttik ve burada her iki ko\u015ful da do\u011fru, bu nedenle if (if) belirtti\u011fimiz kod sat\u0131r\u0131n\u0131 \u00e7al\u0131\u015ft\u0131r\u0131yor. sonu\u00e7 do\u011frudur. <\/p><div class=\"wp-block-image\"><figure class=\"aligncenter size-large is-resized\"><img loading=\"lazy\" decoding=\"async\" class=\"wp-image-57516\" src=\"https:\/\/exceladvisor.org\/wp-content\/uploads\/2023\/08\/3-execute-la-ligne-de-code.png\" sizes=\"auto, \" srcset=\"\" alt=\"\" width=\"232\" height=\"173\"><\/figure><\/div><p> \u015eimdi bu iki ko\u015fuldan herhangi biri yanl\u0131\u015fsa burada farkl\u0131 bir kod kullanay\u0131m. <\/p><pre class=\"wp-block-code\"> <code class=\"language-visual-basic\" lang=\"visual-basic\">Sub myMacro1() If 1 = 1 And 2 &lt; 1 Then MsgBox \"Both of the conditions are true.\" Else MsgBox \"Maybe one or both of the conditions are true.\" End If End Sub<\/code><\/pre><div class=\"wp-block-image\"><figure class=\"aligncenter size-large is-resized\"><img loading=\"lazy\" decoding=\"async\" class=\"wp-image-57517\" src=\"https:\/\/exceladvisor.org\/wp-content\/uploads\/2023\/08\/4-deuxieme-condition-est-fausse.png\" sizes=\"auto, \" srcset=\"\" alt=\"\" width=\"655\" height=\"351\"><\/figure><\/div><p> Yukar\u0131daki kodda ikinci ko\u015ful false (2&lt;1) olup, <a href=\"https:\/\/exceladvisor.org\/tr\/makro-2yi-calistir\/\">bu makroyu \u00e7al\u0131\u015ft\u0131rd\u0131\u011f\u0131n\u0131zda<\/a> sonu\u00e7 false ise belirtti\u011fimiz kod sat\u0131r\u0131n\u0131 \u00e7al\u0131\u015ft\u0131r\u0131r. <\/p><div class=\"wp-block-image\"><figure class=\"aligncenter size-large is-resized\"><img loading=\"lazy\" decoding=\"async\" class=\"wp-image-57518\" src=\"https:\/\/exceladvisor.org\/wp-content\/uploads\/2023\/08\/5-le-resultat-est-faux.png\" sizes=\"auto, \" srcset=\"\" alt=\"\" width=\"352\" height=\"192\"><\/figure><\/div><h2 class=\"wp-block-heading\"> IF AND ile birden \u00e7ok ko\u015ful<\/h2><p> Benzer \u015fekilde ikiden fazla ko\u015fulu ayn\u0131 anda test edebilirsiniz. Yukar\u0131daki \u00f6rne\u011fe devam edelim ve buna \u00fc\u00e7\u00fcnc\u00fc ko\u015fulu ekleyelim. <\/p><pre class=\"wp-block-code\"> <code class=\"language-visual-basic\" lang=\"visual-basic\">Sub myMacro2() If 1 = 1 And 2 &gt; 1 And 1 - 1 = 0 Then MsgBox \"All the conditions are true.\" Else MsgBox \"Some conditions are false.\" End If End Sub<\/code><\/pre><div class=\"wp-block-image\"><figure class=\"aligncenter size-large is-resized\"><img loading=\"lazy\" decoding=\"async\" class=\"wp-image-57519\" src=\"https:\/\/exceladvisor.org\/wp-content\/uploads\/2023\/08\/6-conditions-multiples-avec-if-et.png\" sizes=\"auto, \" srcset=\"\" alt=\"\" width=\"521\" height=\"374\"><\/figure><\/div><p> Art\u0131k test edecek \u00fc\u00e7 ko\u015fulumuz var ve \u00fc\u00e7\u00fcnc\u00fc ko\u015fulu belirtmek i\u00e7in ikinci ko\u015fuldan sonra VE&#8217;yi kulland\u0131k. Yukar\u0131da \u00f6\u011frendi\u011finiz gibi, AND kullan\u0131ld\u0131\u011f\u0131nda sonu\u00e7ta t\u00fcm ko\u015fullar\u0131n do\u011fru olmas\u0131 i\u00e7in do\u011fru olmas\u0131 gerekir.<\/p><p> Bu kodu \u00e7al\u0131\u015ft\u0131rd\u0131\u011f\u0131n\u0131zda true olarak belirtti\u011fimiz kod sat\u0131r\u0131n\u0131 \u00e7al\u0131\u015ft\u0131r\u0131r. <\/p><div class=\"wp-block-image\"><figure class=\"aligncenter size-large is-resized\"><img loading=\"lazy\" decoding=\"async\" class=\"wp-image-57520\" src=\"https:\/\/exceladvisor.org\/wp-content\/uploads\/2023\/08\/7-specifie-pour-le-vrai.png\" sizes=\"auto, \" srcset=\"\" alt=\"\" width=\"211\" height=\"178\"><\/figure><\/div><p> Ve e\u011fer ko\u015fullardan herhangi biri yanl\u0131\u015fsa, t\u0131pk\u0131 a\u015fa\u011f\u0131daki kodda yapt\u0131\u011f\u0131n\u0131z gibi, false de\u011ferini d\u00f6nd\u00fcr\u00fcr. <\/p><pre class=\"wp-block-code\"> <code class=\"language-visual-basic\" lang=\"visual-basic\">Sub myMacro3() If 1 = 1 And 2 &lt; 1 And 1 + 1 = 0 Then MsgBox \"All the conditions are true.\" Else MsgBox \"Some conditions are false.\" End If End Sub<\/code><\/pre><div class=\"wp-block-image\"><figure class=\"aligncenter size-large is-resized\"><img loading=\"lazy\" decoding=\"async\" class=\"wp-image-57521\" src=\"https:\/\/exceladvisor.org\/wp-content\/uploads\/2023\/08\/8-condition-est-fausse.png\" sizes=\"auto, \" srcset=\"\" alt=\"\" width=\"221\" height=\"188\"><\/figure><\/div><div class=\"gb-container gb-container-4db6181c gb-container-mt\"> <a class=\"gb-button gb-button-c5897111 gb-button-text gb-button-mt-button\" href=\"https:\/\/exceladvisor.org\/tr\/vba\/\">VBA nedir<\/a><h2 class=\"gb-headline gb-headline-665e5f6b gb-headline-text gb-headline-mt-heading\"> \u0130lgili e\u011fitimler <\/h2><div class=\"gb-grid-wrapper gb-grid-wrapper-a20baf7c gb-grid-wrapper-mt-grid\"><div class=\"gb-grid-column gb-grid-column-65ddf67e\"><div class=\"gb-container gb-container-65ddf67e\"><ul><li> <a href=\"https:\/\/exceladvisor.org\/tr\/eger-disari-cik\/\">VBA \u00c7\u0131k\u0131\u015f\u0131 IF<\/a><\/li><li> <a href=\"https:\/\/exceladvisor.org\/tr\/eger-2\/\">VBA IF (IF o zaman de\u011filse)<\/a><\/li><li> <a href=\"https:\/\/exceladvisor.org\/tr\/aksi-takdirde\/\">HAYIR \u0130SE VBA<\/a><\/li><li> <a href=\"https:\/\/exceladvisor.org\/tr\/eger-veya\/\">VBA IF VEYA<\/a><\/li><li> <a href=\"https:\/\/exceladvisor.org\/tr\/yuva-eger\/\">VBA i\u00e7 i\u00e7e IF<\/a> <\/li><\/ul><\/div><\/div><div class=\"gb-grid-column gb-grid-column-50067b57\"><div class=\"gb-container gb-container-50067b57\"><\/div><\/div><\/div><\/div>","protected":false},"excerpt":{"rendered":"","protected":false},"author":1,"featured_media":0,"parent":0,"menu_order":0,"comment_status":"open","ping_status":"closed","template":"","meta":{"ub_ctt_via":"","footnotes":""},"class_list":["post-2128","page","type-page","status-publish","hentry"],"featured_image_src":null,"yoast_head":"<!-- This site is optimized with the Yoast SEO plugin v25.4 - https:\/\/yoast.com\/wordpress\/plugins\/seo\/ -->\n<title>Excel VBA&#039;da IF ile AND nas\u0131l kullan\u0131l\u0131r? E\u011fitim 2023)<\/title>\n<meta name=\"description\" content=\"Birden fazla ko\u015fulu test etmek i\u00e7in AND operat\u00f6r\u00fcn\u00fc VBA IF deyimiyle birlikte kullanabilirsiniz ve bunu kulland\u0131\u011f\u0131n\u0131zda,\" \/>\n<meta name=\"robots\" content=\"index, follow, max-snippet:-1, max-image-preview:large, max-video-preview:-1\" \/>\n<link rel=\"canonical\" href=\"https:\/\/exceladvisor.org\/tr\/eger-ve\/\" \/>\n<meta property=\"og:locale\" content=\"tr_TR\" \/>\n<meta property=\"og:type\" content=\"article\" \/>\n<meta property=\"og:title\" content=\"Excel VBA&#039;da IF ile AND nas\u0131l kullan\u0131l\u0131r? E\u011fitim 2023)\" \/>\n<meta property=\"og:description\" content=\"Birden fazla ko\u015fulu test etmek i\u00e7in AND operat\u00f6r\u00fcn\u00fc VBA IF deyimiyle birlikte kullanabilirsiniz ve bunu kulland\u0131\u011f\u0131n\u0131zda,\" \/>\n<meta property=\"og:url\" content=\"https:\/\/exceladvisor.org\/tr\/eger-ve\/\" \/>\n<meta property=\"og:site_name\" content=\"Excel Advisor\" \/>\n<meta property=\"article:modified_time\" content=\"2023-12-10T06:00:01+00:00\" \/>\n<meta property=\"og:image\" content=\"https:\/\/exceladvisor.org\/wp-content\/uploads\/2023\/08\/1-vba-si-instruction.png\" \/>\n<meta name=\"twitter:card\" content=\"summary_large_image\" \/>\n<meta name=\"twitter:label1\" content=\"Tahmini okuma s\u00fcresi\" \/>\n\t<meta name=\"twitter:data1\" content=\"2 dakika\" \/>\n<script type=\"application\/ld+json\" class=\"yoast-schema-graph\">{\"@context\":\"https:\/\/schema.org\",\"@graph\":[{\"@type\":\"WebPage\",\"@id\":\"https:\/\/exceladvisor.org\/tr\/eger-ve\/\",\"url\":\"https:\/\/exceladvisor.org\/tr\/eger-ve\/\",\"name\":\"Excel VBA&#39;da IF ile AND nas\u0131l kullan\u0131l\u0131r? E\u011fitim 2023)\",\"isPartOf\":{\"@id\":\"https:\/\/exceladvisor.org\/tr\/#website\"},\"primaryImageOfPage\":{\"@id\":\"https:\/\/exceladvisor.org\/tr\/eger-ve\/#primaryimage\"},\"image\":{\"@id\":\"https:\/\/exceladvisor.org\/tr\/eger-ve\/#primaryimage\"},\"thumbnailUrl\":\"https:\/\/exceladvisor.org\/wp-content\/uploads\/2023\/08\/1-vba-si-instruction.png\",\"datePublished\":\"2023-09-30T04:41:34+00:00\",\"dateModified\":\"2023-12-10T06:00:01+00:00\",\"description\":\"Birden fazla ko\u015fulu test etmek i\u00e7in AND operat\u00f6r\u00fcn\u00fc VBA IF deyimiyle birlikte kullanabilirsiniz ve bunu kulland\u0131\u011f\u0131n\u0131zda,\",\"breadcrumb\":{\"@id\":\"https:\/\/exceladvisor.org\/tr\/eger-ve\/#breadcrumb\"},\"inLanguage\":\"tr\",\"potentialAction\":[{\"@type\":\"ReadAction\",\"target\":[\"https:\/\/exceladvisor.org\/tr\/eger-ve\/\"]}]},{\"@type\":\"ImageObject\",\"inLanguage\":\"tr\",\"@id\":\"https:\/\/exceladvisor.org\/tr\/eger-ve\/#primaryimage\",\"url\":\"https:\/\/exceladvisor.org\/wp-content\/uploads\/2023\/08\/1-vba-si-instruction.png\",\"contentUrl\":\"https:\/\/exceladvisor.org\/wp-content\/uploads\/2023\/08\/1-vba-si-instruction.png\"},{\"@type\":\"BreadcrumbList\",\"@id\":\"https:\/\/exceladvisor.org\/tr\/eger-ve\/#breadcrumb\",\"itemListElement\":[{\"@type\":\"ListItem\",\"position\":1,\"name\":\"Ev\",\"item\":\"https:\/\/exceladvisor.org\/tr\/\"},{\"@type\":\"ListItem\",\"position\":2,\"name\":\"Excel vba&#39;da if ile and nas\u0131l kullan\u0131l\u0131r?\"}]},{\"@type\":\"WebSite\",\"@id\":\"https:\/\/exceladvisor.org\/tr\/#website\",\"url\":\"https:\/\/exceladvisor.org\/tr\/\",\"name\":\"Excel Advisor\",\"description\":\"Veri hakimiyetine y\u00f6nelik nihai rehberiniz!\",\"publisher\":{\"@id\":\"https:\/\/exceladvisor.org\/tr\/#organization\"},\"potentialAction\":[{\"@type\":\"SearchAction\",\"target\":{\"@type\":\"EntryPoint\",\"urlTemplate\":\"https:\/\/exceladvisor.org\/tr\/?s={search_term_string}\"},\"query-input\":{\"@type\":\"PropertyValueSpecification\",\"valueRequired\":true,\"valueName\":\"search_term_string\"}}],\"inLanguage\":\"tr\"},{\"@type\":\"Organization\",\"@id\":\"https:\/\/exceladvisor.org\/tr\/#organization\",\"name\":\"Excel Advisor\",\"url\":\"https:\/\/exceladvisor.org\/tr\/\",\"logo\":{\"@type\":\"ImageObject\",\"inLanguage\":\"tr\",\"@id\":\"https:\/\/exceladvisor.org\/tr\/#\/schema\/logo\/image\/\",\"url\":\"https:\/\/exceladvisor.org\/tr\/wp-content\/uploads\/2023\/12\/exceladvisor.org_.png\",\"contentUrl\":\"https:\/\/exceladvisor.org\/tr\/wp-content\/uploads\/2023\/12\/exceladvisor.org_.png\",\"width\":105,\"height\":36,\"caption\":\"Excel Advisor\"},\"image\":{\"@id\":\"https:\/\/exceladvisor.org\/tr\/#\/schema\/logo\/image\/\"}}]}<\/script>\n<!-- \/ Yoast SEO plugin. -->","yoast_head_json":{"title":"Excel VBA&#39;da IF ile AND nas\u0131l kullan\u0131l\u0131r? E\u011fitim 2023)","description":"Birden fazla ko\u015fulu test etmek i\u00e7in AND operat\u00f6r\u00fcn\u00fc VBA IF deyimiyle birlikte kullanabilirsiniz ve bunu kulland\u0131\u011f\u0131n\u0131zda,","robots":{"index":"index","follow":"follow","max-snippet":"max-snippet:-1","max-image-preview":"max-image-preview:large","max-video-preview":"max-video-preview:-1"},"canonical":"https:\/\/exceladvisor.org\/tr\/eger-ve\/","og_locale":"tr_TR","og_type":"article","og_title":"Excel VBA&#39;da IF ile AND nas\u0131l kullan\u0131l\u0131r? E\u011fitim 2023)","og_description":"Birden fazla ko\u015fulu test etmek i\u00e7in AND operat\u00f6r\u00fcn\u00fc VBA IF deyimiyle birlikte kullanabilirsiniz ve bunu kulland\u0131\u011f\u0131n\u0131zda,","og_url":"https:\/\/exceladvisor.org\/tr\/eger-ve\/","og_site_name":"Excel Advisor","article_modified_time":"2023-12-10T06:00:01+00:00","og_image":[{"url":"https:\/\/exceladvisor.org\/wp-content\/uploads\/2023\/08\/1-vba-si-instruction.png","type":"","width":"","height":""}],"twitter_card":"summary_large_image","twitter_misc":{"Tahmini okuma s\u00fcresi":"2 dakika"},"schema":{"@context":"https:\/\/schema.org","@graph":[{"@type":"WebPage","@id":"https:\/\/exceladvisor.org\/tr\/eger-ve\/","url":"https:\/\/exceladvisor.org\/tr\/eger-ve\/","name":"Excel VBA&#39;da IF ile AND nas\u0131l kullan\u0131l\u0131r? E\u011fitim 2023)","isPartOf":{"@id":"https:\/\/exceladvisor.org\/tr\/#website"},"primaryImageOfPage":{"@id":"https:\/\/exceladvisor.org\/tr\/eger-ve\/#primaryimage"},"image":{"@id":"https:\/\/exceladvisor.org\/tr\/eger-ve\/#primaryimage"},"thumbnailUrl":"https:\/\/exceladvisor.org\/wp-content\/uploads\/2023\/08\/1-vba-si-instruction.png","datePublished":"2023-09-30T04:41:34+00:00","dateModified":"2023-12-10T06:00:01+00:00","description":"Birden fazla ko\u015fulu test etmek i\u00e7in AND operat\u00f6r\u00fcn\u00fc VBA IF deyimiyle birlikte kullanabilirsiniz ve bunu kulland\u0131\u011f\u0131n\u0131zda,","breadcrumb":{"@id":"https:\/\/exceladvisor.org\/tr\/eger-ve\/#breadcrumb"},"inLanguage":"tr","potentialAction":[{"@type":"ReadAction","target":["https:\/\/exceladvisor.org\/tr\/eger-ve\/"]}]},{"@type":"ImageObject","inLanguage":"tr","@id":"https:\/\/exceladvisor.org\/tr\/eger-ve\/#primaryimage","url":"https:\/\/exceladvisor.org\/wp-content\/uploads\/2023\/08\/1-vba-si-instruction.png","contentUrl":"https:\/\/exceladvisor.org\/wp-content\/uploads\/2023\/08\/1-vba-si-instruction.png"},{"@type":"BreadcrumbList","@id":"https:\/\/exceladvisor.org\/tr\/eger-ve\/#breadcrumb","itemListElement":[{"@type":"ListItem","position":1,"name":"Ev","item":"https:\/\/exceladvisor.org\/tr\/"},{"@type":"ListItem","position":2,"name":"Excel vba&#39;da if ile and nas\u0131l kullan\u0131l\u0131r?"}]},{"@type":"WebSite","@id":"https:\/\/exceladvisor.org\/tr\/#website","url":"https:\/\/exceladvisor.org\/tr\/","name":"Excel Advisor","description":"Veri hakimiyetine y\u00f6nelik nihai rehberiniz!","publisher":{"@id":"https:\/\/exceladvisor.org\/tr\/#organization"},"potentialAction":[{"@type":"SearchAction","target":{"@type":"EntryPoint","urlTemplate":"https:\/\/exceladvisor.org\/tr\/?s={search_term_string}"},"query-input":{"@type":"PropertyValueSpecification","valueRequired":true,"valueName":"search_term_string"}}],"inLanguage":"tr"},{"@type":"Organization","@id":"https:\/\/exceladvisor.org\/tr\/#organization","name":"Excel Advisor","url":"https:\/\/exceladvisor.org\/tr\/","logo":{"@type":"ImageObject","inLanguage":"tr","@id":"https:\/\/exceladvisor.org\/tr\/#\/schema\/logo\/image\/","url":"https:\/\/exceladvisor.org\/tr\/wp-content\/uploads\/2023\/12\/exceladvisor.org_.png","contentUrl":"https:\/\/exceladvisor.org\/tr\/wp-content\/uploads\/2023\/12\/exceladvisor.org_.png","width":105,"height":36,"caption":"Excel Advisor"},"image":{"@id":"https:\/\/exceladvisor.org\/tr\/#\/schema\/logo\/image\/"}}]}},"yoast_meta":{"yoast_wpseo_title":"","yoast_wpseo_metadesc":"","yoast_wpseo_canonical":""},"_links":{"self":[{"href":"https:\/\/exceladvisor.org\/tr\/wp-json\/wp\/v2\/pages\/2128","targetHints":{"allow":["GET"]}}],"collection":[{"href":"https:\/\/exceladvisor.org\/tr\/wp-json\/wp\/v2\/pages"}],"about":[{"href":"https:\/\/exceladvisor.org\/tr\/wp-json\/wp\/v2\/types\/page"}],"author":[{"embeddable":true,"href":"https:\/\/exceladvisor.org\/tr\/wp-json\/wp\/v2\/users\/1"}],"replies":[{"embeddable":true,"href":"https:\/\/exceladvisor.org\/tr\/wp-json\/wp\/v2\/comments?post=2128"}],"version-history":[{"count":1,"href":"https:\/\/exceladvisor.org\/tr\/wp-json\/wp\/v2\/pages\/2128\/revisions"}],"predecessor-version":[{"id":2372,"href":"https:\/\/exceladvisor.org\/tr\/wp-json\/wp\/v2\/pages\/2128\/revisions\/2372"}],"wp:attachment":[{"href":"https:\/\/exceladvisor.org\/tr\/wp-json\/wp\/v2\/media?parent=2128"}],"curies":[{"name":"wp","href":"https:\/\/api.w.org\/{rel}","templated":true}]}}