{"id":2129,"date":"2023-09-30T04:10:38","date_gmt":"2023-09-30T04:10:38","guid":{"rendered":"https:\/\/exceladvisor.org\/tr\/aninda-pencere-hata-ayiklama-baskisi\/"},"modified":"2023-12-10T06:04:23","modified_gmt":"2023-12-10T06:04:23","slug":"aninda-pencere-hata-ayiklama-baskisi","status":"publish","type":"page","link":"https:\/\/exceladvisor.org\/tr\/aninda-pencere-hata-ayiklama-baskisi\/","title":{"rendered":"Immediate window vba: tam resimli k\u0131lavuz"},"content":{"rendered":"<div class=\"excel-icerikten-once\" id=\"excel-3123016878\"><script type=\"text\/javascript\">\r\n\tatOptions = {\r\n\t\t'key' : 'c1158f160081d6540a8409e6925dab94',\r\n\t\t'format' : 'iframe',\r\n\t\t'height' : 250,\r\n\t\t'width' : 300,\r\n\t\t'params' : {}\r\n\t};\r\n<\/script>\r\n<script type=\"text\/javascript\" src=\"\/\/www.highperformanceformat.com\/c1158f160081d6540a8409e6925dab94\/invoke.js\"><\/script><\/div> <h2 class=\"wp-block-heading\">Anl\u0131k pencere nedir?<\/h2><p> Anl\u0131k Pencere, tek bir kod sat\u0131r\u0131n\u0131 \u00e7al\u0131\u015ft\u0131rmak ve an\u0131nda sonu\u00e7 almak i\u00e7in kullanabilece\u011finiz k\u00fc\u00e7\u00fck bir Visual Basic D\u00fczenleyici kutusudur. Basit\u00e7e s\u00f6ylemek gerekirse, kodunuzu do\u011frudan Excel&#8217;de \u00e7al\u0131\u015ft\u0131rmak yerine, d\u00f6nd\u00fcrd\u00fc\u011f\u00fc sonu\u00e7 \u00fczerinde bir makro sat\u0131r\u0131 \u00e7al\u0131\u015ft\u0131rabilirsiniz. Kodda hata ay\u0131klarken bu \u00e7ok kullan\u0131\u015fl\u0131d\u0131r.<\/p><p> Visual Basic D\u00fczenleyicisini (Alt+F11) a\u00e7t\u0131\u011f\u0131n\u0131zda altta hemen pencereyi g\u00f6rebilirsiniz. <\/p><div class=\"wp-block-image\"><figure class=\"aligncenter size-large is-resized\"><img loading=\"lazy\" decoding=\"async\" class=\"wp-image-51309\" src=\"https:\/\/exceladvisor.org\/wp-content\/uploads\/2023\/08\/1-fenetre-immediate-vba.png\" sizes=\"auto, \" srcset=\"\" alt=\"acil pencere vba\" width=\"631\" height=\"583\"><\/figure><\/div><p> Ancak orada de\u011filse, d\u00fczenleme men\u00fcs\u00fcnden etkinle\u015ftirmeniz gerekir veya Control + G <a href=\"https:\/\/exceladvisor.org\/tr\/klavye-kisayollari\/\">klavye k\u0131sayol tu\u015funu<\/a> da kullanabilirsiniz. <\/p><div class=\"wp-block-image\"><figure class=\"aligncenter size-large is-resized\"><img loading=\"lazy\" decoding=\"async\" class=\"wp-image-51310\" src=\"https:\/\/exceladvisor.org\/wp-content\/uploads\/2023\/08\/2-raccourci-clavier-pour-fenetre-immediate.png\" sizes=\"auto, \" srcset=\"\" alt=\"a\u00e7\u0131l\u0131r pencere i\u00e7in k\u0131sayol tu\u015fu\" width=\"258\" height=\"428\"><\/figure><\/div><p> Kilidini a\u00e7mak istiyorsan\u0131z ba\u015fl\u0131k \u00e7ubu\u011funa t\u0131klay\u0131p bas\u0131l\u0131 tutun ve <a href=\"https:\/\/exceladvisor.org\/tr\/temel-gorsel-duzenleyici\/\">VB d\u00fczenleyicinin<\/a> i\u00e7ine ve d\u0131\u015f\u0131na b\u0131rak\u0131n. <\/p><div class=\"wp-block-image\"><figure class=\"aligncenter size-large is-resized\"><img loading=\"lazy\" decoding=\"async\" class=\"wp-image-51311\" src=\"https:\/\/exceladvisor.org\/wp-content\/uploads\/2023\/08\/3-cliquez-et-maintenez-la-barre-de-titre.png\" sizes=\"auto, \" srcset=\"\" alt=\"ba\u015fl\u0131k \u00e7ubu\u011funu t\u0131klay\u0131p bas\u0131l\u0131 tutun\" width=\"845\" height=\"511\"><\/figure><\/div><h2 class=\"wp-block-heading\"> Debug.Print nedir?<\/h2><p> Debug.Print, tek bir kod sat\u0131r\u0131n\u0131 \u00e7al\u0131\u015ft\u0131rmak ve o sat\u0131r\u0131n sonucunu Anl\u0131k pencerede almak i\u00e7in kullanabilece\u011finiz bir komuttur. Basit\u00e7e s\u00f6ylemek gerekirse, kod sat\u0131r\u0131n\u0131n ba\u015f\u0131nda debug.print komutunu kullan\u0131p \u00e7al\u0131\u015ft\u0131rd\u0131\u011f\u0131n\u0131zda, VBA bu sat\u0131r\u0131n sonucunu hemen pencerede g\u00f6r\u00fcnt\u00fcler.<\/p><p> A1&#8217;e hangi yaz\u0131 tipi renginin uyguland\u0131\u011f\u0131n\u0131 bilmek istedi\u011finizi hayal edin. Bu durumda a\u015fa\u011f\u0131daki kod sat\u0131r\u0131n\u0131 kullanabilirsiniz; Debug.Print ile ba\u015flar ve ard\u0131ndan yaz\u0131 tipi rengini elde etmek i\u00e7in kod yazars\u0131n\u0131z.<\/p><pre class=\"wp-block-code\"> <code class=\"language-visual-basic\" lang=\"visual-basic\">Debug.Print Range(\"A1\").Font.Color<\/code><\/pre><p> \u015eimdi bu kodu \u00e7al\u0131\u015ft\u0131rd\u0131\u011f\u0131n\u0131zda sonucu a\u015fa\u011f\u0131daki gibi hemen pencerede alacaks\u0131n\u0131z: <\/p><div class=\"wp-block-image\"><figure class=\"aligncenter size-large is-resized\"><img loading=\"lazy\" decoding=\"async\" class=\"wp-image-51312\" src=\"https:\/\/exceladvisor.org\/wp-content\/uploads\/2023\/08\/4-impression-de-debogage.png\" sizes=\"auto, \" srcset=\"\" alt=\"hata ay\u0131klama bask\u0131s\u0131\" width=\"735\" height=\"503\"><\/figure><\/div><h2 class=\"wp-block-heading\"> Bir kod sat\u0131r\u0131n\u0131 y\u00fcr\u00fctme<\/h2><p> debug.print&#8217;i kullanman\u0131n yan\u0131 s\u0131ra, do\u011frudan pencereden bir kod sat\u0131r\u0131n\u0131 \u00e7al\u0131\u015ft\u0131rabilirsiniz. Diyelim ki A1 h\u00fccresine bir de\u011fer girmek istiyorsan\u0131z hemen kar\u015f\u0131n\u0131za gelen pencereye a\u015fa\u011f\u0131daki kodu yaz\u0131p ENTER tu\u015funa basabilirsiniz. <\/p><div class=\"wp-block-image\"><figure class=\"aligncenter size-large is-resized\"><img loading=\"lazy\" decoding=\"async\" class=\"wp-image-51313\" src=\"https:\/\/exceladvisor.org\/wp-content\/uploads\/2023\/08\/5-executer-un-code-de-ligne.png\" sizes=\"auto, \" srcset=\"\" alt=\"bir sat\u0131r kodunu y\u00fcr\u00fctmek\" width=\"537\" height=\"212\"><\/figure><\/div><p> Anl\u0131k pencere ayn\u0131 anda tek bir kod sat\u0131r\u0131n\u0131 \u00e7al\u0131\u015ft\u0131r\u0131r. Bu nedenle \u00e7al\u0131\u015ft\u0131rmak istedi\u011finiz her kod sat\u0131r\u0131n\u0131 enter tu\u015funa basman\u0131z gerekir.<\/p><h2 class=\"wp-block-heading\"> <a href=\"https:\/\/exceladvisor.org\/tr\/makro-2yi-calistir\/\">Bir makroyu do\u011frudan do\u011frudan pencereden \u00e7al\u0131\u015ft\u0131r\u0131n<\/a><\/h2><p> Makro ad\u0131n\u0131 kullanarak bir makroyu do\u011frudan do\u011frudan pencereden de \u00e7al\u0131\u015ft\u0131rabilirsiniz. Tek yapman\u0131z gereken makro ad\u0131n\u0131 yaz\u0131p Enter tu\u015funa basmak. <\/p><div class=\"wp-block-image\"><figure class=\"aligncenter size-large is-resized\"><img loading=\"lazy\" decoding=\"async\" class=\"wp-image-51314\" src=\"https:\/\/exceladvisor.org\/wp-content\/uploads\/2023\/08\/6-executer-une-macro-directement.png\" sizes=\"auto, \" srcset=\"\" alt=\"bir makroyu do\u011frudan \u00e7al\u0131\u015ft\u0131r\" width=\"591\" height=\"485\"><\/figure><\/div><p> Varsa, arg\u00fcmanlar\u0131 do\u011frudan pencerede ayarlad\u0131\u011f\u0131n\u0131zdan emin olun. <\/p><div class=\"wp-block-image\"><figure class=\"aligncenter size-large is-resized\"><img loading=\"lazy\" decoding=\"async\" class=\"wp-image-51315\" src=\"https:\/\/exceladvisor.org\/wp-content\/uploads\/2023\/08\/7-definir-largument-dans-la-fenetre-immediate.png\" sizes=\"auto, \" srcset=\"\" alt=\"arg\u00fcman\u0131 hemen pencerede ayarla\" width=\"601\" height=\"416\"><\/figure><\/div><h2 class=\"wp-block-heading\"> H\u0131zl\u0131 sorular sorun<\/h2><p> Ayr\u0131ca do\u011frudan pencereden de soru sorabilirsiniz. S\u00f6ylemeye \u00e7al\u0131\u015ft\u0131\u011f\u0131m \u015fey, do\u011frudan pencereye bir sat\u0131r kod yaz\u0131p, sonucu almak i\u00e7in soru i\u015faretini kullanabilece\u011finizdir.<\/p><p> Diyelim ki A1 h\u00fccresindeki de\u011feri \u00f6\u011frenmek istiyorsan\u0131z bu durumda kar\u015f\u0131n\u0131za gelen pencereye a\u015fa\u011f\u0131daki kod sat\u0131r\u0131n\u0131 yaz\u0131p Enter tu\u015funa basabilirsiniz. <\/p><pre class=\"wp-block-code\"> <code class=\"language-visual-basic\" lang=\"visual-basic\">?Range(\"A1\").Value<\/code><\/pre><div class=\"wp-block-image\"><figure class=\"aligncenter size-large is-resized\"><img loading=\"lazy\" decoding=\"async\" class=\"wp-image-51316\" src=\"https:\/\/exceladvisor.org\/wp-content\/uploads\/2023\/08\/8-lignes-de-code-dans-la-fenetre-immediate.png\" sizes=\"auto, \" srcset=\"\" alt=\"an\u0131nda penceredeki kod sat\u0131r\u0131\" width=\"508\" height=\"136\"><\/figure><\/div><div class=\"gb-container gb-container-4db6181c gb-container-mt\"> <a class=\"gb-button gb-button-c5897111 gb-button-text gb-button-mt-button\" href=\"https:\/\/exceladvisor.org\/tr\/vba\/\">VBA nedir<\/a><h2 class=\"gb-headline gb-headline-665e5f6b gb-headline-text gb-headline-mt-heading\"> \u0130lgili e\u011fitimler <\/h2><div class=\"gb-grid-wrapper gb-grid-wrapper-a20baf7c gb-grid-wrapper-mt-grid\"><div class=\"gb-grid-column gb-grid-column-65ddf67e\"><div class=\"gb-container gb-container-65ddf67e\"><ul><li> <a href=\"https:\/\/exceladvisor.org\/tr\/gorusme-sorulari\/\">VBA M\u00fclakat Sorular\u0131<\/a><\/li><li> <a href=\"https:\/\/exceladvisor.org\/tr\/yorum\/\">VBA koduna yorum ekleme<\/a><\/li><li> <a href=\"https:\/\/exceladvisor.org\/tr\/satir-sonu\/\">VBA koduna sat\u0131r sonu ekleme<\/a><\/li><li> <a href=\"https:\/\/exceladvisor.org\/tr\/yeni-hat\/\">VBA&#8217;da bir dizeye yeni bir sat\u0131r (sat\u0131r ba\u015f\u0131) ekleyin<\/a><\/li><li> <a href=\"https:\/\/exceladvisor.org\/tr\/makro-2yi-calistir\/\">Excel&#8217;de Makro \u00c7al\u0131\u015ft\u0131rma (VBA Kodunu \u00c7al\u0131\u015ft\u0131rma)<\/a> <\/li><\/ul><\/div><\/div><div class=\"gb-grid-column gb-grid-column-50067b57\"><div class=\"gb-container gb-container-50067b57\"><\/div><\/div><\/div><\/div>","protected":false},"excerpt":{"rendered":"","protected":false},"author":1,"featured_media":0,"parent":0,"menu_order":0,"comment_status":"open","ping_status":"closed","template":"","meta":{"ub_ctt_via":"","footnotes":""},"class_list":["post-2129","page","type-page","status-publish","hentry"],"featured_image_src":null,"yoast_head":"<!-- This site is optimized with the Yoast SEO plugin v25.4 - https:\/\/yoast.com\/wordpress\/plugins\/seo\/ -->\n<title>\u25b7 VBA Acil Penceresi (Debug.Print) nedir?<\/title>\n<meta name=\"description\" content=\"Bu e\u011fitim, anl\u0131k pencereyi anlaman\u0131za ve bir kod sat\u0131r\u0131n\u0131n sonucunu almak i\u00e7in debug.print komutunu kullanman\u0131za yard\u0131mc\u0131 olur.\" \/>\n<meta name=\"robots\" content=\"index, follow, max-snippet:-1, max-image-preview:large, max-video-preview:-1\" \/>\n<link rel=\"canonical\" href=\"https:\/\/exceladvisor.org\/tr\/aninda-pencere-hata-ayiklama-baskisi\/\" \/>\n<meta property=\"og:locale\" content=\"tr_TR\" \/>\n<meta property=\"og:type\" content=\"article\" \/>\n<meta property=\"og:title\" content=\"\u25b7 VBA Acil Penceresi (Debug.Print) nedir?\" \/>\n<meta property=\"og:description\" content=\"Bu e\u011fitim, anl\u0131k pencereyi anlaman\u0131za ve bir kod sat\u0131r\u0131n\u0131n sonucunu almak i\u00e7in debug.print komutunu kullanman\u0131za yard\u0131mc\u0131 olur.\" \/>\n<meta property=\"og:url\" content=\"https:\/\/exceladvisor.org\/tr\/aninda-pencere-hata-ayiklama-baskisi\/\" \/>\n<meta property=\"og:site_name\" content=\"Excel Advisor\" \/>\n<meta property=\"article:modified_time\" content=\"2023-12-10T06:04:23+00:00\" \/>\n<meta property=\"og:image\" content=\"https:\/\/exceladvisor.org\/wp-content\/uploads\/2023\/08\/1-fenetre-immediate-vba.png\" \/>\n<meta name=\"twitter:card\" content=\"summary_large_image\" \/>\n<meta name=\"twitter:label1\" content=\"Tahmini okuma s\u00fcresi\" \/>\n\t<meta name=\"twitter:data1\" content=\"3 dakika\" \/>\n<script type=\"application\/ld+json\" class=\"yoast-schema-graph\">{\"@context\":\"https:\/\/schema.org\",\"@graph\":[{\"@type\":\"WebPage\",\"@id\":\"https:\/\/exceladvisor.org\/tr\/aninda-pencere-hata-ayiklama-baskisi\/\",\"url\":\"https:\/\/exceladvisor.org\/tr\/aninda-pencere-hata-ayiklama-baskisi\/\",\"name\":\"\u25b7 VBA Acil Penceresi (Debug.Print) nedir?\",\"isPartOf\":{\"@id\":\"https:\/\/exceladvisor.org\/tr\/#website\"},\"primaryImageOfPage\":{\"@id\":\"https:\/\/exceladvisor.org\/tr\/aninda-pencere-hata-ayiklama-baskisi\/#primaryimage\"},\"image\":{\"@id\":\"https:\/\/exceladvisor.org\/tr\/aninda-pencere-hata-ayiklama-baskisi\/#primaryimage\"},\"thumbnailUrl\":\"https:\/\/exceladvisor.org\/wp-content\/uploads\/2023\/08\/1-fenetre-immediate-vba.png\",\"datePublished\":\"2023-09-30T04:10:38+00:00\",\"dateModified\":\"2023-12-10T06:04:23+00:00\",\"description\":\"Bu e\u011fitim, anl\u0131k pencereyi anlaman\u0131za ve bir kod sat\u0131r\u0131n\u0131n sonucunu almak i\u00e7in debug.print komutunu kullanman\u0131za yard\u0131mc\u0131 olur.\",\"breadcrumb\":{\"@id\":\"https:\/\/exceladvisor.org\/tr\/aninda-pencere-hata-ayiklama-baskisi\/#breadcrumb\"},\"inLanguage\":\"tr\",\"potentialAction\":[{\"@type\":\"ReadAction\",\"target\":[\"https:\/\/exceladvisor.org\/tr\/aninda-pencere-hata-ayiklama-baskisi\/\"]}]},{\"@type\":\"ImageObject\",\"inLanguage\":\"tr\",\"@id\":\"https:\/\/exceladvisor.org\/tr\/aninda-pencere-hata-ayiklama-baskisi\/#primaryimage\",\"url\":\"https:\/\/exceladvisor.org\/wp-content\/uploads\/2023\/08\/1-fenetre-immediate-vba.png\",\"contentUrl\":\"https:\/\/exceladvisor.org\/wp-content\/uploads\/2023\/08\/1-fenetre-immediate-vba.png\"},{\"@type\":\"BreadcrumbList\",\"@id\":\"https:\/\/exceladvisor.org\/tr\/aninda-pencere-hata-ayiklama-baskisi\/#breadcrumb\",\"itemListElement\":[{\"@type\":\"ListItem\",\"position\":1,\"name\":\"Ev\",\"item\":\"https:\/\/exceladvisor.org\/tr\/\"},{\"@type\":\"ListItem\",\"position\":2,\"name\":\"Immediate window vba: tam resimli k\u0131lavuz\"}]},{\"@type\":\"WebSite\",\"@id\":\"https:\/\/exceladvisor.org\/tr\/#website\",\"url\":\"https:\/\/exceladvisor.org\/tr\/\",\"name\":\"Excel Advisor\",\"description\":\"Veri hakimiyetine y\u00f6nelik nihai rehberiniz!\",\"publisher\":{\"@id\":\"https:\/\/exceladvisor.org\/tr\/#organization\"},\"potentialAction\":[{\"@type\":\"SearchAction\",\"target\":{\"@type\":\"EntryPoint\",\"urlTemplate\":\"https:\/\/exceladvisor.org\/tr\/?s={search_term_string}\"},\"query-input\":{\"@type\":\"PropertyValueSpecification\",\"valueRequired\":true,\"valueName\":\"search_term_string\"}}],\"inLanguage\":\"tr\"},{\"@type\":\"Organization\",\"@id\":\"https:\/\/exceladvisor.org\/tr\/#organization\",\"name\":\"Excel Advisor\",\"url\":\"https:\/\/exceladvisor.org\/tr\/\",\"logo\":{\"@type\":\"ImageObject\",\"inLanguage\":\"tr\",\"@id\":\"https:\/\/exceladvisor.org\/tr\/#\/schema\/logo\/image\/\",\"url\":\"https:\/\/exceladvisor.org\/tr\/wp-content\/uploads\/2023\/12\/exceladvisor.org_.png\",\"contentUrl\":\"https:\/\/exceladvisor.org\/tr\/wp-content\/uploads\/2023\/12\/exceladvisor.org_.png\",\"width\":105,\"height\":36,\"caption\":\"Excel Advisor\"},\"image\":{\"@id\":\"https:\/\/exceladvisor.org\/tr\/#\/schema\/logo\/image\/\"}}]}<\/script>\n<!-- \/ Yoast SEO plugin. -->","yoast_head_json":{"title":"\u25b7 VBA Acil Penceresi (Debug.Print) nedir?","description":"Bu e\u011fitim, anl\u0131k pencereyi anlaman\u0131za ve bir kod sat\u0131r\u0131n\u0131n sonucunu almak i\u00e7in debug.print komutunu kullanman\u0131za yard\u0131mc\u0131 olur.","robots":{"index":"index","follow":"follow","max-snippet":"max-snippet:-1","max-image-preview":"max-image-preview:large","max-video-preview":"max-video-preview:-1"},"canonical":"https:\/\/exceladvisor.org\/tr\/aninda-pencere-hata-ayiklama-baskisi\/","og_locale":"tr_TR","og_type":"article","og_title":"\u25b7 VBA Acil Penceresi (Debug.Print) nedir?","og_description":"Bu e\u011fitim, anl\u0131k pencereyi anlaman\u0131za ve bir kod sat\u0131r\u0131n\u0131n sonucunu almak i\u00e7in debug.print komutunu kullanman\u0131za yard\u0131mc\u0131 olur.","og_url":"https:\/\/exceladvisor.org\/tr\/aninda-pencere-hata-ayiklama-baskisi\/","og_site_name":"Excel Advisor","article_modified_time":"2023-12-10T06:04:23+00:00","og_image":[{"url":"https:\/\/exceladvisor.org\/wp-content\/uploads\/2023\/08\/1-fenetre-immediate-vba.png","type":"","width":"","height":""}],"twitter_card":"summary_large_image","twitter_misc":{"Tahmini okuma s\u00fcresi":"3 dakika"},"schema":{"@context":"https:\/\/schema.org","@graph":[{"@type":"WebPage","@id":"https:\/\/exceladvisor.org\/tr\/aninda-pencere-hata-ayiklama-baskisi\/","url":"https:\/\/exceladvisor.org\/tr\/aninda-pencere-hata-ayiklama-baskisi\/","name":"\u25b7 VBA Acil Penceresi (Debug.Print) nedir?","isPartOf":{"@id":"https:\/\/exceladvisor.org\/tr\/#website"},"primaryImageOfPage":{"@id":"https:\/\/exceladvisor.org\/tr\/aninda-pencere-hata-ayiklama-baskisi\/#primaryimage"},"image":{"@id":"https:\/\/exceladvisor.org\/tr\/aninda-pencere-hata-ayiklama-baskisi\/#primaryimage"},"thumbnailUrl":"https:\/\/exceladvisor.org\/wp-content\/uploads\/2023\/08\/1-fenetre-immediate-vba.png","datePublished":"2023-09-30T04:10:38+00:00","dateModified":"2023-12-10T06:04:23+00:00","description":"Bu e\u011fitim, anl\u0131k pencereyi anlaman\u0131za ve bir kod sat\u0131r\u0131n\u0131n sonucunu almak i\u00e7in debug.print komutunu kullanman\u0131za yard\u0131mc\u0131 olur.","breadcrumb":{"@id":"https:\/\/exceladvisor.org\/tr\/aninda-pencere-hata-ayiklama-baskisi\/#breadcrumb"},"inLanguage":"tr","potentialAction":[{"@type":"ReadAction","target":["https:\/\/exceladvisor.org\/tr\/aninda-pencere-hata-ayiklama-baskisi\/"]}]},{"@type":"ImageObject","inLanguage":"tr","@id":"https:\/\/exceladvisor.org\/tr\/aninda-pencere-hata-ayiklama-baskisi\/#primaryimage","url":"https:\/\/exceladvisor.org\/wp-content\/uploads\/2023\/08\/1-fenetre-immediate-vba.png","contentUrl":"https:\/\/exceladvisor.org\/wp-content\/uploads\/2023\/08\/1-fenetre-immediate-vba.png"},{"@type":"BreadcrumbList","@id":"https:\/\/exceladvisor.org\/tr\/aninda-pencere-hata-ayiklama-baskisi\/#breadcrumb","itemListElement":[{"@type":"ListItem","position":1,"name":"Ev","item":"https:\/\/exceladvisor.org\/tr\/"},{"@type":"ListItem","position":2,"name":"Immediate window vba: tam resimli k\u0131lavuz"}]},{"@type":"WebSite","@id":"https:\/\/exceladvisor.org\/tr\/#website","url":"https:\/\/exceladvisor.org\/tr\/","name":"Excel Advisor","description":"Veri hakimiyetine y\u00f6nelik nihai rehberiniz!","publisher":{"@id":"https:\/\/exceladvisor.org\/tr\/#organization"},"potentialAction":[{"@type":"SearchAction","target":{"@type":"EntryPoint","urlTemplate":"https:\/\/exceladvisor.org\/tr\/?s={search_term_string}"},"query-input":{"@type":"PropertyValueSpecification","valueRequired":true,"valueName":"search_term_string"}}],"inLanguage":"tr"},{"@type":"Organization","@id":"https:\/\/exceladvisor.org\/tr\/#organization","name":"Excel Advisor","url":"https:\/\/exceladvisor.org\/tr\/","logo":{"@type":"ImageObject","inLanguage":"tr","@id":"https:\/\/exceladvisor.org\/tr\/#\/schema\/logo\/image\/","url":"https:\/\/exceladvisor.org\/tr\/wp-content\/uploads\/2023\/12\/exceladvisor.org_.png","contentUrl":"https:\/\/exceladvisor.org\/tr\/wp-content\/uploads\/2023\/12\/exceladvisor.org_.png","width":105,"height":36,"caption":"Excel Advisor"},"image":{"@id":"https:\/\/exceladvisor.org\/tr\/#\/schema\/logo\/image\/"}}]}},"yoast_meta":{"yoast_wpseo_title":"","yoast_wpseo_metadesc":"","yoast_wpseo_canonical":""},"_links":{"self":[{"href":"https:\/\/exceladvisor.org\/tr\/wp-json\/wp\/v2\/pages\/2129","targetHints":{"allow":["GET"]}}],"collection":[{"href":"https:\/\/exceladvisor.org\/tr\/wp-json\/wp\/v2\/pages"}],"about":[{"href":"https:\/\/exceladvisor.org\/tr\/wp-json\/wp\/v2\/types\/page"}],"author":[{"embeddable":true,"href":"https:\/\/exceladvisor.org\/tr\/wp-json\/wp\/v2\/users\/1"}],"replies":[{"embeddable":true,"href":"https:\/\/exceladvisor.org\/tr\/wp-json\/wp\/v2\/comments?post=2129"}],"version-history":[{"count":1,"href":"https:\/\/exceladvisor.org\/tr\/wp-json\/wp\/v2\/pages\/2129\/revisions"}],"predecessor-version":[{"id":2719,"href":"https:\/\/exceladvisor.org\/tr\/wp-json\/wp\/v2\/pages\/2129\/revisions\/2719"}],"wp:attachment":[{"href":"https:\/\/exceladvisor.org\/tr\/wp-json\/wp\/v2\/media?parent=2129"}],"curies":[{"name":"wp","href":"https:\/\/api.w.org\/{rel}","templated":true}]}}